{"id":10566,"date":"2023-10-19T12:05:59","date_gmt":"2023-10-19T10:05:59","guid":{"rendered":"https:\/\/www.champsblancstest.geek-tonic.dev\/dienstleistungen-camping\/"},"modified":"2023-10-25T14:18:58","modified_gmt":"2023-10-25T12:18:58","slug":"dienstleistungen-camping","status":"publish","type":"page","link":"https:\/\/www.champsblancstest.geek-tonic.dev\/de\/dienstleistungen-camping\/","title":{"rendered":"Dienste"},"content":{"rendered":"<section id=\"ls-section-block_8d8b0b459ff488f36ef6c49aff2d99ea\" class=\"ls-section  home-first page-one\" >\n        <div class=\"container container--full\">\n        \n\n<div class=\"wp-block-columns are-vertically-aligned-center is-layout-flex wp-container-core-columns-is-layout-9d6595d7 wp-block-columns-is-layout-flex\">\n<div class=\"wp-block-column is-vertically-aligned-center is-layout-flow wp-block-column-is-layout-flow\" style=\"flex-basis:53%\">\n<figure class=\"wp-block-gallery has-nested-images columns-default is-cropped animated fadeInLeft slow wp-block-gallery-1 is-layout-flex wp-block-gallery-is-layout-flex\">\n<figure class=\"wp-block-image size-full\"><a href=\"https:\/\/www.champsblancstest.geek-tonic.dev\/wp-content\/uploads\/2023\/10\/champs-blancs-2014-0061.jpg\"><img decoding=\"async\" width=\"1024\" height=\"526\" data-id=\"10356\" src=\"https:\/\/www.champsblancstest.geek-tonic.dev\/wp-content\/uploads\/2023\/10\/champs-blancs-2014-0061.jpg\" alt=\"wei&#xDF;e Felder Staff Animation\" class=\"wp-image-10356\" srcset=\"https:\/\/www.champsblancstest.geek-tonic.dev\/wp-content\/uploads\/2023\/10\/champs-blancs-2014-0061.jpg 1024w, https:\/\/www.champsblancstest.geek-tonic.dev\/wp-content\/uploads\/2023\/10\/champs-blancs-2014-0061-300x154.jpg 300w, https:\/\/www.champsblancstest.geek-tonic.dev\/wp-content\/uploads\/2023\/10\/champs-blancs-2014-0061-768x395.jpg 768w\" sizes=\"(max-width: 1024px) 100vw, 1024px\" \/><\/a><\/figure>\n<\/figure>\n<\/div>\n\n\n\n<div class=\"wp-block-column is-vertically-aligned-center is-layout-flow wp-block-column-is-layout-flow\" style=\"flex-basis:47%\">\n<h1 class=\"ls__heading wp-block-heading\">Campingplatz mit Sterne-Service  <\/h1>\n\n\n\n<h2 class=\"ls__heading wp-block-heading\">Ein Team, das Sie f\u00fchrt<\/h2>\n\n\n\n<p class=\"ls-paragraph\">Das Team des Campingplatzes <a href=\"https:\/\/www.champsblancstest.geek-tonic.dev\/de\/\">Les Champs Blancs in Agde<\/a> steht Ihnen an der Rezeption zur Verf\u00fcgung, um Sie zu beraten und Ihnen Informationen \u00fcber den Campingplatz, seine Aktivit\u00e4ten und die der Umgebung zu geben (Ausfl\u00fcge, M\u00e4rkte, Feuerwerk, Restaurants&#8230;). Unsere verschiedenen Mitarbeiter haben immer Freude daran, Ihnen einen angenehmen Urlaub zu erm\u00f6glichen. <strong>Z\u00f6gern Sie also nicht, uns <\/strong>bei Bedarf <strong>anzufragen <\/strong>!  <\/p>\n<\/div>\n<\/div>\n\n\n    <\/div>\n<\/section><section id=\"ls-section-block_133e01f8ef8c49d4966d96f2057eaed6\" class=\"ls-section  home-first page-two\" >\n        <div class=\"container container--full\">\n        \n\n<div class=\"wp-block-columns are-vertically-aligned-center is-layout-flex wp-container-core-columns-is-layout-9d6595d7 wp-block-columns-is-layout-flex\">\n<div class=\"wp-block-column is-vertically-aligned-center is-layout-flow wp-block-column-is-layout-flow\" style=\"flex-basis:47%\">\n<h2 class=\"ls__heading wp-block-heading\">Ein sicherer Urlaub<\/h2>\n\n\n\n<p class=\"ls-paragraph\">Verbringen Sie Ihren Urlaub in aller Ruhe! Von 12 Uhr bis 6 Uhr morgens <strong>wird der Campingplatz <\/strong>von Beamten bewacht, die auf Ihre Ruhe achten, damit Sie garantiert erholsame N\u00e4chte haben! Au\u00dferdem steht Ihnen ein gro\u00dfer Parkplatz am Eingang des Campingplatzes zur Verf\u00fcgung.  <\/p>\n\n\n\n<h2 class=\"ls__heading wp-block-heading\">Mieten Sie Ihr Fahrrad, um Agde zu entdecken  <\/h2>\n\n\n\n<p class=\"ls-paragraph\">Wie w\u00e4re es mit einer Fahrradtour, um die Umgebung zu erkunden und dabei den Stau zu umgehen? F\u00fcr<strong> Ihre Radtouren durch die Stadt Agde<\/strong> mit der Familie oder mit Freunden k\u00f6nnen Sie an der Rezeption Fahrr\u00e4der (Erwachsene und Kinder) ausleihen. W\u00e4hlen Sie Ihre Formel: halber Tag, ganzer Tag und sogar eine Woche! Preise und weitere Informationen an der Rezeption.<\/p>\n<\/div>\n\n\n\n<div class=\"wp-block-column is-vertically-aligned-center is-layout-flow wp-block-column-is-layout-flow\" style=\"flex-basis:53%\">\n<figure class=\"wp-block-gallery has-nested-images columns-default is-cropped animated fadeInRight slow delay-200ms wp-block-gallery-2 is-layout-flex wp-block-gallery-is-layout-flex\">\n<figure class=\"wp-block-image size-full\"><a href=\"https:\/\/www.champsblancstest.geek-tonic.dev\/wp-content\/uploads\/2023\/09\/camping-espace-detente-vacances-scaled.webp\"><img decoding=\"async\" width=\"2560\" height=\"1662\" data-id=\"8588\" src=\"https:\/\/www.champsblancstest.geek-tonic.dev\/wp-content\/uploads\/2023\/09\/camping-espace-detente-vacances-scaled.webp\" alt=\"camping espace detente vacances\" class=\"wp-image-8588\" srcset=\"https:\/\/www.champsblancstest.geek-tonic.dev\/wp-content\/uploads\/2023\/09\/camping-espace-detente-vacances-scaled.webp 2560w, https:\/\/www.champsblancstest.geek-tonic.dev\/wp-content\/uploads\/2023\/09\/camping-espace-detente-vacances-300x195.webp 300w, https:\/\/www.champsblancstest.geek-tonic.dev\/wp-content\/uploads\/2023\/09\/camping-espace-detente-vacances-1024x665.webp 1024w, https:\/\/www.champsblancstest.geek-tonic.dev\/wp-content\/uploads\/2023\/09\/camping-espace-detente-vacances-768x499.webp 768w, https:\/\/www.champsblancstest.geek-tonic.dev\/wp-content\/uploads\/2023\/09\/camping-espace-detente-vacances-1536x997.webp 1536w, https:\/\/www.champsblancstest.geek-tonic.dev\/wp-content\/uploads\/2023\/09\/camping-espace-detente-vacances-2048x1330.webp 2048w\" sizes=\"(max-width: 2560px) 100vw, 2560px\" \/><\/a><\/figure>\n<\/figure>\n<\/div>\n<\/div>\n\n\n    <\/div>\n<\/section><section id=\"ls-section-block_50e570123614677ddc193bb349dd73aa\" class=\"ls-section  home-sixth page-three has-background-image has-parallax-child\" >\n    <div class=\"ls-section__background-image opacity-100\"><img decoding=\"async\" src=\"https:\/\/www.champsblancstest.geek-tonic.dev\/wp-content\/uploads\/2023\/09\/camping-avec-centre-equestre-scaled.webp\" alt=\"camping mit reitzentrum\"><\/div>    <div class=\"container container--wide\">\n        \n\n<div class=\"wp-block-columns are-vertically-aligned-center is-layout-flex wp-container-core-columns-is-layout-9d6595d7 wp-block-columns-is-layout-flex\">\n<div class=\"wp-block-column is-vertically-aligned-center wp-block-column__text animated fadeInUp delay-100ms slow is-layout-flow wp-block-column-is-layout-flow\" style=\"flex-basis:66.66%\">\n<h2 class=\"ls__heading wp-block-heading\">Sport- und Spielger\u00e4te  <\/h2>\n\n\n\n<p class=\"ls-paragraph\">Auf Anfrage und<strong> kostenlos<\/strong> leiht Ihnen die Rezeption des Campingplatzes Gesellschaftsspiele, B\u00fccher oder auch Tennisschl\u00e4ger, Tischtennisplatten, Fu\u00dfb\u00e4lle, Basketball&#8230; aus, um sich mit der <strong>Familie <\/strong> zu am\u00fcsieren.  <\/p>\n<\/div>\n\n\n\n<div class=\"wp-block-column is-vertically-aligned-center is-layout-flow wp-block-column-is-layout-flow\" style=\"flex-basis:33.33%\">\n<div id=\"ls-heading ls-titre-div-block_87c6cfc38ff8c05872225e8f1f79459b\" class=\"ls-titre-div h1-like\" >\n    Die  <br><strong>richtige Ferien<\/strong> beginnen<\/div>\n<\/div>\n<\/div>\n\n\n    <\/div>\n<\/section><section id=\"ls-section-block_8d8b0b459ff488f36ef6c49aff2d99ea\" class=\"ls-section  home-first page-one\" >\n        <div class=\"container container--full\">\n        \n\n<div class=\"wp-block-columns are-vertically-aligned-center is-layout-flex wp-container-core-columns-is-layout-9d6595d7 wp-block-columns-is-layout-flex\">\n<div class=\"wp-block-column is-vertically-aligned-center is-layout-flow wp-block-column-is-layout-flow\" style=\"flex-basis:53%\">\n<figure class=\"wp-block-gallery has-nested-images columns-default is-cropped animated fadeInLeft slow wp-block-gallery-3 is-layout-flex wp-block-gallery-is-layout-flex\">\n<figure class=\"wp-block-image size-full\"><a href=\"https:\/\/www.champsblancstest.geek-tonic.dev\/wp-content\/uploads\/2023\/09\/mobil-home-confortable-services-camping-scaled.webp\"><img decoding=\"async\" width=\"2560\" height=\"1707\" data-id=\"8610\" src=\"https:\/\/www.champsblancstest.geek-tonic.dev\/wp-content\/uploads\/2023\/09\/mobil-home-confortable-services-camping-scaled.webp\" alt=\"komfortables Mobilheim Dienstleistungen Campingplatz\" class=\"wp-image-8610\" srcset=\"https:\/\/www.champsblancstest.geek-tonic.dev\/wp-content\/uploads\/2023\/09\/mobil-home-confortable-services-camping-scaled.webp 2560w, https:\/\/www.champsblancstest.geek-tonic.dev\/wp-content\/uploads\/2023\/09\/mobil-home-confortable-services-camping-300x200.webp 300w, https:\/\/www.champsblancstest.geek-tonic.dev\/wp-content\/uploads\/2023\/09\/mobil-home-confortable-services-camping-1024x683.webp 1024w, https:\/\/www.champsblancstest.geek-tonic.dev\/wp-content\/uploads\/2023\/09\/mobil-home-confortable-services-camping-768x512.webp 768w, https:\/\/www.champsblancstest.geek-tonic.dev\/wp-content\/uploads\/2023\/09\/mobil-home-confortable-services-camping-1536x1024.webp 1536w, https:\/\/www.champsblancstest.geek-tonic.dev\/wp-content\/uploads\/2023\/09\/mobil-home-confortable-services-camping-2048x1365.webp 2048w\" sizes=\"(max-width: 2560px) 100vw, 2560px\" \/><\/a><\/figure>\n<\/figure>\n<\/div>\n\n\n\n<div class=\"wp-block-column is-vertically-aligned-center is-layout-flow wp-block-column-is-layout-flow\" style=\"flex-basis:47%\">\n<h2 class=\"ls__heading wp-block-heading\">Versch\u00f6nern Sie Ihre Unterkunft  <\/h2>\n\n\n\n<p class=\"ls-paragraph\">Um Ihren Koffer zu erleichtern, bietet Ihnen der Campingplatz die M\u00f6glichkeit, Einzel- oder<strong> Doppelbettw\u00e4sche<\/strong>, Handt\u00fccher oder ein <strong>Babyset <\/strong>(Regenschirmbett ohne Matratze, Badewanne, Hochstuhl) zu<strong> mieten<\/strong>.  <\/p>\n\n\n\n<p class=\"ls-paragraph\">Mit unseren verschiedenen Partnern k\u00f6nnen Sie Ihren Aufenthalt komfortabler gestalten, indem Sie Fernseher, K\u00fchlschr\u00e4nke und Klimaanlagen mieten, die direkt an Ihren Stellplatz geliefert werden.<\/p>\n<\/div>\n<\/div>\n\n\n    <\/div>\n<\/section><section id=\"ls-section-block_133e01f8ef8c49d4966d96f2057eaed6\" class=\"ls-section  home-first page-two\" >\n        <div class=\"container container--full\">\n        \n\n<div class=\"wp-block-columns are-vertically-aligned-center is-layout-flex wp-container-core-columns-is-layout-9d6595d7 wp-block-columns-is-layout-flex\">\n<div class=\"wp-block-column is-vertically-aligned-center is-layout-flow wp-block-column-is-layout-flow\" style=\"flex-basis:47%\">\n<h2 class=\"ls__heading wp-block-heading\">Wie zu Hause  <\/h2>\n\n\n\n<p class=\"ls-paragraph\">Im Waschsalon <strong>des Campingplatzes<\/strong> finden Sie Waschmaschinen und einen W\u00e4schetrockner. Dank des B\u00fcgeltisches und des B\u00fcgeleisens k\u00f6nnen Sie sogar Ihre sch\u00f6nsten Outfits b\u00fcgeln!<\/p>\n\n\n\n<p class=\"ls-paragraph\">Als Urlauber auf einem nackten Stellplatz haben Sie au\u00dferdem Zugang zu einem modernen <strong>Sanit\u00e4rblock <\/strong>mit mehreren Duschen und Toiletten.  <\/p>\n\n\n\n<p class=\"ls-paragraph\"><strong>Wifi ist <\/strong>auf dem gesamten Campingplatz <strong>kostenlos <\/strong>und ohne Code <strong>verf\u00fcgbar <\/strong>.<\/p>\n\n\n\n<p class=\"ls-paragraph\">Bevor Sie wieder losfahren, k\u00f6nnen Sie Ihr Elektroauto an einer unserer speziellen und sicheren Ladestationen aufladen! Um Neuigkeiten von deinen Freunden zu erhalten, empfange deine Briefe\/Pakete direkt auf dem Campingplatz dank unseres Postfachs an der Rezeption! Sie k\u00f6nnen sogar einfache Briefe abgeben und der Campingplatz k\u00fcmmert sich um den Versand. Au\u00dferdem werden Postkarten und nationale\/internationale Briefmarken zum Verkauf angeboten.<\/p>\n<\/div>\n\n\n\n<div class=\"wp-block-column is-vertically-aligned-center is-layout-flow wp-block-column-is-layout-flow\" style=\"flex-basis:53%\">\n<figure class=\"wp-block-gallery has-nested-images columns-default is-cropped animated fadeInRight slow delay-200ms wp-block-gallery-4 is-layout-flex wp-block-gallery-is-layout-flex\">\n<figure class=\"wp-block-image size-full\"><a href=\"https:\/\/www.champsblancstest.geek-tonic.dev\/wp-content\/uploads\/2023\/09\/camping-5-toiles-les-champs-blancs.webp\"><img decoding=\"async\" width=\"2560\" height=\"1920\" data-id=\"8593\" src=\"https:\/\/www.champsblancstest.geek-tonic.dev\/wp-content\/uploads\/2023\/09\/camping-5-toiles-les-champs-blancs.webp\" alt=\"camping 5 toiles les champs blancs\" class=\"wp-image-8593\" srcset=\"https:\/\/www.champsblancstest.geek-tonic.dev\/wp-content\/uploads\/2023\/09\/camping-5-toiles-les-champs-blancs.webp 2560w, https:\/\/www.champsblancstest.geek-tonic.dev\/wp-content\/uploads\/2023\/09\/camping-5-toiles-les-champs-blancs-300x225.webp 300w, https:\/\/www.champsblancstest.geek-tonic.dev\/wp-content\/uploads\/2023\/09\/camping-5-toiles-les-champs-blancs-1024x768.webp 1024w, https:\/\/www.champsblancstest.geek-tonic.dev\/wp-content\/uploads\/2023\/09\/camping-5-toiles-les-champs-blancs-768x576.webp 768w, https:\/\/www.champsblancstest.geek-tonic.dev\/wp-content\/uploads\/2023\/09\/camping-5-toiles-les-champs-blancs-1536x1152.webp 1536w, https:\/\/www.champsblancstest.geek-tonic.dev\/wp-content\/uploads\/2023\/09\/camping-5-toiles-les-champs-blancs-2048x1536.webp 2048w\" sizes=\"(max-width: 2560px) 100vw, 2560px\" \/><\/a><\/figure>\n<\/figure>\n<\/div>\n<\/div>\n\n\n    <\/div>\n<\/section><section id=\"ls-section-block_ef395e685b4e2bd17baf01930f2e480b\" class=\"ls-section  page-four animated fadeInUp slow delay-100ms\" >\n        <div class=\"container container--wide\">\n        \n\n<div id=\"ls-heading ls-titre-div-block_043faae7830bf1013003a36411620502\" class=\"ls-titre-div aligncenter h2-like\" >\n    Entdecken Sie unseren Wasserpark, unsere Animationen und unsere Restaurants  <\/div>\n\n\n<div id=\"ls-maillage-block_cf4d3b441f4533db2e86f9e9757d89d1\" class=\"ls-maillage cta-style-normal\" data-rows=\"3\">\n    <div class=\"wp-block-columns\"><div class=\"wp-block-column\"><div class=\"ls-cta\">\n\n<a href=\"https:\/\/www.champsblancstest.geek-tonic.dev\/de\/campingplatz-animation-cap-agde\/\" target=\"\" rel=\"noopener\" class=\"ls-cta__link\">\n\n\t<div class=\"ls-cta__image\"><img decoding=\"async\" src=\"https:\/\/www.champsblancstest.geek-tonic.dev\/wp-content\/uploads\/2023\/09\/club-enfant-camping-agde-768x474.webp\" alt=\"kinderclub camping agde\"><\/div>\n\t<div class=\"ls-cta__title\">\n\t\t<span class=\"champs-blancs-coin-droit\"><\/span>\n\t\tAnimationen und Auff\u00fchrungen\t\t<span class=\"champs-blancs-arrow-down\"><\/span>\n\t<\/div>\n\n\t\n<\/a><\/div><\/div><div class=\"wp-block-column\"><div class=\"ls-cta\">\n\n<a href=\"https:\/\/www.champsblancstest.geek-tonic.dev\/de\/campingplatz-badelandschaft-cap-agde\/\" target=\"\" rel=\"noopener\" class=\"ls-cta__link\">\n\n\t<div class=\"ls-cta__image\"><img decoding=\"async\" src=\"https:\/\/www.champsblancstest.geek-tonic.dev\/wp-content\/uploads\/2023\/10\/camping-avec-parc-aquatique-agde-1-768x1152.webp\" alt=\"campingplatz mit wasserpark agde\"><\/div>\n\t<div class=\"ls-cta__title\">\n\t\t<span class=\"champs-blancs-coin-droit\"><\/span>\n\t\tDer Pool\t\t<span class=\"champs-blancs-arrow-down\"><\/span>\n\t<\/div>\n\n\t\n<\/a><\/div><\/div><div class=\"wp-block-column\"><div class=\"ls-cta\">\n\n<a href=\"https:\/\/www.champsblancstest.geek-tonic.dev\/de\/restaurant-agde\/\" target=\"\" rel=\"noopener\" class=\"ls-cta__link\">\n\n\t<div class=\"ls-cta__image\"><img decoding=\"async\" src=\"https:\/\/www.champsblancstest.geek-tonic.dev\/wp-content\/uploads\/2023\/09\/restaurant-cap-agde-768x513.webp\" alt=\"restaurant cap agde\"><\/div>\n\t<div class=\"ls-cta__title\">\n\t\t<span class=\"champs-blancs-coin-droit\"><\/span>\n\t\tVerpflegung\t\t<span class=\"champs-blancs-arrow-down\"><\/span>\n\t<\/div>\n\n\t\n<\/a><\/div><\/div><\/div><\/div>\n\n    <\/div>\n<\/section>","protected":false},"excerpt":{"rendered":"","protected":false},"author":1,"featured_media":8623,"parent":0,"menu_order":0,"comment_status":"closed","ping_status":"closed","template":"","meta":{"_acf_changed":false,"footnotes":""},"sujet":[],"class_list":["post-10566","page","type-page","status-publish","has-post-thumbnail","hentry"],"acf":[],"yoast_head":"<!-- This site is optimized with the Yoast SEO plugin v22.6 - https:\/\/yoast.com\/wordpress\/plugins\/seo\/ -->\n<title>5-Sterne-Dienstleistungen Les Champs Blancs All-Inclusive-Aufenthalt in Cap d&#039;Agde<\/title>\n<meta name=\"description\" content=\"Entdecken Sie den 5-Sterne-Service des Campingplatzes Les Champs Blancs in Agde.\" \/>\n<meta name=\"robots\" content=\"noindex, follow, max-snippet:-1, max-image-preview:large, max-video-preview:-1\" \/>\n<meta property=\"og:locale\" content=\"de_DE\" \/>\n<meta property=\"og:type\" content=\"article\" \/>\n<meta property=\"og:title\" content=\"5-Sterne-Dienstleistungen Les Champs Blancs All-Inclusive-Aufenthalt in Cap d&#039;Agde\" \/>\n<meta property=\"og:description\" content=\"Entdecken Sie den 5-Sterne-Service des Campingplatzes Les Champs Blancs in Agde.\" \/>\n<meta property=\"og:url\" content=\"https:\/\/www.champsblancstest.geek-tonic.dev\/fr\/services-camping\/\" \/>\n<meta property=\"og:site_name\" content=\"Les Champs Blancs\" \/>\n<meta property=\"article:modified_time\" content=\"2023-10-25T12:18:58+00:00\" \/>\n<meta property=\"og:image\" content=\"https:\/\/www.champsblancstest.geek-tonic.dev\/wp-content\/uploads\/2023\/09\/camping-5-etoiles-cap-adge-1-scaled.webp\" \/>\n\t<meta property=\"og:image:width\" content=\"2560\" \/>\n\t<meta property=\"og:image:height\" content=\"1707\" \/>\n\t<meta property=\"og:image:type\" content=\"image\/webp\" \/>\n<meta name=\"twitter:card\" content=\"summary_large_image\" \/>\n<meta name=\"twitter:label1\" content=\"Gesch\u00e4tzte Lesezeit\" \/>\n\t<meta name=\"twitter:data1\" content=\"2\u00a0Minuten\" \/>\n<script type=\"application\/ld+json\" class=\"yoast-schema-graph\">{\"@context\":\"https:\/\/schema.org\",\"@graph\":[{\"@type\":\"WebPage\",\"@id\":\"https:\/\/www.champsblancstest.geek-tonic.dev\/fr\/services-camping\/\",\"url\":\"https:\/\/www.champsblancstest.geek-tonic.dev\/fr\/services-camping\/\",\"name\":\"5-Sterne-Dienstleistungen Les Champs Blancs All-Inclusive-Aufenthalt in Cap d'Agde\",\"isPartOf\":{\"@id\":\"https:\/\/www.champsblancstest.geek-tonic.dev\/fr\/#website\"},\"primaryImageOfPage\":{\"@id\":\"https:\/\/www.champsblancstest.geek-tonic.dev\/fr\/services-camping\/#primaryimage\"},\"image\":{\"@id\":\"https:\/\/www.champsblancstest.geek-tonic.dev\/fr\/services-camping\/#primaryimage\"},\"thumbnailUrl\":\"https:\/\/www.champsblancstest.geek-tonic.dev\/wp-content\/uploads\/2023\/09\/camping-5-etoiles-cap-adge-1-scaled.webp\",\"datePublished\":\"2023-10-19T10:05:59+00:00\",\"dateModified\":\"2023-10-25T12:18:58+00:00\",\"description\":\"Entdecken Sie den 5-Sterne-Service des Campingplatzes Les Champs Blancs in Agde.\",\"breadcrumb\":{\"@id\":\"https:\/\/www.champsblancstest.geek-tonic.dev\/fr\/services-camping\/#breadcrumb\"},\"inLanguage\":\"de\",\"potentialAction\":[{\"@type\":\"ReadAction\",\"target\":[\"https:\/\/www.champsblancstest.geek-tonic.dev\/fr\/services-camping\/\"]}]},{\"@type\":\"ImageObject\",\"inLanguage\":\"de\",\"@id\":\"https:\/\/www.champsblancstest.geek-tonic.dev\/fr\/services-camping\/#primaryimage\",\"url\":\"https:\/\/www.champsblancstest.geek-tonic.dev\/wp-content\/uploads\/2023\/09\/camping-5-etoiles-cap-adge-1-scaled.webp\",\"contentUrl\":\"https:\/\/www.champsblancstest.geek-tonic.dev\/wp-content\/uploads\/2023\/09\/camping-5-etoiles-cap-adge-1-scaled.webp\",\"width\":2560,\"height\":1707,\"caption\":\"5-Sterne-Campingplatz cap adge\"},{\"@type\":\"BreadcrumbList\",\"@id\":\"https:\/\/www.champsblancstest.geek-tonic.dev\/fr\/services-camping\/#breadcrumb\",\"itemListElement\":[{\"@type\":\"ListItem\",\"position\":1,\"name\":\"Campingplatz Cap d'Agde\",\"item\":\"https:\/\/www.champsblancstest.geek-tonic.dev\/fr\/\"},{\"@type\":\"ListItem\",\"position\":2,\"name\":\"Dienste\"}]},{\"@type\":\"WebSite\",\"@id\":\"https:\/\/www.champsblancstest.geek-tonic.dev\/fr\/#website\",\"url\":\"https:\/\/www.champsblancstest.geek-tonic.dev\/fr\/\",\"name\":\"Les Champs Blancs\",\"description\":\"\",\"publisher\":{\"@id\":\"https:\/\/www.champsblancstest.geek-tonic.dev\/fr\/#organization\"},\"potentialAction\":[{\"@type\":\"SearchAction\",\"target\":{\"@type\":\"EntryPoint\",\"urlTemplate\":\"https:\/\/www.champsblancstest.geek-tonic.dev\/fr\/?s={search_term_string}\"},\"query-input\":\"required name=search_term_string\"}],\"inLanguage\":\"de\"},{\"@type\":\"Organization\",\"@id\":\"https:\/\/www.champsblancstest.geek-tonic.dev\/fr\/#organization\",\"name\":\"Les Champs Blancs\",\"url\":\"https:\/\/www.champsblancstest.geek-tonic.dev\/fr\/\",\"logo\":{\"@type\":\"ImageObject\",\"inLanguage\":\"de\",\"@id\":\"https:\/\/www.champsblancstest.geek-tonic.dev\/fr\/#\/schema\/logo\/image\/\",\"url\":\"https:\/\/www.champsblancstest.geek-tonic.dev\/wp-content\/uploads\/2023\/07\/logo-blanc-camping-les-champs-blancs.webp\",\"contentUrl\":\"https:\/\/www.champsblancstest.geek-tonic.dev\/wp-content\/uploads\/2023\/07\/logo-blanc-camping-les-champs-blancs.webp\",\"width\":821,\"height\":657,\"caption\":\"Les Champs Blancs\"},\"image\":{\"@id\":\"https:\/\/www.champsblancstest.geek-tonic.dev\/fr\/#\/schema\/logo\/image\/\"}}]}<\/script>\n<!-- \/ Yoast SEO plugin. -->","yoast_head_json":{"title":"5-Sterne-Dienstleistungen Les Champs Blancs All-Inclusive-Aufenthalt in Cap d'Agde","description":"Entdecken Sie den 5-Sterne-Service des Campingplatzes Les Champs Blancs in Agde.","robots":{"index":"noindex","follow":"follow","max-snippet":"max-snippet:-1","max-image-preview":"max-image-preview:large","max-video-preview":"max-video-preview:-1"},"og_locale":"de_DE","og_type":"article","og_title":"5-Sterne-Dienstleistungen Les Champs Blancs All-Inclusive-Aufenthalt in Cap d'Agde","og_description":"Entdecken Sie den 5-Sterne-Service des Campingplatzes Les Champs Blancs in Agde.","og_url":"https:\/\/www.champsblancstest.geek-tonic.dev\/fr\/services-camping\/","og_site_name":"Les Champs Blancs","article_modified_time":"2023-10-25T12:18:58+00:00","og_image":[{"width":2560,"height":1707,"url":"https:\/\/www.champsblancstest.geek-tonic.dev\/wp-content\/uploads\/2023\/09\/camping-5-etoiles-cap-adge-1-scaled.webp","type":"image\/webp"}],"twitter_card":"summary_large_image","twitter_misc":{"Gesch\u00e4tzte Lesezeit":"2\u00a0Minuten"},"schema":{"@context":"https:\/\/schema.org","@graph":[{"@type":"WebPage","@id":"https:\/\/www.champsblancstest.geek-tonic.dev\/fr\/services-camping\/","url":"https:\/\/www.champsblancstest.geek-tonic.dev\/fr\/services-camping\/","name":"5-Sterne-Dienstleistungen Les Champs Blancs All-Inclusive-Aufenthalt in Cap d'Agde","isPartOf":{"@id":"https:\/\/www.champsblancstest.geek-tonic.dev\/fr\/#website"},"primaryImageOfPage":{"@id":"https:\/\/www.champsblancstest.geek-tonic.dev\/fr\/services-camping\/#primaryimage"},"image":{"@id":"https:\/\/www.champsblancstest.geek-tonic.dev\/fr\/services-camping\/#primaryimage"},"thumbnailUrl":"https:\/\/www.champsblancstest.geek-tonic.dev\/wp-content\/uploads\/2023\/09\/camping-5-etoiles-cap-adge-1-scaled.webp","datePublished":"2023-10-19T10:05:59+00:00","dateModified":"2023-10-25T12:18:58+00:00","description":"Entdecken Sie den 5-Sterne-Service des Campingplatzes Les Champs Blancs in Agde.","breadcrumb":{"@id":"https:\/\/www.champsblancstest.geek-tonic.dev\/fr\/services-camping\/#breadcrumb"},"inLanguage":"de","potentialAction":[{"@type":"ReadAction","target":["https:\/\/www.champsblancstest.geek-tonic.dev\/fr\/services-camping\/"]}]},{"@type":"ImageObject","inLanguage":"de","@id":"https:\/\/www.champsblancstest.geek-tonic.dev\/fr\/services-camping\/#primaryimage","url":"https:\/\/www.champsblancstest.geek-tonic.dev\/wp-content\/uploads\/2023\/09\/camping-5-etoiles-cap-adge-1-scaled.webp","contentUrl":"https:\/\/www.champsblancstest.geek-tonic.dev\/wp-content\/uploads\/2023\/09\/camping-5-etoiles-cap-adge-1-scaled.webp","width":2560,"height":1707,"caption":"5-Sterne-Campingplatz cap adge"},{"@type":"BreadcrumbList","@id":"https:\/\/www.champsblancstest.geek-tonic.dev\/fr\/services-camping\/#breadcrumb","itemListElement":[{"@type":"ListItem","position":1,"name":"Campingplatz Cap d'Agde","item":"https:\/\/www.champsblancstest.geek-tonic.dev\/fr\/"},{"@type":"ListItem","position":2,"name":"Dienste"}]},{"@type":"WebSite","@id":"https:\/\/www.champsblancstest.geek-tonic.dev\/fr\/#website","url":"https:\/\/www.champsblancstest.geek-tonic.dev\/fr\/","name":"Les Champs Blancs","description":"","publisher":{"@id":"https:\/\/www.champsblancstest.geek-tonic.dev\/fr\/#organization"},"potentialAction":[{"@type":"SearchAction","target":{"@type":"EntryPoint","urlTemplate":"https:\/\/www.champsblancstest.geek-tonic.dev\/fr\/?s={search_term_string}"},"query-input":"required name=search_term_string"}],"inLanguage":"de"},{"@type":"Organization","@id":"https:\/\/www.champsblancstest.geek-tonic.dev\/fr\/#organization","name":"Les Champs Blancs","url":"https:\/\/www.champsblancstest.geek-tonic.dev\/fr\/","logo":{"@type":"ImageObject","inLanguage":"de","@id":"https:\/\/www.champsblancstest.geek-tonic.dev\/fr\/#\/schema\/logo\/image\/","url":"https:\/\/www.champsblancstest.geek-tonic.dev\/wp-content\/uploads\/2023\/07\/logo-blanc-camping-les-champs-blancs.webp","contentUrl":"https:\/\/www.champsblancstest.geek-tonic.dev\/wp-content\/uploads\/2023\/07\/logo-blanc-camping-les-champs-blancs.webp","width":821,"height":657,"caption":"Les Champs Blancs"},"image":{"@id":"https:\/\/www.champsblancstest.geek-tonic.dev\/fr\/#\/schema\/logo\/image\/"}}]}},"_links":{"self":[{"href":"https:\/\/www.champsblancstest.geek-tonic.dev\/de\/wp-json\/wp\/v2\/pages\/10566","targetHints":{"allow":["GET"]}}],"collection":[{"href":"https:\/\/www.champsblancstest.geek-tonic.dev\/de\/wp-json\/wp\/v2\/pages"}],"about":[{"href":"https:\/\/www.champsblancstest.geek-tonic.dev\/de\/wp-json\/wp\/v2\/types\/page"}],"author":[{"embeddable":true,"href":"https:\/\/www.champsblancstest.geek-tonic.dev\/de\/wp-json\/wp\/v2\/users\/1"}],"replies":[{"embeddable":true,"href":"https:\/\/www.champsblancstest.geek-tonic.dev\/de\/wp-json\/wp\/v2\/comments?post=10566"}],"version-history":[{"count":1,"href":"https:\/\/www.champsblancstest.geek-tonic.dev\/de\/wp-json\/wp\/v2\/pages\/10566\/revisions"}],"predecessor-version":[{"id":10573,"href":"https:\/\/www.champsblancstest.geek-tonic.dev\/de\/wp-json\/wp\/v2\/pages\/10566\/revisions\/10573"}],"wp:featuredmedia":[{"embeddable":true,"href":"https:\/\/www.champsblancstest.geek-tonic.dev\/de\/wp-json\/wp\/v2\/media\/8623"}],"wp:attachment":[{"href":"https:\/\/www.champsblancstest.geek-tonic.dev\/de\/wp-json\/wp\/v2\/media?parent=10566"}],"wp:term":[{"taxonomy":"sujet","embeddable":true,"href":"https:\/\/www.champsblancstest.geek-tonic.dev\/de\/wp-json\/wp\/v2\/sujet?post=10566"}],"curies":[{"name":"wp","href":"https:\/\/api.w.org\/{rel}","templated":true}]}}