{"id":10590,"date":"2023-10-19T12:06:03","date_gmt":"2023-10-19T10:06:03","guid":{"rendered":"https:\/\/www.champsblancstest.geek-tonic.dev\/vermietung-mobil-home-premium-cap-agde\/"},"modified":"2023-11-15T14:58:51","modified_gmt":"2023-11-15T13:58:51","slug":"premium-mobilheim-unterkunft-cap-agde","status":"publish","type":"page","link":"https:\/\/www.champsblancstest.geek-tonic.dev\/de\/premium-mobilheim-unterkunft-cap-agde\/","title":{"rendered":"Mobilheim Premium"},"content":{"rendered":"<section id=\"ls-section-block_66d150a28507dd7e224d2a8f70955bf1\" class=\"ls-section  m-t-4 has-background has-color-3-background-color\" >\n        <div class=\"container \">\n        \n\n<h1 class=\"ls__heading wp-block-heading has-text-align-center h1-hebergements m-b-3\">Mieten Sie Ihr Premium-Mobilheim im <strong>S\u00fcden in Agde<\/strong><\/h1>\n\n\n\n<div id=\"ls-hebergements-block_b0bf0744a89165ff2d279713c05db5c1\" class=\"ls-hebergements\" >\n    \n    <div class=\"ls-customizer\">\n\n    <div class=\"ls-customizer__filters\">\n        <div class=\"ls-customizer__filters__close\">\n            <i class=\"fas fa-times\"><\/i>\n        <\/div>\n\n        <div class=\"ls-customizer__filters__title\">\n            <b>Filter<\/b>\n            <span class=\"ls-customizer__filters__clear\"><i class=\"fas fa-times\"><\/i> Filter l\u00f6schen<\/span>\n        <\/div>\n\n                \n        <!-- Filtres ACF fields -->\n        \n                                <!-- Filtre nombre_de_personnes -->\n                        <div class=\"filter\" id=\"filter-nombre_de_personnes\">\n                <div class=\"filter__title\">Maximale Kapazit\u00e4t<i class=\"champs-blancs-fleche-bas\"><\/i><\/div>\n                <fieldset data-filter=\"nombre_de_personnes\" data-operator=\"<=\" class=\"input\">\n\n                    <div><input type=\"radio\" name=\"nombre_de_personnes\" id=\"nombre_de_personnes-all\"  class=\"checkbox\" \/><label for='nombre_de_personnes-all'>Tous<\/label><\/div><div><input type=\"radio\" name=\"nombre_de_personnes\" id=\"nombre_de_personnes-4\" value=\"4\" class=\"checkbox\"  \/><label for='nombre_de_personnes-4'>Bis zu 4 pers.<\/label><\/div><div><input type=\"radio\" name=\"nombre_de_personnes\" id=\"nombre_de_personnes-5\" value=\"5\" class=\"checkbox\"  \/><label for='nombre_de_personnes-5'>Bis zu 5 pers.<\/label><\/div><div><input type=\"radio\" name=\"nombre_de_personnes\" id=\"nombre_de_personnes-6\" value=\"6\" class=\"checkbox\"  \/><label for='nombre_de_personnes-6'>Bis zu 6 pers.<\/label><\/div><div><input type=\"radio\" name=\"nombre_de_personnes\" id=\"nombre_de_personnes-8\" value=\"8\" class=\"checkbox\"  \/><label for='nombre_de_personnes-8'>Bis zu 8 pers.<\/label><\/div>                <\/fieldset>\n            <\/div>\n                                <!-- Filtre nombre_de_chambres -->\n                        <div class=\"filter\" id=\"filter-nombre_de_chambres\">\n                <div class=\"filter__title\">Anzahl der Zimmer<i class=\"champs-blancs-fleche-bas\"><\/i><\/div>\n                <fieldset data-filter=\"nombre_de_chambres\" data-operator=\"==\" class=\"input\">\n\n                    <div><input type=\"radio\" name=\"nombre_de_chambres\" id=\"nombre_de_chambres-all\"  class=\"checkbox\" \/><label for='nombre_de_chambres-all'>Tous<\/label><\/div><div><input type=\"radio\" name=\"nombre_de_chambres\" id=\"nombre_de_chambres-2\" value=\"2\" class=\"checkbox\"  \/><label for='nombre_de_chambres-2'>2<\/label><\/div>                <\/fieldset>\n            <\/div>\n                    \n        \n    <\/div>\n\n    <div class=\"ls-customizer__orders\">\n        <i class=\"fas fa-sort\"><\/i>\n        <select class=\"select-order\">\n            <option selected value=\"\">Sortieren nach<\/option>\n            <option value=\"price-asc\">Preis aufsteigend<\/option>\n            <option value=\"price-desc\">Preis absteigend<\/option>\n        <\/select>\n    <\/div>\n\n<\/div><div class=\"ls-hebergements__results\" data-row=\"3\" data-campings=\"false\" data-types=\"[48]\"><\/div><\/div>\n\n\n<p class=\"ls-paragraph has-text-align-center\"><em>&#8222;Fotos nicht vertraglich bindend&#8220;<\/em><\/p>\n\n\n    <\/div>\n<\/section><section id=\"ls-section-block_eb3b26ac89d83bbfe060d8510b7e0299\" class=\"ls-section  home-first page-one\" >\n        <div class=\"container container--full\">\n        \n\n<div class=\"wp-block-columns are-vertically-aligned-center is-layout-flex wp-container-core-columns-is-layout-9d6595d7 wp-block-columns-is-layout-flex\">\n<div class=\"wp-block-column is-vertically-aligned-center is-layout-flow wp-block-column-is-layout-flow\" style=\"flex-basis:53%\">\n<figure class=\"wp-block-gallery has-nested-images columns-default is-cropped animated fadeInLeft slow wp-block-gallery-1 is-layout-flex wp-block-gallery-is-layout-flex\">\n<figure class=\"wp-block-image size-full\"><a href=\"https:\/\/www.champsblancstest.geek-tonic.dev\/wp-content\/uploads\/2023\/09\/camping-premium-cap-agde.webp\"><img decoding=\"async\" width=\"2560\" height=\"1920\" data-id=\"8679\" src=\"https:\/\/www.champsblancstest.geek-tonic.dev\/wp-content\/uploads\/2023\/09\/camping-premium-cap-agde.webp\" alt=\"camping premium cap agde\" class=\"wp-image-8679\" srcset=\"https:\/\/www.champsblancstest.geek-tonic.dev\/wp-content\/uploads\/2023\/09\/camping-premium-cap-agde.webp 2560w, https:\/\/www.champsblancstest.geek-tonic.dev\/wp-content\/uploads\/2023\/09\/camping-premium-cap-agde-300x225.webp 300w, https:\/\/www.champsblancstest.geek-tonic.dev\/wp-content\/uploads\/2023\/09\/camping-premium-cap-agde-1024x768.webp 1024w, https:\/\/www.champsblancstest.geek-tonic.dev\/wp-content\/uploads\/2023\/09\/camping-premium-cap-agde-768x576.webp 768w, https:\/\/www.champsblancstest.geek-tonic.dev\/wp-content\/uploads\/2023\/09\/camping-premium-cap-agde-1536x1152.webp 1536w, https:\/\/www.champsblancstest.geek-tonic.dev\/wp-content\/uploads\/2023\/09\/camping-premium-cap-agde-2048x1536.webp 2048w\" sizes=\"(max-width: 2560px) 100vw, 2560px\" \/><\/a><\/figure>\n<\/figure>\n<\/div>\n\n\n\n<div class=\"wp-block-column is-vertically-aligned-center is-layout-flow wp-block-column-is-layout-flow\" style=\"flex-basis:47%\">\n<h2 class=\"ls__heading wp-block-heading\">Luxuri\u00f6ses Mobilheim f\u00fcr einen komfortablen Urlaub  <\/h2>\n\n\n\n<p class=\"ls-paragraph\">Gro\u00dfer Luxus, sonst nichts Sind Sie auch dieser Meinung? Das Team des <a href=\"https:\/\/www.champsblancstest.geek-tonic.dev\/de\/\">Campingplatzes Resort les Champs Blancs in Agde<\/a> im Departement H\u00e9rault l\u00e4dt Sie zu einem Aufenthalt in einem <strong>Premium-Mobilheim<\/strong> ein. Einfach oder <a href=\"https:\/\/www.champsblancstest.geek-tonic.dev\/de\/camping-mit-jacuzzi-privat\/\">mit Whirlpool<\/a>? Die Entscheidung liegt bei Ihnen.<\/p>\n\n\n\n<p class=\"ls-paragraph\">Sind Ihre Termine flexibel? Nehmen Sie sich die Zeit, <a href=\"https:\/\/www.champsblancstest.geek-tonic.dev\/de\/gunstiger-campingplatz-agde\/\">unsere Wochen- und unsere in der Hoch- und Nebensaison zu vergleichen<\/a> und sich unsere <strong>Sonderangebote<\/strong> anzusehen, damit Sie sich ein <strong>Mobilheim<\/strong> oder ein <strong>Chalet <\/strong>mit gehobenem Standard leisten k\u00f6nnen, ohne sich \u00fcber Ihren Geldbeutel zu \u00e4rgern!<\/p>\n<\/div>\n<\/div>\n\n\n    <\/div>\n<\/section><section id=\"ls-section-block_85565dd1260a75264c6a38a0b9028434\" class=\"ls-section  home-first page-two\" >\n        <div class=\"container container--full\">\n        \n\n<div class=\"wp-block-columns are-vertically-aligned-center is-layout-flex wp-container-core-columns-is-layout-9d6595d7 wp-block-columns-is-layout-flex\">\n<div class=\"wp-block-column is-vertically-aligned-center is-layout-flow wp-block-column-is-layout-flow\" style=\"flex-basis:47%\">\n<h2 class=\"ls__heading wp-block-heading\">Vergleichen Sie unsere Premium-Mobilheime  <\/h2>\n\n\n\n<ul class=\"ls-list wp-block-list\">\n<li><strong>Mobilheim Luxe 5 Personen (2 Schlafzimmer):<\/strong> Sie werden \u00fcber die sch\u00f6ne Verarbeitung, die intelligent in das helle Wohnzimmer integrierte K\u00fcche und vor allem \u00fcber die moderne Ausstattung (Fernseher, Klimaanlage, Geschirrsp\u00fcler) staunen.<\/li>\n\n\n\n<li><strong>Mobilheim Luxe 6 Personen (3 Schlafzimmer):<\/strong> Dieses Mobilheim beinhaltet die gleiche Ausstattung wie das Mobilheim Luxe 5 Personen, hat aber ein zus\u00e4tzliches Schlafzimmer, um Ihnen mehr Privatsph\u00e4re zu bieten.<\/li>\n\n\n\n<li><strong>Mobilheim Luxe 8 Personen (4 Schlafzimmer):<\/strong> Ein <strong>XXL-Mobilheim<\/strong>, das ideal ist, wenn Sie ein Mietobjekt am Meer f\u00fcr ein Wochenende mit der ganzen Familie suchen.<\/li>\n\n\n\n<li><strong>Mobilheim Luxe Baln\u00e9o 6 oder 8 Personen:<\/strong> Die Cr\u00e8me de la Cr\u00e8me f\u00fcr anspruchsvolle Urlauber, die ihr eigenes Spa besitzen m\u00f6chten. Nach Ihrer Wasserskitaufe vor Vias-Plage, Ihrer Fahrradtour entlang des Canal du Midi oder Ihrer Wanderung durch den regionalen Naturpark Haut Languedoc werden Sie nur noch eines wollen: sich in Ihrem  <strong>privater integrierter Whirlpool auf Ihrer Terrasse  <\/strong>Holen Sie den Champagner und die Kerzen hervor, wir k\u00fcmmern uns um den Rest.<\/li>\n<\/ul>\n<\/div>\n\n\n\n<div class=\"wp-block-column is-vertically-aligned-center is-layout-flow wp-block-column-is-layout-flow\" style=\"flex-basis:53%\">\n<figure class=\"wp-block-gallery has-nested-images columns-default is-cropped animated fadeInRight slow delay-200ms wp-block-gallery-2 is-layout-flex wp-block-gallery-is-layout-flex\">\n<figure class=\"wp-block-image size-full\"><a href=\"https:\/\/www.champsblancstest.geek-tonic.dev\/wp-content\/uploads\/2023\/09\/camping-resort-les-champs-blancs160-scaled.webp\"><img decoding=\"async\" width=\"2560\" height=\"1707\" data-id=\"8689\" src=\"https:\/\/www.champsblancstest.geek-tonic.dev\/wp-content\/uploads\/2023\/09\/camping-resort-les-champs-blancs160-scaled.webp\" alt=\"camping resort les champs blancs160\" class=\"wp-image-8689\" srcset=\"https:\/\/www.champsblancstest.geek-tonic.dev\/wp-content\/uploads\/2023\/09\/camping-resort-les-champs-blancs160-scaled.webp 2560w, https:\/\/www.champsblancstest.geek-tonic.dev\/wp-content\/uploads\/2023\/09\/camping-resort-les-champs-blancs160-300x200.webp 300w, https:\/\/www.champsblancstest.geek-tonic.dev\/wp-content\/uploads\/2023\/09\/camping-resort-les-champs-blancs160-1024x683.webp 1024w, https:\/\/www.champsblancstest.geek-tonic.dev\/wp-content\/uploads\/2023\/09\/camping-resort-les-champs-blancs160-768x512.webp 768w, https:\/\/www.champsblancstest.geek-tonic.dev\/wp-content\/uploads\/2023\/09\/camping-resort-les-champs-blancs160-1536x1024.webp 1536w, https:\/\/www.champsblancstest.geek-tonic.dev\/wp-content\/uploads\/2023\/09\/camping-resort-les-champs-blancs160-2048x1365.webp 2048w\" sizes=\"(max-width: 2560px) 100vw, 2560px\" \/><\/a><\/figure>\n<\/figure>\n<\/div>\n<\/div>\n\n\n    <\/div>\n<\/section><section id=\"ls-section-block_2b8dd2716c1e9b9dddccf85c97305170\" class=\"ls-section  page-four animated fadeInUp slow delay-100ms\" >\n        <div class=\"container container--wide\">\n        \n\n<div id=\"ls-heading ls-titre-div-block_6394d91328f53ad05e317f3dceac3978\" class=\"ls-titre-div aligncenter h2-like\" >\n    Entdecken Sie unsere anderen Mietunterk\u00fcnfte und Stellpl\u00e4tze<\/div>\n\n\n<div id=\"ls-maillage-block_4326f21dd0e57f1b4c10f1737f530ebb\" class=\"ls-maillage cta-style-normal\" data-rows=\"5\">\n    <div class=\"wp-block-columns\"><div class=\"wp-block-column\"><div class=\"ls-cta\">\n\n<a href=\"https:\/\/www.champsblancstest.geek-tonic.dev\/de\/camping-mit-jacuzzi-privat\/\" target=\"\" rel=\"noopener\" class=\"ls-cta__link\">\n\n\t<div class=\"ls-cta__image\"><img decoding=\"async\" src=\"https:\/\/www.champsblancstest.geek-tonic.dev\/wp-content\/uploads\/2023\/09\/mobil-home-jacuzzi2-768x512.webp\" alt=\"mobilheim jacuzzi2\"><\/div>\n\t<div class=\"ls-cta__title\">\n\t\t<span class=\"champs-blancs-coin-droit\"><\/span>\n\t\tMobilheim mit eigenem Whirlpool\t\t<span class=\"champs-blancs-arrow-down\"><\/span>\n\t<\/div>\n\n\t\n<\/a><\/div><\/div><div class=\"wp-block-column\"><div class=\"ls-cta\">\n\n<a href=\"https:\/\/www.champsblancstest.geek-tonic.dev\/de\/vermietung-chalet-cap-agde\/\" target=\"\" rel=\"noopener\" class=\"ls-cta__link\">\n\n\t<div class=\"ls-cta__image\"><img decoding=\"async\" src=\"https:\/\/www.champsblancstest.geek-tonic.dev\/wp-content\/uploads\/2023\/09\/location-chalet-cap-agde-768x512.webp\" alt=\"vermietung chalet cap agde\"><\/div>\n\t<div class=\"ls-cta__title\">\n\t\t<span class=\"champs-blancs-coin-droit\"><\/span>\n\t\tDie Chalets\t\t<span class=\"champs-blancs-arrow-down\"><\/span>\n\t<\/div>\n\n\t\n<\/a><\/div><\/div><div class=\"wp-block-column\"><div class=\"ls-cta\">\n\n<a href=\"https:\/\/www.champsblancstest.geek-tonic.dev\/de\/gunstiger-campingplatz-agde\/\" target=\"\" rel=\"noopener\" class=\"ls-cta__link\">\n\n\t<div class=\"ls-cta__image\"><img decoding=\"async\" src=\"https:\/\/www.champsblancstest.geek-tonic.dev\/wp-content\/uploads\/2023\/09\/camping-pas-cher-bord-de-mer-768x1152.webp\" alt=\"billiger campingplatz meeresk\u00fcste\"><\/div>\n\t<div class=\"ls-cta__title\">\n\t\t<span class=\"champs-blancs-coin-droit\"><\/span>\n\t\tTarife\t\t<span class=\"champs-blancs-arrow-down\"><\/span>\n\t<\/div>\n\n\t\n<\/a><\/div><\/div><div class=\"wp-block-column\"><div class=\"ls-cta\">\n\n<a href=\"https:\/\/www.champsblancstest.geek-tonic.dev\/de\/premium-campingurlaub-agde\/\" target=\"\" rel=\"noopener\" class=\"ls-cta__link\">\n\n\t<div class=\"ls-cta__image\"><img decoding=\"async\" src=\"https:\/\/www.champsblancstest.geek-tonic.dev\/wp-content\/uploads\/2023\/09\/sanitaire-prive-emplacement-camping-agde.webp\" alt=\"private sanit\u00e4ranlage campingplatz agde\"><\/div>\n\t<div class=\"ls-cta__title\">\n\t\t<span class=\"champs-blancs-coin-droit\"><\/span>\n\t\tPremium-Pl\u00e4tze\t\t<span class=\"champs-blancs-arrow-down\"><\/span>\n\t<\/div>\n\n\t\n<\/a><\/div><\/div><div class=\"wp-block-column\"><div class=\"ls-cta\">\n\n<a href=\"https:\/\/www.champsblancstest.geek-tonic.dev\/de\/unterkunfte-mobilheime-cap-agde\/\" target=\"\" rel=\"noopener\" class=\"ls-cta__link\">\n\n\t<div class=\"ls-cta__image\"><img decoding=\"async\" src=\"https:\/\/www.champsblancstest.geek-tonic.dev\/wp-content\/uploads\/2023\/09\/location-vacances-cap-agde-768x463.webp\" alt=\"vermietung von ferien cap agde\"><\/div>\n\t<div class=\"ls-cta__title\">\n\t\t<span class=\"champs-blancs-coin-droit\"><\/span>\n\t\tMobil Home\t\t<span class=\"champs-blancs-arrow-down\"><\/span>\n\t<\/div>\n\n\t\n<\/a><\/div><\/div><\/div><\/div>\n\n    <\/div>\n<\/section>","protected":false},"excerpt":{"rendered":"","protected":false},"author":1,"featured_media":8712,"parent":0,"menu_order":0,"comment_status":"closed","ping_status":"closed","template":"","meta":{"_acf_changed":false,"footnotes":""},"sujet":[],"class_list":["post-10590","page","type-page","status-publish","has-post-thumbnail","hentry"],"acf":[],"yoast_head":"<!-- This site is optimized with the Yoast SEO plugin v22.6 - https:\/\/yoast.com\/wordpress\/plugins\/seo\/ -->\n<title>Mobilheim Premium Luxe Cap Agde | Mobilheim Cottage mit Jacuzzi | 34<\/title>\n<meta name=\"description\" content=\"Entdecken Sie unseren Luxus-Campingplatz in Cap d&#039;Agde f\u00fcr einen Urlaub der Extraklasse! Auf unserem 5-Sterne-Campingplatz stehen Ihnen mehrere Premium-Mobilheime zur Verf\u00fcgung.\" \/>\n<meta name=\"robots\" content=\"noindex, follow, max-snippet:-1, max-image-preview:large, max-video-preview:-1\" \/>\n<meta property=\"og:locale\" content=\"de_DE\" \/>\n<meta property=\"og:type\" content=\"article\" \/>\n<meta property=\"og:title\" content=\"Mobilheim Premium Luxe Cap Agde | Mobilheim Cottage mit Jacuzzi | 34\" \/>\n<meta property=\"og:description\" content=\"Entdecken Sie unseren Luxus-Campingplatz in Cap d&#039;Agde f\u00fcr einen Urlaub der Extraklasse! Auf unserem 5-Sterne-Campingplatz stehen Ihnen mehrere Premium-Mobilheime zur Verf\u00fcgung.\" \/>\n<meta property=\"og:url\" content=\"https:\/\/www.champsblancstest.geek-tonic.dev\/fr\/location-mobil-home-premium-cap-agde\/\" \/>\n<meta property=\"og:site_name\" content=\"Les Champs Blancs\" \/>\n<meta property=\"article:modified_time\" content=\"2023-11-15T13:58:51+00:00\" \/>\n<meta property=\"og:image\" content=\"https:\/\/www.champsblancstest.geek-tonic.dev\/wp-content\/uploads\/2023\/09\/location-mobil-home-premium-cap-agde-1.webp\" \/>\n\t<meta property=\"og:image:width\" content=\"1600\" \/>\n\t<meta property=\"og:image:height\" content=\"400\" \/>\n\t<meta property=\"og:image:type\" content=\"image\/webp\" \/>\n<meta name=\"twitter:card\" content=\"summary_large_image\" \/>\n<meta name=\"twitter:label1\" content=\"Gesch\u00e4tzte Lesezeit\" \/>\n\t<meta name=\"twitter:data1\" content=\"2\u00a0Minuten\" \/>\n<script type=\"application\/ld+json\" class=\"yoast-schema-graph\">{\"@context\":\"https:\/\/schema.org\",\"@graph\":[{\"@type\":\"WebPage\",\"@id\":\"https:\/\/www.champsblancstest.geek-tonic.dev\/fr\/location-mobil-home-premium-cap-agde\/\",\"url\":\"https:\/\/www.champsblancstest.geek-tonic.dev\/fr\/location-mobil-home-premium-cap-agde\/\",\"name\":\"Mobilheim Premium Luxe Cap Agde | Mobilheim Cottage mit Jacuzzi | 34\",\"isPartOf\":{\"@id\":\"https:\/\/www.champsblancstest.geek-tonic.dev\/fr\/#website\"},\"primaryImageOfPage\":{\"@id\":\"https:\/\/www.champsblancstest.geek-tonic.dev\/fr\/location-mobil-home-premium-cap-agde\/#primaryimage\"},\"image\":{\"@id\":\"https:\/\/www.champsblancstest.geek-tonic.dev\/fr\/location-mobil-home-premium-cap-agde\/#primaryimage\"},\"thumbnailUrl\":\"https:\/\/www.champsblancstest.geek-tonic.dev\/wp-content\/uploads\/2023\/09\/location-mobil-home-premium-cap-agde-1.webp\",\"datePublished\":\"2023-10-19T10:06:03+00:00\",\"dateModified\":\"2023-11-15T13:58:51+00:00\",\"description\":\"Entdecken Sie unseren Luxus-Campingplatz in Cap d'Agde f\u00fcr einen Urlaub der Extraklasse! Auf unserem 5-Sterne-Campingplatz stehen Ihnen mehrere Premium-Mobilheime zur Verf\u00fcgung.\",\"breadcrumb\":{\"@id\":\"https:\/\/www.champsblancstest.geek-tonic.dev\/fr\/location-mobil-home-premium-cap-agde\/#breadcrumb\"},\"inLanguage\":\"de\",\"potentialAction\":[{\"@type\":\"ReadAction\",\"target\":[\"https:\/\/www.champsblancstest.geek-tonic.dev\/fr\/location-mobil-home-premium-cap-agde\/\"]}]},{\"@type\":\"ImageObject\",\"inLanguage\":\"de\",\"@id\":\"https:\/\/www.champsblancstest.geek-tonic.dev\/fr\/location-mobil-home-premium-cap-agde\/#primaryimage\",\"url\":\"https:\/\/www.champsblancstest.geek-tonic.dev\/wp-content\/uploads\/2023\/09\/location-mobil-home-premium-cap-agde-1.webp\",\"contentUrl\":\"https:\/\/www.champsblancstest.geek-tonic.dev\/wp-content\/uploads\/2023\/09\/location-mobil-home-premium-cap-agde-1.webp\",\"width\":1600,\"height\":400,\"caption\":\"vermietung mobilheim premium cap agde\"},{\"@type\":\"BreadcrumbList\",\"@id\":\"https:\/\/www.champsblancstest.geek-tonic.dev\/fr\/location-mobil-home-premium-cap-agde\/#breadcrumb\",\"itemListElement\":[{\"@type\":\"ListItem\",\"position\":1,\"name\":\"Campingplatz Cap d'Agde\",\"item\":\"https:\/\/www.champsblancstest.geek-tonic.dev\/fr\/\"},{\"@type\":\"ListItem\",\"position\":2,\"name\":\"Mobilheim Luxe Cap Agde\"}]},{\"@type\":\"WebSite\",\"@id\":\"https:\/\/www.champsblancstest.geek-tonic.dev\/fr\/#website\",\"url\":\"https:\/\/www.champsblancstest.geek-tonic.dev\/fr\/\",\"name\":\"Les Champs Blancs\",\"description\":\"\",\"publisher\":{\"@id\":\"https:\/\/www.champsblancstest.geek-tonic.dev\/fr\/#organization\"},\"potentialAction\":[{\"@type\":\"SearchAction\",\"target\":{\"@type\":\"EntryPoint\",\"urlTemplate\":\"https:\/\/www.champsblancstest.geek-tonic.dev\/fr\/?s={search_term_string}\"},\"query-input\":\"required name=search_term_string\"}],\"inLanguage\":\"de\"},{\"@type\":\"Organization\",\"@id\":\"https:\/\/www.champsblancstest.geek-tonic.dev\/fr\/#organization\",\"name\":\"Les Champs Blancs\",\"url\":\"https:\/\/www.champsblancstest.geek-tonic.dev\/fr\/\",\"logo\":{\"@type\":\"ImageObject\",\"inLanguage\":\"de\",\"@id\":\"https:\/\/www.champsblancstest.geek-tonic.dev\/fr\/#\/schema\/logo\/image\/\",\"url\":\"https:\/\/www.champsblancstest.geek-tonic.dev\/wp-content\/uploads\/2023\/07\/logo-blanc-camping-les-champs-blancs.webp\",\"contentUrl\":\"https:\/\/www.champsblancstest.geek-tonic.dev\/wp-content\/uploads\/2023\/07\/logo-blanc-camping-les-champs-blancs.webp\",\"width\":821,\"height\":657,\"caption\":\"Les Champs Blancs\"},\"image\":{\"@id\":\"https:\/\/www.champsblancstest.geek-tonic.dev\/fr\/#\/schema\/logo\/image\/\"}}]}<\/script>\n<!-- \/ Yoast SEO plugin. -->","yoast_head_json":{"title":"Mobilheim Premium Luxe Cap Agde | Mobilheim Cottage mit Jacuzzi | 34","description":"Entdecken Sie unseren Luxus-Campingplatz in Cap d'Agde f\u00fcr einen Urlaub der Extraklasse! Auf unserem 5-Sterne-Campingplatz stehen Ihnen mehrere Premium-Mobilheime zur Verf\u00fcgung.","robots":{"index":"noindex","follow":"follow","max-snippet":"max-snippet:-1","max-image-preview":"max-image-preview:large","max-video-preview":"max-video-preview:-1"},"og_locale":"de_DE","og_type":"article","og_title":"Mobilheim Premium Luxe Cap Agde | Mobilheim Cottage mit Jacuzzi | 34","og_description":"Entdecken Sie unseren Luxus-Campingplatz in Cap d'Agde f\u00fcr einen Urlaub der Extraklasse! Auf unserem 5-Sterne-Campingplatz stehen Ihnen mehrere Premium-Mobilheime zur Verf\u00fcgung.","og_url":"https:\/\/www.champsblancstest.geek-tonic.dev\/fr\/location-mobil-home-premium-cap-agde\/","og_site_name":"Les Champs Blancs","article_modified_time":"2023-11-15T13:58:51+00:00","og_image":[{"width":1600,"height":400,"url":"https:\/\/www.champsblancstest.geek-tonic.dev\/wp-content\/uploads\/2023\/09\/location-mobil-home-premium-cap-agde-1.webp","type":"image\/webp"}],"twitter_card":"summary_large_image","twitter_misc":{"Gesch\u00e4tzte Lesezeit":"2\u00a0Minuten"},"schema":{"@context":"https:\/\/schema.org","@graph":[{"@type":"WebPage","@id":"https:\/\/www.champsblancstest.geek-tonic.dev\/fr\/location-mobil-home-premium-cap-agde\/","url":"https:\/\/www.champsblancstest.geek-tonic.dev\/fr\/location-mobil-home-premium-cap-agde\/","name":"Mobilheim Premium Luxe Cap Agde | Mobilheim Cottage mit Jacuzzi | 34","isPartOf":{"@id":"https:\/\/www.champsblancstest.geek-tonic.dev\/fr\/#website"},"primaryImageOfPage":{"@id":"https:\/\/www.champsblancstest.geek-tonic.dev\/fr\/location-mobil-home-premium-cap-agde\/#primaryimage"},"image":{"@id":"https:\/\/www.champsblancstest.geek-tonic.dev\/fr\/location-mobil-home-premium-cap-agde\/#primaryimage"},"thumbnailUrl":"https:\/\/www.champsblancstest.geek-tonic.dev\/wp-content\/uploads\/2023\/09\/location-mobil-home-premium-cap-agde-1.webp","datePublished":"2023-10-19T10:06:03+00:00","dateModified":"2023-11-15T13:58:51+00:00","description":"Entdecken Sie unseren Luxus-Campingplatz in Cap d'Agde f\u00fcr einen Urlaub der Extraklasse! Auf unserem 5-Sterne-Campingplatz stehen Ihnen mehrere Premium-Mobilheime zur Verf\u00fcgung.","breadcrumb":{"@id":"https:\/\/www.champsblancstest.geek-tonic.dev\/fr\/location-mobil-home-premium-cap-agde\/#breadcrumb"},"inLanguage":"de","potentialAction":[{"@type":"ReadAction","target":["https:\/\/www.champsblancstest.geek-tonic.dev\/fr\/location-mobil-home-premium-cap-agde\/"]}]},{"@type":"ImageObject","inLanguage":"de","@id":"https:\/\/www.champsblancstest.geek-tonic.dev\/fr\/location-mobil-home-premium-cap-agde\/#primaryimage","url":"https:\/\/www.champsblancstest.geek-tonic.dev\/wp-content\/uploads\/2023\/09\/location-mobil-home-premium-cap-agde-1.webp","contentUrl":"https:\/\/www.champsblancstest.geek-tonic.dev\/wp-content\/uploads\/2023\/09\/location-mobil-home-premium-cap-agde-1.webp","width":1600,"height":400,"caption":"vermietung mobilheim premium cap agde"},{"@type":"BreadcrumbList","@id":"https:\/\/www.champsblancstest.geek-tonic.dev\/fr\/location-mobil-home-premium-cap-agde\/#breadcrumb","itemListElement":[{"@type":"ListItem","position":1,"name":"Campingplatz Cap d'Agde","item":"https:\/\/www.champsblancstest.geek-tonic.dev\/fr\/"},{"@type":"ListItem","position":2,"name":"Mobilheim Luxe Cap Agde"}]},{"@type":"WebSite","@id":"https:\/\/www.champsblancstest.geek-tonic.dev\/fr\/#website","url":"https:\/\/www.champsblancstest.geek-tonic.dev\/fr\/","name":"Les Champs Blancs","description":"","publisher":{"@id":"https:\/\/www.champsblancstest.geek-tonic.dev\/fr\/#organization"},"potentialAction":[{"@type":"SearchAction","target":{"@type":"EntryPoint","urlTemplate":"https:\/\/www.champsblancstest.geek-tonic.dev\/fr\/?s={search_term_string}"},"query-input":"required name=search_term_string"}],"inLanguage":"de"},{"@type":"Organization","@id":"https:\/\/www.champsblancstest.geek-tonic.dev\/fr\/#organization","name":"Les Champs Blancs","url":"https:\/\/www.champsblancstest.geek-tonic.dev\/fr\/","logo":{"@type":"ImageObject","inLanguage":"de","@id":"https:\/\/www.champsblancstest.geek-tonic.dev\/fr\/#\/schema\/logo\/image\/","url":"https:\/\/www.champsblancstest.geek-tonic.dev\/wp-content\/uploads\/2023\/07\/logo-blanc-camping-les-champs-blancs.webp","contentUrl":"https:\/\/www.champsblancstest.geek-tonic.dev\/wp-content\/uploads\/2023\/07\/logo-blanc-camping-les-champs-blancs.webp","width":821,"height":657,"caption":"Les Champs Blancs"},"image":{"@id":"https:\/\/www.champsblancstest.geek-tonic.dev\/fr\/#\/schema\/logo\/image\/"}}]}},"_links":{"self":[{"href":"https:\/\/www.champsblancstest.geek-tonic.dev\/de\/wp-json\/wp\/v2\/pages\/10590","targetHints":{"allow":["GET"]}}],"collection":[{"href":"https:\/\/www.champsblancstest.geek-tonic.dev\/de\/wp-json\/wp\/v2\/pages"}],"about":[{"href":"https:\/\/www.champsblancstest.geek-tonic.dev\/de\/wp-json\/wp\/v2\/types\/page"}],"author":[{"embeddable":true,"href":"https:\/\/www.champsblancstest.geek-tonic.dev\/de\/wp-json\/wp\/v2\/users\/1"}],"replies":[{"embeddable":true,"href":"https:\/\/www.champsblancstest.geek-tonic.dev\/de\/wp-json\/wp\/v2\/comments?post=10590"}],"version-history":[{"count":3,"href":"https:\/\/www.champsblancstest.geek-tonic.dev\/de\/wp-json\/wp\/v2\/pages\/10590\/revisions"}],"predecessor-version":[{"id":15656,"href":"https:\/\/www.champsblancstest.geek-tonic.dev\/de\/wp-json\/wp\/v2\/pages\/10590\/revisions\/15656"}],"wp:featuredmedia":[{"embeddable":true,"href":"https:\/\/www.champsblancstest.geek-tonic.dev\/de\/wp-json\/wp\/v2\/media\/8712"}],"wp:attachment":[{"href":"https:\/\/www.champsblancstest.geek-tonic.dev\/de\/wp-json\/wp\/v2\/media?parent=10590"}],"wp:term":[{"taxonomy":"sujet","embeddable":true,"href":"https:\/\/www.champsblancstest.geek-tonic.dev\/de\/wp-json\/wp\/v2\/sujet?post=10590"}],"curies":[{"name":"wp","href":"https:\/\/api.w.org\/{rel}","templated":true}]}}