{"id":10592,"date":"2023-10-19T12:06:03","date_gmt":"2023-10-19T10:06:03","guid":{"rendered":"https:\/\/www.champsblancstest.geek-tonic.dev\/restaurant-agde\/"},"modified":"2023-10-30T11:48:13","modified_gmt":"2023-10-30T10:48:13","slug":"restaurant-agde","status":"publish","type":"page","link":"https:\/\/www.champsblancstest.geek-tonic.dev\/de\/restaurant-agde\/","title":{"rendered":"Verpflegung"},"content":{"rendered":"<section id=\"ls-section-block_a268b87f980c37691db700df41f934a5\" class=\"ls-section  home-first page-one\" >\n        <div class=\"container container--full\">\n        \n\n<div class=\"wp-block-columns are-vertically-aligned-center is-layout-flex wp-container-core-columns-is-layout-9d6595d7 wp-block-columns-is-layout-flex\">\n<div class=\"wp-block-column is-vertically-aligned-center is-layout-flow wp-block-column-is-layout-flow\" style=\"flex-basis:53%\">\n<figure class=\"wp-block-gallery has-nested-images columns-default is-cropped animated fadeInLeft slow wp-block-gallery-1 is-layout-flex wp-block-gallery-is-layout-flex\">\n<figure class=\"wp-block-image size-full\"><a href=\"https:\/\/www.champsblancstest.geek-tonic.dev\/wp-content\/uploads\/2023\/09\/jardin-restaurant-doligny-scaled.webp\"><img decoding=\"async\" width=\"2560\" height=\"1707\" data-id=\"8538\" src=\"https:\/\/www.champsblancstest.geek-tonic.dev\/wp-content\/uploads\/2023\/09\/jardin-restaurant-doligny-scaled.webp\" alt=\"garten restaurant doligny\" class=\"wp-image-8538\" srcset=\"https:\/\/www.champsblancstest.geek-tonic.dev\/wp-content\/uploads\/2023\/09\/jardin-restaurant-doligny-scaled.webp 2560w, https:\/\/www.champsblancstest.geek-tonic.dev\/wp-content\/uploads\/2023\/09\/jardin-restaurant-doligny-300x200.webp 300w, https:\/\/www.champsblancstest.geek-tonic.dev\/wp-content\/uploads\/2023\/09\/jardin-restaurant-doligny-1024x683.webp 1024w, https:\/\/www.champsblancstest.geek-tonic.dev\/wp-content\/uploads\/2023\/09\/jardin-restaurant-doligny-768x512.webp 768w, https:\/\/www.champsblancstest.geek-tonic.dev\/wp-content\/uploads\/2023\/09\/jardin-restaurant-doligny-1536x1024.webp 1536w, https:\/\/www.champsblancstest.geek-tonic.dev\/wp-content\/uploads\/2023\/09\/jardin-restaurant-doligny-2048x1365.webp 2048w\" sizes=\"(max-width: 2560px) 100vw, 2560px\" \/><\/a><\/figure>\n<\/figure>\n<\/div>\n\n\n\n<div class=\"wp-block-column is-vertically-aligned-center is-layout-flow wp-block-column-is-layout-flow\" style=\"flex-basis:47%\">\n<h1 class=\"ls__heading wp-block-heading\">Restaurants in Cap d&#8217;Agde<\/h1>\n\n\n\n<p class=\"ls-paragraph\"><strong>Das Doligny<\/strong> ist eine geschmackliche Klammer in einem tropischen Garten. Er wurde nach dem K\u00fcnstlernamen der Gr\u00fcnderin des Campingplatzes benannt, die als Kontorsionistin in internationalen Zirkussen t\u00e4tig war. Dieses <strong>Restaurant in Agde<\/strong> liegt inmitten eines tropischen Gartens und bietet eine <strong>traditionelle Speisekarte<\/strong>, Men\u00fcs mit Vorspeise, Hauptgericht und Dessert sowie Vorschl\u00e4ge. Jeden Tag legt der K\u00fcchenchef zusammen mit seinem Team Hand an und zaubert je nach Lust und Laune zwei Vorspeisen, zwei Hauptgerichte und zwei Desserts.<\/p>\n\n\n\n<p class=\"ls-paragraph\">In der Lounge des Restaurants k\u00f6nnen Sie auch einfach nur ein Dessert oder einen Cocktail im <strong>tropischen Garten <\/strong>genie\u00dfen. Informieren Sie sich vor Ort \u00fcber die<strong> \u00d6ffnungstage und -zeiten <\/strong>. In der Saison an einem Tag pro Woche geschlossen.  <br\/><em>\u00d6ffnungszeiten und -tage der Gesch\u00e4fte variieren je nach Saison<\/em><\/p>\n<\/div>\n<\/div>\n\n\n    <\/div>\n<\/section><section id=\"pooltime\" class=\"ls-section  home-first page-two\" >\n        <div class=\"container container--full\">\n        \n\n<div class=\"wp-block-columns are-vertically-aligned-center is-layout-flex wp-container-core-columns-is-layout-9d6595d7 wp-block-columns-is-layout-flex\">\n<div class=\"wp-block-column is-vertically-aligned-center is-layout-flow wp-block-column-is-layout-flow\" style=\"flex-basis:47%\">\n<h2 class=\"ls__heading wp-block-heading\">Das Restaurant Pool Time<\/h2>\n\n\n\n<p class=\"ls-paragraph\"><strong>Mittagessen mit Aussicht!<\/strong><br\/>Das Pool Time ist ein<strong> Restaurant in Cap d&#8217;Agde <\/strong>, das Sie jeden Mittag zu einem Mittagessen auf der Terrasse gegen\u00fcber dem Pool empf\u00e4ngt.<\/p>\n\n\n\n<p class=\"ls-paragraph\">Genie\u00dfen Sie eine Auswahl an Gerichten und Vorschl\u00e4gen, die nach den W\u00fcnschen des K\u00fcchenchefs zubereitet werden.  <\/p>\n\n\n\n<p class=\"ls-paragraph\"><strong>An der Bar einen originellen Cocktail schl\u00fcrfen.<\/strong><\/p>\n\n\n\n<p class=\"ls-paragraph\">Um einen Kaffee zu trinken oder einen von den Barkeepern zubereiteten Cocktail zu schl\u00fcrfen, k\u00f6nnen Sie die Bar des <a href=\"https:\/\/www.champsblancstest.geek-tonic.dev\/de\/\">Campingplatzes Les Champs Blancs<\/a> aufsuchen, die in der Saison <strong>sieben Tage die Woche<\/strong> von 8 Uhr bis Mitternacht <strong>ge\u00f6ffnet<\/strong> ist.<\/p>\n\n\n\n<p class=\"ls-paragraph\">Die Teams werden Ihnen die <strong>gro\u00dfen Klassiker <\/strong> anbieten: vom Mojito \u00fcber Caipirinha bis hin zu Pina Colada oder dem ber\u00fchmten Tequila Sunrise.<\/p>\n\n\n\n<p class=\"ls-paragraph\">Informieren Sie sich vor Ort \u00fcber die \u00d6ffnungstage und -zeiten. In der Nebensaison an einem Tag pro Woche geschlossen.  <\/p>\n\n\n\n<p class=\"ls-paragraph\"><em>\u00d6ffnungszeiten und -tage der Gesch\u00e4fte variieren je nach Saison<\/em><\/p>\n<\/div>\n\n\n\n<div class=\"wp-block-column is-vertically-aligned-center is-layout-flow wp-block-column-is-layout-flow\" style=\"flex-basis:53%\">\n<figure class=\"wp-block-gallery has-nested-images columns-default is-cropped animated fadeInRight slow delay-200ms wp-block-gallery-2 is-layout-flex wp-block-gallery-is-layout-flex\">\n<figure class=\"wp-block-image size-full\"><a href=\"https:\/\/www.champsblancstest.geek-tonic.dev\/wp-content\/uploads\/2023\/10\/restaurant-le-pool-time-agde.jpg\"><img decoding=\"async\" width=\"1440\" height=\"961\" data-id=\"10171\" src=\"https:\/\/www.champsblancstest.geek-tonic.dev\/wp-content\/uploads\/2023\/10\/restaurant-le-pool-time-agde.jpg\" alt=\"restaurant le pool time agde\" class=\"wp-image-10171\" srcset=\"https:\/\/www.champsblancstest.geek-tonic.dev\/wp-content\/uploads\/2023\/10\/restaurant-le-pool-time-agde.jpg 1440w, https:\/\/www.champsblancstest.geek-tonic.dev\/wp-content\/uploads\/2023\/10\/restaurant-le-pool-time-agde-300x200.jpg 300w, https:\/\/www.champsblancstest.geek-tonic.dev\/wp-content\/uploads\/2023\/10\/restaurant-le-pool-time-agde-1024x683.jpg 1024w, https:\/\/www.champsblancstest.geek-tonic.dev\/wp-content\/uploads\/2023\/10\/restaurant-le-pool-time-agde-768x513.jpg 768w\" sizes=\"(max-width: 1440px) 100vw, 1440px\" \/><\/a><\/figure>\n<\/figure>\n<\/div>\n<\/div>\n\n\n    <\/div>\n<\/section><section id=\"ls-section-block_56f29042b07d12e8fb7c3e361835c052\" class=\"ls-section  home-sixth page-three has-background-image has-parallax-child\" >\n    <div class=\"ls-section__background-image opacity-100\"><img decoding=\"async\" src=\"https:\/\/www.champsblancstest.geek-tonic.dev\/wp-content\/uploads\/2023\/09\/restaurant-cap-agde-scaled.webp\" alt=\"restaurant cap agde\"><\/div>    <div class=\"container container--wide\">\n        \n\n<div class=\"wp-block-columns are-vertically-aligned-center is-layout-flex wp-container-core-columns-is-layout-9d6595d7 wp-block-columns-is-layout-flex\">\n<div class=\"wp-block-column is-vertically-aligned-center wp-block-column__text animated fadeInUp delay-100ms slow is-layout-flow wp-block-column-is-layout-flow\" style=\"flex-basis:66.66%\">\n<h2 class=\"ls__heading wp-block-heading\">Das Feinschmeckerangebot: Snack &#8211; Eisdiele &#8211; Lebensmittelgesch\u00e4ft &#8211; Pizzeria<\/h2>\n\n\n\n<p class=\"ls-paragraph\">Urlaub reimt sich auf Gaumenfreuden.<\/p>\n\n\n\n<p class=\"ls-paragraph\">Ab 8 Uhr und den ganzen Tag \u00fcber verw\u00f6hnt Sie die <strong>B\u00e4ckerei des Campingplatzes<\/strong> mit vor Ort gebackenem Brot und Geb\u00e4ck. In Ihrer Mietunterkunft oder auf der Terrasse der Pool Time gegen\u00fcber dem Pool, das Fr\u00fchst\u00fcck wird Sie in guter Form bringen, um die sportlichen Sitzungen in Angriff zu nehmen!<\/p>\n\n\n\n<p class=\"ls-paragraph\">Mit einer gro\u00dfen Auswahl an <strong>Geschmacksrichtungen<\/strong> und <strong>Impulseis<\/strong> werden Sie zwangsl\u00e4ufig einem k\u00fchlen Moment unter der gesch\u00fctzten Terrasse der Bar verfallen. Am Abend k\u00f6nnen Sie eine Pizza genie\u00dfen, die von unseren K\u00fcchenteams zubereitet und gebacken wird. Je nach Ihrem Geschmack werden unsere <strong>Pizzen die ganze Familie<\/strong> verw\u00f6hnen!<\/p>\n\n\n\n<p class=\"ls-paragraph\">Der Vival-Lebensmittelladen empf\u00e4ngt Sie auch <strong>w\u00e4hrend der Saison von 8.00 bis 22.00 Uhr<\/strong> und bietet Ihnen ein umfassendes Angebot f\u00fcr Ihren t\u00e4glichen Bedarf.<br\/><br\/><em>\u00d6ffnungszeiten und -tage der Gesch\u00e4fte variieren je nach Saison<\/em><\/p>\n<\/div>\n\n\n\n<div class=\"wp-block-column is-vertically-aligned-center is-layout-flow wp-block-column-is-layout-flow\" style=\"flex-basis:33.33%\">\n<div id=\"ls-heading ls-titre-div-block_f29b7163e7094135be5edb38820090a9\" class=\"ls-titre-div h1-like\" >\n    Platz in  <br><strong>die V\u00f6llerei<\/strong><\/div>\n<\/div>\n<\/div>\n\n\n    <\/div>\n<\/section><section id=\"ls-section-block_a082463be26c1f5bc586d2ae967a12e4\" class=\"ls-section  page-four animated fadeInUp slow delay-100ms\" >\n        <div class=\"container container--wide\">\n        \n\n<div id=\"ls-heading ls-titre-div-block_3a5e5cb5ef4e91f98df60ef478d46aa7\" class=\"ls-titre-div aligncenter h2-like\" >\n    Entdecken Sie unseren Wasserpark, unsere Animationen und unsere Dienstleistungen<\/div>\n\n\n<div id=\"ls-maillage-block_74cb941ba0e97e799ff75d0ee8383682\" class=\"ls-maillage cta-style-normal\" data-rows=\"3\">\n    <div class=\"wp-block-columns\"><div class=\"wp-block-column\"><div class=\"ls-cta\">\n\n<a href=\"https:\/\/www.champsblancstest.geek-tonic.dev\/de\/campingplatz-animation-cap-agde\/\" target=\"\" rel=\"noopener\" class=\"ls-cta__link\">\n\n\t<div class=\"ls-cta__image\"><img decoding=\"async\" src=\"https:\/\/www.champsblancstest.geek-tonic.dev\/wp-content\/uploads\/2023\/09\/club-enfant-camping-agde-768x474.webp\" alt=\"kinderclub camping agde\"><\/div>\n\t<div class=\"ls-cta__title\">\n\t\t<span class=\"champs-blancs-coin-droit\"><\/span>\n\t\tAnimationen und Auff\u00fchrungen\t\t<span class=\"champs-blancs-arrow-down\"><\/span>\n\t<\/div>\n\n\t\n<\/a><\/div><\/div><div class=\"wp-block-column\"><div class=\"ls-cta\">\n\n<a href=\"https:\/\/www.champsblancstest.geek-tonic.dev\/de\/dienstleistungen-camping\/\" target=\"\" rel=\"noopener\" class=\"ls-cta__link\">\n\n\t<div class=\"ls-cta__image\"><img decoding=\"async\" src=\"https:\/\/www.champsblancstest.geek-tonic.dev\/wp-content\/uploads\/2023\/09\/camping-services-5-etoiles-768x1024.webp\" alt=\"camping services 5 sterne\"><\/div>\n\t<div class=\"ls-cta__title\">\n\t\t<span class=\"champs-blancs-coin-droit\"><\/span>\n\t\tUnsere Dienstleistungen\t\t<span class=\"champs-blancs-arrow-down\"><\/span>\n\t<\/div>\n\n\t\n<\/a><\/div><\/div><div class=\"wp-block-column\"><div class=\"ls-cta\">\n\n<a href=\"https:\/\/www.champsblancstest.geek-tonic.dev\/de\/campingplatz-badelandschaft-cap-agde\/\" target=\"\" rel=\"noopener\" class=\"ls-cta__link\">\n\n\t<div class=\"ls-cta__image\"><img decoding=\"async\" src=\"https:\/\/www.champsblancstest.geek-tonic.dev\/wp-content\/uploads\/2023\/10\/camping-avec-parc-aquatique-agde-1-768x1152.webp\" alt=\"campingplatz mit wasserpark agde\"><\/div>\n\t<div class=\"ls-cta__title\">\n\t\t<span class=\"champs-blancs-coin-droit\"><\/span>\n\t\tDer Pool\t\t<span class=\"champs-blancs-arrow-down\"><\/span>\n\t<\/div>\n\n\t\n<\/a><\/div><\/div><\/div><\/div>\n\n    <\/div>\n<\/section>","protected":false},"excerpt":{"rendered":"","protected":false},"author":1,"featured_media":8546,"parent":0,"menu_order":0,"comment_status":"closed","ping_status":"closed","template":"","meta":{"_acf_changed":false,"footnotes":""},"sujet":[],"class_list":["post-10592","page","type-page","status-publish","has-post-thumbnail","hentry"],"acf":[],"yoast_head":"<!-- This site is optimized with the Yoast SEO plugin v22.6 - https:\/\/yoast.com\/wordpress\/plugins\/seo\/ -->\n<title>Restaurant Cap d&#039;Agde | Resto Agde | Pizza, Snackbar<\/title>\n<meta name=\"description\" content=\"Auf der Suche nach einem guten Restaurant in Cap d&#039;Agde? Entdecken Sie unsere 2 Restaurants in Agde mit Pizza, Snacks, Cr\u00eapes und vielem mehr!\" \/>\n<meta name=\"robots\" content=\"noindex, follow, max-snippet:-1, max-image-preview:large, max-video-preview:-1\" \/>\n<meta property=\"og:locale\" content=\"de_DE\" \/>\n<meta property=\"og:type\" content=\"article\" \/>\n<meta property=\"og:title\" content=\"Restaurant Cap d&#039;Agde | Resto Agde | Pizza, Snackbar\" \/>\n<meta property=\"og:description\" content=\"Auf der Suche nach einem guten Restaurant in Cap d&#039;Agde? Entdecken Sie unsere 2 Restaurants in Agde mit Pizza, Snacks, Cr\u00eapes und vielem mehr!\" \/>\n<meta property=\"og:url\" content=\"https:\/\/www.champsblancstest.geek-tonic.dev\/fr\/restaurant-agde\/\" \/>\n<meta property=\"og:site_name\" content=\"Les Champs Blancs\" \/>\n<meta property=\"article:modified_time\" content=\"2023-10-30T10:48:13+00:00\" \/>\n<meta property=\"og:image\" content=\"https:\/\/www.champsblancstest.geek-tonic.dev\/wp-content\/uploads\/2023\/09\/restaurant-le-doligny-cap-agde-scaled.webp\" \/>\n\t<meta property=\"og:image:width\" content=\"2560\" \/>\n\t<meta property=\"og:image:height\" content=\"1707\" \/>\n\t<meta property=\"og:image:type\" content=\"image\/webp\" \/>\n<meta name=\"twitter:card\" content=\"summary_large_image\" \/>\n<meta name=\"twitter:label1\" content=\"Gesch\u00e4tzte Lesezeit\" \/>\n\t<meta name=\"twitter:data1\" content=\"2\u00a0Minuten\" \/>\n<script type=\"application\/ld+json\" class=\"yoast-schema-graph\">{\"@context\":\"https:\/\/schema.org\",\"@graph\":[{\"@type\":\"WebPage\",\"@id\":\"https:\/\/www.champsblancstest.geek-tonic.dev\/fr\/restaurant-agde\/\",\"url\":\"https:\/\/www.champsblancstest.geek-tonic.dev\/fr\/restaurant-agde\/\",\"name\":\"Restaurant Cap d'Agde | Resto Agde | Pizza, Snackbar\",\"isPartOf\":{\"@id\":\"https:\/\/www.champsblancstest.geek-tonic.dev\/fr\/#website\"},\"primaryImageOfPage\":{\"@id\":\"https:\/\/www.champsblancstest.geek-tonic.dev\/fr\/restaurant-agde\/#primaryimage\"},\"image\":{\"@id\":\"https:\/\/www.champsblancstest.geek-tonic.dev\/fr\/restaurant-agde\/#primaryimage\"},\"thumbnailUrl\":\"https:\/\/www.champsblancstest.geek-tonic.dev\/wp-content\/uploads\/2023\/09\/restaurant-le-doligny-cap-agde-scaled.webp\",\"datePublished\":\"2023-10-19T10:06:03+00:00\",\"dateModified\":\"2023-10-30T10:48:13+00:00\",\"description\":\"Auf der Suche nach einem guten Restaurant in Cap d'Agde? Entdecken Sie unsere 2 Restaurants in Agde mit Pizza, Snacks, Cr\u00eapes und vielem mehr!\",\"breadcrumb\":{\"@id\":\"https:\/\/www.champsblancstest.geek-tonic.dev\/fr\/restaurant-agde\/#breadcrumb\"},\"inLanguage\":\"de\",\"potentialAction\":[{\"@type\":\"ReadAction\",\"target\":[\"https:\/\/www.champsblancstest.geek-tonic.dev\/fr\/restaurant-agde\/\"]}]},{\"@type\":\"ImageObject\",\"inLanguage\":\"de\",\"@id\":\"https:\/\/www.champsblancstest.geek-tonic.dev\/fr\/restaurant-agde\/#primaryimage\",\"url\":\"https:\/\/www.champsblancstest.geek-tonic.dev\/wp-content\/uploads\/2023\/09\/restaurant-le-doligny-cap-agde-scaled.webp\",\"contentUrl\":\"https:\/\/www.champsblancstest.geek-tonic.dev\/wp-content\/uploads\/2023\/09\/restaurant-le-doligny-cap-agde-scaled.webp\",\"width\":2560,\"height\":1707,\"caption\":\"restaurant le doligny cap agde\"},{\"@type\":\"BreadcrumbList\",\"@id\":\"https:\/\/www.champsblancstest.geek-tonic.dev\/fr\/restaurant-agde\/#breadcrumb\",\"itemListElement\":[{\"@type\":\"ListItem\",\"position\":1,\"name\":\"Campingplatz Cap d'Agde\",\"item\":\"https:\/\/www.champsblancstest.geek-tonic.dev\/fr\/\"},{\"@type\":\"ListItem\",\"position\":2,\"name\":\"Verpflegung Agde\"}]},{\"@type\":\"WebSite\",\"@id\":\"https:\/\/www.champsblancstest.geek-tonic.dev\/fr\/#website\",\"url\":\"https:\/\/www.champsblancstest.geek-tonic.dev\/fr\/\",\"name\":\"Les Champs Blancs\",\"description\":\"\",\"publisher\":{\"@id\":\"https:\/\/www.champsblancstest.geek-tonic.dev\/fr\/#organization\"},\"potentialAction\":[{\"@type\":\"SearchAction\",\"target\":{\"@type\":\"EntryPoint\",\"urlTemplate\":\"https:\/\/www.champsblancstest.geek-tonic.dev\/fr\/?s={search_term_string}\"},\"query-input\":\"required name=search_term_string\"}],\"inLanguage\":\"de\"},{\"@type\":\"Organization\",\"@id\":\"https:\/\/www.champsblancstest.geek-tonic.dev\/fr\/#organization\",\"name\":\"Les Champs Blancs\",\"url\":\"https:\/\/www.champsblancstest.geek-tonic.dev\/fr\/\",\"logo\":{\"@type\":\"ImageObject\",\"inLanguage\":\"de\",\"@id\":\"https:\/\/www.champsblancstest.geek-tonic.dev\/fr\/#\/schema\/logo\/image\/\",\"url\":\"https:\/\/www.champsblancstest.geek-tonic.dev\/wp-content\/uploads\/2023\/07\/logo-blanc-camping-les-champs-blancs.webp\",\"contentUrl\":\"https:\/\/www.champsblancstest.geek-tonic.dev\/wp-content\/uploads\/2023\/07\/logo-blanc-camping-les-champs-blancs.webp\",\"width\":821,\"height\":657,\"caption\":\"Les Champs Blancs\"},\"image\":{\"@id\":\"https:\/\/www.champsblancstest.geek-tonic.dev\/fr\/#\/schema\/logo\/image\/\"}}]}<\/script>\n<!-- \/ Yoast SEO plugin. -->","yoast_head_json":{"title":"Restaurant Cap d'Agde | Resto Agde | Pizza, Snackbar","description":"Auf der Suche nach einem guten Restaurant in Cap d'Agde? Entdecken Sie unsere 2 Restaurants in Agde mit Pizza, Snacks, Cr\u00eapes und vielem mehr!","robots":{"index":"noindex","follow":"follow","max-snippet":"max-snippet:-1","max-image-preview":"max-image-preview:large","max-video-preview":"max-video-preview:-1"},"og_locale":"de_DE","og_type":"article","og_title":"Restaurant Cap d'Agde | Resto Agde | Pizza, Snackbar","og_description":"Auf der Suche nach einem guten Restaurant in Cap d'Agde? Entdecken Sie unsere 2 Restaurants in Agde mit Pizza, Snacks, Cr\u00eapes und vielem mehr!","og_url":"https:\/\/www.champsblancstest.geek-tonic.dev\/fr\/restaurant-agde\/","og_site_name":"Les Champs Blancs","article_modified_time":"2023-10-30T10:48:13+00:00","og_image":[{"width":2560,"height":1707,"url":"https:\/\/www.champsblancstest.geek-tonic.dev\/wp-content\/uploads\/2023\/09\/restaurant-le-doligny-cap-agde-scaled.webp","type":"image\/webp"}],"twitter_card":"summary_large_image","twitter_misc":{"Gesch\u00e4tzte Lesezeit":"2\u00a0Minuten"},"schema":{"@context":"https:\/\/schema.org","@graph":[{"@type":"WebPage","@id":"https:\/\/www.champsblancstest.geek-tonic.dev\/fr\/restaurant-agde\/","url":"https:\/\/www.champsblancstest.geek-tonic.dev\/fr\/restaurant-agde\/","name":"Restaurant Cap d'Agde | Resto Agde | Pizza, Snackbar","isPartOf":{"@id":"https:\/\/www.champsblancstest.geek-tonic.dev\/fr\/#website"},"primaryImageOfPage":{"@id":"https:\/\/www.champsblancstest.geek-tonic.dev\/fr\/restaurant-agde\/#primaryimage"},"image":{"@id":"https:\/\/www.champsblancstest.geek-tonic.dev\/fr\/restaurant-agde\/#primaryimage"},"thumbnailUrl":"https:\/\/www.champsblancstest.geek-tonic.dev\/wp-content\/uploads\/2023\/09\/restaurant-le-doligny-cap-agde-scaled.webp","datePublished":"2023-10-19T10:06:03+00:00","dateModified":"2023-10-30T10:48:13+00:00","description":"Auf der Suche nach einem guten Restaurant in Cap d'Agde? Entdecken Sie unsere 2 Restaurants in Agde mit Pizza, Snacks, Cr\u00eapes und vielem mehr!","breadcrumb":{"@id":"https:\/\/www.champsblancstest.geek-tonic.dev\/fr\/restaurant-agde\/#breadcrumb"},"inLanguage":"de","potentialAction":[{"@type":"ReadAction","target":["https:\/\/www.champsblancstest.geek-tonic.dev\/fr\/restaurant-agde\/"]}]},{"@type":"ImageObject","inLanguage":"de","@id":"https:\/\/www.champsblancstest.geek-tonic.dev\/fr\/restaurant-agde\/#primaryimage","url":"https:\/\/www.champsblancstest.geek-tonic.dev\/wp-content\/uploads\/2023\/09\/restaurant-le-doligny-cap-agde-scaled.webp","contentUrl":"https:\/\/www.champsblancstest.geek-tonic.dev\/wp-content\/uploads\/2023\/09\/restaurant-le-doligny-cap-agde-scaled.webp","width":2560,"height":1707,"caption":"restaurant le doligny cap agde"},{"@type":"BreadcrumbList","@id":"https:\/\/www.champsblancstest.geek-tonic.dev\/fr\/restaurant-agde\/#breadcrumb","itemListElement":[{"@type":"ListItem","position":1,"name":"Campingplatz Cap d'Agde","item":"https:\/\/www.champsblancstest.geek-tonic.dev\/fr\/"},{"@type":"ListItem","position":2,"name":"Verpflegung Agde"}]},{"@type":"WebSite","@id":"https:\/\/www.champsblancstest.geek-tonic.dev\/fr\/#website","url":"https:\/\/www.champsblancstest.geek-tonic.dev\/fr\/","name":"Les Champs Blancs","description":"","publisher":{"@id":"https:\/\/www.champsblancstest.geek-tonic.dev\/fr\/#organization"},"potentialAction":[{"@type":"SearchAction","target":{"@type":"EntryPoint","urlTemplate":"https:\/\/www.champsblancstest.geek-tonic.dev\/fr\/?s={search_term_string}"},"query-input":"required name=search_term_string"}],"inLanguage":"de"},{"@type":"Organization","@id":"https:\/\/www.champsblancstest.geek-tonic.dev\/fr\/#organization","name":"Les Champs Blancs","url":"https:\/\/www.champsblancstest.geek-tonic.dev\/fr\/","logo":{"@type":"ImageObject","inLanguage":"de","@id":"https:\/\/www.champsblancstest.geek-tonic.dev\/fr\/#\/schema\/logo\/image\/","url":"https:\/\/www.champsblancstest.geek-tonic.dev\/wp-content\/uploads\/2023\/07\/logo-blanc-camping-les-champs-blancs.webp","contentUrl":"https:\/\/www.champsblancstest.geek-tonic.dev\/wp-content\/uploads\/2023\/07\/logo-blanc-camping-les-champs-blancs.webp","width":821,"height":657,"caption":"Les Champs Blancs"},"image":{"@id":"https:\/\/www.champsblancstest.geek-tonic.dev\/fr\/#\/schema\/logo\/image\/"}}]}},"_links":{"self":[{"href":"https:\/\/www.champsblancstest.geek-tonic.dev\/de\/wp-json\/wp\/v2\/pages\/10592","targetHints":{"allow":["GET"]}}],"collection":[{"href":"https:\/\/www.champsblancstest.geek-tonic.dev\/de\/wp-json\/wp\/v2\/pages"}],"about":[{"href":"https:\/\/www.champsblancstest.geek-tonic.dev\/de\/wp-json\/wp\/v2\/types\/page"}],"author":[{"embeddable":true,"href":"https:\/\/www.champsblancstest.geek-tonic.dev\/de\/wp-json\/wp\/v2\/users\/1"}],"replies":[{"embeddable":true,"href":"https:\/\/www.champsblancstest.geek-tonic.dev\/de\/wp-json\/wp\/v2\/comments?post=10592"}],"version-history":[{"count":1,"href":"https:\/\/www.champsblancstest.geek-tonic.dev\/de\/wp-json\/wp\/v2\/pages\/10592\/revisions"}],"predecessor-version":[{"id":10599,"href":"https:\/\/www.champsblancstest.geek-tonic.dev\/de\/wp-json\/wp\/v2\/pages\/10592\/revisions\/10599"}],"wp:featuredmedia":[{"embeddable":true,"href":"https:\/\/www.champsblancstest.geek-tonic.dev\/de\/wp-json\/wp\/v2\/media\/8546"}],"wp:attachment":[{"href":"https:\/\/www.champsblancstest.geek-tonic.dev\/de\/wp-json\/wp\/v2\/media?parent=10592"}],"wp:term":[{"taxonomy":"sujet","embeddable":true,"href":"https:\/\/www.champsblancstest.geek-tonic.dev\/de\/wp-json\/wp\/v2\/sujet?post=10592"}],"curies":[{"name":"wp","href":"https:\/\/api.w.org\/{rel}","templated":true}]}}