{"id":10621,"date":"2023-10-19T12:06:11","date_gmt":"2023-10-19T10:06:11","guid":{"rendered":"https:\/\/www.champsblancstest.geek-tonic.dev\/caravaning-cap-agde\/"},"modified":"2023-11-15T15:12:03","modified_gmt":"2023-11-15T14:12:03","slug":"wohnmobil-cap-agde","status":"publish","type":"page","link":"https:\/\/www.champsblancstest.geek-tonic.dev\/de\/wohnmobil-cap-agde\/","title":{"rendered":"Standardpl\u00e4tze"},"content":{"rendered":"<section id=\"ls-section-block_241448095e20be391055b17bae7ab368\" class=\"ls-section  m-t-4 has-background has-color-3-background-color\" >\n        <div class=\"container \">\n        \n\n<div class=\"wp-block-columns ls-ctv-wrapper is-layout-flex wp-container-core-columns-is-layout-9d6595d7 wp-block-columns-is-layout-flex\">\n<div class=\"wp-block-column is-vertically-aligned-center is-layout-flow wp-block-column-is-layout-flow\">\n<h1 class=\"ls__heading wp-block-heading has-text-align-center h1-hebergements m-b-3\">Vermietung Stellplatz in Cap d&#8217;Agde<\/h1>\n\n\n\n<script>\n    window.ctoutvert = {\n\t\tid: 2482, \n\t\tlang: 'auto', \n\t\turl: 'https:\/\/bookingpremium.secureholiday.net\/widgets\/'\n    };\n\n    (function (w, d, s, ctv, r, js, fjs) {\n        r=new XMLHttpRequest();r.open('GET',w[ctv].url+'js\/src.json');\n        r.responseType='json';r.json=true;r.send();\n        r.onload=function(){w[ctv].src=r.responseType=='json'?r.response:JSON.parse(r.response);\n        js.src=w[ctv].src[0];fjs.parentNode.insertBefore(js, fjs);}\n        js=d.createElement(s),fjs=d.getElementsByTagName(s)[0];\n        js.id='ctvwidget';js.async=1;\n    }(window, document, 'script', 'ctoutvert'));\n<\/script>\n<ctv-availability data-product-id=\"11725\" data-background-color=\"#f1fafe\"><\/ctv-availability>\n<\/div>\n<\/div>\n\n\n\n<p class=\"ls-paragraph has-text-align-center\"><em>&#8222;Fotos nicht vertraglich bindend&#8220;<\/em><\/p>\n\n\n    <\/div>\n<\/section><section id=\"ls-section-block_2ebf691efe1a9cf4657c4f504147b3a1\" class=\"ls-section  home-first page-one\" >\n        <div class=\"container container--full\">\n        \n\n<div class=\"wp-block-columns are-vertically-aligned-center is-layout-flex wp-container-core-columns-is-layout-9d6595d7 wp-block-columns-is-layout-flex\">\n<div class=\"wp-block-column is-vertically-aligned-center is-layout-flow wp-block-column-is-layout-flow\" style=\"flex-basis:53%\">\n<figure class=\"wp-block-gallery has-nested-images columns-default is-cropped animated fadeInLeft slow wp-block-gallery-1 is-layout-flex wp-block-gallery-is-layout-flex\">\n<figure class=\"wp-block-image size-full\"><a href=\"https:\/\/www.champsblancstest.geek-tonic.dev\/wp-content\/uploads\/2023\/09\/emplacement-camping-tente-agde-scaled.webp\"><img decoding=\"async\" width=\"2560\" height=\"1707\" data-id=\"8310\" src=\"https:\/\/www.champsblancstest.geek-tonic.dev\/wp-content\/uploads\/2023\/09\/emplacement-camping-tente-agde-scaled.webp\" alt=\"stellplatz camping zelt agde\" class=\"wp-image-8310\" srcset=\"https:\/\/www.champsblancstest.geek-tonic.dev\/wp-content\/uploads\/2023\/09\/emplacement-camping-tente-agde-scaled.webp 2560w, https:\/\/www.champsblancstest.geek-tonic.dev\/wp-content\/uploads\/2023\/09\/emplacement-camping-tente-agde-300x200.webp 300w, https:\/\/www.champsblancstest.geek-tonic.dev\/wp-content\/uploads\/2023\/09\/emplacement-camping-tente-agde-1024x683.webp 1024w, https:\/\/www.champsblancstest.geek-tonic.dev\/wp-content\/uploads\/2023\/09\/emplacement-camping-tente-agde-768x512.webp 768w, https:\/\/www.champsblancstest.geek-tonic.dev\/wp-content\/uploads\/2023\/09\/emplacement-camping-tente-agde-1536x1024.webp 1536w, https:\/\/www.champsblancstest.geek-tonic.dev\/wp-content\/uploads\/2023\/09\/emplacement-camping-tente-agde-2048x1365.webp 2048w\" sizes=\"(max-width: 2560px) 100vw, 2560px\" \/><\/a><\/figure>\n<\/figure>\n<\/div>\n\n\n\n<div class=\"wp-block-column is-vertically-aligned-center is-layout-flow wp-block-column-is-layout-flow\" style=\"flex-basis:47%\">\n<h2 class=\"ls__heading wp-block-heading\">Die Vorteile eines Zeltplatzes in Agde  <\/h2>\n\n\n\n<p class=\"ls-paragraph\">Suchen Sie einen<strong>Zeltplatz in Cap d&#8217;Agde<\/strong>? Oder von einem Caravaning-Stellplatz in S\u00fcdfrankreich?<\/p>\n\n\n\n<p class=\"ls-paragraph\">Auch wenn es einen Hype um Luxusunterk\u00fcnfte gibt, hat das <strong>traditionelle Camping<\/strong> einige Vorteile:<\/p>\n\n\n\n<ul class=\"ls-list wp-block-list\">\n<li>unschlagbare Preise<\/li>\n\n\n\n<li>einen direkten Kontakt mit der Umwelt<\/li>\n\n\n\n<li>der Trost eines Kaffees auf seinem Klappstuhl nach dem Aufwachen<\/li>\n\n\n\n<li>ein improvisiertes Picknick auf seinem Privatgrundst\u00fcck<\/li>\n\n\n\n<li>den Charme einer Zeltplane<\/li>\n\n\n\n<li>die Freiheit und Vielseitigkeit eines Wohnwagens oder Wohnmobils&#8230;<\/li>\n<\/ul>\n<\/div>\n<\/div>\n\n\n    <\/div>\n<\/section><section id=\"ls-section-block_ab9f34c4ad29356d13194144d2fe834b\" class=\"ls-section  home-first page-two\" >\n        <div class=\"container container--full\">\n        \n\n<div class=\"wp-block-columns are-vertically-aligned-center is-layout-flex wp-container-core-columns-is-layout-9d6595d7 wp-block-columns-is-layout-flex\">\n<div class=\"wp-block-column is-vertically-aligned-center is-layout-flow wp-block-column-is-layout-flow\" style=\"flex-basis:47%\">\n<h2 class=\"ls__heading wp-block-heading\">Stellpl\u00e4tze f\u00fcr Zelte in Cap d&#8217;Agde<\/h2>\n\n\n\n<p class=\"ls-paragraph\">Wie w\u00e4re es mit einem Aufenthalt auf einem Zeltplatz in Agde im H\u00e9rault?<br\/><br\/>F\u00fcr Puristen bietet der Campingplatz in Cap d&#8217;Agde im H\u00e9rault \u00fcber <strong>150 ger\u00e4umige und halbschattige Stellpl\u00e4tze<\/strong> f\u00fcr <strong>Zelte<\/strong>, <strong>Wohnwagen<\/strong> und <strong>Wohnmobile<\/strong>, die 1 bis 6 Personen und 1 Fahrzeug aufnehmen k\u00f6nnen. Alle unsere Parzellen haben Zugang zu Strom (10A-Steckdosen) und einem Wasseranschluss. Sie sind in einem ruhigen, gr\u00fcnen Bereich der Anlage angelegt und befinden sich in der N\u00e4he der k\u00fcrzlich renovierten Sanit\u00e4ranlagen und der Einrichtungen des Campingplatzes.<br\/><br\/>Suchen Sie einen Top-Standort? Entdecken Sie dann unsere <a href=\"https:\/\/www.champsblancstest.geek-tonic.dev\/de\/premium-campingurlaub-agde\/\">Stellpl\u00e4tze mit privaten Sanit\u00e4ranlagen<\/a> f\u00fcr noch mehr Komfort.<\/p>\n\n\n\n<p class=\"ls-paragraph\">Um Ihnen zu erm\u00f6glichen, st\u00e4ndig im Einklang mit der Natur zu bleiben und gleichzeitig Ihre Privatsph\u00e4re zu wahren, haben wir jeden Stellplatz mit <strong>nat\u00fcrlichen Hecken<\/strong> (Blumen, Oleander) eingefasst. Diese pflanzlichen Barrieren garantieren Ihnen intime Momente auf Ihrer Parzelle, ohne mit der Natur zu brechen.<\/p>\n<\/div>\n\n\n\n<div class=\"wp-block-column is-vertically-aligned-center is-layout-flow wp-block-column-is-layout-flow\" style=\"flex-basis:53%\">\n<figure class=\"wp-block-gallery has-nested-images columns-default is-cropped animated fadeInRight slow delay-200ms wp-block-gallery-2 is-layout-flex wp-block-gallery-is-layout-flex\">\n<figure class=\"wp-block-image size-full\"><a href=\"https:\/\/www.champsblancstest.geek-tonic.dev\/wp-content\/uploads\/2023\/09\/emplacement-camping-car-herault-scaled.webp\"><img decoding=\"async\" width=\"2560\" height=\"1707\" data-id=\"8330\" src=\"https:\/\/www.champsblancstest.geek-tonic.dev\/wp-content\/uploads\/2023\/09\/emplacement-camping-car-herault-scaled.webp\" alt=\"stellplatz wohnmobil herault\" class=\"wp-image-8330\" srcset=\"https:\/\/www.champsblancstest.geek-tonic.dev\/wp-content\/uploads\/2023\/09\/emplacement-camping-car-herault-scaled.webp 2560w, https:\/\/www.champsblancstest.geek-tonic.dev\/wp-content\/uploads\/2023\/09\/emplacement-camping-car-herault-300x200.webp 300w, https:\/\/www.champsblancstest.geek-tonic.dev\/wp-content\/uploads\/2023\/09\/emplacement-camping-car-herault-1024x683.webp 1024w, https:\/\/www.champsblancstest.geek-tonic.dev\/wp-content\/uploads\/2023\/09\/emplacement-camping-car-herault-768x512.webp 768w, https:\/\/www.champsblancstest.geek-tonic.dev\/wp-content\/uploads\/2023\/09\/emplacement-camping-car-herault-1536x1024.webp 1536w, https:\/\/www.champsblancstest.geek-tonic.dev\/wp-content\/uploads\/2023\/09\/emplacement-camping-car-herault-2048x1365.webp 2048w\" sizes=\"(max-width: 2560px) 100vw, 2560px\" \/><\/a><\/figure>\n<\/figure>\n<\/div>\n<\/div>\n\n\n    <\/div>\n<\/section><section id=\"ls-section-block_2ebf691efe1a9cf4657c4f504147b3a1\" class=\"ls-section  home-first page-one\" >\n        <div class=\"container container--full\">\n        \n\n<div class=\"wp-block-columns are-vertically-aligned-center is-layout-flex wp-container-core-columns-is-layout-9d6595d7 wp-block-columns-is-layout-flex\">\n<div class=\"wp-block-column is-vertically-aligned-center is-layout-flow wp-block-column-is-layout-flow\" style=\"flex-basis:53%\">\n<figure class=\"wp-block-gallery has-nested-images columns-default is-cropped animated fadeInLeft slow wp-block-gallery-3 is-layout-flex wp-block-gallery-is-layout-flex\">\n<figure class=\"wp-block-image size-full\"><a href=\"https:\/\/www.champsblancstest.geek-tonic.dev\/wp-content\/uploads\/2023\/09\/camping-emplacement-location-scaled.webp\"><img decoding=\"async\" width=\"2560\" height=\"1443\" data-id=\"8315\" src=\"https:\/\/www.champsblancstest.geek-tonic.dev\/wp-content\/uploads\/2023\/09\/camping-emplacement-location-scaled.webp\" alt=\"camping standort vermietung\" class=\"wp-image-8315\" srcset=\"https:\/\/www.champsblancstest.geek-tonic.dev\/wp-content\/uploads\/2023\/09\/camping-emplacement-location-scaled.webp 2560w, https:\/\/www.champsblancstest.geek-tonic.dev\/wp-content\/uploads\/2023\/09\/camping-emplacement-location-300x169.webp 300w, https:\/\/www.champsblancstest.geek-tonic.dev\/wp-content\/uploads\/2023\/09\/camping-emplacement-location-1024x577.webp 1024w, https:\/\/www.champsblancstest.geek-tonic.dev\/wp-content\/uploads\/2023\/09\/camping-emplacement-location-768x433.webp 768w, https:\/\/www.champsblancstest.geek-tonic.dev\/wp-content\/uploads\/2023\/09\/camping-emplacement-location-1536x866.webp 1536w, https:\/\/www.champsblancstest.geek-tonic.dev\/wp-content\/uploads\/2023\/09\/camping-emplacement-location-2048x1154.webp 2048w\" sizes=\"(max-width: 2560px) 100vw, 2560px\" \/><\/a><\/figure>\n<\/figure>\n<\/div>\n\n\n\n<div class=\"wp-block-column is-vertically-aligned-center is-layout-flow wp-block-column-is-layout-flow\" style=\"flex-basis:47%\">\n<h2 class=\"ls__heading wp-block-heading\">Einrichtungen, die auf Ihren nackten Standort zugeschnitten sind  <\/h2>\n\n\n\n<p class=\"ls-paragraph\">Die elektrischen Anschl\u00fcsse tragen wesentlich <strong>zum Komfort unserer G\u00e4ste<\/strong> bei. Sie bieten ihnen ein Mindestma\u00df an Komfort. So k\u00f6nnen Sie Ihren K\u00fchlschrank anschlie\u00dfen, Ihr Handy und andere elektronische Ger\u00e4te (Computer, Tablets) aufladen und Ihre elektrische Kaffeemaschine benutzen, die Sie an Ihrem Urlaubsort immer begleitet.<\/p>\n\n\n\n<p class=\"ls-paragraph\">Die Preise f\u00fcr unsere Stellpl\u00e4tze k\u00f6nnen je nach Jahreszeit erheblich variieren. Sehen Sie sich<a href=\"https:\/\/www.champsblancstest.geek-tonic.dev\/de\/gunstiger-campingplatz-agde\/\"> unsere Preisliste<\/a> an und z\u00f6gern Sie nicht, uns zu kontaktieren, wenn Sie Fragen zu unseren Grundst\u00fccken, Einrichtungen, Dienstleistungen, Sonderangeboten und der Campingplatzordnung haben. Unser Team hilft Ihnen gerne bei der Planung Ihres <strong>Urlaubs am Meer in Okzitanien<\/strong>, ganz in der N\u00e4he des Mittelmeers und der Sandstr\u00e4nde von Cap d&#8217;Agde.<\/p>\n<\/div>\n<\/div>\n\n\n    <\/div>\n<\/section><section id=\"ls-section-block_e467c519c611a1c49af2e257db018c92\" class=\"ls-section  page-four animated fadeInUp slow delay-100ms\" >\n        <div class=\"container container--wide\">\n        \n\n<div id=\"ls-heading ls-titre-div-block_e6653f718009df53e3ace502b6e133c5\" class=\"ls-titre-div aligncenter h2-like\" >\n    Entdecken Sie die Unterk\u00fcnfte<\/div>\n\n\n<div id=\"ls-maillage-block_f177a772392a63c93fea4fde4b02cc78\" class=\"ls-maillage cta-style-normal\" data-rows=\"5\">\n    <div class=\"wp-block-columns\"><div class=\"wp-block-column\"><div class=\"ls-cta\">\n\n<a href=\"https:\/\/www.champsblancstest.geek-tonic.dev\/de\/premium-mobilheim-unterkunft-cap-agde\/\" target=\"\" rel=\"noopener\" class=\"ls-cta__link\">\n\n\t<div class=\"ls-cta__image\"><img decoding=\"async\" src=\"https:\/\/www.champsblancstest.geek-tonic.dev\/wp-content\/uploads\/2023\/09\/mobil-home-luxe-agde-768x451.webp\" alt=\"mobilheim luxus agde\"><\/div>\n\t<div class=\"ls-cta__title\">\n\t\t<span class=\"champs-blancs-coin-droit\"><\/span>\n\t\tMobilheim Premium\t\t<span class=\"champs-blancs-arrow-down\"><\/span>\n\t<\/div>\n\n\t\n<\/a><\/div><\/div><div class=\"wp-block-column\"><div class=\"ls-cta\">\n\n<a href=\"https:\/\/www.champsblancstest.geek-tonic.dev\/de\/vermietung-chalet-cap-agde\/\" target=\"\" rel=\"noopener\" class=\"ls-cta__link\">\n\n\t<div class=\"ls-cta__image\"><img decoding=\"async\" src=\"https:\/\/www.champsblancstest.geek-tonic.dev\/wp-content\/uploads\/2023\/09\/location-chalet-cap-agde-768x512.webp\" alt=\"vermietung chalet cap agde\"><\/div>\n\t<div class=\"ls-cta__title\">\n\t\t<span class=\"champs-blancs-coin-droit\"><\/span>\n\t\tDie Chalets\t\t<span class=\"champs-blancs-arrow-down\"><\/span>\n\t<\/div>\n\n\t\n<\/a><\/div><\/div><div class=\"wp-block-column\"><div class=\"ls-cta\">\n\n<a href=\"https:\/\/www.champsblancstest.geek-tonic.dev\/de\/gunstiger-campingplatz-agde\/\" target=\"\" rel=\"noopener\" class=\"ls-cta__link\">\n\n\t<div class=\"ls-cta__image\"><img decoding=\"async\" src=\"https:\/\/www.champsblancstest.geek-tonic.dev\/wp-content\/uploads\/2023\/09\/camping-pas-cher-bord-de-mer-768x1152.webp\" alt=\"billiger campingplatz meeresk\u00fcste\"><\/div>\n\t<div class=\"ls-cta__title\">\n\t\t<span class=\"champs-blancs-coin-droit\"><\/span>\n\t\tTarife\t\t<span class=\"champs-blancs-arrow-down\"><\/span>\n\t<\/div>\n\n\t\n<\/a><\/div><\/div><div class=\"wp-block-column\"><div class=\"ls-cta\">\n\n<a href=\"https:\/\/www.champsblancstest.geek-tonic.dev\/de\/premium-campingurlaub-agde\/\" target=\"\" rel=\"noopener\" class=\"ls-cta__link\">\n\n\t<div class=\"ls-cta__image\"><img decoding=\"async\" src=\"https:\/\/www.champsblancstest.geek-tonic.dev\/wp-content\/uploads\/2023\/09\/sanitaire-prive-emplacement-camping-agde.webp\" alt=\"private sanit\u00e4ranlage campingplatz agde\"><\/div>\n\t<div class=\"ls-cta__title\">\n\t\t<span class=\"champs-blancs-coin-droit\"><\/span>\n\t\tPremium-Pl\u00e4tze\t\t<span class=\"champs-blancs-arrow-down\"><\/span>\n\t<\/div>\n\n\t\n<\/a><\/div><\/div><div class=\"wp-block-column\"><div class=\"ls-cta\">\n\n<a href=\"https:\/\/www.champsblancstest.geek-tonic.dev\/de\/unterkunfte-mobilheime-cap-agde\/\" target=\"\" rel=\"noopener\" class=\"ls-cta__link\">\n\n\t<div class=\"ls-cta__image\"><img decoding=\"async\" src=\"https:\/\/www.champsblancstest.geek-tonic.dev\/wp-content\/uploads\/2023\/09\/location-vacances-cap-agde-768x463.webp\" alt=\"vermietung von ferien cap agde\"><\/div>\n\t<div class=\"ls-cta__title\">\n\t\t<span class=\"champs-blancs-coin-droit\"><\/span>\n\t\tMobil Home\t\t<span class=\"champs-blancs-arrow-down\"><\/span>\n\t<\/div>\n\n\t\n<\/a><\/div><\/div><\/div><\/div>\n\n    <\/div>\n<\/section>","protected":false},"excerpt":{"rendered":"","protected":false},"author":1,"featured_media":8338,"parent":0,"menu_order":0,"comment_status":"closed","ping_status":"closed","template":"","meta":{"_acf_changed":false,"footnotes":""},"sujet":[],"class_list":["post-10621","page","type-page","status-publish","has-post-thumbnail","hentry"],"acf":[],"yoast_head":"<!-- This site is optimized with the Yoast SEO plugin v22.6 - https:\/\/yoast.com\/wordpress\/plugins\/seo\/ -->\n<title>Stellplatz Zelt Cap d&#039;Agde | Mieten Sie einen Stellplatz f\u00fcr Wohnwagen und Wohnmobile<\/title>\n<meta name=\"description\" content=\"Auf der Suche nach einem nackten Stellplatz in Cap d&#039;Agde? Unser 5-Sterne-Campingplatz bietet Ihnen Stellpl\u00e4tze mit einem Sanit\u00e4rblock in der N\u00e4he.\" \/>\n<meta name=\"robots\" content=\"noindex, follow, max-snippet:-1, max-image-preview:large, max-video-preview:-1\" \/>\n<meta property=\"og:locale\" content=\"de_DE\" \/>\n<meta property=\"og:type\" content=\"article\" \/>\n<meta property=\"og:title\" content=\"Stellplatz Zelt Cap d&#039;Agde | Mieten Sie einen Stellplatz f\u00fcr Wohnwagen und Wohnmobile\" \/>\n<meta property=\"og:description\" content=\"Auf der Suche nach einem nackten Stellplatz in Cap d&#039;Agde? Unser 5-Sterne-Campingplatz bietet Ihnen Stellpl\u00e4tze mit einem Sanit\u00e4rblock in der N\u00e4he.\" \/>\n<meta property=\"og:url\" content=\"https:\/\/www.champsblancstest.geek-tonic.dev\/fr\/caravaning-cap-agde\/\" \/>\n<meta property=\"og:site_name\" content=\"Les Champs Blancs\" \/>\n<meta property=\"article:modified_time\" content=\"2023-11-15T14:12:03+00:00\" \/>\n<meta property=\"og:image\" content=\"https:\/\/www.champsblancstest.geek-tonic.dev\/wp-content\/uploads\/2023\/09\/emplacements-camping-bezier-scaled.webp\" \/>\n\t<meta property=\"og:image:width\" content=\"2560\" \/>\n\t<meta property=\"og:image:height\" content=\"1239\" \/>\n\t<meta property=\"og:image:type\" content=\"image\/webp\" \/>\n<meta name=\"twitter:card\" content=\"summary_large_image\" \/>\n<meta name=\"twitter:label1\" content=\"Gesch\u00e4tzte Lesezeit\" \/>\n\t<meta name=\"twitter:data1\" content=\"3\u00a0Minuten\" \/>\n<script type=\"application\/ld+json\" class=\"yoast-schema-graph\">{\"@context\":\"https:\/\/schema.org\",\"@graph\":[{\"@type\":\"WebPage\",\"@id\":\"https:\/\/www.champsblancstest.geek-tonic.dev\/fr\/caravaning-cap-agde\/\",\"url\":\"https:\/\/www.champsblancstest.geek-tonic.dev\/fr\/caravaning-cap-agde\/\",\"name\":\"Stellplatz Zelt Cap d'Agde | Mieten Sie einen Stellplatz f\u00fcr Wohnwagen und Wohnmobile\",\"isPartOf\":{\"@id\":\"https:\/\/www.champsblancstest.geek-tonic.dev\/fr\/#website\"},\"primaryImageOfPage\":{\"@id\":\"https:\/\/www.champsblancstest.geek-tonic.dev\/fr\/caravaning-cap-agde\/#primaryimage\"},\"image\":{\"@id\":\"https:\/\/www.champsblancstest.geek-tonic.dev\/fr\/caravaning-cap-agde\/#primaryimage\"},\"thumbnailUrl\":\"https:\/\/www.champsblancstest.geek-tonic.dev\/wp-content\/uploads\/2023\/09\/emplacements-camping-bezier-scaled.webp\",\"datePublished\":\"2023-10-19T10:06:11+00:00\",\"dateModified\":\"2023-11-15T14:12:03+00:00\",\"description\":\"Auf der Suche nach einem nackten Stellplatz in Cap d'Agde? Unser 5-Sterne-Campingplatz bietet Ihnen Stellpl\u00e4tze mit einem Sanit\u00e4rblock in der N\u00e4he.\",\"breadcrumb\":{\"@id\":\"https:\/\/www.champsblancstest.geek-tonic.dev\/fr\/caravaning-cap-agde\/#breadcrumb\"},\"inLanguage\":\"de\",\"potentialAction\":[{\"@type\":\"ReadAction\",\"target\":[\"https:\/\/www.champsblancstest.geek-tonic.dev\/fr\/caravaning-cap-agde\/\"]}]},{\"@type\":\"ImageObject\",\"inLanguage\":\"de\",\"@id\":\"https:\/\/www.champsblancstest.geek-tonic.dev\/fr\/caravaning-cap-agde\/#primaryimage\",\"url\":\"https:\/\/www.champsblancstest.geek-tonic.dev\/wp-content\/uploads\/2023\/09\/emplacements-camping-bezier-scaled.webp\",\"contentUrl\":\"https:\/\/www.champsblancstest.geek-tonic.dev\/wp-content\/uploads\/2023\/09\/emplacements-camping-bezier-scaled.webp\",\"width\":2560,\"height\":1239,\"caption\":\"campingpl\u00e4tze bezier\"},{\"@type\":\"BreadcrumbList\",\"@id\":\"https:\/\/www.champsblancstest.geek-tonic.dev\/fr\/caravaning-cap-agde\/#breadcrumb\",\"itemListElement\":[{\"@type\":\"ListItem\",\"position\":1,\"name\":\"Campingplatz Cap d'Agde\",\"item\":\"https:\/\/www.champsblancstest.geek-tonic.dev\/fr\/\"},{\"@type\":\"ListItem\",\"position\":2,\"name\":\"Caravaningplatz cap Agde\"}]},{\"@type\":\"WebSite\",\"@id\":\"https:\/\/www.champsblancstest.geek-tonic.dev\/fr\/#website\",\"url\":\"https:\/\/www.champsblancstest.geek-tonic.dev\/fr\/\",\"name\":\"Les Champs Blancs\",\"description\":\"\",\"publisher\":{\"@id\":\"https:\/\/www.champsblancstest.geek-tonic.dev\/fr\/#organization\"},\"potentialAction\":[{\"@type\":\"SearchAction\",\"target\":{\"@type\":\"EntryPoint\",\"urlTemplate\":\"https:\/\/www.champsblancstest.geek-tonic.dev\/fr\/?s={search_term_string}\"},\"query-input\":\"required name=search_term_string\"}],\"inLanguage\":\"de\"},{\"@type\":\"Organization\",\"@id\":\"https:\/\/www.champsblancstest.geek-tonic.dev\/fr\/#organization\",\"name\":\"Les Champs Blancs\",\"url\":\"https:\/\/www.champsblancstest.geek-tonic.dev\/fr\/\",\"logo\":{\"@type\":\"ImageObject\",\"inLanguage\":\"de\",\"@id\":\"https:\/\/www.champsblancstest.geek-tonic.dev\/fr\/#\/schema\/logo\/image\/\",\"url\":\"https:\/\/www.champsblancstest.geek-tonic.dev\/wp-content\/uploads\/2023\/07\/logo-blanc-camping-les-champs-blancs.webp\",\"contentUrl\":\"https:\/\/www.champsblancstest.geek-tonic.dev\/wp-content\/uploads\/2023\/07\/logo-blanc-camping-les-champs-blancs.webp\",\"width\":821,\"height\":657,\"caption\":\"Les Champs Blancs\"},\"image\":{\"@id\":\"https:\/\/www.champsblancstest.geek-tonic.dev\/fr\/#\/schema\/logo\/image\/\"}}]}<\/script>\n<!-- \/ Yoast SEO plugin. -->","yoast_head_json":{"title":"Stellplatz Zelt Cap d'Agde | Mieten Sie einen Stellplatz f\u00fcr Wohnwagen und Wohnmobile","description":"Auf der Suche nach einem nackten Stellplatz in Cap d'Agde? Unser 5-Sterne-Campingplatz bietet Ihnen Stellpl\u00e4tze mit einem Sanit\u00e4rblock in der N\u00e4he.","robots":{"index":"noindex","follow":"follow","max-snippet":"max-snippet:-1","max-image-preview":"max-image-preview:large","max-video-preview":"max-video-preview:-1"},"og_locale":"de_DE","og_type":"article","og_title":"Stellplatz Zelt Cap d'Agde | Mieten Sie einen Stellplatz f\u00fcr Wohnwagen und Wohnmobile","og_description":"Auf der Suche nach einem nackten Stellplatz in Cap d'Agde? Unser 5-Sterne-Campingplatz bietet Ihnen Stellpl\u00e4tze mit einem Sanit\u00e4rblock in der N\u00e4he.","og_url":"https:\/\/www.champsblancstest.geek-tonic.dev\/fr\/caravaning-cap-agde\/","og_site_name":"Les Champs Blancs","article_modified_time":"2023-11-15T14:12:03+00:00","og_image":[{"width":2560,"height":1239,"url":"https:\/\/www.champsblancstest.geek-tonic.dev\/wp-content\/uploads\/2023\/09\/emplacements-camping-bezier-scaled.webp","type":"image\/webp"}],"twitter_card":"summary_large_image","twitter_misc":{"Gesch\u00e4tzte Lesezeit":"3\u00a0Minuten"},"schema":{"@context":"https:\/\/schema.org","@graph":[{"@type":"WebPage","@id":"https:\/\/www.champsblancstest.geek-tonic.dev\/fr\/caravaning-cap-agde\/","url":"https:\/\/www.champsblancstest.geek-tonic.dev\/fr\/caravaning-cap-agde\/","name":"Stellplatz Zelt Cap d'Agde | Mieten Sie einen Stellplatz f\u00fcr Wohnwagen und Wohnmobile","isPartOf":{"@id":"https:\/\/www.champsblancstest.geek-tonic.dev\/fr\/#website"},"primaryImageOfPage":{"@id":"https:\/\/www.champsblancstest.geek-tonic.dev\/fr\/caravaning-cap-agde\/#primaryimage"},"image":{"@id":"https:\/\/www.champsblancstest.geek-tonic.dev\/fr\/caravaning-cap-agde\/#primaryimage"},"thumbnailUrl":"https:\/\/www.champsblancstest.geek-tonic.dev\/wp-content\/uploads\/2023\/09\/emplacements-camping-bezier-scaled.webp","datePublished":"2023-10-19T10:06:11+00:00","dateModified":"2023-11-15T14:12:03+00:00","description":"Auf der Suche nach einem nackten Stellplatz in Cap d'Agde? Unser 5-Sterne-Campingplatz bietet Ihnen Stellpl\u00e4tze mit einem Sanit\u00e4rblock in der N\u00e4he.","breadcrumb":{"@id":"https:\/\/www.champsblancstest.geek-tonic.dev\/fr\/caravaning-cap-agde\/#breadcrumb"},"inLanguage":"de","potentialAction":[{"@type":"ReadAction","target":["https:\/\/www.champsblancstest.geek-tonic.dev\/fr\/caravaning-cap-agde\/"]}]},{"@type":"ImageObject","inLanguage":"de","@id":"https:\/\/www.champsblancstest.geek-tonic.dev\/fr\/caravaning-cap-agde\/#primaryimage","url":"https:\/\/www.champsblancstest.geek-tonic.dev\/wp-content\/uploads\/2023\/09\/emplacements-camping-bezier-scaled.webp","contentUrl":"https:\/\/www.champsblancstest.geek-tonic.dev\/wp-content\/uploads\/2023\/09\/emplacements-camping-bezier-scaled.webp","width":2560,"height":1239,"caption":"campingpl\u00e4tze bezier"},{"@type":"BreadcrumbList","@id":"https:\/\/www.champsblancstest.geek-tonic.dev\/fr\/caravaning-cap-agde\/#breadcrumb","itemListElement":[{"@type":"ListItem","position":1,"name":"Campingplatz Cap d'Agde","item":"https:\/\/www.champsblancstest.geek-tonic.dev\/fr\/"},{"@type":"ListItem","position":2,"name":"Caravaningplatz cap Agde"}]},{"@type":"WebSite","@id":"https:\/\/www.champsblancstest.geek-tonic.dev\/fr\/#website","url":"https:\/\/www.champsblancstest.geek-tonic.dev\/fr\/","name":"Les Champs Blancs","description":"","publisher":{"@id":"https:\/\/www.champsblancstest.geek-tonic.dev\/fr\/#organization"},"potentialAction":[{"@type":"SearchAction","target":{"@type":"EntryPoint","urlTemplate":"https:\/\/www.champsblancstest.geek-tonic.dev\/fr\/?s={search_term_string}"},"query-input":"required name=search_term_string"}],"inLanguage":"de"},{"@type":"Organization","@id":"https:\/\/www.champsblancstest.geek-tonic.dev\/fr\/#organization","name":"Les Champs Blancs","url":"https:\/\/www.champsblancstest.geek-tonic.dev\/fr\/","logo":{"@type":"ImageObject","inLanguage":"de","@id":"https:\/\/www.champsblancstest.geek-tonic.dev\/fr\/#\/schema\/logo\/image\/","url":"https:\/\/www.champsblancstest.geek-tonic.dev\/wp-content\/uploads\/2023\/07\/logo-blanc-camping-les-champs-blancs.webp","contentUrl":"https:\/\/www.champsblancstest.geek-tonic.dev\/wp-content\/uploads\/2023\/07\/logo-blanc-camping-les-champs-blancs.webp","width":821,"height":657,"caption":"Les Champs Blancs"},"image":{"@id":"https:\/\/www.champsblancstest.geek-tonic.dev\/fr\/#\/schema\/logo\/image\/"}}]}},"_links":{"self":[{"href":"https:\/\/www.champsblancstest.geek-tonic.dev\/de\/wp-json\/wp\/v2\/pages\/10621","targetHints":{"allow":["GET"]}}],"collection":[{"href":"https:\/\/www.champsblancstest.geek-tonic.dev\/de\/wp-json\/wp\/v2\/pages"}],"about":[{"href":"https:\/\/www.champsblancstest.geek-tonic.dev\/de\/wp-json\/wp\/v2\/types\/page"}],"author":[{"embeddable":true,"href":"https:\/\/www.champsblancstest.geek-tonic.dev\/de\/wp-json\/wp\/v2\/users\/1"}],"replies":[{"embeddable":true,"href":"https:\/\/www.champsblancstest.geek-tonic.dev\/de\/wp-json\/wp\/v2\/comments?post=10621"}],"version-history":[{"count":2,"href":"https:\/\/www.champsblancstest.geek-tonic.dev\/de\/wp-json\/wp\/v2\/pages\/10621\/revisions"}],"predecessor-version":[{"id":15218,"href":"https:\/\/www.champsblancstest.geek-tonic.dev\/de\/wp-json\/wp\/v2\/pages\/10621\/revisions\/15218"}],"wp:featuredmedia":[{"embeddable":true,"href":"https:\/\/www.champsblancstest.geek-tonic.dev\/de\/wp-json\/wp\/v2\/media\/8338"}],"wp:attachment":[{"href":"https:\/\/www.champsblancstest.geek-tonic.dev\/de\/wp-json\/wp\/v2\/media?parent=10621"}],"wp:term":[{"taxonomy":"sujet","embeddable":true,"href":"https:\/\/www.champsblancstest.geek-tonic.dev\/de\/wp-json\/wp\/v2\/sujet?post=10621"}],"curies":[{"name":"wp","href":"https:\/\/api.w.org\/{rel}","templated":true}]}}