{"id":10629,"date":"2023-10-19T12:09:01","date_gmt":"2023-10-19T10:09:01","guid":{"rendered":"https:\/\/www.champsblancstest.geek-tonic.dev\/beziers\/"},"modified":"2023-10-30T10:26:37","modified_gmt":"2023-10-30T09:26:37","slug":"beziers","status":"publish","type":"page","link":"https:\/\/www.champsblancstest.geek-tonic.dev\/de\/herault\/beziers\/","title":{"rendered":"B\u00e9ziers"},"content":{"rendered":"<section id=\"ls-section-block_d5cd3261082d4525b592bcf5237fd207\" class=\"ls-section  home-first page-one\" >\n        <div class=\"container container--full\">\n        \n\n<div class=\"wp-block-columns are-vertically-aligned-center is-layout-flex wp-container-core-columns-is-layout-9d6595d7 wp-block-columns-is-layout-flex\">\n<div class=\"wp-block-column is-vertically-aligned-center is-layout-flow wp-block-column-is-layout-flow\" style=\"flex-basis:53%\"><p><iframe width=\"100%\" height=\"480\" src=\"https:\/\/www.youtube.com\/embed\/3l42EmbX8CU\" title=\"B\u00e9ziers, France\" frameborder=\"0\" allow=\"accelerometer; autoplay; clipboard-write; encrypted-media; gyroscope; picture-in-picture; web-share\" allowfullscreen><\/iframe><\/p>\n<\/div>\n\n\n\n<div class=\"wp-block-column is-vertically-aligned-center is-layout-flow wp-block-column-is-layout-flow\" style=\"flex-basis:47%\">\n<h1 class=\"ls__heading wp-block-heading\">Tourismus B\u00e9ziers<\/h1>\n\n\n\n<p class=\"ls-paragraph\">Wenn Sie sich <strong>nur 30 Minuten vom Stadtzentrum von B\u00e9ziers<\/strong> in der Region Languedoc Roussillon (in Okzitanien) unweit von Valras aufhalten, sollten Sie unbedingt die Stadt besuchen, die aufgrund der Bedeutung ihrer Stierkampfarena von B\u00e9ziers oft als das franz\u00f6sische Sevilla bezeichnet wird.<br\/><br\/>Der <a href=\"https:\/\/www.champsblancstest.geek-tonic.dev\/de\/beziers-camping\/\">Campingplatz B\u00e9ziers<\/a> liegt weniger als 25 km von der Stadt entfernt und bietet Ihnen die M\u00f6glichkeit, Ihren Urlaub in vollen Z\u00fcgen zu genie\u00dfen.<br\/><br\/><strong>Radsportfans<\/strong> k\u00f6nnen sie auch in 1,5 Stunden mit dem Fahrrad \u00fcber kleine Stra\u00dfen erreichen!<\/p>\n<\/div>\n<\/div>\n\n\n    <\/div>\n<\/section><section id=\"ls-section-block_e2b2e12ff56d93e5d63fa468848298b8\" class=\"ls-section  home-sixth page-three has-background-image has-parallax-child\" >\n    <div class=\"ls-section__background-image opacity-100\"><img decoding=\"async\" src=\"https:\/\/www.champsblancstest.geek-tonic.dev\/wp-content\/uploads\/2023\/09\/camping-vers-beziers-scaled.webp\" alt=\"camping vers beziers\"><\/div>    <div class=\"container container--wide\">\n        \n\n<div class=\"wp-block-columns are-vertically-aligned-center is-layout-flex wp-container-core-columns-is-layout-9d6595d7 wp-block-columns-is-layout-flex\">\n<div class=\"wp-block-column is-vertically-aligned-center wp-block-column__text animated fadeInUp delay-100ms slow is-layout-flow wp-block-column-is-layout-flow\" style=\"flex-basis:66.66%\">\n<h2 class=\"ls__heading wp-block-heading\">Entdecken Sie B\u00e9ziers<\/h2>\n\n\n\n<p class=\"ls-paragraph\">B\u00e9ziers, die <strong>Stadt der neun Schleusen<\/strong>, durch die der Canal du Midi verl\u00e4uft, ist reich an einem unglaublichen architektonischen Erbe, das Sie unbedingt entdecken sollten, wenn Sie im Departement <a href=\"https:\/\/www.champsblancstest.geek-tonic.dev\/de\/herault\/\">H\u00e9rault<\/a> auf Sightseeing-Tour gehen. Rund um die pr\u00e4chtige gotische Kathedrale, deren Silhouette die Stadt schon von weitem anzeigt, hat sich die Altstadt von B\u00e9ziers am Ufer des Orb gebildet, gesch\u00fctzt hinter hohen Stadtmauern, die Sie bei Ihrem Aufenthalt besichtigen k\u00f6nnen.<\/p>\n\n\n\n<p class=\"ls-paragraph\"><a href=\"https:\/\/www.ville-beziers.fr\/\" target=\"_blank\" rel=\"noreferrer noopener\">B\u00e9ziers<\/a>, <strong>nach Montpellier<\/strong> die zweitgr\u00f6\u00dfte Stadt des Departements <strong>H\u00e9rault<\/strong>, ist nicht nur f\u00fcr seine Kultur und seine Ferias, sondern auch f\u00fcr seine Weine bekannt. Die Stadt, die nur wenige Minuten von den Str\u00e4nden des Mittelmeers entfernt liegt, hat die Seele ihrer Viertel und die Sch\u00f6nheit ihrer denkmalgesch\u00fctzten Geb\u00e4ude bewahrt: die eleganten Stadth\u00e4user aus dem 19. Jahrhundert, die mittelalterlichen Gassen und die Pont-vieux, die Arenen aus dem sp\u00e4ten 19,  <strong>seine Baltard-Hallen<\/strong>Die Stadt hat viele Sehensw\u00fcrdigkeiten zu bieten, wie z. B. die unglaubliche Kanalbr\u00fccke oder die antiken \u00dcberreste des r\u00f6mischen Theaters.<\/p>\n\n\n\n<p class=\"ls-paragraph\">Die neun Schleusen von Fonseranes sind einzigartige und spektakul\u00e4re Kunstwerke und wurden von <strong>der UNESCO<\/strong> zum <strong>Weltkulturerbe<\/strong> erkl\u00e4rt. Sie sind <strong>neben dem Pont du Gard<\/strong> und der mittelalterlichen Stadt <strong>Carcassonne<\/strong> die drittmeistbesuchte Sehensw\u00fcrdigkeit im <strong>Languedoc<\/strong>. Um nach B\u00e9ziers zu kommen, k\u00f6nnen Sie den Flughafen von B\u00e9ziers w\u00e4hlen. Sie k\u00f6nnen auch den Palais des Congr\u00e8s unweit des Rathauses von B\u00e9ziers besuchen.<\/p>\n<\/div>\n\n\n\n<div class=\"wp-block-column is-vertically-aligned-center is-layout-flow wp-block-column-is-layout-flow\" style=\"flex-basis:33.33%\">\n<div id=\"ls-heading ls-titre-div-block_c6b0096381a984e148765ac759ef797a\" class=\"ls-titre-div h1-like\" >\n    Entdecken Sie<br><strong>die sonnige Stadt<\/strong><\/div>\n<\/div>\n<\/div>\n\n\n    <\/div>\n<\/section><section id=\"ls-section-block_063ad5d834dc6a47739eb42dbacd7f55\" class=\"ls-section  home-first page-two\" >\n        <div class=\"container container--full\">\n        \n\n<div class=\"wp-block-columns are-vertically-aligned-center is-layout-flex wp-container-core-columns-is-layout-9d6595d7 wp-block-columns-is-layout-flex\">\n<div class=\"wp-block-column is-vertically-aligned-center is-layout-flow wp-block-column-is-layout-flow\" style=\"flex-basis:47%\">\n<h2 class=\"ls__heading wp-block-heading\">Was kann man in B\u00e9ziers unternehmen?<\/h2>\n\n\n\n<ul class=\"ls-list wp-block-list\">\n<li><strong>Besuchen Sie das historische Herz der Stadt<\/strong>: die Kathedrale, den Garten der Bisch\u00f6fe, die Einkaufsgassen und all das ganz in der N\u00e4he Ihres <strong>g\u00fcnstigen Campingplatzes in B\u00e9ziers<\/strong>.<\/li>\n\n\n\n<li>Steigen Sie auf den zentralen Glockenturm der <strong>Kathedrale Saint-Nazaire et Saint-Celse und<\/strong>genie\u00dfen Sie einen unglaublichen Blick auf die Stadt, den Fluss Orb und den Canal du Midi.<\/li>\n\n\n\n<li>Bewundern Sie die vorbeifahrenden Schiffe in den <strong>neun Schleusen von Fonseranes<\/strong> und machen Sie einen Spaziergang entlang des Kanals.<\/li>\n\n\n\n<li><strong>Auf dem Plateau des Po\u00e8tes spazieren gehen<\/strong>: Diese 5 Hektar gro\u00dfe Gartenanlage, die Ende des 19. Jahrhunderts eingeweiht wurde, ist die gr\u00fcne Lunge der Stadt und verbindet das Stadttheater mit dem Bahnhof von B\u00e9ziers.<\/li>\n\n\n\n<li>Fahren Sie <strong>am Ufer der Kanalbr\u00fccke entlang<\/strong>, \u00fcber die Schiffe den Flusslauf des Orb \u00fcberqueren k\u00f6nnen und die nur wenige Kilometer von Ihrem <strong>Campingplatz in der N\u00e4he von B\u00e9ziers<\/strong> entfernt liegt.<\/li>\n\n\n\n<li><strong>Schlendern Sie \u00fcber den Blumenmarkt<\/strong> auf den All\u00e9es Paul-Riquet gegen\u00fcber dem Stadttheater (freitags).<\/li>\n\n\n\n<li><strong>Spazieren Sie auf dem alten Friedhof<\/strong>, dem &#8222;P\u00e8re Lachaise&#8220; von B\u00e9ziers, zwischen den au\u00dfergew\u00f6hnlichen Mausoleen, den ruhigen, von Zypressen ges\u00e4umten Alleen, dem Blick auf die Berge und der Statue von Notre-Dame-du-Moucadou.<\/li>\n\n\n\n<li><strong>Nehmen<\/strong> Sie im August <strong>an der F\u00e9ria in B\u00e9ziers teil<\/strong>, wo es Bodegas, Casitas, ein Reiterdorf, Shows, Flamenco und Sevillanas gibt. Diese Feria ist im gesamten Departement H\u00e9rault anerkannt.<\/li>\n\n\n\n<li><strong>Besuchen Sie die Arena<\/strong> (jeden Mittwochmorgen im Juli und August) und erfahren Sie mehr \u00fcber ihre Geschichte und die Hintergr\u00fcnde.<\/li>\n\n\n\n<li>Entdecken Sie die wichtigsten Sehensw\u00fcrdigkeiten der Stadt mit einem <strong>kleinen Touristenzug<\/strong>: vom historischen Kern \u00fcber die Schleusen bis hin zur Arena.<\/li>\n<\/ul>\n<\/div>\n\n\n\n<div class=\"wp-block-column is-vertically-aligned-center is-layout-flow wp-block-column-is-layout-flow\" style=\"flex-basis:53%\">\n<figure class=\"wp-block-gallery has-nested-images columns-default is-cropped animated fadeInRight slow delay-200ms wp-block-gallery-1 is-layout-flex wp-block-gallery-is-layout-flex\">\n<figure class=\"wp-block-image size-full\"><a href=\"https:\/\/www.champsblancstest.geek-tonic.dev\/wp-content\/uploads\/2023\/09\/camping-beziers-herault.webp\"><img decoding=\"async\" width=\"1440\" height=\"1920\" data-id=\"8813\" src=\"https:\/\/www.champsblancstest.geek-tonic.dev\/wp-content\/uploads\/2023\/09\/camping-beziers-herault.webp\" alt=\"camping beziers herault\" class=\"wp-image-8813\" srcset=\"https:\/\/www.champsblancstest.geek-tonic.dev\/wp-content\/uploads\/2023\/09\/camping-beziers-herault.webp 1440w, https:\/\/www.champsblancstest.geek-tonic.dev\/wp-content\/uploads\/2023\/09\/camping-beziers-herault-225x300.webp 225w, https:\/\/www.champsblancstest.geek-tonic.dev\/wp-content\/uploads\/2023\/09\/camping-beziers-herault-768x1024.webp 768w, https:\/\/www.champsblancstest.geek-tonic.dev\/wp-content\/uploads\/2023\/09\/camping-beziers-herault-1152x1536.webp 1152w\" sizes=\"(max-width: 1440px) 100vw, 1440px\" \/><\/a><\/figure>\n<\/figure>\n<\/div>\n<\/div>\n\n\n    <\/div>\n<\/section><section id=\"ls-section-block_1c1f692dc953a0929e06994515c5a3bd\" class=\"ls-section  page-four animated fadeInUp slow delay-100ms\" >\n        <div class=\"container container--wide\">\n        \n\n<div id=\"ls-heading ls-titre-div-block_9ec932110d66a35cae9cd87ba0d8b626\" class=\"ls-titre-div aligncenter h2-like\" >\n    Entdecken Sie auch in der Umgebung von B\u00e9ziers<\/div>\n\n\n<div id=\"ls-maillage-block_31e04f1e55ba198bc21efe3eca8e8688\" class=\"ls-maillage cta-style-normal\" data-rows=\"3\">\n    <div class=\"wp-block-columns\"><div class=\"wp-block-column\"><div class=\"ls-cta\">\n\n<a href=\"https:\/\/www.champsblancstest.geek-tonic.dev\/de\/herault\/pezenas\/\" target=\"\" rel=\"noopener\" class=\"ls-cta__link\">\n\n\t<div class=\"ls-cta__image\"><img decoding=\"async\" src=\"https:\/\/www.champsblancstest.geek-tonic.dev\/wp-content\/uploads\/2019\/06\/camping-Pezenas-Commanderie-Saint-Jean-2.jpg\" alt=\"Campingplatz Pezenas Commanderie Saint Jean\"><\/div>\n\t<div class=\"ls-cta__title\">\n\t\t<span class=\"champs-blancs-coin-droit\"><\/span>\n\t\tP\u00e9zenas\t\t<span class=\"champs-blancs-arrow-down\"><\/span>\n\t<\/div>\n\n\t\n<\/a><\/div><\/div><div class=\"wp-block-column\"><div class=\"ls-cta\">\n\n<a href=\"https:\/\/www.champsblancstest.geek-tonic.dev\/de\/herault\/montpellier\/\" target=\"\" rel=\"noopener\" class=\"ls-cta__link\">\n\n\t<div class=\"ls-cta__image\"><img decoding=\"async\" src=\"https:\/\/www.champsblancstest.geek-tonic.dev\/wp-content\/uploads\/2023\/09\/camping-montpellier7-768x512.webp\" alt=\"camping montpellier7\"><\/div>\n\t<div class=\"ls-cta__title\">\n\t\t<span class=\"champs-blancs-coin-droit\"><\/span>\n\t\tMontpellier\t\t<span class=\"champs-blancs-arrow-down\"><\/span>\n\t<\/div>\n\n\t\n<\/a><\/div><\/div><div class=\"wp-block-column\"><div class=\"ls-cta\">\n\n<a href=\"https:\/\/www.champsblancstest.geek-tonic.dev\/de\/herault\/sete\/\" target=\"\" rel=\"noopener\" class=\"ls-cta__link\">\n\n\t<div class=\"ls-cta__image\"><img decoding=\"async\" src=\"https:\/\/www.champsblancstest.geek-tonic.dev\/wp-content\/uploads\/2023\/09\/camping-sete8-768x409.webp\" alt=\"camping s\u00e8te8\"><\/div>\n\t<div class=\"ls-cta__title\">\n\t\t<span class=\"champs-blancs-coin-droit\"><\/span>\n\t\tS\u00e8te\t\t<span class=\"champs-blancs-arrow-down\"><\/span>\n\t<\/div>\n\n\t\n<\/a><\/div><\/div><\/div><\/div>\n\n    <\/div>\n<\/section>","protected":false},"excerpt":{"rendered":"","protected":false},"author":1,"featured_media":8821,"parent":10631,"menu_order":0,"comment_status":"closed","ping_status":"closed","template":"","meta":{"_acf_changed":false,"footnotes":""},"sujet":[],"class_list":["post-10629","page","type-page","status-publish","has-post-thumbnail","hentry"],"acf":[],"yoast_head":"<!-- This site is optimized with the Yoast SEO plugin v22.6 - https:\/\/yoast.com\/wordpress\/plugins\/seo\/ -->\n<title>B\u00e9ziers Tourisme | Was kann man in B\u00e9ziers sehen, was kann man in B\u00e9ziers machen: die wichtigsten Sehensw\u00fcrdigkeiten<\/title>\n<meta name=\"description\" content=\"Lust auf Sightseeing in B\u00e9ziers? Entdecken Sie die sch\u00f6nsten Sehensw\u00fcrdigkeiten und die besten Aktivit\u00e4ten in B\u00e9ziers!\" \/>\n<meta name=\"robots\" content=\"noindex, follow, max-snippet:-1, max-image-preview:large, max-video-preview:-1\" \/>\n<meta property=\"og:locale\" content=\"de_DE\" \/>\n<meta property=\"og:type\" content=\"article\" \/>\n<meta property=\"og:title\" content=\"B\u00e9ziers Tourisme | Was kann man in B\u00e9ziers sehen, was kann man in B\u00e9ziers machen: die wichtigsten Sehensw\u00fcrdigkeiten\" \/>\n<meta property=\"og:description\" content=\"Lust auf Sightseeing in B\u00e9ziers? Entdecken Sie die sch\u00f6nsten Sehensw\u00fcrdigkeiten und die besten Aktivit\u00e4ten in B\u00e9ziers!\" \/>\n<meta property=\"og:url\" content=\"https:\/\/www.champsblancstest.geek-tonic.dev\/fr\/herault\/beziers\/\" \/>\n<meta property=\"og:site_name\" content=\"Les Champs Blancs\" \/>\n<meta property=\"article:modified_time\" content=\"2023-10-30T09:26:37+00:00\" \/>\n<meta property=\"og:image\" content=\"https:\/\/www.champsblancstest.geek-tonic.dev\/wp-content\/uploads\/2023\/09\/camping-pres-de-beziers-scaled-e1695632271571.webp\" \/>\n\t<meta property=\"og:image:width\" content=\"2560\" \/>\n\t<meta property=\"og:image:height\" content=\"1439\" \/>\n\t<meta property=\"og:image:type\" content=\"image\/webp\" \/>\n<meta name=\"twitter:card\" content=\"summary_large_image\" \/>\n<meta name=\"twitter:label1\" content=\"Gesch\u00e4tzte Lesezeit\" \/>\n\t<meta name=\"twitter:data1\" content=\"3\u00a0Minuten\" \/>\n<script type=\"application\/ld+json\" class=\"yoast-schema-graph\">{\"@context\":\"https:\/\/schema.org\",\"@graph\":[{\"@type\":\"WebPage\",\"@id\":\"https:\/\/www.champsblancstest.geek-tonic.dev\/fr\/herault\/beziers\/\",\"url\":\"https:\/\/www.champsblancstest.geek-tonic.dev\/fr\/herault\/beziers\/\",\"name\":\"B\u00e9ziers Tourisme | Was kann man in B\u00e9ziers sehen, was kann man in B\u00e9ziers machen: die wichtigsten Sehensw\u00fcrdigkeiten\",\"isPartOf\":{\"@id\":\"https:\/\/www.champsblancstest.geek-tonic.dev\/fr\/#website\"},\"primaryImageOfPage\":{\"@id\":\"https:\/\/www.champsblancstest.geek-tonic.dev\/fr\/herault\/beziers\/#primaryimage\"},\"image\":{\"@id\":\"https:\/\/www.champsblancstest.geek-tonic.dev\/fr\/herault\/beziers\/#primaryimage\"},\"thumbnailUrl\":\"https:\/\/www.champsblancstest.geek-tonic.dev\/wp-content\/uploads\/2023\/09\/camping-pres-de-beziers-scaled-e1695632271571.webp\",\"datePublished\":\"2023-10-19T10:09:01+00:00\",\"dateModified\":\"2023-10-30T09:26:37+00:00\",\"description\":\"Lust auf Sightseeing in B\u00e9ziers? Entdecken Sie die sch\u00f6nsten Sehensw\u00fcrdigkeiten und die besten Aktivit\u00e4ten in B\u00e9ziers!\",\"breadcrumb\":{\"@id\":\"https:\/\/www.champsblancstest.geek-tonic.dev\/fr\/herault\/beziers\/#breadcrumb\"},\"inLanguage\":\"de\",\"potentialAction\":[{\"@type\":\"ReadAction\",\"target\":[\"https:\/\/www.champsblancstest.geek-tonic.dev\/fr\/herault\/beziers\/\"]}]},{\"@type\":\"ImageObject\",\"inLanguage\":\"de\",\"@id\":\"https:\/\/www.champsblancstest.geek-tonic.dev\/fr\/herault\/beziers\/#primaryimage\",\"url\":\"https:\/\/www.champsblancstest.geek-tonic.dev\/wp-content\/uploads\/2023\/09\/camping-pres-de-beziers-scaled-e1695632271571.webp\",\"contentUrl\":\"https:\/\/www.champsblancstest.geek-tonic.dev\/wp-content\/uploads\/2023\/09\/camping-pres-de-beziers-scaled-e1695632271571.webp\",\"width\":2560,\"height\":1439,\"caption\":\"zeltplatz bei beziers\"},{\"@type\":\"BreadcrumbList\",\"@id\":\"https:\/\/www.champsblancstest.geek-tonic.dev\/fr\/herault\/beziers\/#breadcrumb\",\"itemListElement\":[{\"@type\":\"ListItem\",\"position\":1,\"name\":\"Campingplatz Cap d'Agde\",\"item\":\"https:\/\/www.champsblancstest.geek-tonic.dev\/fr\/\"},{\"@type\":\"ListItem\",\"position\":2,\"name\":\"Herault entdecken\",\"item\":\"https:\/\/www.champsblancstest.geek-tonic.dev\/fr\/herault\/\"},{\"@type\":\"ListItem\",\"position\":3,\"name\":\"Besuch B\u00e9ziers\"}]},{\"@type\":\"WebSite\",\"@id\":\"https:\/\/www.champsblancstest.geek-tonic.dev\/fr\/#website\",\"url\":\"https:\/\/www.champsblancstest.geek-tonic.dev\/fr\/\",\"name\":\"Les Champs Blancs\",\"description\":\"\",\"publisher\":{\"@id\":\"https:\/\/www.champsblancstest.geek-tonic.dev\/fr\/#organization\"},\"potentialAction\":[{\"@type\":\"SearchAction\",\"target\":{\"@type\":\"EntryPoint\",\"urlTemplate\":\"https:\/\/www.champsblancstest.geek-tonic.dev\/fr\/?s={search_term_string}\"},\"query-input\":\"required name=search_term_string\"}],\"inLanguage\":\"de\"},{\"@type\":\"Organization\",\"@id\":\"https:\/\/www.champsblancstest.geek-tonic.dev\/fr\/#organization\",\"name\":\"Les Champs Blancs\",\"url\":\"https:\/\/www.champsblancstest.geek-tonic.dev\/fr\/\",\"logo\":{\"@type\":\"ImageObject\",\"inLanguage\":\"de\",\"@id\":\"https:\/\/www.champsblancstest.geek-tonic.dev\/fr\/#\/schema\/logo\/image\/\",\"url\":\"https:\/\/www.champsblancstest.geek-tonic.dev\/wp-content\/uploads\/2023\/07\/logo-blanc-camping-les-champs-blancs.webp\",\"contentUrl\":\"https:\/\/www.champsblancstest.geek-tonic.dev\/wp-content\/uploads\/2023\/07\/logo-blanc-camping-les-champs-blancs.webp\",\"width\":821,\"height\":657,\"caption\":\"Les Champs Blancs\"},\"image\":{\"@id\":\"https:\/\/www.champsblancstest.geek-tonic.dev\/fr\/#\/schema\/logo\/image\/\"}}]}<\/script>\n<!-- \/ Yoast SEO plugin. -->","yoast_head_json":{"title":"B\u00e9ziers Tourisme | Was kann man in B\u00e9ziers sehen, was kann man in B\u00e9ziers machen: die wichtigsten Sehensw\u00fcrdigkeiten","description":"Lust auf Sightseeing in B\u00e9ziers? Entdecken Sie die sch\u00f6nsten Sehensw\u00fcrdigkeiten und die besten Aktivit\u00e4ten in B\u00e9ziers!","robots":{"index":"noindex","follow":"follow","max-snippet":"max-snippet:-1","max-image-preview":"max-image-preview:large","max-video-preview":"max-video-preview:-1"},"og_locale":"de_DE","og_type":"article","og_title":"B\u00e9ziers Tourisme | Was kann man in B\u00e9ziers sehen, was kann man in B\u00e9ziers machen: die wichtigsten Sehensw\u00fcrdigkeiten","og_description":"Lust auf Sightseeing in B\u00e9ziers? Entdecken Sie die sch\u00f6nsten Sehensw\u00fcrdigkeiten und die besten Aktivit\u00e4ten in B\u00e9ziers!","og_url":"https:\/\/www.champsblancstest.geek-tonic.dev\/fr\/herault\/beziers\/","og_site_name":"Les Champs Blancs","article_modified_time":"2023-10-30T09:26:37+00:00","og_image":[{"width":2560,"height":1439,"url":"https:\/\/www.champsblancstest.geek-tonic.dev\/wp-content\/uploads\/2023\/09\/camping-pres-de-beziers-scaled-e1695632271571.webp","type":"image\/webp"}],"twitter_card":"summary_large_image","twitter_misc":{"Gesch\u00e4tzte Lesezeit":"3\u00a0Minuten"},"schema":{"@context":"https:\/\/schema.org","@graph":[{"@type":"WebPage","@id":"https:\/\/www.champsblancstest.geek-tonic.dev\/fr\/herault\/beziers\/","url":"https:\/\/www.champsblancstest.geek-tonic.dev\/fr\/herault\/beziers\/","name":"B\u00e9ziers Tourisme | Was kann man in B\u00e9ziers sehen, was kann man in B\u00e9ziers machen: die wichtigsten Sehensw\u00fcrdigkeiten","isPartOf":{"@id":"https:\/\/www.champsblancstest.geek-tonic.dev\/fr\/#website"},"primaryImageOfPage":{"@id":"https:\/\/www.champsblancstest.geek-tonic.dev\/fr\/herault\/beziers\/#primaryimage"},"image":{"@id":"https:\/\/www.champsblancstest.geek-tonic.dev\/fr\/herault\/beziers\/#primaryimage"},"thumbnailUrl":"https:\/\/www.champsblancstest.geek-tonic.dev\/wp-content\/uploads\/2023\/09\/camping-pres-de-beziers-scaled-e1695632271571.webp","datePublished":"2023-10-19T10:09:01+00:00","dateModified":"2023-10-30T09:26:37+00:00","description":"Lust auf Sightseeing in B\u00e9ziers? Entdecken Sie die sch\u00f6nsten Sehensw\u00fcrdigkeiten und die besten Aktivit\u00e4ten in B\u00e9ziers!","breadcrumb":{"@id":"https:\/\/www.champsblancstest.geek-tonic.dev\/fr\/herault\/beziers\/#breadcrumb"},"inLanguage":"de","potentialAction":[{"@type":"ReadAction","target":["https:\/\/www.champsblancstest.geek-tonic.dev\/fr\/herault\/beziers\/"]}]},{"@type":"ImageObject","inLanguage":"de","@id":"https:\/\/www.champsblancstest.geek-tonic.dev\/fr\/herault\/beziers\/#primaryimage","url":"https:\/\/www.champsblancstest.geek-tonic.dev\/wp-content\/uploads\/2023\/09\/camping-pres-de-beziers-scaled-e1695632271571.webp","contentUrl":"https:\/\/www.champsblancstest.geek-tonic.dev\/wp-content\/uploads\/2023\/09\/camping-pres-de-beziers-scaled-e1695632271571.webp","width":2560,"height":1439,"caption":"zeltplatz bei beziers"},{"@type":"BreadcrumbList","@id":"https:\/\/www.champsblancstest.geek-tonic.dev\/fr\/herault\/beziers\/#breadcrumb","itemListElement":[{"@type":"ListItem","position":1,"name":"Campingplatz Cap d'Agde","item":"https:\/\/www.champsblancstest.geek-tonic.dev\/fr\/"},{"@type":"ListItem","position":2,"name":"Herault entdecken","item":"https:\/\/www.champsblancstest.geek-tonic.dev\/fr\/herault\/"},{"@type":"ListItem","position":3,"name":"Besuch B\u00e9ziers"}]},{"@type":"WebSite","@id":"https:\/\/www.champsblancstest.geek-tonic.dev\/fr\/#website","url":"https:\/\/www.champsblancstest.geek-tonic.dev\/fr\/","name":"Les Champs Blancs","description":"","publisher":{"@id":"https:\/\/www.champsblancstest.geek-tonic.dev\/fr\/#organization"},"potentialAction":[{"@type":"SearchAction","target":{"@type":"EntryPoint","urlTemplate":"https:\/\/www.champsblancstest.geek-tonic.dev\/fr\/?s={search_term_string}"},"query-input":"required name=search_term_string"}],"inLanguage":"de"},{"@type":"Organization","@id":"https:\/\/www.champsblancstest.geek-tonic.dev\/fr\/#organization","name":"Les Champs Blancs","url":"https:\/\/www.champsblancstest.geek-tonic.dev\/fr\/","logo":{"@type":"ImageObject","inLanguage":"de","@id":"https:\/\/www.champsblancstest.geek-tonic.dev\/fr\/#\/schema\/logo\/image\/","url":"https:\/\/www.champsblancstest.geek-tonic.dev\/wp-content\/uploads\/2023\/07\/logo-blanc-camping-les-champs-blancs.webp","contentUrl":"https:\/\/www.champsblancstest.geek-tonic.dev\/wp-content\/uploads\/2023\/07\/logo-blanc-camping-les-champs-blancs.webp","width":821,"height":657,"caption":"Les Champs Blancs"},"image":{"@id":"https:\/\/www.champsblancstest.geek-tonic.dev\/fr\/#\/schema\/logo\/image\/"}}]}},"_links":{"self":[{"href":"https:\/\/www.champsblancstest.geek-tonic.dev\/de\/wp-json\/wp\/v2\/pages\/10629","targetHints":{"allow":["GET"]}}],"collection":[{"href":"https:\/\/www.champsblancstest.geek-tonic.dev\/de\/wp-json\/wp\/v2\/pages"}],"about":[{"href":"https:\/\/www.champsblancstest.geek-tonic.dev\/de\/wp-json\/wp\/v2\/types\/page"}],"author":[{"embeddable":true,"href":"https:\/\/www.champsblancstest.geek-tonic.dev\/de\/wp-json\/wp\/v2\/users\/1"}],"replies":[{"embeddable":true,"href":"https:\/\/www.champsblancstest.geek-tonic.dev\/de\/wp-json\/wp\/v2\/comments?post=10629"}],"version-history":[{"count":2,"href":"https:\/\/www.champsblancstest.geek-tonic.dev\/de\/wp-json\/wp\/v2\/pages\/10629\/revisions"}],"predecessor-version":[{"id":15257,"href":"https:\/\/www.champsblancstest.geek-tonic.dev\/de\/wp-json\/wp\/v2\/pages\/10629\/revisions\/15257"}],"up":[{"embeddable":true,"href":"https:\/\/www.champsblancstest.geek-tonic.dev\/de\/wp-json\/wp\/v2\/pages\/10631"}],"wp:featuredmedia":[{"embeddable":true,"href":"https:\/\/www.champsblancstest.geek-tonic.dev\/de\/wp-json\/wp\/v2\/media\/8821"}],"wp:attachment":[{"href":"https:\/\/www.champsblancstest.geek-tonic.dev\/de\/wp-json\/wp\/v2\/media?parent=10629"}],"wp:term":[{"taxonomy":"sujet","embeddable":true,"href":"https:\/\/www.champsblancstest.geek-tonic.dev\/de\/wp-json\/wp\/v2\/sujet?post=10629"}],"curies":[{"name":"wp","href":"https:\/\/api.w.org\/{rel}","templated":true}]}}