{"id":10640,"date":"2023-10-19T12:09:03","date_gmt":"2023-10-19T10:09:03","guid":{"rendered":"https:\/\/www.champsblancstest.geek-tonic.dev\/marseillan\/"},"modified":"2023-11-22T10:40:52","modified_gmt":"2023-11-22T09:40:52","slug":"marseillan","status":"publish","type":"page","link":"https:\/\/www.champsblancstest.geek-tonic.dev\/de\/herault\/marseillan\/","title":{"rendered":"Marseillan"},"content":{"rendered":"<section id=\"ls-section-block_0708c25a8238f48e5bd5cfd824fe5339\" class=\"ls-section  home-first page-one\" >\n        <div class=\"container container--full\">\n        \n\n<div class=\"wp-block-columns are-vertically-aligned-center is-layout-flex wp-container-core-columns-is-layout-9d6595d7 wp-block-columns-is-layout-flex\">\n<div class=\"wp-block-column is-vertically-aligned-center is-layout-flow wp-block-column-is-layout-flow\" style=\"flex-basis:53%\">\n<figure class=\"wp-block-gallery has-nested-images columns-default is-cropped animated fadeInLeft slow wp-block-gallery-1 is-layout-flex wp-block-gallery-is-layout-flex\">\n<figure class=\"wp-block-image size-full\"><a href=\"https:\/\/www.champsblancstest.geek-tonic.dev\/wp-content\/uploads\/2023\/09\/camping-marseillan-3.webp\"><img decoding=\"async\" width=\"1669\" height=\"2500\" data-id=\"9093\" src=\"https:\/\/www.champsblancstest.geek-tonic.dev\/wp-content\/uploads\/2023\/09\/camping-marseillan-3.webp\" alt=\"camping marseillan 3\" class=\"wp-image-9093\" srcset=\"https:\/\/www.champsblancstest.geek-tonic.dev\/wp-content\/uploads\/2023\/09\/camping-marseillan-3.webp 1669w, https:\/\/www.champsblancstest.geek-tonic.dev\/wp-content\/uploads\/2023\/09\/camping-marseillan-3-200x300.webp 200w, https:\/\/www.champsblancstest.geek-tonic.dev\/wp-content\/uploads\/2023\/09\/camping-marseillan-3-684x1024.webp 684w, https:\/\/www.champsblancstest.geek-tonic.dev\/wp-content\/uploads\/2023\/09\/camping-marseillan-3-768x1150.webp 768w, https:\/\/www.champsblancstest.geek-tonic.dev\/wp-content\/uploads\/2023\/09\/camping-marseillan-3-1025x1536.webp 1025w, https:\/\/www.champsblancstest.geek-tonic.dev\/wp-content\/uploads\/2023\/09\/camping-marseillan-3-1367x2048.webp 1367w\" sizes=\"(max-width: 1669px) 100vw, 1669px\" \/><\/a><\/figure>\n<\/figure>\n<\/div>\n\n\n\n<div class=\"wp-block-column is-vertically-aligned-center is-layout-flow wp-block-column-is-layout-flow\" style=\"flex-basis:47%\">\n<h1 class=\"ls__heading wp-block-heading\">Marseillan Tourismus<\/h1>\n\n\n\n<p class=\"ls-paragraph\">Wenn Sie <a href=\"https:\/\/www.champsblancstest.geek-tonic.dev\/de\/herault\/\">Tourismus im H\u00e9rault<\/a> machen, wird Marseillan zweifellos einer der unumg\u00e4nglichen Besuche w\u00e4hrend Ihres <a href=\"https:\/\/www.champsblancstest.geek-tonic.dev\/de\/\">Campingaufenthalts in Cap d&#8217;Agde<\/a> Les Champs Blancs sein!<\/p>\n\n\n\n<h2 class=\"ls__heading wp-block-heading\">Was kann man in Marseillan Plage unternehmen?<\/h2>\n\n\n\n<p class=\"ls-paragraph\">Dieser Ort im Bas-Languedoc wird sowohl wegen seines reichen historischen Erbes als auch wegen der Sch\u00f6nheit seiner nat\u00fcrlichen Sehensw\u00fcrdigkeiten gesch\u00e4tzt.<br\/>Das Reiseziel ist vor allem f\u00fcr seinen <strong>6 km langen feinen Sandstrand<\/strong> und das t\u00fcrkisfarbene, klare Wasser bekannt.<br\/>Neben dem Baden warten in Marseillan Plage mehrere <strong>Wassersportaktivit\u00e4ten <\/strong>auf die Urlauber, darunter Segeln, Stand-up-Paddling, Tauchen oder Bootstouren.<br\/>Der Ort mit seinen Attraktionen und Restaurants bietet zudem <strong>besonders lebhafte Abende<\/strong>.<br\/>Der Aufenthalt bietet auch die Gelegenheit,<strong>durch die Stra\u00dfen des Dorfes zu schlendern.<\/strong> Es ist eine gute Gelegenheit, seine Bewohner zu treffen, die charmanten alten H\u00e4user zu entdecken oder auch den Hafen zu besuchen, dessen Kais zu Spazierg\u00e4ngen einladen.<br\/>Viele Urlauber genie\u00dfen auch eine Fahrt auf dem Canal du Midi, ein Ausflug, der einen Panoramablick auf den <strong>Hafen von Marseillan<\/strong> bietet.<br\/>Man kann auch verschiedene Outdoor-Aktivit\u00e4ten wie Tennis, Go-Kart fahren oder Fahrradtouren erw\u00e4hnen.<\/p>\n<\/div>\n<\/div>\n\n\n    <\/div>\n<\/section><section id=\"ls-section-block_af78b6f5948d2fa76f18fb495fba0446\" class=\"ls-section  home-sixth page-three has-background-image has-parallax-child\" >\n    <div class=\"ls-section__background-image opacity-100\"><img decoding=\"async\" src=\"https:\/\/www.champsblancstest.geek-tonic.dev\/wp-content\/uploads\/2023\/09\/camping-marseillan-5-scaled.webp\" alt=\"camping marseillan 5\"><\/div>    <div class=\"container container--wide\">\n        \n\n<div class=\"wp-block-columns are-vertically-aligned-center is-layout-flex wp-container-core-columns-is-layout-9d6595d7 wp-block-columns-is-layout-flex\">\n<div class=\"wp-block-column is-vertically-aligned-center wp-block-column__text animated fadeInUp delay-100ms slow is-layout-flow wp-block-column-is-layout-flow\" style=\"flex-basis:66.66%\">\n<h2 class=\"ls__heading wp-block-heading\">Besuchen Sie Marseillan im H\u00e9rault<\/h2>\n\n\n\n<p class=\"ls-paragraph\">Von den r\u00f6mischen \u00dcberresten, den ersten Spuren seiner Gr\u00fcndung in der Antike, bis hin zu seinem Jachthafen und seiner Badestadt Marseillan-Plage besitzt Marseillan mehrere Gesichter, die sowohl der Tradition als auch der Moderne zugewandt sind. Die Stadt profitiert von der Dynamik des Ballungsraums <a href=\"https:\/\/www.champsblancstest.geek-tonic.dev\/de\/herault\/sete\/\">S\u00e8te<\/a> Agglopole M\u00e9diterran\u00e9e und bewahrt gleichzeitig den Charme vergangener Zeiten, der sie so einzigartig macht. Seine verschiedenen Naturr\u00e4ume und sein architektonisches Erbe bieten den Besuchern eine gro\u00dfe Auswahl an Aktivit\u00e4ten, die sie das ganze Jahr \u00fcber aus\u00fcben k\u00f6nnen.<\/p>\n\n\n\n<p class=\"ls-paragraph\">Wenn Sie gerne baden und Wassersport treiben, empf\u00e4ngt Sie der 4 km lange feine Sandstrand f\u00fcr ein paar Stunden voller Nervenkitzel, Erfrischung und Flucht zwischen Meer und Lagune. Wenn Sie sich im Sommer auf einem <a href=\"https:\/\/www.champsblancstest.geek-tonic.dev\/de\/campingplatz-marseillan\/\">Campingplatz in Marseillan<\/a> aufhalten, sind die Str\u00e4nde in der N\u00e4he des Hafens (Honneur, Robinson est) belebter.<\/p>\n<\/div>\n\n\n\n<div class=\"wp-block-column is-vertically-aligned-center is-layout-flow wp-block-column-is-layout-flow\" style=\"flex-basis:33.33%\">\n<div id=\"ls-heading ls-titre-div-block_779a425aaef4408a986b85a4ad4d3f9c\" class=\"ls-titre-div h1-like\" >\n    Segeln  <br><strong>zwischen den Gassen<\/strong><\/div>\n<\/div>\n<\/div>\n\n\n    <\/div>\n<\/section><section id=\"ls-section-block_dae0bf769235c427d520e81e142a9030\" class=\"ls-section  home-first page-two\" >\n        <div class=\"container container--full\">\n        \n\n<div class=\"wp-block-columns are-vertically-aligned-center is-layout-flex wp-container-core-columns-is-layout-9d6595d7 wp-block-columns-is-layout-flex\">\n<div class=\"wp-block-column is-vertically-aligned-center is-layout-flow wp-block-column-is-layout-flow\" style=\"flex-basis:47%\">\n<h2 class=\"ls__heading wp-block-heading\">Top 5 Aktivit\u00e4ten in Marseillan<\/h2>\n\n\n\n<ul class=\"ls-list wp-block-list\">\n<li><strong>In der Abendd\u00e4mmerung auf der Promenade des Ehrenstrandes spazieren gehen<\/strong>: Zwischen dem Hafen und der Avenue de la M\u00e9diterran\u00e9e wurde eine sch\u00f6ne Promenade angelegt. Sie wird von Wanderern, L\u00e4ufern und Familien gleicherma\u00dfen stark frequentiert. Der perfekte Zeitpunkt, um sie zu entdecken? Wahrscheinlich bei Sonnenuntergang, wenn unser geliebter Stern sich unter dem Wasser des Mittelmeers versteckt.<\/li>\n\n\n\n<li><strong>Machen Sie eine Bootsfahrt auf dem Canal du Midi und dem \u00c9tang de Thau<\/strong>: Dies ist eine der beliebtesten Aktivit\u00e4ten, die alle Altersgruppen und Zielgruppen anspricht. Besuchen Sie den Hafen, um die Boote zu sehen und sich \u00fcber die angebotenen Formeln, Preise und Abfahrtszeiten zu informieren.<\/li>\n\n\n\n<li><strong>Boote im Yachthafen bewundern<\/strong>: K\u00e4hne, Segelboote, Katamarane, Ruderboote: Im Hafen von Marseillan k\u00f6nnen bis zu 320 Boote anlegen. Es \u00f6ffnet sich nicht zum Meer hin, sondern zum \u00c9tang de Thau, ein Detail, das Ihnen sicherlich nicht entgehen wird.<\/li>\n\n\n\n<li><strong>Mieten Sie ein Fahrrad und nutzen Sie die Radwege<\/strong>: An den Ufern des \u00c9tang de Thau wurden mehrere Radwege angelegt. Mieten Sie ein Fahrrad f\u00fcr einen Tag oder einen halben Tag und erleben Sie die Freuden des Radfahrens mit der ganzen Familie in aller Sicherheit. Ein Tipp: Sie k\u00f6nnen auf dem Hinweg am Nordufer entlang fahren und in M\u00e8ze einen Zwischenstopp einlegen, in S\u00e8te etwas essen und trinken und dann am S\u00fcdufer zur\u00fcckfahren. Die Aussichten auf dem R\u00fcckweg sind fabelhaft, mit dem Meer zur Linken und den Flamingos, die den Teich zur Rechten bev\u00f6lkern.<\/li>\n\n\n\n<li><strong>Den Wermut des Hauses Noilly Prat probieren<\/strong>: Das am Ufer des \u00c9tang de Thau gelegene Haus Noilly Prat ist seit 1913 auf die Herstellung eines aromatisierten Weins spezialisiert: den Wermut. Sie m\u00fcssen kein \u00d6nologe oder Weinliebhaber sein, um den Besuch und nat\u00fcrlich die Verkostung zu genie\u00dfen.<\/li>\n<\/ul>\n\n\n\n<p class=\"ls-paragraph\">Entdecken Sie weitere Sehensw\u00fcrdigkeiten<a href=\"https:\/\/www.marseillan.com\/\" target=\"_blank\" rel=\"noreferrer noopener\"> in Marseillan<\/a>.<\/p>\n<\/div>\n\n\n\n<div class=\"wp-block-column is-vertically-aligned-center is-layout-flow wp-block-column-is-layout-flow\" style=\"flex-basis:53%\">\n<figure class=\"wp-block-gallery has-nested-images columns-default is-cropped animated fadeInRight slow delay-200ms wp-block-gallery-2 is-layout-flex wp-block-gallery-is-layout-flex\">\n<figure class=\"wp-block-image size-full\"><a href=\"https:\/\/www.champsblancstest.geek-tonic.dev\/wp-content\/uploads\/2023\/09\/camping-marseillan-2.webp\"><img decoding=\"async\" width=\"2394\" height=\"1624\" data-id=\"9098\" src=\"https:\/\/www.champsblancstest.geek-tonic.dev\/wp-content\/uploads\/2023\/09\/camping-marseillan-2.webp\" alt=\"camping marseillan 2\" class=\"wp-image-9098\" srcset=\"https:\/\/www.champsblancstest.geek-tonic.dev\/wp-content\/uploads\/2023\/09\/camping-marseillan-2.webp 2394w, https:\/\/www.champsblancstest.geek-tonic.dev\/wp-content\/uploads\/2023\/09\/camping-marseillan-2-300x204.webp 300w, https:\/\/www.champsblancstest.geek-tonic.dev\/wp-content\/uploads\/2023\/09\/camping-marseillan-2-1024x695.webp 1024w, https:\/\/www.champsblancstest.geek-tonic.dev\/wp-content\/uploads\/2023\/09\/camping-marseillan-2-768x521.webp 768w, https:\/\/www.champsblancstest.geek-tonic.dev\/wp-content\/uploads\/2023\/09\/camping-marseillan-2-1536x1042.webp 1536w, https:\/\/www.champsblancstest.geek-tonic.dev\/wp-content\/uploads\/2023\/09\/camping-marseillan-2-2048x1389.webp 2048w\" sizes=\"(max-width: 2394px) 100vw, 2394px\" \/><\/a><\/figure>\n<\/figure>\n<\/div>\n<\/div>\n\n\n    <\/div>\n<\/section><section id=\"ls-section-block_0e6c2b878334e0ec6b8a57b4d9daa402\" class=\"ls-section  page-four animated fadeInUp slow delay-100ms\" >\n        <div class=\"container container--wide\">\n        \n\n<div id=\"ls-heading ls-titre-div-block_6d482dcc2c1914d0a24e4189b5364860\" class=\"ls-titre-div aligncenter h2-like\" >\n    Entdecken Sie in der N\u00e4he von Marseillan<\/div>\n\n\n<div id=\"ls-maillage-block_91b8d75d84d68906b938b3b1a12e7b3d\" class=\"ls-maillage cta-style-normal\" data-rows=\"3\">\n    <div class=\"wp-block-columns\"><div class=\"wp-block-column\"><div class=\"ls-cta\">\n\n<a href=\"https:\/\/www.champsblancstest.geek-tonic.dev\/de\/herault\/pezenas\/\" target=\"\" rel=\"noopener\" class=\"ls-cta__link\">\n\n\t<div class=\"ls-cta__image\"><img decoding=\"async\" src=\"https:\/\/www.champsblancstest.geek-tonic.dev\/wp-content\/uploads\/2019\/06\/camping-Pezenas-Commanderie-Saint-Jean-2.jpg\" alt=\"Campingplatz Pezenas Commanderie Saint Jean\"><\/div>\n\t<div class=\"ls-cta__title\">\n\t\t<span class=\"champs-blancs-coin-droit\"><\/span>\n\t\tP\u00e9zenas\t\t<span class=\"champs-blancs-arrow-down\"><\/span>\n\t<\/div>\n\n\t\n<\/a><\/div><\/div><div class=\"wp-block-column\"><div class=\"ls-cta\">\n\n<a href=\"https:\/\/www.champsblancstest.geek-tonic.dev\/de\/herault\/vias\/\" target=\"\" rel=\"noopener\" class=\"ls-cta__link\">\n\n\t<div class=\"ls-cta__image\"><img decoding=\"async\" src=\"https:\/\/www.champsblancstest.geek-tonic.dev\/wp-content\/uploads\/2023\/09\/camping-vias-plage-6-768x512.webp\" alt=\"camping vias plage 6\"><\/div>\n\t<div class=\"ls-cta__title\">\n\t\t<span class=\"champs-blancs-coin-droit\"><\/span>\n\t\tVias\t\t<span class=\"champs-blancs-arrow-down\"><\/span>\n\t<\/div>\n\n\t\n<\/a><\/div><\/div><div class=\"wp-block-column\"><div class=\"ls-cta\">\n\n<a href=\"https:\/\/www.champsblancstest.geek-tonic.dev\/de\/herault\/tourismus-agde\/\" target=\"\" rel=\"noopener\" class=\"ls-cta__link\">\n\n\t<div class=\"ls-cta__image\"><img decoding=\"async\" src=\"https:\/\/www.champsblancstest.geek-tonic.dev\/wp-content\/uploads\/2023\/09\/camping-agde-5-768x512.webp\" alt=\"camping agde 5\"><\/div>\n\t<div class=\"ls-cta__title\">\n\t\t<span class=\"champs-blancs-coin-droit\"><\/span>\n\t\tAgde\t\t<span class=\"champs-blancs-arrow-down\"><\/span>\n\t<\/div>\n\n\t\n<\/a><\/div><\/div><\/div><\/div>\n\n    <\/div>\n<\/section>","protected":false},"excerpt":{"rendered":"","protected":false},"author":1,"featured_media":9091,"parent":10631,"menu_order":0,"comment_status":"closed","ping_status":"closed","template":"","meta":{"_acf_changed":false,"footnotes":""},"sujet":[],"class_list":["post-10640","page","type-page","status-publish","has-post-thumbnail","hentry"],"acf":[],"yoast_head":"<!-- This site is optimized with the Yoast SEO plugin v22.6 - https:\/\/yoast.com\/wordpress\/plugins\/seo\/ -->\n<title>Marseillan Tourismus: Was gibt es in Marseillan zu sehen, was zu tun?<\/title>\n<meta name=\"description\" content=\"Lust auf Sightseeing in Marseillan? Entdecken Sie die sch\u00f6nsten Sehensw\u00fcrdigkeiten und die besten Aktivit\u00e4ten in Marseillan!\" \/>\n<meta name=\"robots\" content=\"noindex, follow, max-snippet:-1, max-image-preview:large, max-video-preview:-1\" \/>\n<meta property=\"og:locale\" content=\"de_DE\" \/>\n<meta property=\"og:type\" content=\"article\" \/>\n<meta property=\"og:title\" content=\"Marseillan Tourismus: Was gibt es in Marseillan zu sehen, was zu tun?\" \/>\n<meta property=\"og:description\" content=\"Lust auf Sightseeing in Marseillan? Entdecken Sie die sch\u00f6nsten Sehensw\u00fcrdigkeiten und die besten Aktivit\u00e4ten in Marseillan!\" \/>\n<meta property=\"og:url\" content=\"https:\/\/www.champsblancstest.geek-tonic.dev\/fr\/herault\/marseillan\/\" \/>\n<meta property=\"og:site_name\" content=\"Les Champs Blancs\" \/>\n<meta property=\"article:modified_time\" content=\"2023-11-22T09:40:52+00:00\" \/>\n<meta property=\"og:image\" content=\"https:\/\/www.champsblancstest.geek-tonic.dev\/wp-content\/uploads\/2023\/09\/camping-marseillan-4-scaled.webp\" \/>\n\t<meta property=\"og:image:width\" content=\"2560\" \/>\n\t<meta property=\"og:image:height\" content=\"1704\" \/>\n\t<meta property=\"og:image:type\" content=\"image\/webp\" \/>\n<meta name=\"twitter:card\" content=\"summary_large_image\" \/>\n<meta name=\"twitter:label1\" content=\"Gesch\u00e4tzte Lesezeit\" \/>\n\t<meta name=\"twitter:data1\" content=\"3\u00a0Minuten\" \/>\n<script type=\"application\/ld+json\" class=\"yoast-schema-graph\">{\"@context\":\"https:\/\/schema.org\",\"@graph\":[{\"@type\":\"WebPage\",\"@id\":\"https:\/\/www.champsblancstest.geek-tonic.dev\/fr\/herault\/marseillan\/\",\"url\":\"https:\/\/www.champsblancstest.geek-tonic.dev\/fr\/herault\/marseillan\/\",\"name\":\"Marseillan Tourismus: Was gibt es in Marseillan zu sehen, was zu tun?\",\"isPartOf\":{\"@id\":\"https:\/\/www.champsblancstest.geek-tonic.dev\/fr\/#website\"},\"primaryImageOfPage\":{\"@id\":\"https:\/\/www.champsblancstest.geek-tonic.dev\/fr\/herault\/marseillan\/#primaryimage\"},\"image\":{\"@id\":\"https:\/\/www.champsblancstest.geek-tonic.dev\/fr\/herault\/marseillan\/#primaryimage\"},\"thumbnailUrl\":\"https:\/\/www.champsblancstest.geek-tonic.dev\/wp-content\/uploads\/2023\/09\/camping-marseillan-4-scaled.webp\",\"datePublished\":\"2023-10-19T10:09:03+00:00\",\"dateModified\":\"2023-11-22T09:40:52+00:00\",\"description\":\"Lust auf Sightseeing in Marseillan? Entdecken Sie die sch\u00f6nsten Sehensw\u00fcrdigkeiten und die besten Aktivit\u00e4ten in Marseillan!\",\"breadcrumb\":{\"@id\":\"https:\/\/www.champsblancstest.geek-tonic.dev\/fr\/herault\/marseillan\/#breadcrumb\"},\"inLanguage\":\"de\",\"potentialAction\":[{\"@type\":\"ReadAction\",\"target\":[\"https:\/\/www.champsblancstest.geek-tonic.dev\/fr\/herault\/marseillan\/\"]}]},{\"@type\":\"ImageObject\",\"inLanguage\":\"de\",\"@id\":\"https:\/\/www.champsblancstest.geek-tonic.dev\/fr\/herault\/marseillan\/#primaryimage\",\"url\":\"https:\/\/www.champsblancstest.geek-tonic.dev\/wp-content\/uploads\/2023\/09\/camping-marseillan-4-scaled.webp\",\"contentUrl\":\"https:\/\/www.champsblancstest.geek-tonic.dev\/wp-content\/uploads\/2023\/09\/camping-marseillan-4-scaled.webp\",\"width\":2560,\"height\":1704,\"caption\":\"camping marseillan 4\"},{\"@type\":\"BreadcrumbList\",\"@id\":\"https:\/\/www.champsblancstest.geek-tonic.dev\/fr\/herault\/marseillan\/#breadcrumb\",\"itemListElement\":[{\"@type\":\"ListItem\",\"position\":1,\"name\":\"Campingplatz Cap d'Agde\",\"item\":\"https:\/\/www.champsblancstest.geek-tonic.dev\/fr\/\"},{\"@type\":\"ListItem\",\"position\":2,\"name\":\"Herault entdecken\",\"item\":\"https:\/\/www.champsblancstest.geek-tonic.dev\/fr\/herault\/\"},{\"@type\":\"ListItem\",\"position\":3,\"name\":\"Marseillan\"}]},{\"@type\":\"WebSite\",\"@id\":\"https:\/\/www.champsblancstest.geek-tonic.dev\/fr\/#website\",\"url\":\"https:\/\/www.champsblancstest.geek-tonic.dev\/fr\/\",\"name\":\"Les Champs Blancs\",\"description\":\"\",\"publisher\":{\"@id\":\"https:\/\/www.champsblancstest.geek-tonic.dev\/fr\/#organization\"},\"potentialAction\":[{\"@type\":\"SearchAction\",\"target\":{\"@type\":\"EntryPoint\",\"urlTemplate\":\"https:\/\/www.champsblancstest.geek-tonic.dev\/fr\/?s={search_term_string}\"},\"query-input\":\"required name=search_term_string\"}],\"inLanguage\":\"de\"},{\"@type\":\"Organization\",\"@id\":\"https:\/\/www.champsblancstest.geek-tonic.dev\/fr\/#organization\",\"name\":\"Les Champs Blancs\",\"url\":\"https:\/\/www.champsblancstest.geek-tonic.dev\/fr\/\",\"logo\":{\"@type\":\"ImageObject\",\"inLanguage\":\"de\",\"@id\":\"https:\/\/www.champsblancstest.geek-tonic.dev\/fr\/#\/schema\/logo\/image\/\",\"url\":\"https:\/\/www.champsblancstest.geek-tonic.dev\/wp-content\/uploads\/2023\/07\/logo-blanc-camping-les-champs-blancs.webp\",\"contentUrl\":\"https:\/\/www.champsblancstest.geek-tonic.dev\/wp-content\/uploads\/2023\/07\/logo-blanc-camping-les-champs-blancs.webp\",\"width\":821,\"height\":657,\"caption\":\"Les Champs Blancs\"},\"image\":{\"@id\":\"https:\/\/www.champsblancstest.geek-tonic.dev\/fr\/#\/schema\/logo\/image\/\"}}]}<\/script>\n<!-- \/ Yoast SEO plugin. -->","yoast_head_json":{"title":"Marseillan Tourismus: Was gibt es in Marseillan zu sehen, was zu tun?","description":"Lust auf Sightseeing in Marseillan? Entdecken Sie die sch\u00f6nsten Sehensw\u00fcrdigkeiten und die besten Aktivit\u00e4ten in Marseillan!","robots":{"index":"noindex","follow":"follow","max-snippet":"max-snippet:-1","max-image-preview":"max-image-preview:large","max-video-preview":"max-video-preview:-1"},"og_locale":"de_DE","og_type":"article","og_title":"Marseillan Tourismus: Was gibt es in Marseillan zu sehen, was zu tun?","og_description":"Lust auf Sightseeing in Marseillan? Entdecken Sie die sch\u00f6nsten Sehensw\u00fcrdigkeiten und die besten Aktivit\u00e4ten in Marseillan!","og_url":"https:\/\/www.champsblancstest.geek-tonic.dev\/fr\/herault\/marseillan\/","og_site_name":"Les Champs Blancs","article_modified_time":"2023-11-22T09:40:52+00:00","og_image":[{"width":2560,"height":1704,"url":"https:\/\/www.champsblancstest.geek-tonic.dev\/wp-content\/uploads\/2023\/09\/camping-marseillan-4-scaled.webp","type":"image\/webp"}],"twitter_card":"summary_large_image","twitter_misc":{"Gesch\u00e4tzte Lesezeit":"3\u00a0Minuten"},"schema":{"@context":"https:\/\/schema.org","@graph":[{"@type":"WebPage","@id":"https:\/\/www.champsblancstest.geek-tonic.dev\/fr\/herault\/marseillan\/","url":"https:\/\/www.champsblancstest.geek-tonic.dev\/fr\/herault\/marseillan\/","name":"Marseillan Tourismus: Was gibt es in Marseillan zu sehen, was zu tun?","isPartOf":{"@id":"https:\/\/www.champsblancstest.geek-tonic.dev\/fr\/#website"},"primaryImageOfPage":{"@id":"https:\/\/www.champsblancstest.geek-tonic.dev\/fr\/herault\/marseillan\/#primaryimage"},"image":{"@id":"https:\/\/www.champsblancstest.geek-tonic.dev\/fr\/herault\/marseillan\/#primaryimage"},"thumbnailUrl":"https:\/\/www.champsblancstest.geek-tonic.dev\/wp-content\/uploads\/2023\/09\/camping-marseillan-4-scaled.webp","datePublished":"2023-10-19T10:09:03+00:00","dateModified":"2023-11-22T09:40:52+00:00","description":"Lust auf Sightseeing in Marseillan? Entdecken Sie die sch\u00f6nsten Sehensw\u00fcrdigkeiten und die besten Aktivit\u00e4ten in Marseillan!","breadcrumb":{"@id":"https:\/\/www.champsblancstest.geek-tonic.dev\/fr\/herault\/marseillan\/#breadcrumb"},"inLanguage":"de","potentialAction":[{"@type":"ReadAction","target":["https:\/\/www.champsblancstest.geek-tonic.dev\/fr\/herault\/marseillan\/"]}]},{"@type":"ImageObject","inLanguage":"de","@id":"https:\/\/www.champsblancstest.geek-tonic.dev\/fr\/herault\/marseillan\/#primaryimage","url":"https:\/\/www.champsblancstest.geek-tonic.dev\/wp-content\/uploads\/2023\/09\/camping-marseillan-4-scaled.webp","contentUrl":"https:\/\/www.champsblancstest.geek-tonic.dev\/wp-content\/uploads\/2023\/09\/camping-marseillan-4-scaled.webp","width":2560,"height":1704,"caption":"camping marseillan 4"},{"@type":"BreadcrumbList","@id":"https:\/\/www.champsblancstest.geek-tonic.dev\/fr\/herault\/marseillan\/#breadcrumb","itemListElement":[{"@type":"ListItem","position":1,"name":"Campingplatz Cap d'Agde","item":"https:\/\/www.champsblancstest.geek-tonic.dev\/fr\/"},{"@type":"ListItem","position":2,"name":"Herault entdecken","item":"https:\/\/www.champsblancstest.geek-tonic.dev\/fr\/herault\/"},{"@type":"ListItem","position":3,"name":"Marseillan"}]},{"@type":"WebSite","@id":"https:\/\/www.champsblancstest.geek-tonic.dev\/fr\/#website","url":"https:\/\/www.champsblancstest.geek-tonic.dev\/fr\/","name":"Les Champs Blancs","description":"","publisher":{"@id":"https:\/\/www.champsblancstest.geek-tonic.dev\/fr\/#organization"},"potentialAction":[{"@type":"SearchAction","target":{"@type":"EntryPoint","urlTemplate":"https:\/\/www.champsblancstest.geek-tonic.dev\/fr\/?s={search_term_string}"},"query-input":"required name=search_term_string"}],"inLanguage":"de"},{"@type":"Organization","@id":"https:\/\/www.champsblancstest.geek-tonic.dev\/fr\/#organization","name":"Les Champs Blancs","url":"https:\/\/www.champsblancstest.geek-tonic.dev\/fr\/","logo":{"@type":"ImageObject","inLanguage":"de","@id":"https:\/\/www.champsblancstest.geek-tonic.dev\/fr\/#\/schema\/logo\/image\/","url":"https:\/\/www.champsblancstest.geek-tonic.dev\/wp-content\/uploads\/2023\/07\/logo-blanc-camping-les-champs-blancs.webp","contentUrl":"https:\/\/www.champsblancstest.geek-tonic.dev\/wp-content\/uploads\/2023\/07\/logo-blanc-camping-les-champs-blancs.webp","width":821,"height":657,"caption":"Les Champs Blancs"},"image":{"@id":"https:\/\/www.champsblancstest.geek-tonic.dev\/fr\/#\/schema\/logo\/image\/"}}]}},"_links":{"self":[{"href":"https:\/\/www.champsblancstest.geek-tonic.dev\/de\/wp-json\/wp\/v2\/pages\/10640","targetHints":{"allow":["GET"]}}],"collection":[{"href":"https:\/\/www.champsblancstest.geek-tonic.dev\/de\/wp-json\/wp\/v2\/pages"}],"about":[{"href":"https:\/\/www.champsblancstest.geek-tonic.dev\/de\/wp-json\/wp\/v2\/types\/page"}],"author":[{"embeddable":true,"href":"https:\/\/www.champsblancstest.geek-tonic.dev\/de\/wp-json\/wp\/v2\/users\/1"}],"replies":[{"embeddable":true,"href":"https:\/\/www.champsblancstest.geek-tonic.dev\/de\/wp-json\/wp\/v2\/comments?post=10640"}],"version-history":[{"count":3,"href":"https:\/\/www.champsblancstest.geek-tonic.dev\/de\/wp-json\/wp\/v2\/pages\/10640\/revisions"}],"predecessor-version":[{"id":15732,"href":"https:\/\/www.champsblancstest.geek-tonic.dev\/de\/wp-json\/wp\/v2\/pages\/10640\/revisions\/15732"}],"up":[{"embeddable":true,"href":"https:\/\/www.champsblancstest.geek-tonic.dev\/de\/wp-json\/wp\/v2\/pages\/10631"}],"wp:featuredmedia":[{"embeddable":true,"href":"https:\/\/www.champsblancstest.geek-tonic.dev\/de\/wp-json\/wp\/v2\/media\/9091"}],"wp:attachment":[{"href":"https:\/\/www.champsblancstest.geek-tonic.dev\/de\/wp-json\/wp\/v2\/media?parent=10640"}],"wp:term":[{"taxonomy":"sujet","embeddable":true,"href":"https:\/\/www.champsblancstest.geek-tonic.dev\/de\/wp-json\/wp\/v2\/sujet?post=10640"}],"curies":[{"name":"wp","href":"https:\/\/api.w.org\/{rel}","templated":true}]}}