{"id":10656,"date":"2023-10-19T12:09:05","date_gmt":"2023-10-19T10:09:05","guid":{"rendered":"https:\/\/www.champsblancstest.geek-tonic.dev\/caravaning-premium-agde\/"},"modified":"2023-11-15T15:14:38","modified_gmt":"2023-11-15T14:14:38","slug":"premium-campingurlaub-agde","status":"publish","type":"page","link":"https:\/\/www.champsblancstest.geek-tonic.dev\/de\/premium-campingurlaub-agde\/","title":{"rendered":"Premium-Pl\u00e4tze"},"content":{"rendered":"<section id=\"ls-section-block_3d0773f55108ebe44df27accb7f5f905\" class=\"ls-section  m-t-4 has-background has-color-3-background-color\" >\n        <div class=\"container \">\n        \n\n<h1 class=\"ls__heading wp-block-heading has-text-align-center h1-hebergements m-b-3\">Campingplatz mit privaten Sanit\u00e4ranlagen <strong>auf Stellpl\u00e4tzen in Agde<\/strong><\/h1>\n\n\n\n<div class=\"wp-block-columns ls-ctv-wrapper is-layout-flex wp-container-core-columns-is-layout-9d6595d7 wp-block-columns-is-layout-flex\">\n<div class=\"wp-block-column is-layout-flow wp-block-column-is-layout-flow\">\n<script>\n    window.ctoutvert = {\n\t\tid: 2482, \n\t\tlang: 'auto', \n\t\turl: 'https:\/\/bookingpremium.secureholiday.net\/widgets\/'\n    };\n\n    (function (w, d, s, ctv, r, js, fjs) {\n        r=new XMLHttpRequest();r.open('GET',w[ctv].url+'js\/src.json');\n        r.responseType='json';r.json=true;r.send();\n        r.onload=function(){w[ctv].src=r.responseType=='json'?r.response:JSON.parse(r.response);\n        js.src=w[ctv].src[0];fjs.parentNode.insertBefore(js, fjs);}\n        js=d.createElement(s),fjs=d.getElementsByTagName(s)[0];\n        js.id='ctvwidget';js.async=1;\n    }(window, document, 'script', 'ctoutvert'));\n<\/script>\n<ctv-availability data-product-id=\"11726\" data-background-color=\"#f1fafe\"><\/ctv-availability>\n<\/div>\n<\/div>\n\n\n\n<p class=\"ls-paragraph has-text-align-center\"><em>&#8222;Fotos nicht vertraglich bindend&#8220;<\/em><\/p>\n\n\n    <\/div>\n<\/section><section id=\"ls-section-block_3bfb3c0790124f7c564ab4220886a664\" class=\"ls-section  home-first page-one\" >\n        <div class=\"container container--full\">\n        \n\n<div class=\"wp-block-columns are-vertically-aligned-center is-layout-flex wp-container-core-columns-is-layout-9d6595d7 wp-block-columns-is-layout-flex\">\n<div class=\"wp-block-column is-vertically-aligned-center is-layout-flow wp-block-column-is-layout-flow\" style=\"flex-basis:53%\">\n<figure class=\"wp-block-gallery has-nested-images columns-default is-cropped animated fadeInLeft slow wp-block-gallery-1 is-layout-flex wp-block-gallery-is-layout-flex\">\n<figure class=\"wp-block-image size-full\"><a href=\"https:\/\/www.champsblancstest.geek-tonic.dev\/wp-content\/uploads\/2023\/09\/sanitaires-prives-camping-adge-scaled.webp\"><img decoding=\"async\" width=\"2560\" height=\"1708\" data-id=\"8385\" src=\"https:\/\/www.champsblancstest.geek-tonic.dev\/wp-content\/uploads\/2023\/09\/sanitaires-prives-camping-adge-scaled.webp\" alt=\"private sanit&#xE4;re Anlagen camping adge\" class=\"wp-image-8385\" srcset=\"https:\/\/www.champsblancstest.geek-tonic.dev\/wp-content\/uploads\/2023\/09\/sanitaires-prives-camping-adge-scaled.webp 2560w, https:\/\/www.champsblancstest.geek-tonic.dev\/wp-content\/uploads\/2023\/09\/sanitaires-prives-camping-adge-300x200.webp 300w, https:\/\/www.champsblancstest.geek-tonic.dev\/wp-content\/uploads\/2023\/09\/sanitaires-prives-camping-adge-1024x683.webp 1024w, https:\/\/www.champsblancstest.geek-tonic.dev\/wp-content\/uploads\/2023\/09\/sanitaires-prives-camping-adge-768x513.webp 768w, https:\/\/www.champsblancstest.geek-tonic.dev\/wp-content\/uploads\/2023\/09\/sanitaires-prives-camping-adge-1536x1025.webp 1536w, https:\/\/www.champsblancstest.geek-tonic.dev\/wp-content\/uploads\/2023\/09\/sanitaires-prives-camping-adge-2048x1367.webp 2048w\" sizes=\"(max-width: 2560px) 100vw, 2560px\" \/><\/a><\/figure>\n<\/figure>\n<\/div>\n\n\n\n<div class=\"wp-block-column is-vertically-aligned-center is-layout-flow wp-block-column-is-layout-flow\" style=\"flex-basis:47%\">\n<p class=\"ls-paragraph\">Planen Sie einen Aufenthalt in einem <a href=\"https:\/\/www.champsblancstest.geek-tonic.dev\/de\/wohnmobil-cap-agde\/\">Zeltplatz in Cap d&#8217;Agde<\/a>? Entdecken Sie auch unseren <strong>Campingplatz mit einer privaten Sanit\u00e4ranlage auf dem Stellplatz<\/strong>. Stellen Sie sich Ihren Aufenthalt im Zelt vor, mit eigener Sanit\u00e4ranlage (Dusche, WC, Waschbecken) f\u00fcr noch mehr Komfort und genie\u00dfen Sie Ihren Urlaub wirklich!<br\/><br\/>Tr\u00e4umen Ihre Kinder davon, in einer Zeltplane Abenteurer zu spielen? Warum nicht, aber Sie werden ihren W\u00fcnschen durchaus einen Hauch von Bequemlichkeit hinzuf\u00fcgen. Die L\u00f6sung? Ein <strong>Premium-Stellplatz<\/strong> im <a href=\"https:\/\/www.champsblancstest.geek-tonic.dev\/de\/\">Camping Resort in Agde<\/a> Les Champs Blancs im Departement H\u00e9rault.<\/p>\n<\/div>\n<\/div>\n\n\n    <\/div>\n<\/section><section id=\"ls-section-block_874bb68eefa48ff5d2a2f90506042fe5\" class=\"ls-section  home-first page-two\" >\n        <div class=\"container container--full\">\n        \n\n<div class=\"wp-block-columns are-vertically-aligned-center is-layout-flex wp-container-core-columns-is-layout-9d6595d7 wp-block-columns-is-layout-flex\">\n<div class=\"wp-block-column is-vertically-aligned-center is-layout-flow wp-block-column-is-layout-flow\" style=\"flex-basis:47%\">\n<h2 class=\"ls__heading wp-block-heading\">Stellpl\u00e4tze mit privaten Sanit\u00e4ranlagen<\/h2>\n\n\n\n<p class=\"ls-paragraph\">Unser 5-Sterne-Luxus-Campingplatz, der nur <strong>3 Autominuten von den Str\u00e4nden von Agde und Vias-Plage entfernt<\/strong> liegt, l\u00e4dt Sie ein, Ihre Zeltplane aufzuschlagen, Ihr <strong>Wohnmobil<\/strong> oder Ihren <strong>Wohnwagen<\/strong> auf einem Stellplatz mit eigener Sanit\u00e4ranlage zu parken.<\/p>\n\n\n\n<p class=\"ls-paragraph\">Ist Ihnen der Gedanke, mitten in der Nacht einige Dutzend Meter zur\u00fccklegen zu m\u00fcssen, um zu den sanit\u00e4ren Anlagen zu gelangen, zuwider? Unsere <strong>Stellpl\u00e4tze mit eigenen Sanit\u00e4ranlagen<\/strong> werden all Ihre Probleme l\u00f6sen. Auf Ihrem Stellplatz stehen Ihnen zur Verf\u00fcgung:<\/p>\n\n\n\n<ul class=\"ls-list wp-block-list\">\n<li>von Ihrem eigenen Sanit\u00e4rblock mit <strong>Duschen<\/strong><\/li>\n\n\n\n<li>einer separaten <strong>Toilette<\/strong> <\/li>\n\n\n\n<li>einem <strong>Waschbecken und<\/strong> einer Sp\u00fcle im Freien, damit Sie nach Ihren Mahlzeiten mit der Familie, zu zweit oder mit Freunden Ihr Geschirr abwaschen k\u00f6nnen.<\/li>\n<\/ul>\n\n\n\n<p class=\"ls-paragraph\">Unsere hochwertigen <strong>Parzellen f\u00fcr 1 bis 6 Personen<\/strong> beinhalten Stromanschl\u00fcsse (10A) f\u00fcr einen besseren Komfort w\u00e4hrend Ihres Aufenthalts. Ihre Privatsph\u00e4re ist dank der bl\u00fchenden Hecken, die jedes Grundst\u00fcck begrenzen, jederzeit gesch\u00fctzt.<\/p>\n<\/div>\n\n\n\n<div class=\"wp-block-column is-vertically-aligned-center is-layout-flow wp-block-column-is-layout-flow\" style=\"flex-basis:53%\">\n<figure class=\"wp-block-gallery has-nested-images columns-default is-cropped animated fadeInRight slow delay-200ms wp-block-gallery-2 is-layout-flex wp-block-gallery-is-layout-flex\">\n<figure class=\"wp-block-image size-full\"><a href=\"https:\/\/www.champsblancstest.geek-tonic.dev\/wp-content\/uploads\/2023\/09\/emplacement-premium-sanitaire-prive-recent-interieur.webp\"><img decoding=\"async\" width=\"2558\" height=\"1920\" data-id=\"8390\" src=\"https:\/\/www.champsblancstest.geek-tonic.dev\/wp-content\/uploads\/2023\/09\/emplacement-premium-sanitaire-prive-recent-interieur.webp\" alt=\"Premium-Lage private Sanit&#xE4;ranlagen neueres Interieur\" class=\"wp-image-8390\" srcset=\"https:\/\/www.champsblancstest.geek-tonic.dev\/wp-content\/uploads\/2023\/09\/emplacement-premium-sanitaire-prive-recent-interieur.webp 2558w, https:\/\/www.champsblancstest.geek-tonic.dev\/wp-content\/uploads\/2023\/09\/emplacement-premium-sanitaire-prive-recent-interieur-300x225.webp 300w, https:\/\/www.champsblancstest.geek-tonic.dev\/wp-content\/uploads\/2023\/09\/emplacement-premium-sanitaire-prive-recent-interieur-1024x769.webp 1024w, https:\/\/www.champsblancstest.geek-tonic.dev\/wp-content\/uploads\/2023\/09\/emplacement-premium-sanitaire-prive-recent-interieur-768x576.webp 768w, https:\/\/www.champsblancstest.geek-tonic.dev\/wp-content\/uploads\/2023\/09\/emplacement-premium-sanitaire-prive-recent-interieur-1536x1153.webp 1536w, https:\/\/www.champsblancstest.geek-tonic.dev\/wp-content\/uploads\/2023\/09\/emplacement-premium-sanitaire-prive-recent-interieur-2048x1537.webp 2048w\" sizes=\"(max-width: 2558px) 100vw, 2558px\" \/><\/a><\/figure>\n<\/figure>\n<\/div>\n<\/div>\n\n\n    <\/div>\n<\/section><section id=\"ls-section-block_b1c5fb933c9e210b4ecbb1d1ee291216\" class=\"ls-section  home-sixth page-three has-background-image has-parallax-child\" >\n    <div class=\"ls-section__background-image opacity-100\"><img decoding=\"async\" src=\"https:\/\/www.champsblancstest.geek-tonic.dev\/wp-content\/uploads\/2023\/09\/emplacement-sanitaire-prives-camping-scaled.webp\" alt=\"privater Sanit\u00e4rplatz Camping\"><\/div>    <div class=\"container container--wide\">\n        \n\n<div class=\"wp-block-columns are-vertically-aligned-center is-layout-flex wp-container-core-columns-is-layout-9d6595d7 wp-block-columns-is-layout-flex\">\n<div class=\"wp-block-column is-vertically-aligned-center wp-block-column__text animated fadeInUp delay-100ms slow is-layout-flow wp-block-column-is-layout-flow\" style=\"flex-basis:66.66%\">\n<h2 class=\"ls__heading wp-block-heading\">Campingplatz mit eigener Sanit\u00e4ranlage in Cap d&#8217;Agde<\/h2>\n\n\n\n<p class=\"ls-paragraph\">Der nackte Stellplatz mit eigenem Sanit\u00e4rbereich ist ein innovatives Konzept f\u00fcr einen naturnahen Urlaub und <strong>eine hervorragende Alternative f\u00fcr Camper<\/strong>, die ihre Privatsph\u00e4re und Unabh\u00e4ngigkeit bewahren m\u00f6chten. In der Umgebung des Campingplatzes k\u00f6nnen Sie <strong>zahlreichen Aktivit\u00e4ten<\/strong> nachgehen: Wassersport, Vergn\u00fcgungsparks, Museumsbesuche&#8230;<br\/><br\/>Vorausgesetzt nat\u00fcrlich, dass Ihre Stunden in der Badelandschaft mit beheizten Pools und unseren abendlichen Shows Ihnen gen\u00fcgend Freizeit lassen, um die K\u00fcste des Languedoc zu erkunden.<br\/><br\/>Sind Sie dabei, Ihren Stellplatz mit eigener Sanit\u00e4ranlage zu buchen? Sehen Sie sich unsere guten Tipps und <a href=\"https:\/\/www.champsblancstest.geek-tonic.dev\/de\/gunstiger-campingplatz-agde\/\">Sonderangebote<\/a> f\u00fcr Stellpl\u00e4tze an. Beachten Sie auch, dass <a href=\"https:\/\/www.champsblancstest.geek-tonic.dev\/de\/camping-acsi\/\">unser Campingplatz die ACSI-Karte akzeptiert<\/a>, um noch g\u00fcnstiger in Cap d&#8217;Agde zu \u00fcbernachten! Sie z\u00f6gern noch, Ihren Stellplatz mit eigenem Sanit\u00e4rbereich zu mieten? Meinungen von Urlaubsg\u00e4sten einsehen.<\/p>\n<\/div>\n\n\n\n<div class=\"wp-block-column is-vertically-aligned-center is-layout-flow wp-block-column-is-layout-flow\" style=\"flex-basis:33.33%\">\n<div id=\"ls-heading ls-titre-div-block_849f8f691ac07e9a5e291cc374d6f4d1\" class=\"ls-titre-div h1-like\" >\n    Zelten Sie<br><strong>  am Wasser<\/strong><\/div>\n<\/div>\n<\/div>\n\n\n    <\/div>\n<\/section><section id=\"ls-section-block_643a026d91da1d12353203416d5fde32\" class=\"ls-section  page-four animated fadeInUp slow delay-100ms\" >\n        <div class=\"container container--wide\">\n        \n\n<div id=\"ls-heading ls-titre-div-block_c20af83916a4bd21236d132c2e1ff8a8\" class=\"ls-titre-div aligncenter h2-like\" >\n    Zu sehen unsere verschiedenen Arten von Unterk\u00fcnften und Standorten<\/div>\n\n\n<div id=\"ls-maillage-block_ebc016f2fbc67a227e3d811c106bd475\" class=\"ls-maillage cta-style-normal\" data-rows=\"5\">\n    <div class=\"wp-block-columns\"><div class=\"wp-block-column\"><div class=\"ls-cta\">\n\n<a href=\"https:\/\/www.champsblancstest.geek-tonic.dev\/de\/premium-mobilheim-unterkunft-cap-agde\/\" target=\"\" rel=\"noopener\" class=\"ls-cta__link\">\n\n\t<div class=\"ls-cta__image\"><img decoding=\"async\" src=\"https:\/\/www.champsblancstest.geek-tonic.dev\/wp-content\/uploads\/2023\/09\/mobil-home-luxe-agde-768x451.webp\" alt=\"mobilheim luxus agde\"><\/div>\n\t<div class=\"ls-cta__title\">\n\t\t<span class=\"champs-blancs-coin-droit\"><\/span>\n\t\tMobilheim Premium\t\t<span class=\"champs-blancs-arrow-down\"><\/span>\n\t<\/div>\n\n\t\n<\/a><\/div><\/div><div class=\"wp-block-column\"><div class=\"ls-cta\">\n\n<a href=\"https:\/\/www.champsblancstest.geek-tonic.dev\/de\/vermietung-chalet-cap-agde\/\" target=\"\" rel=\"noopener\" class=\"ls-cta__link\">\n\n\t<div class=\"ls-cta__image\"><img decoding=\"async\" src=\"https:\/\/www.champsblancstest.geek-tonic.dev\/wp-content\/uploads\/2023\/09\/location-chalet-cap-agde-768x512.webp\" alt=\"vermietung chalet cap agde\"><\/div>\n\t<div class=\"ls-cta__title\">\n\t\t<span class=\"champs-blancs-coin-droit\"><\/span>\n\t\tDie Chalets\t\t<span class=\"champs-blancs-arrow-down\"><\/span>\n\t<\/div>\n\n\t\n<\/a><\/div><\/div><div class=\"wp-block-column\"><div class=\"ls-cta\">\n\n<a href=\"https:\/\/www.champsblancstest.geek-tonic.dev\/de\/wohnmobil-cap-agde\/\" target=\"\" rel=\"noopener\" class=\"ls-cta__link\">\n\n\t<div class=\"ls-cta__image\"><img decoding=\"async\" src=\"https:\/\/www.champsblancstest.geek-tonic.dev\/wp-content\/uploads\/2023\/09\/camping-caravaning-cap-agde-768x512.webp\" alt=\"camping caravaning cap agde\"><\/div>\n\t<div class=\"ls-cta__title\">\n\t\t<span class=\"champs-blancs-coin-droit\"><\/span>\n\t\tStandardpl\u00e4tze\t\t<span class=\"champs-blancs-arrow-down\"><\/span>\n\t<\/div>\n\n\t\n<\/a><\/div><\/div><div class=\"wp-block-column\"><div class=\"ls-cta\">\n\n<a href=\"https:\/\/www.champsblancstest.geek-tonic.dev\/de\/gunstiger-campingplatz-agde\/\" target=\"\" rel=\"noopener\" class=\"ls-cta__link\">\n\n\t<div class=\"ls-cta__image\"><img decoding=\"async\" src=\"https:\/\/www.champsblancstest.geek-tonic.dev\/wp-content\/uploads\/2023\/09\/camping-pas-cher-bord-de-mer-768x1152.webp\" alt=\"billiger campingplatz meeresk\u00fcste\"><\/div>\n\t<div class=\"ls-cta__title\">\n\t\t<span class=\"champs-blancs-coin-droit\"><\/span>\n\t\tTarife\t\t<span class=\"champs-blancs-arrow-down\"><\/span>\n\t<\/div>\n\n\t\n<\/a><\/div><\/div><div class=\"wp-block-column\"><div class=\"ls-cta\">\n\n<a href=\"https:\/\/www.champsblancstest.geek-tonic.dev\/de\/unterkunfte-mobilheime-cap-agde\/\" target=\"\" rel=\"noopener\" class=\"ls-cta__link\">\n\n\t<div class=\"ls-cta__image\"><img decoding=\"async\" src=\"https:\/\/www.champsblancstest.geek-tonic.dev\/wp-content\/uploads\/2023\/09\/location-vacances-cap-agde-768x463.webp\" alt=\"vermietung von ferien cap agde\"><\/div>\n\t<div class=\"ls-cta__title\">\n\t\t<span class=\"champs-blancs-coin-droit\"><\/span>\n\t\tMobil Home\t\t<span class=\"champs-blancs-arrow-down\"><\/span>\n\t<\/div>\n\n\t\n<\/a><\/div><\/div><\/div><\/div>\n\n    <\/div>\n<\/section>","protected":false},"excerpt":{"rendered":"","protected":false},"author":1,"featured_media":8428,"parent":0,"menu_order":0,"comment_status":"closed","ping_status":"closed","template":"","meta":{"_acf_changed":false,"footnotes":""},"sujet":[],"class_list":["post-10656","page","type-page","status-publish","has-post-thumbnail","hentry"],"acf":[],"yoast_head":"<!-- This site is optimized with the Yoast SEO plugin v22.6 - https:\/\/yoast.com\/wordpress\/plugins\/seo\/ -->\n<title>Campingplatz mit privatem Sanit\u00e4r auf Stellplatz im H\u00e9rault: Luxus-Stellplatz in Agde<\/title>\n<meta name=\"description\" content=\"Ein Campingplatz mit privaten Sanit\u00e4ranlagen auf einem Stellplatz in Agde l\u00e4sst Sie tr\u00e4umen? Entdecken Sie die Stellpl\u00e4tze mit Sanit\u00e4ranlagen auf unserem 5-Sterne-Campingplatz!\" \/>\n<meta name=\"robots\" content=\"noindex, follow, max-snippet:-1, max-image-preview:large, max-video-preview:-1\" \/>\n<meta property=\"og:locale\" content=\"de_DE\" \/>\n<meta property=\"og:type\" content=\"article\" \/>\n<meta property=\"og:title\" content=\"Campingplatz mit privatem Sanit\u00e4r auf Stellplatz im H\u00e9rault: Luxus-Stellplatz in Agde\" \/>\n<meta property=\"og:description\" content=\"Ein Campingplatz mit privaten Sanit\u00e4ranlagen auf einem Stellplatz in Agde l\u00e4sst Sie tr\u00e4umen? Entdecken Sie die Stellpl\u00e4tze mit Sanit\u00e4ranlagen auf unserem 5-Sterne-Campingplatz!\" \/>\n<meta property=\"og:url\" content=\"https:\/\/www.champsblancstest.geek-tonic.dev\/fr\/caravaning-premium-agde\/\" \/>\n<meta property=\"og:site_name\" content=\"Les Champs Blancs\" \/>\n<meta property=\"article:modified_time\" content=\"2023-11-15T14:14:38+00:00\" \/>\n<meta property=\"og:image\" content=\"https:\/\/www.champsblancstest.geek-tonic.dev\/wp-content\/uploads\/2023\/09\/camping-agde-champs-blancs-Emplacement-sanitaire.jpg\" \/>\n\t<meta property=\"og:image:width\" content=\"1600\" \/>\n\t<meta property=\"og:image:height\" content=\"400\" \/>\n\t<meta property=\"og:image:type\" content=\"image\/jpeg\" \/>\n<meta name=\"twitter:card\" content=\"summary_large_image\" \/>\n<meta name=\"twitter:label1\" content=\"Gesch\u00e4tzte Lesezeit\" \/>\n\t<meta name=\"twitter:data1\" content=\"3\u00a0Minuten\" \/>\n<script type=\"application\/ld+json\" class=\"yoast-schema-graph\">{\"@context\":\"https:\/\/schema.org\",\"@graph\":[{\"@type\":\"WebPage\",\"@id\":\"https:\/\/www.champsblancstest.geek-tonic.dev\/fr\/caravaning-premium-agde\/\",\"url\":\"https:\/\/www.champsblancstest.geek-tonic.dev\/fr\/caravaning-premium-agde\/\",\"name\":\"Campingplatz mit privatem Sanit\u00e4r auf Stellplatz im H\u00e9rault: Luxus-Stellplatz in Agde\",\"isPartOf\":{\"@id\":\"https:\/\/www.champsblancstest.geek-tonic.dev\/fr\/#website\"},\"primaryImageOfPage\":{\"@id\":\"https:\/\/www.champsblancstest.geek-tonic.dev\/fr\/caravaning-premium-agde\/#primaryimage\"},\"image\":{\"@id\":\"https:\/\/www.champsblancstest.geek-tonic.dev\/fr\/caravaning-premium-agde\/#primaryimage\"},\"thumbnailUrl\":\"https:\/\/www.champsblancstest.geek-tonic.dev\/wp-content\/uploads\/2023\/09\/camping-agde-champs-blancs-Emplacement-sanitaire.jpg\",\"datePublished\":\"2023-10-19T10:09:05+00:00\",\"dateModified\":\"2023-11-15T14:14:38+00:00\",\"description\":\"Ein Campingplatz mit privaten Sanit\u00e4ranlagen auf einem Stellplatz in Agde l\u00e4sst Sie tr\u00e4umen? Entdecken Sie die Stellpl\u00e4tze mit Sanit\u00e4ranlagen auf unserem 5-Sterne-Campingplatz!\",\"breadcrumb\":{\"@id\":\"https:\/\/www.champsblancstest.geek-tonic.dev\/fr\/caravaning-premium-agde\/#breadcrumb\"},\"inLanguage\":\"de\",\"potentialAction\":[{\"@type\":\"ReadAction\",\"target\":[\"https:\/\/www.champsblancstest.geek-tonic.dev\/fr\/caravaning-premium-agde\/\"]}]},{\"@type\":\"ImageObject\",\"inLanguage\":\"de\",\"@id\":\"https:\/\/www.champsblancstest.geek-tonic.dev\/fr\/caravaning-premium-agde\/#primaryimage\",\"url\":\"https:\/\/www.champsblancstest.geek-tonic.dev\/wp-content\/uploads\/2023\/09\/camping-agde-champs-blancs-Emplacement-sanitaire.jpg\",\"contentUrl\":\"https:\/\/www.champsblancstest.geek-tonic.dev\/wp-content\/uploads\/2023\/09\/camping-agde-champs-blancs-Emplacement-sanitaire.jpg\",\"width\":1600,\"height\":400,\"caption\":\"camping agde champs blancs Stellplatz Sanit\u00e4r\"},{\"@type\":\"BreadcrumbList\",\"@id\":\"https:\/\/www.champsblancstest.geek-tonic.dev\/fr\/caravaning-premium-agde\/#breadcrumb\",\"itemListElement\":[{\"@type\":\"ListItem\",\"position\":1,\"name\":\"Campingplatz Cap d'Agde\",\"item\":\"https:\/\/www.champsblancstest.geek-tonic.dev\/fr\/\"},{\"@type\":\"ListItem\",\"position\":2,\"name\":\"Camping private Sanit\u00e4ranlagen\"}]},{\"@type\":\"WebSite\",\"@id\":\"https:\/\/www.champsblancstest.geek-tonic.dev\/fr\/#website\",\"url\":\"https:\/\/www.champsblancstest.geek-tonic.dev\/fr\/\",\"name\":\"Les Champs Blancs\",\"description\":\"\",\"publisher\":{\"@id\":\"https:\/\/www.champsblancstest.geek-tonic.dev\/fr\/#organization\"},\"potentialAction\":[{\"@type\":\"SearchAction\",\"target\":{\"@type\":\"EntryPoint\",\"urlTemplate\":\"https:\/\/www.champsblancstest.geek-tonic.dev\/fr\/?s={search_term_string}\"},\"query-input\":\"required name=search_term_string\"}],\"inLanguage\":\"de\"},{\"@type\":\"Organization\",\"@id\":\"https:\/\/www.champsblancstest.geek-tonic.dev\/fr\/#organization\",\"name\":\"Les Champs Blancs\",\"url\":\"https:\/\/www.champsblancstest.geek-tonic.dev\/fr\/\",\"logo\":{\"@type\":\"ImageObject\",\"inLanguage\":\"de\",\"@id\":\"https:\/\/www.champsblancstest.geek-tonic.dev\/fr\/#\/schema\/logo\/image\/\",\"url\":\"https:\/\/www.champsblancstest.geek-tonic.dev\/wp-content\/uploads\/2023\/07\/logo-blanc-camping-les-champs-blancs.webp\",\"contentUrl\":\"https:\/\/www.champsblancstest.geek-tonic.dev\/wp-content\/uploads\/2023\/07\/logo-blanc-camping-les-champs-blancs.webp\",\"width\":821,\"height\":657,\"caption\":\"Les Champs Blancs\"},\"image\":{\"@id\":\"https:\/\/www.champsblancstest.geek-tonic.dev\/fr\/#\/schema\/logo\/image\/\"}}]}<\/script>\n<!-- \/ Yoast SEO plugin. -->","yoast_head_json":{"title":"Campingplatz mit privatem Sanit\u00e4r auf Stellplatz im H\u00e9rault: Luxus-Stellplatz in Agde","description":"Ein Campingplatz mit privaten Sanit\u00e4ranlagen auf einem Stellplatz in Agde l\u00e4sst Sie tr\u00e4umen? Entdecken Sie die Stellpl\u00e4tze mit Sanit\u00e4ranlagen auf unserem 5-Sterne-Campingplatz!","robots":{"index":"noindex","follow":"follow","max-snippet":"max-snippet:-1","max-image-preview":"max-image-preview:large","max-video-preview":"max-video-preview:-1"},"og_locale":"de_DE","og_type":"article","og_title":"Campingplatz mit privatem Sanit\u00e4r auf Stellplatz im H\u00e9rault: Luxus-Stellplatz in Agde","og_description":"Ein Campingplatz mit privaten Sanit\u00e4ranlagen auf einem Stellplatz in Agde l\u00e4sst Sie tr\u00e4umen? Entdecken Sie die Stellpl\u00e4tze mit Sanit\u00e4ranlagen auf unserem 5-Sterne-Campingplatz!","og_url":"https:\/\/www.champsblancstest.geek-tonic.dev\/fr\/caravaning-premium-agde\/","og_site_name":"Les Champs Blancs","article_modified_time":"2023-11-15T14:14:38+00:00","og_image":[{"width":1600,"height":400,"url":"https:\/\/www.champsblancstest.geek-tonic.dev\/wp-content\/uploads\/2023\/09\/camping-agde-champs-blancs-Emplacement-sanitaire.jpg","type":"image\/jpeg"}],"twitter_card":"summary_large_image","twitter_misc":{"Gesch\u00e4tzte Lesezeit":"3\u00a0Minuten"},"schema":{"@context":"https:\/\/schema.org","@graph":[{"@type":"WebPage","@id":"https:\/\/www.champsblancstest.geek-tonic.dev\/fr\/caravaning-premium-agde\/","url":"https:\/\/www.champsblancstest.geek-tonic.dev\/fr\/caravaning-premium-agde\/","name":"Campingplatz mit privatem Sanit\u00e4r auf Stellplatz im H\u00e9rault: Luxus-Stellplatz in Agde","isPartOf":{"@id":"https:\/\/www.champsblancstest.geek-tonic.dev\/fr\/#website"},"primaryImageOfPage":{"@id":"https:\/\/www.champsblancstest.geek-tonic.dev\/fr\/caravaning-premium-agde\/#primaryimage"},"image":{"@id":"https:\/\/www.champsblancstest.geek-tonic.dev\/fr\/caravaning-premium-agde\/#primaryimage"},"thumbnailUrl":"https:\/\/www.champsblancstest.geek-tonic.dev\/wp-content\/uploads\/2023\/09\/camping-agde-champs-blancs-Emplacement-sanitaire.jpg","datePublished":"2023-10-19T10:09:05+00:00","dateModified":"2023-11-15T14:14:38+00:00","description":"Ein Campingplatz mit privaten Sanit\u00e4ranlagen auf einem Stellplatz in Agde l\u00e4sst Sie tr\u00e4umen? Entdecken Sie die Stellpl\u00e4tze mit Sanit\u00e4ranlagen auf unserem 5-Sterne-Campingplatz!","breadcrumb":{"@id":"https:\/\/www.champsblancstest.geek-tonic.dev\/fr\/caravaning-premium-agde\/#breadcrumb"},"inLanguage":"de","potentialAction":[{"@type":"ReadAction","target":["https:\/\/www.champsblancstest.geek-tonic.dev\/fr\/caravaning-premium-agde\/"]}]},{"@type":"ImageObject","inLanguage":"de","@id":"https:\/\/www.champsblancstest.geek-tonic.dev\/fr\/caravaning-premium-agde\/#primaryimage","url":"https:\/\/www.champsblancstest.geek-tonic.dev\/wp-content\/uploads\/2023\/09\/camping-agde-champs-blancs-Emplacement-sanitaire.jpg","contentUrl":"https:\/\/www.champsblancstest.geek-tonic.dev\/wp-content\/uploads\/2023\/09\/camping-agde-champs-blancs-Emplacement-sanitaire.jpg","width":1600,"height":400,"caption":"camping agde champs blancs Stellplatz Sanit\u00e4r"},{"@type":"BreadcrumbList","@id":"https:\/\/www.champsblancstest.geek-tonic.dev\/fr\/caravaning-premium-agde\/#breadcrumb","itemListElement":[{"@type":"ListItem","position":1,"name":"Campingplatz Cap d'Agde","item":"https:\/\/www.champsblancstest.geek-tonic.dev\/fr\/"},{"@type":"ListItem","position":2,"name":"Camping private Sanit\u00e4ranlagen"}]},{"@type":"WebSite","@id":"https:\/\/www.champsblancstest.geek-tonic.dev\/fr\/#website","url":"https:\/\/www.champsblancstest.geek-tonic.dev\/fr\/","name":"Les Champs Blancs","description":"","publisher":{"@id":"https:\/\/www.champsblancstest.geek-tonic.dev\/fr\/#organization"},"potentialAction":[{"@type":"SearchAction","target":{"@type":"EntryPoint","urlTemplate":"https:\/\/www.champsblancstest.geek-tonic.dev\/fr\/?s={search_term_string}"},"query-input":"required name=search_term_string"}],"inLanguage":"de"},{"@type":"Organization","@id":"https:\/\/www.champsblancstest.geek-tonic.dev\/fr\/#organization","name":"Les Champs Blancs","url":"https:\/\/www.champsblancstest.geek-tonic.dev\/fr\/","logo":{"@type":"ImageObject","inLanguage":"de","@id":"https:\/\/www.champsblancstest.geek-tonic.dev\/fr\/#\/schema\/logo\/image\/","url":"https:\/\/www.champsblancstest.geek-tonic.dev\/wp-content\/uploads\/2023\/07\/logo-blanc-camping-les-champs-blancs.webp","contentUrl":"https:\/\/www.champsblancstest.geek-tonic.dev\/wp-content\/uploads\/2023\/07\/logo-blanc-camping-les-champs-blancs.webp","width":821,"height":657,"caption":"Les Champs Blancs"},"image":{"@id":"https:\/\/www.champsblancstest.geek-tonic.dev\/fr\/#\/schema\/logo\/image\/"}}]}},"_links":{"self":[{"href":"https:\/\/www.champsblancstest.geek-tonic.dev\/de\/wp-json\/wp\/v2\/pages\/10656","targetHints":{"allow":["GET"]}}],"collection":[{"href":"https:\/\/www.champsblancstest.geek-tonic.dev\/de\/wp-json\/wp\/v2\/pages"}],"about":[{"href":"https:\/\/www.champsblancstest.geek-tonic.dev\/de\/wp-json\/wp\/v2\/types\/page"}],"author":[{"embeddable":true,"href":"https:\/\/www.champsblancstest.geek-tonic.dev\/de\/wp-json\/wp\/v2\/users\/1"}],"replies":[{"embeddable":true,"href":"https:\/\/www.champsblancstest.geek-tonic.dev\/de\/wp-json\/wp\/v2\/comments?post=10656"}],"version-history":[{"count":2,"href":"https:\/\/www.champsblancstest.geek-tonic.dev\/de\/wp-json\/wp\/v2\/pages\/10656\/revisions"}],"predecessor-version":[{"id":15243,"href":"https:\/\/www.champsblancstest.geek-tonic.dev\/de\/wp-json\/wp\/v2\/pages\/10656\/revisions\/15243"}],"wp:featuredmedia":[{"embeddable":true,"href":"https:\/\/www.champsblancstest.geek-tonic.dev\/de\/wp-json\/wp\/v2\/media\/8428"}],"wp:attachment":[{"href":"https:\/\/www.champsblancstest.geek-tonic.dev\/de\/wp-json\/wp\/v2\/media?parent=10656"}],"wp:term":[{"taxonomy":"sujet","embeddable":true,"href":"https:\/\/www.champsblancstest.geek-tonic.dev\/de\/wp-json\/wp\/v2\/sujet?post=10656"}],"curies":[{"name":"wp","href":"https:\/\/api.w.org\/{rel}","templated":true}]}}