{"id":10657,"date":"2023-10-19T12:09:05","date_gmt":"2023-10-19T10:09:05","guid":{"rendered":"https:\/\/www.champsblancstest.geek-tonic.dev\/herault\/pezenas\/"},"modified":"2023-10-30T10:40:06","modified_gmt":"2023-10-30T09:40:06","slug":"pezenas","status":"publish","type":"page","link":"https:\/\/www.champsblancstest.geek-tonic.dev\/de\/herault\/pezenas\/","title":{"rendered":"Pezenas"},"content":{"rendered":"<section id=\"ls-section-block_85b3f7f15120679a536eeccf7bfd7c03\" class=\"ls-section  home-first page-one\" >\n        <div class=\"container container--full\">\n        \n\n<div class=\"wp-block-columns are-vertically-aligned-center is-layout-flex wp-container-core-columns-is-layout-9d6595d7 wp-block-columns-is-layout-flex\">\n<div class=\"wp-block-column is-vertically-aligned-center is-layout-flow wp-block-column-is-layout-flow\" style=\"flex-basis:53%\">\n<figure class=\"wp-block-gallery has-nested-images columns-default is-cropped animated fadeInLeft slow wp-block-gallery-1 is-layout-flex wp-block-gallery-is-layout-flex\">\n<figure class=\"wp-block-image size-full\"><a href=\"https:\/\/www.champsblancstest.geek-tonic.dev\/wp-content\/uploads\/2023\/09\/camping-pezenas-5-scaled.webp\"><img decoding=\"async\" width=\"2560\" height=\"1707\" data-id=\"8902\" src=\"https:\/\/www.champsblancstest.geek-tonic.dev\/wp-content\/uploads\/2023\/09\/camping-pezenas-5-scaled.webp\" alt=\"camping p&#xE9;zenas 5\" class=\"wp-image-8902\" srcset=\"https:\/\/www.champsblancstest.geek-tonic.dev\/wp-content\/uploads\/2023\/09\/camping-pezenas-5-scaled.webp 2560w, https:\/\/www.champsblancstest.geek-tonic.dev\/wp-content\/uploads\/2023\/09\/camping-pezenas-5-300x200.webp 300w, https:\/\/www.champsblancstest.geek-tonic.dev\/wp-content\/uploads\/2023\/09\/camping-pezenas-5-1024x683.webp 1024w, https:\/\/www.champsblancstest.geek-tonic.dev\/wp-content\/uploads\/2023\/09\/camping-pezenas-5-768x512.webp 768w, https:\/\/www.champsblancstest.geek-tonic.dev\/wp-content\/uploads\/2023\/09\/camping-pezenas-5-1536x1024.webp 1536w, https:\/\/www.champsblancstest.geek-tonic.dev\/wp-content\/uploads\/2023\/09\/camping-pezenas-5-2048x1365.webp 2048w\" sizes=\"(max-width: 2560px) 100vw, 2560px\" \/><\/a><\/figure>\n<\/figure>\n<\/div>\n\n\n\n<div class=\"wp-block-column is-vertically-aligned-center is-layout-flow wp-block-column-is-layout-flow\" style=\"flex-basis:47%\">\n<h1 class=\"ls__heading wp-block-heading\">Tourismus Pezenas<\/h1>\n\n\n\n<p class=\"ls-paragraph\">Verpassen Sie nicht den <strong>Besuch von P\u00e9zenas<\/strong> w\u00e4hrend Ihres Aufenthalts auf dem<a href=\"https:\/\/www.champsblancstest.geek-tonic.dev\/de\/\"> Campingplatz Cap d&#8217;Agde<\/a> Les Champs Blancs!<\/p>\n\n\n\n<h2 class=\"ls__heading wp-block-heading\">P\u00e9zenas, eine Stadt, die Moli\u00e8re verf\u00fchrt hat<\/h2>\n\n\n\n<p class=\"ls-paragraph\">P\u00e9zenas, der Aufenthaltsort von Moli\u00e8re, hat etwas Bezauberndes an sich &#8230; Sie werden es verstehen, wenn Sie seine Handwerker und sein architektonisches Erbe sehen, die dem Lauf der Zeit entgangen zu sein scheinen &#8211; ein <a href=\"https:\/\/www.champsblancstest.geek-tonic.dev\/de\/herault\/\">unumg\u00e4nglicher Ort des Interesses im H\u00e9rault<\/a>!  <\/p>\n\n\n\n<p class=\"ls-paragraph\">Die Leidenschaft f\u00fcr das Theater ist in dieser Stadt, in der sich wie Moli\u00e8re die ehemaligen Gouverneure des Languedoc niederlie\u00dfen, auch heute noch sp\u00fcrbar. Besuchen Sie w\u00e4hrend Ihres <a href=\"https:\/\/www.champsblancstest.geek-tonic.dev\/de\/campingplatz-pezenas\/\">Campingaufenthalts in P\u00e9zenas<\/a> zum Beispiel das illustre Theater.<\/p>\n<\/div>\n<\/div>\n\n\n    <\/div>\n<\/section><section id=\"ls-section-block_9c408a742e324cf7f885702f23095ec7\" class=\"ls-section  home-first page-two\" >\n        <div class=\"container container--full\">\n        \n\n<div class=\"wp-block-columns are-vertically-aligned-center is-layout-flex wp-container-core-columns-is-layout-9d6595d7 wp-block-columns-is-layout-flex\">\n<div class=\"wp-block-column is-vertically-aligned-center is-layout-flow wp-block-column-is-layout-flow\" style=\"flex-basis:47%\">\n<h2 class=\"ls__heading wp-block-heading\">  5 Dinge, die Sie in P\u00e9zenas unbedingt sehen oder unternehmen sollten<\/h2>\n\n\n\n<ul class=\"ls-list wp-block-list\">\n<li><strong>Entdecken Sie die 30 unter Denkmalschutz stehenden St\u00e4tten<\/strong>: Liebhaber des Kulturerbes kommen in der Stadt Pisc\u00e9noise nicht zu kurz. Besondere Herrenh\u00e4user, monumentale T\u00fcren, die Kirche Sainte-Ursule, ein Skulpturenweg, der Boby Lapointe gewidmet ist: Ihr Besichtigungsprogramm wird schnell gef\u00fcllt sein und das alles nur wenige Kilometer von Ihrem <strong>Campingplatz P\u00e9zenas<\/strong> entfernt.<\/li>\n\n\n\n<li><strong>Bewundern Sie die Orgel der Stiftskirche Saint-Jean<\/strong>: Dieses sch\u00f6ne, 1735 errichtete Geb\u00e4ude zeichnet sich durch seine Kuppeln aus, die die Seitenschiffe schm\u00fccken, seine Nordkapelle und seine Orgel, die derjenigen in der Kirche Saint-Roch in Paris \u00e4hnelt.<\/li>\n\n\n\n<li><strong>Einer Theaterauff\u00fchrung beiwohnen<\/strong>: Das 1803 gegr\u00fcndete Theater von P\u00e9zenas erweist dieser Kunst und einem ihrer Meister, Moli\u00e8re, bei jeder Auff\u00fchrung eine besondere Ehre. Erkundigen Sie sich vor Ihrem Besuch nach dem Programm, damit Sie einen einzigartigen Moment in dieser Hochburg der franz\u00f6sischen Kultur verbringen k\u00f6nnen.<\/li>\n\n\n\n<li><strong>Besuch des Museums Vulliod Saint-Germain<\/strong>: Dieser Kulturraum ist empfehlenswert, wenn Sie mehr \u00fcber die Geschichte der Stadt erfahren m\u00f6chten. Es befindet sich in einem Herrenhaus aus dem 16. Ein Raum des Museums ist ganz Moli\u00e8re gewidmet.<\/li>\n\n\n\n<li><strong>In den G\u00e4rten der Domaine de la Grange des Pr\u00e9s spazieren gehen<\/strong>: Dieses ehemalige Landhaus der Gouverneure des Languedoc besitzt einen italienischen Garten mit eleganten Terrassen, die auf die Ebene des H\u00e9rault blicken. Nehmen Sie den Weg durch den Park, bewundern Sie die Fassade des Schlosses, tanken Sie in dieser Oase der Ruhe neue Kraft und sagen Sie sich, dass es richtig war, ein Mobilheim oder ein Chalet auf einem Campingplatz in der N\u00e4he von P\u00e9zenas zu buchen.<\/li>\n<\/ul>\n\n\n\n<p class=\"ls-paragraph\">Mehr \u00fcber <a href=\"https:\/\/www.capdagde.com\/otca-ville\/pezenas\/\" target=\"_blank\" rel=\"noreferrer noopener\">P\u00e9zenas<\/a><\/p>\n<\/div>\n\n\n\n<div class=\"wp-block-column is-vertically-aligned-center is-layout-flow wp-block-column-is-layout-flow\" style=\"flex-basis:53%\">\n<figure class=\"wp-block-gallery has-nested-images columns-default is-cropped animated fadeInRight slow delay-200ms wp-block-gallery-2 is-layout-flex wp-block-gallery-is-layout-flex\">\n<figure class=\"wp-block-image size-full\"><a href=\"https:\/\/www.champsblancstest.geek-tonic.dev\/wp-content\/uploads\/2023\/09\/camping-pezenas-10-scaled.webp\"><img decoding=\"async\" width=\"2560\" height=\"1550\" data-id=\"8927\" src=\"https:\/\/www.champsblancstest.geek-tonic.dev\/wp-content\/uploads\/2023\/09\/camping-pezenas-10-scaled.webp\" alt=\"camping p&#xE9;zenas 10\" class=\"wp-image-8927\" srcset=\"https:\/\/www.champsblancstest.geek-tonic.dev\/wp-content\/uploads\/2023\/09\/camping-pezenas-10-scaled.webp 2560w, https:\/\/www.champsblancstest.geek-tonic.dev\/wp-content\/uploads\/2023\/09\/camping-pezenas-10-300x182.webp 300w, https:\/\/www.champsblancstest.geek-tonic.dev\/wp-content\/uploads\/2023\/09\/camping-pezenas-10-1024x620.webp 1024w, https:\/\/www.champsblancstest.geek-tonic.dev\/wp-content\/uploads\/2023\/09\/camping-pezenas-10-768x465.webp 768w, https:\/\/www.champsblancstest.geek-tonic.dev\/wp-content\/uploads\/2023\/09\/camping-pezenas-10-1536x930.webp 1536w, https:\/\/www.champsblancstest.geek-tonic.dev\/wp-content\/uploads\/2023\/09\/camping-pezenas-10-2048x1240.webp 2048w\" sizes=\"(max-width: 2560px) 100vw, 2560px\" \/><\/a><\/figure>\n<\/figure>\n<\/div>\n<\/div>\n\n\n    <\/div>\n<\/section><section id=\"ls-section-block_bc063ff507c6ff5bfcedd5da81ed6b81\" class=\"ls-section  page-four animated fadeInUp slow delay-100ms\" >\n        <div class=\"container container--wide\">\n        \n\n<div id=\"ls-heading ls-titre-div-block_2b5ef6041d4286cbdb8adab97ce74e59\" class=\"ls-titre-div aligncenter h2-like\" >\n    Entdecken Sie in der N\u00e4he von P\u00e9zenas<\/div>\n\n\n<div id=\"ls-maillage-block_9d3c88059d9fe294ed1b4621e47b151c\" class=\"ls-maillage cta-style-normal\" data-rows=\"3\">\n    <div class=\"wp-block-columns\"><div class=\"wp-block-column\"><div class=\"ls-cta\">\n\n<a href=\"https:\/\/www.champsblancstest.geek-tonic.dev\/de\/herault\/beziers\/\" target=\"\" rel=\"noopener\" class=\"ls-cta__link\">\n\n\t<div class=\"ls-cta__image\"><img decoding=\"async\" src=\"https:\/\/www.champsblancstest.geek-tonic.dev\/wp-content\/uploads\/2023\/09\/camping-proche-de-beziers-768x512.webp\" alt=\"camping in der n\u00e4he von beziers\"><\/div>\n\t<div class=\"ls-cta__title\">\n\t\t<span class=\"champs-blancs-coin-droit\"><\/span>\n\t\tB\u00e9ziers\t\t<span class=\"champs-blancs-arrow-down\"><\/span>\n\t<\/div>\n\n\t\n<\/a><\/div><\/div><div class=\"wp-block-column\"><div class=\"ls-cta\">\n\n<a href=\"https:\/\/www.champsblancstest.geek-tonic.dev\/de\/herault\/marseillan\/\" target=\"\" rel=\"noopener\" class=\"ls-cta__link\">\n\n\t<div class=\"ls-cta__image\"><img decoding=\"async\" src=\"https:\/\/www.champsblancstest.geek-tonic.dev\/wp-content\/uploads\/2023\/09\/camping-marseillan-1-768x512.webp\" alt=\"camping marseillan 1\"><\/div>\n\t<div class=\"ls-cta__title\">\n\t\t<span class=\"champs-blancs-coin-droit\"><\/span>\n\t\tMarseillan\t\t<span class=\"champs-blancs-arrow-down\"><\/span>\n\t<\/div>\n\n\t\n<\/a><\/div><\/div><div class=\"wp-block-column\"><div class=\"ls-cta\">\n\n<a href=\"https:\/\/www.champsblancstest.geek-tonic.dev\/de\/herault\/montpellier\/\" target=\"\" rel=\"noopener\" class=\"ls-cta__link\">\n\n\t<div class=\"ls-cta__image\"><img decoding=\"async\" src=\"https:\/\/www.champsblancstest.geek-tonic.dev\/wp-content\/uploads\/2023\/09\/camping-montpellier7-768x512.webp\" alt=\"camping montpellier7\"><\/div>\n\t<div class=\"ls-cta__title\">\n\t\t<span class=\"champs-blancs-coin-droit\"><\/span>\n\t\tMontpellier\t\t<span class=\"champs-blancs-arrow-down\"><\/span>\n\t<\/div>\n\n\t\n<\/a><\/div><\/div><\/div><\/div>\n\n    <\/div>\n<\/section>","protected":false},"excerpt":{"rendered":"","protected":false},"author":1,"featured_media":8935,"parent":10631,"menu_order":0,"comment_status":"closed","ping_status":"closed","template":"","meta":{"_acf_changed":false,"footnotes":""},"sujet":[],"class_list":["post-10657","page","type-page","status-publish","has-post-thumbnail","hentry"],"acf":[],"yoast_head":"<!-- This site is optimized with the Yoast SEO plugin v22.6 - https:\/\/yoast.com\/wordpress\/plugins\/seo\/ -->\n<title>P\u00e9zenas Tourismus und Aktivit\u00e4ten: Was gibt es in P\u00e9zenas zu sehen und zu erleben?<\/title>\n<meta name=\"description\" content=\"Lust auf Sightseeing in P\u00e9zenas? Entdecken Sie die sch\u00f6nsten Sehensw\u00fcrdigkeiten und die besten Aktivit\u00e4ten in P\u00e9zenas!\" \/>\n<meta name=\"robots\" content=\"noindex, follow, max-snippet:-1, max-image-preview:large, max-video-preview:-1\" \/>\n<meta property=\"og:locale\" content=\"de_DE\" \/>\n<meta property=\"og:type\" content=\"article\" \/>\n<meta property=\"og:title\" content=\"P\u00e9zenas Tourismus und Aktivit\u00e4ten: Was gibt es in P\u00e9zenas zu sehen und zu erleben?\" \/>\n<meta property=\"og:description\" content=\"Lust auf Sightseeing in P\u00e9zenas? Entdecken Sie die sch\u00f6nsten Sehensw\u00fcrdigkeiten und die besten Aktivit\u00e4ten in P\u00e9zenas!\" \/>\n<meta property=\"og:url\" content=\"https:\/\/www.champsblancstest.geek-tonic.dev\/fr\/herault\/pezenas\/\" \/>\n<meta property=\"og:site_name\" content=\"Les Champs Blancs\" \/>\n<meta property=\"article:modified_time\" content=\"2023-10-30T09:40:06+00:00\" \/>\n<meta property=\"og:image\" content=\"https:\/\/www.champsblancstest.geek-tonic.dev\/wp-content\/uploads\/2023\/09\/camping-pezenas-1-scaled.webp\" \/>\n\t<meta property=\"og:image:width\" content=\"2560\" \/>\n\t<meta property=\"og:image:height\" content=\"1707\" \/>\n\t<meta property=\"og:image:type\" content=\"image\/webp\" \/>\n<meta name=\"twitter:card\" content=\"summary_large_image\" \/>\n<meta name=\"twitter:label1\" content=\"Gesch\u00e4tzte Lesezeit\" \/>\n\t<meta name=\"twitter:data1\" content=\"2\u00a0Minuten\" \/>\n<script type=\"application\/ld+json\" class=\"yoast-schema-graph\">{\"@context\":\"https:\/\/schema.org\",\"@graph\":[{\"@type\":\"WebPage\",\"@id\":\"https:\/\/www.champsblancstest.geek-tonic.dev\/fr\/herault\/pezenas\/\",\"url\":\"https:\/\/www.champsblancstest.geek-tonic.dev\/fr\/herault\/pezenas\/\",\"name\":\"P\u00e9zenas Tourismus und Aktivit\u00e4ten: Was gibt es in P\u00e9zenas zu sehen und zu erleben?\",\"isPartOf\":{\"@id\":\"https:\/\/www.champsblancstest.geek-tonic.dev\/fr\/#website\"},\"primaryImageOfPage\":{\"@id\":\"https:\/\/www.champsblancstest.geek-tonic.dev\/fr\/herault\/pezenas\/#primaryimage\"},\"image\":{\"@id\":\"https:\/\/www.champsblancstest.geek-tonic.dev\/fr\/herault\/pezenas\/#primaryimage\"},\"thumbnailUrl\":\"https:\/\/www.champsblancstest.geek-tonic.dev\/wp-content\/uploads\/2023\/09\/camping-pezenas-1-scaled.webp\",\"datePublished\":\"2023-10-19T10:09:05+00:00\",\"dateModified\":\"2023-10-30T09:40:06+00:00\",\"description\":\"Lust auf Sightseeing in P\u00e9zenas? Entdecken Sie die sch\u00f6nsten Sehensw\u00fcrdigkeiten und die besten Aktivit\u00e4ten in P\u00e9zenas!\",\"breadcrumb\":{\"@id\":\"https:\/\/www.champsblancstest.geek-tonic.dev\/fr\/herault\/pezenas\/#breadcrumb\"},\"inLanguage\":\"de\",\"potentialAction\":[{\"@type\":\"ReadAction\",\"target\":[\"https:\/\/www.champsblancstest.geek-tonic.dev\/fr\/herault\/pezenas\/\"]}]},{\"@type\":\"ImageObject\",\"inLanguage\":\"de\",\"@id\":\"https:\/\/www.champsblancstest.geek-tonic.dev\/fr\/herault\/pezenas\/#primaryimage\",\"url\":\"https:\/\/www.champsblancstest.geek-tonic.dev\/wp-content\/uploads\/2023\/09\/camping-pezenas-1-scaled.webp\",\"contentUrl\":\"https:\/\/www.champsblancstest.geek-tonic.dev\/wp-content\/uploads\/2023\/09\/camping-pezenas-1-scaled.webp\",\"width\":2560,\"height\":1707,\"caption\":\"camping p\u00e9zenas 1\"},{\"@type\":\"BreadcrumbList\",\"@id\":\"https:\/\/www.champsblancstest.geek-tonic.dev\/fr\/herault\/pezenas\/#breadcrumb\",\"itemListElement\":[{\"@type\":\"ListItem\",\"position\":1,\"name\":\"Campingplatz Cap d'Agde\",\"item\":\"https:\/\/www.champsblancstest.geek-tonic.dev\/fr\/\"},{\"@type\":\"ListItem\",\"position\":2,\"name\":\"Herault entdecken\",\"item\":\"https:\/\/www.champsblancstest.geek-tonic.dev\/fr\/herault\/\"},{\"@type\":\"ListItem\",\"position\":3,\"name\":\"Pezenas\"}]},{\"@type\":\"WebSite\",\"@id\":\"https:\/\/www.champsblancstest.geek-tonic.dev\/fr\/#website\",\"url\":\"https:\/\/www.champsblancstest.geek-tonic.dev\/fr\/\",\"name\":\"Les Champs Blancs\",\"description\":\"\",\"publisher\":{\"@id\":\"https:\/\/www.champsblancstest.geek-tonic.dev\/fr\/#organization\"},\"potentialAction\":[{\"@type\":\"SearchAction\",\"target\":{\"@type\":\"EntryPoint\",\"urlTemplate\":\"https:\/\/www.champsblancstest.geek-tonic.dev\/fr\/?s={search_term_string}\"},\"query-input\":\"required name=search_term_string\"}],\"inLanguage\":\"de\"},{\"@type\":\"Organization\",\"@id\":\"https:\/\/www.champsblancstest.geek-tonic.dev\/fr\/#organization\",\"name\":\"Les Champs Blancs\",\"url\":\"https:\/\/www.champsblancstest.geek-tonic.dev\/fr\/\",\"logo\":{\"@type\":\"ImageObject\",\"inLanguage\":\"de\",\"@id\":\"https:\/\/www.champsblancstest.geek-tonic.dev\/fr\/#\/schema\/logo\/image\/\",\"url\":\"https:\/\/www.champsblancstest.geek-tonic.dev\/wp-content\/uploads\/2023\/07\/logo-blanc-camping-les-champs-blancs.webp\",\"contentUrl\":\"https:\/\/www.champsblancstest.geek-tonic.dev\/wp-content\/uploads\/2023\/07\/logo-blanc-camping-les-champs-blancs.webp\",\"width\":821,\"height\":657,\"caption\":\"Les Champs Blancs\"},\"image\":{\"@id\":\"https:\/\/www.champsblancstest.geek-tonic.dev\/fr\/#\/schema\/logo\/image\/\"}}]}<\/script>\n<!-- \/ Yoast SEO plugin. -->","yoast_head_json":{"title":"P\u00e9zenas Tourismus und Aktivit\u00e4ten: Was gibt es in P\u00e9zenas zu sehen und zu erleben?","description":"Lust auf Sightseeing in P\u00e9zenas? Entdecken Sie die sch\u00f6nsten Sehensw\u00fcrdigkeiten und die besten Aktivit\u00e4ten in P\u00e9zenas!","robots":{"index":"noindex","follow":"follow","max-snippet":"max-snippet:-1","max-image-preview":"max-image-preview:large","max-video-preview":"max-video-preview:-1"},"og_locale":"de_DE","og_type":"article","og_title":"P\u00e9zenas Tourismus und Aktivit\u00e4ten: Was gibt es in P\u00e9zenas zu sehen und zu erleben?","og_description":"Lust auf Sightseeing in P\u00e9zenas? Entdecken Sie die sch\u00f6nsten Sehensw\u00fcrdigkeiten und die besten Aktivit\u00e4ten in P\u00e9zenas!","og_url":"https:\/\/www.champsblancstest.geek-tonic.dev\/fr\/herault\/pezenas\/","og_site_name":"Les Champs Blancs","article_modified_time":"2023-10-30T09:40:06+00:00","og_image":[{"width":2560,"height":1707,"url":"https:\/\/www.champsblancstest.geek-tonic.dev\/wp-content\/uploads\/2023\/09\/camping-pezenas-1-scaled.webp","type":"image\/webp"}],"twitter_card":"summary_large_image","twitter_misc":{"Gesch\u00e4tzte Lesezeit":"2\u00a0Minuten"},"schema":{"@context":"https:\/\/schema.org","@graph":[{"@type":"WebPage","@id":"https:\/\/www.champsblancstest.geek-tonic.dev\/fr\/herault\/pezenas\/","url":"https:\/\/www.champsblancstest.geek-tonic.dev\/fr\/herault\/pezenas\/","name":"P\u00e9zenas Tourismus und Aktivit\u00e4ten: Was gibt es in P\u00e9zenas zu sehen und zu erleben?","isPartOf":{"@id":"https:\/\/www.champsblancstest.geek-tonic.dev\/fr\/#website"},"primaryImageOfPage":{"@id":"https:\/\/www.champsblancstest.geek-tonic.dev\/fr\/herault\/pezenas\/#primaryimage"},"image":{"@id":"https:\/\/www.champsblancstest.geek-tonic.dev\/fr\/herault\/pezenas\/#primaryimage"},"thumbnailUrl":"https:\/\/www.champsblancstest.geek-tonic.dev\/wp-content\/uploads\/2023\/09\/camping-pezenas-1-scaled.webp","datePublished":"2023-10-19T10:09:05+00:00","dateModified":"2023-10-30T09:40:06+00:00","description":"Lust auf Sightseeing in P\u00e9zenas? Entdecken Sie die sch\u00f6nsten Sehensw\u00fcrdigkeiten und die besten Aktivit\u00e4ten in P\u00e9zenas!","breadcrumb":{"@id":"https:\/\/www.champsblancstest.geek-tonic.dev\/fr\/herault\/pezenas\/#breadcrumb"},"inLanguage":"de","potentialAction":[{"@type":"ReadAction","target":["https:\/\/www.champsblancstest.geek-tonic.dev\/fr\/herault\/pezenas\/"]}]},{"@type":"ImageObject","inLanguage":"de","@id":"https:\/\/www.champsblancstest.geek-tonic.dev\/fr\/herault\/pezenas\/#primaryimage","url":"https:\/\/www.champsblancstest.geek-tonic.dev\/wp-content\/uploads\/2023\/09\/camping-pezenas-1-scaled.webp","contentUrl":"https:\/\/www.champsblancstest.geek-tonic.dev\/wp-content\/uploads\/2023\/09\/camping-pezenas-1-scaled.webp","width":2560,"height":1707,"caption":"camping p\u00e9zenas 1"},{"@type":"BreadcrumbList","@id":"https:\/\/www.champsblancstest.geek-tonic.dev\/fr\/herault\/pezenas\/#breadcrumb","itemListElement":[{"@type":"ListItem","position":1,"name":"Campingplatz Cap d'Agde","item":"https:\/\/www.champsblancstest.geek-tonic.dev\/fr\/"},{"@type":"ListItem","position":2,"name":"Herault entdecken","item":"https:\/\/www.champsblancstest.geek-tonic.dev\/fr\/herault\/"},{"@type":"ListItem","position":3,"name":"Pezenas"}]},{"@type":"WebSite","@id":"https:\/\/www.champsblancstest.geek-tonic.dev\/fr\/#website","url":"https:\/\/www.champsblancstest.geek-tonic.dev\/fr\/","name":"Les Champs Blancs","description":"","publisher":{"@id":"https:\/\/www.champsblancstest.geek-tonic.dev\/fr\/#organization"},"potentialAction":[{"@type":"SearchAction","target":{"@type":"EntryPoint","urlTemplate":"https:\/\/www.champsblancstest.geek-tonic.dev\/fr\/?s={search_term_string}"},"query-input":"required name=search_term_string"}],"inLanguage":"de"},{"@type":"Organization","@id":"https:\/\/www.champsblancstest.geek-tonic.dev\/fr\/#organization","name":"Les Champs Blancs","url":"https:\/\/www.champsblancstest.geek-tonic.dev\/fr\/","logo":{"@type":"ImageObject","inLanguage":"de","@id":"https:\/\/www.champsblancstest.geek-tonic.dev\/fr\/#\/schema\/logo\/image\/","url":"https:\/\/www.champsblancstest.geek-tonic.dev\/wp-content\/uploads\/2023\/07\/logo-blanc-camping-les-champs-blancs.webp","contentUrl":"https:\/\/www.champsblancstest.geek-tonic.dev\/wp-content\/uploads\/2023\/07\/logo-blanc-camping-les-champs-blancs.webp","width":821,"height":657,"caption":"Les Champs Blancs"},"image":{"@id":"https:\/\/www.champsblancstest.geek-tonic.dev\/fr\/#\/schema\/logo\/image\/"}}]}},"_links":{"self":[{"href":"https:\/\/www.champsblancstest.geek-tonic.dev\/de\/wp-json\/wp\/v2\/pages\/10657","targetHints":{"allow":["GET"]}}],"collection":[{"href":"https:\/\/www.champsblancstest.geek-tonic.dev\/de\/wp-json\/wp\/v2\/pages"}],"about":[{"href":"https:\/\/www.champsblancstest.geek-tonic.dev\/de\/wp-json\/wp\/v2\/types\/page"}],"author":[{"embeddable":true,"href":"https:\/\/www.champsblancstest.geek-tonic.dev\/de\/wp-json\/wp\/v2\/users\/1"}],"replies":[{"embeddable":true,"href":"https:\/\/www.champsblancstest.geek-tonic.dev\/de\/wp-json\/wp\/v2\/comments?post=10657"}],"version-history":[{"count":6,"href":"https:\/\/www.champsblancstest.geek-tonic.dev\/de\/wp-json\/wp\/v2\/pages\/10657\/revisions"}],"predecessor-version":[{"id":15594,"href":"https:\/\/www.champsblancstest.geek-tonic.dev\/de\/wp-json\/wp\/v2\/pages\/10657\/revisions\/15594"}],"up":[{"embeddable":true,"href":"https:\/\/www.champsblancstest.geek-tonic.dev\/de\/wp-json\/wp\/v2\/pages\/10631"}],"wp:featuredmedia":[{"embeddable":true,"href":"https:\/\/www.champsblancstest.geek-tonic.dev\/de\/wp-json\/wp\/v2\/media\/8935"}],"wp:attachment":[{"href":"https:\/\/www.champsblancstest.geek-tonic.dev\/de\/wp-json\/wp\/v2\/media?parent=10657"}],"wp:term":[{"taxonomy":"sujet","embeddable":true,"href":"https:\/\/www.champsblancstest.geek-tonic.dev\/de\/wp-json\/wp\/v2\/sujet?post=10657"}],"curies":[{"name":"wp","href":"https:\/\/api.w.org\/{rel}","templated":true}]}}