{"id":10665,"date":"2023-10-19T12:09:07","date_gmt":"2023-10-19T10:09:07","guid":{"rendered":"https:\/\/www.champsblancstest.geek-tonic.dev\/herault\/vias\/"},"modified":"2023-11-07T15:28:10","modified_gmt":"2023-11-07T14:28:10","slug":"vias","status":"publish","type":"page","link":"https:\/\/www.champsblancstest.geek-tonic.dev\/de\/herault\/vias\/","title":{"rendered":"Vias"},"content":{"rendered":"<section id=\"ls-section-block_87a0364c88605cc757b9a1dfba0225ea\" class=\"ls-section  home-first page-one\" >\n        <div class=\"container container--full\">\n        \n\n<div class=\"wp-block-columns are-vertically-aligned-center is-layout-flex wp-container-core-columns-is-layout-9d6595d7 wp-block-columns-is-layout-flex\">\n<div class=\"wp-block-column is-vertically-aligned-center is-layout-flow wp-block-column-is-layout-flow\" style=\"flex-basis:53%\">\n<figure class=\"wp-block-gallery has-nested-images columns-default is-cropped animated fadeInLeft slow wp-block-gallery-1 is-layout-flex wp-block-gallery-is-layout-flex\">\n<figure class=\"wp-block-image size-full\"><a href=\"https:\/\/www.champsblancstest.geek-tonic.dev\/wp-content\/uploads\/2023\/09\/camping-vias-plage-2-scaled.webp\"><img decoding=\"async\" width=\"1440\" height=\"1920\" data-id=\"8983\" src=\"https:\/\/www.champsblancstest.geek-tonic.dev\/wp-content\/uploads\/2023\/09\/camping-vias-plage-2-edited.webp\" alt=\"camping vias plage 2\" class=\"wp-image-8983\" srcset=\"https:\/\/www.champsblancstest.geek-tonic.dev\/wp-content\/uploads\/2023\/09\/camping-vias-plage-2-edited.webp 1440w, https:\/\/www.champsblancstest.geek-tonic.dev\/wp-content\/uploads\/2023\/09\/camping-vias-plage-2-edited-225x300.webp 225w, https:\/\/www.champsblancstest.geek-tonic.dev\/wp-content\/uploads\/2023\/09\/camping-vias-plage-2-edited-768x1024.webp 768w, https:\/\/www.champsblancstest.geek-tonic.dev\/wp-content\/uploads\/2023\/09\/camping-vias-plage-2-edited-1152x1536.webp 1152w\" sizes=\"(max-width: 1440px) 100vw, 1440px\" \/><\/a><\/figure>\n<\/figure>\n<\/div>\n\n\n\n<div class=\"wp-block-column is-vertically-aligned-center is-layout-flow wp-block-column-is-layout-flow\" style=\"flex-basis:47%\">\n<h1 class=\"ls__heading wp-block-heading\">  Tourismus Vias<\/h1>\n\n\n\n<p class=\"ls-paragraph\">Nutzen Sie Ihren Urlaub auf dem <a href=\"https:\/\/www.champsblancstest.geek-tonic.dev\/de\/campingplatz-vias\/\">5-Sterne-Campingplatz Vias<\/a>, um das Departement H\u00e9rault zu besuchen.<\/p>\n\n\n\n<h2 class=\"ls__heading wp-block-heading\">Die Str\u00e4nde von Vias<\/h2>\n\n\n\n<p class=\"ls-paragraph\">Die <a href=\"https:\/\/www.champsblancstest.geek-tonic.dev\/de\/herault\/\">Besichtigungstour durch das Departement H\u00e9rault<\/a> beginnt mit der K\u00fcstenstadt Vias.<br><br>Zu den sch\u00f6nsten Orten, die Sie w\u00e4hrend Ihres Aufenthalts im Camping Vias besuchen k\u00f6nnen, geh\u00f6ren nat\u00fcrlich die Str\u00e4nde! Die K\u00fcste von Viassois wird im Osten von der M\u00fcndung des H\u00e9rault und im Westen von den Str\u00e4nden von Portiragnes begrenzt und z\u00e4hlt nicht weniger als 9 Str\u00e4nde, die sich \u00fcber insgesamt 5 km erstrecken :<\/p>\n\n\n\n<ul class=\"ls-list wp-block-list\">\n<li><strong>Plage de la Tamarissi\u00e8re:<\/strong> Dieser sehr wilde Strand ist perfekt f\u00fcr Sie, wenn Sie auf der Suche nach einem ruhigen Ort sind, an dem Sie unter der okzitanischen Sonne mit Blick auf das Mittelmeer faulenzen k\u00f6nnen.<\/li>\n\n\n\n<li><strong>Plages du Clot, de la Farinette und du Libron:<\/strong> weite, von D\u00fcnen gesch\u00fctzte Fl\u00e4chen mit feinem Sand, die meistbesuchten und am besten ausgestatteten Str\u00e4nde von Vias-Plage (Parkplatz, Duschen, Erste-Hilfe-Posten). Diejenige von La Farinette ist f\u00fcr Menschen mit eingeschr\u00e4nkter Mobilit\u00e4t zug\u00e4nglich.<\/li>\n\n\n\n<li><strong>Strand Trou de Ragout<\/strong><\/li>\n\n\n\n<li><strong>Strand Sainte-Genevi\u00e8ve<\/strong><\/li>\n\n\n\n<li><strong>Strand von Petit Mousse<\/strong><\/li>\n\n\n\n<li><strong>Strand der D\u00fcne<\/strong><\/li>\n\n\n\n<li><strong>Mittelmeerstrand:<\/strong> Die Vegetation und das Fehlen von Infrastruktur ist ein Pluspunkt, wenn Sie es authentisch m\u00f6gen.<\/li>\n<\/ul>\n<\/div>\n<\/div>\n\n\n    <\/div>\n<\/section>\n\n<section id=\"ls-section-block_5b56bd9a14d81f9bf329d6968987ac13\" class=\"ls-section  home-first page-two\" >\n        <div class=\"container container--full\">\n        \n\n<div class=\"wp-block-columns are-vertically-aligned-center is-layout-flex wp-container-core-columns-is-layout-9d6595d7 wp-block-columns-is-layout-flex\">\n<div class=\"wp-block-column is-vertically-aligned-center is-layout-flow wp-block-column-is-layout-flow\" style=\"flex-basis:47%\">\n<h2 class=\"ls__heading wp-block-heading\">Was kann man in Vias unternehmen?<\/h2>\n\n\n\n<ul class=\"ls-list wp-block-list\">\n<li><strong>Jet-Ski-Taufe machen: <\/strong>Sicherlich k\u00f6nnten wir mehrere Wassersportarten wie Kajakfahren, Stand-up-Paddling, Segeln, Windsurfen oder Bojenfahren nennen. Wenn Sie eine bleibende Erinnerung an Ihren Aufenthalt am Mittelmeer mit nach Hause nehmen m\u00f6chten, empfehlen wir Ihnen einen Ausflug mit dem Jetski von Playa Watersports.<br>Diese im Badeort Vias-Plage angesiedelte Wassersportbasis verleiht Wassermotorr\u00e4der mit oder ohne F\u00fchrerschein an Personen ab 16 Jahren. Von der Taufe mit Pilot bis zur Vollgas-Seefahrt f\u00fcr Geschwindigkeitsbegeisterte &#8211; w\u00e4hlen Sie die Formel, die Ihnen zusagt, um w\u00e4hrend Ihres Urlaubs auf einem g\u00fcnstigen <strong>Campingplatz Vias<\/strong> intensive Emotionen zu erleben.<\/li>\n\n\n\n<li><strong>Testen Sie Ihre Coolness bei einer Partie Escape Room: <\/strong>Das Darkside Vias ist ab 12 Jahren ge\u00f6ffnet und empf\u00e4ngt Sie f\u00fcr eine Stunde, in der Sie R\u00e4tsel l\u00f6sen m\u00fcssen, um die Ihnen zugewiesene Mission zu erf\u00fcllen. Mit der Familie oder mit Freunden (Gruppen von 3 bis 6 Personen) schl\u00fcpfen Sie in die Rolle eines russischen Barons, der hilflos mit ansehen muss, wie in seinen Fabriken Leichen gefunden werden.<br>Der Erfolg dieses Escape Rooms liegt in der realistischen Kulisse und den Soundeffekten, der Handlung, den Wendungen und dem an das Publikum angepassten Schwierigkeitsgrad. Eine sch\u00f6ne M\u00f6glichkeit, um zu sehen, wie sehr die Mitglieder Ihres Stammes zusammenhalten&#8230;<br>Erfahren Sie <a href=\"https:\/\/www.capdagde.com\/otca-ville\/vias\/\" target=\"_blank\" rel=\"noreferrer noopener\">mehr \u00fcber Vias<\/a> und die Umgebung.<\/li>\n<\/ul>\n<\/div>\n\n\n\n<div class=\"wp-block-column is-vertically-aligned-center is-layout-flow wp-block-column-is-layout-flow\" style=\"flex-basis:53%\">\n<figure class=\"wp-block-gallery has-nested-images columns-default is-cropped animated fadeInLeft slow wp-block-gallery-2 is-layout-flex wp-block-gallery-is-layout-flex\">\n<figure class=\"wp-block-image size-full\"><a href=\"https:\/\/www.champsblancstest.geek-tonic.dev\/wp-content\/uploads\/2023\/09\/camping-vias-plage-3-scaled.webp\"><img decoding=\"async\" width=\"2560\" height=\"1707\" data-id=\"8948\" src=\"https:\/\/www.champsblancstest.geek-tonic.dev\/wp-content\/uploads\/2023\/09\/camping-vias-plage-3-scaled.webp\" alt=\"camping vias plage 3\" class=\"wp-image-8948\" srcset=\"https:\/\/www.champsblancstest.geek-tonic.dev\/wp-content\/uploads\/2023\/09\/camping-vias-plage-3-scaled.webp 2560w, https:\/\/www.champsblancstest.geek-tonic.dev\/wp-content\/uploads\/2023\/09\/camping-vias-plage-3-300x200.webp 300w, https:\/\/www.champsblancstest.geek-tonic.dev\/wp-content\/uploads\/2023\/09\/camping-vias-plage-3-1024x683.webp 1024w, https:\/\/www.champsblancstest.geek-tonic.dev\/wp-content\/uploads\/2023\/09\/camping-vias-plage-3-768x512.webp 768w, https:\/\/www.champsblancstest.geek-tonic.dev\/wp-content\/uploads\/2023\/09\/camping-vias-plage-3-1536x1024.webp 1536w, https:\/\/www.champsblancstest.geek-tonic.dev\/wp-content\/uploads\/2023\/09\/camping-vias-plage-3-2048x1365.webp 2048w\" sizes=\"(max-width: 2560px) 100vw, 2560px\" \/><\/a><\/figure>\n<\/figure>\n<\/div>\n<\/div>\n\n\n    <\/div>\n<\/section>\n\n<section id=\"ls-section-block_87a0364c88605cc757b9a1dfba0225ea\" class=\"ls-section  home-first page-one\" >\n        <div class=\"container container--full\">\n        \n\n<div class=\"wp-block-columns are-vertically-aligned-center is-layout-flex wp-container-core-columns-is-layout-9d6595d7 wp-block-columns-is-layout-flex\">\n<div class=\"wp-block-column is-vertically-aligned-center is-layout-flow wp-block-column-is-layout-flow\" style=\"flex-basis:53%\">\n<figure class=\"wp-block-gallery has-nested-images columns-default is-cropped animated fadeInLeft slow wp-block-gallery-3 is-layout-flex wp-block-gallery-is-layout-flex\">\n<figure class=\"wp-block-image size-full\"><a href=\"https:\/\/www.champsblancstest.geek-tonic.dev\/wp-content\/uploads\/2023\/09\/camping-vias-plage-5-scaled.webp\"><img decoding=\"async\" width=\"2560\" height=\"1707\" data-id=\"8958\" src=\"https:\/\/www.champsblancstest.geek-tonic.dev\/wp-content\/uploads\/2023\/09\/camping-vias-plage-5-scaled.webp\" alt=\"camping vias plage 5\" class=\"wp-image-8958\" srcset=\"https:\/\/www.champsblancstest.geek-tonic.dev\/wp-content\/uploads\/2023\/09\/camping-vias-plage-5-scaled.webp 2560w, https:\/\/www.champsblancstest.geek-tonic.dev\/wp-content\/uploads\/2023\/09\/camping-vias-plage-5-300x200.webp 300w, https:\/\/www.champsblancstest.geek-tonic.dev\/wp-content\/uploads\/2023\/09\/camping-vias-plage-5-1024x683.webp 1024w, https:\/\/www.champsblancstest.geek-tonic.dev\/wp-content\/uploads\/2023\/09\/camping-vias-plage-5-768x512.webp 768w, https:\/\/www.champsblancstest.geek-tonic.dev\/wp-content\/uploads\/2023\/09\/camping-vias-plage-5-1536x1024.webp 1536w, https:\/\/www.champsblancstest.geek-tonic.dev\/wp-content\/uploads\/2023\/09\/camping-vias-plage-5-2048x1365.webp 2048w\" sizes=\"(max-width: 2560px) 100vw, 2560px\" \/><\/a><\/figure>\n<\/figure>\n<\/div>\n\n\n\n<div class=\"wp-block-column is-vertically-aligned-center is-layout-flow wp-block-column-is-layout-flow\" style=\"flex-basis:47%\">\n<ul class=\"ls-list wp-block-list\">\n<li><strong>Mit dem Fahrrad am Canal du Midi entlangfahren und sich in den Weinbergen verlieren: <\/strong>Das Angebot f\u00fcr Mountainbiker ist in Vias sehr gro\u00dfz\u00fcgig. In der Gemeinde gibt es etwa 20 Mountainbike-Routen in sehr unterschiedlichen Umgebungen. Einige Routen verlaufen entlang der K\u00fcste, andere folgen dem Verlauf des Canal du Midi und f\u00fchren durch die Weinberge zu den Nachbargemeinden wie Montagnac und Florensac.<\/li>\n\n\n\n<li>\u00dcber die M\u00e4rkte schlendern<strong>: <\/strong>Von April bis September wird der Place du 11 novembre jeden Mittwoch- und Samstagmorgen durch den Markt belebt. Den Rest des Jahres findet der traditionelle Markt nur einmal pro Woche, am Samstag, statt.<br>In der Hochsaison (Juli-August) haben Sie auch Gelegenheit, den Nachtmarkt zu entdecken, der wegen seiner geselligen Atmosph\u00e4re und der Vielfalt der St\u00e4nde bei Urlaubern sehr beliebt ist. Schmuck, Accessoires, Kleidung, s\u00fc\u00dfe oder herzhafte Produkte aus der Region: Der Nachtmarkt ist eine perfekte Ausrede f\u00fcr eine Schlemmerpause, bevor Sie Ihre Souvenirs aus dem Urlaub im H\u00e9rault kaufen.<\/li>\n\n\n\n<li><strong>G\u00f6nnen Sie sich einen Winzerausflug: <\/strong>Wie w\u00e4re es, wenn Sie vom Meer und den Vulkanen zu den Weinbergen und der Verkostung von edlen Weinen wechseln w\u00fcrden? Der Weintourismus ist in Vias und im Languedoc sehr angesagt.<br>Gehen Sie auf Entdeckungsreise durch die gro\u00dfen Weing\u00fcter (Bosc, Preignes le Neuf, Preignes le Vieux, M\u00e9deilhan, Saint-Pierre) und vor allem: Gehen Sie nicht, ohne die besten Weine der Region probiert zu haben!<\/li>\n<\/ul>\n<\/div>\n<\/div>\n\n\n    <\/div>\n<\/section>\n\n<section id=\"ls-section-block_5cbdfa3fd370a4718299021c43df0234\" class=\"ls-section  page-four animated fadeInUp slow delay-100ms\" >\n        <div class=\"container container--wide\">\n        \n\n<div id=\"ls-heading ls-titre-div-block_57d620c8484a0f87fb79b0dff91a6254\" class=\"ls-titre-div aligncenter h2-like\" >\n    In der N\u00e4he von Vias entdecken<\/div>\n\n\n<div id=\"ls-maillage-block_bdb519a4cfcb3200b2b88cccf50c6058\" class=\"ls-maillage cta-style-normal\" data-rows=\"3\">\n    <div class=\"wp-block-columns\"><div class=\"wp-block-column\"><div class=\"ls-cta\">\n\n<a href=\"https:\/\/www.champsblancstest.geek-tonic.dev\/de\/herault\/marseillan\/\" target=\"\" rel=\"noopener\" class=\"ls-cta__link\">\n\n\t<div class=\"ls-cta__image\"><img decoding=\"async\" src=\"https:\/\/www.champsblancstest.geek-tonic.dev\/wp-content\/uploads\/2023\/09\/camping-marseillan-1-768x512.webp\" alt=\"camping marseillan 1\"><\/div>\n\t<div class=\"ls-cta__title\">\n\t\t<span class=\"champs-blancs-coin-droit\"><\/span>\n\t\tMarseillan\t\t<span class=\"champs-blancs-arrow-down\"><\/span>\n\t<\/div>\n\n\t\n<\/a><\/div><\/div><div class=\"wp-block-column\"><div class=\"ls-cta\">\n\n<a href=\"https:\/\/www.champsblancstest.geek-tonic.dev\/de\/herault\/tourismus-agde\/\" target=\"\" rel=\"noopener\" class=\"ls-cta__link\">\n\n\t<div class=\"ls-cta__image\"><img decoding=\"async\" src=\"https:\/\/www.champsblancstest.geek-tonic.dev\/wp-content\/uploads\/2023\/09\/camping-agde-5-768x512.webp\" alt=\"camping agde 5\"><\/div>\n\t<div class=\"ls-cta__title\">\n\t\t<span class=\"champs-blancs-coin-droit\"><\/span>\n\t\tAgde\t\t<span class=\"champs-blancs-arrow-down\"><\/span>\n\t<\/div>\n\n\t\n<\/a><\/div><\/div><div class=\"wp-block-column\"><div class=\"ls-cta\">\n\n<a href=\"https:\/\/www.champsblancstest.geek-tonic.dev\/de\/herault\/tourismus-cap-agde\/\" target=\"\" rel=\"noopener\" class=\"ls-cta__link\">\n\n\t<div class=\"ls-cta__image\"><img decoding=\"async\" src=\"https:\/\/www.champsblancstest.geek-tonic.dev\/wp-content\/uploads\/2023\/09\/camping-cap-agde-1-768x576.webp\" alt=\"camping cap agde 1\"><\/div>\n\t<div class=\"ls-cta__title\">\n\t\t<span class=\"champs-blancs-coin-droit\"><\/span>\n\t\tCap d&#8217;Agde\t\t<span class=\"champs-blancs-arrow-down\"><\/span>\n\t<\/div>\n\n\t\n<\/a><\/div><\/div><\/div><\/div>\n\n    <\/div>\n<\/section>","protected":false},"excerpt":{"rendered":"","protected":false},"author":1,"featured_media":8956,"parent":10631,"menu_order":0,"comment_status":"closed","ping_status":"closed","template":"","meta":{"_acf_changed":false,"footnotes":""},"sujet":[],"class_list":["post-10665","page","type-page","status-publish","has-post-thumbnail","hentry"],"acf":[],"yoast_head":"<!-- This site is optimized with the Yoast SEO plugin v22.6 - https:\/\/yoast.com\/wordpress\/plugins\/seo\/ -->\n<title>Vias Tourismus und Aktivit\u00e4ten: Was gibt es in Vias zu sehen, was zu unternehmen?<\/title>\n<meta name=\"description\" content=\"Lust auf Sightseeing in Vias? Entdecken Sie die sch\u00f6nsten Sehensw\u00fcrdigkeiten und die besten Aktivit\u00e4ten in Vias!\" \/>\n<meta name=\"robots\" content=\"noindex, follow, max-snippet:-1, max-image-preview:large, max-video-preview:-1\" \/>\n<meta property=\"og:locale\" content=\"de_DE\" \/>\n<meta property=\"og:type\" content=\"article\" \/>\n<meta property=\"og:title\" content=\"Vias Tourismus und Aktivit\u00e4ten: Was gibt es in Vias zu sehen, was zu unternehmen?\" \/>\n<meta property=\"og:description\" content=\"Lust auf Sightseeing in Vias? Entdecken Sie die sch\u00f6nsten Sehensw\u00fcrdigkeiten und die besten Aktivit\u00e4ten in Vias!\" \/>\n<meta property=\"og:url\" content=\"https:\/\/www.champsblancstest.geek-tonic.dev\/fr\/herault\/vias\/\" \/>\n<meta property=\"og:site_name\" content=\"Les Champs Blancs\" \/>\n<meta property=\"article:modified_time\" content=\"2023-11-07T14:28:10+00:00\" \/>\n<meta property=\"og:image\" content=\"https:\/\/www.champsblancstest.geek-tonic.dev\/wp-content\/uploads\/2023\/09\/camping-vias-plage-4-scaled.webp\" \/>\n\t<meta property=\"og:image:width\" content=\"2560\" \/>\n\t<meta property=\"og:image:height\" content=\"1097\" \/>\n\t<meta property=\"og:image:type\" content=\"image\/webp\" \/>\n<meta name=\"twitter:card\" content=\"summary_large_image\" \/>\n<meta name=\"twitter:label1\" content=\"Gesch\u00e4tzte Lesezeit\" \/>\n\t<meta name=\"twitter:data1\" content=\"4\u00a0Minuten\" \/>\n<script type=\"application\/ld+json\" class=\"yoast-schema-graph\">{\"@context\":\"https:\/\/schema.org\",\"@graph\":[{\"@type\":\"WebPage\",\"@id\":\"https:\/\/www.champsblancstest.geek-tonic.dev\/fr\/herault\/vias\/\",\"url\":\"https:\/\/www.champsblancstest.geek-tonic.dev\/fr\/herault\/vias\/\",\"name\":\"Vias Tourismus und Aktivit\u00e4ten: Was gibt es in Vias zu sehen, was zu unternehmen?\",\"isPartOf\":{\"@id\":\"https:\/\/www.champsblancstest.geek-tonic.dev\/fr\/#website\"},\"primaryImageOfPage\":{\"@id\":\"https:\/\/www.champsblancstest.geek-tonic.dev\/fr\/herault\/vias\/#primaryimage\"},\"image\":{\"@id\":\"https:\/\/www.champsblancstest.geek-tonic.dev\/fr\/herault\/vias\/#primaryimage\"},\"thumbnailUrl\":\"https:\/\/www.champsblancstest.geek-tonic.dev\/wp-content\/uploads\/2023\/09\/camping-vias-plage-4-scaled.webp\",\"datePublished\":\"2023-10-19T10:09:07+00:00\",\"dateModified\":\"2023-11-07T14:28:10+00:00\",\"description\":\"Lust auf Sightseeing in Vias? Entdecken Sie die sch\u00f6nsten Sehensw\u00fcrdigkeiten und die besten Aktivit\u00e4ten in Vias!\",\"breadcrumb\":{\"@id\":\"https:\/\/www.champsblancstest.geek-tonic.dev\/fr\/herault\/vias\/#breadcrumb\"},\"inLanguage\":\"de\",\"potentialAction\":[{\"@type\":\"ReadAction\",\"target\":[\"https:\/\/www.champsblancstest.geek-tonic.dev\/fr\/herault\/vias\/\"]}]},{\"@type\":\"ImageObject\",\"inLanguage\":\"de\",\"@id\":\"https:\/\/www.champsblancstest.geek-tonic.dev\/fr\/herault\/vias\/#primaryimage\",\"url\":\"https:\/\/www.champsblancstest.geek-tonic.dev\/wp-content\/uploads\/2023\/09\/camping-vias-plage-4-scaled.webp\",\"contentUrl\":\"https:\/\/www.champsblancstest.geek-tonic.dev\/wp-content\/uploads\/2023\/09\/camping-vias-plage-4-scaled.webp\",\"width\":2560,\"height\":1097,\"caption\":\"camping vias plage 4\"},{\"@type\":\"BreadcrumbList\",\"@id\":\"https:\/\/www.champsblancstest.geek-tonic.dev\/fr\/herault\/vias\/#breadcrumb\",\"itemListElement\":[{\"@type\":\"ListItem\",\"position\":1,\"name\":\"Campingplatz Cap d'Agde\",\"item\":\"https:\/\/www.champsblancstest.geek-tonic.dev\/fr\/\"},{\"@type\":\"ListItem\",\"position\":2,\"name\":\"Herault entdecken\",\"item\":\"https:\/\/www.champsblancstest.geek-tonic.dev\/fr\/herault\/\"},{\"@type\":\"ListItem\",\"position\":3,\"name\":\"Vias besuchen\"}]},{\"@type\":\"WebSite\",\"@id\":\"https:\/\/www.champsblancstest.geek-tonic.dev\/fr\/#website\",\"url\":\"https:\/\/www.champsblancstest.geek-tonic.dev\/fr\/\",\"name\":\"Les Champs Blancs\",\"description\":\"\",\"publisher\":{\"@id\":\"https:\/\/www.champsblancstest.geek-tonic.dev\/fr\/#organization\"},\"potentialAction\":[{\"@type\":\"SearchAction\",\"target\":{\"@type\":\"EntryPoint\",\"urlTemplate\":\"https:\/\/www.champsblancstest.geek-tonic.dev\/fr\/?s={search_term_string}\"},\"query-input\":\"required name=search_term_string\"}],\"inLanguage\":\"de\"},{\"@type\":\"Organization\",\"@id\":\"https:\/\/www.champsblancstest.geek-tonic.dev\/fr\/#organization\",\"name\":\"Les Champs Blancs\",\"url\":\"https:\/\/www.champsblancstest.geek-tonic.dev\/fr\/\",\"logo\":{\"@type\":\"ImageObject\",\"inLanguage\":\"de\",\"@id\":\"https:\/\/www.champsblancstest.geek-tonic.dev\/fr\/#\/schema\/logo\/image\/\",\"url\":\"https:\/\/www.champsblancstest.geek-tonic.dev\/wp-content\/uploads\/2023\/07\/logo-blanc-camping-les-champs-blancs.webp\",\"contentUrl\":\"https:\/\/www.champsblancstest.geek-tonic.dev\/wp-content\/uploads\/2023\/07\/logo-blanc-camping-les-champs-blancs.webp\",\"width\":821,\"height\":657,\"caption\":\"Les Champs Blancs\"},\"image\":{\"@id\":\"https:\/\/www.champsblancstest.geek-tonic.dev\/fr\/#\/schema\/logo\/image\/\"}}]}<\/script>\n<!-- \/ Yoast SEO plugin. -->","yoast_head_json":{"title":"Vias Tourismus und Aktivit\u00e4ten: Was gibt es in Vias zu sehen, was zu unternehmen?","description":"Lust auf Sightseeing in Vias? Entdecken Sie die sch\u00f6nsten Sehensw\u00fcrdigkeiten und die besten Aktivit\u00e4ten in Vias!","robots":{"index":"noindex","follow":"follow","max-snippet":"max-snippet:-1","max-image-preview":"max-image-preview:large","max-video-preview":"max-video-preview:-1"},"og_locale":"de_DE","og_type":"article","og_title":"Vias Tourismus und Aktivit\u00e4ten: Was gibt es in Vias zu sehen, was zu unternehmen?","og_description":"Lust auf Sightseeing in Vias? Entdecken Sie die sch\u00f6nsten Sehensw\u00fcrdigkeiten und die besten Aktivit\u00e4ten in Vias!","og_url":"https:\/\/www.champsblancstest.geek-tonic.dev\/fr\/herault\/vias\/","og_site_name":"Les Champs Blancs","article_modified_time":"2023-11-07T14:28:10+00:00","og_image":[{"width":2560,"height":1097,"url":"https:\/\/www.champsblancstest.geek-tonic.dev\/wp-content\/uploads\/2023\/09\/camping-vias-plage-4-scaled.webp","type":"image\/webp"}],"twitter_card":"summary_large_image","twitter_misc":{"Gesch\u00e4tzte Lesezeit":"4\u00a0Minuten"},"schema":{"@context":"https:\/\/schema.org","@graph":[{"@type":"WebPage","@id":"https:\/\/www.champsblancstest.geek-tonic.dev\/fr\/herault\/vias\/","url":"https:\/\/www.champsblancstest.geek-tonic.dev\/fr\/herault\/vias\/","name":"Vias Tourismus und Aktivit\u00e4ten: Was gibt es in Vias zu sehen, was zu unternehmen?","isPartOf":{"@id":"https:\/\/www.champsblancstest.geek-tonic.dev\/fr\/#website"},"primaryImageOfPage":{"@id":"https:\/\/www.champsblancstest.geek-tonic.dev\/fr\/herault\/vias\/#primaryimage"},"image":{"@id":"https:\/\/www.champsblancstest.geek-tonic.dev\/fr\/herault\/vias\/#primaryimage"},"thumbnailUrl":"https:\/\/www.champsblancstest.geek-tonic.dev\/wp-content\/uploads\/2023\/09\/camping-vias-plage-4-scaled.webp","datePublished":"2023-10-19T10:09:07+00:00","dateModified":"2023-11-07T14:28:10+00:00","description":"Lust auf Sightseeing in Vias? Entdecken Sie die sch\u00f6nsten Sehensw\u00fcrdigkeiten und die besten Aktivit\u00e4ten in Vias!","breadcrumb":{"@id":"https:\/\/www.champsblancstest.geek-tonic.dev\/fr\/herault\/vias\/#breadcrumb"},"inLanguage":"de","potentialAction":[{"@type":"ReadAction","target":["https:\/\/www.champsblancstest.geek-tonic.dev\/fr\/herault\/vias\/"]}]},{"@type":"ImageObject","inLanguage":"de","@id":"https:\/\/www.champsblancstest.geek-tonic.dev\/fr\/herault\/vias\/#primaryimage","url":"https:\/\/www.champsblancstest.geek-tonic.dev\/wp-content\/uploads\/2023\/09\/camping-vias-plage-4-scaled.webp","contentUrl":"https:\/\/www.champsblancstest.geek-tonic.dev\/wp-content\/uploads\/2023\/09\/camping-vias-plage-4-scaled.webp","width":2560,"height":1097,"caption":"camping vias plage 4"},{"@type":"BreadcrumbList","@id":"https:\/\/www.champsblancstest.geek-tonic.dev\/fr\/herault\/vias\/#breadcrumb","itemListElement":[{"@type":"ListItem","position":1,"name":"Campingplatz Cap d'Agde","item":"https:\/\/www.champsblancstest.geek-tonic.dev\/fr\/"},{"@type":"ListItem","position":2,"name":"Herault entdecken","item":"https:\/\/www.champsblancstest.geek-tonic.dev\/fr\/herault\/"},{"@type":"ListItem","position":3,"name":"Vias besuchen"}]},{"@type":"WebSite","@id":"https:\/\/www.champsblancstest.geek-tonic.dev\/fr\/#website","url":"https:\/\/www.champsblancstest.geek-tonic.dev\/fr\/","name":"Les Champs Blancs","description":"","publisher":{"@id":"https:\/\/www.champsblancstest.geek-tonic.dev\/fr\/#organization"},"potentialAction":[{"@type":"SearchAction","target":{"@type":"EntryPoint","urlTemplate":"https:\/\/www.champsblancstest.geek-tonic.dev\/fr\/?s={search_term_string}"},"query-input":"required name=search_term_string"}],"inLanguage":"de"},{"@type":"Organization","@id":"https:\/\/www.champsblancstest.geek-tonic.dev\/fr\/#organization","name":"Les Champs Blancs","url":"https:\/\/www.champsblancstest.geek-tonic.dev\/fr\/","logo":{"@type":"ImageObject","inLanguage":"de","@id":"https:\/\/www.champsblancstest.geek-tonic.dev\/fr\/#\/schema\/logo\/image\/","url":"https:\/\/www.champsblancstest.geek-tonic.dev\/wp-content\/uploads\/2023\/07\/logo-blanc-camping-les-champs-blancs.webp","contentUrl":"https:\/\/www.champsblancstest.geek-tonic.dev\/wp-content\/uploads\/2023\/07\/logo-blanc-camping-les-champs-blancs.webp","width":821,"height":657,"caption":"Les Champs Blancs"},"image":{"@id":"https:\/\/www.champsblancstest.geek-tonic.dev\/fr\/#\/schema\/logo\/image\/"}}]}},"_links":{"self":[{"href":"https:\/\/www.champsblancstest.geek-tonic.dev\/de\/wp-json\/wp\/v2\/pages\/10665","targetHints":{"allow":["GET"]}}],"collection":[{"href":"https:\/\/www.champsblancstest.geek-tonic.dev\/de\/wp-json\/wp\/v2\/pages"}],"about":[{"href":"https:\/\/www.champsblancstest.geek-tonic.dev\/de\/wp-json\/wp\/v2\/types\/page"}],"author":[{"embeddable":true,"href":"https:\/\/www.champsblancstest.geek-tonic.dev\/de\/wp-json\/wp\/v2\/users\/1"}],"replies":[{"embeddable":true,"href":"https:\/\/www.champsblancstest.geek-tonic.dev\/de\/wp-json\/wp\/v2\/comments?post=10665"}],"version-history":[{"count":5,"href":"https:\/\/www.champsblancstest.geek-tonic.dev\/de\/wp-json\/wp\/v2\/pages\/10665\/revisions"}],"predecessor-version":[{"id":15674,"href":"https:\/\/www.champsblancstest.geek-tonic.dev\/de\/wp-json\/wp\/v2\/pages\/10665\/revisions\/15674"}],"up":[{"embeddable":true,"href":"https:\/\/www.champsblancstest.geek-tonic.dev\/de\/wp-json\/wp\/v2\/pages\/10631"}],"wp:featuredmedia":[{"embeddable":true,"href":"https:\/\/www.champsblancstest.geek-tonic.dev\/de\/wp-json\/wp\/v2\/media\/8956"}],"wp:attachment":[{"href":"https:\/\/www.champsblancstest.geek-tonic.dev\/de\/wp-json\/wp\/v2\/media?parent=10665"}],"wp:term":[{"taxonomy":"sujet","embeddable":true,"href":"https:\/\/www.champsblancstest.geek-tonic.dev\/de\/wp-json\/wp\/v2\/sujet?post=10665"}],"curies":[{"name":"wp","href":"https:\/\/api.w.org\/{rel}","templated":true}]}}