{"id":10692,"date":"2023-10-19T12:09:11","date_gmt":"2023-10-19T10:09:11","guid":{"rendered":"https:\/\/www.champsblancstest.geek-tonic.dev\/herault\/agde\/"},"modified":"2023-11-15T15:17:06","modified_gmt":"2023-11-15T14:17:06","slug":"tourismus-agde","status":"publish","type":"page","link":"https:\/\/www.champsblancstest.geek-tonic.dev\/de\/herault\/tourismus-agde\/","title":{"rendered":"Agde"},"content":{"rendered":"<section id=\"ls-section-block_7d26b891a450fa9d8760109bda7fff1c\" class=\"ls-section  home-first page-one\" >\n        <div class=\"container container--full\">\n        \n\n<div class=\"wp-block-columns are-vertically-aligned-center is-layout-flex wp-container-core-columns-is-layout-9d6595d7 wp-block-columns-is-layout-flex\">\n<div class=\"wp-block-column is-vertically-aligned-center is-layout-flow wp-block-column-is-layout-flow\" style=\"flex-basis:53%\">\n<figure class=\"wp-block-gallery has-nested-images columns-default is-cropped animated fadeInLeft slow wp-block-gallery-1 is-layout-flex wp-block-gallery-is-layout-flex\">\n<figure class=\"wp-block-image size-full\"><a href=\"https:\/\/www.champsblancstest.geek-tonic.dev\/wp-content\/uploads\/2023\/09\/camping-agde-3-scaled.webp\"><img decoding=\"async\" width=\"2560\" height=\"1707\" data-id=\"9040\" src=\"https:\/\/www.champsblancstest.geek-tonic.dev\/wp-content\/uploads\/2023\/09\/camping-agde-3-scaled.webp\" alt=\"camping agde 3\" class=\"wp-image-9040\" srcset=\"https:\/\/www.champsblancstest.geek-tonic.dev\/wp-content\/uploads\/2023\/09\/camping-agde-3-scaled.webp 2560w, https:\/\/www.champsblancstest.geek-tonic.dev\/wp-content\/uploads\/2023\/09\/camping-agde-3-300x200.webp 300w, https:\/\/www.champsblancstest.geek-tonic.dev\/wp-content\/uploads\/2023\/09\/camping-agde-3-1024x683.webp 1024w, https:\/\/www.champsblancstest.geek-tonic.dev\/wp-content\/uploads\/2023\/09\/camping-agde-3-768x512.webp 768w, https:\/\/www.champsblancstest.geek-tonic.dev\/wp-content\/uploads\/2023\/09\/camping-agde-3-1536x1024.webp 1536w, https:\/\/www.champsblancstest.geek-tonic.dev\/wp-content\/uploads\/2023\/09\/camping-agde-3-2048x1365.webp 2048w\" sizes=\"(max-width: 2560px) 100vw, 2560px\" \/><\/a><\/figure>\n<\/figure>\n<\/div>\n\n\n\n<div class=\"wp-block-column is-vertically-aligned-center is-layout-flow wp-block-column-is-layout-flow\" style=\"flex-basis:47%\">\n<h1 class=\"ls__heading wp-block-heading\">Tourismus in Agde<\/h1>\n\n\n\n<p class=\"ls-paragraph\">Agde wurde vor \u00fcber 2500 Jahren von den Phok\u00e4ern gegr\u00fcndet und zeichnet sich durch seine <strong>sch\u00f6nen Bauwerke<\/strong> aus, die aus Basaltstein errichtet wurden. Obwohl sein Badeort Cap d&#8217;Agde die meisten Urlauber anzieht, hat die Stadt Agde dem Besucher, der sich nicht auf Faulenzen und Baden im Mittelmeer beschr\u00e4nken will, viel zu bieten. Entdecken Sie dies w\u00e4hrend Ihres <strong>Tourismusaufenthalts in Agde<\/strong>.<\/p>\n\n\n\n<p class=\"ls-paragraph\">Nehmen Sie sich die Zeit, sie zu erkunden, wenn Sie sich fragen, was Sie w\u00e4hrend Ihres Urlaubs <a href=\"https:\/\/www.champsblancstest.geek-tonic.dev\/de\/herault\/\">im H\u00e9rault<\/a> unternehmen k\u00f6nnen, zumal ihr <strong>historisches Zentrum<\/strong> nur 10 Minuten zu Fu\u00df vom <a href=\"https:\/\/www.champsblancstest.geek-tonic.dev\/de\/\">Campingplatz Agde<\/a> Les Champs Blancs entfernt liegt.<\/p>\n<\/div>\n<\/div>\n\n\n    <\/div>\n<\/section>\n\n<section id=\"ls-section-block_fc5f7a998880f2d4c32936360666808b\" class=\"ls-section  home-first page-two\" >\n        <div class=\"container container--full\">\n        \n\n<div class=\"wp-block-columns are-vertically-aligned-center is-layout-flex wp-container-core-columns-is-layout-9d6595d7 wp-block-columns-is-layout-flex\">\n<div class=\"wp-block-column is-vertically-aligned-center is-layout-flow wp-block-column-is-layout-flow\" style=\"flex-basis:47%\">\n<h2 class=\"ls__heading wp-block-heading\">Agde, ein bemerkenswertes Kultur- und Naturerbe<\/h2>\n\n\n\n<p class=\"ls-paragraph\">Ein Spaziergang durch den historischen Kern dieser okzitanischen Stadt mit knapp 28.000 Einwohnern gen\u00fcgt, um zu erkennen, dass sie von <strong>gro\u00dfem architektonischen Interesse<\/strong> ist. Die Stadt Agde ist ges\u00e4umt von sehr gut erhaltenen religi\u00f6sen Geb\u00e4uden, von denen einige unter Denkmalschutz stehen, wie die Kathedrale Saint-Etienne, die Kirche Saint-Sever, die Kirche Saint-Andr\u00e9, die Kirche Notre-Dame-du-Grau und die Chapelle de l&#8217;Agenouillade. Erfahren Sie mehr \u00fcber die Geschichte von Agde w\u00e4hrend Ihres Aufenthalts in <strong>Agde Tourismus<\/strong>. Die Ufer des H\u00e9rault sind sehr angenehm f\u00fcr einen Spaziergang mit der Familie nach einer Wassersportaktivit\u00e4t, vor allem bei Einbruch der Dunkelheit w\u00e4hrend der Sommermonate.<\/p>\n\n\n\n<p class=\"ls-paragraph\">Zum kulturellen Erbe von Agde geh\u00f6ren auch Wohnh\u00e4user, die zwischen dem 17. und 18. Jahrhundert errichtet wurden, darunter das H\u00f4tel Malaval und der ehemalige Bischofspalast. Die Pl\u00e4tze sind <strong>mit sehr sch\u00f6nen Brunnen<\/strong> geschm\u00fcckt: Fontaine Napol\u00e9on, Fontaine de la R\u00e9publique und Belle Agathoise in der N\u00e4he der Esplanade&#8230;<\/p>\n\n\n\n<p class=\"ls-paragraph\">Was die Natur betrifft, so ist der Canal du Midi ein idyllischer Ort f\u00fcr <strong>bukolische Spazierg\u00e4nge zu Fu\u00df oder mit dem Fahrrad<\/strong> im Schatten der Platanen. Die Stadt beherbergt mehrere Parks und G\u00e4rten sowie ein Schutzgebiet, das Naturreservat Bagnas am Ufer des \u00c9tang de Thau.<\/p>\n<\/div>\n\n\n\n<div class=\"wp-block-column is-vertically-aligned-center is-layout-flow wp-block-column-is-layout-flow\" style=\"flex-basis:53%\">\n<figure class=\"wp-block-gallery has-nested-images columns-default is-cropped animated fadeInRight slow delay-200ms wp-block-gallery-2 is-layout-flex wp-block-gallery-is-layout-flex\">\n<figure class=\"wp-block-image size-full\"><a href=\"https:\/\/www.champsblancstest.geek-tonic.dev\/wp-content\/uploads\/2023\/09\/camping-agde-2-scaled.webp\"><img decoding=\"async\" width=\"2560\" height=\"1707\" data-id=\"9045\" src=\"https:\/\/www.champsblancstest.geek-tonic.dev\/wp-content\/uploads\/2023\/09\/camping-agde-2-scaled.webp\" alt=\"camping agde 2\" class=\"wp-image-9045\" srcset=\"https:\/\/www.champsblancstest.geek-tonic.dev\/wp-content\/uploads\/2023\/09\/camping-agde-2-scaled.webp 2560w, https:\/\/www.champsblancstest.geek-tonic.dev\/wp-content\/uploads\/2023\/09\/camping-agde-2-300x200.webp 300w, https:\/\/www.champsblancstest.geek-tonic.dev\/wp-content\/uploads\/2023\/09\/camping-agde-2-1024x683.webp 1024w, https:\/\/www.champsblancstest.geek-tonic.dev\/wp-content\/uploads\/2023\/09\/camping-agde-2-768x512.webp 768w, https:\/\/www.champsblancstest.geek-tonic.dev\/wp-content\/uploads\/2023\/09\/camping-agde-2-1536x1024.webp 1536w, https:\/\/www.champsblancstest.geek-tonic.dev\/wp-content\/uploads\/2023\/09\/camping-agde-2-2048x1365.webp 2048w\" sizes=\"(max-width: 2560px) 100vw, 2560px\" \/><\/a><\/figure>\n<\/figure>\n<\/div>\n<\/div>\n\n\n    <\/div>\n<\/section>\n\n<section id=\"ls-section-block_7d26b891a450fa9d8760109bda7fff1c\" class=\"ls-section  home-first page-one\" >\n        <div class=\"container container--full\">\n        \n\n<div class=\"wp-block-columns are-vertically-aligned-center is-layout-flex wp-container-core-columns-is-layout-9d6595d7 wp-block-columns-is-layout-flex\">\n<div class=\"wp-block-column is-vertically-aligned-center is-layout-flow wp-block-column-is-layout-flow\" style=\"flex-basis:53%\"><p><iframe width=\"100%\" height=\"480\" src=\"https:\/\/www.youtube.com\/embed\/UcFPcEoApC0?si=8tSUVRbnLZq2-ZFC\" title=\"YouTube video player\" frameborder=\"0\" allow=\"accelerometer; autoplay; clipboard-write; encrypted-media; gyroscope; picture-in-picture; web-share\" allowfullscreen><\/iframe><\/p>\n<\/div>\n\n\n\n<div class=\"wp-block-column is-vertically-aligned-center is-layout-flow wp-block-column-is-layout-flow\" style=\"flex-basis:47%\">\n<h2 class=\"ls__heading wp-block-heading\">Top 5 der Sehensw\u00fcrdigkeiten und Aktivit\u00e4ten in Agde<\/h2>\n\n\n\n<ul class=\"ls-list wp-block-list\">\n<li><strong>Besichtigung der Kathedrale Saint-Etienne<\/strong>: Mit seinen gro\u00dfen Festungsanlagen vereint das symboltr\u00e4chtigste Bauwerk von Agde Elemente eines religi\u00f6sen Geb\u00e4udes und einer Festung. Das f\u00fcr seinen Bau verwendete Vulkangestein stammt vom Mont Saint-Loup.<\/li>\n\n\n\n<li><strong>Machen Sie eine Kreuzfahrt auf dem Canal du Midi<\/strong>: Mehrere Anbieter bieten Flussfahrten auf dem Canal du Midi an, der zum UNESCO-Weltkulturerbe geh\u00f6rt. An Bord eines Schiffes oder eines Kahns passieren Sie mehrere Schleusen, darunter die ber\u00fchmte Rundschleuse, die unter Denkmalschutz steht.<\/li>\n<\/ul>\n\n\n\n<ul class=\"ls-list wp-block-list\">\n<li><strong>Einem Ritterturnier beiwohnen<\/strong>: Die Wasserk\u00e4mpfe sind ein zentrales Element der Tradition des Languedoc. An sch\u00f6nen Tagen werden in Agde und den umliegenden Gemeinden Turniere veranstaltet.<br>Erfahren Sie mehr \u00fcber die <a href=\"https:\/\/www.ville-agde.fr\/\" target=\"_blank\" rel=\"noreferrer noopener\">Stadt Agde<\/a>.<\/li>\n<\/ul>\n\n\n\n<ul class=\"ls-list wp-block-list\">\n<li><strong>Entdecken Sie das Bagnas-Reservat<\/strong>: Dieses 563 Hektar gro\u00dfe Feuchtgebiet, das den Status eines nationalen Naturschutzgebiets genie\u00dft, ist Zufluchtsort f\u00fcr Zugv\u00f6gel und andere bedrohte Arten. Machen Sie einen Rundgang um die Teiche und sensibilisieren Sie Ihre Kinder f\u00fcr die Zerbrechlichkeit der \u00d6kosysteme, die ihnen gegen\u00fcberstehen.<\/li>\n<\/ul>\n\n\n\n<ul class=\"ls-list wp-block-list\">\n<li><strong>Besuchen Sie das Jules-Baudou-Museum<\/strong>: Dieses Museum der Sch\u00f6nen K\u00fcnste und Traditionen des H\u00e9rault wurde 1932 in einem Privathaus im Renaissance-Stil eingerichtet. Es enth\u00e4lt mehrere Sammlungen von Kost\u00fcmen, M\u00f6beln, Gem\u00e4lden und Schiffsmodellen.<\/li>\n<\/ul>\n\n\n\n<p class=\"ls-paragraph\">Entdecken Sie die besten M\u00e4rkte in Agde und Umgebung.<\/p>\n<\/div>\n<\/div>\n\n\n    <\/div>\n<\/section>\n\n<section id=\"ls-section-block_2654be6846b4d2d9f720150044881fe0\" class=\"ls-section  page-four animated fadeInUp slow delay-100ms\" >\n        <div class=\"container container--wide\">\n        \n\n<div id=\"ls-heading ls-titre-div-block_dc7b2d2ea94158ffebd385ebab5da1f4\" class=\"ls-titre-div aligncenter h2-like\" >\n    Entdecken Sie auch &#8230;<\/div>\n\n\n<div id=\"ls-maillage-block_74e8bfb2fbf0f1803e81571a5e55003c\" class=\"ls-maillage cta-style-normal\" data-rows=\"3\">\n    <div class=\"wp-block-columns\"><div class=\"wp-block-column\"><div class=\"ls-cta\">\n\n<a href=\"https:\/\/www.champsblancstest.geek-tonic.dev\/de\/herault\/marseillan\/\" target=\"\" rel=\"noopener\" class=\"ls-cta__link\">\n\n\t<div class=\"ls-cta__image\"><img decoding=\"async\" src=\"https:\/\/www.champsblancstest.geek-tonic.dev\/wp-content\/uploads\/2023\/09\/camping-marseillan-1-768x512.webp\" alt=\"camping marseillan 1\"><\/div>\n\t<div class=\"ls-cta__title\">\n\t\t<span class=\"champs-blancs-coin-droit\"><\/span>\n\t\tMarseillan\t\t<span class=\"champs-blancs-arrow-down\"><\/span>\n\t<\/div>\n\n\t\n<\/a><\/div><\/div><div class=\"wp-block-column\"><div class=\"ls-cta\">\n\n<a href=\"https:\/\/www.champsblancstest.geek-tonic.dev\/de\/herault\/tourismus-cap-agde\/\" target=\"\" rel=\"noopener\" class=\"ls-cta__link\">\n\n\t<div class=\"ls-cta__image\"><img decoding=\"async\" src=\"https:\/\/www.champsblancstest.geek-tonic.dev\/wp-content\/uploads\/2023\/09\/camping-cap-agde-1-768x576.webp\" alt=\"camping cap agde 1\"><\/div>\n\t<div class=\"ls-cta__title\">\n\t\t<span class=\"champs-blancs-coin-droit\"><\/span>\n\t\tCap d&#8217;Agde\t\t<span class=\"champs-blancs-arrow-down\"><\/span>\n\t<\/div>\n\n\t\n<\/a><\/div><\/div><div class=\"wp-block-column\"><div class=\"ls-cta\">\n\n<a href=\"https:\/\/www.champsblancstest.geek-tonic.dev\/de\/herault\/sete\/\" target=\"\" rel=\"noopener\" class=\"ls-cta__link\">\n\n\t<div class=\"ls-cta__image\"><img decoding=\"async\" src=\"https:\/\/www.champsblancstest.geek-tonic.dev\/wp-content\/uploads\/2023\/09\/camping-sete8-768x409.webp\" alt=\"camping s\u00e8te8\"><\/div>\n\t<div class=\"ls-cta__title\">\n\t\t<span class=\"champs-blancs-coin-droit\"><\/span>\n\t\tS\u00e8te\t\t<span class=\"champs-blancs-arrow-down\"><\/span>\n\t<\/div>\n\n\t\n<\/a><\/div><\/div><\/div><\/div>\n\n    <\/div>\n<\/section>","protected":false},"excerpt":{"rendered":"","protected":false},"author":1,"featured_media":9038,"parent":10631,"menu_order":0,"comment_status":"closed","ping_status":"closed","template":"","meta":{"_acf_changed":false,"footnotes":""},"sujet":[],"class_list":["post-10692","page","type-page","status-publish","has-post-thumbnail","hentry"],"acf":[],"yoast_head":"<!-- This site is optimized with the Yoast SEO plugin v22.6 - https:\/\/yoast.com\/wordpress\/plugins\/seo\/ -->\n<title>Agde Tourismus | Aktivit\u00e4ten, Besichtigungen und Sehensw\u00fcrdigkeiten in Agde<\/title>\n<meta name=\"description\" content=\"Haben Sie Lust, w\u00e4hrend Ihres Urlaubs in Agde Sightseeing zu machen? Entdecken Sie die besten Aktivit\u00e4ten, die sch\u00f6nsten Sehensw\u00fcrdigkeiten und die Orte von Interesse, die man gesehen haben muss\" \/>\n<meta name=\"robots\" content=\"noindex, follow, max-snippet:-1, max-image-preview:large, max-video-preview:-1\" \/>\n<meta property=\"og:locale\" content=\"de_DE\" \/>\n<meta property=\"og:type\" content=\"article\" \/>\n<meta property=\"og:title\" content=\"Agde Tourismus | Aktivit\u00e4ten, Besichtigungen und Sehensw\u00fcrdigkeiten in Agde\" \/>\n<meta property=\"og:description\" content=\"Haben Sie Lust, w\u00e4hrend Ihres Urlaubs in Agde Sightseeing zu machen? Entdecken Sie die besten Aktivit\u00e4ten, die sch\u00f6nsten Sehensw\u00fcrdigkeiten und die Orte von Interesse, die man gesehen haben muss\" \/>\n<meta property=\"og:url\" content=\"https:\/\/www.champsblancstest.geek-tonic.dev\/fr\/herault\/agde\/\" \/>\n<meta property=\"og:site_name\" content=\"Les Champs Blancs\" \/>\n<meta property=\"article:modified_time\" content=\"2023-11-15T14:17:06+00:00\" \/>\n<meta property=\"og:image\" content=\"https:\/\/www.champsblancstest.geek-tonic.dev\/wp-content\/uploads\/2023\/09\/camping-agde-4-scaled.webp\" \/>\n\t<meta property=\"og:image:width\" content=\"2560\" \/>\n\t<meta property=\"og:image:height\" content=\"1700\" \/>\n\t<meta property=\"og:image:type\" content=\"image\/webp\" \/>\n<meta name=\"twitter:card\" content=\"summary_large_image\" \/>\n<meta name=\"twitter:label1\" content=\"Gesch\u00e4tzte Lesezeit\" \/>\n\t<meta name=\"twitter:data1\" content=\"3\u00a0Minuten\" \/>\n<script type=\"application\/ld+json\" class=\"yoast-schema-graph\">{\"@context\":\"https:\/\/schema.org\",\"@graph\":[{\"@type\":\"WebPage\",\"@id\":\"https:\/\/www.champsblancstest.geek-tonic.dev\/fr\/herault\/agde\/\",\"url\":\"https:\/\/www.champsblancstest.geek-tonic.dev\/fr\/herault\/agde\/\",\"name\":\"Agde Tourismus | Aktivit\u00e4ten, Besichtigungen und Sehensw\u00fcrdigkeiten in Agde\",\"isPartOf\":{\"@id\":\"https:\/\/www.champsblancstest.geek-tonic.dev\/fr\/#website\"},\"primaryImageOfPage\":{\"@id\":\"https:\/\/www.champsblancstest.geek-tonic.dev\/fr\/herault\/agde\/#primaryimage\"},\"image\":{\"@id\":\"https:\/\/www.champsblancstest.geek-tonic.dev\/fr\/herault\/agde\/#primaryimage\"},\"thumbnailUrl\":\"https:\/\/www.champsblancstest.geek-tonic.dev\/wp-content\/uploads\/2023\/09\/camping-agde-4-scaled.webp\",\"datePublished\":\"2023-10-19T10:09:11+00:00\",\"dateModified\":\"2023-11-15T14:17:06+00:00\",\"description\":\"Haben Sie Lust, w\u00e4hrend Ihres Urlaubs in Agde Sightseeing zu machen? Entdecken Sie die besten Aktivit\u00e4ten, die sch\u00f6nsten Sehensw\u00fcrdigkeiten und die Orte von Interesse, die man gesehen haben muss\",\"breadcrumb\":{\"@id\":\"https:\/\/www.champsblancstest.geek-tonic.dev\/fr\/herault\/agde\/#breadcrumb\"},\"inLanguage\":\"de\",\"potentialAction\":[{\"@type\":\"ReadAction\",\"target\":[\"https:\/\/www.champsblancstest.geek-tonic.dev\/fr\/herault\/agde\/\"]}]},{\"@type\":\"ImageObject\",\"inLanguage\":\"de\",\"@id\":\"https:\/\/www.champsblancstest.geek-tonic.dev\/fr\/herault\/agde\/#primaryimage\",\"url\":\"https:\/\/www.champsblancstest.geek-tonic.dev\/wp-content\/uploads\/2023\/09\/camping-agde-4-scaled.webp\",\"contentUrl\":\"https:\/\/www.champsblancstest.geek-tonic.dev\/wp-content\/uploads\/2023\/09\/camping-agde-4-scaled.webp\",\"width\":2560,\"height\":1700,\"caption\":\"camping agde 4\"},{\"@type\":\"BreadcrumbList\",\"@id\":\"https:\/\/www.champsblancstest.geek-tonic.dev\/fr\/herault\/agde\/#breadcrumb\",\"itemListElement\":[{\"@type\":\"ListItem\",\"position\":1,\"name\":\"Campingplatz Cap d'Agde\",\"item\":\"https:\/\/www.champsblancstest.geek-tonic.dev\/fr\/\"},{\"@type\":\"ListItem\",\"position\":2,\"name\":\"Herault entdecken\",\"item\":\"https:\/\/www.champsblancstest.geek-tonic.dev\/fr\/herault\/\"},{\"@type\":\"ListItem\",\"position\":3,\"name\":\"Agde\"}]},{\"@type\":\"WebSite\",\"@id\":\"https:\/\/www.champsblancstest.geek-tonic.dev\/fr\/#website\",\"url\":\"https:\/\/www.champsblancstest.geek-tonic.dev\/fr\/\",\"name\":\"Les Champs Blancs\",\"description\":\"\",\"publisher\":{\"@id\":\"https:\/\/www.champsblancstest.geek-tonic.dev\/fr\/#organization\"},\"potentialAction\":[{\"@type\":\"SearchAction\",\"target\":{\"@type\":\"EntryPoint\",\"urlTemplate\":\"https:\/\/www.champsblancstest.geek-tonic.dev\/fr\/?s={search_term_string}\"},\"query-input\":\"required name=search_term_string\"}],\"inLanguage\":\"de\"},{\"@type\":\"Organization\",\"@id\":\"https:\/\/www.champsblancstest.geek-tonic.dev\/fr\/#organization\",\"name\":\"Les Champs Blancs\",\"url\":\"https:\/\/www.champsblancstest.geek-tonic.dev\/fr\/\",\"logo\":{\"@type\":\"ImageObject\",\"inLanguage\":\"de\",\"@id\":\"https:\/\/www.champsblancstest.geek-tonic.dev\/fr\/#\/schema\/logo\/image\/\",\"url\":\"https:\/\/www.champsblancstest.geek-tonic.dev\/wp-content\/uploads\/2023\/07\/logo-blanc-camping-les-champs-blancs.webp\",\"contentUrl\":\"https:\/\/www.champsblancstest.geek-tonic.dev\/wp-content\/uploads\/2023\/07\/logo-blanc-camping-les-champs-blancs.webp\",\"width\":821,\"height\":657,\"caption\":\"Les Champs Blancs\"},\"image\":{\"@id\":\"https:\/\/www.champsblancstest.geek-tonic.dev\/fr\/#\/schema\/logo\/image\/\"}}]}<\/script>\n<!-- \/ Yoast SEO plugin. -->","yoast_head_json":{"title":"Agde Tourismus | Aktivit\u00e4ten, Besichtigungen und Sehensw\u00fcrdigkeiten in Agde","description":"Haben Sie Lust, w\u00e4hrend Ihres Urlaubs in Agde Sightseeing zu machen? Entdecken Sie die besten Aktivit\u00e4ten, die sch\u00f6nsten Sehensw\u00fcrdigkeiten und die Orte von Interesse, die man gesehen haben muss","robots":{"index":"noindex","follow":"follow","max-snippet":"max-snippet:-1","max-image-preview":"max-image-preview:large","max-video-preview":"max-video-preview:-1"},"og_locale":"de_DE","og_type":"article","og_title":"Agde Tourismus | Aktivit\u00e4ten, Besichtigungen und Sehensw\u00fcrdigkeiten in Agde","og_description":"Haben Sie Lust, w\u00e4hrend Ihres Urlaubs in Agde Sightseeing zu machen? Entdecken Sie die besten Aktivit\u00e4ten, die sch\u00f6nsten Sehensw\u00fcrdigkeiten und die Orte von Interesse, die man gesehen haben muss","og_url":"https:\/\/www.champsblancstest.geek-tonic.dev\/fr\/herault\/agde\/","og_site_name":"Les Champs Blancs","article_modified_time":"2023-11-15T14:17:06+00:00","og_image":[{"width":2560,"height":1700,"url":"https:\/\/www.champsblancstest.geek-tonic.dev\/wp-content\/uploads\/2023\/09\/camping-agde-4-scaled.webp","type":"image\/webp"}],"twitter_card":"summary_large_image","twitter_misc":{"Gesch\u00e4tzte Lesezeit":"3\u00a0Minuten"},"schema":{"@context":"https:\/\/schema.org","@graph":[{"@type":"WebPage","@id":"https:\/\/www.champsblancstest.geek-tonic.dev\/fr\/herault\/agde\/","url":"https:\/\/www.champsblancstest.geek-tonic.dev\/fr\/herault\/agde\/","name":"Agde Tourismus | Aktivit\u00e4ten, Besichtigungen und Sehensw\u00fcrdigkeiten in Agde","isPartOf":{"@id":"https:\/\/www.champsblancstest.geek-tonic.dev\/fr\/#website"},"primaryImageOfPage":{"@id":"https:\/\/www.champsblancstest.geek-tonic.dev\/fr\/herault\/agde\/#primaryimage"},"image":{"@id":"https:\/\/www.champsblancstest.geek-tonic.dev\/fr\/herault\/agde\/#primaryimage"},"thumbnailUrl":"https:\/\/www.champsblancstest.geek-tonic.dev\/wp-content\/uploads\/2023\/09\/camping-agde-4-scaled.webp","datePublished":"2023-10-19T10:09:11+00:00","dateModified":"2023-11-15T14:17:06+00:00","description":"Haben Sie Lust, w\u00e4hrend Ihres Urlaubs in Agde Sightseeing zu machen? Entdecken Sie die besten Aktivit\u00e4ten, die sch\u00f6nsten Sehensw\u00fcrdigkeiten und die Orte von Interesse, die man gesehen haben muss","breadcrumb":{"@id":"https:\/\/www.champsblancstest.geek-tonic.dev\/fr\/herault\/agde\/#breadcrumb"},"inLanguage":"de","potentialAction":[{"@type":"ReadAction","target":["https:\/\/www.champsblancstest.geek-tonic.dev\/fr\/herault\/agde\/"]}]},{"@type":"ImageObject","inLanguage":"de","@id":"https:\/\/www.champsblancstest.geek-tonic.dev\/fr\/herault\/agde\/#primaryimage","url":"https:\/\/www.champsblancstest.geek-tonic.dev\/wp-content\/uploads\/2023\/09\/camping-agde-4-scaled.webp","contentUrl":"https:\/\/www.champsblancstest.geek-tonic.dev\/wp-content\/uploads\/2023\/09\/camping-agde-4-scaled.webp","width":2560,"height":1700,"caption":"camping agde 4"},{"@type":"BreadcrumbList","@id":"https:\/\/www.champsblancstest.geek-tonic.dev\/fr\/herault\/agde\/#breadcrumb","itemListElement":[{"@type":"ListItem","position":1,"name":"Campingplatz Cap d'Agde","item":"https:\/\/www.champsblancstest.geek-tonic.dev\/fr\/"},{"@type":"ListItem","position":2,"name":"Herault entdecken","item":"https:\/\/www.champsblancstest.geek-tonic.dev\/fr\/herault\/"},{"@type":"ListItem","position":3,"name":"Agde"}]},{"@type":"WebSite","@id":"https:\/\/www.champsblancstest.geek-tonic.dev\/fr\/#website","url":"https:\/\/www.champsblancstest.geek-tonic.dev\/fr\/","name":"Les Champs Blancs","description":"","publisher":{"@id":"https:\/\/www.champsblancstest.geek-tonic.dev\/fr\/#organization"},"potentialAction":[{"@type":"SearchAction","target":{"@type":"EntryPoint","urlTemplate":"https:\/\/www.champsblancstest.geek-tonic.dev\/fr\/?s={search_term_string}"},"query-input":"required name=search_term_string"}],"inLanguage":"de"},{"@type":"Organization","@id":"https:\/\/www.champsblancstest.geek-tonic.dev\/fr\/#organization","name":"Les Champs Blancs","url":"https:\/\/www.champsblancstest.geek-tonic.dev\/fr\/","logo":{"@type":"ImageObject","inLanguage":"de","@id":"https:\/\/www.champsblancstest.geek-tonic.dev\/fr\/#\/schema\/logo\/image\/","url":"https:\/\/www.champsblancstest.geek-tonic.dev\/wp-content\/uploads\/2023\/07\/logo-blanc-camping-les-champs-blancs.webp","contentUrl":"https:\/\/www.champsblancstest.geek-tonic.dev\/wp-content\/uploads\/2023\/07\/logo-blanc-camping-les-champs-blancs.webp","width":821,"height":657,"caption":"Les Champs Blancs"},"image":{"@id":"https:\/\/www.champsblancstest.geek-tonic.dev\/fr\/#\/schema\/logo\/image\/"}}]}},"_links":{"self":[{"href":"https:\/\/www.champsblancstest.geek-tonic.dev\/de\/wp-json\/wp\/v2\/pages\/10692","targetHints":{"allow":["GET"]}}],"collection":[{"href":"https:\/\/www.champsblancstest.geek-tonic.dev\/de\/wp-json\/wp\/v2\/pages"}],"about":[{"href":"https:\/\/www.champsblancstest.geek-tonic.dev\/de\/wp-json\/wp\/v2\/types\/page"}],"author":[{"embeddable":true,"href":"https:\/\/www.champsblancstest.geek-tonic.dev\/de\/wp-json\/wp\/v2\/users\/1"}],"replies":[{"embeddable":true,"href":"https:\/\/www.champsblancstest.geek-tonic.dev\/de\/wp-json\/wp\/v2\/comments?post=10692"}],"version-history":[{"count":7,"href":"https:\/\/www.champsblancstest.geek-tonic.dev\/de\/wp-json\/wp\/v2\/pages\/10692\/revisions"}],"predecessor-version":[{"id":15671,"href":"https:\/\/www.champsblancstest.geek-tonic.dev\/de\/wp-json\/wp\/v2\/pages\/10692\/revisions\/15671"}],"up":[{"embeddable":true,"href":"https:\/\/www.champsblancstest.geek-tonic.dev\/de\/wp-json\/wp\/v2\/pages\/10631"}],"wp:featuredmedia":[{"embeddable":true,"href":"https:\/\/www.champsblancstest.geek-tonic.dev\/de\/wp-json\/wp\/v2\/media\/9038"}],"wp:attachment":[{"href":"https:\/\/www.champsblancstest.geek-tonic.dev\/de\/wp-json\/wp\/v2\/media?parent=10692"}],"wp:term":[{"taxonomy":"sujet","embeddable":true,"href":"https:\/\/www.champsblancstest.geek-tonic.dev\/de\/wp-json\/wp\/v2\/sujet?post=10692"}],"curies":[{"name":"wp","href":"https:\/\/api.w.org\/{rel}","templated":true}]}}