{"id":10706,"date":"2023-10-19T12:09:17","date_gmt":"2023-10-19T10:09:17","guid":{"rendered":"https:\/\/www.champsblancstest.geek-tonic.dev\/herault\/cap-d-agde\/"},"modified":"2023-11-15T15:24:23","modified_gmt":"2023-11-15T14:24:23","slug":"tourismus-cap-agde","status":"publish","type":"page","link":"https:\/\/www.champsblancstest.geek-tonic.dev\/de\/herault\/tourismus-cap-agde\/","title":{"rendered":"Cap d&#8217;Agde"},"content":{"rendered":"<section id=\"ls-section-block_4caaebd7cb061eca763b4b1d9cdd3389\" class=\"ls-section  home-first page-one\" >\n        <div class=\"container container--full\">\n        \n\n<div class=\"wp-block-columns are-vertically-aligned-center is-layout-flex wp-container-core-columns-is-layout-9d6595d7 wp-block-columns-is-layout-flex\">\n<div class=\"wp-block-column is-vertically-aligned-center is-layout-flow wp-block-column-is-layout-flow\" style=\"flex-basis:53%\">\n<figure class=\"wp-block-gallery has-nested-images columns-default is-cropped animated fadeInLeft slow wp-block-gallery-1 is-layout-flex wp-block-gallery-is-layout-flex\">\n<figure class=\"wp-block-image size-full\"><a href=\"https:\/\/www.champsblancstest.geek-tonic.dev\/wp-content\/uploads\/2023\/10\/camping-plage-brescou-cap-agde-8.webp\"><img decoding=\"async\" width=\"1920\" height=\"1080\" data-id=\"10470\" src=\"https:\/\/www.champsblancstest.geek-tonic.dev\/wp-content\/uploads\/2023\/10\/camping-plage-brescou-cap-agde-8.webp\" alt=\"camping plage brescou cap agde\" class=\"wp-image-10470\" srcset=\"https:\/\/www.champsblancstest.geek-tonic.dev\/wp-content\/uploads\/2023\/10\/camping-plage-brescou-cap-agde-8.webp 1920w, https:\/\/www.champsblancstest.geek-tonic.dev\/wp-content\/uploads\/2023\/10\/camping-plage-brescou-cap-agde-8-300x169.webp 300w, https:\/\/www.champsblancstest.geek-tonic.dev\/wp-content\/uploads\/2023\/10\/camping-plage-brescou-cap-agde-8-1024x576.webp 1024w, https:\/\/www.champsblancstest.geek-tonic.dev\/wp-content\/uploads\/2023\/10\/camping-plage-brescou-cap-agde-8-768x432.webp 768w, https:\/\/www.champsblancstest.geek-tonic.dev\/wp-content\/uploads\/2023\/10\/camping-plage-brescou-cap-agde-8-1536x864.webp 1536w\" sizes=\"(max-width: 1920px) 100vw, 1920px\" \/><\/a><\/figure>\n<\/figure>\n<\/div>\n\n\n\n<div class=\"wp-block-column is-vertically-aligned-center is-layout-flow wp-block-column-is-layout-flow\" style=\"flex-basis:47%\">\n<h1 class=\"ls__heading wp-block-heading\">Tourismus in Cap d&#8217;Agde<\/h1>\n\n\n\n<p class=\"ls-paragraph\"><strong>4 Kilometer<\/strong> vom legend\u00e4ren Badeort <a href=\"https:\/\/www.champsblancstest.geek-tonic.dev\/de\/herault\/\">H\u00e9rault<\/a> entfernt gelegenCap d&#8217;Agde hat alle Zutaten, um den Aufenthalt von Urlaubern zu versch\u00f6nern: sch\u00f6ne Sandstr\u00e4nde f\u00fcr Badeg\u00e4ste und Wassersportler, hochwertige Freizeiteinrichtungen, ein breites Angebot an Aktivit\u00e4ten f\u00fcr Gro\u00df und Klein, ein sch\u00f6nes Kulturerbe und Radwege, auf denen Sie mit Ihrer Familie entlang der K\u00fcste und ins Landesinnere radeln k\u00f6nnen, w\u00e4hrend Sie Ihren Aufenthalt genie\u00dfen.  <strong>Tourismus Cap d&#8217;Agde<\/strong>. Vom <a href=\"https:\/\/www.champsblancstest.geek-tonic.dev\/de\/\">Campingplatz Cap d&#8217;Agde<\/a> aus k\u00f6nnen Sie vor allem entlang des Flusses H\u00e9rault und des <strong>Canal du Midi<\/strong> flanieren.<\/p>\n<\/div>\n<\/div>\n\n\n    <\/div>\n<\/section>\n\n<section id=\"ls-section-block_a0103ee8e86bfbbb594899c85173b2ec\" class=\"ls-section  home-first page-two\" >\n        <div class=\"container container--full\">\n        \n\n<div class=\"wp-block-columns are-vertically-aligned-center is-layout-flex wp-container-core-columns-is-layout-9d6595d7 wp-block-columns-is-layout-flex\">\n<div class=\"wp-block-column is-vertically-aligned-center is-layout-flow wp-block-column-is-layout-flow\" style=\"flex-basis:47%\">\n<h2 class=\"ls__heading wp-block-heading\">  Die Str\u00e4nde von Cap d&#8217;Agde<\/h2>\n\n\n\n<p class=\"ls-paragraph\">Mit seinen 14 km langen <a href=\"https:\/\/www.champsblancstest.geek-tonic.dev\/de\/campingplatz-am-meer-cap-agde\/\">Str\u00e4nden in der N\u00e4he des Campingplatzes<\/a> und seinem milden Mittelmeerklima verf\u00fcgt Cap d&#8217;Agde \u00fcber <strong>ein attraktives Strandpotenzial<\/strong>. Vom Strand der Baie de l&#8217;Amiti\u00e9 \u00fcber den <a href=\"https:\/\/www.champsblancstest.geek-tonic.dev\/fr\/articles\/le-naturisme-au-cap-dagde\/\">FKK-Strand<\/a> bis hin zum schwarzen Sandstrand der Grande Conque beherbergt die Gemeinde 9 Str\u00e4nde, die durch den alten Hafen geteilt werden. Denken Sie daran, alle zu besuchen, wenn Sie <strong>Cap d&#8217;Agde Tourismus<\/strong> machen.<\/p>\n\n\n\n<p class=\"ls-paragraph\">Im Westen des Hafens, in Richtung Grau d&#8217;Agde, finden Sie <strong>3 Sandstr\u00e4nde<\/strong>: Richelieu (der gr\u00f6\u00dfte, der vor allem von Familien besucht wird), Rochelongue und Baie de l&#8217;Amiti\u00e9. Sie sind alle gut ausgestattet (Parkpl\u00e4tze, Restaurants, \u00dcberwachungsposten, Duschen, Umkleidekabinen) und durch sehr angenehme Fu\u00dfwege miteinander verbunden.<\/p>\n\n\n\n<p class=\"ls-paragraph\">Auf der Ostseite, in Richtung Marseillan, finden Sie abwechselnd La Plagette, La Grande Conque, Plage des Falaises, Plage du M\u00f4le, Plage de la Roquille und den FKK-Strand. La Grande Conque, die urspr\u00fcnglichste Conque, wird von hohen Klippen vulkanischen Ursprungs gesch\u00fctzt. Der <strong>Strand Les Falaises<\/strong> ist vorzuziehen, wenn Sie eine verschwiegene Bucht abseits der sommerlichen Menschenmassen suchen.<\/p>\n<\/div>\n\n\n\n<div class=\"wp-block-column is-vertically-aligned-center is-layout-flow wp-block-column-is-layout-flow\" style=\"flex-basis:53%\">\n<figure class=\"wp-block-gallery has-nested-images columns-default is-cropped animated fadeInRight slow delay-200ms wp-block-gallery-2 is-layout-flex wp-block-gallery-is-layout-flex\">\n<figure class=\"wp-block-image size-full\"><a href=\"https:\/\/www.champsblancstest.geek-tonic.dev\/wp-content\/uploads\/2023\/09\/camping-cap-agde-4.webp\"><img decoding=\"async\" width=\"2560\" height=\"1920\" data-id=\"8992\" src=\"https:\/\/www.champsblancstest.geek-tonic.dev\/wp-content\/uploads\/2023\/09\/camping-cap-agde-4.webp\" alt=\"camping cap agde 4\" class=\"wp-image-8992\" srcset=\"https:\/\/www.champsblancstest.geek-tonic.dev\/wp-content\/uploads\/2023\/09\/camping-cap-agde-4.webp 2560w, https:\/\/www.champsblancstest.geek-tonic.dev\/wp-content\/uploads\/2023\/09\/camping-cap-agde-4-300x225.webp 300w, https:\/\/www.champsblancstest.geek-tonic.dev\/wp-content\/uploads\/2023\/09\/camping-cap-agde-4-1024x768.webp 1024w, https:\/\/www.champsblancstest.geek-tonic.dev\/wp-content\/uploads\/2023\/09\/camping-cap-agde-4-768x576.webp 768w, https:\/\/www.champsblancstest.geek-tonic.dev\/wp-content\/uploads\/2023\/09\/camping-cap-agde-4-1536x1152.webp 1536w, https:\/\/www.champsblancstest.geek-tonic.dev\/wp-content\/uploads\/2023\/09\/camping-cap-agde-4-2048x1536.webp 2048w\" sizes=\"(max-width: 2560px) 100vw, 2560px\" \/><\/a><\/figure>\n<\/figure>\n<\/div>\n<\/div>\n\n\n    <\/div>\n<\/section>\n\n<section id=\"ls-section-block_4caaebd7cb061eca763b4b1d9cdd3389\" class=\"ls-section  home-first page-one\" >\n        <div class=\"container container--full\">\n        \n\n<div class=\"wp-block-columns are-vertically-aligned-center is-layout-flex wp-container-core-columns-is-layout-9d6595d7 wp-block-columns-is-layout-flex\">\n<div class=\"wp-block-column is-vertically-aligned-center is-layout-flow wp-block-column-is-layout-flow\" style=\"flex-basis:53%\">\n<figure class=\"wp-block-gallery has-nested-images columns-default is-cropped animated fadeInLeft slow wp-block-gallery-3 is-layout-flex wp-block-gallery-is-layout-flex\">\n<figure class=\"wp-block-image size-full\"><a href=\"https:\/\/www.champsblancstest.geek-tonic.dev\/wp-content\/uploads\/2023\/10\/camping-plage-brescou-cap-agde-13.webp\"><img decoding=\"async\" width=\"1920\" height=\"1080\" data-id=\"10495\" src=\"https:\/\/www.champsblancstest.geek-tonic.dev\/wp-content\/uploads\/2023\/10\/camping-plage-brescou-cap-agde-13.webp\" alt=\"camping plage brescou cap agde\" class=\"wp-image-10495\" srcset=\"https:\/\/www.champsblancstest.geek-tonic.dev\/wp-content\/uploads\/2023\/10\/camping-plage-brescou-cap-agde-13.webp 1920w, https:\/\/www.champsblancstest.geek-tonic.dev\/wp-content\/uploads\/2023\/10\/camping-plage-brescou-cap-agde-13-300x169.webp 300w, https:\/\/www.champsblancstest.geek-tonic.dev\/wp-content\/uploads\/2023\/10\/camping-plage-brescou-cap-agde-13-1024x576.webp 1024w, https:\/\/www.champsblancstest.geek-tonic.dev\/wp-content\/uploads\/2023\/10\/camping-plage-brescou-cap-agde-13-768x432.webp 768w, https:\/\/www.champsblancstest.geek-tonic.dev\/wp-content\/uploads\/2023\/10\/camping-plage-brescou-cap-agde-13-1536x864.webp 1536w\" sizes=\"(max-width: 1920px) 100vw, 1920px\" \/><\/a><\/figure>\n<\/figure>\n<\/div>\n\n\n\n<div class=\"wp-block-column is-vertically-aligned-center is-layout-flow wp-block-column-is-layout-flow\" style=\"flex-basis:47%\">\n<h2 class=\"ls__heading wp-block-heading\">5 Aktivit\u00e4ten, die man in Cap d&#8217;Agde unbedingt machen sollte<\/h2>\n\n\n\n<ul class=\"ls-list wp-block-list\">\n<li><strong>Wassersport aus\u00fcben: <\/strong>An den Str\u00e4nden von Cap d&#8217;Agde gibt es mehrere Wassersportzentren. Vom Kajakverleih bis zum Windsurfkurs k\u00f6nnen Sie verschiedene Wassersportarten aus\u00fcben: Stand up paddle, Segeln, Tauchen, Wasserski, Jetski, Angeln und Spazierg\u00e4nge auf dem Meer&#8230; Les  Spazierg\u00e4nge am Meer  k\u00f6nnen Sie die vulkanischen Klippen beobachten und sich dem fort de Brescou. Sie k\u00f6nnen es vom Hafen aus sehen, wenn Sie  <strong>Besuch von Cap d&#8217;Agde<\/strong>.<br><\/li>\n\n\n\n<li><strong>Einen Tag im Aqualand verbringen<\/strong>: Der Ort verf\u00fcgt \u00fcber einen am Mittelmeer angelegten Vergn\u00fcgungsbereich, die \u00cele aux Loisirs, mit mehreren Themenparks, darunter einer der f\u00fchrenden Wasserparks in S\u00fcdfrankreich: Aqualand. Die 14 Attraktionen f\u00fcr Gro\u00df und Klein wechseln sich ab mit Nervenkitzel f\u00fcr Abenteurer wie Black Hole und Boomerang und Bereichen, die f\u00fcr Kleinkinder erdacht wurden, wie das Children Paradise. Wie in allen Aqualand-Parks sind die Attraktionen in verschiedene Genres unterteilt: &#8222;Familie&#8220;, &#8222;Sensations&#8220; und &#8222;Kinder&#8220;. Vor Ort finden Sie alle Einrichtungen f\u00fcr einen angenehmen Tag mit der Familie (Shop, Bar-Restaurant, Umkleidekabinen, Parkplatz, Solarium&#8230;).<br><\/li>\n\n\n\n<li><strong>Mit dem kleinen Zug fahren :  <\/strong>Wenn Sie eine originelle Alternative zum Fahrrad suchen, um das Stadtzentrum und die K\u00fcste zu durchqueren, steigen Sie in den  kleiner Zug von Cap d&#8217;Agde  ! Die bezaubernde Dampflokomotive bietet den Reisenden drei Rundfahrten mit mehreren Abfahrtszeiten pro Tag an: Cap d&#8217;Agde West, Cap d&#8217;Agde Ost und die Auffahrt auf den Mont Saint-Loup, der mit seinem freien Blick auf den \u00c9tang de Thau, die Camargue und das Mittelmeer zweifellos am beeindruckendsten ist.<br><\/li>\n\n\n\n<li>Luna Park <strong>und Golf: <\/strong>Der Vergn\u00fcgungspark Luna Park, das Kasino und der internationale 27-Loch-Golfplatz geh\u00f6ren ebenfalls zu den H\u00f6hepunkten der Unterhaltung in Cap d&#8217;Agde.<\/li>\n<\/ul>\n\n\n\n<p class=\"ls-paragraph\">Erfahren Sie mehr \u00fcber die <a href=\"https:\/\/www.capdagde.com\/\" target=\"_blank\" rel=\"noreferrer noopener\">Touristeninformationen von Cap d&#8217;Agde<\/a>.<\/p>\n<\/div>\n<\/div>\n\n\n    <\/div>\n<\/section>\n\n<section id=\"ls-section-block_2e1d3b55daacaf01cba40f5c09ba4560\" class=\"ls-section  page-four animated fadeInUp slow delay-100ms\" >\n        <div class=\"container container--wide\">\n        \n\n<div id=\"ls-heading ls-titre-div-block_e82ec2b0b60e0fb374889b5204fc1ef2\" class=\"ls-titre-div aligncenter h2-like\" >\n    Entdecken Sie auch in der N\u00e4he von Cap d&#8217;Agde<\/div>\n\n\n<div id=\"ls-maillage-block_de337fa5cac0e7ba1dca871e218a0ca1\" class=\"ls-maillage cta-style-normal\" data-rows=\"3\">\n    <div class=\"wp-block-columns\"><div class=\"wp-block-column\"><div class=\"ls-cta\">\n\n<a href=\"https:\/\/www.champsblancstest.geek-tonic.dev\/de\/herault\/marseillan\/\" target=\"\" rel=\"noopener\" class=\"ls-cta__link\">\n\n\t<div class=\"ls-cta__image\"><img decoding=\"async\" src=\"https:\/\/www.champsblancstest.geek-tonic.dev\/wp-content\/uploads\/2023\/09\/camping-marseillan-1-768x512.webp\" alt=\"camping marseillan 1\"><\/div>\n\t<div class=\"ls-cta__title\">\n\t\t<span class=\"champs-blancs-coin-droit\"><\/span>\n\t\tMarseillan\t\t<span class=\"champs-blancs-arrow-down\"><\/span>\n\t<\/div>\n\n\t\n<\/a><\/div><\/div><div class=\"wp-block-column\"><div class=\"ls-cta\">\n\n<a href=\"https:\/\/www.champsblancstest.geek-tonic.dev\/de\/herault\/vias\/\" target=\"\" rel=\"noopener\" class=\"ls-cta__link\">\n\n\t<div class=\"ls-cta__image\"><img decoding=\"async\" src=\"https:\/\/www.champsblancstest.geek-tonic.dev\/wp-content\/uploads\/2023\/09\/camping-vias-plage-6-768x512.webp\" alt=\"camping vias plage 6\"><\/div>\n\t<div class=\"ls-cta__title\">\n\t\t<span class=\"champs-blancs-coin-droit\"><\/span>\n\t\tVias\t\t<span class=\"champs-blancs-arrow-down\"><\/span>\n\t<\/div>\n\n\t\n<\/a><\/div><\/div><div class=\"wp-block-column\"><div class=\"ls-cta\">\n\n<a href=\"https:\/\/www.champsblancstest.geek-tonic.dev\/de\/herault\/tourismus-agde\/\" target=\"\" rel=\"noopener\" class=\"ls-cta__link\">\n\n\t<div class=\"ls-cta__image\"><img decoding=\"async\" src=\"https:\/\/www.champsblancstest.geek-tonic.dev\/wp-content\/uploads\/2023\/09\/camping-agde-5-768x512.webp\" alt=\"camping agde 5\"><\/div>\n\t<div class=\"ls-cta__title\">\n\t\t<span class=\"champs-blancs-coin-droit\"><\/span>\n\t\tAgde\t\t<span class=\"champs-blancs-arrow-down\"><\/span>\n\t<\/div>\n\n\t\n<\/a><\/div><\/div><\/div><\/div>\n\n    <\/div>\n<\/section>","protected":false},"excerpt":{"rendered":"","protected":false},"author":1,"featured_media":9021,"parent":10631,"menu_order":0,"comment_status":"closed","ping_status":"closed","template":"","meta":{"_acf_changed":false,"footnotes":""},"sujet":[],"class_list":["post-10706","page","type-page","status-publish","has-post-thumbnail","hentry"],"acf":[],"yoast_head":"<!-- This site is optimized with the Yoast SEO plugin v22.6 - https:\/\/yoast.com\/wordpress\/plugins\/seo\/ -->\n<title>Cap d&#039;Agde Tourismus | Aktivit\u00e4ten, Besichtigungen und Sehensw\u00fcrdigkeiten in Cap d&#039;Agde<\/title>\n<meta name=\"description\" content=\"Haben Sie Lust, w\u00e4hrend Ihres Urlaubs in Cap d&#039;Agde Sightseeing zu machen? Entdecken Sie die besten Aktivit\u00e4ten, Besichtigungen und die sch\u00f6nsten Sehensw\u00fcrdigkeiten!\" \/>\n<meta name=\"robots\" content=\"noindex, follow, max-snippet:-1, max-image-preview:large, max-video-preview:-1\" \/>\n<meta property=\"og:locale\" content=\"de_DE\" \/>\n<meta property=\"og:type\" content=\"article\" \/>\n<meta property=\"og:title\" content=\"Cap d&#039;Agde Tourismus | Aktivit\u00e4ten, Besichtigungen und Sehensw\u00fcrdigkeiten in Cap d&#039;Agde\" \/>\n<meta property=\"og:description\" content=\"Haben Sie Lust, w\u00e4hrend Ihres Urlaubs in Cap d&#039;Agde Sightseeing zu machen? Entdecken Sie die besten Aktivit\u00e4ten, Besichtigungen und die sch\u00f6nsten Sehensw\u00fcrdigkeiten!\" \/>\n<meta property=\"og:url\" content=\"https:\/\/www.champsblancstest.geek-tonic.dev\/fr\/herault\/cap-d-agde\/\" \/>\n<meta property=\"og:site_name\" content=\"Les Champs Blancs\" \/>\n<meta property=\"article:modified_time\" content=\"2023-11-15T14:24:23+00:00\" \/>\n<meta property=\"og:image\" content=\"https:\/\/www.champsblancstest.geek-tonic.dev\/wp-content\/uploads\/2023\/09\/camping-cap-agde-2.webp\" \/>\n\t<meta property=\"og:image:width\" content=\"2560\" \/>\n\t<meta property=\"og:image:height\" content=\"1920\" \/>\n\t<meta property=\"og:image:type\" content=\"image\/webp\" \/>\n<meta name=\"twitter:card\" content=\"summary_large_image\" \/>\n<meta name=\"twitter:label1\" content=\"Gesch\u00e4tzte Lesezeit\" \/>\n\t<meta name=\"twitter:data1\" content=\"4\u00a0Minuten\" \/>\n<script type=\"application\/ld+json\" class=\"yoast-schema-graph\">{\"@context\":\"https:\/\/schema.org\",\"@graph\":[{\"@type\":\"WebPage\",\"@id\":\"https:\/\/www.champsblancstest.geek-tonic.dev\/fr\/herault\/cap-d-agde\/\",\"url\":\"https:\/\/www.champsblancstest.geek-tonic.dev\/fr\/herault\/cap-d-agde\/\",\"name\":\"Cap d'Agde Tourismus | Aktivit\u00e4ten, Besichtigungen und Sehensw\u00fcrdigkeiten in Cap d'Agde\",\"isPartOf\":{\"@id\":\"https:\/\/www.champsblancstest.geek-tonic.dev\/fr\/#website\"},\"primaryImageOfPage\":{\"@id\":\"https:\/\/www.champsblancstest.geek-tonic.dev\/fr\/herault\/cap-d-agde\/#primaryimage\"},\"image\":{\"@id\":\"https:\/\/www.champsblancstest.geek-tonic.dev\/fr\/herault\/cap-d-agde\/#primaryimage\"},\"thumbnailUrl\":\"https:\/\/www.champsblancstest.geek-tonic.dev\/wp-content\/uploads\/2023\/09\/camping-cap-agde-2.webp\",\"datePublished\":\"2023-10-19T10:09:17+00:00\",\"dateModified\":\"2023-11-15T14:24:23+00:00\",\"description\":\"Haben Sie Lust, w\u00e4hrend Ihres Urlaubs in Cap d'Agde Sightseeing zu machen? Entdecken Sie die besten Aktivit\u00e4ten, Besichtigungen und die sch\u00f6nsten Sehensw\u00fcrdigkeiten!\",\"breadcrumb\":{\"@id\":\"https:\/\/www.champsblancstest.geek-tonic.dev\/fr\/herault\/cap-d-agde\/#breadcrumb\"},\"inLanguage\":\"de\",\"potentialAction\":[{\"@type\":\"ReadAction\",\"target\":[\"https:\/\/www.champsblancstest.geek-tonic.dev\/fr\/herault\/cap-d-agde\/\"]}]},{\"@type\":\"ImageObject\",\"inLanguage\":\"de\",\"@id\":\"https:\/\/www.champsblancstest.geek-tonic.dev\/fr\/herault\/cap-d-agde\/#primaryimage\",\"url\":\"https:\/\/www.champsblancstest.geek-tonic.dev\/wp-content\/uploads\/2023\/09\/camping-cap-agde-2.webp\",\"contentUrl\":\"https:\/\/www.champsblancstest.geek-tonic.dev\/wp-content\/uploads\/2023\/09\/camping-cap-agde-2.webp\",\"width\":2560,\"height\":1920,\"caption\":\"camping cap agde 2\"},{\"@type\":\"BreadcrumbList\",\"@id\":\"https:\/\/www.champsblancstest.geek-tonic.dev\/fr\/herault\/cap-d-agde\/#breadcrumb\",\"itemListElement\":[{\"@type\":\"ListItem\",\"position\":1,\"name\":\"Campingplatz Cap d'Agde\",\"item\":\"https:\/\/www.champsblancstest.geek-tonic.dev\/fr\/\"},{\"@type\":\"ListItem\",\"position\":2,\"name\":\"Herault entdecken\",\"item\":\"https:\/\/www.champsblancstest.geek-tonic.dev\/fr\/herault\/\"},{\"@type\":\"ListItem\",\"position\":3,\"name\":\"Cap d'Agde\"}]},{\"@type\":\"WebSite\",\"@id\":\"https:\/\/www.champsblancstest.geek-tonic.dev\/fr\/#website\",\"url\":\"https:\/\/www.champsblancstest.geek-tonic.dev\/fr\/\",\"name\":\"Les Champs Blancs\",\"description\":\"\",\"publisher\":{\"@id\":\"https:\/\/www.champsblancstest.geek-tonic.dev\/fr\/#organization\"},\"potentialAction\":[{\"@type\":\"SearchAction\",\"target\":{\"@type\":\"EntryPoint\",\"urlTemplate\":\"https:\/\/www.champsblancstest.geek-tonic.dev\/fr\/?s={search_term_string}\"},\"query-input\":\"required name=search_term_string\"}],\"inLanguage\":\"de\"},{\"@type\":\"Organization\",\"@id\":\"https:\/\/www.champsblancstest.geek-tonic.dev\/fr\/#organization\",\"name\":\"Les Champs Blancs\",\"url\":\"https:\/\/www.champsblancstest.geek-tonic.dev\/fr\/\",\"logo\":{\"@type\":\"ImageObject\",\"inLanguage\":\"de\",\"@id\":\"https:\/\/www.champsblancstest.geek-tonic.dev\/fr\/#\/schema\/logo\/image\/\",\"url\":\"https:\/\/www.champsblancstest.geek-tonic.dev\/wp-content\/uploads\/2023\/07\/logo-blanc-camping-les-champs-blancs.webp\",\"contentUrl\":\"https:\/\/www.champsblancstest.geek-tonic.dev\/wp-content\/uploads\/2023\/07\/logo-blanc-camping-les-champs-blancs.webp\",\"width\":821,\"height\":657,\"caption\":\"Les Champs Blancs\"},\"image\":{\"@id\":\"https:\/\/www.champsblancstest.geek-tonic.dev\/fr\/#\/schema\/logo\/image\/\"}}]}<\/script>\n<!-- \/ Yoast SEO plugin. -->","yoast_head_json":{"title":"Cap d'Agde Tourismus | Aktivit\u00e4ten, Besichtigungen und Sehensw\u00fcrdigkeiten in Cap d'Agde","description":"Haben Sie Lust, w\u00e4hrend Ihres Urlaubs in Cap d'Agde Sightseeing zu machen? Entdecken Sie die besten Aktivit\u00e4ten, Besichtigungen und die sch\u00f6nsten Sehensw\u00fcrdigkeiten!","robots":{"index":"noindex","follow":"follow","max-snippet":"max-snippet:-1","max-image-preview":"max-image-preview:large","max-video-preview":"max-video-preview:-1"},"og_locale":"de_DE","og_type":"article","og_title":"Cap d'Agde Tourismus | Aktivit\u00e4ten, Besichtigungen und Sehensw\u00fcrdigkeiten in Cap d'Agde","og_description":"Haben Sie Lust, w\u00e4hrend Ihres Urlaubs in Cap d'Agde Sightseeing zu machen? Entdecken Sie die besten Aktivit\u00e4ten, Besichtigungen und die sch\u00f6nsten Sehensw\u00fcrdigkeiten!","og_url":"https:\/\/www.champsblancstest.geek-tonic.dev\/fr\/herault\/cap-d-agde\/","og_site_name":"Les Champs Blancs","article_modified_time":"2023-11-15T14:24:23+00:00","og_image":[{"width":2560,"height":1920,"url":"https:\/\/www.champsblancstest.geek-tonic.dev\/wp-content\/uploads\/2023\/09\/camping-cap-agde-2.webp","type":"image\/webp"}],"twitter_card":"summary_large_image","twitter_misc":{"Gesch\u00e4tzte Lesezeit":"4\u00a0Minuten"},"schema":{"@context":"https:\/\/schema.org","@graph":[{"@type":"WebPage","@id":"https:\/\/www.champsblancstest.geek-tonic.dev\/fr\/herault\/cap-d-agde\/","url":"https:\/\/www.champsblancstest.geek-tonic.dev\/fr\/herault\/cap-d-agde\/","name":"Cap d'Agde Tourismus | Aktivit\u00e4ten, Besichtigungen und Sehensw\u00fcrdigkeiten in Cap d'Agde","isPartOf":{"@id":"https:\/\/www.champsblancstest.geek-tonic.dev\/fr\/#website"},"primaryImageOfPage":{"@id":"https:\/\/www.champsblancstest.geek-tonic.dev\/fr\/herault\/cap-d-agde\/#primaryimage"},"image":{"@id":"https:\/\/www.champsblancstest.geek-tonic.dev\/fr\/herault\/cap-d-agde\/#primaryimage"},"thumbnailUrl":"https:\/\/www.champsblancstest.geek-tonic.dev\/wp-content\/uploads\/2023\/09\/camping-cap-agde-2.webp","datePublished":"2023-10-19T10:09:17+00:00","dateModified":"2023-11-15T14:24:23+00:00","description":"Haben Sie Lust, w\u00e4hrend Ihres Urlaubs in Cap d'Agde Sightseeing zu machen? Entdecken Sie die besten Aktivit\u00e4ten, Besichtigungen und die sch\u00f6nsten Sehensw\u00fcrdigkeiten!","breadcrumb":{"@id":"https:\/\/www.champsblancstest.geek-tonic.dev\/fr\/herault\/cap-d-agde\/#breadcrumb"},"inLanguage":"de","potentialAction":[{"@type":"ReadAction","target":["https:\/\/www.champsblancstest.geek-tonic.dev\/fr\/herault\/cap-d-agde\/"]}]},{"@type":"ImageObject","inLanguage":"de","@id":"https:\/\/www.champsblancstest.geek-tonic.dev\/fr\/herault\/cap-d-agde\/#primaryimage","url":"https:\/\/www.champsblancstest.geek-tonic.dev\/wp-content\/uploads\/2023\/09\/camping-cap-agde-2.webp","contentUrl":"https:\/\/www.champsblancstest.geek-tonic.dev\/wp-content\/uploads\/2023\/09\/camping-cap-agde-2.webp","width":2560,"height":1920,"caption":"camping cap agde 2"},{"@type":"BreadcrumbList","@id":"https:\/\/www.champsblancstest.geek-tonic.dev\/fr\/herault\/cap-d-agde\/#breadcrumb","itemListElement":[{"@type":"ListItem","position":1,"name":"Campingplatz Cap d'Agde","item":"https:\/\/www.champsblancstest.geek-tonic.dev\/fr\/"},{"@type":"ListItem","position":2,"name":"Herault entdecken","item":"https:\/\/www.champsblancstest.geek-tonic.dev\/fr\/herault\/"},{"@type":"ListItem","position":3,"name":"Cap d'Agde"}]},{"@type":"WebSite","@id":"https:\/\/www.champsblancstest.geek-tonic.dev\/fr\/#website","url":"https:\/\/www.champsblancstest.geek-tonic.dev\/fr\/","name":"Les Champs Blancs","description":"","publisher":{"@id":"https:\/\/www.champsblancstest.geek-tonic.dev\/fr\/#organization"},"potentialAction":[{"@type":"SearchAction","target":{"@type":"EntryPoint","urlTemplate":"https:\/\/www.champsblancstest.geek-tonic.dev\/fr\/?s={search_term_string}"},"query-input":"required name=search_term_string"}],"inLanguage":"de"},{"@type":"Organization","@id":"https:\/\/www.champsblancstest.geek-tonic.dev\/fr\/#organization","name":"Les Champs Blancs","url":"https:\/\/www.champsblancstest.geek-tonic.dev\/fr\/","logo":{"@type":"ImageObject","inLanguage":"de","@id":"https:\/\/www.champsblancstest.geek-tonic.dev\/fr\/#\/schema\/logo\/image\/","url":"https:\/\/www.champsblancstest.geek-tonic.dev\/wp-content\/uploads\/2023\/07\/logo-blanc-camping-les-champs-blancs.webp","contentUrl":"https:\/\/www.champsblancstest.geek-tonic.dev\/wp-content\/uploads\/2023\/07\/logo-blanc-camping-les-champs-blancs.webp","width":821,"height":657,"caption":"Les Champs Blancs"},"image":{"@id":"https:\/\/www.champsblancstest.geek-tonic.dev\/fr\/#\/schema\/logo\/image\/"}}]}},"_links":{"self":[{"href":"https:\/\/www.champsblancstest.geek-tonic.dev\/de\/wp-json\/wp\/v2\/pages\/10706","targetHints":{"allow":["GET"]}}],"collection":[{"href":"https:\/\/www.champsblancstest.geek-tonic.dev\/de\/wp-json\/wp\/v2\/pages"}],"about":[{"href":"https:\/\/www.champsblancstest.geek-tonic.dev\/de\/wp-json\/wp\/v2\/types\/page"}],"author":[{"embeddable":true,"href":"https:\/\/www.champsblancstest.geek-tonic.dev\/de\/wp-json\/wp\/v2\/users\/1"}],"replies":[{"embeddable":true,"href":"https:\/\/www.champsblancstest.geek-tonic.dev\/de\/wp-json\/wp\/v2\/comments?post=10706"}],"version-history":[{"count":8,"href":"https:\/\/www.champsblancstest.geek-tonic.dev\/de\/wp-json\/wp\/v2\/pages\/10706\/revisions"}],"predecessor-version":[{"id":15727,"href":"https:\/\/www.champsblancstest.geek-tonic.dev\/de\/wp-json\/wp\/v2\/pages\/10706\/revisions\/15727"}],"up":[{"embeddable":true,"href":"https:\/\/www.champsblancstest.geek-tonic.dev\/de\/wp-json\/wp\/v2\/pages\/10631"}],"wp:featuredmedia":[{"embeddable":true,"href":"https:\/\/www.champsblancstest.geek-tonic.dev\/de\/wp-json\/wp\/v2\/media\/9021"}],"wp:attachment":[{"href":"https:\/\/www.champsblancstest.geek-tonic.dev\/de\/wp-json\/wp\/v2\/media?parent=10706"}],"wp:term":[{"taxonomy":"sujet","embeddable":true,"href":"https:\/\/www.champsblancstest.geek-tonic.dev\/de\/wp-json\/wp\/v2\/sujet?post=10706"}],"curies":[{"name":"wp","href":"https:\/\/api.w.org\/{rel}","templated":true}]}}