{"id":10755,"date":"2023-10-19T12:10:00","date_gmt":"2023-10-19T10:10:00","guid":{"rendered":"https:\/\/www.champsblancstest.geek-tonic.dev\/camping-la-tamarissiere\/"},"modified":"2023-10-30T10:27:03","modified_gmt":"2023-10-30T09:27:03","slug":"camping-la-tamarissiere","status":"publish","type":"page","link":"https:\/\/www.champsblancstest.geek-tonic.dev\/de\/camping-la-tamarissiere\/","title":{"rendered":"La Tamarissi\u00e8re Campingplatz"},"content":{"rendered":"<section id=\"ls-section-block_16b1ff8dee03c9061c615aa6292d40e9\" class=\"ls-section  home-first page-one\" >\n        <div class=\"container container--full\">\n        \n\n<div class=\"wp-block-columns are-vertically-aligned-center is-layout-flex wp-container-core-columns-is-layout-9d6595d7 wp-block-columns-is-layout-flex\">\n<div class=\"wp-block-column is-vertically-aligned-center is-layout-flow wp-block-column-is-layout-flow\" style=\"flex-basis:53%\">\n<figure class=\"wp-block-gallery has-nested-images columns-default is-cropped animated fadeInLeft slow wp-block-gallery-1 is-layout-flex wp-block-gallery-is-layout-flex\">\n<figure class=\"wp-block-image size-full\"><a href=\"https:\/\/www.champsblancstest.geek-tonic.dev\/wp-content\/uploads\/2023\/10\/camping-Tamarissiere-1-scaled.webp\"><img decoding=\"async\" width=\"2560\" height=\"1714\" data-id=\"9735\" src=\"https:\/\/www.champsblancstest.geek-tonic.dev\/wp-content\/uploads\/2023\/10\/camping-Tamarissiere-1-scaled.webp\" alt=\"camping Tamarissiere 1\" class=\"wp-image-9735\" srcset=\"https:\/\/www.champsblancstest.geek-tonic.dev\/wp-content\/uploads\/2023\/10\/camping-Tamarissiere-1-scaled.webp 2560w, https:\/\/www.champsblancstest.geek-tonic.dev\/wp-content\/uploads\/2023\/10\/camping-Tamarissiere-1-300x201.webp 300w, https:\/\/www.champsblancstest.geek-tonic.dev\/wp-content\/uploads\/2023\/10\/camping-Tamarissiere-1-1024x685.webp 1024w, https:\/\/www.champsblancstest.geek-tonic.dev\/wp-content\/uploads\/2023\/10\/camping-Tamarissiere-1-768x514.webp 768w, https:\/\/www.champsblancstest.geek-tonic.dev\/wp-content\/uploads\/2023\/10\/camping-Tamarissiere-1-1536x1028.webp 1536w, https:\/\/www.champsblancstest.geek-tonic.dev\/wp-content\/uploads\/2023\/10\/camping-Tamarissiere-1-2048x1371.webp 2048w\" sizes=\"(max-width: 2560px) 100vw, 2560px\" \/><\/a><\/figure>\n<\/figure>\n<\/div>\n\n\n\n<div class=\"wp-block-column is-vertically-aligned-center is-layout-flow wp-block-column-is-layout-flow\" style=\"flex-basis:47%\">\n<h1 class=\"ls__heading wp-block-heading\">Campingplatz La Tamarissi\u00e8re<\/h1>\n\n\n\n<p class=\"ls-paragraph\">Lust auf einen <strong>Campingaufenthalt in La Tamarissi\u00e8re<\/strong>? Unser <a href=\"https:\/\/www.champsblancstest.geek-tonic.dev\/de\/\">Campingplatz in Cap d&#8217;Agde<\/a> empf\u00e4ngt Sie nur 4 km vom Viertel La Tamarissi\u00e8re in Agde in der Region Languedoc-Roussillon entfernt!<\/p>\n\n\n\n<h2 class=\"ls__heading wp-block-heading\"><strong>Entdecken Sie das Viertel La Tamarissi\u00e8re<\/strong> in der N\u00e4he des Campingplatzes<\/h2>\n\n\n\n<p class=\"ls-paragraph\">Der charmante Ortsteil Agathois de la Tamarissi\u00e8re am <strong>Meer<\/strong> ist ber\u00fchmt f\u00fcr die privilegierte Umgebung, die sein zweihundertj\u00e4hriger Pinienwald darstellt. Der <strong>Pinienwald von La Tamarissi\u00e8re<\/strong> wurde Ende des 18. Jahrhunderts angelegt, um die Versandung an der Flussm\u00fcndung zu bek\u00e4mpfen. Heute ist er ein beliebter Rahmen f\u00fcr Spazierg\u00e4nge, zu Fu\u00df, zu Pferd oder mit dem Fahrrad mit den F\u00fc\u00dfen im Wasser, ideal f\u00fcr Familienferien oder zum Faulenzen. Als au\u00dfergew\u00f6hnliches und klassifiziertes Naturerbe ist dieser Pinienwald, der eine reiche Fauna und Flora beherbergt, von markierten Wanderwegen durchzogen. Wenn Sie sich auf dem <strong>Campingplatz La Tamarissi\u00e8re<\/strong> aufhalten, werden Sie sicherlich den feinen Sandstrand von La Tamarissi\u00e8re besuchen, der auch wegen seiner Ruhe beliebt ist und sich ganz in der N\u00e4he Ihres Mobilheims oder Wohnmobils befindet. Er ist nat\u00fcrlich der wildeste von Agde und wird von W\u00e4ldern ges\u00e4umt.<\/p>\n<\/div>\n<\/div>\n\n\n    <\/div>\n<\/section><section id=\"ls-section-block_ca080256b864395bcb42c18db46067d2\" class=\"ls-section  home-first page-two\" >\n        <div class=\"container container--full\">\n        \n\n<div class=\"wp-block-columns are-vertically-aligned-center is-layout-flex wp-container-core-columns-is-layout-9d6595d7 wp-block-columns-is-layout-flex\">\n<div class=\"wp-block-column is-vertically-aligned-center is-layout-flow wp-block-column-is-layout-flow\" style=\"flex-basis:47%\">\n<h2 class=\"ls__heading wp-block-heading\">Sehenswertes beim Camping in La Tamarissi\u00e8re<\/h2>\n\n\n\n<p class=\"ls-paragraph\">Der Bunker 638 wurde von den Deutschen in <a href=\"https:\/\/www.capdagde.com\/la-tamarissiere\/\" target=\"_blank\" rel=\"noreferrer noopener\">der<\/a> Mitte eines Festungskomplexes aus zwei Verteidigungsbatterien errichtet und war eine 100 m2 <strong>gro\u00dfe<\/strong> Krankenstation. Sein Besuch erm\u00f6glicht es, die technischen Besonderheiten beim Bau der deutschen Bunker zu entdecken. <strong>Eine<\/strong> umfassende <strong>Museografie<\/strong> enth\u00fcllt au\u00dferdem den Alltag der Einwohner von Agath w\u00e4hrend des Krieges und die Organisation des lokalen Widerstands. Als einziger offener Bunker im Mittelmeerraum \u00f6ffnet Bunker 638 das ganze Jahr \u00fcber jeden Samstagmorgen kostenlos seine Pforten. An diesem unumg\u00e4nglichen Ort, den Sie w\u00e4hrend Ihres Urlaubs auf dem <strong>Campingplatz La Tamarissi\u00e8re<\/strong> entdecken sollten, gibt es 9 R\u00e4ume, die zur Aufnahme und Behandlung von Soldaten dienten, die w\u00e4hrend der Angriffe verwundet wurden.<\/p>\n<\/div>\n\n\n\n<div class=\"wp-block-column is-vertically-aligned-center is-layout-flow wp-block-column-is-layout-flow\" style=\"flex-basis:53%\">\n<figure class=\"wp-block-gallery has-nested-images columns-default is-cropped animated fadeInRight slow delay-200ms wp-block-gallery-2 is-layout-flex wp-block-gallery-is-layout-flex\">\n<figure class=\"wp-block-image size-full\"><a href=\"https:\/\/www.champsblancstest.geek-tonic.dev\/wp-content\/uploads\/2023\/10\/camping-Tamarissiere-2-scaled.webp\"><img decoding=\"async\" width=\"2560\" height=\"1688\" data-id=\"9750\" src=\"https:\/\/www.champsblancstest.geek-tonic.dev\/wp-content\/uploads\/2023\/10\/camping-Tamarissiere-2-scaled.webp\" alt=\"camping Tamarissiere 2\" class=\"wp-image-9750\" srcset=\"https:\/\/www.champsblancstest.geek-tonic.dev\/wp-content\/uploads\/2023\/10\/camping-Tamarissiere-2-scaled.webp 2560w, https:\/\/www.champsblancstest.geek-tonic.dev\/wp-content\/uploads\/2023\/10\/camping-Tamarissiere-2-300x198.webp 300w, https:\/\/www.champsblancstest.geek-tonic.dev\/wp-content\/uploads\/2023\/10\/camping-Tamarissiere-2-1024x675.webp 1024w, https:\/\/www.champsblancstest.geek-tonic.dev\/wp-content\/uploads\/2023\/10\/camping-Tamarissiere-2-768x506.webp 768w, https:\/\/www.champsblancstest.geek-tonic.dev\/wp-content\/uploads\/2023\/10\/camping-Tamarissiere-2-1536x1013.webp 1536w, https:\/\/www.champsblancstest.geek-tonic.dev\/wp-content\/uploads\/2023\/10\/camping-Tamarissiere-2-2048x1350.webp 2048w\" sizes=\"(max-width: 2560px) 100vw, 2560px\" \/><\/a><\/figure>\n<\/figure>\n<\/div>\n<\/div>\n\n\n    <\/div>\n<\/section><section id=\"ls-section-block_16b1ff8dee03c9061c615aa6292d40e9\" class=\"ls-section  home-first page-one\" >\n        <div class=\"container container--full\">\n        \n\n<div class=\"wp-block-columns are-vertically-aligned-center is-layout-flex wp-container-core-columns-is-layout-9d6595d7 wp-block-columns-is-layout-flex\">\n<div class=\"wp-block-column is-vertically-aligned-center is-layout-flow wp-block-column-is-layout-flow\" style=\"flex-basis:53%\"><p><iframe src=\"https:\/\/www.google.com\/maps\/embed?pb=!1m28!1m12!1m3!1d23229.36441422334!2d3.440540181402644!3d43.300220484663434!2m3!1f0!2f0!3f0!3m2!1i1024!2i768!4f13.1!4m13!3e0!4m5!1s0x12b13cea04838195%3A0xd4a1875e59ac8a70!2sCamping%20Resort%20Les%20Champs%20Blancs%2C%20Route%20de%20Rochelongue%2C%20Agde!3m2!1d43.2964036!2d3.4768657!4m5!1s0x12b13d3c1755e0b7%3A0x4a0f41b6cc4e99a8!2sLa%20Tamarissi%C3%A8re%2C%20Agde!3m2!1d43.2972427!2d3.4431935!5e0!3m2!1sfr!2sfr!4v1696239250787!5m2!1sfr!2sfr\" width=\"100%\" height=\"450\" style=\"border:0;\" allowfullscreen=\"\" loading=\"lazy\" referrerpolicy=\"no-referrer-when-downgrade\"><\/iframe><\/p>\n<\/div>\n\n\n\n<div class=\"wp-block-column is-vertically-aligned-center is-layout-flow wp-block-column-is-layout-flow\" style=\"flex-basis:47%\">\n<h2 class=\"ls__heading wp-block-heading\">Anreise nach La Tamarissi\u00e8re vom Campingplatz aus<\/h2>\n\n\n\n<p class=\"ls-paragraph\">Auf der anderen Seite des Flusses, gegen\u00fcber von Grau d&#8217;Agde, ist <strong>La Tamarissi\u00e8re<\/strong> vom Campingplatz Les champs Blancs aus leicht zu erreichen, indem man die Br\u00fccke \u00fcber den H\u00e9rault \u00fcberquert und dann am rechten Ufer entlang in Richtung S\u00fcden geht. <strong>Mit dem Auto<\/strong> dauert es weniger als <strong>10 Minuten<\/strong>. Mit dem Fahrrad k\u00f6nnen Sie die Br\u00fccke bei der Altstadt von Agde \u00fcberqueren oder das F\u00e4hrschiff benutzen, das den Hafen von <strong>Grau d&#8217;Agde<\/strong> mit La Tamarissi\u00e8re verbindet: eine Gelegenheit, w\u00e4hrend Ihres Urlaubs an der K\u00fcste das N\u00fctzliche mit dem Angenehmen zu verbinden!<\/p>\n\n\n\n<p class=\"ls-paragraph\">Nutzen Sie auch unseren Wasserbereich mit direktem Zugang zum Kinderspielplatz!<\/p>\n<\/div>\n<\/div>\n\n\n    <\/div>\n<\/section><section id=\"ls-section-block_3aaab1f5b0c975de06bed1a36d9b7f37\" class=\"ls-section  page-four animated fadeInUp slow delay-100ms\" >\n        <div class=\"container container--wide\">\n        \n<div id=\"ls-maillage-block_e2868679b2c68fa0cb4a1cdc20012dca\" class=\"ls-maillage is-slider cta-style-normal\" data-rows=\"4\">\n    <div class=\"wp-block-columns\"><div class=\"wp-block-column\"><div class=\"ls-cta\">\n\n<a href=\"https:\/\/www.champsblancstest.geek-tonic.dev\/de\/camping-grau-agde\/\" target=\"\" rel=\"noopener\" class=\"ls-cta__link\">\n\n\t<div class=\"ls-cta__image\"><img decoding=\"async\" src=\"https:\/\/www.champsblancstest.geek-tonic.dev\/wp-content\/uploads\/2023\/10\/camping-grau-d-agde-768x519.webp\" alt=\"camping grau d'agde\"><\/div>\n\t<div class=\"ls-cta__title\">\n\t\t<span class=\"champs-blancs-coin-droit\"><\/span>\n\t\tGrau d&#8217;Agde\t\t<span class=\"champs-blancs-arrow-down\"><\/span>\n\t<\/div>\n\n\t\n<\/a><\/div><\/div><div class=\"wp-block-column\"><div class=\"ls-cta\">\n\n<a href=\"https:\/\/www.champsblancstest.geek-tonic.dev\/de\/campingplatz-vias\/\" target=\"\" rel=\"noopener\" class=\"ls-cta__link\">\n\n\t<div class=\"ls-cta__image\"><img decoding=\"async\" src=\"https:\/\/www.champsblancstest.geek-tonic.dev\/wp-content\/uploads\/2023\/09\/camping-vias-plage-6-768x512.webp\" alt=\"camping vias plage 6\"><\/div>\n\t<div class=\"ls-cta__title\">\n\t\t<span class=\"champs-blancs-coin-droit\"><\/span>\n\t\tVias\t\t<span class=\"champs-blancs-arrow-down\"><\/span>\n\t<\/div>\n\n\t\n<\/a><\/div><\/div><div class=\"wp-block-column\"><div class=\"ls-cta\">\n\n<a href=\"https:\/\/www.champsblancstest.geek-tonic.dev\/de\/campingplatz-herault\/\" target=\"\" rel=\"noopener\" class=\"ls-cta__link\">\n\n\t<div class=\"ls-cta__image\"><img decoding=\"async\" src=\"https:\/\/www.champsblancstest.geek-tonic.dev\/wp-content\/uploads\/2023\/09\/camping-herault-4-768x514.webp\" alt=\"camping herault 4\"><\/div>\n\t<div class=\"ls-cta__title\">\n\t\t<span class=\"champs-blancs-coin-droit\"><\/span>\n\t\tHerault\t\t<span class=\"champs-blancs-arrow-down\"><\/span>\n\t<\/div>\n\n\t\n<\/a><\/div><\/div><div class=\"wp-block-column\"><div class=\"ls-cta\">\n\n<a href=\"https:\/\/www.champsblancstest.geek-tonic.dev\/de\/campingplatz-sete\/\" target=\"\" rel=\"noopener\" class=\"ls-cta__link\">\n\n\t<div class=\"ls-cta__image\"><img decoding=\"async\" src=\"https:\/\/www.champsblancstest.geek-tonic.dev\/wp-content\/uploads\/2023\/09\/camping-sete7-768x518.webp\" alt=\"camping s\u00e8te7\"><\/div>\n\t<div class=\"ls-cta__title\">\n\t\t<span class=\"champs-blancs-coin-droit\"><\/span>\n\t\tS\u00e8te\t\t<span class=\"champs-blancs-arrow-down\"><\/span>\n\t<\/div>\n\n\t\n<\/a><\/div><\/div><div class=\"wp-block-column\"><div class=\"ls-cta\">\n\n<a href=\"https:\/\/www.champsblancstest.geek-tonic.dev\/de\/campingplatz-pezenas\/\" target=\"\" rel=\"noopener\" class=\"ls-cta__link\">\n\n\t<div class=\"ls-cta__image\"><img decoding=\"async\" src=\"https:\/\/www.champsblancstest.geek-tonic.dev\/wp-content\/uploads\/2023\/07\/pezenas-camping-resort-les-champs-blancs.webp\" alt=\"Pezenas Camping Resort Les Champs Blancs\"><\/div>\n\t<div class=\"ls-cta__title\">\n\t\t<span class=\"champs-blancs-coin-droit\"><\/span>\n\t\tP\u00e9zenas\t\t<span class=\"champs-blancs-arrow-down\"><\/span>\n\t<\/div>\n\n\t\n<\/a><\/div><\/div><div class=\"wp-block-column\"><div class=\"ls-cta\">\n\n<a href=\"https:\/\/www.champsblancstest.geek-tonic.dev\/de\/campingplatz-marseillan\/\" target=\"\" rel=\"noopener\" class=\"ls-cta__link\">\n\n\t<div class=\"ls-cta__image\"><img decoding=\"async\" src=\"https:\/\/www.champsblancstest.geek-tonic.dev\/wp-content\/uploads\/2023\/10\/camping-proche-marseillan-plage-768x368.webp\" alt=\"camping proche marseillan plage\"><\/div>\n\t<div class=\"ls-cta__title\">\n\t\t<span class=\"champs-blancs-coin-droit\"><\/span>\n\t\tMarseillan\t\t<span class=\"champs-blancs-arrow-down\"><\/span>\n\t<\/div>\n\n\t\n<\/a><\/div><\/div><\/div><\/div>\n\n    <\/div>\n<\/section>","protected":false},"excerpt":{"rendered":"","protected":false},"author":1,"featured_media":9748,"parent":0,"menu_order":0,"comment_status":"closed","ping_status":"closed","template":"","meta":{"_acf_changed":false,"footnotes":""},"sujet":[],"class_list":["post-10755","page","type-page","status-publish","has-post-thumbnail","hentry"],"acf":[],"yoast_head":"<!-- This site is optimized with the Yoast SEO plugin v22.6 - https:\/\/yoast.com\/wordpress\/plugins\/seo\/ -->\n<title>Camping La Tamarissi\u00e8re | Entdecken Sie das Viertel La Tamarissi\u00e8re<\/title>\n<meta name=\"description\" content=\"Lust auf einen Campingaufenthalt in La Tamarissi\u00e8re? Entdecken Sie unseren 4-Sterne-Campingplatz im Departement H\u00e9rault mit seinem 3000 m\u00b2 gro\u00dfen Wasserpark!\" \/>\n<meta name=\"robots\" content=\"noindex, follow, max-snippet:-1, max-image-preview:large, max-video-preview:-1\" \/>\n<meta property=\"og:locale\" content=\"de_DE\" \/>\n<meta property=\"og:type\" content=\"article\" \/>\n<meta property=\"og:title\" content=\"Camping La Tamarissi\u00e8re | Entdecken Sie das Viertel La Tamarissi\u00e8re\" \/>\n<meta property=\"og:description\" content=\"Lust auf einen Campingaufenthalt in La Tamarissi\u00e8re? Entdecken Sie unseren 4-Sterne-Campingplatz im Departement H\u00e9rault mit seinem 3000 m\u00b2 gro\u00dfen Wasserpark!\" \/>\n<meta property=\"og:url\" content=\"https:\/\/www.champsblancstest.geek-tonic.dev\/fr\/camping-la-tamarissiere\/\" \/>\n<meta property=\"og:site_name\" content=\"Les Champs Blancs\" \/>\n<meta property=\"article:modified_time\" content=\"2023-10-30T09:27:03+00:00\" \/>\n<meta property=\"og:image\" content=\"https:\/\/www.champsblancstest.geek-tonic.dev\/wp-content\/uploads\/2023\/10\/camping-Tamarissiere-3-scaled.webp\" \/>\n\t<meta property=\"og:image:width\" content=\"2560\" \/>\n\t<meta property=\"og:image:height\" content=\"935\" \/>\n\t<meta property=\"og:image:type\" content=\"image\/webp\" \/>\n<meta name=\"twitter:card\" content=\"summary_large_image\" \/>\n<meta name=\"twitter:label1\" content=\"Gesch\u00e4tzte Lesezeit\" \/>\n\t<meta name=\"twitter:data1\" content=\"2\u00a0Minuten\" \/>\n<script type=\"application\/ld+json\" class=\"yoast-schema-graph\">{\"@context\":\"https:\/\/schema.org\",\"@graph\":[{\"@type\":\"WebPage\",\"@id\":\"https:\/\/www.champsblancstest.geek-tonic.dev\/fr\/camping-la-tamarissiere\/\",\"url\":\"https:\/\/www.champsblancstest.geek-tonic.dev\/fr\/camping-la-tamarissiere\/\",\"name\":\"Camping La Tamarissi\u00e8re | Entdecken Sie das Viertel La Tamarissi\u00e8re\",\"isPartOf\":{\"@id\":\"https:\/\/www.champsblancstest.geek-tonic.dev\/fr\/#website\"},\"primaryImageOfPage\":{\"@id\":\"https:\/\/www.champsblancstest.geek-tonic.dev\/fr\/camping-la-tamarissiere\/#primaryimage\"},\"image\":{\"@id\":\"https:\/\/www.champsblancstest.geek-tonic.dev\/fr\/camping-la-tamarissiere\/#primaryimage\"},\"thumbnailUrl\":\"https:\/\/www.champsblancstest.geek-tonic.dev\/wp-content\/uploads\/2023\/10\/camping-Tamarissiere-3-scaled.webp\",\"datePublished\":\"2023-10-19T10:10:00+00:00\",\"dateModified\":\"2023-10-30T09:27:03+00:00\",\"description\":\"Lust auf einen Campingaufenthalt in La Tamarissi\u00e8re? Entdecken Sie unseren 4-Sterne-Campingplatz im Departement H\u00e9rault mit seinem 3000 m\u00b2 gro\u00dfen Wasserpark!\",\"breadcrumb\":{\"@id\":\"https:\/\/www.champsblancstest.geek-tonic.dev\/fr\/camping-la-tamarissiere\/#breadcrumb\"},\"inLanguage\":\"de\",\"potentialAction\":[{\"@type\":\"ReadAction\",\"target\":[\"https:\/\/www.champsblancstest.geek-tonic.dev\/fr\/camping-la-tamarissiere\/\"]}]},{\"@type\":\"ImageObject\",\"inLanguage\":\"de\",\"@id\":\"https:\/\/www.champsblancstest.geek-tonic.dev\/fr\/camping-la-tamarissiere\/#primaryimage\",\"url\":\"https:\/\/www.champsblancstest.geek-tonic.dev\/wp-content\/uploads\/2023\/10\/camping-Tamarissiere-3-scaled.webp\",\"contentUrl\":\"https:\/\/www.champsblancstest.geek-tonic.dev\/wp-content\/uploads\/2023\/10\/camping-Tamarissiere-3-scaled.webp\",\"width\":2560,\"height\":935,\"caption\":\"camping Tamarissiere 3\"},{\"@type\":\"BreadcrumbList\",\"@id\":\"https:\/\/www.champsblancstest.geek-tonic.dev\/fr\/camping-la-tamarissiere\/#breadcrumb\",\"itemListElement\":[{\"@type\":\"ListItem\",\"position\":1,\"name\":\"Campingplatz Cap d'Agde\",\"item\":\"https:\/\/www.champsblancstest.geek-tonic.dev\/fr\/\"},{\"@type\":\"ListItem\",\"position\":2,\"name\":\"La Tamarissi\u00e8re Campingplatz\"}]},{\"@type\":\"WebSite\",\"@id\":\"https:\/\/www.champsblancstest.geek-tonic.dev\/fr\/#website\",\"url\":\"https:\/\/www.champsblancstest.geek-tonic.dev\/fr\/\",\"name\":\"Les Champs Blancs\",\"description\":\"\",\"publisher\":{\"@id\":\"https:\/\/www.champsblancstest.geek-tonic.dev\/fr\/#organization\"},\"potentialAction\":[{\"@type\":\"SearchAction\",\"target\":{\"@type\":\"EntryPoint\",\"urlTemplate\":\"https:\/\/www.champsblancstest.geek-tonic.dev\/fr\/?s={search_term_string}\"},\"query-input\":\"required name=search_term_string\"}],\"inLanguage\":\"de\"},{\"@type\":\"Organization\",\"@id\":\"https:\/\/www.champsblancstest.geek-tonic.dev\/fr\/#organization\",\"name\":\"Les Champs Blancs\",\"url\":\"https:\/\/www.champsblancstest.geek-tonic.dev\/fr\/\",\"logo\":{\"@type\":\"ImageObject\",\"inLanguage\":\"de\",\"@id\":\"https:\/\/www.champsblancstest.geek-tonic.dev\/fr\/#\/schema\/logo\/image\/\",\"url\":\"https:\/\/www.champsblancstest.geek-tonic.dev\/wp-content\/uploads\/2023\/07\/logo-blanc-camping-les-champs-blancs.webp\",\"contentUrl\":\"https:\/\/www.champsblancstest.geek-tonic.dev\/wp-content\/uploads\/2023\/07\/logo-blanc-camping-les-champs-blancs.webp\",\"width\":821,\"height\":657,\"caption\":\"Les Champs Blancs\"},\"image\":{\"@id\":\"https:\/\/www.champsblancstest.geek-tonic.dev\/fr\/#\/schema\/logo\/image\/\"}}]}<\/script>\n<!-- \/ Yoast SEO plugin. -->","yoast_head_json":{"title":"Camping La Tamarissi\u00e8re | Entdecken Sie das Viertel La Tamarissi\u00e8re","description":"Lust auf einen Campingaufenthalt in La Tamarissi\u00e8re? Entdecken Sie unseren 4-Sterne-Campingplatz im Departement H\u00e9rault mit seinem 3000 m\u00b2 gro\u00dfen Wasserpark!","robots":{"index":"noindex","follow":"follow","max-snippet":"max-snippet:-1","max-image-preview":"max-image-preview:large","max-video-preview":"max-video-preview:-1"},"og_locale":"de_DE","og_type":"article","og_title":"Camping La Tamarissi\u00e8re | Entdecken Sie das Viertel La Tamarissi\u00e8re","og_description":"Lust auf einen Campingaufenthalt in La Tamarissi\u00e8re? Entdecken Sie unseren 4-Sterne-Campingplatz im Departement H\u00e9rault mit seinem 3000 m\u00b2 gro\u00dfen Wasserpark!","og_url":"https:\/\/www.champsblancstest.geek-tonic.dev\/fr\/camping-la-tamarissiere\/","og_site_name":"Les Champs Blancs","article_modified_time":"2023-10-30T09:27:03+00:00","og_image":[{"width":2560,"height":935,"url":"https:\/\/www.champsblancstest.geek-tonic.dev\/wp-content\/uploads\/2023\/10\/camping-Tamarissiere-3-scaled.webp","type":"image\/webp"}],"twitter_card":"summary_large_image","twitter_misc":{"Gesch\u00e4tzte Lesezeit":"2\u00a0Minuten"},"schema":{"@context":"https:\/\/schema.org","@graph":[{"@type":"WebPage","@id":"https:\/\/www.champsblancstest.geek-tonic.dev\/fr\/camping-la-tamarissiere\/","url":"https:\/\/www.champsblancstest.geek-tonic.dev\/fr\/camping-la-tamarissiere\/","name":"Camping La Tamarissi\u00e8re | Entdecken Sie das Viertel La Tamarissi\u00e8re","isPartOf":{"@id":"https:\/\/www.champsblancstest.geek-tonic.dev\/fr\/#website"},"primaryImageOfPage":{"@id":"https:\/\/www.champsblancstest.geek-tonic.dev\/fr\/camping-la-tamarissiere\/#primaryimage"},"image":{"@id":"https:\/\/www.champsblancstest.geek-tonic.dev\/fr\/camping-la-tamarissiere\/#primaryimage"},"thumbnailUrl":"https:\/\/www.champsblancstest.geek-tonic.dev\/wp-content\/uploads\/2023\/10\/camping-Tamarissiere-3-scaled.webp","datePublished":"2023-10-19T10:10:00+00:00","dateModified":"2023-10-30T09:27:03+00:00","description":"Lust auf einen Campingaufenthalt in La Tamarissi\u00e8re? Entdecken Sie unseren 4-Sterne-Campingplatz im Departement H\u00e9rault mit seinem 3000 m\u00b2 gro\u00dfen Wasserpark!","breadcrumb":{"@id":"https:\/\/www.champsblancstest.geek-tonic.dev\/fr\/camping-la-tamarissiere\/#breadcrumb"},"inLanguage":"de","potentialAction":[{"@type":"ReadAction","target":["https:\/\/www.champsblancstest.geek-tonic.dev\/fr\/camping-la-tamarissiere\/"]}]},{"@type":"ImageObject","inLanguage":"de","@id":"https:\/\/www.champsblancstest.geek-tonic.dev\/fr\/camping-la-tamarissiere\/#primaryimage","url":"https:\/\/www.champsblancstest.geek-tonic.dev\/wp-content\/uploads\/2023\/10\/camping-Tamarissiere-3-scaled.webp","contentUrl":"https:\/\/www.champsblancstest.geek-tonic.dev\/wp-content\/uploads\/2023\/10\/camping-Tamarissiere-3-scaled.webp","width":2560,"height":935,"caption":"camping Tamarissiere 3"},{"@type":"BreadcrumbList","@id":"https:\/\/www.champsblancstest.geek-tonic.dev\/fr\/camping-la-tamarissiere\/#breadcrumb","itemListElement":[{"@type":"ListItem","position":1,"name":"Campingplatz Cap d'Agde","item":"https:\/\/www.champsblancstest.geek-tonic.dev\/fr\/"},{"@type":"ListItem","position":2,"name":"La Tamarissi\u00e8re Campingplatz"}]},{"@type":"WebSite","@id":"https:\/\/www.champsblancstest.geek-tonic.dev\/fr\/#website","url":"https:\/\/www.champsblancstest.geek-tonic.dev\/fr\/","name":"Les Champs Blancs","description":"","publisher":{"@id":"https:\/\/www.champsblancstest.geek-tonic.dev\/fr\/#organization"},"potentialAction":[{"@type":"SearchAction","target":{"@type":"EntryPoint","urlTemplate":"https:\/\/www.champsblancstest.geek-tonic.dev\/fr\/?s={search_term_string}"},"query-input":"required name=search_term_string"}],"inLanguage":"de"},{"@type":"Organization","@id":"https:\/\/www.champsblancstest.geek-tonic.dev\/fr\/#organization","name":"Les Champs Blancs","url":"https:\/\/www.champsblancstest.geek-tonic.dev\/fr\/","logo":{"@type":"ImageObject","inLanguage":"de","@id":"https:\/\/www.champsblancstest.geek-tonic.dev\/fr\/#\/schema\/logo\/image\/","url":"https:\/\/www.champsblancstest.geek-tonic.dev\/wp-content\/uploads\/2023\/07\/logo-blanc-camping-les-champs-blancs.webp","contentUrl":"https:\/\/www.champsblancstest.geek-tonic.dev\/wp-content\/uploads\/2023\/07\/logo-blanc-camping-les-champs-blancs.webp","width":821,"height":657,"caption":"Les Champs Blancs"},"image":{"@id":"https:\/\/www.champsblancstest.geek-tonic.dev\/fr\/#\/schema\/logo\/image\/"}}]}},"_links":{"self":[{"href":"https:\/\/www.champsblancstest.geek-tonic.dev\/de\/wp-json\/wp\/v2\/pages\/10755","targetHints":{"allow":["GET"]}}],"collection":[{"href":"https:\/\/www.champsblancstest.geek-tonic.dev\/de\/wp-json\/wp\/v2\/pages"}],"about":[{"href":"https:\/\/www.champsblancstest.geek-tonic.dev\/de\/wp-json\/wp\/v2\/types\/page"}],"author":[{"embeddable":true,"href":"https:\/\/www.champsblancstest.geek-tonic.dev\/de\/wp-json\/wp\/v2\/users\/1"}],"replies":[{"embeddable":true,"href":"https:\/\/www.champsblancstest.geek-tonic.dev\/de\/wp-json\/wp\/v2\/comments?post=10755"}],"version-history":[{"count":1,"href":"https:\/\/www.champsblancstest.geek-tonic.dev\/de\/wp-json\/wp\/v2\/pages\/10755\/revisions"}],"predecessor-version":[{"id":10761,"href":"https:\/\/www.champsblancstest.geek-tonic.dev\/de\/wp-json\/wp\/v2\/pages\/10755\/revisions\/10761"}],"wp:featuredmedia":[{"embeddable":true,"href":"https:\/\/www.champsblancstest.geek-tonic.dev\/de\/wp-json\/wp\/v2\/media\/9748"}],"wp:attachment":[{"href":"https:\/\/www.champsblancstest.geek-tonic.dev\/de\/wp-json\/wp\/v2\/media?parent=10755"}],"wp:term":[{"taxonomy":"sujet","embeddable":true,"href":"https:\/\/www.champsblancstest.geek-tonic.dev\/de\/wp-json\/wp\/v2\/sujet?post=10755"}],"curies":[{"name":"wp","href":"https:\/\/api.w.org\/{rel}","templated":true}]}}