{"id":10775,"date":"2023-10-19T12:10:05","date_gmt":"2023-10-19T10:10:05","guid":{"rendered":"https:\/\/www.champsblancstest.geek-tonic.dev\/camping-pezenas\/"},"modified":"2023-11-15T15:29:43","modified_gmt":"2023-11-15T14:29:43","slug":"campingplatz-pezenas","status":"publish","type":"page","link":"https:\/\/www.champsblancstest.geek-tonic.dev\/de\/campingplatz-pezenas\/","title":{"rendered":"Pezenas Camping"},"content":{"rendered":"<section id=\"ls-section-block_d5b82a2ad9b266884626c016c4316fc2\" class=\"ls-section  home-first page-one\" >\n        <div class=\"container container--full\">\n        \n\n<div class=\"wp-block-columns are-vertically-aligned-center is-layout-flex wp-container-core-columns-is-layout-9d6595d7 wp-block-columns-is-layout-flex\">\n<div class=\"wp-block-column is-vertically-aligned-center is-layout-flow wp-block-column-is-layout-flow\" style=\"flex-basis:53%\"><p><iframe src=\"https:\/\/www.google.com\/maps\/embed?pb=!1m28!1m12!1m3!1d185594.48786146817!2d3.2855548649423563!3d43.37882488163821!2m3!1f0!2f0!3f0!3m2!1i1024!2i768!4f13.1!4m13!3e6!4m5!1s0x12b13cea04838195%3A0xd4a1875e59ac8a70!2sCamping%20Resort%20Les%20Champs%20Blancs%2C%20Route%20de%20Rochelongue%2C%20Agde!3m2!1d43.2964036!2d3.4768657!4m5!1s0x12b14028bb727833%3A0x7af0f271d51ac9bb!2zUMOpemVuYXM!3m2!1d43.461531!2d3.423193!5e0!3m2!1sfr!2sfr!4v1696241346055!5m2!1sfr!2sfr\" width=\"100%\" height=\"450\" style=\"border:0;\" allowfullscreen=\"\" loading=\"lazy\" referrerpolicy=\"no-referrer-when-downgrade\"><\/iframe><\/p>\n<\/div>\n\n\n\n<div class=\"wp-block-column is-vertically-aligned-center is-layout-flow wp-block-column-is-layout-flow\" style=\"flex-basis:47%\">\n<h1 class=\"ls__heading wp-block-heading\">Campingplatz Pezenas 5 Sterne<\/h1>\n\n\n\n<p class=\"ls-paragraph\">Einen <strong>Campingplatz in Pezenas<\/strong> im Departement H\u00e9rault zu finden, der luxuri\u00f6se, voll ausgestattete Unterk\u00fcnfte zu niedrigen Preisen anbietet, kann wie eine Mission Impossible erscheinen. Der <a href=\"https:\/\/www.champsblancstest.geek-tonic.dev\/de\/\">Campingplatz in Cap d&#8217;Agde<\/a>, weniger als 30 Autominuten von P\u00e9zenas entfernt, bietet Ihnen die M\u00f6glichkeit, zu einem erschwinglichen Preis einen Traumurlaub am Mittelmeer zu verbringen und einen angenehmen Tag in einem der charmanten D\u00f6rfer des okzitanischen Hinterlandes zu verbringen.<\/p>\n<\/div>\n<\/div>\n\n\n    <\/div>\n<\/section><section id=\"ls-section-block_f7e08950649a4ebab4251ad290b621d9\" class=\"ls-section  home-first page-two\" >\n        <div class=\"container container--full\">\n        \n\n<div class=\"wp-block-columns are-vertically-aligned-center is-layout-flex wp-container-core-columns-is-layout-9d6595d7 wp-block-columns-is-layout-flex\">\n<div class=\"wp-block-column is-vertically-aligned-center is-layout-flow wp-block-column-is-layout-flow\" style=\"flex-basis:47%\">\n<h2 class=\"ls__heading wp-block-heading\">Mobilheimvermietung in P\u00e9zenas im H\u00e9rault<\/h2>\n\n\n\n<p class=\"ls-paragraph\">Nur etwa 20 km von <strong>P\u00e9zenas<\/strong> entfernt empf\u00e4ngt Sie der <strong>Campingplatz Pezenas<\/strong> Les Champs Blancs herzlich und bietet Ihnen ein vielf\u00e4ltiges Angebot an Unterk\u00fcnften, damit Sie Ihren Aufenthalt so angenehm wie m\u00f6glich gestalten k\u00f6nnen. Die <strong>Mobilheimvermietung Pezenas<\/strong> liegt auf gro\u00dfen, gr\u00fcnen Parzellen, ist neu und bietet Platz f\u00fcr 4 bis 8 Personen. Sie profitieren von einem Parkplatz, der an Ihre Unterkunft angrenzt.<\/p>\n\n\n\n<p class=\"ls-paragraph\">W\u00e4hlen Sie das Mietobjekt, das Ihren W\u00fcnschen und Bed\u00fcrfnissen entspricht: <a href=\"https:\/\/www.champsblancstest.geek-tonic.dev\/de\/vermietung-chalet-cap-agde\/\">Chalet<\/a>, <a href=\"https:\/\/www.champsblancstest.geek-tonic.dev\/de\/unterkunfte-mobilheime-cap-agde\/\">Mobilheim<\/a> mit oder ohne Klimaanlage, Standard, Komfort, Premium de Luxe oder Balneo. Jedes der H\u00e4user verf\u00fcgt \u00fcber eine K\u00fcchenzeile, die mit allem Notwendigen ausgestattet ist, um sich w\u00e4hrend des Urlaubs selbst zu versorgen, 2 bis 4 Schlafzimmer, ein Badezimmer mit Dusche und WC und einen Wohnbereich, der auf eine angenehme Terrasse f\u00fchrt, die nur f\u00fcr Sie da ist. Dank der Hecken, die die <a href=\"https:\/\/www.champsblancstest.geek-tonic.dev\/de\/wohnmobil-cap-agde\/\">Stellpl\u00e4tze<\/a> abgrenzen, genie\u00dfen Sie Ihre Privatsph\u00e4re. Ideal, um den Au\u00dfenbereich auf Ihrer privaten Terrasse in vollen Z\u00fcgen zu genie\u00dfen, <a href=\"https:\/\/www.champsblancstest.geek-tonic.dev\/de\/camping-mit-jacuzzi-privat\/\">die bei den Mobilheimen<\/a> mit Whirlpool mit einem kleinen <a href=\"https:\/\/www.champsblancstest.geek-tonic.dev\/de\/camping-mit-jacuzzi-privat\/\">Jacuzzi<\/a> ausgestattet ist.<br\/>Erleben Sie einen idyllischen Urlaub in einem Mobilheim mit allem Komfort, damit Sie ohne Einschr\u00e4nkungen die Reicht\u00fcmer und die Sch\u00f6nheit Okzitaniens entdecken k\u00f6nnen.<\/p>\n\n\n\n<p class=\"ls-paragraph\">F\u00fcr Ihren Familienurlaub entscheiden Sie sich also f\u00fcr ein Mobilheim in der N\u00e4he des beheizten Schwimmbads oder f\u00fcr einen der Campingpl\u00e4tze, die nur einen Katzensprung von den feinen Sandstr\u00e4nden entfernt sind, um dort Ihren Wohnwagen oder Ihr Wohnmobil abzustellen.<\/p>\n<\/div>\n\n\n\n<div class=\"wp-block-column is-vertically-aligned-center is-layout-flow wp-block-column-is-layout-flow\" style=\"flex-basis:53%\">\n<figure class=\"wp-block-gallery has-nested-images columns-default is-cropped animated fadeInRight slow delay-200ms wp-block-gallery-1 is-layout-flex wp-block-gallery-is-layout-flex\">\n<figure class=\"wp-block-image size-full\"><a href=\"https:\/\/www.champsblancstest.geek-tonic.dev\/wp-content\/uploads\/2023\/10\/camping-resort-les-champs-blancs87-scaled.webp\"><img decoding=\"async\" width=\"2560\" height=\"1531\" data-id=\"9677\" src=\"https:\/\/www.champsblancstest.geek-tonic.dev\/wp-content\/uploads\/2023\/10\/camping-resort-les-champs-blancs87-scaled.webp\" alt=\"camping resort les champs blancs87\" class=\"wp-image-9677\" srcset=\"https:\/\/www.champsblancstest.geek-tonic.dev\/wp-content\/uploads\/2023\/10\/camping-resort-les-champs-blancs87-scaled.webp 2560w, https:\/\/www.champsblancstest.geek-tonic.dev\/wp-content\/uploads\/2023\/10\/camping-resort-les-champs-blancs87-300x179.webp 300w, https:\/\/www.champsblancstest.geek-tonic.dev\/wp-content\/uploads\/2023\/10\/camping-resort-les-champs-blancs87-1024x612.webp 1024w, https:\/\/www.champsblancstest.geek-tonic.dev\/wp-content\/uploads\/2023\/10\/camping-resort-les-champs-blancs87-768x459.webp 768w, https:\/\/www.champsblancstest.geek-tonic.dev\/wp-content\/uploads\/2023\/10\/camping-resort-les-champs-blancs87-1536x918.webp 1536w, https:\/\/www.champsblancstest.geek-tonic.dev\/wp-content\/uploads\/2023\/10\/camping-resort-les-champs-blancs87-2048x1225.webp 2048w\" sizes=\"(max-width: 2560px) 100vw, 2560px\" \/><\/a><\/figure>\n<\/figure>\n<\/div>\n<\/div>\n\n\n    <\/div>\n<\/section><section id=\"ls-section-block_76e695d1d603ab34318a64d8d7dbd6a6\" class=\"ls-section  home-sixth page-three has-background-image has-parallax-child\" >\n    <div class=\"ls-section__background-image opacity-100\"><img decoding=\"async\" src=\"https:\/\/www.champsblancstest.geek-tonic.dev\/wp-content\/uploads\/2023\/10\/camping-resort-les-champs-blancs110-scaled.webp\" alt=\"camping resort les champs blancs110\"><\/div>    <div class=\"container container--wide\">\n        \n\n<div class=\"wp-block-columns are-vertically-aligned-center is-layout-flex wp-container-core-columns-is-layout-9d6595d7 wp-block-columns-is-layout-flex\">\n<div class=\"wp-block-column is-vertically-aligned-center wp-block-column__text animated fadeInUp delay-100ms slow is-layout-flow wp-block-column-is-layout-flow\" style=\"flex-basis:66.66%\">\n<h2 class=\"ls__heading wp-block-heading\">Campingplatz P\u00e9zenas mit Schwimmbad<\/h2>\n\n\n\n<p class=\"ls-paragraph\">Sie sind auf der Suche nach einem Campingplatz Pezenas mit Schwimmbad?<br\/>In einer geselligen Atmosph\u00e4re k\u00f6nnen Sie den 3000 m\u00b2 gro\u00dfen Wasserpark des <strong>Campingplatzes Pezenas mit Pool<\/strong> Les Champs Blancs genie\u00dfen. In einem Dekor, das zwischen Palmen, harmonischen Becken und einem Design, das an die t\u00fcrkisblauen Lagunen der Inseln erinnert, zu einer Flucht aus dem Alltag einl\u00e4dt, k\u00f6nnen Sie Ihren Urlaub in der N\u00e4he von P\u00e9zenas in vollen Z\u00fcgen genie\u00dfen. Sie haben Zugang zu zwei Becken, in denen Sie Ihre Bahnen ziehen oder an Aqua-Fitness-Animationen teilnehmen k\u00f6nnen und in denen Sie sich entspannen und Spa\u00df haben k\u00f6nnen.<\/p>\n\n\n\n<p class=\"ls-paragraph\">Da er von morgens bis abends ge\u00f6ffnet ist, k\u00f6nnen Sie ihn die ganze Woche \u00fcber besuchen, egal ob Sie Lust auf Schwimmen, Unterhaltung oder Faulenzen am Wasser haben. Schwimmen, mit Freunden um die Wette die zwei riesigen Rutschen des Schwimmbads hinuntersausen, eine Partie Wasserball oder Volleyball im Wasser spielen: Was auch immer Sie gerade im Wasser unternehmen, Sie k\u00f6nnen die beheizten Becken mit der richtigen Temperatur nutzen.<\/p>\n\n\n\n<p class=\"ls-paragraph\"><strong>Der Wasserbereich des Campingplatzes in der N\u00e4he von P\u00e9zenas<\/strong> ist f\u00fcr alle Altersgruppen geeignet. Sie k\u00f6nnen sich in einem Liegestuhl im Schatten eines Sonnenschirms entspannen und einen Cocktail schl\u00fcrfen, w\u00e4hrend Ihre Kinder von der Rutsche in das f\u00fcr Kleinkinder reservierte Planschbecken rutschen.<\/p>\n<\/div>\n\n\n\n<div class=\"wp-block-column is-vertically-aligned-center is-layout-flow wp-block-column-is-layout-flow\" style=\"flex-basis:33.33%\">\n<div id=\"ls-heading ls-titre-div-block_a05a30a113859d75d25fb2f8ccd9301f\" class=\"ls-titre-div h1-like\" >\n    Erstellen Sie<br><strong>dein Abenteuer<\/strong><\/div>\n<\/div>\n<\/div>\n\n\n    <\/div>\n<\/section><section id=\"ls-section-block_d5b82a2ad9b266884626c016c4316fc2\" class=\"ls-section  home-first page-one\" >\n        <div class=\"container container--full\">\n        \n\n<div class=\"wp-block-columns are-vertically-aligned-center is-layout-flex wp-container-core-columns-is-layout-9d6595d7 wp-block-columns-is-layout-flex\">\n<div class=\"wp-block-column is-vertically-aligned-center is-layout-flow wp-block-column-is-layout-flow\" style=\"flex-basis:53%\"><p><iframe width=\"100%\" height=\"600\" src=\"https:\/\/www.youtube.com\/embed\/cXYlTKjIU-4?si=Dj_b6rirwni-bWXd\" title=\"YouTube video player\" frameborder=\"0\" allow=\"accelerometer; autoplay; clipboard-write; encrypted-media; gyroscope; picture-in-picture; web-share\" allowfullscreen><\/iframe><\/p>\n<\/div>\n\n\n\n<div class=\"wp-block-column is-vertically-aligned-center is-layout-flow wp-block-column-is-layout-flow\" style=\"flex-basis:47%\">\n<h2 class=\"ls__heading wp-block-heading\">Urlaub in Pezenas<\/h2>\n\n\n\n<p class=\"ls-paragraph\">Nutzen Sie Ihren <strong>Campingurlaub in Pezenas im Departement H\u00e9rault<\/strong>, um in der Stadt, die einst die Stadt von Moli\u00e8re war, eine Theaterauff\u00fchrung zu besuchen und viele interessante Orte zu entdecken, die unter Denkmalschutz stehen.<br\/>Unter den unumg\u00e4nglichen Aktivit\u00e4ten in Pezenas d\u00fcrfen Sie das Museum Vulliod Saint Germain und die Domaine de la Grange des Pr\u00e9s nicht verpassen! Schlendern Sie durch die Gassen und lassen Sie sich von den Gesch\u00e4ften und lokalen Handwerkern verzaubern, um einen angenehmen Ausflug ins Herz des H\u00e9rault zu unternehmen.<br\/>Wir haben f\u00fcr Sie eine Seite vorbereitet, die dem <a href=\"https:\/\/www.champsblancstest.geek-tonic.dev\/de\/herault\/pezenas\/\">touristischen Besuch von Pezenas<\/a> im Departement H\u00e9rault gewidmet ist.<\/p>\n<\/div>\n<\/div>\n\n\n    <\/div>\n<\/section><section id=\"ls-section-block_23e3adf20bfbb623497d80fc3502dee5\" class=\"ls-section  page-four animated fadeInUp slow delay-100ms\" >\n        <div class=\"container container--wide\">\n        \n<div id=\"ls-maillage-block_d3a92f52ad638e0c0390d43d28f92cea\" class=\"ls-maillage is-slider cta-style-normal\" data-rows=\"4\">\n    <div class=\"wp-block-columns\"><div class=\"wp-block-column\"><div class=\"ls-cta\">\n\n<a href=\"https:\/\/www.champsblancstest.geek-tonic.dev\/de\/camping-grau-agde\/\" target=\"\" rel=\"noopener\" class=\"ls-cta__link\">\n\n\t<div class=\"ls-cta__image\"><img decoding=\"async\" src=\"https:\/\/www.champsblancstest.geek-tonic.dev\/wp-content\/uploads\/2023\/10\/camping-grau-d-agde-768x519.webp\" alt=\"camping grau d'agde\"><\/div>\n\t<div class=\"ls-cta__title\">\n\t\t<span class=\"champs-blancs-coin-droit\"><\/span>\n\t\tGrau d&#8217;Agde\t\t<span class=\"champs-blancs-arrow-down\"><\/span>\n\t<\/div>\n\n\t\n<\/a><\/div><\/div><div class=\"wp-block-column\"><div class=\"ls-cta\">\n\n<a href=\"https:\/\/www.champsblancstest.geek-tonic.dev\/de\/campingplatz-vias\/\" target=\"\" rel=\"noopener\" class=\"ls-cta__link\">\n\n\t<div class=\"ls-cta__image\"><img decoding=\"async\" src=\"https:\/\/www.champsblancstest.geek-tonic.dev\/wp-content\/uploads\/2023\/09\/camping-vias-plage-6-768x512.webp\" alt=\"camping vias plage 6\"><\/div>\n\t<div class=\"ls-cta__title\">\n\t\t<span class=\"champs-blancs-coin-droit\"><\/span>\n\t\tVias\t\t<span class=\"champs-blancs-arrow-down\"><\/span>\n\t<\/div>\n\n\t\n<\/a><\/div><\/div><div class=\"wp-block-column\"><div class=\"ls-cta\">\n\n<a href=\"https:\/\/www.champsblancstest.geek-tonic.dev\/de\/campingplatz-herault\/\" target=\"\" rel=\"noopener\" class=\"ls-cta__link\">\n\n\t<div class=\"ls-cta__image\"><img decoding=\"async\" src=\"https:\/\/www.champsblancstest.geek-tonic.dev\/wp-content\/uploads\/2023\/09\/camping-herault-4-768x514.webp\" alt=\"camping herault 4\"><\/div>\n\t<div class=\"ls-cta__title\">\n\t\t<span class=\"champs-blancs-coin-droit\"><\/span>\n\t\tHerault\t\t<span class=\"champs-blancs-arrow-down\"><\/span>\n\t<\/div>\n\n\t\n<\/a><\/div><\/div><div class=\"wp-block-column\"><div class=\"ls-cta\">\n\n<a href=\"https:\/\/www.champsblancstest.geek-tonic.dev\/de\/camping-la-tamarissiere\/\" target=\"\" rel=\"noopener\" class=\"ls-cta__link\">\n\n\t<div class=\"ls-cta__image\"><img decoding=\"async\" src=\"https:\/\/www.champsblancstest.geek-tonic.dev\/wp-content\/uploads\/2023\/10\/camping-Tamarissiere-3-768x281.webp\" alt=\"camping Tamarissiere 3\"><\/div>\n\t<div class=\"ls-cta__title\">\n\t\t<span class=\"champs-blancs-coin-droit\"><\/span>\n\t\tLa Tamarissi\u00e8re\t\t<span class=\"champs-blancs-arrow-down\"><\/span>\n\t<\/div>\n\n\t\n<\/a><\/div><\/div><div class=\"wp-block-column\"><div class=\"ls-cta\">\n\n<a href=\"https:\/\/www.champsblancstest.geek-tonic.dev\/de\/campingplatz-sete\/\" target=\"\" rel=\"noopener\" class=\"ls-cta__link\">\n\n\t<div class=\"ls-cta__image\"><img decoding=\"async\" src=\"https:\/\/www.champsblancstest.geek-tonic.dev\/wp-content\/uploads\/2023\/09\/camping-sete7-768x518.webp\" alt=\"camping s\u00e8te7\"><\/div>\n\t<div class=\"ls-cta__title\">\n\t\t<span class=\"champs-blancs-coin-droit\"><\/span>\n\t\tS\u00e8te\t\t<span class=\"champs-blancs-arrow-down\"><\/span>\n\t<\/div>\n\n\t\n<\/a><\/div><\/div><div class=\"wp-block-column\"><div class=\"ls-cta\">\n\n<a href=\"https:\/\/www.champsblancstest.geek-tonic.dev\/de\/campingplatz-marseillan\/\" target=\"\" rel=\"noopener\" class=\"ls-cta__link\">\n\n\t<div class=\"ls-cta__image\"><img decoding=\"async\" src=\"https:\/\/www.champsblancstest.geek-tonic.dev\/wp-content\/uploads\/2023\/10\/camping-proche-marseillan-plage-768x368.webp\" alt=\"camping proche marseillan plage\"><\/div>\n\t<div class=\"ls-cta__title\">\n\t\t<span class=\"champs-blancs-coin-droit\"><\/span>\n\t\tMarseillan\t\t<span class=\"champs-blancs-arrow-down\"><\/span>\n\t<\/div>\n\n\t\n<\/a><\/div><\/div><\/div><\/div>\n\n    <\/div>\n<\/section>","protected":false},"excerpt":{"rendered":"","protected":false},"author":1,"featured_media":8900,"parent":0,"menu_order":0,"comment_status":"closed","ping_status":"closed","template":"","meta":{"_acf_changed":false,"footnotes":""},"sujet":[],"class_list":["post-10775","page","type-page","status-publish","has-post-thumbnail","hentry"],"acf":[],"yoast_head":"<!-- This site is optimized with the Yoast SEO plugin v22.6 - https:\/\/yoast.com\/wordpress\/plugins\/seo\/ -->\n<title>Camping Pezenas | Campingplatz mit Schwimmbad und Vermietung von Mobilheimen Pezenas<\/title>\n<meta name=\"description\" content=\"Lust auf einen Campingplatz in P\u00e9zenas? Entdecken Sie den 5* Campingplatz Les Champs Blancs mit seinem 3000 m\u00b2 gro\u00dfen Wasserpark im Herzen des Departements H\u00e9rault!\" \/>\n<meta name=\"robots\" content=\"noindex, follow, max-snippet:-1, max-image-preview:large, max-video-preview:-1\" \/>\n<meta property=\"og:locale\" content=\"de_DE\" \/>\n<meta property=\"og:type\" content=\"article\" \/>\n<meta property=\"og:title\" content=\"Camping Pezenas | Campingplatz mit Schwimmbad und Vermietung von Mobilheimen Pezenas\" \/>\n<meta property=\"og:description\" content=\"Lust auf einen Campingplatz in P\u00e9zenas? Entdecken Sie den 5* Campingplatz Les Champs Blancs mit seinem 3000 m\u00b2 gro\u00dfen Wasserpark im Herzen des Departements H\u00e9rault!\" \/>\n<meta property=\"og:url\" content=\"https:\/\/www.champsblancstest.geek-tonic.dev\/fr\/camping-pezenas\/\" \/>\n<meta property=\"og:site_name\" content=\"Les Champs Blancs\" \/>\n<meta property=\"article:modified_time\" content=\"2023-11-15T14:29:43+00:00\" \/>\n<meta property=\"og:image\" content=\"https:\/\/www.champsblancstest.geek-tonic.dev\/wp-content\/uploads\/2023\/09\/camping-pezenas-4-scaled.webp\" \/>\n\t<meta property=\"og:image:width\" content=\"2560\" \/>\n\t<meta property=\"og:image:height\" content=\"1700\" \/>\n\t<meta property=\"og:image:type\" content=\"image\/webp\" \/>\n<meta name=\"twitter:card\" content=\"summary_large_image\" \/>\n<script type=\"application\/ld+json\" class=\"yoast-schema-graph\">{\"@context\":\"https:\/\/schema.org\",\"@graph\":[{\"@type\":\"WebPage\",\"@id\":\"https:\/\/www.champsblancstest.geek-tonic.dev\/fr\/camping-pezenas\/\",\"url\":\"https:\/\/www.champsblancstest.geek-tonic.dev\/fr\/camping-pezenas\/\",\"name\":\"Camping Pezenas | Campingplatz mit Schwimmbad und Vermietung von Mobilheimen Pezenas\",\"isPartOf\":{\"@id\":\"https:\/\/www.champsblancstest.geek-tonic.dev\/fr\/#website\"},\"primaryImageOfPage\":{\"@id\":\"https:\/\/www.champsblancstest.geek-tonic.dev\/fr\/camping-pezenas\/#primaryimage\"},\"image\":{\"@id\":\"https:\/\/www.champsblancstest.geek-tonic.dev\/fr\/camping-pezenas\/#primaryimage\"},\"thumbnailUrl\":\"https:\/\/www.champsblancstest.geek-tonic.dev\/wp-content\/uploads\/2023\/09\/camping-pezenas-4-scaled.webp\",\"datePublished\":\"2023-10-19T10:10:05+00:00\",\"dateModified\":\"2023-11-15T14:29:43+00:00\",\"description\":\"Lust auf einen Campingplatz in P\u00e9zenas? Entdecken Sie den 5* Campingplatz Les Champs Blancs mit seinem 3000 m\u00b2 gro\u00dfen Wasserpark im Herzen des Departements H\u00e9rault!\",\"breadcrumb\":{\"@id\":\"https:\/\/www.champsblancstest.geek-tonic.dev\/fr\/camping-pezenas\/#breadcrumb\"},\"inLanguage\":\"de\",\"potentialAction\":[{\"@type\":\"ReadAction\",\"target\":[\"https:\/\/www.champsblancstest.geek-tonic.dev\/fr\/camping-pezenas\/\"]}]},{\"@type\":\"ImageObject\",\"inLanguage\":\"de\",\"@id\":\"https:\/\/www.champsblancstest.geek-tonic.dev\/fr\/camping-pezenas\/#primaryimage\",\"url\":\"https:\/\/www.champsblancstest.geek-tonic.dev\/wp-content\/uploads\/2023\/09\/camping-pezenas-4-scaled.webp\",\"contentUrl\":\"https:\/\/www.champsblancstest.geek-tonic.dev\/wp-content\/uploads\/2023\/09\/camping-pezenas-4-scaled.webp\",\"width\":2560,\"height\":1700,\"caption\":\"camping p\u00e9zenas 4\"},{\"@type\":\"BreadcrumbList\",\"@id\":\"https:\/\/www.champsblancstest.geek-tonic.dev\/fr\/camping-pezenas\/#breadcrumb\",\"itemListElement\":[{\"@type\":\"ListItem\",\"position\":1,\"name\":\"Campingplatz Cap d'Agde\",\"item\":\"https:\/\/www.champsblancstest.geek-tonic.dev\/fr\/\"},{\"@type\":\"ListItem\",\"position\":2,\"name\":\"Pezenas Camping\"}]},{\"@type\":\"WebSite\",\"@id\":\"https:\/\/www.champsblancstest.geek-tonic.dev\/fr\/#website\",\"url\":\"https:\/\/www.champsblancstest.geek-tonic.dev\/fr\/\",\"name\":\"Les Champs Blancs\",\"description\":\"\",\"publisher\":{\"@id\":\"https:\/\/www.champsblancstest.geek-tonic.dev\/fr\/#organization\"},\"potentialAction\":[{\"@type\":\"SearchAction\",\"target\":{\"@type\":\"EntryPoint\",\"urlTemplate\":\"https:\/\/www.champsblancstest.geek-tonic.dev\/fr\/?s={search_term_string}\"},\"query-input\":\"required name=search_term_string\"}],\"inLanguage\":\"de\"},{\"@type\":\"Organization\",\"@id\":\"https:\/\/www.champsblancstest.geek-tonic.dev\/fr\/#organization\",\"name\":\"Les Champs Blancs\",\"url\":\"https:\/\/www.champsblancstest.geek-tonic.dev\/fr\/\",\"logo\":{\"@type\":\"ImageObject\",\"inLanguage\":\"de\",\"@id\":\"https:\/\/www.champsblancstest.geek-tonic.dev\/fr\/#\/schema\/logo\/image\/\",\"url\":\"https:\/\/www.champsblancstest.geek-tonic.dev\/wp-content\/uploads\/2023\/07\/logo-blanc-camping-les-champs-blancs.webp\",\"contentUrl\":\"https:\/\/www.champsblancstest.geek-tonic.dev\/wp-content\/uploads\/2023\/07\/logo-blanc-camping-les-champs-blancs.webp\",\"width\":821,\"height\":657,\"caption\":\"Les Champs Blancs\"},\"image\":{\"@id\":\"https:\/\/www.champsblancstest.geek-tonic.dev\/fr\/#\/schema\/logo\/image\/\"}}]}<\/script>\n<!-- \/ Yoast SEO plugin. -->","yoast_head_json":{"title":"Camping Pezenas | Campingplatz mit Schwimmbad und Vermietung von Mobilheimen Pezenas","description":"Lust auf einen Campingplatz in P\u00e9zenas? Entdecken Sie den 5* Campingplatz Les Champs Blancs mit seinem 3000 m\u00b2 gro\u00dfen Wasserpark im Herzen des Departements H\u00e9rault!","robots":{"index":"noindex","follow":"follow","max-snippet":"max-snippet:-1","max-image-preview":"max-image-preview:large","max-video-preview":"max-video-preview:-1"},"og_locale":"de_DE","og_type":"article","og_title":"Camping Pezenas | Campingplatz mit Schwimmbad und Vermietung von Mobilheimen Pezenas","og_description":"Lust auf einen Campingplatz in P\u00e9zenas? Entdecken Sie den 5* Campingplatz Les Champs Blancs mit seinem 3000 m\u00b2 gro\u00dfen Wasserpark im Herzen des Departements H\u00e9rault!","og_url":"https:\/\/www.champsblancstest.geek-tonic.dev\/fr\/camping-pezenas\/","og_site_name":"Les Champs Blancs","article_modified_time":"2023-11-15T14:29:43+00:00","og_image":[{"width":2560,"height":1700,"url":"https:\/\/www.champsblancstest.geek-tonic.dev\/wp-content\/uploads\/2023\/09\/camping-pezenas-4-scaled.webp","type":"image\/webp"}],"twitter_card":"summary_large_image","schema":{"@context":"https:\/\/schema.org","@graph":[{"@type":"WebPage","@id":"https:\/\/www.champsblancstest.geek-tonic.dev\/fr\/camping-pezenas\/","url":"https:\/\/www.champsblancstest.geek-tonic.dev\/fr\/camping-pezenas\/","name":"Camping Pezenas | Campingplatz mit Schwimmbad und Vermietung von Mobilheimen Pezenas","isPartOf":{"@id":"https:\/\/www.champsblancstest.geek-tonic.dev\/fr\/#website"},"primaryImageOfPage":{"@id":"https:\/\/www.champsblancstest.geek-tonic.dev\/fr\/camping-pezenas\/#primaryimage"},"image":{"@id":"https:\/\/www.champsblancstest.geek-tonic.dev\/fr\/camping-pezenas\/#primaryimage"},"thumbnailUrl":"https:\/\/www.champsblancstest.geek-tonic.dev\/wp-content\/uploads\/2023\/09\/camping-pezenas-4-scaled.webp","datePublished":"2023-10-19T10:10:05+00:00","dateModified":"2023-11-15T14:29:43+00:00","description":"Lust auf einen Campingplatz in P\u00e9zenas? Entdecken Sie den 5* Campingplatz Les Champs Blancs mit seinem 3000 m\u00b2 gro\u00dfen Wasserpark im Herzen des Departements H\u00e9rault!","breadcrumb":{"@id":"https:\/\/www.champsblancstest.geek-tonic.dev\/fr\/camping-pezenas\/#breadcrumb"},"inLanguage":"de","potentialAction":[{"@type":"ReadAction","target":["https:\/\/www.champsblancstest.geek-tonic.dev\/fr\/camping-pezenas\/"]}]},{"@type":"ImageObject","inLanguage":"de","@id":"https:\/\/www.champsblancstest.geek-tonic.dev\/fr\/camping-pezenas\/#primaryimage","url":"https:\/\/www.champsblancstest.geek-tonic.dev\/wp-content\/uploads\/2023\/09\/camping-pezenas-4-scaled.webp","contentUrl":"https:\/\/www.champsblancstest.geek-tonic.dev\/wp-content\/uploads\/2023\/09\/camping-pezenas-4-scaled.webp","width":2560,"height":1700,"caption":"camping p\u00e9zenas 4"},{"@type":"BreadcrumbList","@id":"https:\/\/www.champsblancstest.geek-tonic.dev\/fr\/camping-pezenas\/#breadcrumb","itemListElement":[{"@type":"ListItem","position":1,"name":"Campingplatz Cap d'Agde","item":"https:\/\/www.champsblancstest.geek-tonic.dev\/fr\/"},{"@type":"ListItem","position":2,"name":"Pezenas Camping"}]},{"@type":"WebSite","@id":"https:\/\/www.champsblancstest.geek-tonic.dev\/fr\/#website","url":"https:\/\/www.champsblancstest.geek-tonic.dev\/fr\/","name":"Les Champs Blancs","description":"","publisher":{"@id":"https:\/\/www.champsblancstest.geek-tonic.dev\/fr\/#organization"},"potentialAction":[{"@type":"SearchAction","target":{"@type":"EntryPoint","urlTemplate":"https:\/\/www.champsblancstest.geek-tonic.dev\/fr\/?s={search_term_string}"},"query-input":"required name=search_term_string"}],"inLanguage":"de"},{"@type":"Organization","@id":"https:\/\/www.champsblancstest.geek-tonic.dev\/fr\/#organization","name":"Les Champs Blancs","url":"https:\/\/www.champsblancstest.geek-tonic.dev\/fr\/","logo":{"@type":"ImageObject","inLanguage":"de","@id":"https:\/\/www.champsblancstest.geek-tonic.dev\/fr\/#\/schema\/logo\/image\/","url":"https:\/\/www.champsblancstest.geek-tonic.dev\/wp-content\/uploads\/2023\/07\/logo-blanc-camping-les-champs-blancs.webp","contentUrl":"https:\/\/www.champsblancstest.geek-tonic.dev\/wp-content\/uploads\/2023\/07\/logo-blanc-camping-les-champs-blancs.webp","width":821,"height":657,"caption":"Les Champs Blancs"},"image":{"@id":"https:\/\/www.champsblancstest.geek-tonic.dev\/fr\/#\/schema\/logo\/image\/"}}]}},"_links":{"self":[{"href":"https:\/\/www.champsblancstest.geek-tonic.dev\/de\/wp-json\/wp\/v2\/pages\/10775","targetHints":{"allow":["GET"]}}],"collection":[{"href":"https:\/\/www.champsblancstest.geek-tonic.dev\/de\/wp-json\/wp\/v2\/pages"}],"about":[{"href":"https:\/\/www.champsblancstest.geek-tonic.dev\/de\/wp-json\/wp\/v2\/types\/page"}],"author":[{"embeddable":true,"href":"https:\/\/www.champsblancstest.geek-tonic.dev\/de\/wp-json\/wp\/v2\/users\/1"}],"replies":[{"embeddable":true,"href":"https:\/\/www.champsblancstest.geek-tonic.dev\/de\/wp-json\/wp\/v2\/comments?post=10775"}],"version-history":[{"count":4,"href":"https:\/\/www.champsblancstest.geek-tonic.dev\/de\/wp-json\/wp\/v2\/pages\/10775\/revisions"}],"predecessor-version":[{"id":15608,"href":"https:\/\/www.champsblancstest.geek-tonic.dev\/de\/wp-json\/wp\/v2\/pages\/10775\/revisions\/15608"}],"wp:featuredmedia":[{"embeddable":true,"href":"https:\/\/www.champsblancstest.geek-tonic.dev\/de\/wp-json\/wp\/v2\/media\/8900"}],"wp:attachment":[{"href":"https:\/\/www.champsblancstest.geek-tonic.dev\/de\/wp-json\/wp\/v2\/media?parent=10775"}],"wp:term":[{"taxonomy":"sujet","embeddable":true,"href":"https:\/\/www.champsblancstest.geek-tonic.dev\/de\/wp-json\/wp\/v2\/sujet?post=10775"}],"curies":[{"name":"wp","href":"https:\/\/api.w.org\/{rel}","templated":true}]}}