{"id":10796,"date":"2023-10-19T12:10:12","date_gmt":"2023-10-19T10:10:12","guid":{"rendered":"https:\/\/www.champsblancstest.geek-tonic.dev\/camping-club-resort\/"},"modified":"2023-10-25T14:21:09","modified_gmt":"2023-10-25T12:21:09","slug":"camping-club-resort","status":"publish","type":"page","link":"https:\/\/www.champsblancstest.geek-tonic.dev\/de\/camping-club-resort\/","title":{"rendered":"Camping Club in Agde"},"content":{"rendered":"<section id=\"ls-section-block_d59821a6db6f996e743961c2a2fe731c\" class=\"ls-section  home-first page-one\" >\n        <div class=\"container container--full\">\n        \n\n<div class=\"wp-block-columns are-vertically-aligned-center is-layout-flex wp-container-core-columns-is-layout-9d6595d7 wp-block-columns-is-layout-flex\">\n<div class=\"wp-block-column is-vertically-aligned-center is-layout-flow wp-block-column-is-layout-flow\" style=\"flex-basis:53%\">\n<figure class=\"wp-block-gallery has-nested-images columns-default is-cropped animated fadeInLeft slow wp-block-gallery-1 is-layout-flex wp-block-gallery-is-layout-flex\">\n<figure class=\"wp-block-image size-full\"><a href=\"https:\/\/www.champsblancstest.geek-tonic.dev\/wp-content\/uploads\/2023\/10\/camping-resort-les-champs-blancs155.webp\"><img decoding=\"async\" width=\"1280\" height=\"1920\" data-id=\"9945\" src=\"https:\/\/www.champsblancstest.geek-tonic.dev\/wp-content\/uploads\/2023\/10\/camping-resort-les-champs-blancs155.webp\" alt=\"camping resort agde\" class=\"wp-image-9945\" srcset=\"https:\/\/www.champsblancstest.geek-tonic.dev\/wp-content\/uploads\/2023\/10\/camping-resort-les-champs-blancs155.webp 1280w, https:\/\/www.champsblancstest.geek-tonic.dev\/wp-content\/uploads\/2023\/10\/camping-resort-les-champs-blancs155-200x300.webp 200w, https:\/\/www.champsblancstest.geek-tonic.dev\/wp-content\/uploads\/2023\/10\/camping-resort-les-champs-blancs155-683x1024.webp 683w, https:\/\/www.champsblancstest.geek-tonic.dev\/wp-content\/uploads\/2023\/10\/camping-resort-les-champs-blancs155-768x1152.webp 768w, https:\/\/www.champsblancstest.geek-tonic.dev\/wp-content\/uploads\/2023\/10\/camping-resort-les-champs-blancs155-1024x1536.webp 1024w\" sizes=\"(max-width: 1280px) 100vw, 1280px\" \/><\/a><\/figure>\n<\/figure>\n<\/div>\n\n\n\n<div class=\"wp-block-column is-vertically-aligned-center is-layout-flow wp-block-column-is-layout-flow\" style=\"flex-basis:47%\">\n<h1 class=\"ls__heading wp-block-heading\">Camping Club in Agde<\/h1>\n\n\n\n<p class=\"ls-paragraph\">Les Champs Blancs ist  <a href=\"https:\/\/www.champsblancstest.geek-tonic.dev\/de\/\">einen 5-Sterne-Club-Campingplatz in Cap d&#8217;Agde.  <\/a>Mit seinen familienfreundlichen Ausma\u00dfen bietet er alle Dienstleistungen, die Sie erwarten, wenn Sie mit Ihren Kindern in einem Ferienclub buchen: Entspannungs- und Freizeiteinrichtungen, Wasserpark, Animationen: Buchen Sie Ihren Stellplatz, um sich am Meer im H\u00e9rault voll und ganz zu erholen!<\/p>\n<\/div>\n<\/div>\n\n\n    <\/div>\n<\/section><section id=\"ls-section-block_9dcec6d448db381a4bbed792aa42e98c\" class=\"ls-section  home-first page-two\" >\n        <div class=\"container container--full\">\n        \n\n<div class=\"wp-block-columns are-vertically-aligned-center is-layout-flex wp-container-core-columns-is-layout-9d6595d7 wp-block-columns-is-layout-flex\">\n<div class=\"wp-block-column is-vertically-aligned-center is-layout-flow wp-block-column-is-layout-flow\" style=\"flex-basis:47%\">\n<h2 class=\"ls__heading wp-block-heading\">Was ist ein Camping Club oder ein Camping Resort?<\/h2>\n\n\n\n<p class=\"ls-paragraph\"><strong>Ein Campingclub<\/strong> unterscheidet sich von einem traditionellen Campingplatz durch die Qualit\u00e4t und Anzahl seiner Freizeiteinrichtungen, Dienstleistungen und Animationen. <strong>Der Campingclub<\/strong> ist mehr als nur eine Unterkunft, er bietet echte Urlaubspakete mit Aktivit\u00e4ten an, die in seinen Preisen inbegriffen sind. Der englischsprachige Begriff <strong>Resort<\/strong> bezeichnet auch Feriend\u00f6rfer mit diesem Begriff der Inklusivit\u00e4t: Aktivit\u00e4ten und Unterkunft sind in einer einzigen Leistung enthalten. In der Tourismusbranche bezeichnet der Begriff <strong>Resort<\/strong> in der Regel Einzelbuchungen ohne mehrere Vermittler f\u00fcr ein All-Inclusive-Urlaubspaket. In einem Dorfclub ist ebenfalls &#8222;all inclusive&#8220; angesagt: Sie buchen nicht nur \u00dcbernachtungen, sondern unterschreiben f\u00fcr ein Ambiente, eine Betreuung, privilegierte Dienstleistungen, Verpflegung, unbegrenzten Zugang zu Sport-, Freizeit- oder Wellnesseinrichtungen, Animationen f\u00fcr alle Altersgruppen und sogar eine Betreuung Ihrer Kinder durch spezielle Teams.<\/p>\n<\/div>\n\n\n\n<div class=\"wp-block-column is-vertically-aligned-center is-layout-flow wp-block-column-is-layout-flow\" style=\"flex-basis:53%\">\n<figure class=\"wp-block-gallery has-nested-images columns-default is-cropped animated fadeInRight slow delay-200ms wp-block-gallery-2 is-layout-flex wp-block-gallery-is-layout-flex\">\n<figure class=\"wp-block-image size-full\"><a href=\"https:\/\/www.champsblancstest.geek-tonic.dev\/wp-content\/uploads\/2023\/10\/camping-resort-les-champs-blancs161-scaled.webp\"><img decoding=\"async\" width=\"2560\" height=\"1585\" data-id=\"9951\" src=\"https:\/\/www.champsblancstest.geek-tonic.dev\/wp-content\/uploads\/2023\/10\/camping-resort-les-champs-blancs161-scaled.webp\" alt=\"gehobener campingplatz cap agde&#10;\" class=\"wp-image-9951\" srcset=\"https:\/\/www.champsblancstest.geek-tonic.dev\/wp-content\/uploads\/2023\/10\/camping-resort-les-champs-blancs161-scaled.webp 2560w, https:\/\/www.champsblancstest.geek-tonic.dev\/wp-content\/uploads\/2023\/10\/camping-resort-les-champs-blancs161-300x186.webp 300w, https:\/\/www.champsblancstest.geek-tonic.dev\/wp-content\/uploads\/2023\/10\/camping-resort-les-champs-blancs161-1024x634.webp 1024w, https:\/\/www.champsblancstest.geek-tonic.dev\/wp-content\/uploads\/2023\/10\/camping-resort-les-champs-blancs161-768x476.webp 768w, https:\/\/www.champsblancstest.geek-tonic.dev\/wp-content\/uploads\/2023\/10\/camping-resort-les-champs-blancs161-1536x951.webp 1536w, https:\/\/www.champsblancstest.geek-tonic.dev\/wp-content\/uploads\/2023\/10\/camping-resort-les-champs-blancs161-2048x1268.webp 2048w\" sizes=\"(max-width: 2560px) 100vw, 2560px\" \/><\/a><\/figure>\n<\/figure>\n<\/div>\n<\/div>\n\n\n    <\/div>\n<\/section><section id=\"ls-section-block_6cc72b858c4077a5eb44d966dbbea02e\" class=\"ls-section  home-sixth page-three has-background-image has-parallax-child\" >\n    <div class=\"ls-section__background-image opacity-100\"><img decoding=\"async\" src=\"https:\/\/www.champsblancstest.geek-tonic.dev\/wp-content\/uploads\/2023\/10\/camping-club-herault-scaled.webp\" alt=\"camping club herault\"><\/div>    <div class=\"container container--wide\">\n        \n\n<div class=\"wp-block-columns are-vertically-aligned-center is-layout-flex wp-container-core-columns-is-layout-9d6595d7 wp-block-columns-is-layout-flex\">\n<div class=\"wp-block-column is-vertically-aligned-center wp-block-column__text animated fadeInUp delay-100ms slow is-layout-flow wp-block-column-is-layout-flow\" style=\"flex-basis:66.66%\">\n<h2 class=\"ls__heading wp-block-heading\">Warum sollten Sie sich f\u00fcr einen Aufenthalt in einem Campingclub in Cap d&#8217;Agde entscheiden?<\/h2>\n\n\n\n<p class=\"ls-paragraph\">Cap d&#8217;Agde ist ein idealer Urlaubsort f\u00fcr jedes Alter und bietet Urlaubern <a href=\"https:\/\/www.capdagde.com\/fr\/activites\/\" target=\"_blank\" rel=\"noreferrer noopener\">eine gro\u00dfe Auswahl an Freizeitaktivit\u00e4ten f\u00fcr jeden Geschmack<\/a>: Man kann einen ganzen Aufenthalt mit Naturausfl\u00fcgen und kulturellen Besichtigungen verbringen, seine Zeit am Strand verbringen oder Vergn\u00fcgungsparks durchst\u00f6bern. Dies ist das ideale Reiseziel f\u00fcr <strong>einen Aufenthalt im Camping-Club<\/strong>: Sehnen Sie sich nach einem anstrengenden Jahr nach Entspannung und Durchatmen? Buchen Sie Ihren Stellplatz und entdecken Sie das Programm! <strong>Der Campingclub<\/strong> bietet Ihnen jeden Tag <a href=\"https:\/\/www.champsblancstest.geek-tonic.dev\/de\/campingplatz-animation-cap-agde\/\" target=\"_blank\" rel=\"noreferrer noopener\">originelle Animationen<\/a>, \u00fcberrascht Sie mit Themenabenden und Familienshows und bietet Ihnen unbegrenzten Zugang zu seinem Wasserpark und seinen Sportpl\u00e4tzen. Was gibt es Sch\u00f6neres, als seinen Urlaub am Mittelmeer in vollen Z\u00fcgen zu genie\u00dfen?<\/p>\n<\/div>\n\n\n\n<div class=\"wp-block-column is-vertically-aligned-center is-layout-flow wp-block-column-is-layout-flow\" style=\"flex-basis:33.33%\">\n<div id=\"ls-heading ls-titre-div-block_4ceb3eaf9397f03f131185f499374a35\" class=\"ls-titre-div h1-like\" >\n    Die F\u00fc\u00dfe<br><strong>im Sand<\/strong><\/div>\n<\/div>\n<\/div>\n\n\n    <\/div>\n<\/section><section id=\"ls-section-block_d59821a6db6f996e743961c2a2fe731c\" class=\"ls-section  home-first page-one\" >\n        <div class=\"container container--full\">\n        \n\n<div class=\"wp-block-columns are-vertically-aligned-center is-layout-flex wp-container-core-columns-is-layout-9d6595d7 wp-block-columns-is-layout-flex\">\n<div class=\"wp-block-column is-vertically-aligned-center is-layout-flow wp-block-column-is-layout-flow\" style=\"flex-basis:53%\">\n<figure class=\"wp-block-gallery has-nested-images columns-default is-cropped animated fadeInLeft slow wp-block-gallery-3 is-layout-flex wp-block-gallery-is-layout-flex\">\n<figure class=\"wp-block-image size-full\"><a href=\"https:\/\/www.champsblancstest.geek-tonic.dev\/wp-content\/uploads\/2023\/10\/camping-les-champs-blancs27.webp\"><img decoding=\"async\" width=\"2560\" height=\"1920\" data-id=\"9961\" src=\"https:\/\/www.champsblancstest.geek-tonic.dev\/wp-content\/uploads\/2023\/10\/camping-les-champs-blancs27.webp\" alt=\"camping club resort les champs blancs  \" class=\"wp-image-9961\" srcset=\"https:\/\/www.champsblancstest.geek-tonic.dev\/wp-content\/uploads\/2023\/10\/camping-les-champs-blancs27.webp 2560w, https:\/\/www.champsblancstest.geek-tonic.dev\/wp-content\/uploads\/2023\/10\/camping-les-champs-blancs27-300x225.webp 300w, https:\/\/www.champsblancstest.geek-tonic.dev\/wp-content\/uploads\/2023\/10\/camping-les-champs-blancs27-1024x768.webp 1024w, https:\/\/www.champsblancstest.geek-tonic.dev\/wp-content\/uploads\/2023\/10\/camping-les-champs-blancs27-768x576.webp 768w, https:\/\/www.champsblancstest.geek-tonic.dev\/wp-content\/uploads\/2023\/10\/camping-les-champs-blancs27-1536x1152.webp 1536w, https:\/\/www.champsblancstest.geek-tonic.dev\/wp-content\/uploads\/2023\/10\/camping-les-champs-blancs27-2048x1536.webp 2048w\" sizes=\"(max-width: 2560px) 100vw, 2560px\" \/><\/a><\/figure>\n<\/figure>\n<\/div>\n\n\n\n<div class=\"wp-block-column is-vertically-aligned-center is-layout-flow wp-block-column-is-layout-flow\" style=\"flex-basis:47%\">\n<h2 class=\"ls__heading wp-block-heading\">Die Vorteile unseres Camping Resorts Les Champs Blancs in Agde<\/h2>\n\n\n\n<p class=\"ls-paragraph\"><strong>Der Campingclub Champs Blancs<\/strong>, das ist :<\/p>\n\n\n\n<ul class=\"ls-list wp-block-list\">\n<li>Ein Campingplatz mit menschlicher Gr\u00f6\u00dfe, um personalisierte Dienstleistungen zu f\u00f6rdern<\/li>\n\n\n\n<li>Ein umfassendes Feinschmeckerangebot mit zwei Restaurants, aber auch Snacks und Pizzas<\/li>\n\n\n\n<li><a href=\"https:\/\/www.champsblancstest.geek-tonic.dev\/de\/campingplatz-badelandschaft-cap-agde\/\">Ein au\u00dfergew\u00f6hnlicher<\/a> beheizter <a href=\"https:\/\/www.champsblancstest.geek-tonic.dev\/de\/campingplatz-badelandschaft-cap-agde\/\">Wasserpark<\/a> mit riesigen Rutschen und mehreren Becken<\/li>\n\n\n\n<li>Str\u00e4nde in weniger als 2 km Entfernung, mit dem Fahrrad \u00fcber Fahrradwege erreichbar<\/li>\n\n\n\n<li>Eine gro\u00dfe Auswahl an Unterk\u00fcnften, <a href=\"https:\/\/www.champsblancstest.geek-tonic.dev\/de\/unterkunfte-mobilheime-cap-agde\/\">Mobilheimen<\/a>, Chalets und Stellpl\u00e4tzen f\u00fcr traditionelles Camping<\/li>\n\n\n\n<li><strong>Ein Miniclub f\u00fcr Kinder<\/strong>, aber auch ein <strong>Erwachsenenclub<\/strong> mit zahlreichen Aktivit\u00e4ten tags\u00fcber<\/li>\n\n\n\n<li>Abwechslungsreiche Shows von hoher Qualit\u00e4t und viele \u00dcberraschungen f\u00fcr die ganze Familie<\/li>\n<\/ul>\n<\/div>\n<\/div>\n\n\n    <\/div>\n<\/section><section id=\"ls-section-block_460ec7f472b784a4917e2caf09b9462d\" class=\"ls-section  page-four animated fadeInUp slow delay-100ms\" >\n        <div class=\"container container--wide\">\n        \n\n<div id=\"ls-heading ls-titre-div-block_01429a443205c6ec13b40580f2891ff6\" class=\"ls-titre-div aligncenter h2-like\" >\n    Was es auf dem Campingplatz zu entdecken gibt<\/div>\n\n\n<div id=\"ls-maillage-block_edf4ae482ff1fc05153a28f7f74f4d13\" class=\"ls-maillage cta-style-normal\" data-rows=\"3\">\n    <div class=\"wp-block-columns\"><div class=\"wp-block-column\"><div class=\"ls-cta\">\n\n<a href=\"https:\/\/www.champsblancstest.geek-tonic.dev\/de\/campingplatz-animation-cap-agde\/\" target=\"\" rel=\"noopener\" class=\"ls-cta__link\">\n\n\t<div class=\"ls-cta__image\"><img decoding=\"async\" src=\"https:\/\/www.champsblancstest.geek-tonic.dev\/wp-content\/uploads\/2023\/09\/club-enfant-camping-agde-768x474.webp\" alt=\"kinderclub camping agde\"><\/div>\n\t<div class=\"ls-cta__title\">\n\t\t<span class=\"champs-blancs-coin-droit\"><\/span>\n\t\tAnimationen und Auff\u00fchrungen\t\t<span class=\"champs-blancs-arrow-down\"><\/span>\n\t<\/div>\n\n\t\n<\/a><\/div><\/div><div class=\"wp-block-column\"><div class=\"ls-cta\">\n\n<a href=\"https:\/\/www.champsblancstest.geek-tonic.dev\/de\/vermietung-chalet-cap-agde\/\" target=\"\" rel=\"noopener\" class=\"ls-cta__link\">\n\n\t<div class=\"ls-cta__image\"><img decoding=\"async\" src=\"https:\/\/www.champsblancstest.geek-tonic.dev\/wp-content\/uploads\/2023\/09\/location-chalet-cap-agde-768x512.webp\" alt=\"vermietung chalet cap agde\"><\/div>\n\t<div class=\"ls-cta__title\">\n\t\t<span class=\"champs-blancs-coin-droit\"><\/span>\n\t\tDie Chalets\t\t<span class=\"champs-blancs-arrow-down\"><\/span>\n\t<\/div>\n\n\t\n<\/a><\/div><\/div><div class=\"wp-block-column\"><div class=\"ls-cta\">\n\n<a href=\"https:\/\/www.champsblancstest.geek-tonic.dev\/de\/premium-campingurlaub-agde\/\" target=\"\" rel=\"noopener\" class=\"ls-cta__link\">\n\n\t<div class=\"ls-cta__image\"><img decoding=\"async\" src=\"https:\/\/www.champsblancstest.geek-tonic.dev\/wp-content\/uploads\/2023\/09\/sanitaire-prive-emplacement-camping-agde.webp\" alt=\"private sanit\u00e4ranlage campingplatz agde\"><\/div>\n\t<div class=\"ls-cta__title\">\n\t\t<span class=\"champs-blancs-coin-droit\"><\/span>\n\t\tPremium-Pl\u00e4tze\t\t<span class=\"champs-blancs-arrow-down\"><\/span>\n\t<\/div>\n\n\t\n<\/a><\/div><\/div><\/div><\/div>\n\n    <\/div>\n<\/section>","protected":false},"excerpt":{"rendered":"","protected":false},"author":1,"featured_media":9971,"parent":0,"menu_order":0,"comment_status":"closed","ping_status":"closed","template":"","meta":{"_acf_changed":false,"footnotes":""},"sujet":[],"class_list":["post-10796","page","type-page","status-publish","has-post-thumbnail","hentry"],"acf":[],"yoast_head":"<!-- This site is optimized with the Yoast SEO plugin v22.6 - https:\/\/yoast.com\/wordpress\/plugins\/seo\/ -->\n<title>5-Sterne-Club-Campingplatz in Cap d&#039;Agde | Camping resort Agde<\/title>\n<meta name=\"robots\" content=\"noindex, follow, max-snippet:-1, max-image-preview:large, max-video-preview:-1\" \/>\n<meta property=\"og:locale\" content=\"de_DE\" \/>\n<meta property=\"og:type\" content=\"article\" \/>\n<meta property=\"og:title\" content=\"5-Sterne-Club-Campingplatz in Cap d&#039;Agde | Camping resort Agde\" \/>\n<meta property=\"og:url\" content=\"https:\/\/www.champsblancstest.geek-tonic.dev\/fr\/camping-club-resort\/\" \/>\n<meta property=\"og:site_name\" content=\"Les Champs Blancs\" \/>\n<meta property=\"article:modified_time\" content=\"2023-10-25T12:21:09+00:00\" \/>\n<meta property=\"og:image\" content=\"https:\/\/www.champsblancstest.geek-tonic.dev\/wp-content\/uploads\/2023\/10\/camping-les-champs-blancs48.webp\" \/>\n\t<meta property=\"og:image:width\" content=\"2560\" \/>\n\t<meta property=\"og:image:height\" content=\"1920\" \/>\n\t<meta property=\"og:image:type\" content=\"image\/webp\" \/>\n<meta name=\"twitter:card\" content=\"summary_large_image\" \/>\n<meta name=\"twitter:label1\" content=\"Gesch\u00e4tzte Lesezeit\" \/>\n\t<meta name=\"twitter:data1\" content=\"2\u00a0Minuten\" \/>\n<script type=\"application\/ld+json\" class=\"yoast-schema-graph\">{\"@context\":\"https:\/\/schema.org\",\"@graph\":[{\"@type\":\"WebPage\",\"@id\":\"https:\/\/www.champsblancstest.geek-tonic.dev\/fr\/camping-club-resort\/\",\"url\":\"https:\/\/www.champsblancstest.geek-tonic.dev\/fr\/camping-club-resort\/\",\"name\":\"5-Sterne-Club-Campingplatz in Cap d'Agde | Camping resort Agde\",\"isPartOf\":{\"@id\":\"https:\/\/www.champsblancstest.geek-tonic.dev\/fr\/#website\"},\"primaryImageOfPage\":{\"@id\":\"https:\/\/www.champsblancstest.geek-tonic.dev\/fr\/camping-club-resort\/#primaryimage\"},\"image\":{\"@id\":\"https:\/\/www.champsblancstest.geek-tonic.dev\/fr\/camping-club-resort\/#primaryimage\"},\"thumbnailUrl\":\"https:\/\/www.champsblancstest.geek-tonic.dev\/wp-content\/uploads\/2023\/10\/camping-les-champs-blancs48.webp\",\"datePublished\":\"2023-10-19T10:10:12+00:00\",\"dateModified\":\"2023-10-25T12:21:09+00:00\",\"breadcrumb\":{\"@id\":\"https:\/\/www.champsblancstest.geek-tonic.dev\/fr\/camping-club-resort\/#breadcrumb\"},\"inLanguage\":\"de\",\"potentialAction\":[{\"@type\":\"ReadAction\",\"target\":[\"https:\/\/www.champsblancstest.geek-tonic.dev\/fr\/camping-club-resort\/\"]}]},{\"@type\":\"ImageObject\",\"inLanguage\":\"de\",\"@id\":\"https:\/\/www.champsblancstest.geek-tonic.dev\/fr\/camping-club-resort\/#primaryimage\",\"url\":\"https:\/\/www.champsblancstest.geek-tonic.dev\/wp-content\/uploads\/2023\/10\/camping-les-champs-blancs48.webp\",\"contentUrl\":\"https:\/\/www.champsblancstest.geek-tonic.dev\/wp-content\/uploads\/2023\/10\/camping-les-champs-blancs48.webp\",\"width\":2560,\"height\":1920,\"caption\":\"camping les champs blancs48\"},{\"@type\":\"BreadcrumbList\",\"@id\":\"https:\/\/www.champsblancstest.geek-tonic.dev\/fr\/camping-club-resort\/#breadcrumb\",\"itemListElement\":[{\"@type\":\"ListItem\",\"position\":1,\"name\":\"Campingplatz Cap d'Agde\",\"item\":\"https:\/\/www.champsblancstest.geek-tonic.dev\/fr\/\"},{\"@type\":\"ListItem\",\"position\":2,\"name\":\"Camping Club in Agde\"}]},{\"@type\":\"WebSite\",\"@id\":\"https:\/\/www.champsblancstest.geek-tonic.dev\/fr\/#website\",\"url\":\"https:\/\/www.champsblancstest.geek-tonic.dev\/fr\/\",\"name\":\"Les Champs Blancs\",\"description\":\"\",\"publisher\":{\"@id\":\"https:\/\/www.champsblancstest.geek-tonic.dev\/fr\/#organization\"},\"potentialAction\":[{\"@type\":\"SearchAction\",\"target\":{\"@type\":\"EntryPoint\",\"urlTemplate\":\"https:\/\/www.champsblancstest.geek-tonic.dev\/fr\/?s={search_term_string}\"},\"query-input\":\"required name=search_term_string\"}],\"inLanguage\":\"de\"},{\"@type\":\"Organization\",\"@id\":\"https:\/\/www.champsblancstest.geek-tonic.dev\/fr\/#organization\",\"name\":\"Les Champs Blancs\",\"url\":\"https:\/\/www.champsblancstest.geek-tonic.dev\/fr\/\",\"logo\":{\"@type\":\"ImageObject\",\"inLanguage\":\"de\",\"@id\":\"https:\/\/www.champsblancstest.geek-tonic.dev\/fr\/#\/schema\/logo\/image\/\",\"url\":\"https:\/\/www.champsblancstest.geek-tonic.dev\/wp-content\/uploads\/2023\/07\/logo-blanc-camping-les-champs-blancs.webp\",\"contentUrl\":\"https:\/\/www.champsblancstest.geek-tonic.dev\/wp-content\/uploads\/2023\/07\/logo-blanc-camping-les-champs-blancs.webp\",\"width\":821,\"height\":657,\"caption\":\"Les Champs Blancs\"},\"image\":{\"@id\":\"https:\/\/www.champsblancstest.geek-tonic.dev\/fr\/#\/schema\/logo\/image\/\"}}]}<\/script>\n<!-- \/ Yoast SEO plugin. -->","yoast_head_json":{"title":"5-Sterne-Club-Campingplatz in Cap d'Agde | Camping resort Agde","robots":{"index":"noindex","follow":"follow","max-snippet":"max-snippet:-1","max-image-preview":"max-image-preview:large","max-video-preview":"max-video-preview:-1"},"og_locale":"de_DE","og_type":"article","og_title":"5-Sterne-Club-Campingplatz in Cap d'Agde | Camping resort Agde","og_url":"https:\/\/www.champsblancstest.geek-tonic.dev\/fr\/camping-club-resort\/","og_site_name":"Les Champs Blancs","article_modified_time":"2023-10-25T12:21:09+00:00","og_image":[{"width":2560,"height":1920,"url":"https:\/\/www.champsblancstest.geek-tonic.dev\/wp-content\/uploads\/2023\/10\/camping-les-champs-blancs48.webp","type":"image\/webp"}],"twitter_card":"summary_large_image","twitter_misc":{"Gesch\u00e4tzte Lesezeit":"2\u00a0Minuten"},"schema":{"@context":"https:\/\/schema.org","@graph":[{"@type":"WebPage","@id":"https:\/\/www.champsblancstest.geek-tonic.dev\/fr\/camping-club-resort\/","url":"https:\/\/www.champsblancstest.geek-tonic.dev\/fr\/camping-club-resort\/","name":"5-Sterne-Club-Campingplatz in Cap d'Agde | Camping resort Agde","isPartOf":{"@id":"https:\/\/www.champsblancstest.geek-tonic.dev\/fr\/#website"},"primaryImageOfPage":{"@id":"https:\/\/www.champsblancstest.geek-tonic.dev\/fr\/camping-club-resort\/#primaryimage"},"image":{"@id":"https:\/\/www.champsblancstest.geek-tonic.dev\/fr\/camping-club-resort\/#primaryimage"},"thumbnailUrl":"https:\/\/www.champsblancstest.geek-tonic.dev\/wp-content\/uploads\/2023\/10\/camping-les-champs-blancs48.webp","datePublished":"2023-10-19T10:10:12+00:00","dateModified":"2023-10-25T12:21:09+00:00","breadcrumb":{"@id":"https:\/\/www.champsblancstest.geek-tonic.dev\/fr\/camping-club-resort\/#breadcrumb"},"inLanguage":"de","potentialAction":[{"@type":"ReadAction","target":["https:\/\/www.champsblancstest.geek-tonic.dev\/fr\/camping-club-resort\/"]}]},{"@type":"ImageObject","inLanguage":"de","@id":"https:\/\/www.champsblancstest.geek-tonic.dev\/fr\/camping-club-resort\/#primaryimage","url":"https:\/\/www.champsblancstest.geek-tonic.dev\/wp-content\/uploads\/2023\/10\/camping-les-champs-blancs48.webp","contentUrl":"https:\/\/www.champsblancstest.geek-tonic.dev\/wp-content\/uploads\/2023\/10\/camping-les-champs-blancs48.webp","width":2560,"height":1920,"caption":"camping les champs blancs48"},{"@type":"BreadcrumbList","@id":"https:\/\/www.champsblancstest.geek-tonic.dev\/fr\/camping-club-resort\/#breadcrumb","itemListElement":[{"@type":"ListItem","position":1,"name":"Campingplatz Cap d'Agde","item":"https:\/\/www.champsblancstest.geek-tonic.dev\/fr\/"},{"@type":"ListItem","position":2,"name":"Camping Club in Agde"}]},{"@type":"WebSite","@id":"https:\/\/www.champsblancstest.geek-tonic.dev\/fr\/#website","url":"https:\/\/www.champsblancstest.geek-tonic.dev\/fr\/","name":"Les Champs Blancs","description":"","publisher":{"@id":"https:\/\/www.champsblancstest.geek-tonic.dev\/fr\/#organization"},"potentialAction":[{"@type":"SearchAction","target":{"@type":"EntryPoint","urlTemplate":"https:\/\/www.champsblancstest.geek-tonic.dev\/fr\/?s={search_term_string}"},"query-input":"required name=search_term_string"}],"inLanguage":"de"},{"@type":"Organization","@id":"https:\/\/www.champsblancstest.geek-tonic.dev\/fr\/#organization","name":"Les Champs Blancs","url":"https:\/\/www.champsblancstest.geek-tonic.dev\/fr\/","logo":{"@type":"ImageObject","inLanguage":"de","@id":"https:\/\/www.champsblancstest.geek-tonic.dev\/fr\/#\/schema\/logo\/image\/","url":"https:\/\/www.champsblancstest.geek-tonic.dev\/wp-content\/uploads\/2023\/07\/logo-blanc-camping-les-champs-blancs.webp","contentUrl":"https:\/\/www.champsblancstest.geek-tonic.dev\/wp-content\/uploads\/2023\/07\/logo-blanc-camping-les-champs-blancs.webp","width":821,"height":657,"caption":"Les Champs Blancs"},"image":{"@id":"https:\/\/www.champsblancstest.geek-tonic.dev\/fr\/#\/schema\/logo\/image\/"}}]}},"_links":{"self":[{"href":"https:\/\/www.champsblancstest.geek-tonic.dev\/de\/wp-json\/wp\/v2\/pages\/10796","targetHints":{"allow":["GET"]}}],"collection":[{"href":"https:\/\/www.champsblancstest.geek-tonic.dev\/de\/wp-json\/wp\/v2\/pages"}],"about":[{"href":"https:\/\/www.champsblancstest.geek-tonic.dev\/de\/wp-json\/wp\/v2\/types\/page"}],"author":[{"embeddable":true,"href":"https:\/\/www.champsblancstest.geek-tonic.dev\/de\/wp-json\/wp\/v2\/users\/1"}],"replies":[{"embeddable":true,"href":"https:\/\/www.champsblancstest.geek-tonic.dev\/de\/wp-json\/wp\/v2\/comments?post=10796"}],"version-history":[{"count":2,"href":"https:\/\/www.champsblancstest.geek-tonic.dev\/de\/wp-json\/wp\/v2\/pages\/10796\/revisions"}],"predecessor-version":[{"id":15335,"href":"https:\/\/www.champsblancstest.geek-tonic.dev\/de\/wp-json\/wp\/v2\/pages\/10796\/revisions\/15335"}],"wp:featuredmedia":[{"embeddable":true,"href":"https:\/\/www.champsblancstest.geek-tonic.dev\/de\/wp-json\/wp\/v2\/media\/9971"}],"wp:attachment":[{"href":"https:\/\/www.champsblancstest.geek-tonic.dev\/de\/wp-json\/wp\/v2\/media?parent=10796"}],"wp:term":[{"taxonomy":"sujet","embeddable":true,"href":"https:\/\/www.champsblancstest.geek-tonic.dev\/de\/wp-json\/wp\/v2\/sujet?post=10796"}],"curies":[{"name":"wp","href":"https:\/\/api.w.org\/{rel}","templated":true}]}}