{"id":10801,"date":"2023-10-19T12:10:13","date_gmt":"2023-10-19T10:10:13","guid":{"rendered":"https:\/\/www.champsblancstest.geek-tonic.dev\/camping-acsi\/"},"modified":"2023-10-25T14:21:06","modified_gmt":"2023-10-25T12:21:06","slug":"camping-acsi","status":"publish","type":"page","link":"https:\/\/www.champsblancstest.geek-tonic.dev\/de\/camping-acsi\/","title":{"rendered":"Camping ACSI in Agde"},"content":{"rendered":"<section id=\"ls-section-block_fbc644efe2fcb6d923c4fa6174fe0a94\" class=\"ls-section  home-first page-one\" >\n        <div class=\"container container--full\">\n        \n\n<div class=\"wp-block-columns are-vertically-aligned-center is-layout-flex wp-container-core-columns-is-layout-9d6595d7 wp-block-columns-is-layout-flex\">\n<div class=\"wp-block-column is-vertically-aligned-center is-layout-flow wp-block-column-is-layout-flow\" style=\"flex-basis:53%\">\n<figure class=\"wp-block-gallery has-nested-images columns-default is-cropped animated fadeInLeft slow wp-block-gallery-1 is-layout-flex wp-block-gallery-is-layout-flex\">\n<figure class=\"wp-block-image size-full\"><a href=\"https:\/\/www.champsblancstest.geek-tonic.dev\/wp-content\/uploads\/2023\/10\/camping-resort-les-champs-blancs151.webp\"><img decoding=\"async\" width=\"1280\" height=\"1707\" data-id=\"9938\" src=\"https:\/\/www.champsblancstest.geek-tonic.dev\/wp-content\/uploads\/2023\/10\/camping-resort-les-champs-blancs151-edited.webp\" alt=\"camping resort les champs blancs 151\" class=\"wp-image-9938\" srcset=\"https:\/\/www.champsblancstest.geek-tonic.dev\/wp-content\/uploads\/2023\/10\/camping-resort-les-champs-blancs151-edited.webp 1280w, https:\/\/www.champsblancstest.geek-tonic.dev\/wp-content\/uploads\/2023\/10\/camping-resort-les-champs-blancs151-edited-225x300.webp 225w, https:\/\/www.champsblancstest.geek-tonic.dev\/wp-content\/uploads\/2023\/10\/camping-resort-les-champs-blancs151-edited-768x1024.webp 768w, https:\/\/www.champsblancstest.geek-tonic.dev\/wp-content\/uploads\/2023\/10\/camping-resort-les-champs-blancs151-edited-1152x1536.webp 1152w\" sizes=\"(max-width: 1280px) 100vw, 1280px\" \/><\/a><\/figure>\n<\/figure>\n<\/div>\n\n\n\n<div class=\"wp-block-column is-vertically-aligned-center is-layout-flow wp-block-column-is-layout-flow\" style=\"flex-basis:47%\">\n<h1 class=\"ls__heading wp-block-heading\">ACSI-Campingplatz <strong>in Cap d&#8217;Agde<\/strong><\/h1>\n\n\n\n<p class=\"ls-paragraph\"><a href=\"https:\/\/www.champsblancstest.geek-tonic.dev\/de\/\">Der 5-Sterne-Campingplatz Champs Blancs<\/a> ist dank seiner zahlreichen Einrichtungen und seiner idealen Lage in der N\u00e4he der Str\u00e4nde sowohl in der Hoch- als auch in der Nebensaison einladend. Urlauber mit <strong>ACSI-Karte<\/strong> k\u00f6nnen in <a href=\"https:\/\/www.champsblancstest.geek-tonic.dev\/de\/gunstiger-campingplatz-agde\/\">Les Champs Blancs von g\u00fcnstigen Angeboten profitieren<\/a>: Buchen Sie jetzt auf unserem Familiencampingplatz in Cap d&#8217;Agde!<\/p>\n<\/div>\n<\/div>\n\n\n    <\/div>\n<\/section><section id=\"ls-section-block_f85ba717e7c70863bba05d53e0824b10\" class=\"ls-section  home-first page-two\" >\n        <div class=\"container container--full\">\n        \n\n<div class=\"wp-block-columns are-vertically-aligned-center is-layout-flex wp-container-core-columns-is-layout-9d6595d7 wp-block-columns-is-layout-flex\">\n<div class=\"wp-block-column is-vertically-aligned-center is-layout-flow wp-block-column-is-layout-flow\" style=\"flex-basis:47%\">\n<h2 class=\"ls__heading wp-block-heading\">Was ist ein ACSI-Campingplatz?<\/h2>\n\n\n\n<p class=\"ls-paragraph\">Als Spezialist f\u00fcr Camping in Europa gibt <strong>ACSI<\/strong> jedes Jahr einen prestigetr\u00e4chtigen F\u00fchrer mit den sch\u00f6nsten Campingpl\u00e4tzen am Meer und auf dem Land heraus.  <strong>Die CampingCard ACSI<\/strong> wird ebenfalls im F\u00fchrer angeboten: Es handelt sich dabei um eine Erm\u00e4\u00dfigungskarte f\u00fcr die Nebensaison, mit der man \u00fcber <strong>5 sehr g\u00fcnstige ACSI-Tarife<\/strong> (die je nach Kategorie des Campingplatzes festgelegt werden) bis zu 60 % Rabatt auf Campingaufenthalte erh\u00e4lt.  <strong>Mit der ACSI-Karte<\/strong> k\u00f6nnen bis zu drei Kinder unter 6 Jahren kostenlos auf einer gro\u00dfen Auswahl an Campingpl\u00e4tzen in Frankreich und Europa \u00fcbernachten. Die Karte ist kostenpflichtig und wird f\u00fcr 12,95 Euro angeboten: Sie ist f\u00fcr zwei Erwachsene ein Jahr lang g\u00fcltig, und der Preis kann sich bereits beim ersten Aufenthalt amortisieren. Die CampingCard kann auf Campingpl\u00e4tzen benutzt werden, die im <strong>ACSI-F\u00fchrer<\/strong> verzeichnet sind und aufgrund ihrer Qualit\u00e4t ausgew\u00e4hlt wurden. Die Liste der angeschlossenen Campingpl\u00e4tze finden Sie im gedruckten F\u00fchrer, auf der ACSI-Website sowie auf der mobilen Anwendung. <strong>Ein ACSI-Campingplatz<\/strong> garantiert Urlaubern auch au\u00dferhalb der Saison einen bevorzugten Empfang und stellt die meisten Freizeiteinrichtungen zur Verf\u00fcgung.<\/p>\n<\/div>\n\n\n\n<div class=\"wp-block-column is-vertically-aligned-center is-layout-flow wp-block-column-is-layout-flow\" style=\"flex-basis:53%\">\n<figure class=\"wp-block-gallery aligncenter has-nested-images columns-default is-cropped animated fadeInRight slow delay-200ms wp-block-gallery-2 is-layout-flex wp-block-gallery-is-layout-flex\"><div class=\"wp-block-image\">\n<figure class=\"aligncenter size-full\"><a href=\"https:\/\/www.champsblancstest.geek-tonic.dev\/wp-content\/uploads\/2023\/10\/camping-les-champs-blancs14-scaled.webp\"><img decoding=\"async\" width=\"2560\" height=\"1380\" data-id=\"9914\" src=\"https:\/\/www.champsblancstest.geek-tonic.dev\/wp-content\/uploads\/2023\/10\/camping-les-champs-blancs14-scaled.webp\" alt=\"camping les champs blancs14\" class=\"wp-image-9914\" style=\"object-fit:contain\" srcset=\"https:\/\/www.champsblancstest.geek-tonic.dev\/wp-content\/uploads\/2023\/10\/camping-les-champs-blancs14-scaled.webp 2560w, https:\/\/www.champsblancstest.geek-tonic.dev\/wp-content\/uploads\/2023\/10\/camping-les-champs-blancs14-300x162.webp 300w, https:\/\/www.champsblancstest.geek-tonic.dev\/wp-content\/uploads\/2023\/10\/camping-les-champs-blancs14-1024x552.webp 1024w, https:\/\/www.champsblancstest.geek-tonic.dev\/wp-content\/uploads\/2023\/10\/camping-les-champs-blancs14-768x414.webp 768w, https:\/\/www.champsblancstest.geek-tonic.dev\/wp-content\/uploads\/2023\/10\/camping-les-champs-blancs14-1536x828.webp 1536w, https:\/\/www.champsblancstest.geek-tonic.dev\/wp-content\/uploads\/2023\/10\/camping-les-champs-blancs14-2048x1104.webp 2048w\" sizes=\"(max-width: 2560px) 100vw, 2560px\" \/><\/a><\/figure>\n<\/div><\/figure>\n<\/div>\n<\/div>\n\n\n    <\/div>\n<\/section><section id=\"ls-section-block_11a4a07b32d6449553684faf52b41faf\" class=\"ls-section  home-sixth page-three has-background-image has-parallax-child\" >\n    <div class=\"ls-section__background-image opacity-100\"><img decoding=\"async\" src=\"https:\/\/www.champsblancstest.geek-tonic.dev\/wp-content\/uploads\/2023\/10\/camping-les-champs-blancs34.webp\" alt=\"camping les champs blancs34\"><\/div>    <div class=\"container container--wide\">\n        \n\n<div class=\"wp-block-columns are-vertically-aligned-center is-layout-flex wp-container-core-columns-is-layout-9d6595d7 wp-block-columns-is-layout-flex\">\n<div class=\"wp-block-column is-vertically-aligned-center wp-block-column__text animated fadeInUp delay-100ms slow is-layout-flow wp-block-column-is-layout-flow\" style=\"flex-basis:66.66%\">\n<h2 class=\"ls__heading wp-block-heading\">Wie erhalte ich die ACSI-Karte?<\/h2>\n\n\n\n<p class=\"ls-paragraph\"><strong>Die ACSI-Karte<\/strong> kann mit wenigen Klicks online bestellt werden :<\/p>\n\n\n\n<ol class=\"ls-list wp-block-list\">\n<li>Besuchen Sie <a href=\"https:\/\/www.campingcard.com\/de\/extra-info\/campingcard-acsi-bestellen\/?_gl=1*13t4w5k*_ga*MTI2NzUzNzkyMi4xNjk3NzE1NDk2*_ga_HNZ05CMN66*MTY5ODIxNjc0OC4yLjEuMTY5ODIxODczMC41OC4wLjA.&amp;_ga=2.13201394.414358331.1698216749-1267537922.1697715496\" rel=\"noreferrer noopener\" target=\"_blank\">die Website CampingCard.de<\/a><\/li>\n\n\n\n<li>Klicken Sie auf die Schaltfl\u00e4che &#8222;CampingCard ACSI bestellen&#8220;.<\/li>\n\n\n\n<li>W\u00e4hlen Sie die Formel mit dem klassischen Camperf\u00fchrer oder dem Wohnmobilf\u00fchrer<\/li>\n\n\n\n<li>W\u00e4hlen Sie die Sprache, in der Ihr Leitfaden bearbeitet werden soll<\/li>\n\n\n\n<li>In den Warenkorb legen<\/li>\n\n\n\n<li>Wenn Sie m\u00f6chten, f\u00fcgen Sie auch die mobile Anwendung f\u00fcr 5,49 Euro hinzu.<\/li>\n\n\n\n<li>Online bezahlen<\/li>\n\n\n\n<li>Nach Erhalt Ihrer Bestellung f\u00fcllen Sie Ihre Karte aus und unterschreiben Sie sie.<\/li>\n<\/ol>\n\n\n\n<p class=\"ls-paragraph\"><strong>Die ACSI-Karte<\/strong> m\u00fcssen Sie bei Ihrer Ankunft auf einem teilnehmenden Campingplatz und bei der Abreise vorlegen, wenn Sie Ihren Aufenthalt bezahlen.<\/p>\n<\/div>\n\n\n\n<div class=\"wp-block-column is-vertically-aligned-center is-layout-flow wp-block-column-is-layout-flow\" style=\"flex-basis:33.33%\">\n<div id=\"ls-heading ls-titre-div-block_3f57e260d837f572e0d111195a9482ab\" class=\"ls-titre-div h1-like\" >\n    Die Vorteile<br><strong>f\u00fcr Ihren Urlaub<\/strong><\/div>\n<\/div>\n<\/div>\n\n\n    <\/div>\n<\/section><section id=\"ls-section-block_fbc644efe2fcb6d923c4fa6174fe0a94\" class=\"ls-section  home-first page-one\" >\n        <div class=\"container container--full\">\n        \n\n<div class=\"wp-block-columns are-vertically-aligned-center is-layout-flex wp-container-core-columns-is-layout-9d6595d7 wp-block-columns-is-layout-flex\">\n<div class=\"wp-block-column is-vertically-aligned-center is-layout-flow wp-block-column-is-layout-flow\" style=\"flex-basis:53%\">\n<figure class=\"wp-block-gallery has-nested-images columns-default is-cropped animated fadeInLeft slow wp-block-gallery-3 is-layout-flex wp-block-gallery-is-layout-flex\">\n<figure class=\"wp-block-image size-full\"><a href=\"https:\/\/www.champsblancstest.geek-tonic.dev\/wp-content\/uploads\/2023\/10\/6393047d45d1f.jpeg\"><img decoding=\"async\" width=\"500\" height=\"280\" data-id=\"9908\" src=\"https:\/\/www.champsblancstest.geek-tonic.dev\/wp-content\/uploads\/2023\/10\/6393047d45d1f.jpeg\" alt=\"ACSI-Karte Camping\" class=\"wp-image-9908\" srcset=\"https:\/\/www.champsblancstest.geek-tonic.dev\/wp-content\/uploads\/2023\/10\/6393047d45d1f.jpeg 500w, https:\/\/www.champsblancstest.geek-tonic.dev\/wp-content\/uploads\/2023\/10\/6393047d45d1f-300x168.jpeg 300w\" sizes=\"(max-width: 500px) 100vw, 500px\" \/><\/a><\/figure>\n<\/figure>\n<\/div>\n\n\n\n<div class=\"wp-block-column is-vertically-aligned-center is-layout-flow wp-block-column-is-layout-flow\" style=\"flex-basis:47%\">\n<h2 class=\"ls__heading wp-block-heading\">ACSI-Rabatte auf dem Campingplatz Les Champs Blancs in Agde nutzen<\/h2>\n\n\n\n<p class=\"ls-paragraph\"><a href=\"https:\/\/www.champsblancstest.geek-tonic.dev\/de\/wohnmobil-cap-agde\/\">Buchen Sie<\/a> <strong>mit Ihrer ACSI-Karte<\/strong> <a href=\"https:\/\/www.champsblancstest.geek-tonic.dev\/de\/wohnmobil-cap-agde\/\">einen Stellplatz f\u00fcr zwei Personen f\u00fcr nur 22 Euro pro Nacht<\/a> auf dem 5-Sterne-Campingplatz Les Champs Blancs! Dieser sehr g\u00fcnstige Tarif beinhaltet den Stellplatz f\u00fcr ein Fahrzeug und ein Zelt oder einen Wohnwagen, Strom, Mehrwertsteuer und zwei erwachsene Personen.  <strong>Die ACSI-Karte<\/strong> wird ab Anfang April bis zum30. Juni und ab dem 28. August bis Mitte Oktober akzeptiert: eine sehr gro\u00dfe Auswahl, damit Sie auch im Sommer von <strong>den ACSI-Rabatten<\/strong> profitieren k\u00f6nnen.<\/p>\n<\/div>\n<\/div>\n\n\n    <\/div>\n<\/section><section id=\"ls-section-block_fa6398846dc83b822a735d530cf4254c\" class=\"ls-section  page-four animated fadeInUp slow delay-100ms\" >\n        <div class=\"container container--wide\">\n        \n\n<div id=\"ls-heading ls-titre-div-block_24d9487a4318e41a160a694a79b73301\" class=\"ls-titre-div aligncenter h2-like\" >\n    Entdecken Sie unseren Campingplatz<\/div>\n\n\n<div id=\"ls-maillage-block_384118602663e52ccc8c1b9544e630f5\" class=\"ls-maillage cta-style-normal\" data-rows=\"3\">\n    <div class=\"wp-block-columns\"><div class=\"wp-block-column\"><div class=\"ls-cta\">\n\n<a href=\"https:\/\/www.champsblancstest.geek-tonic.dev\/de\/campingplatz-am-meer-cap-agde\/\" target=\"\" rel=\"noopener\" class=\"ls-cta__link\">\n\n\t<div class=\"ls-cta__image\"><img decoding=\"async\" src=\"https:\/\/www.champsblancstest.geek-tonic.dev\/wp-content\/uploads\/2023\/09\/camping-mer-plage-agde6-1-768x356.webp\" alt=\"camping meer strand agde6\"><\/div>\n\t<div class=\"ls-cta__title\">\n\t\t<span class=\"champs-blancs-coin-droit\"><\/span>\n\t\tMeeresufer\t\t<span class=\"champs-blancs-arrow-down\"><\/span>\n\t<\/div>\n\n\t\n<\/a><\/div><\/div><div class=\"wp-block-column\"><div class=\"ls-cta\">\n\n<a href=\"https:\/\/www.champsblancstest.geek-tonic.dev\/de\/campingplatz-badelandschaft-cap-agde\/\" target=\"\" rel=\"noopener\" class=\"ls-cta__link\">\n\n\t<div class=\"ls-cta__image\"><img decoding=\"async\" src=\"https:\/\/www.champsblancstest.geek-tonic.dev\/wp-content\/uploads\/2023\/10\/camping-avec-parc-aquatique-agde-1-768x1152.webp\" alt=\"campingplatz mit wasserpark agde\"><\/div>\n\t<div class=\"ls-cta__title\">\n\t\t<span class=\"champs-blancs-coin-droit\"><\/span>\n\t\tDer Pool\t\t<span class=\"champs-blancs-arrow-down\"><\/span>\n\t<\/div>\n\n\t\n<\/a><\/div><\/div><div class=\"wp-block-column\"><div class=\"ls-cta\">\n\n<a href=\"https:\/\/www.champsblancstest.geek-tonic.dev\/de\/restaurant-agde\/\" target=\"\" rel=\"noopener\" class=\"ls-cta__link\">\n\n\t<div class=\"ls-cta__image\"><img decoding=\"async\" src=\"https:\/\/www.champsblancstest.geek-tonic.dev\/wp-content\/uploads\/2023\/09\/restaurant-cap-agde-768x513.webp\" alt=\"restaurant cap agde\"><\/div>\n\t<div class=\"ls-cta__title\">\n\t\t<span class=\"champs-blancs-coin-droit\"><\/span>\n\t\tVerpflegung\t\t<span class=\"champs-blancs-arrow-down\"><\/span>\n\t<\/div>\n\n\t\n<\/a><\/div><\/div><\/div><\/div>\n\n    <\/div>\n<\/section>","protected":false},"excerpt":{"rendered":"","protected":false},"author":1,"featured_media":9927,"parent":0,"menu_order":0,"comment_status":"closed","ping_status":"closed","template":"","meta":{"_acf_changed":false,"footnotes":""},"sujet":[],"class_list":["post-10801","page","type-page","status-publish","has-post-thumbnail","hentry"],"acf":[],"yoast_head":"<!-- This site is optimized with the Yoast SEO plugin v22.6 - https:\/\/yoast.com\/wordpress\/plugins\/seo\/ -->\n<title>Camping ACSI in Cap d&#039;Agde: ab 16\u20ac pro Nacht mit der acsi-Karte<\/title>\n<meta name=\"robots\" content=\"noindex, follow, max-snippet:-1, max-image-preview:large, max-video-preview:-1\" \/>\n<meta property=\"og:locale\" content=\"de_DE\" \/>\n<meta property=\"og:type\" content=\"article\" \/>\n<meta property=\"og:title\" content=\"Camping ACSI in Cap d&#039;Agde: ab 16\u20ac pro Nacht mit der acsi-Karte\" \/>\n<meta property=\"og:url\" content=\"https:\/\/www.champsblancstest.geek-tonic.dev\/fr\/camping-acsi\/\" \/>\n<meta property=\"og:site_name\" content=\"Les Champs Blancs\" \/>\n<meta property=\"article:modified_time\" content=\"2023-10-25T12:21:06+00:00\" \/>\n<meta property=\"og:image\" content=\"https:\/\/www.champsblancstest.geek-tonic.dev\/wp-content\/uploads\/2023\/10\/camping-resort-les-champs-blancs11-scaled-e1696338886591.webp\" \/>\n\t<meta property=\"og:image:width\" content=\"2560\" \/>\n\t<meta property=\"og:image:height\" content=\"1707\" \/>\n\t<meta property=\"og:image:type\" content=\"image\/webp\" \/>\n<meta name=\"twitter:card\" content=\"summary_large_image\" \/>\n<meta name=\"twitter:label1\" content=\"Gesch\u00e4tzte Lesezeit\" \/>\n\t<meta name=\"twitter:data1\" content=\"2\u00a0Minuten\" \/>\n<script type=\"application\/ld+json\" class=\"yoast-schema-graph\">{\"@context\":\"https:\/\/schema.org\",\"@graph\":[{\"@type\":\"WebPage\",\"@id\":\"https:\/\/www.champsblancstest.geek-tonic.dev\/fr\/camping-acsi\/\",\"url\":\"https:\/\/www.champsblancstest.geek-tonic.dev\/fr\/camping-acsi\/\",\"name\":\"Camping ACSI in Cap d'Agde: ab 16\u20ac pro Nacht mit der acsi-Karte\",\"isPartOf\":{\"@id\":\"https:\/\/www.champsblancstest.geek-tonic.dev\/fr\/#website\"},\"primaryImageOfPage\":{\"@id\":\"https:\/\/www.champsblancstest.geek-tonic.dev\/fr\/camping-acsi\/#primaryimage\"},\"image\":{\"@id\":\"https:\/\/www.champsblancstest.geek-tonic.dev\/fr\/camping-acsi\/#primaryimage\"},\"thumbnailUrl\":\"https:\/\/www.champsblancstest.geek-tonic.dev\/wp-content\/uploads\/2023\/10\/camping-resort-les-champs-blancs11-scaled-e1696338886591.webp\",\"datePublished\":\"2023-10-19T10:10:13+00:00\",\"dateModified\":\"2023-10-25T12:21:06+00:00\",\"breadcrumb\":{\"@id\":\"https:\/\/www.champsblancstest.geek-tonic.dev\/fr\/camping-acsi\/#breadcrumb\"},\"inLanguage\":\"de\",\"potentialAction\":[{\"@type\":\"ReadAction\",\"target\":[\"https:\/\/www.champsblancstest.geek-tonic.dev\/fr\/camping-acsi\/\"]}]},{\"@type\":\"ImageObject\",\"inLanguage\":\"de\",\"@id\":\"https:\/\/www.champsblancstest.geek-tonic.dev\/fr\/camping-acsi\/#primaryimage\",\"url\":\"https:\/\/www.champsblancstest.geek-tonic.dev\/wp-content\/uploads\/2023\/10\/camping-resort-les-champs-blancs11-scaled-e1696338886591.webp\",\"contentUrl\":\"https:\/\/www.champsblancstest.geek-tonic.dev\/wp-content\/uploads\/2023\/10\/camping-resort-les-champs-blancs11-scaled-e1696338886591.webp\",\"width\":2560,\"height\":1707,\"caption\":\"camping resort les champs blancs11\"},{\"@type\":\"BreadcrumbList\",\"@id\":\"https:\/\/www.champsblancstest.geek-tonic.dev\/fr\/camping-acsi\/#breadcrumb\",\"itemListElement\":[{\"@type\":\"ListItem\",\"position\":1,\"name\":\"Campingplatz Cap d'Agde\",\"item\":\"https:\/\/www.champsblancstest.geek-tonic.dev\/fr\/\"},{\"@type\":\"ListItem\",\"position\":2,\"name\":\"Camping ACSI in Agde\"}]},{\"@type\":\"WebSite\",\"@id\":\"https:\/\/www.champsblancstest.geek-tonic.dev\/fr\/#website\",\"url\":\"https:\/\/www.champsblancstest.geek-tonic.dev\/fr\/\",\"name\":\"Les Champs Blancs\",\"description\":\"\",\"publisher\":{\"@id\":\"https:\/\/www.champsblancstest.geek-tonic.dev\/fr\/#organization\"},\"potentialAction\":[{\"@type\":\"SearchAction\",\"target\":{\"@type\":\"EntryPoint\",\"urlTemplate\":\"https:\/\/www.champsblancstest.geek-tonic.dev\/fr\/?s={search_term_string}\"},\"query-input\":\"required name=search_term_string\"}],\"inLanguage\":\"de\"},{\"@type\":\"Organization\",\"@id\":\"https:\/\/www.champsblancstest.geek-tonic.dev\/fr\/#organization\",\"name\":\"Les Champs Blancs\",\"url\":\"https:\/\/www.champsblancstest.geek-tonic.dev\/fr\/\",\"logo\":{\"@type\":\"ImageObject\",\"inLanguage\":\"de\",\"@id\":\"https:\/\/www.champsblancstest.geek-tonic.dev\/fr\/#\/schema\/logo\/image\/\",\"url\":\"https:\/\/www.champsblancstest.geek-tonic.dev\/wp-content\/uploads\/2023\/07\/logo-blanc-camping-les-champs-blancs.webp\",\"contentUrl\":\"https:\/\/www.champsblancstest.geek-tonic.dev\/wp-content\/uploads\/2023\/07\/logo-blanc-camping-les-champs-blancs.webp\",\"width\":821,\"height\":657,\"caption\":\"Les Champs Blancs\"},\"image\":{\"@id\":\"https:\/\/www.champsblancstest.geek-tonic.dev\/fr\/#\/schema\/logo\/image\/\"}}]}<\/script>\n<!-- \/ Yoast SEO plugin. -->","yoast_head_json":{"title":"Camping ACSI in Cap d'Agde: ab 16\u20ac pro Nacht mit der acsi-Karte","robots":{"index":"noindex","follow":"follow","max-snippet":"max-snippet:-1","max-image-preview":"max-image-preview:large","max-video-preview":"max-video-preview:-1"},"og_locale":"de_DE","og_type":"article","og_title":"Camping ACSI in Cap d'Agde: ab 16\u20ac pro Nacht mit der acsi-Karte","og_url":"https:\/\/www.champsblancstest.geek-tonic.dev\/fr\/camping-acsi\/","og_site_name":"Les Champs Blancs","article_modified_time":"2023-10-25T12:21:06+00:00","og_image":[{"width":2560,"height":1707,"url":"https:\/\/www.champsblancstest.geek-tonic.dev\/wp-content\/uploads\/2023\/10\/camping-resort-les-champs-blancs11-scaled-e1696338886591.webp","type":"image\/webp"}],"twitter_card":"summary_large_image","twitter_misc":{"Gesch\u00e4tzte Lesezeit":"2\u00a0Minuten"},"schema":{"@context":"https:\/\/schema.org","@graph":[{"@type":"WebPage","@id":"https:\/\/www.champsblancstest.geek-tonic.dev\/fr\/camping-acsi\/","url":"https:\/\/www.champsblancstest.geek-tonic.dev\/fr\/camping-acsi\/","name":"Camping ACSI in Cap d'Agde: ab 16\u20ac pro Nacht mit der acsi-Karte","isPartOf":{"@id":"https:\/\/www.champsblancstest.geek-tonic.dev\/fr\/#website"},"primaryImageOfPage":{"@id":"https:\/\/www.champsblancstest.geek-tonic.dev\/fr\/camping-acsi\/#primaryimage"},"image":{"@id":"https:\/\/www.champsblancstest.geek-tonic.dev\/fr\/camping-acsi\/#primaryimage"},"thumbnailUrl":"https:\/\/www.champsblancstest.geek-tonic.dev\/wp-content\/uploads\/2023\/10\/camping-resort-les-champs-blancs11-scaled-e1696338886591.webp","datePublished":"2023-10-19T10:10:13+00:00","dateModified":"2023-10-25T12:21:06+00:00","breadcrumb":{"@id":"https:\/\/www.champsblancstest.geek-tonic.dev\/fr\/camping-acsi\/#breadcrumb"},"inLanguage":"de","potentialAction":[{"@type":"ReadAction","target":["https:\/\/www.champsblancstest.geek-tonic.dev\/fr\/camping-acsi\/"]}]},{"@type":"ImageObject","inLanguage":"de","@id":"https:\/\/www.champsblancstest.geek-tonic.dev\/fr\/camping-acsi\/#primaryimage","url":"https:\/\/www.champsblancstest.geek-tonic.dev\/wp-content\/uploads\/2023\/10\/camping-resort-les-champs-blancs11-scaled-e1696338886591.webp","contentUrl":"https:\/\/www.champsblancstest.geek-tonic.dev\/wp-content\/uploads\/2023\/10\/camping-resort-les-champs-blancs11-scaled-e1696338886591.webp","width":2560,"height":1707,"caption":"camping resort les champs blancs11"},{"@type":"BreadcrumbList","@id":"https:\/\/www.champsblancstest.geek-tonic.dev\/fr\/camping-acsi\/#breadcrumb","itemListElement":[{"@type":"ListItem","position":1,"name":"Campingplatz Cap d'Agde","item":"https:\/\/www.champsblancstest.geek-tonic.dev\/fr\/"},{"@type":"ListItem","position":2,"name":"Camping ACSI in Agde"}]},{"@type":"WebSite","@id":"https:\/\/www.champsblancstest.geek-tonic.dev\/fr\/#website","url":"https:\/\/www.champsblancstest.geek-tonic.dev\/fr\/","name":"Les Champs Blancs","description":"","publisher":{"@id":"https:\/\/www.champsblancstest.geek-tonic.dev\/fr\/#organization"},"potentialAction":[{"@type":"SearchAction","target":{"@type":"EntryPoint","urlTemplate":"https:\/\/www.champsblancstest.geek-tonic.dev\/fr\/?s={search_term_string}"},"query-input":"required name=search_term_string"}],"inLanguage":"de"},{"@type":"Organization","@id":"https:\/\/www.champsblancstest.geek-tonic.dev\/fr\/#organization","name":"Les Champs Blancs","url":"https:\/\/www.champsblancstest.geek-tonic.dev\/fr\/","logo":{"@type":"ImageObject","inLanguage":"de","@id":"https:\/\/www.champsblancstest.geek-tonic.dev\/fr\/#\/schema\/logo\/image\/","url":"https:\/\/www.champsblancstest.geek-tonic.dev\/wp-content\/uploads\/2023\/07\/logo-blanc-camping-les-champs-blancs.webp","contentUrl":"https:\/\/www.champsblancstest.geek-tonic.dev\/wp-content\/uploads\/2023\/07\/logo-blanc-camping-les-champs-blancs.webp","width":821,"height":657,"caption":"Les Champs Blancs"},"image":{"@id":"https:\/\/www.champsblancstest.geek-tonic.dev\/fr\/#\/schema\/logo\/image\/"}}]}},"_links":{"self":[{"href":"https:\/\/www.champsblancstest.geek-tonic.dev\/de\/wp-json\/wp\/v2\/pages\/10801","targetHints":{"allow":["GET"]}}],"collection":[{"href":"https:\/\/www.champsblancstest.geek-tonic.dev\/de\/wp-json\/wp\/v2\/pages"}],"about":[{"href":"https:\/\/www.champsblancstest.geek-tonic.dev\/de\/wp-json\/wp\/v2\/types\/page"}],"author":[{"embeddable":true,"href":"https:\/\/www.champsblancstest.geek-tonic.dev\/de\/wp-json\/wp\/v2\/users\/1"}],"replies":[{"embeddable":true,"href":"https:\/\/www.champsblancstest.geek-tonic.dev\/de\/wp-json\/wp\/v2\/comments?post=10801"}],"version-history":[{"count":3,"href":"https:\/\/www.champsblancstest.geek-tonic.dev\/de\/wp-json\/wp\/v2\/pages\/10801\/revisions"}],"predecessor-version":[{"id":11356,"href":"https:\/\/www.champsblancstest.geek-tonic.dev\/de\/wp-json\/wp\/v2\/pages\/10801\/revisions\/11356"}],"wp:featuredmedia":[{"embeddable":true,"href":"https:\/\/www.champsblancstest.geek-tonic.dev\/de\/wp-json\/wp\/v2\/media\/9927"}],"wp:attachment":[{"href":"https:\/\/www.champsblancstest.geek-tonic.dev\/de\/wp-json\/wp\/v2\/media?parent=10801"}],"wp:term":[{"taxonomy":"sujet","embeddable":true,"href":"https:\/\/www.champsblancstest.geek-tonic.dev\/de\/wp-json\/wp\/v2\/sujet?post=10801"}],"curies":[{"name":"wp","href":"https:\/\/api.w.org\/{rel}","templated":true}]}}