{"id":11110,"date":"2023-10-24T16:15:53","date_gmt":"2023-10-24T14:15:53","guid":{"rendered":"https:\/\/www.champsblancstest.geek-tonic.dev\/petit-camping\/"},"modified":"2023-10-26T16:39:56","modified_gmt":"2023-10-26T14:39:56","slug":"kleiner-campingplatz","status":"publish","type":"page","link":"https:\/\/www.champsblancstest.geek-tonic.dev\/de\/kleiner-campingplatz\/","title":{"rendered":"Kleiner Campingplatz"},"content":{"rendered":"<section id=\"ls-section-block_078964dbd16370dddffc131289c7cabe\" class=\"ls-section  home-first page-one\" >\n        <div class=\"container container--full\">\n        \n\n<div class=\"wp-block-columns are-vertically-aligned-center is-layout-flex wp-container-core-columns-is-layout-9d6595d7 wp-block-columns-is-layout-flex\">\n<div class=\"wp-block-column is-vertically-aligned-center is-layout-flow wp-block-column-is-layout-flow\" style=\"flex-basis:53%\">\n<figure class=\"wp-block-gallery has-nested-images columns-default is-cropped animated fadeInLeft slow wp-block-gallery-1 is-layout-flex wp-block-gallery-is-layout-flex\">\n<figure class=\"wp-block-image size-full\"><a href=\"https:\/\/www.champsblancstest.geek-tonic.dev\/wp-content\/uploads\/2023\/09\/camping-piscines-cap-agde-herault-scaled.webp\"><img decoding=\"async\" width=\"2560\" height=\"1843\" data-id=\"9269\" src=\"https:\/\/www.champsblancstest.geek-tonic.dev\/wp-content\/uploads\/2023\/09\/camping-piscines-cap-agde-herault-scaled.webp\" alt=\"camping pools cap agde herault\" class=\"wp-image-9269\" srcset=\"https:\/\/www.champsblancstest.geek-tonic.dev\/wp-content\/uploads\/2023\/09\/camping-piscines-cap-agde-herault-scaled.webp 2560w, https:\/\/www.champsblancstest.geek-tonic.dev\/wp-content\/uploads\/2023\/09\/camping-piscines-cap-agde-herault-300x216.webp 300w, https:\/\/www.champsblancstest.geek-tonic.dev\/wp-content\/uploads\/2023\/09\/camping-piscines-cap-agde-herault-1024x737.webp 1024w, https:\/\/www.champsblancstest.geek-tonic.dev\/wp-content\/uploads\/2023\/09\/camping-piscines-cap-agde-herault-768x553.webp 768w, https:\/\/www.champsblancstest.geek-tonic.dev\/wp-content\/uploads\/2023\/09\/camping-piscines-cap-agde-herault-1536x1106.webp 1536w, https:\/\/www.champsblancstest.geek-tonic.dev\/wp-content\/uploads\/2023\/09\/camping-piscines-cap-agde-herault-2048x1474.webp 2048w\" sizes=\"(max-width: 2560px) 100vw, 2560px\" \/><\/a><\/figure>\n<\/figure>\n<\/div>\n\n\n\n<div class=\"wp-block-column is-vertically-aligned-center is-layout-flow wp-block-column-is-layout-flow\" style=\"flex-basis:47%\">\n<h1 class=\"ls__heading wp-block-heading\">Urlaub auf einem kleinen Campingplatz in Cap d&#8217;Agde<\/h1>\n\n\n\n<p class=\"ls-paragraph\">Sehnen Sie sich in Ihrem n\u00e4chsten Urlaub nach Entspannung und Erholung? Buchen Sie Ihren Stellplatz oder Ihr Mobilheim auf <a href=\"https:\/\/www.champsblancstest.geek-tonic.dev\/de\/\">einem Familiencampingplatz in Cap d&#8217;Agde<\/a>, der ideal in der N\u00e4he der Str\u00e4nde gelegen ist und \u00fcber einen sch\u00f6nen Wasserpark verf\u00fcgt.<\/p>\n<\/div>\n<\/div>\n\n\n    <\/div>\n<\/section><section id=\"ls-section-block_85285679b63f4ca854c01e221224761f\" class=\"ls-section  home-first page-two\" >\n        <div class=\"container container--full\">\n        \n\n<div class=\"wp-block-columns are-vertically-aligned-center is-layout-flex wp-container-core-columns-is-layout-9d6595d7 wp-block-columns-is-layout-flex\">\n<div class=\"wp-block-column is-vertically-aligned-center is-layout-flow wp-block-column-is-layout-flow\" style=\"flex-basis:47%\">\n<h2 class=\"ls__heading wp-block-heading\">LES CHAMPS BLANCS, EIN KLEINER CAMPINGPLATZ IN AGDE<\/h2>\n\n\n\n<p class=\"ls-paragraph\"><strong>Der kleine Campingplatz Les Champs Blancs<\/strong> empf\u00e4ngt Sie in Cap d&#8217;Agde in einer famili\u00e4ren Atmosph\u00e4re f\u00fcr einen erholsamen Urlaub am Mittelmeer. M\u00f6gen Sie traditionelle Campingpl\u00e4tze, charmante Chalets oder moderne Mobilheime? Les Champs Blancs bietet Ihnen eine vielf\u00e4ltige Auswahl an Unterk\u00fcnften in einer \u00fcberschaubaren Anlage rund um <a href=\"https:\/\/www.champsblancstest.geek-tonic.dev\/de\/campingplatz-badelandschaft-cap-agde\/\">einen sch\u00f6nen Wasserpark mit beheizten Schwimmb\u00e4dern und Rutschen.<\/a> Nur wenige Minuten mit dem Fahrrad von den Str\u00e4nden und den Sehensw\u00fcrdigkeiten von Cap d&#8217;Agde entfernt, genie\u00dfen Sie den Charme <strong>eines kleinen Campingplatzes<\/strong> mit herzlichem Empfang! Gesellige Abende, privilegierte Dienstleistungen und eine freundliche Atmosph\u00e4re machen Ihren Urlaub in Cap d&#8217;Agde zu einer revitalisierenden Auszeit. <strong>Der kleine Campingplatz Champs Blancs<\/strong> ist ideal f\u00fcr einen Familienurlaub im Departement H\u00e9rault und h\u00e4lt viele \u00dcberraschungen f\u00fcr Ihre Kinder bereit.<\/p>\n<\/div>\n\n\n\n<div class=\"wp-block-column is-vertically-aligned-center is-layout-flow wp-block-column-is-layout-flow\" style=\"flex-basis:53%\">\n<figure class=\"wp-block-gallery has-nested-images columns-default is-cropped animated fadeInRight slow delay-200ms wp-block-gallery-2 is-layout-flex wp-block-gallery-is-layout-flex\">\n<figure class=\"wp-block-image size-large\"><a href=\"https:\/\/www.champsblancstest.geek-tonic.dev\/wp-content\/uploads\/2023\/09\/petit-camping-avec-parc-aquatique-scaled.webp\"><img decoding=\"async\" width=\"1024\" height=\"683\" data-id=\"9409\" src=\"https:\/\/www.champsblancstest.geek-tonic.dev\/wp-content\/uploads\/2023\/09\/petit-camping-avec-parc-aquatique-1024x683.webp\" alt=\"kleiner Campingplatz mit Wasserpark\" class=\"wp-image-9409\" srcset=\"https:\/\/www.champsblancstest.geek-tonic.dev\/wp-content\/uploads\/2023\/09\/petit-camping-avec-parc-aquatique-1024x683.webp 1024w, https:\/\/www.champsblancstest.geek-tonic.dev\/wp-content\/uploads\/2023\/09\/petit-camping-avec-parc-aquatique-300x200.webp 300w, https:\/\/www.champsblancstest.geek-tonic.dev\/wp-content\/uploads\/2023\/09\/petit-camping-avec-parc-aquatique-768x512.webp 768w, https:\/\/www.champsblancstest.geek-tonic.dev\/wp-content\/uploads\/2023\/09\/petit-camping-avec-parc-aquatique-1536x1024.webp 1536w, https:\/\/www.champsblancstest.geek-tonic.dev\/wp-content\/uploads\/2023\/09\/petit-camping-avec-parc-aquatique-2048x1365.webp 2048w\" sizes=\"(max-width: 1024px) 100vw, 1024px\" \/><\/a><\/figure>\n<\/figure>\n<\/div>\n<\/div>\n\n\n    <\/div>\n<\/section><section id=\"ls-section-block_66c818f4ebb78ad526db0bfdea747f4e\" class=\"ls-section  home-sixth page-three has-background-image has-parallax-child\" >\n    <div class=\"ls-section__background-image opacity-100\"><img decoding=\"async\" src=\"https:\/\/www.champsblancstest.geek-tonic.dev\/wp-content\/uploads\/2023\/09\/location-mobil-home-petit-camping-scaled.webp\" alt=\"vermietung mobilheim kleiner campingplatz\"><\/div>    <div class=\"container container--wide\">\n        \n\n<div class=\"wp-block-columns are-vertically-aligned-center is-layout-flex wp-container-core-columns-is-layout-9d6595d7 wp-block-columns-is-layout-flex\">\n<div class=\"wp-block-column is-vertically-aligned-center wp-block-column__text animated fadeInUp delay-100ms slow is-layout-flow wp-block-column-is-layout-flow\" style=\"flex-basis:66.66%\">\n<h2 class=\"ls__heading wp-block-heading\">EIN MOBILHEIM AUF UNSEREM VERTRAULICHEN CAMPINGPLATZ IN CAP D&#8217;AGDE MIETEN<\/h2>\n\n\n\n<p class=\"ls-paragraph\">Wie w\u00e4re es, wenn Sie f\u00fcr Ihren n\u00e4chsten Urlaub am Meer ein Mobilheim auf dem <strong>kleinen Campingplatz Champs Blancs in Cap d&#8217;Agde<\/strong> mieten w\u00fcrden? Das Familienunternehmen bietet Ihnen einen 5-Sterne-Aufenthalt nur wenige Minuten von den Str\u00e4nden entfernt in einer Mietunterkunft Ihrer Wahl: von  <a href=\"https:\/\/www.champsblancstest.geek-tonic.dev\/de\/unterkunfte-mobilheime-cap-agde\/\">Standard-Mobilheime<\/a>Sie k\u00f6nnen zwischen klimatisierten und Premium-Mobilheimen mit 2 oder 3 Schlafzimmern f\u00fcr 4 bis 6 Personen, Luxus-Mobilheimen mit eigenem Jacuzzi und XXL-Mobilheimen f\u00fcr 8 Personen sowie klassischen oder klimatisierten Holzchalets w\u00e4hlen. Les Champs Blancs ist <strong>ein kleiner Campingplatz<\/strong>, der allen Urlaubern eine ma\u00dfgeschneiderte Art der Unterbringung bietet. Duos und Paare, kleine und gro\u00dfe Familien, Gruppen von Freunden, kleine Budgets und Anh\u00e4nger des Luxusurlaubs: Jeder findet in dieser famili\u00e4ren und geselligen Einrichtung das Mietobjekt, das seinen Erwartungen entspricht.<\/p>\n<\/div>\n\n\n\n<div class=\"wp-block-column is-vertically-aligned-center is-layout-flow wp-block-column-is-layout-flow\" style=\"flex-basis:33.33%\">\n<div id=\"ls-heading ls-titre-div-block_8d16126c830fe792531f0c20aaf2d97b\" class=\"ls-titre-div h1-like\" >\n    Ihr Urlaub<br><strong>  in der Familie<\/strong><\/div>\n<\/div>\n<\/div>\n\n\n    <\/div>\n<\/section><section id=\"ls-section-block_078964dbd16370dddffc131289c7cabe\" class=\"ls-section  home-first page-one\" >\n        <div class=\"container container--full\">\n        \n\n<div class=\"wp-block-columns are-vertically-aligned-center is-layout-flex wp-container-core-columns-is-layout-9d6595d7 wp-block-columns-is-layout-flex\">\n<div class=\"wp-block-column is-vertically-aligned-center is-layout-flow wp-block-column-is-layout-flow\" style=\"flex-basis:53%\">\n<figure class=\"wp-block-gallery has-nested-images columns-default is-cropped animated fadeInLeft slow wp-block-gallery-3 is-layout-flex wp-block-gallery-is-layout-flex\">\n<figure class=\"wp-block-image size-large\"><a href=\"https:\/\/www.champsblancstest.geek-tonic.dev\/wp-content\/uploads\/2023\/09\/petit-camping-agde-scaled.webp\"><img decoding=\"async\" width=\"1024\" height=\"545\" data-id=\"9394\" src=\"https:\/\/www.champsblancstest.geek-tonic.dev\/wp-content\/uploads\/2023\/09\/petit-camping-agde-1024x545.webp\" alt=\"kleiner campingplatz agde\" class=\"wp-image-9394\" srcset=\"https:\/\/www.champsblancstest.geek-tonic.dev\/wp-content\/uploads\/2023\/09\/petit-camping-agde-1024x545.webp 1024w, https:\/\/www.champsblancstest.geek-tonic.dev\/wp-content\/uploads\/2023\/09\/petit-camping-agde-300x160.webp 300w, https:\/\/www.champsblancstest.geek-tonic.dev\/wp-content\/uploads\/2023\/09\/petit-camping-agde-768x408.webp 768w, https:\/\/www.champsblancstest.geek-tonic.dev\/wp-content\/uploads\/2023\/09\/petit-camping-agde-1536x817.webp 1536w, https:\/\/www.champsblancstest.geek-tonic.dev\/wp-content\/uploads\/2023\/09\/petit-camping-agde-2048x1089.webp 2048w\" sizes=\"(max-width: 1024px) 100vw, 1024px\" \/><\/a><\/figure>\n<\/figure>\n<\/div>\n\n\n\n<div class=\"wp-block-column is-vertically-aligned-center is-layout-flow wp-block-column-is-layout-flow\" style=\"flex-basis:47%\">\n<h2 class=\"ls__heading wp-block-heading\">VERF\u00dcGBARE WOHNWAGENPL\u00c4TZE AUF UNSEREM FAMILIENCAMPINGPLATZ IN AGDE<\/h2>\n\n\n\n<p class=\"ls-paragraph\">Sie m\u00f6gen traditionelles Camping und suchen f\u00fcr Ihren Urlaub in Cap d&#8217;Agde <strong>einen vertraulichen Campingclub<\/strong>, der gem\u00fctlicher ist als die gro\u00dfen Feriend\u00f6rfer des Ortes? <strong>Der kleine 5-Sterne-Campingplatz Les Champs Blancs<\/strong> wird Sie mit seinen halbschattigen Stellpl\u00e4tzen, die in einer ruhigen und gr\u00fcnen Umgebung angelegt sind, begeistern. Hier k\u00f6nnen Sie einen erholsamen Urlaub in absoluter Privatsph\u00e4re genie\u00dfen, denn die sch\u00f6nen Hecken grenzen jede Parzelle ab und machen sie so zu echten kleinen Privatg\u00e4rten. Ob im Zelt, im Wohnwagen oder im Wohnmobil, auf <strong>unserem kleinen Campingplatz<\/strong> in <strong>Cap d&#8217;Agde<\/strong> genie\u00dfen Sie das Gef\u00fchl von Urlaub in der Natur. Sie lieben den Charme des Campings, wissen aber auch den besten Komfort zu sch\u00e4tzen? <a href=\"https:\/\/www.champsblancstest.geek-tonic.dev\/de\/premium-campingurlaub-agde\/\">Unsere Premium-Stellpl\u00e4tze sind mit privaten Sanit\u00e4ranlagen ausgestattet <\/a>: ideal f\u00fcr einen Aufenthalt im Gr\u00fcnen unter den angenehmsten Bedingungen.<\/p>\n<\/div>\n<\/div>\n\n\n    <\/div>\n<\/section><section id=\"ls-section-block_abfce0d9baa456b08a6875b73566b99d\" class=\"ls-section  page-four animated fadeInUp slow delay-100ms\" >\n        <div class=\"container container--wide\">\n        \n\n<div id=\"ls-heading ls-titre-div-block_1039f53f3d92c0c10fc9af2411885e34\" class=\"ls-titre-div aligncenter h2-like\" >\n    Entdecken Sie unsere anderen Dienstleistungen<\/div>\n\n\n<div id=\"ls-maillage-block_0de1f6e0c63b0cb2eef15f1e7bcd1afa\" class=\"ls-maillage cta-style-normal\" data-rows=\"3\">\n    <div class=\"wp-block-columns\"><div class=\"wp-block-column\"><div class=\"ls-cta\">\n\n<a href=\"https:\/\/www.champsblancstest.geek-tonic.dev\/de\/campingplatz-am-meer-cap-agde\/\" target=\"\" rel=\"noopener\" class=\"ls-cta__link\">\n\n\t<div class=\"ls-cta__image\"><img decoding=\"async\" src=\"https:\/\/www.champsblancstest.geek-tonic.dev\/wp-content\/uploads\/2023\/09\/camping-mer-plage-agde6-1-768x356.webp\" alt=\"camping meer strand agde6\"><\/div>\n\t<div class=\"ls-cta__title\">\n\t\t<span class=\"champs-blancs-coin-droit\"><\/span>\n\t\tMeeresufer\t\t<span class=\"champs-blancs-arrow-down\"><\/span>\n\t<\/div>\n\n\t\n<\/a><\/div><\/div><div class=\"wp-block-column\"><div class=\"ls-cta\">\n\n<a href=\"https:\/\/www.champsblancstest.geek-tonic.dev\/de\/premium-campingurlaub-agde\/\" target=\"\" rel=\"noopener\" class=\"ls-cta__link\">\n\n\t<div class=\"ls-cta__image\"><img decoding=\"async\" src=\"https:\/\/www.champsblancstest.geek-tonic.dev\/wp-content\/uploads\/2023\/09\/sanitaire-prive-emplacement-camping-agde.webp\" alt=\"private sanit\u00e4ranlage campingplatz agde\"><\/div>\n\t<div class=\"ls-cta__title\">\n\t\t<span class=\"champs-blancs-coin-droit\"><\/span>\n\t\tPremium-Pl\u00e4tze\t\t<span class=\"champs-blancs-arrow-down\"><\/span>\n\t<\/div>\n\n\t\n<\/a><\/div><\/div><div class=\"wp-block-column\"><div class=\"ls-cta\">\n\n<a href=\"https:\/\/www.champsblancstest.geek-tonic.dev\/de\/unterkunfte-mobilheime-cap-agde\/\" target=\"\" rel=\"noopener\" class=\"ls-cta__link\">\n\n\t<div class=\"ls-cta__image\"><img decoding=\"async\" src=\"https:\/\/www.champsblancstest.geek-tonic.dev\/wp-content\/uploads\/2023\/09\/location-vacances-cap-agde-768x463.webp\" alt=\"vermietung von ferien cap agde\"><\/div>\n\t<div class=\"ls-cta__title\">\n\t\t<span class=\"champs-blancs-coin-droit\"><\/span>\n\t\tMobil Home\t\t<span class=\"champs-blancs-arrow-down\"><\/span>\n\t<\/div>\n\n\t\n<\/a><\/div><\/div><\/div><\/div>\n\n    <\/div>\n<\/section>","protected":false},"excerpt":{"rendered":"","protected":false},"author":1,"featured_media":9429,"parent":0,"menu_order":0,"comment_status":"closed","ping_status":"closed","template":"","meta":{"_acf_changed":false,"footnotes":""},"sujet":[],"class_list":["post-11110","page","type-page","status-publish","has-post-thumbnail","hentry"],"acf":[],"yoast_head":"<!-- This site is optimized with the Yoast SEO plugin v22.6 - https:\/\/yoast.com\/wordpress\/plugins\/seo\/ -->\n<title>Kleiner Campingplatz in Cap d&#039;Agde: Vertraulicher Aufenthalt in einem kleinen Campingplatz in Agde<\/title>\n<meta name=\"robots\" content=\"noindex, follow, max-snippet:-1, max-image-preview:large, max-video-preview:-1\" \/>\n<meta property=\"og:locale\" content=\"de_DE\" \/>\n<meta property=\"og:type\" content=\"article\" \/>\n<meta property=\"og:title\" content=\"Kleiner Campingplatz in Cap d&#039;Agde: Vertraulicher Aufenthalt in einem kleinen Campingplatz in Agde\" \/>\n<meta property=\"og:url\" content=\"https:\/\/www.champsblancstest.geek-tonic.dev\/fr\/petit-camping\/\" \/>\n<meta property=\"og:site_name\" content=\"Les Champs Blancs\" \/>\n<meta property=\"article:modified_time\" content=\"2023-10-26T14:39:56+00:00\" \/>\n<meta property=\"og:image\" content=\"https:\/\/www.champsblancstest.geek-tonic.dev\/wp-content\/uploads\/2023\/09\/petit-camping-familial-herault.webp\" \/>\n\t<meta property=\"og:image:width\" content=\"2560\" \/>\n\t<meta property=\"og:image:height\" content=\"1920\" \/>\n\t<meta property=\"og:image:type\" content=\"image\/webp\" \/>\n<meta name=\"twitter:card\" content=\"summary_large_image\" \/>\n<meta name=\"twitter:label1\" content=\"Gesch\u00e4tzte Lesezeit\" \/>\n\t<meta name=\"twitter:data1\" content=\"2\u00a0Minuten\" \/>\n<script type=\"application\/ld+json\" class=\"yoast-schema-graph\">{\"@context\":\"https:\/\/schema.org\",\"@graph\":[{\"@type\":\"WebPage\",\"@id\":\"https:\/\/www.champsblancstest.geek-tonic.dev\/fr\/petit-camping\/\",\"url\":\"https:\/\/www.champsblancstest.geek-tonic.dev\/fr\/petit-camping\/\",\"name\":\"Kleiner Campingplatz in Cap d'Agde: Vertraulicher Aufenthalt in einem kleinen Campingplatz in Agde\",\"isPartOf\":{\"@id\":\"https:\/\/www.champsblancstest.geek-tonic.dev\/fr\/#website\"},\"primaryImageOfPage\":{\"@id\":\"https:\/\/www.champsblancstest.geek-tonic.dev\/fr\/petit-camping\/#primaryimage\"},\"image\":{\"@id\":\"https:\/\/www.champsblancstest.geek-tonic.dev\/fr\/petit-camping\/#primaryimage\"},\"thumbnailUrl\":\"https:\/\/www.champsblancstest.geek-tonic.dev\/wp-content\/uploads\/2023\/09\/petit-camping-familial-herault.webp\",\"datePublished\":\"2023-10-24T14:15:53+00:00\",\"dateModified\":\"2023-10-26T14:39:56+00:00\",\"breadcrumb\":{\"@id\":\"https:\/\/www.champsblancstest.geek-tonic.dev\/fr\/petit-camping\/#breadcrumb\"},\"inLanguage\":\"de\",\"potentialAction\":[{\"@type\":\"ReadAction\",\"target\":[\"https:\/\/www.champsblancstest.geek-tonic.dev\/fr\/petit-camping\/\"]}]},{\"@type\":\"ImageObject\",\"inLanguage\":\"de\",\"@id\":\"https:\/\/www.champsblancstest.geek-tonic.dev\/fr\/petit-camping\/#primaryimage\",\"url\":\"https:\/\/www.champsblancstest.geek-tonic.dev\/wp-content\/uploads\/2023\/09\/petit-camping-familial-herault.webp\",\"contentUrl\":\"https:\/\/www.champsblancstest.geek-tonic.dev\/wp-content\/uploads\/2023\/09\/petit-camping-familial-herault.webp\",\"width\":2560,\"height\":1920,\"caption\":\"kleiner familiencampingplatz h\u00e9rault\"},{\"@type\":\"BreadcrumbList\",\"@id\":\"https:\/\/www.champsblancstest.geek-tonic.dev\/fr\/petit-camping\/#breadcrumb\",\"itemListElement\":[{\"@type\":\"ListItem\",\"position\":1,\"name\":\"Campingplatz Cap d'Agde\",\"item\":\"https:\/\/www.champsblancstest.geek-tonic.dev\/fr\/\"},{\"@type\":\"ListItem\",\"position\":2,\"name\":\"Kleiner Campingplatz in Cap d'Agde\"}]},{\"@type\":\"WebSite\",\"@id\":\"https:\/\/www.champsblancstest.geek-tonic.dev\/fr\/#website\",\"url\":\"https:\/\/www.champsblancstest.geek-tonic.dev\/fr\/\",\"name\":\"Les Champs Blancs\",\"description\":\"\",\"publisher\":{\"@id\":\"https:\/\/www.champsblancstest.geek-tonic.dev\/fr\/#organization\"},\"potentialAction\":[{\"@type\":\"SearchAction\",\"target\":{\"@type\":\"EntryPoint\",\"urlTemplate\":\"https:\/\/www.champsblancstest.geek-tonic.dev\/fr\/?s={search_term_string}\"},\"query-input\":\"required name=search_term_string\"}],\"inLanguage\":\"de\"},{\"@type\":\"Organization\",\"@id\":\"https:\/\/www.champsblancstest.geek-tonic.dev\/fr\/#organization\",\"name\":\"Les Champs Blancs\",\"url\":\"https:\/\/www.champsblancstest.geek-tonic.dev\/fr\/\",\"logo\":{\"@type\":\"ImageObject\",\"inLanguage\":\"de\",\"@id\":\"https:\/\/www.champsblancstest.geek-tonic.dev\/fr\/#\/schema\/logo\/image\/\",\"url\":\"https:\/\/www.champsblancstest.geek-tonic.dev\/wp-content\/uploads\/2023\/07\/logo-blanc-camping-les-champs-blancs.webp\",\"contentUrl\":\"https:\/\/www.champsblancstest.geek-tonic.dev\/wp-content\/uploads\/2023\/07\/logo-blanc-camping-les-champs-blancs.webp\",\"width\":821,\"height\":657,\"caption\":\"Les Champs Blancs\"},\"image\":{\"@id\":\"https:\/\/www.champsblancstest.geek-tonic.dev\/fr\/#\/schema\/logo\/image\/\"}}]}<\/script>\n<!-- \/ Yoast SEO plugin. -->","yoast_head_json":{"title":"Kleiner Campingplatz in Cap d'Agde: Vertraulicher Aufenthalt in einem kleinen Campingplatz in Agde","robots":{"index":"noindex","follow":"follow","max-snippet":"max-snippet:-1","max-image-preview":"max-image-preview:large","max-video-preview":"max-video-preview:-1"},"og_locale":"de_DE","og_type":"article","og_title":"Kleiner Campingplatz in Cap d'Agde: Vertraulicher Aufenthalt in einem kleinen Campingplatz in Agde","og_url":"https:\/\/www.champsblancstest.geek-tonic.dev\/fr\/petit-camping\/","og_site_name":"Les Champs Blancs","article_modified_time":"2023-10-26T14:39:56+00:00","og_image":[{"width":2560,"height":1920,"url":"https:\/\/www.champsblancstest.geek-tonic.dev\/wp-content\/uploads\/2023\/09\/petit-camping-familial-herault.webp","type":"image\/webp"}],"twitter_card":"summary_large_image","twitter_misc":{"Gesch\u00e4tzte Lesezeit":"2\u00a0Minuten"},"schema":{"@context":"https:\/\/schema.org","@graph":[{"@type":"WebPage","@id":"https:\/\/www.champsblancstest.geek-tonic.dev\/fr\/petit-camping\/","url":"https:\/\/www.champsblancstest.geek-tonic.dev\/fr\/petit-camping\/","name":"Kleiner Campingplatz in Cap d'Agde: Vertraulicher Aufenthalt in einem kleinen Campingplatz in Agde","isPartOf":{"@id":"https:\/\/www.champsblancstest.geek-tonic.dev\/fr\/#website"},"primaryImageOfPage":{"@id":"https:\/\/www.champsblancstest.geek-tonic.dev\/fr\/petit-camping\/#primaryimage"},"image":{"@id":"https:\/\/www.champsblancstest.geek-tonic.dev\/fr\/petit-camping\/#primaryimage"},"thumbnailUrl":"https:\/\/www.champsblancstest.geek-tonic.dev\/wp-content\/uploads\/2023\/09\/petit-camping-familial-herault.webp","datePublished":"2023-10-24T14:15:53+00:00","dateModified":"2023-10-26T14:39:56+00:00","breadcrumb":{"@id":"https:\/\/www.champsblancstest.geek-tonic.dev\/fr\/petit-camping\/#breadcrumb"},"inLanguage":"de","potentialAction":[{"@type":"ReadAction","target":["https:\/\/www.champsblancstest.geek-tonic.dev\/fr\/petit-camping\/"]}]},{"@type":"ImageObject","inLanguage":"de","@id":"https:\/\/www.champsblancstest.geek-tonic.dev\/fr\/petit-camping\/#primaryimage","url":"https:\/\/www.champsblancstest.geek-tonic.dev\/wp-content\/uploads\/2023\/09\/petit-camping-familial-herault.webp","contentUrl":"https:\/\/www.champsblancstest.geek-tonic.dev\/wp-content\/uploads\/2023\/09\/petit-camping-familial-herault.webp","width":2560,"height":1920,"caption":"kleiner familiencampingplatz h\u00e9rault"},{"@type":"BreadcrumbList","@id":"https:\/\/www.champsblancstest.geek-tonic.dev\/fr\/petit-camping\/#breadcrumb","itemListElement":[{"@type":"ListItem","position":1,"name":"Campingplatz Cap d'Agde","item":"https:\/\/www.champsblancstest.geek-tonic.dev\/fr\/"},{"@type":"ListItem","position":2,"name":"Kleiner Campingplatz in Cap d'Agde"}]},{"@type":"WebSite","@id":"https:\/\/www.champsblancstest.geek-tonic.dev\/fr\/#website","url":"https:\/\/www.champsblancstest.geek-tonic.dev\/fr\/","name":"Les Champs Blancs","description":"","publisher":{"@id":"https:\/\/www.champsblancstest.geek-tonic.dev\/fr\/#organization"},"potentialAction":[{"@type":"SearchAction","target":{"@type":"EntryPoint","urlTemplate":"https:\/\/www.champsblancstest.geek-tonic.dev\/fr\/?s={search_term_string}"},"query-input":"required name=search_term_string"}],"inLanguage":"de"},{"@type":"Organization","@id":"https:\/\/www.champsblancstest.geek-tonic.dev\/fr\/#organization","name":"Les Champs Blancs","url":"https:\/\/www.champsblancstest.geek-tonic.dev\/fr\/","logo":{"@type":"ImageObject","inLanguage":"de","@id":"https:\/\/www.champsblancstest.geek-tonic.dev\/fr\/#\/schema\/logo\/image\/","url":"https:\/\/www.champsblancstest.geek-tonic.dev\/wp-content\/uploads\/2023\/07\/logo-blanc-camping-les-champs-blancs.webp","contentUrl":"https:\/\/www.champsblancstest.geek-tonic.dev\/wp-content\/uploads\/2023\/07\/logo-blanc-camping-les-champs-blancs.webp","width":821,"height":657,"caption":"Les Champs Blancs"},"image":{"@id":"https:\/\/www.champsblancstest.geek-tonic.dev\/fr\/#\/schema\/logo\/image\/"}}]}},"_links":{"self":[{"href":"https:\/\/www.champsblancstest.geek-tonic.dev\/de\/wp-json\/wp\/v2\/pages\/11110","targetHints":{"allow":["GET"]}}],"collection":[{"href":"https:\/\/www.champsblancstest.geek-tonic.dev\/de\/wp-json\/wp\/v2\/pages"}],"about":[{"href":"https:\/\/www.champsblancstest.geek-tonic.dev\/de\/wp-json\/wp\/v2\/types\/page"}],"author":[{"embeddable":true,"href":"https:\/\/www.champsblancstest.geek-tonic.dev\/de\/wp-json\/wp\/v2\/users\/1"}],"replies":[{"embeddable":true,"href":"https:\/\/www.champsblancstest.geek-tonic.dev\/de\/wp-json\/wp\/v2\/comments?post=11110"}],"version-history":[{"count":1,"href":"https:\/\/www.champsblancstest.geek-tonic.dev\/de\/wp-json\/wp\/v2\/pages\/11110\/revisions"}],"predecessor-version":[{"id":11111,"href":"https:\/\/www.champsblancstest.geek-tonic.dev\/de\/wp-json\/wp\/v2\/pages\/11110\/revisions\/11111"}],"wp:featuredmedia":[{"embeddable":true,"href":"https:\/\/www.champsblancstest.geek-tonic.dev\/de\/wp-json\/wp\/v2\/media\/9429"}],"wp:attachment":[{"href":"https:\/\/www.champsblancstest.geek-tonic.dev\/de\/wp-json\/wp\/v2\/media?parent=11110"}],"wp:term":[{"taxonomy":"sujet","embeddable":true,"href":"https:\/\/www.champsblancstest.geek-tonic.dev\/de\/wp-json\/wp\/v2\/sujet?post=11110"}],"curies":[{"name":"wp","href":"https:\/\/api.w.org\/{rel}","templated":true}]}}