{"id":10626,"date":"2023-10-19T12:09:01","date_gmt":"2023-10-19T10:09:01","guid":{"rendered":"https:\/\/www.champsblancstest.geek-tonic.dev\/agde\/"},"modified":"2024-01-17T12:31:39","modified_gmt":"2024-01-17T11:31:39","slug":"agde","status":"publish","type":"page","link":"https:\/\/www.champsblancstest.geek-tonic.dev\/en\/herault\/agde\/","title":{"rendered":"Agde"},"content":{"rendered":"<section id=\"ls-section-block_2aa64c796d372a2dd1e41af34a84cdbd\" class=\"ls-section  home-first page-one\" >\n        <div class=\"container container--full\">\n        \n\n<div class=\"wp-block-columns are-vertically-aligned-center is-layout-flex wp-container-core-columns-is-layout-9d6595d7 wp-block-columns-is-layout-flex\">\n<div class=\"wp-block-column is-vertically-aligned-center is-layout-flow wp-block-column-is-layout-flow\" style=\"flex-basis:53%\">\n<figure class=\"wp-block-gallery has-nested-images columns-default is-cropped animated fadeInLeft slow wp-block-gallery-1 is-layout-flex wp-block-gallery-is-layout-flex\">\n<figure class=\"wp-block-image size-full\"><a href=\"https:\/\/www.champsblancstest.geek-tonic.dev\/wp-content\/uploads\/2023\/09\/camping-agde-3-scaled.webp\"><img decoding=\"async\" width=\"2560\" height=\"1707\" data-id=\"9040\" src=\"https:\/\/www.champsblancstest.geek-tonic.dev\/wp-content\/uploads\/2023\/09\/camping-agde-3-scaled.webp\" alt=\"camping agde 3\" class=\"wp-image-9040\" srcset=\"https:\/\/www.champsblancstest.geek-tonic.dev\/wp-content\/uploads\/2023\/09\/camping-agde-3-scaled.webp 2560w, https:\/\/www.champsblancstest.geek-tonic.dev\/wp-content\/uploads\/2023\/09\/camping-agde-3-300x200.webp 300w, https:\/\/www.champsblancstest.geek-tonic.dev\/wp-content\/uploads\/2023\/09\/camping-agde-3-1024x683.webp 1024w, https:\/\/www.champsblancstest.geek-tonic.dev\/wp-content\/uploads\/2023\/09\/camping-agde-3-768x512.webp 768w, https:\/\/www.champsblancstest.geek-tonic.dev\/wp-content\/uploads\/2023\/09\/camping-agde-3-1536x1024.webp 1536w, https:\/\/www.champsblancstest.geek-tonic.dev\/wp-content\/uploads\/2023\/09\/camping-agde-3-2048x1365.webp 2048w\" sizes=\"(max-width: 2560px) 100vw, 2560px\" \/><\/a><\/figure>\n<\/figure>\n<\/div>\n\n\n\n<div class=\"wp-block-column is-vertically-aligned-center is-layout-flow wp-block-column-is-layout-flow\" style=\"flex-basis:47%\">\n<h1 class=\"ls__heading wp-block-heading\">Tourism in Agde<\/h1>\n\n\n\n<p class=\"ls-paragraph\">Founded over 2,500 years ago by the Phocaeans, Agde is distinguished by its <strong>fine monuments<\/strong> built in basalt stone. Although its seaside resort, Cap d&#8217;Agde, attracts most holidaymakers, the city of Agde has a lot to offer visitors who want to do more than just laze around and swim in the Mediterranean. Discover this during your stay in <strong>Agde<\/strong>.<\/p>\n\n\n\n<p class=\"ls-paragraph\">Prenez le temps de l\u2019explorer si vous vous demandez <a href=\"https:\/\/www.champsblancstest.geek-tonic.dev\/fr\/herault\/\">que faire en H\u00e9rault<\/a> pendant vos vacances, d\u2019autant plus que son <strong>centre historique<\/strong> se situe \u00e0 seulement 10 minutes \u00e0 pied du <a href=\"https:\/\/www.champsblancstest.geek-tonic.dev\/fr\/\">camping Agde<\/a> Les Champs Blancs.<\/p>\n<\/div>\n<\/div>\n\n\n    <\/div>\n<\/section><section id=\"ls-section-block_0d0549a4e560639ed48e519d1c0fb24e\" class=\"ls-section  home-first page-two\" >\n        <div class=\"container container--full\">\n        \n\n<div class=\"wp-block-columns are-vertically-aligned-center is-layout-flex wp-container-core-columns-is-layout-9d6595d7 wp-block-columns-is-layout-flex\">\n<div class=\"wp-block-column is-vertically-aligned-center is-layout-flow wp-block-column-is-layout-flow\" style=\"flex-basis:47%\">\n<h2 class=\"ls__heading wp-block-heading\">Agde, a remarkable cultural and natural heritage<\/h2>\n\n\n\n<p class=\"ls-paragraph\">Just stroll through the historic heart of this Occitan town of just 28,000 inhabitants and you&#8217;ll realize that it&#8217;s of <strong>great architectural interest<\/strong>. The town of Agde is dotted with well-preserved religious buildings, some of which are listed historic monuments, such as the Cathedral of Saint-Etienne, the Church of Saint-Sever, the Church of Saint-Andr\u00e9, the Church of Notre-Dame-du-Grau and the Chapel of l&#8217;Agenouillade. Learn more about the history of Agde during your stay in <strong>Agde tourism<\/strong>. The quays of the H\u00e9rault are a great place to take a family stroll after a water sports activity, especially after dark in summer.<\/p>\n\n\n\n<p class=\"ls-paragraph\">Agde&#8217;s cultural heritage also includes residences built between the 17th and 18th centuries, including the H\u00f4tel Malaval and the former bishop&#8217;s palace. The squares are adorned with <strong>beautiful fountains<\/strong>: Fountain of Napoleon, Fountain of the Republic and Belle Agathoise near the Esplanade&#8230;<\/p>\n\n\n\n<p class=\"ls-paragraph\">C\u00f4t\u00e9 nature, le <a href=\"https:\/\/www.champsblancstest.geek-tonic.dev\/fr\/articles\/decouvrir-le-canal-du-midi\/\">canal du Midi<\/a> est un lieu idyllique pour des <strong>promenades bucoliques \u00e0 pied ou en v\u00e9lo<\/strong> \u00e0 l\u2019ombre des platanes. La ville abrite plusieurs parcs et jardins ainsi qu\u2019un espace prot\u00e9g\u00e9, la r\u00e9serve naturelle du Bagnas au bord de l\u2019\u00e9tang de Thau.<\/p>\n<\/div>\n\n\n\n<div class=\"wp-block-column is-vertically-aligned-center is-layout-flow wp-block-column-is-layout-flow\" style=\"flex-basis:53%\">\n<figure class=\"wp-block-gallery has-nested-images columns-default is-cropped animated fadeInRight slow delay-200ms wp-block-gallery-2 is-layout-flex wp-block-gallery-is-layout-flex\">\n<figure class=\"wp-block-image size-full\"><a href=\"https:\/\/www.champsblancstest.geek-tonic.dev\/wp-content\/uploads\/2023\/09\/camping-agde-2-scaled.webp\"><img decoding=\"async\" width=\"2560\" height=\"1707\" data-id=\"9045\" src=\"https:\/\/www.champsblancstest.geek-tonic.dev\/wp-content\/uploads\/2023\/09\/camping-agde-2-scaled.webp\" alt=\"camping agde 2\" class=\"wp-image-9045\" srcset=\"https:\/\/www.champsblancstest.geek-tonic.dev\/wp-content\/uploads\/2023\/09\/camping-agde-2-scaled.webp 2560w, https:\/\/www.champsblancstest.geek-tonic.dev\/wp-content\/uploads\/2023\/09\/camping-agde-2-300x200.webp 300w, https:\/\/www.champsblancstest.geek-tonic.dev\/wp-content\/uploads\/2023\/09\/camping-agde-2-1024x683.webp 1024w, https:\/\/www.champsblancstest.geek-tonic.dev\/wp-content\/uploads\/2023\/09\/camping-agde-2-768x512.webp 768w, https:\/\/www.champsblancstest.geek-tonic.dev\/wp-content\/uploads\/2023\/09\/camping-agde-2-1536x1024.webp 1536w, https:\/\/www.champsblancstest.geek-tonic.dev\/wp-content\/uploads\/2023\/09\/camping-agde-2-2048x1365.webp 2048w\" sizes=\"(max-width: 2560px) 100vw, 2560px\" \/><\/a><\/figure>\n<\/figure>\n<\/div>\n<\/div>\n\n\n    <\/div>\n<\/section><section id=\"ls-section-block_2aa64c796d372a2dd1e41af34a84cdbd\" class=\"ls-section  home-first page-one\" >\n        <div class=\"container container--full\">\n        \n\n<div class=\"wp-block-columns are-vertically-aligned-center is-layout-flex wp-container-core-columns-is-layout-9d6595d7 wp-block-columns-is-layout-flex\">\n<div class=\"wp-block-column is-vertically-aligned-center is-layout-flow wp-block-column-is-layout-flow\" style=\"flex-basis:53%\"><p><iframe width=\"100%\" height=\"480\" src=\"https:\/\/www.youtube.com\/embed\/UcFPcEoApC0?si=8tSUVRbnLZq2-ZFC\" title=\"YouTube video player\" frameborder=\"0\" allow=\"accelerometer; autoplay; clipboard-write; encrypted-media; gyroscope; picture-in-picture; web-share\" allowfullscreen><\/iframe><\/p>\n<\/div>\n\n\n\n<div class=\"wp-block-column is-vertically-aligned-center is-layout-flow wp-block-column-is-layout-flow\" style=\"flex-basis:47%\">\n<h2 class=\"ls__heading wp-block-heading\">Top 5 things to see and do in Agde<\/h2>\n\n\n\n<ul class=\"ls-list wp-block-list\">\n<li><strong>Visit Saint-Etienne&#8217;s Cathedral<\/strong>: With its large fortifications, Agde&#8217;s most emblematic monument combines elements of a religious building and a fortified castle. The volcanic stone used in its construction comes from Mont Saint-Loup.<\/li>\n\n\n\n<li><strong>Take a cruise on the Canal du Midi<\/strong>: Several service providers offer river cruises on the Canal du Midi, a UNESCO World Heritage site. Aboard a boat or barge, you&#8217;ll pass through several locks, including the famous round lock, a listed historic monument.<\/li>\n<\/ul>\n\n\n\n<ul class=\"ls-list wp-block-list\">\n<li><strong>Attend a jousting tournament<\/strong>: Nautical combat is one of the central elements of Languedoc tradition. Tournaments are organized during the summer months in Agde and neighbouring towns.<br\/>Find out more about <a href=\"https:\/\/www.ville-agde.fr\/\" target=\"_blank\" rel=\"noreferrer noopener\">Agde<\/a>.<\/li>\n<\/ul>\n\n\n\n<ul class=\"ls-list wp-block-list\">\n<li><strong>Discover the Bagnas reserve<\/strong>: This 563-hectare wetland, which enjoys national nature reserve status, is a haven for migratory birds and other endangered species. Take a tour of the ponds and teach your children about the fragility of the ecosystems in front of them.<\/li>\n<\/ul>\n\n\n\n<ul class=\"ls-list wp-block-list\">\n<li><strong>Visit the Mus\u00e9e Jules-Baudou<\/strong>: This museum of fine arts and traditions from the H\u00e9rault region was set up in 1932 in a Renaissance-style town house. It houses several collections of costumes, furniture, paintings and model ships.<\/li>\n<\/ul>\n\n\n\n<p class=\"ls-paragraph\">D\u00e9couvrez les <a href=\"https:\/\/www.champsblancstest.geek-tonic.dev\/fr\/articles\/top-5-des-marches-du-cap-dagde\/\">meilleurs march\u00e9s d\u2019Agde et ses alentours.<\/a><\/p>\n<\/div>\n<\/div>\n\n\n    <\/div>\n<\/section><section id=\"ls-section-block_ad68cf3e1d6fc8d024321a974129dbb2\" class=\"ls-section  page-four animated fadeInUp slow delay-100ms\" >\n        <div class=\"container container--wide\">\n        \n\n<div id=\"ls-heading ls-titre-div-block_5ecf9df046982b78f4f3487fa32dacc0\" class=\"ls-titre-div aligncenter h2-like\" >\n    Discover also &#8230;<\/div>\n\n\n<div id=\"ls-maillage-block_49a2d54a3e940a3b80bd1d15f30546f5\" class=\"ls-maillage cta-style-normal\" data-rows=\"3\">\n    <div class=\"wp-block-columns\"><div class=\"wp-block-column\"><div class=\"ls-cta\">\n\n<a href=\"https:\/\/www.champsblancstest.geek-tonic.dev\/en\/herault\/marseillan\/\" target=\"\" rel=\"noopener\" class=\"ls-cta__link\">\n\n\t<div class=\"ls-cta__image\"><img decoding=\"async\" src=\"https:\/\/www.champsblancstest.geek-tonic.dev\/wp-content\/uploads\/2023\/09\/camping-marseillan-1-768x512.webp\" alt=\"camping marseillan 1\"><\/div>\n\t<div class=\"ls-cta__title\">\n\t\t<span class=\"champs-blancs-coin-droit\"><\/span>\n\t\tMarseillan\t\t<span class=\"champs-blancs-arrow-down\"><\/span>\n\t<\/div>\n\n\t\n<\/a><\/div><\/div><div class=\"wp-block-column\"><div class=\"ls-cta\">\n\n<a href=\"https:\/\/www.champsblancstest.geek-tonic.dev\/en\/herault\/cap-agde-tourism\/\" target=\"\" rel=\"noopener\" class=\"ls-cta__link\">\n\n\t<div class=\"ls-cta__image\"><img decoding=\"async\" src=\"https:\/\/www.champsblancstest.geek-tonic.dev\/wp-content\/uploads\/2023\/09\/camping-cap-agde-1-768x576.webp\" alt=\"camping cap agde 1\"><\/div>\n\t<div class=\"ls-cta__title\">\n\t\t<span class=\"champs-blancs-coin-droit\"><\/span>\n\t\tCap d&#8217;Agde\t\t<span class=\"champs-blancs-arrow-down\"><\/span>\n\t<\/div>\n\n\t\n<\/a><\/div><\/div><div class=\"wp-block-column\"><div class=\"ls-cta\">\n\n<a href=\"https:\/\/www.champsblancstest.geek-tonic.dev\/en\/herault\/sete\/\" target=\"\" rel=\"noopener\" class=\"ls-cta__link\">\n\n\t<div class=\"ls-cta__image\"><img decoding=\"async\" src=\"https:\/\/www.champsblancstest.geek-tonic.dev\/wp-content\/uploads\/2023\/09\/camping-sete8-768x409.webp\" alt=\"camping s\u00e8te8\"><\/div>\n\t<div class=\"ls-cta__title\">\n\t\t<span class=\"champs-blancs-coin-droit\"><\/span>\n\t\tS\u00e8te\t\t<span class=\"champs-blancs-arrow-down\"><\/span>\n\t<\/div>\n\n\t\n<\/a><\/div><\/div><\/div><\/div>\n\n    <\/div>\n<\/section>","protected":false},"excerpt":{"rendered":"","protected":false},"author":1,"featured_media":9037,"parent":10647,"menu_order":0,"comment_status":"closed","ping_status":"closed","template":"","meta":{"_acf_changed":false,"footnotes":""},"sujet":[],"class_list":["post-10626","page","type-page","status-publish","has-post-thumbnail","hentry"],"acf":[],"yoast_head":"<!-- This site is optimized with the Yoast SEO plugin v22.6 - https:\/\/yoast.com\/wordpress\/plugins\/seo\/ -->\n<title>Agde tourism | Activities, visits and places of interest in Agde<\/title>\n<meta name=\"description\" content=\"Would you like to go sightseeing in Agde during your vacation? Discover the best activities, the most beautiful visits and must-see places of interest\" \/>\n<meta name=\"robots\" content=\"noindex, follow, max-snippet:-1, max-image-preview:large, max-video-preview:-1\" \/>\n<meta property=\"og:locale\" content=\"en_US\" \/>\n<meta property=\"og:type\" content=\"article\" \/>\n<meta property=\"og:title\" content=\"Agde tourism | Activities, visits and places of interest in Agde\" \/>\n<meta property=\"og:description\" content=\"Would you like to go sightseeing in Agde during your vacation? Discover the best activities, the most beautiful visits and must-see places of interest\" \/>\n<meta property=\"og:url\" content=\"https:\/\/www.champsblancstest.geek-tonic.dev\/fr\/herault\/agde\/\" \/>\n<meta property=\"og:site_name\" content=\"Les Champs Blancs\" \/>\n<meta property=\"article:modified_time\" content=\"2024-01-17T11:31:39+00:00\" \/>\n<meta property=\"og:image\" content=\"https:\/\/www.champsblancstest.geek-tonic.dev\/wp-content\/uploads\/2023\/09\/camping-agde-4-scaled.webp\" \/>\n\t<meta property=\"og:image:width\" content=\"2560\" \/>\n\t<meta property=\"og:image:height\" content=\"1700\" \/>\n\t<meta property=\"og:image:type\" content=\"image\/webp\" \/>\n<meta name=\"twitter:card\" content=\"summary_large_image\" \/>\n<script type=\"application\/ld+json\" class=\"yoast-schema-graph\">{\"@context\":\"https:\/\/schema.org\",\"@graph\":[{\"@type\":\"WebPage\",\"@id\":\"https:\/\/www.champsblancstest.geek-tonic.dev\/fr\/herault\/agde\/\",\"url\":\"https:\/\/www.champsblancstest.geek-tonic.dev\/fr\/herault\/agde\/\",\"name\":\"Agde tourism | Activities, visits and places of interest in Agde\",\"isPartOf\":{\"@id\":\"https:\/\/www.champsblancstest.geek-tonic.dev\/fr\/#website\"},\"primaryImageOfPage\":{\"@id\":\"https:\/\/www.champsblancstest.geek-tonic.dev\/fr\/herault\/agde\/#primaryimage\"},\"image\":{\"@id\":\"https:\/\/www.champsblancstest.geek-tonic.dev\/fr\/herault\/agde\/#primaryimage\"},\"thumbnailUrl\":\"https:\/\/www.champsblancstest.geek-tonic.dev\/wp-content\/uploads\/2023\/09\/camping-agde-4-scaled.webp\",\"datePublished\":\"2023-10-19T10:09:01+00:00\",\"dateModified\":\"2024-01-17T11:31:39+00:00\",\"description\":\"Would you like to go sightseeing in Agde during your vacation? Discover the best activities, the most beautiful visits and must-see places of interest\",\"breadcrumb\":{\"@id\":\"https:\/\/www.champsblancstest.geek-tonic.dev\/fr\/herault\/agde\/#breadcrumb\"},\"inLanguage\":\"en-US\",\"potentialAction\":[{\"@type\":\"ReadAction\",\"target\":[\"https:\/\/www.champsblancstest.geek-tonic.dev\/fr\/herault\/agde\/\"]}]},{\"@type\":\"ImageObject\",\"inLanguage\":\"en-US\",\"@id\":\"https:\/\/www.champsblancstest.geek-tonic.dev\/fr\/herault\/agde\/#primaryimage\",\"url\":\"https:\/\/www.champsblancstest.geek-tonic.dev\/wp-content\/uploads\/2023\/09\/camping-agde-4-scaled.webp\",\"contentUrl\":\"https:\/\/www.champsblancstest.geek-tonic.dev\/wp-content\/uploads\/2023\/09\/camping-agde-4-scaled.webp\",\"width\":2560,\"height\":1700,\"caption\":\"camping agde 4\"},{\"@type\":\"BreadcrumbList\",\"@id\":\"https:\/\/www.champsblancstest.geek-tonic.dev\/fr\/herault\/agde\/#breadcrumb\",\"itemListElement\":[{\"@type\":\"ListItem\",\"position\":1,\"name\":\"Cap d'Agde campsite\",\"item\":\"https:\/\/www.champsblancstest.geek-tonic.dev\/fr\/\"},{\"@type\":\"ListItem\",\"position\":2,\"name\":\"Discover Herault\",\"item\":\"https:\/\/www.champsblancstest.geek-tonic.dev\/fr\/herault\/\"},{\"@type\":\"ListItem\",\"position\":3,\"name\":\"Agde\"}]},{\"@type\":\"WebSite\",\"@id\":\"https:\/\/www.champsblancstest.geek-tonic.dev\/fr\/#website\",\"url\":\"https:\/\/www.champsblancstest.geek-tonic.dev\/fr\/\",\"name\":\"Les Champs Blancs\",\"description\":\"\",\"publisher\":{\"@id\":\"https:\/\/www.champsblancstest.geek-tonic.dev\/fr\/#organization\"},\"potentialAction\":[{\"@type\":\"SearchAction\",\"target\":{\"@type\":\"EntryPoint\",\"urlTemplate\":\"https:\/\/www.champsblancstest.geek-tonic.dev\/fr\/?s={search_term_string}\"},\"query-input\":\"required name=search_term_string\"}],\"inLanguage\":\"en-US\"},{\"@type\":\"Organization\",\"@id\":\"https:\/\/www.champsblancstest.geek-tonic.dev\/fr\/#organization\",\"name\":\"Les Champs Blancs\",\"url\":\"https:\/\/www.champsblancstest.geek-tonic.dev\/fr\/\",\"logo\":{\"@type\":\"ImageObject\",\"inLanguage\":\"en-US\",\"@id\":\"https:\/\/www.champsblancstest.geek-tonic.dev\/fr\/#\/schema\/logo\/image\/\",\"url\":\"https:\/\/www.champsblancstest.geek-tonic.dev\/wp-content\/uploads\/2023\/07\/logo-blanc-camping-les-champs-blancs.webp\",\"contentUrl\":\"https:\/\/www.champsblancstest.geek-tonic.dev\/wp-content\/uploads\/2023\/07\/logo-blanc-camping-les-champs-blancs.webp\",\"width\":821,\"height\":657,\"caption\":\"Les Champs Blancs\"},\"image\":{\"@id\":\"https:\/\/www.champsblancstest.geek-tonic.dev\/fr\/#\/schema\/logo\/image\/\"}}]}<\/script>\n<!-- \/ Yoast SEO plugin. -->","yoast_head_json":{"title":"Agde tourism | Activities, visits and places of interest in Agde","description":"Would you like to go sightseeing in Agde during your vacation? Discover the best activities, the most beautiful visits and must-see places of interest","robots":{"index":"noindex","follow":"follow","max-snippet":"max-snippet:-1","max-image-preview":"max-image-preview:large","max-video-preview":"max-video-preview:-1"},"og_locale":"en_US","og_type":"article","og_title":"Agde tourism | Activities, visits and places of interest in Agde","og_description":"Would you like to go sightseeing in Agde during your vacation? Discover the best activities, the most beautiful visits and must-see places of interest","og_url":"https:\/\/www.champsblancstest.geek-tonic.dev\/fr\/herault\/agde\/","og_site_name":"Les Champs Blancs","article_modified_time":"2024-01-17T11:31:39+00:00","og_image":[{"width":2560,"height":1700,"url":"https:\/\/www.champsblancstest.geek-tonic.dev\/wp-content\/uploads\/2023\/09\/camping-agde-4-scaled.webp","type":"image\/webp"}],"twitter_card":"summary_large_image","schema":{"@context":"https:\/\/schema.org","@graph":[{"@type":"WebPage","@id":"https:\/\/www.champsblancstest.geek-tonic.dev\/fr\/herault\/agde\/","url":"https:\/\/www.champsblancstest.geek-tonic.dev\/fr\/herault\/agde\/","name":"Agde tourism | Activities, visits and places of interest in Agde","isPartOf":{"@id":"https:\/\/www.champsblancstest.geek-tonic.dev\/fr\/#website"},"primaryImageOfPage":{"@id":"https:\/\/www.champsblancstest.geek-tonic.dev\/fr\/herault\/agde\/#primaryimage"},"image":{"@id":"https:\/\/www.champsblancstest.geek-tonic.dev\/fr\/herault\/agde\/#primaryimage"},"thumbnailUrl":"https:\/\/www.champsblancstest.geek-tonic.dev\/wp-content\/uploads\/2023\/09\/camping-agde-4-scaled.webp","datePublished":"2023-10-19T10:09:01+00:00","dateModified":"2024-01-17T11:31:39+00:00","description":"Would you like to go sightseeing in Agde during your vacation? Discover the best activities, the most beautiful visits and must-see places of interest","breadcrumb":{"@id":"https:\/\/www.champsblancstest.geek-tonic.dev\/fr\/herault\/agde\/#breadcrumb"},"inLanguage":"en-US","potentialAction":[{"@type":"ReadAction","target":["https:\/\/www.champsblancstest.geek-tonic.dev\/fr\/herault\/agde\/"]}]},{"@type":"ImageObject","inLanguage":"en-US","@id":"https:\/\/www.champsblancstest.geek-tonic.dev\/fr\/herault\/agde\/#primaryimage","url":"https:\/\/www.champsblancstest.geek-tonic.dev\/wp-content\/uploads\/2023\/09\/camping-agde-4-scaled.webp","contentUrl":"https:\/\/www.champsblancstest.geek-tonic.dev\/wp-content\/uploads\/2023\/09\/camping-agde-4-scaled.webp","width":2560,"height":1700,"caption":"camping agde 4"},{"@type":"BreadcrumbList","@id":"https:\/\/www.champsblancstest.geek-tonic.dev\/fr\/herault\/agde\/#breadcrumb","itemListElement":[{"@type":"ListItem","position":1,"name":"Cap d'Agde campsite","item":"https:\/\/www.champsblancstest.geek-tonic.dev\/fr\/"},{"@type":"ListItem","position":2,"name":"Discover Herault","item":"https:\/\/www.champsblancstest.geek-tonic.dev\/fr\/herault\/"},{"@type":"ListItem","position":3,"name":"Agde"}]},{"@type":"WebSite","@id":"https:\/\/www.champsblancstest.geek-tonic.dev\/fr\/#website","url":"https:\/\/www.champsblancstest.geek-tonic.dev\/fr\/","name":"Les Champs Blancs","description":"","publisher":{"@id":"https:\/\/www.champsblancstest.geek-tonic.dev\/fr\/#organization"},"potentialAction":[{"@type":"SearchAction","target":{"@type":"EntryPoint","urlTemplate":"https:\/\/www.champsblancstest.geek-tonic.dev\/fr\/?s={search_term_string}"},"query-input":"required name=search_term_string"}],"inLanguage":"en-US"},{"@type":"Organization","@id":"https:\/\/www.champsblancstest.geek-tonic.dev\/fr\/#organization","name":"Les Champs Blancs","url":"https:\/\/www.champsblancstest.geek-tonic.dev\/fr\/","logo":{"@type":"ImageObject","inLanguage":"en-US","@id":"https:\/\/www.champsblancstest.geek-tonic.dev\/fr\/#\/schema\/logo\/image\/","url":"https:\/\/www.champsblancstest.geek-tonic.dev\/wp-content\/uploads\/2023\/07\/logo-blanc-camping-les-champs-blancs.webp","contentUrl":"https:\/\/www.champsblancstest.geek-tonic.dev\/wp-content\/uploads\/2023\/07\/logo-blanc-camping-les-champs-blancs.webp","width":821,"height":657,"caption":"Les Champs Blancs"},"image":{"@id":"https:\/\/www.champsblancstest.geek-tonic.dev\/fr\/#\/schema\/logo\/image\/"}}]}},"_links":{"self":[{"href":"https:\/\/www.champsblancstest.geek-tonic.dev\/en\/wp-json\/wp\/v2\/pages\/10626","targetHints":{"allow":["GET"]}}],"collection":[{"href":"https:\/\/www.champsblancstest.geek-tonic.dev\/en\/wp-json\/wp\/v2\/pages"}],"about":[{"href":"https:\/\/www.champsblancstest.geek-tonic.dev\/en\/wp-json\/wp\/v2\/types\/page"}],"author":[{"embeddable":true,"href":"https:\/\/www.champsblancstest.geek-tonic.dev\/en\/wp-json\/wp\/v2\/users\/1"}],"replies":[{"embeddable":true,"href":"https:\/\/www.champsblancstest.geek-tonic.dev\/en\/wp-json\/wp\/v2\/comments?post=10626"}],"version-history":[{"count":9,"href":"https:\/\/www.champsblancstest.geek-tonic.dev\/en\/wp-json\/wp\/v2\/pages\/10626\/revisions"}],"predecessor-version":[{"id":15915,"href":"https:\/\/www.champsblancstest.geek-tonic.dev\/en\/wp-json\/wp\/v2\/pages\/10626\/revisions\/15915"}],"up":[{"embeddable":true,"href":"https:\/\/www.champsblancstest.geek-tonic.dev\/en\/wp-json\/wp\/v2\/pages\/10647"}],"wp:featuredmedia":[{"embeddable":true,"href":"https:\/\/www.champsblancstest.geek-tonic.dev\/en\/wp-json\/wp\/v2\/media\/9037"}],"wp:attachment":[{"href":"https:\/\/www.champsblancstest.geek-tonic.dev\/en\/wp-json\/wp\/v2\/media?parent=10626"}],"wp:term":[{"taxonomy":"sujet","embeddable":true,"href":"https:\/\/www.champsblancstest.geek-tonic.dev\/en\/wp-json\/wp\/v2\/sujet?post=10626"}],"curies":[{"name":"wp","href":"https:\/\/api.w.org\/{rel}","templated":true}]}}