{"id":10643,"date":"2023-10-19T12:09:03","date_gmt":"2023-10-19T10:09:03","guid":{"rendered":"https:\/\/www.champsblancstest.geek-tonic.dev\/beziers\/"},"modified":"2023-10-30T10:26:37","modified_gmt":"2023-10-30T09:26:37","slug":"beziers","status":"publish","type":"page","link":"https:\/\/www.champsblancstest.geek-tonic.dev\/en\/herault\/beziers\/","title":{"rendered":"B\u00e9ziers"},"content":{"rendered":"<section id=\"ls-section-block_9c213cced9d3aa021cd863aff4313e17\" class=\"ls-section  home-first page-one\" >\n        <div class=\"container container--full\">\n        \n\n<div class=\"wp-block-columns are-vertically-aligned-center is-layout-flex wp-container-core-columns-is-layout-9d6595d7 wp-block-columns-is-layout-flex\">\n<div class=\"wp-block-column is-vertically-aligned-center is-layout-flow wp-block-column-is-layout-flow\" style=\"flex-basis:53%\"><p><iframe width=\"100%\" height=\"480\" src=\"https:\/\/www.youtube.com\/embed\/3l42EmbX8CU\" title=\"B\u00e9ziers, France\" frameborder=\"0\" allow=\"accelerometer; autoplay; clipboard-write; encrypted-media; gyroscope; picture-in-picture; web-share\" allowfullscreen><\/iframe><\/p>\n<\/div>\n\n\n\n<div class=\"wp-block-column is-vertically-aligned-center is-layout-flow wp-block-column-is-layout-flow\" style=\"flex-basis:47%\">\n<h1 class=\"ls__heading wp-block-heading\">Tourism B\u00e9ziers<\/h1>\n\n\n\n<p class=\"ls-paragraph\">Staying <strong>just 30 minutes from downtown B\u00e9ziers<\/strong> in the Languedoc Roussillon region (Occitanie), not far from Valras, don&#8217;t miss out on a visit to what is often nicknamed the French Seville for the importance of its B\u00e9ziers bullring.<br\/><br\/>Located less than 25km from the city, the <a href=\"https:\/\/www.champsblancstest.geek-tonic.dev\/en\/beziers-camping\/\">B\u00e9ziers campsite<\/a> lets you make the most of your vacation.<br\/><br\/><strong>Cycling enthusiasts<\/strong> can also reach it by bike in 1h30 on the smaller roads!<\/p>\n<\/div>\n<\/div>\n\n\n    <\/div>\n<\/section><section id=\"ls-section-block_d4235ae20d605a0411375278dc66345e\" class=\"ls-section  home-sixth page-three has-background-image has-parallax-child\" >\n    <div class=\"ls-section__background-image opacity-100\"><img decoding=\"async\" src=\"https:\/\/www.champsblancstest.geek-tonic.dev\/wp-content\/uploads\/2023\/09\/camping-vers-beziers-scaled.webp\" alt=\"camping vers beziers\"><\/div>    <div class=\"container container--wide\">\n        \n\n<div class=\"wp-block-columns are-vertically-aligned-center is-layout-flex wp-container-core-columns-is-layout-9d6595d7 wp-block-columns-is-layout-flex\">\n<div class=\"wp-block-column is-vertically-aligned-center wp-block-column__text animated fadeInUp delay-100ms slow is-layout-flow wp-block-column-is-layout-flow\" style=\"flex-basis:66.66%\">\n<h2 class=\"ls__heading wp-block-heading\">Discover B\u00e9ziers<\/h2>\n\n\n\n<p class=\"ls-paragraph\">B\u00e9ziers is a <strong>city of nine locks<\/strong>, criss-crossed by the Canal du Midi, and boasts an incredible architectural heritage that&#8217;s a must-see if you&#8217;re <a href=\"https:\/\/www.champsblancstest.geek-tonic.dev\/en\/herault\/\">sightseeing in the H\u00e9rault region<\/a>. Around its sumptuous Gothic cathedral, whose silhouette marks the city from afar, the old town of B\u00e9ziers was built on the banks of the Orb, sheltered behind high ramparts that you can visit during your stay.<\/p>\n\n\n\n<p class=\"ls-paragraph\">Second <strong>only to Montpellier in the H\u00e9rault<\/strong> department, <a href=\"https:\/\/www.ville-beziers.fr\/\" target=\"_blank\" rel=\"noreferrer noopener\">B\u00e9ziers<\/a> is renowned for its culture and f\u00e9rias, as well as its wines. Just a few minutes from the beaches of the Mediterranean, the city has preserved the soul of its neighborhoods and the beauty of its listed buildings: elegant 19th-century townhouses, medieval alleyways and the old bridge, and its late 19th-century arena,  <strong>its Halles Baltard<\/strong>or the ancient remains of its Roman theater.<\/p>\n\n\n\n<p class=\"ls-paragraph\">The nine locks at Fonseranes are unique and spectacular structures, and are listed as a <strong>UNESCO World Heritage<\/strong> Site. They are the third most visited site in the <strong>Languedoc<\/strong> region <strong>, alongside the Pont du<\/strong> Gard and the medieval city of <strong>Carcassonne<\/strong>. To get to B\u00e9ziers, you can choose B\u00e9ziers airport. You can also visit the Palais des Congr\u00e8s not far from B\u00e9ziers town hall.<\/p>\n<\/div>\n\n\n\n<div class=\"wp-block-column is-vertically-aligned-center is-layout-flow wp-block-column-is-layout-flow\" style=\"flex-basis:33.33%\">\n<div id=\"ls-heading ls-titre-div-block_a6ce523e50560a4587167cfce887eacf\" class=\"ls-titre-div h1-like\" >\n    Discover<br><strong>the sunny city<\/strong><\/div>\n<\/div>\n<\/div>\n\n\n    <\/div>\n<\/section><section id=\"ls-section-block_62e1219d1adbbca244e0de460f7f951a\" class=\"ls-section  home-first page-two\" >\n        <div class=\"container container--full\">\n        \n\n<div class=\"wp-block-columns are-vertically-aligned-center is-layout-flex wp-container-core-columns-is-layout-9d6595d7 wp-block-columns-is-layout-flex\">\n<div class=\"wp-block-column is-vertically-aligned-center is-layout-flow wp-block-column-is-layout-flow\" style=\"flex-basis:47%\">\n<h2 class=\"ls__heading wp-block-heading\">What to do in B\u00e9ziers<\/h2>\n\n\n\n<ul class=\"ls-list wp-block-list\">\n<li><strong>Visit the historic heart of the city<\/strong>: the cathedral, the bishops&#8217; garden, the shopping streets, all within easy reach of your <strong>B\u00e9ziers campsite<\/strong>.<\/li>\n\n\n\n<li>Climb to the top of the central bell tower of the <strong>Cathedral of Saint-Nazaire and Saint-Celse<\/strong>, and enjoy an incredible view of the city, the Orb and the Canal du Midi.<\/li>\n\n\n\n<li>Watch the boats pass through the <strong>nine locks at Fonseranes<\/strong> and stroll along the canal.<\/li>\n\n\n\n<li><strong>Take a walk on the Plateau des Po\u00e8tes<\/strong>: the city&#8217;s green lung, these 5 hectares of gardens inaugurated at the end of the 19th century link the municipal theater to the B\u00e9ziers train station.<\/li>\n\n\n\n<li><strong>Walk along the banks of the canal bridge<\/strong>, which allows ships to cross the Orb river just a few kilometers from your <strong>campsite near B\u00e9ziers<\/strong>.<\/li>\n\n\n\n<li><strong>Stroll through the flower market<\/strong> on the All\u00e9es Paul-Riquet, opposite the Th\u00e9\u00e2tre Municipal (Fridays).<\/li>\n\n\n\n<li><strong>Stroll through the old cemetery<\/strong>, B\u00e9ziers&#8217; &#8220;P\u00e8re Lachaise&#8221;, with its exceptional mausoleums, quiet cypress-lined paths, mountain views and the statue of Notre-Dame-du-Moucadou.<\/li>\n\n\n\n<li><strong>Take part in the B\u00e9ziers f\u00e9ria<\/strong> in August, with its bodegas, casitas, equestrian village, shows, flamenco and Sevillanas. This feria is renowned throughout the H\u00e9rault department.<\/li>\n\n\n\n<li><strong>Visit the bullring<\/strong> (every Wednesday morning in July and August) to discover its history and what goes on behind the scenes.<\/li>\n\n\n\n<li>Discover the city&#8217;s major sites by <strong>tourist train<\/strong>: from the historic center to the bullring, via the locks.<\/li>\n<\/ul>\n<\/div>\n\n\n\n<div class=\"wp-block-column is-vertically-aligned-center is-layout-flow wp-block-column-is-layout-flow\" style=\"flex-basis:53%\">\n<figure class=\"wp-block-gallery has-nested-images columns-default is-cropped animated fadeInRight slow delay-200ms wp-block-gallery-1 is-layout-flex wp-block-gallery-is-layout-flex\">\n<figure class=\"wp-block-image size-full\"><a href=\"https:\/\/www.champsblancstest.geek-tonic.dev\/wp-content\/uploads\/2023\/09\/camping-beziers-herault.webp\"><img decoding=\"async\" width=\"1440\" height=\"1920\" data-id=\"8813\" src=\"https:\/\/www.champsblancstest.geek-tonic.dev\/wp-content\/uploads\/2023\/09\/camping-beziers-herault.webp\" alt=\"camping beziers herault\" class=\"wp-image-8813\" srcset=\"https:\/\/www.champsblancstest.geek-tonic.dev\/wp-content\/uploads\/2023\/09\/camping-beziers-herault.webp 1440w, https:\/\/www.champsblancstest.geek-tonic.dev\/wp-content\/uploads\/2023\/09\/camping-beziers-herault-225x300.webp 225w, https:\/\/www.champsblancstest.geek-tonic.dev\/wp-content\/uploads\/2023\/09\/camping-beziers-herault-768x1024.webp 768w, https:\/\/www.champsblancstest.geek-tonic.dev\/wp-content\/uploads\/2023\/09\/camping-beziers-herault-1152x1536.webp 1152w\" sizes=\"(max-width: 1440px) 100vw, 1440px\" \/><\/a><\/figure>\n<\/figure>\n<\/div>\n<\/div>\n\n\n    <\/div>\n<\/section><section id=\"ls-section-block_76f9068e6801a7e01bc5de10d54a5f40\" class=\"ls-section  page-four animated fadeInUp slow delay-100ms\" >\n        <div class=\"container container--wide\">\n        \n\n<div id=\"ls-heading ls-titre-div-block_6b124ff4d4b155c16c756c8ce825e20b\" class=\"ls-titre-div aligncenter h2-like\" >\n    Also discover the B\u00e9ziers area<\/div>\n\n\n<div id=\"ls-maillage-block_3d79a9981f2b1d6b8d4e94d3f778ec59\" class=\"ls-maillage cta-style-normal\" data-rows=\"3\">\n    <div class=\"wp-block-columns\"><div class=\"wp-block-column\"><div class=\"ls-cta\">\n\n<a href=\"https:\/\/www.champsblancstest.geek-tonic.dev\/en\/herault\/pezenas\/\" target=\"\" rel=\"noopener\" class=\"ls-cta__link\">\n\n\t<div class=\"ls-cta__image\"><img decoding=\"async\" src=\"https:\/\/www.champsblancstest.geek-tonic.dev\/wp-content\/uploads\/2019\/06\/camping-Pezenas-Commanderie-Saint-Jean-2.jpg\" alt=\"Campingplatz Pezenas Commanderie Saint Jean\"><\/div>\n\t<div class=\"ls-cta__title\">\n\t\t<span class=\"champs-blancs-coin-droit\"><\/span>\n\t\tP\u00e9zenas\t\t<span class=\"champs-blancs-arrow-down\"><\/span>\n\t<\/div>\n\n\t\n<\/a><\/div><\/div><div class=\"wp-block-column\"><div class=\"ls-cta\">\n\n<a href=\"https:\/\/www.champsblancstest.geek-tonic.dev\/en\/herault\/montpellier\/\" target=\"\" rel=\"noopener\" class=\"ls-cta__link\">\n\n\t<div class=\"ls-cta__image\"><img decoding=\"async\" src=\"https:\/\/www.champsblancstest.geek-tonic.dev\/wp-content\/uploads\/2023\/09\/camping-montpellier7-768x512.webp\" alt=\"camping montpellier7\"><\/div>\n\t<div class=\"ls-cta__title\">\n\t\t<span class=\"champs-blancs-coin-droit\"><\/span>\n\t\tMontpellier\t\t<span class=\"champs-blancs-arrow-down\"><\/span>\n\t<\/div>\n\n\t\n<\/a><\/div><\/div><div class=\"wp-block-column\"><div class=\"ls-cta\">\n\n<a href=\"https:\/\/www.champsblancstest.geek-tonic.dev\/en\/herault\/sete\/\" target=\"\" rel=\"noopener\" class=\"ls-cta__link\">\n\n\t<div class=\"ls-cta__image\"><img decoding=\"async\" src=\"https:\/\/www.champsblancstest.geek-tonic.dev\/wp-content\/uploads\/2023\/09\/camping-sete8-768x409.webp\" alt=\"camping s\u00e8te8\"><\/div>\n\t<div class=\"ls-cta__title\">\n\t\t<span class=\"champs-blancs-coin-droit\"><\/span>\n\t\tS\u00e8te\t\t<span class=\"champs-blancs-arrow-down\"><\/span>\n\t<\/div>\n\n\t\n<\/a><\/div><\/div><\/div><\/div>\n\n    <\/div>\n<\/section>","protected":false},"excerpt":{"rendered":"","protected":false},"author":1,"featured_media":8820,"parent":10647,"menu_order":0,"comment_status":"closed","ping_status":"closed","template":"","meta":{"_acf_changed":false,"footnotes":""},"sujet":[],"class_list":["post-10643","page","type-page","status-publish","has-post-thumbnail","hentry"],"acf":[],"yoast_head":"<!-- This site is optimized with the Yoast SEO plugin v22.6 - https:\/\/yoast.com\/wordpress\/plugins\/seo\/ -->\n<title>B\u00e9ziers Tourisme | What to see and do in B\u00e9ziers : must-sees<\/title>\n<meta name=\"description\" content=\"Want to go sightseeing in B\u00e9ziers? Discover the best places to see and things to do in B\u00e9ziers!\" \/>\n<meta name=\"robots\" content=\"noindex, follow, max-snippet:-1, max-image-preview:large, max-video-preview:-1\" \/>\n<meta property=\"og:locale\" content=\"en_US\" \/>\n<meta property=\"og:type\" content=\"article\" \/>\n<meta property=\"og:title\" content=\"B\u00e9ziers Tourisme | What to see and do in B\u00e9ziers : must-sees\" \/>\n<meta property=\"og:description\" content=\"Want to go sightseeing in B\u00e9ziers? Discover the best places to see and things to do in B\u00e9ziers!\" \/>\n<meta property=\"og:url\" content=\"https:\/\/www.champsblancstest.geek-tonic.dev\/fr\/herault\/beziers\/\" \/>\n<meta property=\"og:site_name\" content=\"Les Champs Blancs\" \/>\n<meta property=\"article:modified_time\" content=\"2023-10-30T09:26:37+00:00\" \/>\n<meta property=\"og:image\" content=\"https:\/\/www.champsblancstest.geek-tonic.dev\/wp-content\/uploads\/2023\/09\/camping-pres-de-beziers-scaled-e1695632271571.webp\" \/>\n\t<meta property=\"og:image:width\" content=\"2560\" \/>\n\t<meta property=\"og:image:height\" content=\"1439\" \/>\n\t<meta property=\"og:image:type\" content=\"image\/webp\" \/>\n<meta name=\"twitter:card\" content=\"summary_large_image\" \/>\n<meta name=\"twitter:label1\" content=\"Est. reading time\" \/>\n\t<meta name=\"twitter:data1\" content=\"3 minutes\" \/>\n<script type=\"application\/ld+json\" class=\"yoast-schema-graph\">{\"@context\":\"https:\/\/schema.org\",\"@graph\":[{\"@type\":\"WebPage\",\"@id\":\"https:\/\/www.champsblancstest.geek-tonic.dev\/fr\/herault\/beziers\/\",\"url\":\"https:\/\/www.champsblancstest.geek-tonic.dev\/fr\/herault\/beziers\/\",\"name\":\"B\u00e9ziers Tourisme | What to see and do in B\u00e9ziers : must-sees\",\"isPartOf\":{\"@id\":\"https:\/\/www.champsblancstest.geek-tonic.dev\/fr\/#website\"},\"primaryImageOfPage\":{\"@id\":\"https:\/\/www.champsblancstest.geek-tonic.dev\/fr\/herault\/beziers\/#primaryimage\"},\"image\":{\"@id\":\"https:\/\/www.champsblancstest.geek-tonic.dev\/fr\/herault\/beziers\/#primaryimage\"},\"thumbnailUrl\":\"https:\/\/www.champsblancstest.geek-tonic.dev\/wp-content\/uploads\/2023\/09\/camping-pres-de-beziers-scaled-e1695632271571.webp\",\"datePublished\":\"2023-10-19T10:09:03+00:00\",\"dateModified\":\"2023-10-30T09:26:37+00:00\",\"description\":\"Want to go sightseeing in B\u00e9ziers? Discover the best places to see and things to do in B\u00e9ziers!\",\"breadcrumb\":{\"@id\":\"https:\/\/www.champsblancstest.geek-tonic.dev\/fr\/herault\/beziers\/#breadcrumb\"},\"inLanguage\":\"en-US\",\"potentialAction\":[{\"@type\":\"ReadAction\",\"target\":[\"https:\/\/www.champsblancstest.geek-tonic.dev\/fr\/herault\/beziers\/\"]}]},{\"@type\":\"ImageObject\",\"inLanguage\":\"en-US\",\"@id\":\"https:\/\/www.champsblancstest.geek-tonic.dev\/fr\/herault\/beziers\/#primaryimage\",\"url\":\"https:\/\/www.champsblancstest.geek-tonic.dev\/wp-content\/uploads\/2023\/09\/camping-pres-de-beziers-scaled-e1695632271571.webp\",\"contentUrl\":\"https:\/\/www.champsblancstest.geek-tonic.dev\/wp-content\/uploads\/2023\/09\/camping-pres-de-beziers-scaled-e1695632271571.webp\",\"width\":2560,\"height\":1439,\"caption\":\"camping pres de beziers\"},{\"@type\":\"BreadcrumbList\",\"@id\":\"https:\/\/www.champsblancstest.geek-tonic.dev\/fr\/herault\/beziers\/#breadcrumb\",\"itemListElement\":[{\"@type\":\"ListItem\",\"position\":1,\"name\":\"Cap d'Agde campsite\",\"item\":\"https:\/\/www.champsblancstest.geek-tonic.dev\/fr\/\"},{\"@type\":\"ListItem\",\"position\":2,\"name\":\"Discover Herault\",\"item\":\"https:\/\/www.champsblancstest.geek-tonic.dev\/fr\/herault\/\"},{\"@type\":\"ListItem\",\"position\":3,\"name\":\"Visit B\u00e9ziers\"}]},{\"@type\":\"WebSite\",\"@id\":\"https:\/\/www.champsblancstest.geek-tonic.dev\/fr\/#website\",\"url\":\"https:\/\/www.champsblancstest.geek-tonic.dev\/fr\/\",\"name\":\"Les Champs Blancs\",\"description\":\"\",\"publisher\":{\"@id\":\"https:\/\/www.champsblancstest.geek-tonic.dev\/fr\/#organization\"},\"potentialAction\":[{\"@type\":\"SearchAction\",\"target\":{\"@type\":\"EntryPoint\",\"urlTemplate\":\"https:\/\/www.champsblancstest.geek-tonic.dev\/fr\/?s={search_term_string}\"},\"query-input\":\"required name=search_term_string\"}],\"inLanguage\":\"en-US\"},{\"@type\":\"Organization\",\"@id\":\"https:\/\/www.champsblancstest.geek-tonic.dev\/fr\/#organization\",\"name\":\"Les Champs Blancs\",\"url\":\"https:\/\/www.champsblancstest.geek-tonic.dev\/fr\/\",\"logo\":{\"@type\":\"ImageObject\",\"inLanguage\":\"en-US\",\"@id\":\"https:\/\/www.champsblancstest.geek-tonic.dev\/fr\/#\/schema\/logo\/image\/\",\"url\":\"https:\/\/www.champsblancstest.geek-tonic.dev\/wp-content\/uploads\/2023\/07\/logo-blanc-camping-les-champs-blancs.webp\",\"contentUrl\":\"https:\/\/www.champsblancstest.geek-tonic.dev\/wp-content\/uploads\/2023\/07\/logo-blanc-camping-les-champs-blancs.webp\",\"width\":821,\"height\":657,\"caption\":\"Les Champs Blancs\"},\"image\":{\"@id\":\"https:\/\/www.champsblancstest.geek-tonic.dev\/fr\/#\/schema\/logo\/image\/\"}}]}<\/script>\n<!-- \/ Yoast SEO plugin. -->","yoast_head_json":{"title":"B\u00e9ziers Tourisme | What to see and do in B\u00e9ziers : must-sees","description":"Want to go sightseeing in B\u00e9ziers? Discover the best places to see and things to do in B\u00e9ziers!","robots":{"index":"noindex","follow":"follow","max-snippet":"max-snippet:-1","max-image-preview":"max-image-preview:large","max-video-preview":"max-video-preview:-1"},"og_locale":"en_US","og_type":"article","og_title":"B\u00e9ziers Tourisme | What to see and do in B\u00e9ziers : must-sees","og_description":"Want to go sightseeing in B\u00e9ziers? Discover the best places to see and things to do in B\u00e9ziers!","og_url":"https:\/\/www.champsblancstest.geek-tonic.dev\/fr\/herault\/beziers\/","og_site_name":"Les Champs Blancs","article_modified_time":"2023-10-30T09:26:37+00:00","og_image":[{"width":2560,"height":1439,"url":"https:\/\/www.champsblancstest.geek-tonic.dev\/wp-content\/uploads\/2023\/09\/camping-pres-de-beziers-scaled-e1695632271571.webp","type":"image\/webp"}],"twitter_card":"summary_large_image","twitter_misc":{"Est. reading time":"3 minutes"},"schema":{"@context":"https:\/\/schema.org","@graph":[{"@type":"WebPage","@id":"https:\/\/www.champsblancstest.geek-tonic.dev\/fr\/herault\/beziers\/","url":"https:\/\/www.champsblancstest.geek-tonic.dev\/fr\/herault\/beziers\/","name":"B\u00e9ziers Tourisme | What to see and do in B\u00e9ziers : must-sees","isPartOf":{"@id":"https:\/\/www.champsblancstest.geek-tonic.dev\/fr\/#website"},"primaryImageOfPage":{"@id":"https:\/\/www.champsblancstest.geek-tonic.dev\/fr\/herault\/beziers\/#primaryimage"},"image":{"@id":"https:\/\/www.champsblancstest.geek-tonic.dev\/fr\/herault\/beziers\/#primaryimage"},"thumbnailUrl":"https:\/\/www.champsblancstest.geek-tonic.dev\/wp-content\/uploads\/2023\/09\/camping-pres-de-beziers-scaled-e1695632271571.webp","datePublished":"2023-10-19T10:09:03+00:00","dateModified":"2023-10-30T09:26:37+00:00","description":"Want to go sightseeing in B\u00e9ziers? Discover the best places to see and things to do in B\u00e9ziers!","breadcrumb":{"@id":"https:\/\/www.champsblancstest.geek-tonic.dev\/fr\/herault\/beziers\/#breadcrumb"},"inLanguage":"en-US","potentialAction":[{"@type":"ReadAction","target":["https:\/\/www.champsblancstest.geek-tonic.dev\/fr\/herault\/beziers\/"]}]},{"@type":"ImageObject","inLanguage":"en-US","@id":"https:\/\/www.champsblancstest.geek-tonic.dev\/fr\/herault\/beziers\/#primaryimage","url":"https:\/\/www.champsblancstest.geek-tonic.dev\/wp-content\/uploads\/2023\/09\/camping-pres-de-beziers-scaled-e1695632271571.webp","contentUrl":"https:\/\/www.champsblancstest.geek-tonic.dev\/wp-content\/uploads\/2023\/09\/camping-pres-de-beziers-scaled-e1695632271571.webp","width":2560,"height":1439,"caption":"camping pres de beziers"},{"@type":"BreadcrumbList","@id":"https:\/\/www.champsblancstest.geek-tonic.dev\/fr\/herault\/beziers\/#breadcrumb","itemListElement":[{"@type":"ListItem","position":1,"name":"Cap d'Agde campsite","item":"https:\/\/www.champsblancstest.geek-tonic.dev\/fr\/"},{"@type":"ListItem","position":2,"name":"Discover Herault","item":"https:\/\/www.champsblancstest.geek-tonic.dev\/fr\/herault\/"},{"@type":"ListItem","position":3,"name":"Visit B\u00e9ziers"}]},{"@type":"WebSite","@id":"https:\/\/www.champsblancstest.geek-tonic.dev\/fr\/#website","url":"https:\/\/www.champsblancstest.geek-tonic.dev\/fr\/","name":"Les Champs Blancs","description":"","publisher":{"@id":"https:\/\/www.champsblancstest.geek-tonic.dev\/fr\/#organization"},"potentialAction":[{"@type":"SearchAction","target":{"@type":"EntryPoint","urlTemplate":"https:\/\/www.champsblancstest.geek-tonic.dev\/fr\/?s={search_term_string}"},"query-input":"required name=search_term_string"}],"inLanguage":"en-US"},{"@type":"Organization","@id":"https:\/\/www.champsblancstest.geek-tonic.dev\/fr\/#organization","name":"Les Champs Blancs","url":"https:\/\/www.champsblancstest.geek-tonic.dev\/fr\/","logo":{"@type":"ImageObject","inLanguage":"en-US","@id":"https:\/\/www.champsblancstest.geek-tonic.dev\/fr\/#\/schema\/logo\/image\/","url":"https:\/\/www.champsblancstest.geek-tonic.dev\/wp-content\/uploads\/2023\/07\/logo-blanc-camping-les-champs-blancs.webp","contentUrl":"https:\/\/www.champsblancstest.geek-tonic.dev\/wp-content\/uploads\/2023\/07\/logo-blanc-camping-les-champs-blancs.webp","width":821,"height":657,"caption":"Les Champs Blancs"},"image":{"@id":"https:\/\/www.champsblancstest.geek-tonic.dev\/fr\/#\/schema\/logo\/image\/"}}]}},"_links":{"self":[{"href":"https:\/\/www.champsblancstest.geek-tonic.dev\/en\/wp-json\/wp\/v2\/pages\/10643","targetHints":{"allow":["GET"]}}],"collection":[{"href":"https:\/\/www.champsblancstest.geek-tonic.dev\/en\/wp-json\/wp\/v2\/pages"}],"about":[{"href":"https:\/\/www.champsblancstest.geek-tonic.dev\/en\/wp-json\/wp\/v2\/types\/page"}],"author":[{"embeddable":true,"href":"https:\/\/www.champsblancstest.geek-tonic.dev\/en\/wp-json\/wp\/v2\/users\/1"}],"replies":[{"embeddable":true,"href":"https:\/\/www.champsblancstest.geek-tonic.dev\/en\/wp-json\/wp\/v2\/comments?post=10643"}],"version-history":[{"count":2,"href":"https:\/\/www.champsblancstest.geek-tonic.dev\/en\/wp-json\/wp\/v2\/pages\/10643\/revisions"}],"predecessor-version":[{"id":15256,"href":"https:\/\/www.champsblancstest.geek-tonic.dev\/en\/wp-json\/wp\/v2\/pages\/10643\/revisions\/15256"}],"up":[{"embeddable":true,"href":"https:\/\/www.champsblancstest.geek-tonic.dev\/en\/wp-json\/wp\/v2\/pages\/10647"}],"wp:featuredmedia":[{"embeddable":true,"href":"https:\/\/www.champsblancstest.geek-tonic.dev\/en\/wp-json\/wp\/v2\/media\/8820"}],"wp:attachment":[{"href":"https:\/\/www.champsblancstest.geek-tonic.dev\/en\/wp-json\/wp\/v2\/media?parent=10643"}],"wp:term":[{"taxonomy":"sujet","embeddable":true,"href":"https:\/\/www.champsblancstest.geek-tonic.dev\/en\/wp-json\/wp\/v2\/sujet?post=10643"}],"curies":[{"name":"wp","href":"https:\/\/api.w.org\/{rel}","templated":true}]}}