{"id":10670,"date":"2023-10-19T12:09:07","date_gmt":"2023-10-19T10:09:07","guid":{"rendered":"https:\/\/www.champsblancstest.geek-tonic.dev\/herault\/pezenas\/"},"modified":"2023-11-07T15:47:41","modified_gmt":"2023-11-07T14:47:41","slug":"pezenas","status":"publish","type":"page","link":"https:\/\/www.champsblancstest.geek-tonic.dev\/en\/herault\/pezenas\/","title":{"rendered":"Pezenas"},"content":{"rendered":"<section id=\"ls-section-block_4c22d1669650cbbda1736e0d78ad3c17\" class=\"ls-section  home-first page-one\" >\n        <div class=\"container container--full\">\n        \n\n<div class=\"wp-block-columns are-vertically-aligned-center is-layout-flex wp-container-core-columns-is-layout-9d6595d7 wp-block-columns-is-layout-flex\">\n<div class=\"wp-block-column is-vertically-aligned-center is-layout-flow wp-block-column-is-layout-flow\" style=\"flex-basis:53%\">\n<figure class=\"wp-block-gallery has-nested-images columns-default is-cropped animated fadeInLeft slow wp-block-gallery-1 is-layout-flex wp-block-gallery-is-layout-flex\">\n<figure class=\"wp-block-image size-full\"><a href=\"https:\/\/www.champsblancstest.geek-tonic.dev\/wp-content\/uploads\/2023\/09\/camping-pezenas-5-scaled.webp\"><img decoding=\"async\" width=\"2560\" height=\"1707\" data-id=\"8902\" src=\"https:\/\/www.champsblancstest.geek-tonic.dev\/wp-content\/uploads\/2023\/09\/camping-pezenas-5-scaled.webp\" alt=\"camping p\u00e9zenas 5\" class=\"wp-image-8902\" srcset=\"https:\/\/www.champsblancstest.geek-tonic.dev\/wp-content\/uploads\/2023\/09\/camping-pezenas-5-scaled.webp 2560w, https:\/\/www.champsblancstest.geek-tonic.dev\/wp-content\/uploads\/2023\/09\/camping-pezenas-5-300x200.webp 300w, https:\/\/www.champsblancstest.geek-tonic.dev\/wp-content\/uploads\/2023\/09\/camping-pezenas-5-1024x683.webp 1024w, https:\/\/www.champsblancstest.geek-tonic.dev\/wp-content\/uploads\/2023\/09\/camping-pezenas-5-768x512.webp 768w, https:\/\/www.champsblancstest.geek-tonic.dev\/wp-content\/uploads\/2023\/09\/camping-pezenas-5-1536x1024.webp 1536w, https:\/\/www.champsblancstest.geek-tonic.dev\/wp-content\/uploads\/2023\/09\/camping-pezenas-5-2048x1365.webp 2048w\" sizes=\"(max-width: 2560px) 100vw, 2560px\" \/><\/a><\/figure>\n<\/figure>\n<\/div>\n\n\n\n<div class=\"wp-block-column is-vertically-aligned-center is-layout-flow wp-block-column-is-layout-flow\" style=\"flex-basis:47%\">\n<h1 class=\"ls__heading wp-block-heading\">Tourism Pezenas<\/h1>\n\n\n\n<p class=\"ls-paragraph\">Don&#8217;t miss a <strong>visit to P\u00e9zenas<\/strong> during your stay at<a href=\"https:\/\/www.champsblancstest.geek-tonic.dev\/en\/\"> camping Cap d&#8217;Agde<\/a> Les Champs Blancs!<\/p>\n\n\n\n<h2 class=\"ls__heading wp-block-heading\">P\u00e9zenas, a town that seduced Moli\u00e8re<\/h2>\n\n\n\n<p class=\"ls-paragraph\">Home to Moli\u00e8re, P\u00e9zenas has a spellbinding charm&#8230; You&#8217;ll understand when you see its craftsmen and its architectural heritage, which seem to have escaped the passage of time. A <a href=\"https:\/\/www.champsblancstest.geek-tonic.dev\/en\/herault\/\">must-see place of interest in the H\u00e9rault<\/a>!  <\/p>\n\n\n\n<p class=\"ls-paragraph\">The passion for theater is still alive and well in this city where, like Moli\u00e8re, the former governors of Languedoc chose to settle. Visit the famous theater, for example, during your <a href=\"https:\/\/www.champsblancstest.geek-tonic.dev\/en\/campsite-pezenas\/\">camping holiday in P\u00e9zenas<\/a>.<\/p>\n<\/div>\n<\/div>\n\n\n    <\/div>\n<\/section>\n\n<section id=\"ls-section-block_f8731483f63bc6a009fae86ff8b08986\" class=\"ls-section  home-first page-two\" >\n        <div class=\"container container--full\">\n        \n\n<div class=\"wp-block-columns are-vertically-aligned-center is-layout-flex wp-container-core-columns-is-layout-9d6595d7 wp-block-columns-is-layout-flex\">\n<div class=\"wp-block-column is-vertically-aligned-center is-layout-flow wp-block-column-is-layout-flow\" style=\"flex-basis:47%\">\n<h2 class=\"ls__heading wp-block-heading\">  Top 5 things to see and do in P\u00e9zenas<\/h2>\n\n\n\n<ul class=\"ls-list wp-block-list\">\n<li><strong>Discover the 30 listed historic sites<\/strong>: Heritage lovers won&#8217;t be left out in the city of Pisc\u00e9n. Private mansions, monumental gates, the church of Sainte-Ursule, a sculpture trail dedicated to Boby Lapointe: your sightseeing program will soon be full, and all just a few kilometers from your <strong>P\u00e9zenas campsite<\/strong>.<\/li>\n\n\n\n<li><strong>Admire the organ at Saint-Jean collegiate church<\/strong>: This handsome edifice, built in 1735, is distinguished by its domes adorning the side aisles, its north chapel and its organ, which is similar to those in Saint-Roch church in Paris.<\/li>\n\n\n\n<li><strong>Attend a performance at the theater<\/strong>: Founded in 1803, the P\u00e9zenas theater pays special tribute to this art form and to one of its masters, Moli\u00e8re. Find out what&#8217;s on before you visit, so you can spend a unique moment in this French cultural Mecca.<\/li>\n\n\n\n<li><strong>Visit the Mus\u00e9e Vulliod Saint-Germain<\/strong>: This cultural space is recommended if you want to learn more about the town&#8217;s history. It is housed in a private mansion dating from the 16th century. One room of the museum is entirely dedicated to Moli\u00e8re.<\/li>\n\n\n\n<li><strong>Stroll through the gardens of Domaine de la Grange des Pr\u00e9s<\/strong>: This former country house of the governors of Languedoc boasts an Italian-style garden with elegant terraces overlooking the H\u00e9rault plain. Take the path through the park, admire the ch\u00e2teau&#8217;s facade, recharge your batteries in this haven of peace, and tell yourself you were right to book a mobile home or chalet rental at a campsite near P\u00e9zenas.<\/li>\n<\/ul>\n\n\n\n<p class=\"ls-paragraph\">More about <a href=\"https:\/\/www.capdagde.com\/otca-ville\/pezenas\/\" target=\"_blank\" rel=\"noreferrer noopener\">P\u00e9zenas<\/a><\/p>\n<\/div>\n\n\n\n<div class=\"wp-block-column is-vertically-aligned-center is-layout-flow wp-block-column-is-layout-flow\" style=\"flex-basis:53%\">\n<figure class=\"wp-block-gallery has-nested-images columns-default is-cropped animated fadeInRight slow delay-200ms wp-block-gallery-2 is-layout-flex wp-block-gallery-is-layout-flex\">\n<figure class=\"wp-block-image size-full\"><a href=\"https:\/\/www.champsblancstest.geek-tonic.dev\/wp-content\/uploads\/2023\/09\/camping-pezenas-10-scaled.webp\"><img decoding=\"async\" width=\"2560\" height=\"1550\" data-id=\"8927\" src=\"https:\/\/www.champsblancstest.geek-tonic.dev\/wp-content\/uploads\/2023\/09\/camping-pezenas-10-scaled.webp\" alt=\"camping p\u00e9zenas 10\" class=\"wp-image-8927\" srcset=\"https:\/\/www.champsblancstest.geek-tonic.dev\/wp-content\/uploads\/2023\/09\/camping-pezenas-10-scaled.webp 2560w, https:\/\/www.champsblancstest.geek-tonic.dev\/wp-content\/uploads\/2023\/09\/camping-pezenas-10-300x182.webp 300w, https:\/\/www.champsblancstest.geek-tonic.dev\/wp-content\/uploads\/2023\/09\/camping-pezenas-10-1024x620.webp 1024w, https:\/\/www.champsblancstest.geek-tonic.dev\/wp-content\/uploads\/2023\/09\/camping-pezenas-10-768x465.webp 768w, https:\/\/www.champsblancstest.geek-tonic.dev\/wp-content\/uploads\/2023\/09\/camping-pezenas-10-1536x930.webp 1536w, https:\/\/www.champsblancstest.geek-tonic.dev\/wp-content\/uploads\/2023\/09\/camping-pezenas-10-2048x1240.webp 2048w\" sizes=\"(max-width: 2560px) 100vw, 2560px\" \/><\/a><\/figure>\n<\/figure>\n<\/div>\n<\/div>\n\n\n    <\/div>\n<\/section>\n\n<section id=\"ls-section-block_e178d009309b10e17bc64e9792905693\" class=\"ls-section  page-four animated fadeInUp slow delay-100ms\" >\n        <div class=\"container container--wide\">\n        \n\n<div id=\"ls-heading ls-titre-div-block_0aae9baa2e5a58b05012a4e61eabd56d\" class=\"ls-titre-div aligncenter h2-like\" >\n    Discover near P\u00e9zenas<\/div>\n\n\n<div id=\"ls-maillage-block_129ed9abeeee5d710b9b332190d8c3c4\" class=\"ls-maillage cta-style-normal\" data-rows=\"3\">\n    <div class=\"wp-block-columns\"><div class=\"wp-block-column\"><div class=\"ls-cta\">\n\n<a href=\"https:\/\/www.champsblancstest.geek-tonic.dev\/en\/herault\/marseillan\/\" target=\"\" rel=\"noopener\" class=\"ls-cta__link\">\n\n\t<div class=\"ls-cta__image\"><img decoding=\"async\" src=\"https:\/\/www.champsblancstest.geek-tonic.dev\/wp-content\/uploads\/2023\/09\/camping-marseillan-1-768x512.webp\" alt=\"camping marseillan 1\"><\/div>\n\t<div class=\"ls-cta__title\">\n\t\t<span class=\"champs-blancs-coin-droit\"><\/span>\n\t\tMarseillan\t\t<span class=\"champs-blancs-arrow-down\"><\/span>\n\t<\/div>\n\n\t\n<\/a><\/div><\/div><div class=\"wp-block-column\"><div class=\"ls-cta\">\n\n<a href=\"https:\/\/www.champsblancstest.geek-tonic.dev\/en\/herault\/montpellier\/\" target=\"\" rel=\"noopener\" class=\"ls-cta__link\">\n\n\t<div class=\"ls-cta__image\"><img decoding=\"async\" src=\"https:\/\/www.champsblancstest.geek-tonic.dev\/wp-content\/uploads\/2023\/09\/camping-montpellier7-768x512.webp\" alt=\"camping montpellier7\"><\/div>\n\t<div class=\"ls-cta__title\">\n\t\t<span class=\"champs-blancs-coin-droit\"><\/span>\n\t\tMontpellier\t\t<span class=\"champs-blancs-arrow-down\"><\/span>\n\t<\/div>\n\n\t\n<\/a><\/div><\/div><div class=\"wp-block-column\"><div class=\"ls-cta\">\n\n<a href=\"https:\/\/www.champsblancstest.geek-tonic.dev\/en\/herault\/beziers\/\" target=\"\" rel=\"noopener\" class=\"ls-cta__link\">\n\n\t<div class=\"ls-cta__image\"><img decoding=\"async\" src=\"https:\/\/www.champsblancstest.geek-tonic.dev\/wp-content\/uploads\/2023\/09\/camping-proche-de-beziers-768x512.webp\" alt=\"camping near beziers\"><\/div>\n\t<div class=\"ls-cta__title\">\n\t\t<span class=\"champs-blancs-coin-droit\"><\/span>\n\t\tB\u00e9ziers\t\t<span class=\"champs-blancs-arrow-down\"><\/span>\n\t<\/div>\n\n\t\n<\/a><\/div><\/div><\/div><\/div>\n\n    <\/div>\n<\/section>","protected":false},"excerpt":{"rendered":"","protected":false},"author":1,"featured_media":8934,"parent":10647,"menu_order":0,"comment_status":"closed","ping_status":"closed","template":"","meta":{"_acf_changed":false,"footnotes":""},"sujet":[],"class_list":["post-10670","page","type-page","status-publish","has-post-thumbnail","hentry"],"acf":[],"yoast_head":"<!-- This site is optimized with the Yoast SEO plugin v22.6 - https:\/\/yoast.com\/wordpress\/plugins\/seo\/ -->\n<title>P\u00e9zenas tourism and activities : What to see and do in P\u00e9zenas ?<\/title>\n<meta name=\"description\" content=\"Want to go sightseeing in P\u00e9zenas? Discover the best places to see and things to do in P\u00e9zenas!\" \/>\n<meta name=\"robots\" content=\"noindex, follow, max-snippet:-1, max-image-preview:large, max-video-preview:-1\" \/>\n<meta property=\"og:locale\" content=\"en_US\" \/>\n<meta property=\"og:type\" content=\"article\" \/>\n<meta property=\"og:title\" content=\"P\u00e9zenas tourism and activities : What to see and do in P\u00e9zenas ?\" \/>\n<meta property=\"og:description\" content=\"Want to go sightseeing in P\u00e9zenas? Discover the best places to see and things to do in P\u00e9zenas!\" \/>\n<meta property=\"og:url\" content=\"https:\/\/www.champsblancstest.geek-tonic.dev\/fr\/herault\/pezenas\/\" \/>\n<meta property=\"og:site_name\" content=\"Les Champs Blancs\" \/>\n<meta property=\"article:modified_time\" content=\"2023-11-07T14:47:41+00:00\" \/>\n<meta property=\"og:image\" content=\"https:\/\/www.champsblancstest.geek-tonic.dev\/wp-content\/uploads\/2023\/09\/camping-pezenas-1-scaled.webp\" \/>\n\t<meta property=\"og:image:width\" content=\"2560\" \/>\n\t<meta property=\"og:image:height\" content=\"1707\" \/>\n\t<meta property=\"og:image:type\" content=\"image\/webp\" \/>\n<meta name=\"twitter:card\" content=\"summary_large_image\" \/>\n<meta name=\"twitter:label1\" content=\"Est. reading time\" \/>\n\t<meta name=\"twitter:data1\" content=\"3 minutes\" \/>\n<script type=\"application\/ld+json\" class=\"yoast-schema-graph\">{\"@context\":\"https:\/\/schema.org\",\"@graph\":[{\"@type\":\"WebPage\",\"@id\":\"https:\/\/www.champsblancstest.geek-tonic.dev\/fr\/herault\/pezenas\/\",\"url\":\"https:\/\/www.champsblancstest.geek-tonic.dev\/fr\/herault\/pezenas\/\",\"name\":\"P\u00e9zenas tourism and activities : What to see and do in P\u00e9zenas ?\",\"isPartOf\":{\"@id\":\"https:\/\/www.champsblancstest.geek-tonic.dev\/fr\/#website\"},\"primaryImageOfPage\":{\"@id\":\"https:\/\/www.champsblancstest.geek-tonic.dev\/fr\/herault\/pezenas\/#primaryimage\"},\"image\":{\"@id\":\"https:\/\/www.champsblancstest.geek-tonic.dev\/fr\/herault\/pezenas\/#primaryimage\"},\"thumbnailUrl\":\"https:\/\/www.champsblancstest.geek-tonic.dev\/wp-content\/uploads\/2023\/09\/camping-pezenas-1-scaled.webp\",\"datePublished\":\"2023-10-19T10:09:07+00:00\",\"dateModified\":\"2023-11-07T14:47:41+00:00\",\"description\":\"Want to go sightseeing in P\u00e9zenas? Discover the best places to see and things to do in P\u00e9zenas!\",\"breadcrumb\":{\"@id\":\"https:\/\/www.champsblancstest.geek-tonic.dev\/fr\/herault\/pezenas\/#breadcrumb\"},\"inLanguage\":\"en-US\",\"potentialAction\":[{\"@type\":\"ReadAction\",\"target\":[\"https:\/\/www.champsblancstest.geek-tonic.dev\/fr\/herault\/pezenas\/\"]}]},{\"@type\":\"ImageObject\",\"inLanguage\":\"en-US\",\"@id\":\"https:\/\/www.champsblancstest.geek-tonic.dev\/fr\/herault\/pezenas\/#primaryimage\",\"url\":\"https:\/\/www.champsblancstest.geek-tonic.dev\/wp-content\/uploads\/2023\/09\/camping-pezenas-1-scaled.webp\",\"contentUrl\":\"https:\/\/www.champsblancstest.geek-tonic.dev\/wp-content\/uploads\/2023\/09\/camping-pezenas-1-scaled.webp\",\"width\":2560,\"height\":1707,\"caption\":\"camping p\u00e9zenas 1\"},{\"@type\":\"BreadcrumbList\",\"@id\":\"https:\/\/www.champsblancstest.geek-tonic.dev\/fr\/herault\/pezenas\/#breadcrumb\",\"itemListElement\":[{\"@type\":\"ListItem\",\"position\":1,\"name\":\"Cap d'Agde campsite\",\"item\":\"https:\/\/www.champsblancstest.geek-tonic.dev\/fr\/\"},{\"@type\":\"ListItem\",\"position\":2,\"name\":\"Discover Herault\",\"item\":\"https:\/\/www.champsblancstest.geek-tonic.dev\/fr\/herault\/\"},{\"@type\":\"ListItem\",\"position\":3,\"name\":\"Pezenas\"}]},{\"@type\":\"WebSite\",\"@id\":\"https:\/\/www.champsblancstest.geek-tonic.dev\/fr\/#website\",\"url\":\"https:\/\/www.champsblancstest.geek-tonic.dev\/fr\/\",\"name\":\"Les Champs Blancs\",\"description\":\"\",\"publisher\":{\"@id\":\"https:\/\/www.champsblancstest.geek-tonic.dev\/fr\/#organization\"},\"potentialAction\":[{\"@type\":\"SearchAction\",\"target\":{\"@type\":\"EntryPoint\",\"urlTemplate\":\"https:\/\/www.champsblancstest.geek-tonic.dev\/fr\/?s={search_term_string}\"},\"query-input\":\"required name=search_term_string\"}],\"inLanguage\":\"en-US\"},{\"@type\":\"Organization\",\"@id\":\"https:\/\/www.champsblancstest.geek-tonic.dev\/fr\/#organization\",\"name\":\"Les Champs Blancs\",\"url\":\"https:\/\/www.champsblancstest.geek-tonic.dev\/fr\/\",\"logo\":{\"@type\":\"ImageObject\",\"inLanguage\":\"en-US\",\"@id\":\"https:\/\/www.champsblancstest.geek-tonic.dev\/fr\/#\/schema\/logo\/image\/\",\"url\":\"https:\/\/www.champsblancstest.geek-tonic.dev\/wp-content\/uploads\/2023\/07\/logo-blanc-camping-les-champs-blancs.webp\",\"contentUrl\":\"https:\/\/www.champsblancstest.geek-tonic.dev\/wp-content\/uploads\/2023\/07\/logo-blanc-camping-les-champs-blancs.webp\",\"width\":821,\"height\":657,\"caption\":\"Les Champs Blancs\"},\"image\":{\"@id\":\"https:\/\/www.champsblancstest.geek-tonic.dev\/fr\/#\/schema\/logo\/image\/\"}}]}<\/script>\n<!-- \/ Yoast SEO plugin. -->","yoast_head_json":{"title":"P\u00e9zenas tourism and activities : What to see and do in P\u00e9zenas ?","description":"Want to go sightseeing in P\u00e9zenas? Discover the best places to see and things to do in P\u00e9zenas!","robots":{"index":"noindex","follow":"follow","max-snippet":"max-snippet:-1","max-image-preview":"max-image-preview:large","max-video-preview":"max-video-preview:-1"},"og_locale":"en_US","og_type":"article","og_title":"P\u00e9zenas tourism and activities : What to see and do in P\u00e9zenas ?","og_description":"Want to go sightseeing in P\u00e9zenas? Discover the best places to see and things to do in P\u00e9zenas!","og_url":"https:\/\/www.champsblancstest.geek-tonic.dev\/fr\/herault\/pezenas\/","og_site_name":"Les Champs Blancs","article_modified_time":"2023-11-07T14:47:41+00:00","og_image":[{"width":2560,"height":1707,"url":"https:\/\/www.champsblancstest.geek-tonic.dev\/wp-content\/uploads\/2023\/09\/camping-pezenas-1-scaled.webp","type":"image\/webp"}],"twitter_card":"summary_large_image","twitter_misc":{"Est. reading time":"3 minutes"},"schema":{"@context":"https:\/\/schema.org","@graph":[{"@type":"WebPage","@id":"https:\/\/www.champsblancstest.geek-tonic.dev\/fr\/herault\/pezenas\/","url":"https:\/\/www.champsblancstest.geek-tonic.dev\/fr\/herault\/pezenas\/","name":"P\u00e9zenas tourism and activities : What to see and do in P\u00e9zenas ?","isPartOf":{"@id":"https:\/\/www.champsblancstest.geek-tonic.dev\/fr\/#website"},"primaryImageOfPage":{"@id":"https:\/\/www.champsblancstest.geek-tonic.dev\/fr\/herault\/pezenas\/#primaryimage"},"image":{"@id":"https:\/\/www.champsblancstest.geek-tonic.dev\/fr\/herault\/pezenas\/#primaryimage"},"thumbnailUrl":"https:\/\/www.champsblancstest.geek-tonic.dev\/wp-content\/uploads\/2023\/09\/camping-pezenas-1-scaled.webp","datePublished":"2023-10-19T10:09:07+00:00","dateModified":"2023-11-07T14:47:41+00:00","description":"Want to go sightseeing in P\u00e9zenas? Discover the best places to see and things to do in P\u00e9zenas!","breadcrumb":{"@id":"https:\/\/www.champsblancstest.geek-tonic.dev\/fr\/herault\/pezenas\/#breadcrumb"},"inLanguage":"en-US","potentialAction":[{"@type":"ReadAction","target":["https:\/\/www.champsblancstest.geek-tonic.dev\/fr\/herault\/pezenas\/"]}]},{"@type":"ImageObject","inLanguage":"en-US","@id":"https:\/\/www.champsblancstest.geek-tonic.dev\/fr\/herault\/pezenas\/#primaryimage","url":"https:\/\/www.champsblancstest.geek-tonic.dev\/wp-content\/uploads\/2023\/09\/camping-pezenas-1-scaled.webp","contentUrl":"https:\/\/www.champsblancstest.geek-tonic.dev\/wp-content\/uploads\/2023\/09\/camping-pezenas-1-scaled.webp","width":2560,"height":1707,"caption":"camping p\u00e9zenas 1"},{"@type":"BreadcrumbList","@id":"https:\/\/www.champsblancstest.geek-tonic.dev\/fr\/herault\/pezenas\/#breadcrumb","itemListElement":[{"@type":"ListItem","position":1,"name":"Cap d'Agde campsite","item":"https:\/\/www.champsblancstest.geek-tonic.dev\/fr\/"},{"@type":"ListItem","position":2,"name":"Discover Herault","item":"https:\/\/www.champsblancstest.geek-tonic.dev\/fr\/herault\/"},{"@type":"ListItem","position":3,"name":"Pezenas"}]},{"@type":"WebSite","@id":"https:\/\/www.champsblancstest.geek-tonic.dev\/fr\/#website","url":"https:\/\/www.champsblancstest.geek-tonic.dev\/fr\/","name":"Les Champs Blancs","description":"","publisher":{"@id":"https:\/\/www.champsblancstest.geek-tonic.dev\/fr\/#organization"},"potentialAction":[{"@type":"SearchAction","target":{"@type":"EntryPoint","urlTemplate":"https:\/\/www.champsblancstest.geek-tonic.dev\/fr\/?s={search_term_string}"},"query-input":"required name=search_term_string"}],"inLanguage":"en-US"},{"@type":"Organization","@id":"https:\/\/www.champsblancstest.geek-tonic.dev\/fr\/#organization","name":"Les Champs Blancs","url":"https:\/\/www.champsblancstest.geek-tonic.dev\/fr\/","logo":{"@type":"ImageObject","inLanguage":"en-US","@id":"https:\/\/www.champsblancstest.geek-tonic.dev\/fr\/#\/schema\/logo\/image\/","url":"https:\/\/www.champsblancstest.geek-tonic.dev\/wp-content\/uploads\/2023\/07\/logo-blanc-camping-les-champs-blancs.webp","contentUrl":"https:\/\/www.champsblancstest.geek-tonic.dev\/wp-content\/uploads\/2023\/07\/logo-blanc-camping-les-champs-blancs.webp","width":821,"height":657,"caption":"Les Champs Blancs"},"image":{"@id":"https:\/\/www.champsblancstest.geek-tonic.dev\/fr\/#\/schema\/logo\/image\/"}}]}},"_links":{"self":[{"href":"https:\/\/www.champsblancstest.geek-tonic.dev\/en\/wp-json\/wp\/v2\/pages\/10670","targetHints":{"allow":["GET"]}}],"collection":[{"href":"https:\/\/www.champsblancstest.geek-tonic.dev\/en\/wp-json\/wp\/v2\/pages"}],"about":[{"href":"https:\/\/www.champsblancstest.geek-tonic.dev\/en\/wp-json\/wp\/v2\/types\/page"}],"author":[{"embeddable":true,"href":"https:\/\/www.champsblancstest.geek-tonic.dev\/en\/wp-json\/wp\/v2\/users\/1"}],"replies":[{"embeddable":true,"href":"https:\/\/www.champsblancstest.geek-tonic.dev\/en\/wp-json\/wp\/v2\/comments?post=10670"}],"version-history":[{"count":8,"href":"https:\/\/www.champsblancstest.geek-tonic.dev\/en\/wp-json\/wp\/v2\/pages\/10670\/revisions"}],"predecessor-version":[{"id":15682,"href":"https:\/\/www.champsblancstest.geek-tonic.dev\/en\/wp-json\/wp\/v2\/pages\/10670\/revisions\/15682"}],"up":[{"embeddable":true,"href":"https:\/\/www.champsblancstest.geek-tonic.dev\/en\/wp-json\/wp\/v2\/pages\/10647"}],"wp:featuredmedia":[{"embeddable":true,"href":"https:\/\/www.champsblancstest.geek-tonic.dev\/en\/wp-json\/wp\/v2\/media\/8934"}],"wp:attachment":[{"href":"https:\/\/www.champsblancstest.geek-tonic.dev\/en\/wp-json\/wp\/v2\/media?parent=10670"}],"wp:term":[{"taxonomy":"sujet","embeddable":true,"href":"https:\/\/www.champsblancstest.geek-tonic.dev\/en\/wp-json\/wp\/v2\/sujet?post=10670"}],"curies":[{"name":"wp","href":"https:\/\/api.w.org\/{rel}","templated":true}]}}