{"id":10544,"date":"2023-10-19T12:05:56","date_gmt":"2023-10-19T10:05:56","guid":{"rendered":"https:\/\/www.champsblancstest.geek-tonic.dev\/restaurante-agde\/"},"modified":"2023-10-30T11:48:46","modified_gmt":"2023-10-30T10:48:46","slug":"restaurante-agde","status":"publish","type":"page","link":"https:\/\/www.champsblancstest.geek-tonic.dev\/es\/restaurante-agde\/","title":{"rendered":"Catering"},"content":{"rendered":"<section id=\"ls-section-block_42602c5965f574ab8ecde33a7722fd05\" class=\"ls-section  home-first page-one\" >\n        <div class=\"container container--full\">\n        \n\n<div class=\"wp-block-columns are-vertically-aligned-center is-layout-flex wp-container-core-columns-is-layout-9d6595d7 wp-block-columns-is-layout-flex\">\n<div class=\"wp-block-column is-vertically-aligned-center is-layout-flow wp-block-column-is-layout-flow\" style=\"flex-basis:53%\">\n<figure class=\"wp-block-gallery has-nested-images columns-default is-cropped animated fadeInLeft slow wp-block-gallery-1 is-layout-flex wp-block-gallery-is-layout-flex\">\n<figure class=\"wp-block-image size-full\"><a href=\"https:\/\/www.champsblancstest.geek-tonic.dev\/wp-content\/uploads\/2023\/09\/jardin-restaurant-doligny-scaled.webp\"><img decoding=\"async\" width=\"2560\" height=\"1707\" data-id=\"8538\" src=\"https:\/\/www.champsblancstest.geek-tonic.dev\/wp-content\/uploads\/2023\/09\/jardin-restaurant-doligny-scaled.webp\" alt=\"restaurante jardin doligny\" class=\"wp-image-8538\" srcset=\"https:\/\/www.champsblancstest.geek-tonic.dev\/wp-content\/uploads\/2023\/09\/jardin-restaurant-doligny-scaled.webp 2560w, https:\/\/www.champsblancstest.geek-tonic.dev\/wp-content\/uploads\/2023\/09\/jardin-restaurant-doligny-300x200.webp 300w, https:\/\/www.champsblancstest.geek-tonic.dev\/wp-content\/uploads\/2023\/09\/jardin-restaurant-doligny-1024x683.webp 1024w, https:\/\/www.champsblancstest.geek-tonic.dev\/wp-content\/uploads\/2023\/09\/jardin-restaurant-doligny-768x512.webp 768w, https:\/\/www.champsblancstest.geek-tonic.dev\/wp-content\/uploads\/2023\/09\/jardin-restaurant-doligny-1536x1024.webp 1536w, https:\/\/www.champsblancstest.geek-tonic.dev\/wp-content\/uploads\/2023\/09\/jardin-restaurant-doligny-2048x1365.webp 2048w\" sizes=\"(max-width: 2560px) 100vw, 2560px\" \/><\/a><\/figure>\n<\/figure>\n<\/div>\n\n\n\n<div class=\"wp-block-column is-vertically-aligned-center is-layout-flow wp-block-column-is-layout-flow\" style=\"flex-basis:47%\">\n<h1 class=\"ls__heading wp-block-heading\">Restaurantes en Cap d&#8217;Agde<\/h1>\n\n\n\n<p class=\"ls-paragraph\"><strong>Le Doligny<\/strong> es un sabroso interludio en un jard\u00edn tropical. Se llam\u00f3 as\u00ed por el nombre art\u00edstico del creador del camping, que era contorsionista en circos internacionales. Este <strong>restaurante de Agde<\/strong> est\u00e1 situado en el coraz\u00f3n de un jard\u00edn tropical y ofrece un <strong>men\u00fa tradicional<\/strong>, entrantes, platos principales, postres y sugerencias. Todos los d\u00edas, el jefe de cocina y su equipo cocinan una tormenta, preparando dos entrantes, dos platos principales y dos postres seg\u00fan su estado de \u00e1nimo.<\/p>\n\n\n\n<p class=\"ls-paragraph\">En el sal\u00f3n del restaurante tambi\u00e9n podr\u00e1 disfrutar de un postre o un c\u00f3ctel en el <strong>jard\u00edn <\/strong>tropical. Consultar<strong> d\u00edas y horarios de apertura <\/strong>in situ<strong>. <\/strong>Cerrado un d\u00eda a la semana en temporada.  <br\/><em>Los horarios y d\u00edas de apertura var\u00edan seg\u00fan la temporada<\/em><\/p>\n<\/div>\n<\/div>\n\n\n    <\/div>\n<\/section><section id=\"pooltime\" class=\"ls-section  home-first page-two\" >\n        <div class=\"container container--full\">\n        \n\n<div class=\"wp-block-columns are-vertically-aligned-center is-layout-flex wp-container-core-columns-is-layout-9d6595d7 wp-block-columns-is-layout-flex\">\n<div class=\"wp-block-column is-vertically-aligned-center is-layout-flow wp-block-column-is-layout-flow\" style=\"flex-basis:47%\">\n<h2 class=\"ls__heading wp-block-heading\">El restaurante Pool Time<\/h2>\n\n\n\n<p class=\"ls-paragraph\"><strong>Almuerzo con vistas<\/strong><br\/>Pool Time es un<strong> restaurante de Cap d&#8217;Agde <\/strong>que le recibe cada mediod\u00eda para una comida en la terraza con vistas a la piscina.<\/p>\n\n\n\n<p class=\"ls-paragraph\">Venga y disfrute de una selecci\u00f3n de platos y sugerencias preparados seg\u00fan los deseos del chef.  <\/p>\n\n\n\n<p class=\"ls-paragraph\"><strong>Saborea un original c\u00f3ctel en el bar.<\/strong><\/p>\n\n\n\n<p class=\"ls-paragraph\">Por \u00faltimo, para tomar un caf\u00e9 o un c\u00f3ctel preparado por los camareros, dir\u00edjase al bar <a href=\"https:\/\/www.champsblancstest.geek-tonic.dev\/es\/\">del camping Champs Blancs<\/a>, <strong>abierto los 7 d\u00edas de la semana<\/strong>, de 8 de la ma\u00f1ana a medianoche en temporada.<\/p>\n\n\n\n<p class=\"ls-paragraph\">Los equipos servir\u00e1n <strong>grandes cl\u00e1sicos <\/strong>: desde el Mojito a la Caipirinha, sin olvidar la Pi\u00f1a Colada o el famoso Tequila Sunrise.<\/p>\n\n\n\n<p class=\"ls-paragraph\">Consulte los d\u00edas y horarios de apertura in situ. Cerrado un d\u00eda a la semana fuera de temporada.  <\/p>\n\n\n\n<p class=\"ls-paragraph\"><em>Los horarios y d\u00edas de apertura var\u00edan seg\u00fan la temporada<\/em><\/p>\n<\/div>\n\n\n\n<div class=\"wp-block-column is-vertically-aligned-center is-layout-flow wp-block-column-is-layout-flow\" style=\"flex-basis:53%\">\n<figure class=\"wp-block-gallery has-nested-images columns-default is-cropped animated fadeInRight slow delay-200ms wp-block-gallery-2 is-layout-flex wp-block-gallery-is-layout-flex\">\n<figure class=\"wp-block-image size-full\"><a href=\"https:\/\/www.champsblancstest.geek-tonic.dev\/wp-content\/uploads\/2023\/10\/restaurant-le-pool-time-agde.jpg\"><img decoding=\"async\" width=\"1440\" height=\"961\" data-id=\"10171\" src=\"https:\/\/www.champsblancstest.geek-tonic.dev\/wp-content\/uploads\/2023\/10\/restaurant-le-pool-time-agde.jpg\" alt=\"restaurante le pool time agde\" class=\"wp-image-10171\" srcset=\"https:\/\/www.champsblancstest.geek-tonic.dev\/wp-content\/uploads\/2023\/10\/restaurant-le-pool-time-agde.jpg 1440w, https:\/\/www.champsblancstest.geek-tonic.dev\/wp-content\/uploads\/2023\/10\/restaurant-le-pool-time-agde-300x200.jpg 300w, https:\/\/www.champsblancstest.geek-tonic.dev\/wp-content\/uploads\/2023\/10\/restaurant-le-pool-time-agde-1024x683.jpg 1024w, https:\/\/www.champsblancstest.geek-tonic.dev\/wp-content\/uploads\/2023\/10\/restaurant-le-pool-time-agde-768x513.jpg 768w\" sizes=\"(max-width: 1440px) 100vw, 1440px\" \/><\/a><\/figure>\n<\/figure>\n<\/div>\n<\/div>\n\n\n    <\/div>\n<\/section><section id=\"ls-section-block_378fe9d5b5d4a0b2313477ad2c03b027\" class=\"ls-section  home-sixth page-three has-background-image has-parallax-child\" >\n    <div class=\"ls-section__background-image opacity-100\"><img decoding=\"async\" src=\"https:\/\/www.champsblancstest.geek-tonic.dev\/wp-content\/uploads\/2023\/09\/restaurant-cap-agde-scaled.webp\" alt=\"restaurante cap agde\"><\/div>    <div class=\"container container--wide\">\n        \n\n<div class=\"wp-block-columns are-vertically-aligned-center is-layout-flex wp-container-core-columns-is-layout-9d6595d7 wp-block-columns-is-layout-flex\">\n<div class=\"wp-block-column is-vertically-aligned-center wp-block-column__text animated fadeInUp delay-100ms slow is-layout-flow wp-block-column-is-layout-flow\" style=\"flex-basis:66.66%\">\n<h2 class=\"ls__heading wp-block-heading\">Gastronom\u00eda: snack bar &#8211; helader\u00eda &#8211; tienda de comestibles &#8211; pizzer\u00eda<\/h2>\n\n\n\n<p class=\"ls-paragraph\">Vacaciones rima con indulgencia.<\/p>\n\n\n\n<p class=\"ls-paragraph\">A partir de las 8.00 h y durante todo el d\u00eda, la <strong>Boulangerie du<\/strong> Camping le deleitar\u00e1 con sus panes y pasteles horneados in situ. En su alojamiento o en la terraza Pool Time con vistas a la piscina, \u00a1el desayuno le pondr\u00e1 en forma para sus sesiones deportivas!<\/p>\n\n\n\n<p class=\"ls-paragraph\">Con una amplia selecci\u00f3n de <strong>sabores<\/strong> y <strong>helados<\/strong> de impulso, seguro que disfrutar\u00e1 de un momento refrescante en la terraza protegida del bar. Por la noche, podr\u00e1 disfrutar de una pizza preparada y cocinada por nuestros equipos de cocina. Seg\u00fan sus gustos, \u00a1nuestras <strong>pizzas har\u00e1n las delicias de toda la familia<\/strong>!<\/p>\n\n\n\n<p class=\"ls-paragraph\">La tienda de comestibles Vival tambi\u00e9n est\u00e1 abierta <strong>de 8.00 a 22.00 en temporada<\/strong>, y ofrece una completa gama de productos para sus necesidades diarias.<br\/><br\/><em>Los horarios y d\u00edas de apertura var\u00edan seg\u00fan la temporada<\/em><\/p>\n<\/div>\n\n\n\n<div class=\"wp-block-column is-vertically-aligned-center is-layout-flow wp-block-column-is-layout-flow\" style=\"flex-basis:33.33%\">\n<div id=\"ls-heading ls-titre-div-block_ff749d7f82e59ba2094fb2043178da06\" class=\"ls-titre-div h1-like\" >\n    Abran paso a  <br><strong>codicia<\/strong><\/div>\n<\/div>\n<\/div>\n\n\n    <\/div>\n<\/section><section id=\"ls-section-block_3ed91e138ff2d059bdafaef26e989300\" class=\"ls-section  page-four animated fadeInUp slow delay-100ms\" >\n        <div class=\"container container--wide\">\n        \n\n<div id=\"ls-heading ls-titre-div-block_03ed29c8c9fd0a19f4cca674dcdbed4a\" class=\"ls-titre-div aligncenter h2-like\" >\n    Descubra nuestro parque acu\u00e1tico, actividades y servicios<\/div>\n\n\n<div id=\"ls-maillage-block_5274adf042f848f6fb8f80c0c1092e48\" class=\"ls-maillage cta-style-normal\" data-rows=\"3\">\n    <div class=\"wp-block-columns\"><div class=\"wp-block-column\"><div class=\"ls-cta\">\n\n<a href=\"https:\/\/www.champsblancstest.geek-tonic.dev\/es\/camping-parque-acuatico-cabo-de-agde\/\" target=\"\" rel=\"noopener\" class=\"ls-cta__link\">\n\n\t<div class=\"ls-cta__image\"><img decoding=\"async\" src=\"https:\/\/www.champsblancstest.geek-tonic.dev\/wp-content\/uploads\/2023\/10\/camping-avec-parc-aquatique-agde-1-768x1152.webp\" alt=\"camping con parque acu\u00e1tico agde\"><\/div>\n\t<div class=\"ls-cta__title\">\n\t\t<span class=\"champs-blancs-coin-droit\"><\/span>\n\t\tLa piscina\t\t<span class=\"champs-blancs-arrow-down\"><\/span>\n\t<\/div>\n\n\t\n<\/a><\/div><\/div><div class=\"wp-block-column\"><div class=\"ls-cta\">\n\n<a href=\"https:\/\/www.champsblancstest.geek-tonic.dev\/es\/camping-animaciones-cap-agde\/\" target=\"\" rel=\"noopener\" class=\"ls-cta__link\">\n\n\t<div class=\"ls-cta__image\"><img decoding=\"async\" src=\"https:\/\/www.champsblancstest.geek-tonic.dev\/wp-content\/uploads\/2023\/09\/club-enfant-camping-agde-768x474.webp\" alt=\"club enfant camping agde\"><\/div>\n\t<div class=\"ls-cta__title\">\n\t\t<span class=\"champs-blancs-coin-droit\"><\/span>\n\t\tEntretenimiento y espect\u00e1culos\t\t<span class=\"champs-blancs-arrow-down\"><\/span>\n\t<\/div>\n\n\t\n<\/a><\/div><\/div><div class=\"wp-block-column\"><div class=\"ls-cta\">\n\n<a href=\"https:\/\/www.champsblancstest.geek-tonic.dev\/es\/servicios-camping\/\" target=\"\" rel=\"noopener\" class=\"ls-cta__link\">\n\n\t<div class=\"ls-cta__image\"><img decoding=\"async\" src=\"https:\/\/www.champsblancstest.geek-tonic.dev\/wp-content\/uploads\/2023\/09\/camping-services-5-etoiles-768x1024.webp\" alt=\"Servicios de camping 5 estrellas\"><\/div>\n\t<div class=\"ls-cta__title\">\n\t\t<span class=\"champs-blancs-coin-droit\"><\/span>\n\t\tNuestros servicios\t\t<span class=\"champs-blancs-arrow-down\"><\/span>\n\t<\/div>\n\n\t\n<\/a><\/div><\/div><\/div><\/div>\n\n    <\/div>\n<\/section>","protected":false},"excerpt":{"rendered":"","protected":false},"author":1,"featured_media":8547,"parent":0,"menu_order":0,"comment_status":"closed","ping_status":"closed","template":"","meta":{"_acf_changed":false,"footnotes":""},"sujet":[],"class_list":["post-10544","page","type-page","status-publish","has-post-thumbnail","hentry"],"acf":[],"yoast_head":"<!-- This site is optimized with the Yoast SEO plugin v22.6 - https:\/\/yoast.com\/wordpress\/plugins\/seo\/ -->\n<title>Restaurante Cap d&#039;Agde | Resto Agde | Pizza, Snack bar<\/title>\n<meta name=\"description\" content=\"\u00bfBusca un buen restaurante en Cap d&#039;Agde? Descubra nuestros 2 restaurantes en Agde con pizzas, bocadillos, crepes y \u00a1mucho m\u00e1s!\" \/>\n<meta name=\"robots\" content=\"noindex, follow, max-snippet:-1, max-image-preview:large, max-video-preview:-1\" \/>\n<meta property=\"og:locale\" content=\"es_ES\" \/>\n<meta property=\"og:type\" content=\"article\" \/>\n<meta property=\"og:title\" content=\"Restaurante Cap d&#039;Agde | Resto Agde | Pizza, Snack bar\" \/>\n<meta property=\"og:description\" content=\"\u00bfBusca un buen restaurante en Cap d&#039;Agde? Descubra nuestros 2 restaurantes en Agde con pizzas, bocadillos, crepes y \u00a1mucho m\u00e1s!\" \/>\n<meta property=\"og:url\" content=\"https:\/\/www.champsblancstest.geek-tonic.dev\/fr\/restaurant-agde\/\" \/>\n<meta property=\"og:site_name\" content=\"Les Champs Blancs\" \/>\n<meta property=\"article:modified_time\" content=\"2023-10-30T10:48:46+00:00\" \/>\n<meta property=\"og:image\" content=\"https:\/\/www.champsblancstest.geek-tonic.dev\/wp-content\/uploads\/2023\/09\/restaurant-le-doligny-cap-agde-scaled.webp\" \/>\n\t<meta property=\"og:image:width\" content=\"2048\" \/>\n\t<meta property=\"og:image:height\" content=\"1366\" \/>\n\t<meta property=\"og:image:type\" content=\"image\/webp\" \/>\n<meta name=\"twitter:card\" content=\"summary_large_image\" \/>\n<meta name=\"twitter:label1\" content=\"Tiempo de lectura\" \/>\n\t<meta name=\"twitter:data1\" content=\"2 minutos\" \/>\n<script type=\"application\/ld+json\" class=\"yoast-schema-graph\">{\"@context\":\"https:\/\/schema.org\",\"@graph\":[{\"@type\":\"WebPage\",\"@id\":\"https:\/\/www.champsblancstest.geek-tonic.dev\/fr\/restaurant-agde\/\",\"url\":\"https:\/\/www.champsblancstest.geek-tonic.dev\/fr\/restaurant-agde\/\",\"name\":\"Restaurante Cap d'Agde | Resto Agde | Pizza, Snack bar\",\"isPartOf\":{\"@id\":\"https:\/\/www.champsblancstest.geek-tonic.dev\/fr\/#website\"},\"primaryImageOfPage\":{\"@id\":\"https:\/\/www.champsblancstest.geek-tonic.dev\/fr\/restaurant-agde\/#primaryimage\"},\"image\":{\"@id\":\"https:\/\/www.champsblancstest.geek-tonic.dev\/fr\/restaurant-agde\/#primaryimage\"},\"thumbnailUrl\":\"https:\/\/www.champsblancstest.geek-tonic.dev\/wp-content\/uploads\/2023\/09\/restaurant-le-doligny-cap-agde-scaled.webp\",\"datePublished\":\"2023-10-19T10:05:56+00:00\",\"dateModified\":\"2023-10-30T10:48:46+00:00\",\"description\":\"\u00bfBusca un buen restaurante en Cap d'Agde? Descubra nuestros 2 restaurantes en Agde con pizzas, bocadillos, crepes y \u00a1mucho m\u00e1s!\",\"breadcrumb\":{\"@id\":\"https:\/\/www.champsblancstest.geek-tonic.dev\/fr\/restaurant-agde\/#breadcrumb\"},\"inLanguage\":\"es\",\"potentialAction\":[{\"@type\":\"ReadAction\",\"target\":[\"https:\/\/www.champsblancstest.geek-tonic.dev\/fr\/restaurant-agde\/\"]}]},{\"@type\":\"ImageObject\",\"inLanguage\":\"es\",\"@id\":\"https:\/\/www.champsblancstest.geek-tonic.dev\/fr\/restaurant-agde\/#primaryimage\",\"url\":\"https:\/\/www.champsblancstest.geek-tonic.dev\/wp-content\/uploads\/2023\/09\/restaurant-le-doligny-cap-agde-scaled.webp\",\"contentUrl\":\"https:\/\/www.champsblancstest.geek-tonic.dev\/wp-content\/uploads\/2023\/09\/restaurant-le-doligny-cap-agde-scaled.webp\",\"width\":2048,\"height\":1366,\"caption\":\"restaurante le doligny cap agde\"},{\"@type\":\"BreadcrumbList\",\"@id\":\"https:\/\/www.champsblancstest.geek-tonic.dev\/fr\/restaurant-agde\/#breadcrumb\",\"itemListElement\":[{\"@type\":\"ListItem\",\"position\":1,\"name\":\"Acampar Cap d'Agde\",\"item\":\"https:\/\/www.champsblancstest.geek-tonic.dev\/fr\/\"},{\"@type\":\"ListItem\",\"position\":2,\"name\":\"Restaurante Agde\"}]},{\"@type\":\"WebSite\",\"@id\":\"https:\/\/www.champsblancstest.geek-tonic.dev\/fr\/#website\",\"url\":\"https:\/\/www.champsblancstest.geek-tonic.dev\/fr\/\",\"name\":\"Les Champs Blancs\",\"description\":\"\",\"publisher\":{\"@id\":\"https:\/\/www.champsblancstest.geek-tonic.dev\/fr\/#organization\"},\"potentialAction\":[{\"@type\":\"SearchAction\",\"target\":{\"@type\":\"EntryPoint\",\"urlTemplate\":\"https:\/\/www.champsblancstest.geek-tonic.dev\/fr\/?s={search_term_string}\"},\"query-input\":\"required name=search_term_string\"}],\"inLanguage\":\"es\"},{\"@type\":\"Organization\",\"@id\":\"https:\/\/www.champsblancstest.geek-tonic.dev\/fr\/#organization\",\"name\":\"Les Champs Blancs\",\"url\":\"https:\/\/www.champsblancstest.geek-tonic.dev\/fr\/\",\"logo\":{\"@type\":\"ImageObject\",\"inLanguage\":\"es\",\"@id\":\"https:\/\/www.champsblancstest.geek-tonic.dev\/fr\/#\/schema\/logo\/image\/\",\"url\":\"https:\/\/www.champsblancstest.geek-tonic.dev\/wp-content\/uploads\/2023\/07\/logo-blanc-camping-les-champs-blancs.webp\",\"contentUrl\":\"https:\/\/www.champsblancstest.geek-tonic.dev\/wp-content\/uploads\/2023\/07\/logo-blanc-camping-les-champs-blancs.webp\",\"width\":821,\"height\":657,\"caption\":\"Les Champs Blancs\"},\"image\":{\"@id\":\"https:\/\/www.champsblancstest.geek-tonic.dev\/fr\/#\/schema\/logo\/image\/\"}}]}<\/script>\n<!-- \/ Yoast SEO plugin. -->","yoast_head_json":{"title":"Restaurante Cap d'Agde | Resto Agde | Pizza, Snack bar","description":"\u00bfBusca un buen restaurante en Cap d'Agde? Descubra nuestros 2 restaurantes en Agde con pizzas, bocadillos, crepes y \u00a1mucho m\u00e1s!","robots":{"index":"noindex","follow":"follow","max-snippet":"max-snippet:-1","max-image-preview":"max-image-preview:large","max-video-preview":"max-video-preview:-1"},"og_locale":"es_ES","og_type":"article","og_title":"Restaurante Cap d'Agde | Resto Agde | Pizza, Snack bar","og_description":"\u00bfBusca un buen restaurante en Cap d'Agde? Descubra nuestros 2 restaurantes en Agde con pizzas, bocadillos, crepes y \u00a1mucho m\u00e1s!","og_url":"https:\/\/www.champsblancstest.geek-tonic.dev\/fr\/restaurant-agde\/","og_site_name":"Les Champs Blancs","article_modified_time":"2023-10-30T10:48:46+00:00","og_image":[{"width":2048,"height":1366,"url":"https:\/\/www.champsblancstest.geek-tonic.dev\/wp-content\/uploads\/2023\/09\/restaurant-le-doligny-cap-agde-scaled.webp","type":"image\/webp"}],"twitter_card":"summary_large_image","twitter_misc":{"Tiempo de lectura":"2 minutos"},"schema":{"@context":"https:\/\/schema.org","@graph":[{"@type":"WebPage","@id":"https:\/\/www.champsblancstest.geek-tonic.dev\/fr\/restaurant-agde\/","url":"https:\/\/www.champsblancstest.geek-tonic.dev\/fr\/restaurant-agde\/","name":"Restaurante Cap d'Agde | Resto Agde | Pizza, Snack bar","isPartOf":{"@id":"https:\/\/www.champsblancstest.geek-tonic.dev\/fr\/#website"},"primaryImageOfPage":{"@id":"https:\/\/www.champsblancstest.geek-tonic.dev\/fr\/restaurant-agde\/#primaryimage"},"image":{"@id":"https:\/\/www.champsblancstest.geek-tonic.dev\/fr\/restaurant-agde\/#primaryimage"},"thumbnailUrl":"https:\/\/www.champsblancstest.geek-tonic.dev\/wp-content\/uploads\/2023\/09\/restaurant-le-doligny-cap-agde-scaled.webp","datePublished":"2023-10-19T10:05:56+00:00","dateModified":"2023-10-30T10:48:46+00:00","description":"\u00bfBusca un buen restaurante en Cap d'Agde? Descubra nuestros 2 restaurantes en Agde con pizzas, bocadillos, crepes y \u00a1mucho m\u00e1s!","breadcrumb":{"@id":"https:\/\/www.champsblancstest.geek-tonic.dev\/fr\/restaurant-agde\/#breadcrumb"},"inLanguage":"es","potentialAction":[{"@type":"ReadAction","target":["https:\/\/www.champsblancstest.geek-tonic.dev\/fr\/restaurant-agde\/"]}]},{"@type":"ImageObject","inLanguage":"es","@id":"https:\/\/www.champsblancstest.geek-tonic.dev\/fr\/restaurant-agde\/#primaryimage","url":"https:\/\/www.champsblancstest.geek-tonic.dev\/wp-content\/uploads\/2023\/09\/restaurant-le-doligny-cap-agde-scaled.webp","contentUrl":"https:\/\/www.champsblancstest.geek-tonic.dev\/wp-content\/uploads\/2023\/09\/restaurant-le-doligny-cap-agde-scaled.webp","width":2048,"height":1366,"caption":"restaurante le doligny cap agde"},{"@type":"BreadcrumbList","@id":"https:\/\/www.champsblancstest.geek-tonic.dev\/fr\/restaurant-agde\/#breadcrumb","itemListElement":[{"@type":"ListItem","position":1,"name":"Acampar Cap d'Agde","item":"https:\/\/www.champsblancstest.geek-tonic.dev\/fr\/"},{"@type":"ListItem","position":2,"name":"Restaurante Agde"}]},{"@type":"WebSite","@id":"https:\/\/www.champsblancstest.geek-tonic.dev\/fr\/#website","url":"https:\/\/www.champsblancstest.geek-tonic.dev\/fr\/","name":"Les Champs Blancs","description":"","publisher":{"@id":"https:\/\/www.champsblancstest.geek-tonic.dev\/fr\/#organization"},"potentialAction":[{"@type":"SearchAction","target":{"@type":"EntryPoint","urlTemplate":"https:\/\/www.champsblancstest.geek-tonic.dev\/fr\/?s={search_term_string}"},"query-input":"required name=search_term_string"}],"inLanguage":"es"},{"@type":"Organization","@id":"https:\/\/www.champsblancstest.geek-tonic.dev\/fr\/#organization","name":"Les Champs Blancs","url":"https:\/\/www.champsblancstest.geek-tonic.dev\/fr\/","logo":{"@type":"ImageObject","inLanguage":"es","@id":"https:\/\/www.champsblancstest.geek-tonic.dev\/fr\/#\/schema\/logo\/image\/","url":"https:\/\/www.champsblancstest.geek-tonic.dev\/wp-content\/uploads\/2023\/07\/logo-blanc-camping-les-champs-blancs.webp","contentUrl":"https:\/\/www.champsblancstest.geek-tonic.dev\/wp-content\/uploads\/2023\/07\/logo-blanc-camping-les-champs-blancs.webp","width":821,"height":657,"caption":"Les Champs Blancs"},"image":{"@id":"https:\/\/www.champsblancstest.geek-tonic.dev\/fr\/#\/schema\/logo\/image\/"}}]}},"_links":{"self":[{"href":"https:\/\/www.champsblancstest.geek-tonic.dev\/es\/wp-json\/wp\/v2\/pages\/10544","targetHints":{"allow":["GET"]}}],"collection":[{"href":"https:\/\/www.champsblancstest.geek-tonic.dev\/es\/wp-json\/wp\/v2\/pages"}],"about":[{"href":"https:\/\/www.champsblancstest.geek-tonic.dev\/es\/wp-json\/wp\/v2\/types\/page"}],"author":[{"embeddable":true,"href":"https:\/\/www.champsblancstest.geek-tonic.dev\/es\/wp-json\/wp\/v2\/users\/1"}],"replies":[{"embeddable":true,"href":"https:\/\/www.champsblancstest.geek-tonic.dev\/es\/wp-json\/wp\/v2\/comments?post=10544"}],"version-history":[{"count":1,"href":"https:\/\/www.champsblancstest.geek-tonic.dev\/es\/wp-json\/wp\/v2\/pages\/10544\/revisions"}],"predecessor-version":[{"id":10551,"href":"https:\/\/www.champsblancstest.geek-tonic.dev\/es\/wp-json\/wp\/v2\/pages\/10544\/revisions\/10551"}],"wp:featuredmedia":[{"embeddable":true,"href":"https:\/\/www.champsblancstest.geek-tonic.dev\/es\/wp-json\/wp\/v2\/media\/8547"}],"wp:attachment":[{"href":"https:\/\/www.champsblancstest.geek-tonic.dev\/es\/wp-json\/wp\/v2\/media?parent=10544"}],"wp:term":[{"taxonomy":"sujet","embeddable":true,"href":"https:\/\/www.champsblancstest.geek-tonic.dev\/es\/wp-json\/wp\/v2\/sujet?post=10544"}],"curies":[{"name":"wp","href":"https:\/\/api.w.org\/{rel}","templated":true}]}}