{"id":10589,"date":"2023-10-19T12:06:03","date_gmt":"2023-10-19T10:06:03","guid":{"rendered":"https:\/\/www.champsblancstest.geek-tonic.dev\/camping-bord-de-mer-cap-agde\/"},"modified":"2023-11-15T14:49:13","modified_gmt":"2023-11-15T13:49:13","slug":"camping-junto-al-mar-cap-agde","status":"publish","type":"page","link":"https:\/\/www.champsblancstest.geek-tonic.dev\/es\/camping-junto-al-mar-cap-agde\/","title":{"rendered":"Orilla del mar"},"content":{"rendered":"<section id=\"ls-section-block_f69360fb4052ddfffca13acd8d464f27\" class=\"ls-section  home-first page-one\" >\n        <div class=\"container container--full\">\n        \n\n<div class=\"wp-block-columns are-vertically-aligned-center is-layout-flex wp-container-core-columns-is-layout-9d6595d7 wp-block-columns-is-layout-flex\">\n<div class=\"wp-block-column is-vertically-aligned-center is-layout-flow wp-block-column-is-layout-flow\" style=\"flex-basis:53%\">\n<figure class=\"wp-block-gallery has-nested-images columns-default is-cropped animated fadeInLeft slow wp-block-gallery-1 is-layout-flex wp-block-gallery-is-layout-flex\">\n<figure class=\"wp-block-image size-full\"><a href=\"https:\/\/www.champsblancstest.geek-tonic.dev\/wp-content\/uploads\/2023\/10\/camping-plage-brescou-cap-agde-12.webp\"><img decoding=\"async\" width=\"1920\" height=\"1080\" data-id=\"10490\" src=\"https:\/\/www.champsblancstest.geek-tonic.dev\/wp-content\/uploads\/2023\/10\/camping-plage-brescou-cap-agde-12.webp\" alt=\"camping plage brescou cap agde\" class=\"wp-image-10490\" srcset=\"https:\/\/www.champsblancstest.geek-tonic.dev\/wp-content\/uploads\/2023\/10\/camping-plage-brescou-cap-agde-12.webp 1920w, https:\/\/www.champsblancstest.geek-tonic.dev\/wp-content\/uploads\/2023\/10\/camping-plage-brescou-cap-agde-12-300x169.webp 300w, https:\/\/www.champsblancstest.geek-tonic.dev\/wp-content\/uploads\/2023\/10\/camping-plage-brescou-cap-agde-12-1024x576.webp 1024w, https:\/\/www.champsblancstest.geek-tonic.dev\/wp-content\/uploads\/2023\/10\/camping-plage-brescou-cap-agde-12-768x432.webp 768w, https:\/\/www.champsblancstest.geek-tonic.dev\/wp-content\/uploads\/2023\/10\/camping-plage-brescou-cap-agde-12-1536x864.webp 1536w\" sizes=\"(max-width: 1920px) 100vw, 1920px\" \/><\/a><\/figure>\n<\/figure>\n<\/div>\n\n\n\n<div class=\"wp-block-column is-vertically-aligned-center is-layout-flow wp-block-column-is-layout-flow\" style=\"flex-basis:47%\">\n<h1 class=\"ls__heading wp-block-heading\">Camping Cap d&#8217;Agde orilla del mar<\/h1>\n\n\n\n<p class=\"ls-paragraph\">El <a href=\"https:\/\/www.champsblancstest.geek-tonic.dev\/es\/\">camping<\/a> de 5 estrellas <a href=\"https:\/\/www.champsblancstest.geek-tonic.dev\/es\/\">Cap d<\/a> &#8216; <strong>Agde<\/strong> Les Champs Blancs est\u00e1 situado en un entorno natural excepcional, a <strong>2 km de las playas de Cap d&#8217;Agde<\/strong> y a poca distancia en coche de las playas de Vias y Marseillan.<\/p>\n\n\n\n<p class=\"ls-paragraph\">\u00bfSue\u00f1a con unas vacaciones junto al Mediterr\u00e1neo y una estancia en un lujoso hotel al aire libre junto al mar? Reserve ya su confortable parcela o alojamiento de alquiler premium en el <strong>camping<\/strong> balneario <strong>Cap d&#8217;Agde<\/strong> Les Champs Blancs y regale a su familia una experiencia \u00fanica cerca de las hermosas playas de arena que hacen tan famosos a Languedoc y H\u00e9rault.<\/p>\n<\/div>\n<\/div>\n\n\n    <\/div>\n<\/section><section id=\"ls-section-block_7aa0a3751674ba0b998f508e6ed82d23\" class=\"ls-section  home-first page-two\" >\n        <div class=\"container container--full\">\n        \n\n<div class=\"wp-block-columns are-vertically-aligned-center is-layout-flex wp-container-core-columns-is-layout-9d6595d7 wp-block-columns-is-layout-flex\">\n<div class=\"wp-block-column is-vertically-aligned-center is-layout-flow wp-block-column-is-layout-flow\" style=\"flex-basis:47%\">\n<h2 class=\"ls__heading wp-block-heading\">Las 5 playas m\u00e1s bonitas de Cap d&#8217;Agde cerca del camping<\/h2>\n\n\n\n<ul class=\"ls-list wp-block-list\">\n<li><strong>Plage de la Farinette, Vias-Plage (a 9 km del camping)<\/strong><\/li>\n<\/ul>\n\n\n\n<p class=\"ls-paragraph\">Bienvenido a la playa familiar por excelencia de Vias-Plage. Convenientemente situado en el centro de la zona de Viass y cerca del centro de la ciudad, la playa de La Farinette tambi\u00e9n est\u00e1 muy bien equipada. Aparcamiento, campo de f\u00fatbol playa, duchas, aseos, acceso para minusv\u00e1lidos, puesto de primeros auxilios, mercado nocturno en verano, bares y restaurantes en el paseo mar\u00edtimo: todo lo que necesita para ba\u00f1arse con seguridad y divertirse en familia en la playa.<\/p>\n\n\n\n<ul class=\"ls-list wp-block-list\">\n<li><strong>Plage de Richelieu, Cap d&#8217;Agde (a 3,4 km del camping)<\/strong><\/li>\n<\/ul>\n\n\n\n<p class=\"ls-paragraph\">Esta hermosa playa virgen de <strong>Cap d&#8217;Agde<\/strong>, de arena fina, se extiende a lo largo de m\u00e1s de un kil\u00f3metro. Limita con el puerto y la playa de Rochelongue, en Cap d&#8217;Agde. Es f\u00e1cilmente accesible en coche (4 aparcamientos cercanos), en bicicleta y a pie (unos 45 minutos a pie). La playa de Richelieu tiene otra gran ventaja: est\u00e1 a tiro de piedra de la \u00cele des Loisirs (Aqualand, Luna Park) y un corto sendero le llevar\u00e1 a <strong>algunas de las playas m\u00e1s bellas del H\u00e9rault<\/strong>.<\/p>\n\n\n\n<p class=\"ls-paragraph\">Centro de deportes n\u00e1uticos con alquiler de hidropedales y boyas remolcadas, alquiler de colchonetas, duchas, aseos, pista de voley playa, restaurantes, acceso para minusv\u00e1lidos: las instalaciones est\u00e1n a la altura de las expectativas de los veraneantes y podr\u00e1 disfrutar de todas ellas durante su estancia.  <strong>acampar junto al mar en Cap d&#8217;Agde<\/strong>.<\/p>\n<\/div>\n\n\n\n<div class=\"wp-block-column is-vertically-aligned-center is-layout-flow wp-block-column-is-layout-flow\" style=\"flex-basis:53%\">\n<figure class=\"wp-block-gallery has-nested-images columns-default is-cropped animated fadeInRight slow delay-200ms wp-block-gallery-2 is-layout-flex wp-block-gallery-is-layout-flex\">\n<figure class=\"wp-block-image size-full\"><a href=\"https:\/\/www.champsblancstest.geek-tonic.dev\/wp-content\/uploads\/2023\/10\/camping-plage-brescou-cap-agde-13.webp\"><img decoding=\"async\" width=\"1920\" height=\"1080\" data-id=\"10495\" src=\"https:\/\/www.champsblancstest.geek-tonic.dev\/wp-content\/uploads\/2023\/10\/camping-plage-brescou-cap-agde-13.webp\" alt=\"camping plage brescou cap agde\" class=\"wp-image-10495\" srcset=\"https:\/\/www.champsblancstest.geek-tonic.dev\/wp-content\/uploads\/2023\/10\/camping-plage-brescou-cap-agde-13.webp 1920w, https:\/\/www.champsblancstest.geek-tonic.dev\/wp-content\/uploads\/2023\/10\/camping-plage-brescou-cap-agde-13-300x169.webp 300w, https:\/\/www.champsblancstest.geek-tonic.dev\/wp-content\/uploads\/2023\/10\/camping-plage-brescou-cap-agde-13-1024x576.webp 1024w, https:\/\/www.champsblancstest.geek-tonic.dev\/wp-content\/uploads\/2023\/10\/camping-plage-brescou-cap-agde-13-768x432.webp 768w, https:\/\/www.champsblancstest.geek-tonic.dev\/wp-content\/uploads\/2023\/10\/camping-plage-brescou-cap-agde-13-1536x864.webp 1536w\" sizes=\"(max-width: 1920px) 100vw, 1920px\" \/><\/a><\/figure>\n<\/figure>\n<\/div>\n<\/div>\n\n\n    <\/div>\n<\/section><section id=\"ls-section-block_d38daed53d2247a45e4579d56f447a1c\" class=\"ls-section  home-sixth page-three has-background-image has-parallax-child\" >\n    <div class=\"ls-section__background-image opacity-100\"><img decoding=\"async\" src=\"https:\/\/www.champsblancstest.geek-tonic.dev\/wp-content\/uploads\/2023\/10\/camping-plage-brescou-cap-agde-1.webp\" alt=\"camping plage brescou cap agde\"><\/div>    <div class=\"container container--wide\">\n        \n\n<div class=\"wp-block-columns are-vertically-aligned-center is-layout-flex wp-container-core-columns-is-layout-9d6595d7 wp-block-columns-is-layout-flex\">\n<div class=\"wp-block-column is-vertically-aligned-center wp-block-column__text animated fadeInUp delay-100ms slow is-layout-flow wp-block-column-is-layout-flow\" style=\"flex-basis:66.66%\">\n<ul class=\"ls-list wp-block-list\">\n<li><strong>La Grande Conque, Cap d&#8217;Agde (a 5,5 km del camping)<\/strong><\/li>\n<\/ul>\n\n\n\n<p class=\"ls-paragraph\">No se preocupe, la reconocer\u00e1 r\u00e1pidamente por el color de su arena gris oscuro, tendente al negro. \u00bfUna playa de arena negra? No, no est\u00e1 so\u00f1ando: La Grande Conque de Cap d&#8217;Agde se encuentra al pie de acantilados bas\u00e1lticos de origen volc\u00e1nico. Es un espect\u00e1culo impresionante que merece la pena contemplar durante sus vacaciones junto al mar en el Mediterr\u00e1neo.<\/p>\n\n\n\n<ul class=\"ls-list wp-block-list\">\n<li><strong>Plage de la Tamarissi\u00e8re, Vias-Plage (a 6,7 km del camping)<\/strong><\/li>\n<\/ul>\n\n\n\n<p class=\"ls-paragraph\">Bordeada al oeste por el canal y partida en dos por la desembocadura del r\u00edo H\u00e9rault, la playa de La Tamarissi\u00e8re en Vias presenta una configuraci\u00f3n poco habitual. Es muy salvaje, al abrigo de un pinar que har\u00e1 las delicias de los amantes de la naturaleza.<\/p>\n\n\n\n<ul class=\"ls-list wp-block-list\">\n<li><strong>Plage d&#8217;Honneur, Marseillan (a 7,2 km del camping)<\/strong><\/li>\n<\/ul>\n\n\n\n<p class=\"ls-paragraph\">Convenientemente situada entre el puerto y la Avenue M\u00e9diterran\u00e9e, la Plage d&#8217;Honneur de Marseillan es accesible a todos los ba\u00f1istas y est\u00e1 cerca del centro de la ciudad. El paseo mar\u00edtimo y la vista de los barcos que salen o llegan al puerto invitan a escaparse a una de las estaciones balnearias m\u00e1s bellas del H\u00e9rault.<\/p>\n<\/div>\n\n\n\n<div class=\"wp-block-column is-vertically-aligned-center is-layout-flow wp-block-column-is-layout-flow\" style=\"flex-basis:33.33%\">\n<div id=\"ls-heading ls-titre-div-block_46c5892ef64c10a70a660153866a47d8\" class=\"ls-titre-div h1-like\" >\n    Respire  <br><strong>el aire del mar<\/strong><\/div>\n<\/div>\n<\/div>\n\n\n    <\/div>\n<\/section><section id=\"ls-section-block_f69360fb4052ddfffca13acd8d464f27\" class=\"ls-section  home-first page-one\" >\n        <div class=\"container container--full\">\n        \n\n<div class=\"wp-block-columns are-vertically-aligned-center is-layout-flex wp-container-core-columns-is-layout-9d6595d7 wp-block-columns-is-layout-flex\">\n<div class=\"wp-block-column is-vertically-aligned-center is-layout-flow wp-block-column-is-layout-flow\" style=\"flex-basis:53%\">\n<figure class=\"wp-block-gallery has-nested-images columns-default is-cropped animated fadeInLeft slow wp-block-gallery-3 is-layout-flex wp-block-gallery-is-layout-flex\">\n<figure class=\"wp-block-image size-full\"><a href=\"https:\/\/www.champsblancstest.geek-tonic.dev\/wp-content\/uploads\/2023\/09\/camping-avec-piscine-et-plage-scaled.webp\"><img decoding=\"async\" width=\"2560\" height=\"1879\" data-id=\"8519\" src=\"https:\/\/www.champsblancstest.geek-tonic.dev\/wp-content\/uploads\/2023\/09\/camping-avec-piscine-et-plage-scaled.webp\" alt=\"camping con piscina y playa\" class=\"wp-image-8519\" srcset=\"https:\/\/www.champsblancstest.geek-tonic.dev\/wp-content\/uploads\/2023\/09\/camping-avec-piscine-et-plage-scaled.webp 2560w, https:\/\/www.champsblancstest.geek-tonic.dev\/wp-content\/uploads\/2023\/09\/camping-avec-piscine-et-plage-300x220.webp 300w, https:\/\/www.champsblancstest.geek-tonic.dev\/wp-content\/uploads\/2023\/09\/camping-avec-piscine-et-plage-1024x752.webp 1024w, https:\/\/www.champsblancstest.geek-tonic.dev\/wp-content\/uploads\/2023\/09\/camping-avec-piscine-et-plage-768x564.webp 768w, https:\/\/www.champsblancstest.geek-tonic.dev\/wp-content\/uploads\/2023\/09\/camping-avec-piscine-et-plage-1536x1127.webp 1536w, https:\/\/www.champsblancstest.geek-tonic.dev\/wp-content\/uploads\/2023\/09\/camping-avec-piscine-et-plage-2048x1503.webp 2048w\" sizes=\"(max-width: 2560px) 100vw, 2560px\" \/><\/a><\/figure>\n<\/figure>\n<\/div>\n\n\n\n<div class=\"wp-block-column is-vertically-aligned-center is-layout-flow wp-block-column-is-layout-flow\" style=\"flex-basis:47%\">\n<h2 class=\"ls__heading wp-block-heading\">Lo m\u00e1s destacado de nuestras vacaciones de camping junto al mar en Agde<\/h2>\n\n\n\n<p class=\"ls-paragraph\">El <a href=\"https:\/\/www.champsblancstest.geek-tonic.dev\/es\/camping-parque-acuatico-cabo-de-agde\/\">parque acu\u00e1tico de 3.000 m\u00b2 de Agde<\/a> con piscinas climatizadas, tobog\u00e1n, piscina infantil, balneoterapia y sol\u00e1rium del camping Les Champs Blancs, en H\u00e9rault, le mantendr\u00e1 ocupado durante horas. Dicho esto, o alquilando una parcela en nuestro <strong>camping balneario de Cap d&#8217;Agde<\/strong>, podr\u00e1 a\u00f1adir a su programa de actividades <strong>deportes n\u00e1uticos<\/strong> para toda la familia, como stand-up paddle, kayak, vela, esqu\u00ed acu\u00e1tico y moto acu\u00e1tica.<\/p>\n\n\n\n<p class=\"ls-paragraph\">Alojarse en un camping a orillas del mar en el sur de Francia significa disfrutar de una experiencia inolvidable.  <strong>sol excepcional<\/strong>  Durante todo el a\u00f1o, podr\u00e1 ir andando o en bicicleta a la playa sin necesidad de utilizar el coche, disfrutar del ambiente de los mercados nocturnos en verano, pasear por la costa y tomar algo en una terraza frente al mar. Y todo ello, por supuesto, a un precio competitivo en un hotel al aire libre de alta gama con instalaciones y servicios de 5 estrellas.<\/p>\n<\/div>\n<\/div>\n\n\n    <\/div>\n<\/section><section id=\"ls-section-block_72791f2e9adb32d8a06ed88a2a6b7ae8\" class=\"ls-section  page-four animated fadeInUp slow delay-100ms\" >\n        <div class=\"container container--wide\">\n        \n\n<div id=\"ls-heading ls-titre-div-block_012a103abfb78a442cbb0d675168e86e\" class=\"ls-titre-div aligncenter h2-like\" >\n    Descubra la regi\u00f3n, la piscina y nuestros restaurantes<\/div>\n\n\n<div id=\"ls-maillage-block_89a48037b99a5643e9c201e1ece1aa21\" class=\"ls-maillage cta-style-normal\" data-rows=\"3\">\n    <div class=\"wp-block-columns\"><div class=\"wp-block-column\"><div class=\"ls-cta\">\n\n<a href=\"https:\/\/www.champsblancstest.geek-tonic.dev\/es\/camping-parque-acuatico-cabo-de-agde\/\" target=\"\" rel=\"noopener\" class=\"ls-cta__link\">\n\n\t<div class=\"ls-cta__image\"><img decoding=\"async\" src=\"https:\/\/www.champsblancstest.geek-tonic.dev\/wp-content\/uploads\/2023\/10\/camping-avec-parc-aquatique-agde-1-768x1152.webp\" alt=\"camping con parque acu\u00e1tico agde\"><\/div>\n\t<div class=\"ls-cta__title\">\n\t\t<span class=\"champs-blancs-coin-droit\"><\/span>\n\t\tLa piscina\t\t<span class=\"champs-blancs-arrow-down\"><\/span>\n\t<\/div>\n\n\t\n<\/a><\/div><\/div><div class=\"wp-block-column\"><div class=\"ls-cta\">\n\n<a href=\"https:\/\/www.champsblancstest.geek-tonic.dev\/es\/restaurante-agde\/\" target=\"\" rel=\"noopener\" class=\"ls-cta__link\">\n\n\t<div class=\"ls-cta__image\"><img decoding=\"async\" src=\"https:\/\/www.champsblancstest.geek-tonic.dev\/wp-content\/uploads\/2023\/09\/restaurant-cap-agde-768x513.webp\" alt=\"restaurante cap agde\"><\/div>\n\t<div class=\"ls-cta__title\">\n\t\t<span class=\"champs-blancs-coin-droit\"><\/span>\n\t\tCatering\t\t<span class=\"champs-blancs-arrow-down\"><\/span>\n\t<\/div>\n\n\t\n<\/a><\/div><\/div><div class=\"wp-block-column\"><div class=\"ls-cta\">\n\n<a href=\"https:\/\/www.champsblancstest.geek-tonic.dev\/es\/herault\/\" target=\"\" rel=\"noopener\" class=\"ls-cta__link\">\n\n\t<div class=\"ls-cta__image\"><img decoding=\"async\" src=\"https:\/\/www.champsblancstest.geek-tonic.dev\/wp-content\/uploads\/2023\/09\/camping-herault-4-768x514.webp\" alt=\"camping herault 4\"><\/div>\n\t<div class=\"ls-cta__title\">\n\t\t<span class=\"champs-blancs-coin-droit\"><\/span>\n\t\tAlrededores\t\t<span class=\"champs-blancs-arrow-down\"><\/span>\n\t<\/div>\n\n\t\n<\/a><\/div><\/div><\/div><\/div>\n\n    <\/div>\n<\/section>","protected":false},"excerpt":{"rendered":"","protected":false},"author":1,"featured_media":8495,"parent":0,"menu_order":0,"comment_status":"closed","ping_status":"closed","template":"","meta":{"_acf_changed":false,"footnotes":""},"sujet":[],"class_list":["post-10589","page","type-page","status-publish","has-post-thumbnail","hentry"],"acf":[],"yoast_head":"<!-- This site is optimized with the Yoast SEO plugin v22.6 - https:\/\/yoast.com\/wordpress\/plugins\/seo\/ -->\n<title>Camping Cap d&#039;Agde orillas del mar | Camping acceso r\u00e1pido playas de Agde<\/title>\n<meta name=\"description\" content=\"\u00bfBusca un camping junto al mar en Cap d&#039;Agde? Al\u00f3jese en Les Champs Blancs y disfrute de un r\u00e1pido acceso a las playas de Agde.\" \/>\n<meta name=\"robots\" content=\"noindex, follow, max-snippet:-1, max-image-preview:large, max-video-preview:-1\" \/>\n<meta property=\"og:locale\" content=\"es_ES\" \/>\n<meta property=\"og:type\" content=\"article\" \/>\n<meta property=\"og:title\" content=\"Camping Cap d&#039;Agde orillas del mar | Camping acceso r\u00e1pido playas de Agde\" \/>\n<meta property=\"og:description\" content=\"\u00bfBusca un camping junto al mar en Cap d&#039;Agde? Al\u00f3jese en Les Champs Blancs y disfrute de un r\u00e1pido acceso a las playas de Agde.\" \/>\n<meta property=\"og:url\" content=\"https:\/\/www.champsblancstest.geek-tonic.dev\/fr\/camping-bord-de-mer-cap-agde\/\" \/>\n<meta property=\"og:site_name\" content=\"Les Champs Blancs\" \/>\n<meta property=\"article:modified_time\" content=\"2023-11-15T13:49:13+00:00\" \/>\n<meta property=\"og:image\" content=\"https:\/\/www.champsblancstest.geek-tonic.dev\/wp-content\/uploads\/2023\/09\/camping-mer-plage-agde2-scaled.webp\" \/>\n\t<meta property=\"og:image:width\" content=\"2048\" \/>\n\t<meta property=\"og:image:height\" content=\"1366\" \/>\n\t<meta property=\"og:image:type\" content=\"image\/webp\" \/>\n<meta name=\"twitter:card\" content=\"summary_large_image\" \/>\n<meta name=\"twitter:label1\" content=\"Tiempo de lectura\" \/>\n\t<meta name=\"twitter:data1\" content=\"5 minutos\" \/>\n<script type=\"application\/ld+json\" class=\"yoast-schema-graph\">{\"@context\":\"https:\/\/schema.org\",\"@graph\":[{\"@type\":\"WebPage\",\"@id\":\"https:\/\/www.champsblancstest.geek-tonic.dev\/fr\/camping-bord-de-mer-cap-agde\/\",\"url\":\"https:\/\/www.champsblancstest.geek-tonic.dev\/fr\/camping-bord-de-mer-cap-agde\/\",\"name\":\"Camping Cap d'Agde orillas del mar | Camping acceso r\u00e1pido playas de Agde\",\"isPartOf\":{\"@id\":\"https:\/\/www.champsblancstest.geek-tonic.dev\/fr\/#website\"},\"primaryImageOfPage\":{\"@id\":\"https:\/\/www.champsblancstest.geek-tonic.dev\/fr\/camping-bord-de-mer-cap-agde\/#primaryimage\"},\"image\":{\"@id\":\"https:\/\/www.champsblancstest.geek-tonic.dev\/fr\/camping-bord-de-mer-cap-agde\/#primaryimage\"},\"thumbnailUrl\":\"https:\/\/www.champsblancstest.geek-tonic.dev\/wp-content\/uploads\/2023\/09\/camping-mer-plage-agde2-scaled.webp\",\"datePublished\":\"2023-10-19T10:06:03+00:00\",\"dateModified\":\"2023-11-15T13:49:13+00:00\",\"description\":\"\u00bfBusca un camping junto al mar en Cap d'Agde? Al\u00f3jese en Les Champs Blancs y disfrute de un r\u00e1pido acceso a las playas de Agde.\",\"breadcrumb\":{\"@id\":\"https:\/\/www.champsblancstest.geek-tonic.dev\/fr\/camping-bord-de-mer-cap-agde\/#breadcrumb\"},\"inLanguage\":\"es\",\"potentialAction\":[{\"@type\":\"ReadAction\",\"target\":[\"https:\/\/www.champsblancstest.geek-tonic.dev\/fr\/camping-bord-de-mer-cap-agde\/\"]}]},{\"@type\":\"ImageObject\",\"inLanguage\":\"es\",\"@id\":\"https:\/\/www.champsblancstest.geek-tonic.dev\/fr\/camping-bord-de-mer-cap-agde\/#primaryimage\",\"url\":\"https:\/\/www.champsblancstest.geek-tonic.dev\/wp-content\/uploads\/2023\/09\/camping-mer-plage-agde2-scaled.webp\",\"contentUrl\":\"https:\/\/www.champsblancstest.geek-tonic.dev\/wp-content\/uploads\/2023\/09\/camping-mer-plage-agde2-scaled.webp\",\"width\":2048,\"height\":1366,\"caption\":\"camping mer plage agde2\"},{\"@type\":\"BreadcrumbList\",\"@id\":\"https:\/\/www.champsblancstest.geek-tonic.dev\/fr\/camping-bord-de-mer-cap-agde\/#breadcrumb\",\"itemListElement\":[{\"@type\":\"ListItem\",\"position\":1,\"name\":\"Acampar Cap d'Agde\",\"item\":\"https:\/\/www.champsblancstest.geek-tonic.dev\/fr\/\"},{\"@type\":\"ListItem\",\"position\":2,\"name\":\"Camping orillas del mar Cap Agde\"}]},{\"@type\":\"WebSite\",\"@id\":\"https:\/\/www.champsblancstest.geek-tonic.dev\/fr\/#website\",\"url\":\"https:\/\/www.champsblancstest.geek-tonic.dev\/fr\/\",\"name\":\"Les Champs Blancs\",\"description\":\"\",\"publisher\":{\"@id\":\"https:\/\/www.champsblancstest.geek-tonic.dev\/fr\/#organization\"},\"potentialAction\":[{\"@type\":\"SearchAction\",\"target\":{\"@type\":\"EntryPoint\",\"urlTemplate\":\"https:\/\/www.champsblancstest.geek-tonic.dev\/fr\/?s={search_term_string}\"},\"query-input\":\"required name=search_term_string\"}],\"inLanguage\":\"es\"},{\"@type\":\"Organization\",\"@id\":\"https:\/\/www.champsblancstest.geek-tonic.dev\/fr\/#organization\",\"name\":\"Les Champs Blancs\",\"url\":\"https:\/\/www.champsblancstest.geek-tonic.dev\/fr\/\",\"logo\":{\"@type\":\"ImageObject\",\"inLanguage\":\"es\",\"@id\":\"https:\/\/www.champsblancstest.geek-tonic.dev\/fr\/#\/schema\/logo\/image\/\",\"url\":\"https:\/\/www.champsblancstest.geek-tonic.dev\/wp-content\/uploads\/2023\/07\/logo-blanc-camping-les-champs-blancs.webp\",\"contentUrl\":\"https:\/\/www.champsblancstest.geek-tonic.dev\/wp-content\/uploads\/2023\/07\/logo-blanc-camping-les-champs-blancs.webp\",\"width\":821,\"height\":657,\"caption\":\"Les Champs Blancs\"},\"image\":{\"@id\":\"https:\/\/www.champsblancstest.geek-tonic.dev\/fr\/#\/schema\/logo\/image\/\"}}]}<\/script>\n<!-- \/ Yoast SEO plugin. -->","yoast_head_json":{"title":"Camping Cap d'Agde orillas del mar | Camping acceso r\u00e1pido playas de Agde","description":"\u00bfBusca un camping junto al mar en Cap d'Agde? Al\u00f3jese en Les Champs Blancs y disfrute de un r\u00e1pido acceso a las playas de Agde.","robots":{"index":"noindex","follow":"follow","max-snippet":"max-snippet:-1","max-image-preview":"max-image-preview:large","max-video-preview":"max-video-preview:-1"},"og_locale":"es_ES","og_type":"article","og_title":"Camping Cap d'Agde orillas del mar | Camping acceso r\u00e1pido playas de Agde","og_description":"\u00bfBusca un camping junto al mar en Cap d'Agde? Al\u00f3jese en Les Champs Blancs y disfrute de un r\u00e1pido acceso a las playas de Agde.","og_url":"https:\/\/www.champsblancstest.geek-tonic.dev\/fr\/camping-bord-de-mer-cap-agde\/","og_site_name":"Les Champs Blancs","article_modified_time":"2023-11-15T13:49:13+00:00","og_image":[{"width":2048,"height":1366,"url":"https:\/\/www.champsblancstest.geek-tonic.dev\/wp-content\/uploads\/2023\/09\/camping-mer-plage-agde2-scaled.webp","type":"image\/webp"}],"twitter_card":"summary_large_image","twitter_misc":{"Tiempo de lectura":"5 minutos"},"schema":{"@context":"https:\/\/schema.org","@graph":[{"@type":"WebPage","@id":"https:\/\/www.champsblancstest.geek-tonic.dev\/fr\/camping-bord-de-mer-cap-agde\/","url":"https:\/\/www.champsblancstest.geek-tonic.dev\/fr\/camping-bord-de-mer-cap-agde\/","name":"Camping Cap d'Agde orillas del mar | Camping acceso r\u00e1pido playas de Agde","isPartOf":{"@id":"https:\/\/www.champsblancstest.geek-tonic.dev\/fr\/#website"},"primaryImageOfPage":{"@id":"https:\/\/www.champsblancstest.geek-tonic.dev\/fr\/camping-bord-de-mer-cap-agde\/#primaryimage"},"image":{"@id":"https:\/\/www.champsblancstest.geek-tonic.dev\/fr\/camping-bord-de-mer-cap-agde\/#primaryimage"},"thumbnailUrl":"https:\/\/www.champsblancstest.geek-tonic.dev\/wp-content\/uploads\/2023\/09\/camping-mer-plage-agde2-scaled.webp","datePublished":"2023-10-19T10:06:03+00:00","dateModified":"2023-11-15T13:49:13+00:00","description":"\u00bfBusca un camping junto al mar en Cap d'Agde? Al\u00f3jese en Les Champs Blancs y disfrute de un r\u00e1pido acceso a las playas de Agde.","breadcrumb":{"@id":"https:\/\/www.champsblancstest.geek-tonic.dev\/fr\/camping-bord-de-mer-cap-agde\/#breadcrumb"},"inLanguage":"es","potentialAction":[{"@type":"ReadAction","target":["https:\/\/www.champsblancstest.geek-tonic.dev\/fr\/camping-bord-de-mer-cap-agde\/"]}]},{"@type":"ImageObject","inLanguage":"es","@id":"https:\/\/www.champsblancstest.geek-tonic.dev\/fr\/camping-bord-de-mer-cap-agde\/#primaryimage","url":"https:\/\/www.champsblancstest.geek-tonic.dev\/wp-content\/uploads\/2023\/09\/camping-mer-plage-agde2-scaled.webp","contentUrl":"https:\/\/www.champsblancstest.geek-tonic.dev\/wp-content\/uploads\/2023\/09\/camping-mer-plage-agde2-scaled.webp","width":2048,"height":1366,"caption":"camping mer plage agde2"},{"@type":"BreadcrumbList","@id":"https:\/\/www.champsblancstest.geek-tonic.dev\/fr\/camping-bord-de-mer-cap-agde\/#breadcrumb","itemListElement":[{"@type":"ListItem","position":1,"name":"Acampar Cap d'Agde","item":"https:\/\/www.champsblancstest.geek-tonic.dev\/fr\/"},{"@type":"ListItem","position":2,"name":"Camping orillas del mar Cap Agde"}]},{"@type":"WebSite","@id":"https:\/\/www.champsblancstest.geek-tonic.dev\/fr\/#website","url":"https:\/\/www.champsblancstest.geek-tonic.dev\/fr\/","name":"Les Champs Blancs","description":"","publisher":{"@id":"https:\/\/www.champsblancstest.geek-tonic.dev\/fr\/#organization"},"potentialAction":[{"@type":"SearchAction","target":{"@type":"EntryPoint","urlTemplate":"https:\/\/www.champsblancstest.geek-tonic.dev\/fr\/?s={search_term_string}"},"query-input":"required name=search_term_string"}],"inLanguage":"es"},{"@type":"Organization","@id":"https:\/\/www.champsblancstest.geek-tonic.dev\/fr\/#organization","name":"Les Champs Blancs","url":"https:\/\/www.champsblancstest.geek-tonic.dev\/fr\/","logo":{"@type":"ImageObject","inLanguage":"es","@id":"https:\/\/www.champsblancstest.geek-tonic.dev\/fr\/#\/schema\/logo\/image\/","url":"https:\/\/www.champsblancstest.geek-tonic.dev\/wp-content\/uploads\/2023\/07\/logo-blanc-camping-les-champs-blancs.webp","contentUrl":"https:\/\/www.champsblancstest.geek-tonic.dev\/wp-content\/uploads\/2023\/07\/logo-blanc-camping-les-champs-blancs.webp","width":821,"height":657,"caption":"Les Champs Blancs"},"image":{"@id":"https:\/\/www.champsblancstest.geek-tonic.dev\/fr\/#\/schema\/logo\/image\/"}}]}},"_links":{"self":[{"href":"https:\/\/www.champsblancstest.geek-tonic.dev\/es\/wp-json\/wp\/v2\/pages\/10589","targetHints":{"allow":["GET"]}}],"collection":[{"href":"https:\/\/www.champsblancstest.geek-tonic.dev\/es\/wp-json\/wp\/v2\/pages"}],"about":[{"href":"https:\/\/www.champsblancstest.geek-tonic.dev\/es\/wp-json\/wp\/v2\/types\/page"}],"author":[{"embeddable":true,"href":"https:\/\/www.champsblancstest.geek-tonic.dev\/es\/wp-json\/wp\/v2\/users\/1"}],"replies":[{"embeddable":true,"href":"https:\/\/www.champsblancstest.geek-tonic.dev\/es\/wp-json\/wp\/v2\/comments?post=10589"}],"version-history":[{"count":6,"href":"https:\/\/www.champsblancstest.geek-tonic.dev\/es\/wp-json\/wp\/v2\/pages\/10589\/revisions"}],"predecessor-version":[{"id":15653,"href":"https:\/\/www.champsblancstest.geek-tonic.dev\/es\/wp-json\/wp\/v2\/pages\/10589\/revisions\/15653"}],"wp:featuredmedia":[{"embeddable":true,"href":"https:\/\/www.champsblancstest.geek-tonic.dev\/es\/wp-json\/wp\/v2\/media\/8495"}],"wp:attachment":[{"href":"https:\/\/www.champsblancstest.geek-tonic.dev\/es\/wp-json\/wp\/v2\/media?parent=10589"}],"wp:term":[{"taxonomy":"sujet","embeddable":true,"href":"https:\/\/www.champsblancstest.geek-tonic.dev\/es\/wp-json\/wp\/v2\/sujet?post=10589"}],"curies":[{"name":"wp","href":"https:\/\/api.w.org\/{rel}","templated":true}]}}