{"id":10614,"date":"2023-10-19T12:06:08","date_gmt":"2023-10-19T10:06:08","guid":{"rendered":"https:\/\/www.champsblancstest.geek-tonic.dev\/ubicacion-chalet-cap-agde\/"},"modified":"2023-10-25T14:18:57","modified_gmt":"2023-10-25T12:18:57","slug":"alquiler-chalet-cap-agde","status":"publish","type":"page","link":"https:\/\/www.champsblancstest.geek-tonic.dev\/es\/alquiler-chalet-cap-agde\/","title":{"rendered":"Chal\u00e9s"},"content":{"rendered":"<section id=\"ls-section-block_1c9b5befd40fb095a12c750076bfef34\" class=\"ls-section  m-t-4 has-background has-color-3-background-color\" >\n        <div class=\"container \">\n        \n\n<h1 class=\"ls__heading wp-block-heading has-text-align-center h1-hebergements m-b-3\">Alquiler de chalet en Cap d&#8217;Agde<\/h1>\n\n\n\n<div id=\"ls-hebergements-block_1168aaad2669848d3e6368a8ed063679\" class=\"ls-hebergements\" >\n    \n    <div class=\"ls-customizer\">\n\n    <div class=\"ls-customizer__filters\">\n        <div class=\"ls-customizer__filters__close\">\n            <i class=\"fas fa-times\"><\/i>\n        <\/div>\n\n        <div class=\"ls-customizer__filters__title\">\n            <b>Filtros<\/b>\n            <span class=\"ls-customizer__filters__clear\"><i class=\"fas fa-times\"><\/i> Borrar filtros<\/span>\n        <\/div>\n\n                \n        <!-- Filtres ACF fields -->\n        \n                                <!-- Filtre nombre_de_personnes -->\n                        <div class=\"filter\" id=\"filter-nombre_de_personnes\">\n                <div class=\"filter__title\">Capacidad m\u00e1xima<i class=\"champs-blancs-fleche-bas\"><\/i><\/div>\n                <fieldset data-filter=\"nombre_de_personnes\" data-operator=\"<=\" class=\"input\">\n\n                    <div><input type=\"radio\" name=\"nombre_de_personnes\" id=\"nombre_de_personnes-all\"  class=\"checkbox\" \/><label for='nombre_de_personnes-all'>Tous<\/label><\/div><div><input type=\"radio\" name=\"nombre_de_personnes\" id=\"nombre_de_personnes-4\" value=\"4\" class=\"checkbox\"  \/><label for='nombre_de_personnes-4'>Hasta 4 pers.<\/label><\/div><div><input type=\"radio\" name=\"nombre_de_personnes\" id=\"nombre_de_personnes-5\" value=\"5\" class=\"checkbox\"  \/><label for='nombre_de_personnes-5'>Hasta 5 pers.<\/label><\/div><div><input type=\"radio\" name=\"nombre_de_personnes\" id=\"nombre_de_personnes-6\" value=\"6\" class=\"checkbox\"  \/><label for='nombre_de_personnes-6'>Hasta 6 pers.<\/label><\/div><div><input type=\"radio\" name=\"nombre_de_personnes\" id=\"nombre_de_personnes-8\" value=\"8\" class=\"checkbox\"  \/><label for='nombre_de_personnes-8'>Hasta 8 pers.<\/label><\/div>                <\/fieldset>\n            <\/div>\n                                <!-- Filtre nombre_de_chambres -->\n                        <div class=\"filter\" id=\"filter-nombre_de_chambres\">\n                <div class=\"filter__title\">N\u00famero de habitaciones<i class=\"champs-blancs-fleche-bas\"><\/i><\/div>\n                <fieldset data-filter=\"nombre_de_chambres\" data-operator=\"==\" class=\"input\">\n\n                    <div><input type=\"radio\" name=\"nombre_de_chambres\" id=\"nombre_de_chambres-all\"  class=\"checkbox\" \/><label for='nombre_de_chambres-all'>Tous<\/label><\/div><div><input type=\"radio\" name=\"nombre_de_chambres\" id=\"nombre_de_chambres-2\" value=\"2\" class=\"checkbox\"  \/><label for='nombre_de_chambres-2'>2<\/label><\/div>                <\/fieldset>\n            <\/div>\n                    \n        \n    <\/div>\n\n    <div class=\"ls-customizer__orders\">\n        <i class=\"fas fa-sort\"><\/i>\n        <select class=\"select-order\">\n            <option selected value=\"\">Ordenar por<\/option>\n            <option value=\"price-asc\">Subida de precios<\/option>\n            <option value=\"price-desc\">Precio descendente<\/option>\n        <\/select>\n    <\/div>\n\n<\/div><div class=\"ls-hebergements__results\" data-row=\"3\" data-campings=\"false\" data-types=\"[44]\"><\/div><\/div>\n\n\n<p class=\"ls-paragraph has-text-align-center\"><em>\u00bb Fotos no contractuales<\/em><\/p>\n\n\n    <\/div>\n<\/section><section id=\"ls-section-block_754554a4b0e9474d1a493e5caf13aead\" class=\"ls-section  home-first page-one\" >\n        <div class=\"container container--full\">\n        \n\n<div class=\"wp-block-columns are-vertically-aligned-center is-layout-flex wp-container-core-columns-is-layout-9d6595d7 wp-block-columns-is-layout-flex\">\n<div class=\"wp-block-column is-vertically-aligned-center is-layout-flow wp-block-column-is-layout-flow\" style=\"flex-basis:53%\">\n<figure class=\"wp-block-gallery has-nested-images columns-default is-cropped animated fadeInLeft slow wp-block-gallery-1 is-layout-flex wp-block-gallery-is-layout-flex\">\n<figure class=\"wp-block-image size-full\"><a href=\"https:\/\/www.champsblancstest.geek-tonic.dev\/wp-content\/uploads\/2023\/09\/chalet-location-agde-scaled.webp\"><img decoding=\"async\" width=\"2560\" height=\"1706\" data-id=\"8440\" src=\"https:\/\/www.champsblancstest.geek-tonic.dev\/wp-content\/uploads\/2023\/09\/chalet-location-agde-scaled.webp\" alt=\"alquiler chalet agde\" class=\"wp-image-8440\" srcset=\"https:\/\/www.champsblancstest.geek-tonic.dev\/wp-content\/uploads\/2023\/09\/chalet-location-agde-scaled.webp 2560w, https:\/\/www.champsblancstest.geek-tonic.dev\/wp-content\/uploads\/2023\/09\/chalet-location-agde-300x200.webp 300w, https:\/\/www.champsblancstest.geek-tonic.dev\/wp-content\/uploads\/2023\/09\/chalet-location-agde-1024x682.webp 1024w, https:\/\/www.champsblancstest.geek-tonic.dev\/wp-content\/uploads\/2023\/09\/chalet-location-agde-768x512.webp 768w, https:\/\/www.champsblancstest.geek-tonic.dev\/wp-content\/uploads\/2023\/09\/chalet-location-agde-1536x1024.webp 1536w, https:\/\/www.champsblancstest.geek-tonic.dev\/wp-content\/uploads\/2023\/09\/chalet-location-agde-2048x1365.webp 2048w\" sizes=\"(max-width: 2560px) 100vw, 2560px\" \/><\/a><\/figure>\n<\/figure>\n<\/div>\n\n\n\n<div class=\"wp-block-column is-vertically-aligned-center is-layout-flow wp-block-column-is-layout-flow\" style=\"flex-basis:47%\">\n<p class=\"ls-paragraph\">El lujo y la comodidad de una elegante casa m\u00f3vil, la autenticidad y el encanto de una parcela perfectamente integrada en el entorno natural. Es dif\u00edcil decidir cu\u00e1l es la mejor forma de alojarse junto al mar en el H\u00e9rault.<\/p>\n\n\n\n<p class=\"ls-paragraph\">\u00bfQu\u00e9 le parece un <strong>chal\u00e9 en Cap d&#8217;Agde<\/strong>? Inspirados en los chal\u00e9s de monta\u00f1a construidos al pie de las pistas de esqu\u00ed, los chal\u00e9s de nuestro <a href=\"https:\/\/www.champsblancstest.geek-tonic.dev\/es\/\">camping Cap d&#8217;Agde<\/a> le conquistar\u00e1n por su comodidad, su espacio y su arquitectura.<\/p>\n<\/div>\n<\/div>\n\n\n    <\/div>\n<\/section><section id=\"ls-section-block_bb516184fa7a911db5cfa2f827228b0b\" class=\"ls-section  home-first page-two\" >\n        <div class=\"container container--full\">\n        \n\n<div class=\"wp-block-columns are-vertically-aligned-center is-layout-flex wp-container-core-columns-is-layout-9d6595d7 wp-block-columns-is-layout-flex\">\n<div class=\"wp-block-column is-vertically-aligned-center is-layout-flow wp-block-column-is-layout-flow\" style=\"flex-basis:47%\">\n<h2 class=\"ls__heading wp-block-heading\">Alquiler de chalets para 2 a 5 personas en Agde<\/h2>\n\n\n\n<p class=\"ls-paragraph\">Nuestra selecci\u00f3n incluye dos prestigiosos chal\u00e9s:<\/p>\n\n\n\n<ul class=\"ls-list wp-block-list\">\n<li><strong>Chalet Confort para 5 personas:<\/strong> el encanto de un alojamiento ecol\u00f3gico de madera que encantar\u00e1 a los ni\u00f1os. Es un calco del modelo CLIM, pero con un accesorio extra que agradecer\u00e1s especialmente por la noche: la televisi\u00f3n para que puedas ver tus series y pel\u00edculas favoritas despu\u00e9s de las visitas.<\/li>\n<\/ul>\n\n\n\n<ul class=\"ls-list wp-block-list\">\n<li><strong>Chalet para 5 personas con aire acondicionado: <\/strong>su hermosa estructura de madera, sus vigas elegantemente pintadas, su magn\u00edfica terraza cubierta y sus instalaciones de alta gama (aire acondicionado) le garantizar\u00e1n momentos inolvidables de intimidad en el H\u00e9rault al mejor precio.<\/li>\n<\/ul>\n<\/div>\n\n\n\n<div class=\"wp-block-column is-vertically-aligned-center is-layout-flow wp-block-column-is-layout-flow\" style=\"flex-basis:53%\">\n<figure class=\"wp-block-gallery has-nested-images columns-default is-cropped animated fadeInRight slow delay-200ms wp-block-gallery-2 is-layout-flex wp-block-gallery-is-layout-flex\">\n<figure class=\"wp-block-image size-full\"><a href=\"https:\/\/www.champsblancstest.geek-tonic.dev\/wp-content\/uploads\/2023\/09\/location-chalet-camping-adge.webp\"><img decoding=\"async\" width=\"2560\" height=\"1920\" data-id=\"8470\" src=\"https:\/\/www.champsblancstest.geek-tonic.dev\/wp-content\/uploads\/2023\/09\/location-chalet-camping-adge.webp\" alt=\"alquiler chalet camping adge\" class=\"wp-image-8470\" srcset=\"https:\/\/www.champsblancstest.geek-tonic.dev\/wp-content\/uploads\/2023\/09\/location-chalet-camping-adge.webp 2560w, https:\/\/www.champsblancstest.geek-tonic.dev\/wp-content\/uploads\/2023\/09\/location-chalet-camping-adge-300x225.webp 300w, https:\/\/www.champsblancstest.geek-tonic.dev\/wp-content\/uploads\/2023\/09\/location-chalet-camping-adge-1024x768.webp 1024w, https:\/\/www.champsblancstest.geek-tonic.dev\/wp-content\/uploads\/2023\/09\/location-chalet-camping-adge-768x576.webp 768w, https:\/\/www.champsblancstest.geek-tonic.dev\/wp-content\/uploads\/2023\/09\/location-chalet-camping-adge-1536x1152.webp 1536w, https:\/\/www.champsblancstest.geek-tonic.dev\/wp-content\/uploads\/2023\/09\/location-chalet-camping-adge-2048x1536.webp 2048w\" sizes=\"(max-width: 2560px) 100vw, 2560px\" \/><\/a><\/figure>\n<\/figure>\n<\/div>\n<\/div>\n\n\n    <\/div>\n<\/section><section id=\"ls-section-block_de4c6e50ef3fa305c0ba6f5d35b5bb5e\" class=\"ls-section  home-sixth page-three has-background-image has-parallax-child\" >\n    <div class=\"ls-section__background-image opacity-100\"><img decoding=\"async\" src=\"https:\/\/www.champsblancstest.geek-tonic.dev\/wp-content\/uploads\/2023\/09\/chalet-avec-climatisation-agde-e1695286966755.webp\" alt=\"chalet con aire acondicionado agde\"><\/div>    <div class=\"container container--wide\">\n        \n\n<div class=\"wp-block-columns are-vertically-aligned-center is-layout-flex wp-container-core-columns-is-layout-9d6595d7 wp-block-columns-is-layout-flex\">\n<div class=\"wp-block-column is-vertically-aligned-center wp-block-column__text animated fadeInUp delay-100ms slow is-layout-flow wp-block-column-is-layout-flow\" style=\"flex-basis:66.66%\">\n<h2 class=\"ls__heading wp-block-heading\">Confortables chal\u00e9s en Cap d&#8217;Agde<\/h2>\n\n\n\n<p class=\"ls-paragraph\">Alquilando un <strong>chalet de prestigio con aire<\/strong> acondicionado en el camping Resort les Champs Blancs, estar\u00e1 mucho m\u00e1s c\u00f3modo. Podr\u00e1 mantener una temperatura agradable d\u00eda y noche en todas las habitaciones de su vivienda de alquiler, sea cual sea la estaci\u00f3n del a\u00f1o o la temperatura exterior.<\/p>\n\n\n\n<p class=\"ls-paragraph\">Al igual que el resto de nuestros alojamientos, nuestros <strong>chal\u00e9s de Agde<\/strong> est\u00e1n situados en grandes parcelas delimitadas por setos naturales. Podr\u00e1 aparcar su coche, jugar con sus hijos en su jard\u00edn privado y relajarse en la terraza lejos de otros veraneantes.<\/p>\n\n\n\n<p class=\"ls-paragraph\">\u00bfPrefiere<a href=\"https:\/\/www.champsblancstest.geek-tonic.dev\/es\/alquiler-mobil-home-cap-agde\/\"> alquilar<\/a> una<a href=\"https:\/\/www.champsblancstest.geek-tonic.dev\/es\/alquiler-mobil-home-cap-agde\/\"> casa m\u00f3vil en Cap d&#8217;Agde<\/a>? Descubra nuestras ofertas y reserve ya sus vacaciones <a href=\"https:\/\/www.champsblancstest.geek-tonic.dev\/es\/camping-barato-agde\/\">baratas en el camping de Cap d&#8217;Agde<\/a>.<\/p>\n<\/div>\n\n\n\n<div class=\"wp-block-column is-vertically-aligned-center is-layout-flow wp-block-column-is-layout-flow\" style=\"flex-basis:33.33%\">\n<div id=\"ls-heading ls-titre-div-block_fb01143f9fe016432415005bff82f2bd\" class=\"ls-titre-div h1-like\" >\n    Reserve<br><strong>  tu escapada<\/strong><\/div>\n<\/div>\n<\/div>\n\n\n    <\/div>\n<\/section><section id=\"ls-section-block_af0c99f4b69c59940e3a1f778732954e\" class=\"ls-section  page-four animated fadeInUp slow delay-100ms\" >\n        <div class=\"container container--wide\">\n        \n\n<div id=\"ls-heading ls-titre-div-block_5bbbfd531af913977faa2fc70ed73517\" class=\"ls-titre-div aligncenter h2-like\" >\n    Descubra nuestros otros alojamientos<\/div>\n\n\n<div id=\"ls-maillage-block_9e3a7731ef9df8936007973a800ac67b\" class=\"ls-maillage cta-style-normal\" data-rows=\"5\">\n    <div class=\"wp-block-columns\"><div class=\"wp-block-column\"><div class=\"ls-cta\">\n\n<a href=\"https:\/\/www.champsblancstest.geek-tonic.dev\/es\/alquiler-mobil-home-premium-cap-agde\/\" target=\"\" rel=\"noopener\" class=\"ls-cta__link\">\n\n\t<div class=\"ls-cta__image\"><img decoding=\"async\" src=\"https:\/\/www.champsblancstest.geek-tonic.dev\/wp-content\/uploads\/2023\/09\/mobil-home-luxe-agde-768x451.webp\" alt=\"mobil home luxe agde\"><\/div>\n\t<div class=\"ls-cta__title\">\n\t\t<span class=\"champs-blancs-coin-droit\"><\/span>\n\t\tCasa m\u00f3vil Premium\t\t<span class=\"champs-blancs-arrow-down\"><\/span>\n\t<\/div>\n\n\t\n<\/a><\/div><\/div><div class=\"wp-block-column\"><div class=\"ls-cta\">\n\n<a href=\"https:\/\/www.champsblancstest.geek-tonic.dev\/es\/caravaning-cabo-de-agde\/\" target=\"\" rel=\"noopener\" class=\"ls-cta__link\">\n\n\t<div class=\"ls-cta__image\"><img decoding=\"async\" src=\"https:\/\/www.champsblancstest.geek-tonic.dev\/wp-content\/uploads\/2023\/09\/camping-caravaning-cap-agde-768x512.webp\" alt=\"camping caravaning cap agde\"><\/div>\n\t<div class=\"ls-cta__title\">\n\t\t<span class=\"champs-blancs-coin-droit\"><\/span>\n\t\tParcelas est\u00e1ndar\t\t<span class=\"champs-blancs-arrow-down\"><\/span>\n\t<\/div>\n\n\t\n<\/a><\/div><\/div><div class=\"wp-block-column\"><div class=\"ls-cta\">\n\n<a href=\"https:\/\/www.champsblancstest.geek-tonic.dev\/es\/camping-barato-agde\/\" target=\"\" rel=\"noopener\" class=\"ls-cta__link\">\n\n\t<div class=\"ls-cta__image\"><img decoding=\"async\" src=\"https:\/\/www.champsblancstest.geek-tonic.dev\/wp-content\/uploads\/2023\/09\/camping-pas-cher-bord-de-mer-768x1152.webp\" alt=\"camping barato junto al mar\"><\/div>\n\t<div class=\"ls-cta__title\">\n\t\t<span class=\"champs-blancs-coin-droit\"><\/span>\n\t\tTarifas\t\t<span class=\"champs-blancs-arrow-down\"><\/span>\n\t<\/div>\n\n\t\n<\/a><\/div><\/div><div class=\"wp-block-column\"><div class=\"ls-cta\">\n\n<a href=\"https:\/\/www.champsblancstest.geek-tonic.dev\/es\/caravaning-premium-agde\/\" target=\"\" rel=\"noopener\" class=\"ls-cta__link\">\n\n\t<div class=\"ls-cta__image\"><img decoding=\"async\" src=\"https:\/\/www.champsblancstest.geek-tonic.dev\/wp-content\/uploads\/2023\/09\/sanitaire-prive-emplacement-camping-agde.webp\" alt=\"emplazamiento sanitario privado camping agde\"><\/div>\n\t<div class=\"ls-cta__title\">\n\t\t<span class=\"champs-blancs-coin-droit\"><\/span>\n\t\tParcelas Premium\t\t<span class=\"champs-blancs-arrow-down\"><\/span>\n\t<\/div>\n\n\t\n<\/a><\/div><\/div><div class=\"wp-block-column\"><div class=\"ls-cta\">\n\n<a href=\"https:\/\/www.champsblancstest.geek-tonic.dev\/es\/alquiler-mobil-home-cap-agde\/\" target=\"\" rel=\"noopener\" class=\"ls-cta__link\">\n\n\t<div class=\"ls-cta__image\"><img decoding=\"async\" src=\"https:\/\/www.champsblancstest.geek-tonic.dev\/wp-content\/uploads\/2023\/09\/location-vacances-cap-agde-768x463.webp\" alt=\"alquileres de vacaciones cap agde\"><\/div>\n\t<div class=\"ls-cta__title\">\n\t\t<span class=\"champs-blancs-coin-droit\"><\/span>\n\t\tCasas m\u00f3viles\t\t<span class=\"champs-blancs-arrow-down\"><\/span>\n\t<\/div>\n\n\t\n<\/a><\/div><\/div><\/div><\/div>\n\n    <\/div>\n<\/section>","protected":false},"excerpt":{"rendered":"","protected":false},"author":1,"featured_media":8469,"parent":0,"menu_order":0,"comment_status":"closed","ping_status":"closed","template":"","meta":{"_acf_changed":false,"footnotes":""},"sujet":[],"class_list":["post-10614","page","type-page","status-publish","has-post-thumbnail","hentry"],"acf":[],"yoast_head":"<!-- This site is optimized with the Yoast SEO plugin v22.6 - https:\/\/yoast.com\/wordpress\/plugins\/seo\/ -->\n<title>Alquiler chalet Cap d&#039;Agde | Chalets climatizados en Agde en el Sur de Francia<\/title>\n<meta name=\"description\" content=\"\u00bfBusca un chal\u00e9 en Cap d&#039;Agde? Descubra nuestros diferentes modelos de chal\u00e9s climatizados en Agde para sus vacaciones junto al mar.\" \/>\n<meta name=\"robots\" content=\"noindex, follow, max-snippet:-1, max-image-preview:large, max-video-preview:-1\" \/>\n<meta property=\"og:locale\" content=\"es_ES\" \/>\n<meta property=\"og:type\" content=\"article\" \/>\n<meta property=\"og:title\" content=\"Alquiler chalet Cap d&#039;Agde | Chalets climatizados en Agde en el Sur de Francia\" \/>\n<meta property=\"og:description\" content=\"\u00bfBusca un chal\u00e9 en Cap d&#039;Agde? Descubra nuestros diferentes modelos de chal\u00e9s climatizados en Agde para sus vacaciones junto al mar.\" \/>\n<meta property=\"og:url\" content=\"https:\/\/www.champsblancstest.geek-tonic.dev\/fr\/location-chalet-cap-agde\/\" \/>\n<meta property=\"og:site_name\" content=\"Les Champs Blancs\" \/>\n<meta property=\"article:modified_time\" content=\"2023-10-25T12:18:57+00:00\" \/>\n<meta property=\"og:image\" content=\"https:\/\/www.champsblancstest.geek-tonic.dev\/wp-content\/uploads\/2023\/09\/location-vacances-chalet-agde-e1695286933478.webp\" \/>\n\t<meta property=\"og:image:width\" content=\"2048\" \/>\n\t<meta property=\"og:image:height\" content=\"884\" \/>\n\t<meta property=\"og:image:type\" content=\"image\/webp\" \/>\n<meta name=\"twitter:card\" content=\"summary_large_image\" \/>\n<meta name=\"twitter:label1\" content=\"Tiempo de lectura\" \/>\n\t<meta name=\"twitter:data1\" content=\"2 minutos\" \/>\n<script type=\"application\/ld+json\" class=\"yoast-schema-graph\">{\"@context\":\"https:\/\/schema.org\",\"@graph\":[{\"@type\":\"WebPage\",\"@id\":\"https:\/\/www.champsblancstest.geek-tonic.dev\/fr\/location-chalet-cap-agde\/\",\"url\":\"https:\/\/www.champsblancstest.geek-tonic.dev\/fr\/location-chalet-cap-agde\/\",\"name\":\"Alquiler chalet Cap d'Agde | Chalets climatizados en Agde en el Sur de Francia\",\"isPartOf\":{\"@id\":\"https:\/\/www.champsblancstest.geek-tonic.dev\/fr\/#website\"},\"primaryImageOfPage\":{\"@id\":\"https:\/\/www.champsblancstest.geek-tonic.dev\/fr\/location-chalet-cap-agde\/#primaryimage\"},\"image\":{\"@id\":\"https:\/\/www.champsblancstest.geek-tonic.dev\/fr\/location-chalet-cap-agde\/#primaryimage\"},\"thumbnailUrl\":\"https:\/\/www.champsblancstest.geek-tonic.dev\/wp-content\/uploads\/2023\/09\/location-vacances-chalet-agde-e1695286933478.webp\",\"datePublished\":\"2023-10-19T10:06:08+00:00\",\"dateModified\":\"2023-10-25T12:18:57+00:00\",\"description\":\"\u00bfBusca un chal\u00e9 en Cap d'Agde? Descubra nuestros diferentes modelos de chal\u00e9s climatizados en Agde para sus vacaciones junto al mar.\",\"breadcrumb\":{\"@id\":\"https:\/\/www.champsblancstest.geek-tonic.dev\/fr\/location-chalet-cap-agde\/#breadcrumb\"},\"inLanguage\":\"es\",\"potentialAction\":[{\"@type\":\"ReadAction\",\"target\":[\"https:\/\/www.champsblancstest.geek-tonic.dev\/fr\/location-chalet-cap-agde\/\"]}]},{\"@type\":\"ImageObject\",\"inLanguage\":\"es\",\"@id\":\"https:\/\/www.champsblancstest.geek-tonic.dev\/fr\/location-chalet-cap-agde\/#primaryimage\",\"url\":\"https:\/\/www.champsblancstest.geek-tonic.dev\/wp-content\/uploads\/2023\/09\/location-vacances-chalet-agde-e1695286933478.webp\",\"contentUrl\":\"https:\/\/www.champsblancstest.geek-tonic.dev\/wp-content\/uploads\/2023\/09\/location-vacances-chalet-agde-e1695286933478.webp\",\"width\":2048,\"height\":884,\"caption\":\"alquiler vacaciones chalet agde\"},{\"@type\":\"BreadcrumbList\",\"@id\":\"https:\/\/www.champsblancstest.geek-tonic.dev\/fr\/location-chalet-cap-agde\/#breadcrumb\",\"itemListElement\":[{\"@type\":\"ListItem\",\"position\":1,\"name\":\"Acampar Cap d'Agde\",\"item\":\"https:\/\/www.champsblancstest.geek-tonic.dev\/fr\/\"},{\"@type\":\"ListItem\",\"position\":2,\"name\":\"Alquiler chalet Cap Agde\"}]},{\"@type\":\"WebSite\",\"@id\":\"https:\/\/www.champsblancstest.geek-tonic.dev\/fr\/#website\",\"url\":\"https:\/\/www.champsblancstest.geek-tonic.dev\/fr\/\",\"name\":\"Les Champs Blancs\",\"description\":\"\",\"publisher\":{\"@id\":\"https:\/\/www.champsblancstest.geek-tonic.dev\/fr\/#organization\"},\"potentialAction\":[{\"@type\":\"SearchAction\",\"target\":{\"@type\":\"EntryPoint\",\"urlTemplate\":\"https:\/\/www.champsblancstest.geek-tonic.dev\/fr\/?s={search_term_string}\"},\"query-input\":\"required name=search_term_string\"}],\"inLanguage\":\"es\"},{\"@type\":\"Organization\",\"@id\":\"https:\/\/www.champsblancstest.geek-tonic.dev\/fr\/#organization\",\"name\":\"Les Champs Blancs\",\"url\":\"https:\/\/www.champsblancstest.geek-tonic.dev\/fr\/\",\"logo\":{\"@type\":\"ImageObject\",\"inLanguage\":\"es\",\"@id\":\"https:\/\/www.champsblancstest.geek-tonic.dev\/fr\/#\/schema\/logo\/image\/\",\"url\":\"https:\/\/www.champsblancstest.geek-tonic.dev\/wp-content\/uploads\/2023\/07\/logo-blanc-camping-les-champs-blancs.webp\",\"contentUrl\":\"https:\/\/www.champsblancstest.geek-tonic.dev\/wp-content\/uploads\/2023\/07\/logo-blanc-camping-les-champs-blancs.webp\",\"width\":821,\"height\":657,\"caption\":\"Les Champs Blancs\"},\"image\":{\"@id\":\"https:\/\/www.champsblancstest.geek-tonic.dev\/fr\/#\/schema\/logo\/image\/\"}}]}<\/script>\n<!-- \/ Yoast SEO plugin. -->","yoast_head_json":{"title":"Alquiler chalet Cap d'Agde | Chalets climatizados en Agde en el Sur de Francia","description":"\u00bfBusca un chal\u00e9 en Cap d'Agde? Descubra nuestros diferentes modelos de chal\u00e9s climatizados en Agde para sus vacaciones junto al mar.","robots":{"index":"noindex","follow":"follow","max-snippet":"max-snippet:-1","max-image-preview":"max-image-preview:large","max-video-preview":"max-video-preview:-1"},"og_locale":"es_ES","og_type":"article","og_title":"Alquiler chalet Cap d'Agde | Chalets climatizados en Agde en el Sur de Francia","og_description":"\u00bfBusca un chal\u00e9 en Cap d'Agde? Descubra nuestros diferentes modelos de chal\u00e9s climatizados en Agde para sus vacaciones junto al mar.","og_url":"https:\/\/www.champsblancstest.geek-tonic.dev\/fr\/location-chalet-cap-agde\/","og_site_name":"Les Champs Blancs","article_modified_time":"2023-10-25T12:18:57+00:00","og_image":[{"width":2048,"height":884,"url":"https:\/\/www.champsblancstest.geek-tonic.dev\/wp-content\/uploads\/2023\/09\/location-vacances-chalet-agde-e1695286933478.webp","type":"image\/webp"}],"twitter_card":"summary_large_image","twitter_misc":{"Tiempo de lectura":"2 minutos"},"schema":{"@context":"https:\/\/schema.org","@graph":[{"@type":"WebPage","@id":"https:\/\/www.champsblancstest.geek-tonic.dev\/fr\/location-chalet-cap-agde\/","url":"https:\/\/www.champsblancstest.geek-tonic.dev\/fr\/location-chalet-cap-agde\/","name":"Alquiler chalet Cap d'Agde | Chalets climatizados en Agde en el Sur de Francia","isPartOf":{"@id":"https:\/\/www.champsblancstest.geek-tonic.dev\/fr\/#website"},"primaryImageOfPage":{"@id":"https:\/\/www.champsblancstest.geek-tonic.dev\/fr\/location-chalet-cap-agde\/#primaryimage"},"image":{"@id":"https:\/\/www.champsblancstest.geek-tonic.dev\/fr\/location-chalet-cap-agde\/#primaryimage"},"thumbnailUrl":"https:\/\/www.champsblancstest.geek-tonic.dev\/wp-content\/uploads\/2023\/09\/location-vacances-chalet-agde-e1695286933478.webp","datePublished":"2023-10-19T10:06:08+00:00","dateModified":"2023-10-25T12:18:57+00:00","description":"\u00bfBusca un chal\u00e9 en Cap d'Agde? Descubra nuestros diferentes modelos de chal\u00e9s climatizados en Agde para sus vacaciones junto al mar.","breadcrumb":{"@id":"https:\/\/www.champsblancstest.geek-tonic.dev\/fr\/location-chalet-cap-agde\/#breadcrumb"},"inLanguage":"es","potentialAction":[{"@type":"ReadAction","target":["https:\/\/www.champsblancstest.geek-tonic.dev\/fr\/location-chalet-cap-agde\/"]}]},{"@type":"ImageObject","inLanguage":"es","@id":"https:\/\/www.champsblancstest.geek-tonic.dev\/fr\/location-chalet-cap-agde\/#primaryimage","url":"https:\/\/www.champsblancstest.geek-tonic.dev\/wp-content\/uploads\/2023\/09\/location-vacances-chalet-agde-e1695286933478.webp","contentUrl":"https:\/\/www.champsblancstest.geek-tonic.dev\/wp-content\/uploads\/2023\/09\/location-vacances-chalet-agde-e1695286933478.webp","width":2048,"height":884,"caption":"alquiler vacaciones chalet agde"},{"@type":"BreadcrumbList","@id":"https:\/\/www.champsblancstest.geek-tonic.dev\/fr\/location-chalet-cap-agde\/#breadcrumb","itemListElement":[{"@type":"ListItem","position":1,"name":"Acampar Cap d'Agde","item":"https:\/\/www.champsblancstest.geek-tonic.dev\/fr\/"},{"@type":"ListItem","position":2,"name":"Alquiler chalet Cap Agde"}]},{"@type":"WebSite","@id":"https:\/\/www.champsblancstest.geek-tonic.dev\/fr\/#website","url":"https:\/\/www.champsblancstest.geek-tonic.dev\/fr\/","name":"Les Champs Blancs","description":"","publisher":{"@id":"https:\/\/www.champsblancstest.geek-tonic.dev\/fr\/#organization"},"potentialAction":[{"@type":"SearchAction","target":{"@type":"EntryPoint","urlTemplate":"https:\/\/www.champsblancstest.geek-tonic.dev\/fr\/?s={search_term_string}"},"query-input":"required name=search_term_string"}],"inLanguage":"es"},{"@type":"Organization","@id":"https:\/\/www.champsblancstest.geek-tonic.dev\/fr\/#organization","name":"Les Champs Blancs","url":"https:\/\/www.champsblancstest.geek-tonic.dev\/fr\/","logo":{"@type":"ImageObject","inLanguage":"es","@id":"https:\/\/www.champsblancstest.geek-tonic.dev\/fr\/#\/schema\/logo\/image\/","url":"https:\/\/www.champsblancstest.geek-tonic.dev\/wp-content\/uploads\/2023\/07\/logo-blanc-camping-les-champs-blancs.webp","contentUrl":"https:\/\/www.champsblancstest.geek-tonic.dev\/wp-content\/uploads\/2023\/07\/logo-blanc-camping-les-champs-blancs.webp","width":821,"height":657,"caption":"Les Champs Blancs"},"image":{"@id":"https:\/\/www.champsblancstest.geek-tonic.dev\/fr\/#\/schema\/logo\/image\/"}}]}},"_links":{"self":[{"href":"https:\/\/www.champsblancstest.geek-tonic.dev\/es\/wp-json\/wp\/v2\/pages\/10614","targetHints":{"allow":["GET"]}}],"collection":[{"href":"https:\/\/www.champsblancstest.geek-tonic.dev\/es\/wp-json\/wp\/v2\/pages"}],"about":[{"href":"https:\/\/www.champsblancstest.geek-tonic.dev\/es\/wp-json\/wp\/v2\/types\/page"}],"author":[{"embeddable":true,"href":"https:\/\/www.champsblancstest.geek-tonic.dev\/es\/wp-json\/wp\/v2\/users\/1"}],"replies":[{"embeddable":true,"href":"https:\/\/www.champsblancstest.geek-tonic.dev\/es\/wp-json\/wp\/v2\/comments?post=10614"}],"version-history":[{"count":4,"href":"https:\/\/www.champsblancstest.geek-tonic.dev\/es\/wp-json\/wp\/v2\/pages\/10614\/revisions"}],"predecessor-version":[{"id":15230,"href":"https:\/\/www.champsblancstest.geek-tonic.dev\/es\/wp-json\/wp\/v2\/pages\/10614\/revisions\/15230"}],"wp:featuredmedia":[{"embeddable":true,"href":"https:\/\/www.champsblancstest.geek-tonic.dev\/es\/wp-json\/wp\/v2\/media\/8469"}],"wp:attachment":[{"href":"https:\/\/www.champsblancstest.geek-tonic.dev\/es\/wp-json\/wp\/v2\/media?parent=10614"}],"wp:term":[{"taxonomy":"sujet","embeddable":true,"href":"https:\/\/www.champsblancstest.geek-tonic.dev\/es\/wp-json\/wp\/v2\/sujet?post=10614"}],"curies":[{"name":"wp","href":"https:\/\/api.w.org\/{rel}","templated":true}]}}