{"id":10628,"date":"2023-10-19T12:09:01","date_gmt":"2023-10-19T10:09:01","guid":{"rendered":"https:\/\/www.champsblancstest.geek-tonic.dev\/caravaning-cap-agde\/"},"modified":"2023-11-15T15:12:41","modified_gmt":"2023-11-15T14:12:41","slug":"caravaning-cabo-de-agde","status":"publish","type":"page","link":"https:\/\/www.champsblancstest.geek-tonic.dev\/es\/caravaning-cabo-de-agde\/","title":{"rendered":"Parcelas est\u00e1ndar"},"content":{"rendered":"<section id=\"ls-section-block_ec532ed45d4bb3d6eeff78ccab4b3916\" class=\"ls-section  m-t-4 has-background has-color-3-background-color\" >\n        <div class=\"container \">\n        \n\n<div class=\"wp-block-columns ls-ctv-wrapper is-layout-flex wp-container-core-columns-is-layout-9d6595d7 wp-block-columns-is-layout-flex\">\n<div class=\"wp-block-column is-vertically-aligned-center is-layout-flow wp-block-column-is-layout-flow\">\n<h1 class=\"ls__heading wp-block-heading has-text-align-center h1-hebergements m-b-3\">Alquiler de parcelas de camping en Cap d&#8217;Agde<\/h1>\n\n\n\n<script>\n    window.ctoutvert = {\n\t\tid: 2482, \n\t\tlang: 'auto', \n\t\turl: 'https:\/\/bookingpremium.secureholiday.net\/widgets\/'\n    };\n\n    (function (w, d, s, ctv, r, js, fjs) {\n        r=new XMLHttpRequest();r.open('GET',w[ctv].url+'js\/src.json');\n        r.responseType='json';r.json=true;r.send();\n        r.onload=function(){w[ctv].src=r.responseType=='json'?r.response:JSON.parse(r.response);\n        js.src=w[ctv].src[0];fjs.parentNode.insertBefore(js, fjs);}\n        js=d.createElement(s),fjs=d.getElementsByTagName(s)[0];\n        js.id='ctvwidget';js.async=1;\n    }(window, document, 'script', 'ctoutvert'));\n<\/script>\n<ctv-availability data-product-id=\"11725\" data-background-color=\"#f1fafe\"><\/ctv-availability>\n<\/div>\n<\/div>\n\n\n\n<p class=\"ls-paragraph has-text-align-center\"><em>\u00bb Fotos no contractuales<\/em><\/p>\n\n\n    <\/div>\n<\/section><section id=\"ls-section-block_9473cc2ca3abeee5be93bde4ba793fa0\" class=\"ls-section  home-first page-one\" >\n        <div class=\"container container--full\">\n        \n\n<div class=\"wp-block-columns are-vertically-aligned-center is-layout-flex wp-container-core-columns-is-layout-9d6595d7 wp-block-columns-is-layout-flex\">\n<div class=\"wp-block-column is-vertically-aligned-center is-layout-flow wp-block-column-is-layout-flow\" style=\"flex-basis:53%\">\n<figure class=\"wp-block-gallery has-nested-images columns-default is-cropped animated fadeInLeft slow wp-block-gallery-1 is-layout-flex wp-block-gallery-is-layout-flex\">\n<figure class=\"wp-block-image size-full\"><a href=\"https:\/\/www.champsblancstest.geek-tonic.dev\/wp-content\/uploads\/2023\/09\/emplacement-camping-tente-agde-scaled.webp\"><img decoding=\"async\" width=\"2560\" height=\"1707\" data-id=\"8310\" src=\"https:\/\/www.champsblancstest.geek-tonic.dev\/wp-content\/uploads\/2023\/09\/emplacement-camping-tente-agde-scaled.webp\" alt=\"parcela de camping agde\" class=\"wp-image-8310\" srcset=\"https:\/\/www.champsblancstest.geek-tonic.dev\/wp-content\/uploads\/2023\/09\/emplacement-camping-tente-agde-scaled.webp 2560w, https:\/\/www.champsblancstest.geek-tonic.dev\/wp-content\/uploads\/2023\/09\/emplacement-camping-tente-agde-300x200.webp 300w, https:\/\/www.champsblancstest.geek-tonic.dev\/wp-content\/uploads\/2023\/09\/emplacement-camping-tente-agde-1024x683.webp 1024w, https:\/\/www.champsblancstest.geek-tonic.dev\/wp-content\/uploads\/2023\/09\/emplacement-camping-tente-agde-768x512.webp 768w, https:\/\/www.champsblancstest.geek-tonic.dev\/wp-content\/uploads\/2023\/09\/emplacement-camping-tente-agde-1536x1024.webp 1536w, https:\/\/www.champsblancstest.geek-tonic.dev\/wp-content\/uploads\/2023\/09\/emplacement-camping-tente-agde-2048x1365.webp 2048w\" sizes=\"(max-width: 2560px) 100vw, 2560px\" \/><\/a><\/figure>\n<\/figure>\n<\/div>\n\n\n\n<div class=\"wp-block-column is-vertically-aligned-center is-layout-flow wp-block-column-is-layout-flow\" style=\"flex-basis:47%\">\n<h2 class=\"ls__heading wp-block-heading\">Las ventajas de una parcela de camping en Agde  <\/h2>\n\n\n\n<p class=\"ls-paragraph\">\u00bfDesea alquilar una<strong>parcela de tienda de campa\u00f1a en Cap d&#8217;Agde<\/strong>? \u00bfO una caravana en el sur de Francia?<\/p>\n\n\n\n<p class=\"ls-paragraph\">Aunque existe una verdadera moda por los alojamientos de lujo, el <strong>camping tradicional<\/strong> tiene varias ventajas:<\/p>\n\n\n\n<ul class=\"ls-list wp-block-list\">\n<li>precios imbatibles<\/li>\n\n\n\n<li>contacto directo con el medio ambiente<\/li>\n\n\n\n<li>la comodidad de un caf\u00e9 en su silla plegable al levantarse por la ma\u00f1ana<\/li>\n\n\n\n<li>un picnic improvisado en un terreno privado<\/li>\n\n\n\n<li>el encanto de una tienda<\/li>\n\n\n\n<li>la libertad y versatilidad de una caravana o autocaravana&#8230;<\/li>\n<\/ul>\n<\/div>\n<\/div>\n\n\n    <\/div>\n<\/section><section id=\"ls-section-block_6436d12fb8f5b3c72bea623a95d9d742\" class=\"ls-section  home-first page-two\" >\n        <div class=\"container container--full\">\n        \n\n<div class=\"wp-block-columns are-vertically-aligned-center is-layout-flex wp-container-core-columns-is-layout-9d6595d7 wp-block-columns-is-layout-flex\">\n<div class=\"wp-block-column is-vertically-aligned-center is-layout-flow wp-block-column-is-layout-flow\" style=\"flex-basis:47%\">\n<h2 class=\"ls__heading wp-block-heading\">Parcelas para tiendas en Cap d&#8217;Agde<\/h2>\n\n\n\n<p class=\"ls-paragraph\">\u00bfQu\u00e9 le parecer\u00eda pasar sus vacaciones en una tienda de campa\u00f1a en Agde, en H\u00e9rault?<br\/><br\/>Para los puristas, el camping de Cap d&#8217;Agde, en H\u00e9rault, ofrece m\u00e1s de <strong>150 parcelas espaciosas y semisombreadas<\/strong> para <strong>tiendas<\/strong>, <strong>caravanas<\/strong> y <strong>autocaravanas<\/strong>, con capacidad de 1 a 6 personas y 1 veh\u00edculo. Todas nuestras parcelas tienen acceso a electricidad (tomas de 10A) y agua. Est\u00e1n situados en una zona tranquila y frondosa del camping, cerca de los aseos recientemente reformados y de las instalaciones del camping.<br\/><br\/>\u00bfBusca un lugar de alta gama? Descubra nuestras <a href=\"https:\/\/www.champsblancstest.geek-tonic.dev\/es\/caravaning-premium-agde\/\">parcelas con instalaciones sanitarias privadas<\/a> para mayor comodidad.<\/p>\n\n\n\n<p class=\"ls-paragraph\">Para que pueda permanecer en armon\u00eda con la naturaleza en todo momento y preservar su intimidad, hemos rodeado cada parcela con <strong>setos naturales<\/strong> (flores, adelfas). Estas barreras vegetales le garantizar\u00e1n momentos \u00edntimos en su parcela sin romper con la naturaleza.<\/p>\n<\/div>\n\n\n\n<div class=\"wp-block-column is-vertically-aligned-center is-layout-flow wp-block-column-is-layout-flow\" style=\"flex-basis:53%\">\n<figure class=\"wp-block-gallery has-nested-images columns-default is-cropped animated fadeInRight slow delay-200ms wp-block-gallery-2 is-layout-flex wp-block-gallery-is-layout-flex\">\n<figure class=\"wp-block-image size-full\"><a href=\"https:\/\/www.champsblancstest.geek-tonic.dev\/wp-content\/uploads\/2023\/09\/emplacement-camping-car-herault-scaled.webp\"><img decoding=\"async\" width=\"2560\" height=\"1707\" data-id=\"8330\" src=\"https:\/\/www.champsblancstest.geek-tonic.dev\/wp-content\/uploads\/2023\/09\/emplacement-camping-car-herault-scaled.webp\" alt=\"situaci&#xF3;n camping car herault\" class=\"wp-image-8330\" srcset=\"https:\/\/www.champsblancstest.geek-tonic.dev\/wp-content\/uploads\/2023\/09\/emplacement-camping-car-herault-scaled.webp 2560w, https:\/\/www.champsblancstest.geek-tonic.dev\/wp-content\/uploads\/2023\/09\/emplacement-camping-car-herault-300x200.webp 300w, https:\/\/www.champsblancstest.geek-tonic.dev\/wp-content\/uploads\/2023\/09\/emplacement-camping-car-herault-1024x683.webp 1024w, https:\/\/www.champsblancstest.geek-tonic.dev\/wp-content\/uploads\/2023\/09\/emplacement-camping-car-herault-768x512.webp 768w, https:\/\/www.champsblancstest.geek-tonic.dev\/wp-content\/uploads\/2023\/09\/emplacement-camping-car-herault-1536x1024.webp 1536w, https:\/\/www.champsblancstest.geek-tonic.dev\/wp-content\/uploads\/2023\/09\/emplacement-camping-car-herault-2048x1365.webp 2048w\" sizes=\"(max-width: 2560px) 100vw, 2560px\" \/><\/a><\/figure>\n<\/figure>\n<\/div>\n<\/div>\n\n\n    <\/div>\n<\/section><section id=\"ls-section-block_9473cc2ca3abeee5be93bde4ba793fa0\" class=\"ls-section  home-first page-one\" >\n        <div class=\"container container--full\">\n        \n\n<div class=\"wp-block-columns are-vertically-aligned-center is-layout-flex wp-container-core-columns-is-layout-9d6595d7 wp-block-columns-is-layout-flex\">\n<div class=\"wp-block-column is-vertically-aligned-center is-layout-flow wp-block-column-is-layout-flow\" style=\"flex-basis:53%\">\n<figure class=\"wp-block-gallery has-nested-images columns-default is-cropped animated fadeInLeft slow wp-block-gallery-3 is-layout-flex wp-block-gallery-is-layout-flex\">\n<figure class=\"wp-block-image size-full\"><a href=\"https:\/\/www.champsblancstest.geek-tonic.dev\/wp-content\/uploads\/2023\/09\/camping-emplacement-location-scaled.webp\"><img decoding=\"async\" width=\"2560\" height=\"1443\" data-id=\"8315\" src=\"https:\/\/www.champsblancstest.geek-tonic.dev\/wp-content\/uploads\/2023\/09\/camping-emplacement-location-scaled.webp\" alt=\"alquiler de parcelas\" class=\"wp-image-8315\" srcset=\"https:\/\/www.champsblancstest.geek-tonic.dev\/wp-content\/uploads\/2023\/09\/camping-emplacement-location-scaled.webp 2560w, https:\/\/www.champsblancstest.geek-tonic.dev\/wp-content\/uploads\/2023\/09\/camping-emplacement-location-300x169.webp 300w, https:\/\/www.champsblancstest.geek-tonic.dev\/wp-content\/uploads\/2023\/09\/camping-emplacement-location-1024x577.webp 1024w, https:\/\/www.champsblancstest.geek-tonic.dev\/wp-content\/uploads\/2023\/09\/camping-emplacement-location-768x433.webp 768w, https:\/\/www.champsblancstest.geek-tonic.dev\/wp-content\/uploads\/2023\/09\/camping-emplacement-location-1536x866.webp 1536w, https:\/\/www.champsblancstest.geek-tonic.dev\/wp-content\/uploads\/2023\/09\/camping-emplacement-location-2048x1154.webp 2048w\" sizes=\"(max-width: 2560px) 100vw, 2560px\" \/><\/a><\/figure>\n<\/figure>\n<\/div>\n\n\n\n<div class=\"wp-block-column is-vertically-aligned-center is-layout-flow wp-block-column-is-layout-flow\" style=\"flex-basis:47%\">\n<h2 class=\"ls__heading wp-block-heading\">Instalaciones dise\u00f1adas para su sitio desnudo  <\/h2>\n\n\n\n<p class=\"ls-paragraph\">Las conexiones el\u00e9ctricas contribuyen en gran medida <strong>a la comodidad de nuestros hu\u00e9spedes<\/strong>. Ofrecen un m\u00ednimo de comodidad. Podr\u00e1s enchufar la nevera, cargar el m\u00f3vil y otros aparatos electr\u00f3nicos (ordenadores, tabletas) y utilizar la cafetera el\u00e9ctrica, que siempre te acompa\u00f1ar\u00e1 cuando te vayas de vacaciones.<\/p>\n\n\n\n<p class=\"ls-paragraph\">Los precios de nuestras parcelas pueden variar considerablemente seg\u00fan la temporada. Consulte<a href=\"https:\/\/www.champsblancstest.geek-tonic.dev\/es\/camping-barato-agde\/\"> nuestras tarifas<\/a> y no dude en ponerse en contacto con nosotros si tiene alguna pregunta sobre nuestros emplazamientos, instalaciones, servicios, ofertas especiales o el reglamento del camping. Nuestro equipo estar\u00e1 encantado de ayudarle a planificar sus <strong>vacaciones<\/strong> junto al mar <strong>en Occitanie<\/strong>, cerca del Mediterr\u00e1neo y de las playas de arena de Cap d&#8217;Agde.<\/p>\n<\/div>\n<\/div>\n\n\n    <\/div>\n<\/section><section id=\"ls-section-block_9071e8c1ddb45b697e7302ca822242cf\" class=\"ls-section  page-four animated fadeInUp slow delay-100ms\" >\n        <div class=\"container container--wide\">\n        \n\n<div id=\"ls-heading ls-titre-div-block_2f5ffc754df1f68bdf53b648bf94a886\" class=\"ls-titre-div aligncenter h2-like\" >\n    Descubra nuestros alojamientos<\/div>\n\n\n<div id=\"ls-maillage-block_80589cff88119b70ad52ce07139b0da7\" class=\"ls-maillage cta-style-normal\" data-rows=\"5\">\n    <div class=\"wp-block-columns\"><div class=\"wp-block-column\"><div class=\"ls-cta\">\n\n<a href=\"https:\/\/www.champsblancstest.geek-tonic.dev\/es\/alquiler-mobil-home-premium-cap-agde\/\" target=\"\" rel=\"noopener\" class=\"ls-cta__link\">\n\n\t<div class=\"ls-cta__image\"><img decoding=\"async\" src=\"https:\/\/www.champsblancstest.geek-tonic.dev\/wp-content\/uploads\/2023\/09\/mobil-home-luxe-agde-768x451.webp\" alt=\"mobil home luxe agde\"><\/div>\n\t<div class=\"ls-cta__title\">\n\t\t<span class=\"champs-blancs-coin-droit\"><\/span>\n\t\tCasa m\u00f3vil Premium\t\t<span class=\"champs-blancs-arrow-down\"><\/span>\n\t<\/div>\n\n\t\n<\/a><\/div><\/div><div class=\"wp-block-column\"><div class=\"ls-cta\">\n\n<a href=\"https:\/\/www.champsblancstest.geek-tonic.dev\/es\/alquiler-chalet-cap-agde\/\" target=\"\" rel=\"noopener\" class=\"ls-cta__link\">\n\n\t<div class=\"ls-cta__image\"><img decoding=\"async\" src=\"https:\/\/www.champsblancstest.geek-tonic.dev\/wp-content\/uploads\/2023\/09\/location-chalet-cap-agde-768x512.webp\" alt=\"alquiler chalet cap agde\"><\/div>\n\t<div class=\"ls-cta__title\">\n\t\t<span class=\"champs-blancs-coin-droit\"><\/span>\n\t\tLos chal\u00e9s\t\t<span class=\"champs-blancs-arrow-down\"><\/span>\n\t<\/div>\n\n\t\n<\/a><\/div><\/div><div class=\"wp-block-column\"><div class=\"ls-cta\">\n\n<a href=\"https:\/\/www.champsblancstest.geek-tonic.dev\/es\/camping-barato-agde\/\" target=\"\" rel=\"noopener\" class=\"ls-cta__link\">\n\n\t<div class=\"ls-cta__image\"><img decoding=\"async\" src=\"https:\/\/www.champsblancstest.geek-tonic.dev\/wp-content\/uploads\/2023\/09\/camping-pas-cher-bord-de-mer-768x1152.webp\" alt=\"camping barato junto al mar\"><\/div>\n\t<div class=\"ls-cta__title\">\n\t\t<span class=\"champs-blancs-coin-droit\"><\/span>\n\t\tTarifas\t\t<span class=\"champs-blancs-arrow-down\"><\/span>\n\t<\/div>\n\n\t\n<\/a><\/div><\/div><div class=\"wp-block-column\"><div class=\"ls-cta\">\n\n<a href=\"https:\/\/www.champsblancstest.geek-tonic.dev\/es\/caravaning-premium-agde\/\" target=\"\" rel=\"noopener\" class=\"ls-cta__link\">\n\n\t<div class=\"ls-cta__image\"><img decoding=\"async\" src=\"https:\/\/www.champsblancstest.geek-tonic.dev\/wp-content\/uploads\/2023\/09\/sanitaire-prive-emplacement-camping-agde.webp\" alt=\"emplazamiento sanitario privado camping agde\"><\/div>\n\t<div class=\"ls-cta__title\">\n\t\t<span class=\"champs-blancs-coin-droit\"><\/span>\n\t\tParcelas Premium\t\t<span class=\"champs-blancs-arrow-down\"><\/span>\n\t<\/div>\n\n\t\n<\/a><\/div><\/div><div class=\"wp-block-column\"><div class=\"ls-cta\">\n\n<a href=\"https:\/\/www.champsblancstest.geek-tonic.dev\/es\/alquiler-mobil-home-cap-agde\/\" target=\"\" rel=\"noopener\" class=\"ls-cta__link\">\n\n\t<div class=\"ls-cta__image\"><img decoding=\"async\" src=\"https:\/\/www.champsblancstest.geek-tonic.dev\/wp-content\/uploads\/2023\/09\/location-vacances-cap-agde-768x463.webp\" alt=\"alquileres de vacaciones cap agde\"><\/div>\n\t<div class=\"ls-cta__title\">\n\t\t<span class=\"champs-blancs-coin-droit\"><\/span>\n\t\tCasas m\u00f3viles\t\t<span class=\"champs-blancs-arrow-down\"><\/span>\n\t<\/div>\n\n\t\n<\/a><\/div><\/div><\/div><\/div>\n\n    <\/div>\n<\/section>","protected":false},"excerpt":{"rendered":"","protected":false},"author":1,"featured_media":8339,"parent":0,"menu_order":0,"comment_status":"closed","ping_status":"closed","template":"","meta":{"_acf_changed":false,"footnotes":""},"sujet":[],"class_list":["post-10628","page","type-page","status-publish","has-post-thumbnail","hentry"],"acf":[],"yoast_head":"<!-- This site is optimized with the Yoast SEO plugin v22.6 - https:\/\/yoast.com\/wordpress\/plugins\/seo\/ -->\n<title>Parcelas de camping Cap d&#039;Agde | Alquilar parcelas de camping<\/title>\n<meta name=\"description\" content=\"\u00bfBusca una parcela desnuda en Cap d&#039;Agde? Nuestro camping de 5 estrellas ofrece parcelas con un bloque de aseos cerca.\" \/>\n<meta name=\"robots\" content=\"noindex, follow, max-snippet:-1, max-image-preview:large, max-video-preview:-1\" \/>\n<meta property=\"og:locale\" content=\"es_ES\" \/>\n<meta property=\"og:type\" content=\"article\" \/>\n<meta property=\"og:title\" content=\"Parcelas de camping Cap d&#039;Agde | Alquilar parcelas de camping\" \/>\n<meta property=\"og:description\" content=\"\u00bfBusca una parcela desnuda en Cap d&#039;Agde? Nuestro camping de 5 estrellas ofrece parcelas con un bloque de aseos cerca.\" \/>\n<meta property=\"og:url\" content=\"https:\/\/www.champsblancstest.geek-tonic.dev\/fr\/caravaning-cap-agde\/\" \/>\n<meta property=\"og:site_name\" content=\"Les Champs Blancs\" \/>\n<meta property=\"article:modified_time\" content=\"2023-11-15T14:12:41+00:00\" \/>\n<meta property=\"og:image\" content=\"https:\/\/www.champsblancstest.geek-tonic.dev\/wp-content\/uploads\/2023\/09\/emplacements-camping-bezier-scaled.webp\" \/>\n\t<meta property=\"og:image:width\" content=\"2048\" \/>\n\t<meta property=\"og:image:height\" content=\"991\" \/>\n\t<meta property=\"og:image:type\" content=\"image\/webp\" \/>\n<meta name=\"twitter:card\" content=\"summary_large_image\" \/>\n<script type=\"application\/ld+json\" class=\"yoast-schema-graph\">{\"@context\":\"https:\/\/schema.org\",\"@graph\":[{\"@type\":\"WebPage\",\"@id\":\"https:\/\/www.champsblancstest.geek-tonic.dev\/fr\/caravaning-cap-agde\/\",\"url\":\"https:\/\/www.champsblancstest.geek-tonic.dev\/fr\/caravaning-cap-agde\/\",\"name\":\"Parcelas de camping Cap d'Agde | Alquilar parcelas de camping\",\"isPartOf\":{\"@id\":\"https:\/\/www.champsblancstest.geek-tonic.dev\/fr\/#website\"},\"primaryImageOfPage\":{\"@id\":\"https:\/\/www.champsblancstest.geek-tonic.dev\/fr\/caravaning-cap-agde\/#primaryimage\"},\"image\":{\"@id\":\"https:\/\/www.champsblancstest.geek-tonic.dev\/fr\/caravaning-cap-agde\/#primaryimage\"},\"thumbnailUrl\":\"https:\/\/www.champsblancstest.geek-tonic.dev\/wp-content\/uploads\/2023\/09\/emplacements-camping-bezier-scaled.webp\",\"datePublished\":\"2023-10-19T10:09:01+00:00\",\"dateModified\":\"2023-11-15T14:12:41+00:00\",\"description\":\"\u00bfBusca una parcela desnuda en Cap d'Agde? Nuestro camping de 5 estrellas ofrece parcelas con un bloque de aseos cerca.\",\"breadcrumb\":{\"@id\":\"https:\/\/www.champsblancstest.geek-tonic.dev\/fr\/caravaning-cap-agde\/#breadcrumb\"},\"inLanguage\":\"es\",\"potentialAction\":[{\"@type\":\"ReadAction\",\"target\":[\"https:\/\/www.champsblancstest.geek-tonic.dev\/fr\/caravaning-cap-agde\/\"]}]},{\"@type\":\"ImageObject\",\"inLanguage\":\"es\",\"@id\":\"https:\/\/www.champsblancstest.geek-tonic.dev\/fr\/caravaning-cap-agde\/#primaryimage\",\"url\":\"https:\/\/www.champsblancstest.geek-tonic.dev\/wp-content\/uploads\/2023\/09\/emplacements-camping-bezier-scaled.webp\",\"contentUrl\":\"https:\/\/www.champsblancstest.geek-tonic.dev\/wp-content\/uploads\/2023\/09\/emplacements-camping-bezier-scaled.webp\",\"width\":2048,\"height\":991,\"caption\":\"parcelas camping bezier\"},{\"@type\":\"BreadcrumbList\",\"@id\":\"https:\/\/www.champsblancstest.geek-tonic.dev\/fr\/caravaning-cap-agde\/#breadcrumb\",\"itemListElement\":[{\"@type\":\"ListItem\",\"position\":1,\"name\":\"Acampar Cap d'Agde\",\"item\":\"https:\/\/www.champsblancstest.geek-tonic.dev\/fr\/\"},{\"@type\":\"ListItem\",\"position\":2,\"name\":\"Camping para caravanas en Agde\"}]},{\"@type\":\"WebSite\",\"@id\":\"https:\/\/www.champsblancstest.geek-tonic.dev\/fr\/#website\",\"url\":\"https:\/\/www.champsblancstest.geek-tonic.dev\/fr\/\",\"name\":\"Les Champs Blancs\",\"description\":\"\",\"publisher\":{\"@id\":\"https:\/\/www.champsblancstest.geek-tonic.dev\/fr\/#organization\"},\"potentialAction\":[{\"@type\":\"SearchAction\",\"target\":{\"@type\":\"EntryPoint\",\"urlTemplate\":\"https:\/\/www.champsblancstest.geek-tonic.dev\/fr\/?s={search_term_string}\"},\"query-input\":\"required name=search_term_string\"}],\"inLanguage\":\"es\"},{\"@type\":\"Organization\",\"@id\":\"https:\/\/www.champsblancstest.geek-tonic.dev\/fr\/#organization\",\"name\":\"Les Champs Blancs\",\"url\":\"https:\/\/www.champsblancstest.geek-tonic.dev\/fr\/\",\"logo\":{\"@type\":\"ImageObject\",\"inLanguage\":\"es\",\"@id\":\"https:\/\/www.champsblancstest.geek-tonic.dev\/fr\/#\/schema\/logo\/image\/\",\"url\":\"https:\/\/www.champsblancstest.geek-tonic.dev\/wp-content\/uploads\/2023\/07\/logo-blanc-camping-les-champs-blancs.webp\",\"contentUrl\":\"https:\/\/www.champsblancstest.geek-tonic.dev\/wp-content\/uploads\/2023\/07\/logo-blanc-camping-les-champs-blancs.webp\",\"width\":821,\"height\":657,\"caption\":\"Les Champs Blancs\"},\"image\":{\"@id\":\"https:\/\/www.champsblancstest.geek-tonic.dev\/fr\/#\/schema\/logo\/image\/\"}}]}<\/script>\n<!-- \/ Yoast SEO plugin. -->","yoast_head_json":{"title":"Parcelas de camping Cap d'Agde | Alquilar parcelas de camping","description":"\u00bfBusca una parcela desnuda en Cap d'Agde? Nuestro camping de 5 estrellas ofrece parcelas con un bloque de aseos cerca.","robots":{"index":"noindex","follow":"follow","max-snippet":"max-snippet:-1","max-image-preview":"max-image-preview:large","max-video-preview":"max-video-preview:-1"},"og_locale":"es_ES","og_type":"article","og_title":"Parcelas de camping Cap d'Agde | Alquilar parcelas de camping","og_description":"\u00bfBusca una parcela desnuda en Cap d'Agde? Nuestro camping de 5 estrellas ofrece parcelas con un bloque de aseos cerca.","og_url":"https:\/\/www.champsblancstest.geek-tonic.dev\/fr\/caravaning-cap-agde\/","og_site_name":"Les Champs Blancs","article_modified_time":"2023-11-15T14:12:41+00:00","og_image":[{"width":2048,"height":991,"url":"https:\/\/www.champsblancstest.geek-tonic.dev\/wp-content\/uploads\/2023\/09\/emplacements-camping-bezier-scaled.webp","type":"image\/webp"}],"twitter_card":"summary_large_image","schema":{"@context":"https:\/\/schema.org","@graph":[{"@type":"WebPage","@id":"https:\/\/www.champsblancstest.geek-tonic.dev\/fr\/caravaning-cap-agde\/","url":"https:\/\/www.champsblancstest.geek-tonic.dev\/fr\/caravaning-cap-agde\/","name":"Parcelas de camping Cap d'Agde | Alquilar parcelas de camping","isPartOf":{"@id":"https:\/\/www.champsblancstest.geek-tonic.dev\/fr\/#website"},"primaryImageOfPage":{"@id":"https:\/\/www.champsblancstest.geek-tonic.dev\/fr\/caravaning-cap-agde\/#primaryimage"},"image":{"@id":"https:\/\/www.champsblancstest.geek-tonic.dev\/fr\/caravaning-cap-agde\/#primaryimage"},"thumbnailUrl":"https:\/\/www.champsblancstest.geek-tonic.dev\/wp-content\/uploads\/2023\/09\/emplacements-camping-bezier-scaled.webp","datePublished":"2023-10-19T10:09:01+00:00","dateModified":"2023-11-15T14:12:41+00:00","description":"\u00bfBusca una parcela desnuda en Cap d'Agde? Nuestro camping de 5 estrellas ofrece parcelas con un bloque de aseos cerca.","breadcrumb":{"@id":"https:\/\/www.champsblancstest.geek-tonic.dev\/fr\/caravaning-cap-agde\/#breadcrumb"},"inLanguage":"es","potentialAction":[{"@type":"ReadAction","target":["https:\/\/www.champsblancstest.geek-tonic.dev\/fr\/caravaning-cap-agde\/"]}]},{"@type":"ImageObject","inLanguage":"es","@id":"https:\/\/www.champsblancstest.geek-tonic.dev\/fr\/caravaning-cap-agde\/#primaryimage","url":"https:\/\/www.champsblancstest.geek-tonic.dev\/wp-content\/uploads\/2023\/09\/emplacements-camping-bezier-scaled.webp","contentUrl":"https:\/\/www.champsblancstest.geek-tonic.dev\/wp-content\/uploads\/2023\/09\/emplacements-camping-bezier-scaled.webp","width":2048,"height":991,"caption":"parcelas camping bezier"},{"@type":"BreadcrumbList","@id":"https:\/\/www.champsblancstest.geek-tonic.dev\/fr\/caravaning-cap-agde\/#breadcrumb","itemListElement":[{"@type":"ListItem","position":1,"name":"Acampar Cap d'Agde","item":"https:\/\/www.champsblancstest.geek-tonic.dev\/fr\/"},{"@type":"ListItem","position":2,"name":"Camping para caravanas en Agde"}]},{"@type":"WebSite","@id":"https:\/\/www.champsblancstest.geek-tonic.dev\/fr\/#website","url":"https:\/\/www.champsblancstest.geek-tonic.dev\/fr\/","name":"Les Champs Blancs","description":"","publisher":{"@id":"https:\/\/www.champsblancstest.geek-tonic.dev\/fr\/#organization"},"potentialAction":[{"@type":"SearchAction","target":{"@type":"EntryPoint","urlTemplate":"https:\/\/www.champsblancstest.geek-tonic.dev\/fr\/?s={search_term_string}"},"query-input":"required name=search_term_string"}],"inLanguage":"es"},{"@type":"Organization","@id":"https:\/\/www.champsblancstest.geek-tonic.dev\/fr\/#organization","name":"Les Champs Blancs","url":"https:\/\/www.champsblancstest.geek-tonic.dev\/fr\/","logo":{"@type":"ImageObject","inLanguage":"es","@id":"https:\/\/www.champsblancstest.geek-tonic.dev\/fr\/#\/schema\/logo\/image\/","url":"https:\/\/www.champsblancstest.geek-tonic.dev\/wp-content\/uploads\/2023\/07\/logo-blanc-camping-les-champs-blancs.webp","contentUrl":"https:\/\/www.champsblancstest.geek-tonic.dev\/wp-content\/uploads\/2023\/07\/logo-blanc-camping-les-champs-blancs.webp","width":821,"height":657,"caption":"Les Champs Blancs"},"image":{"@id":"https:\/\/www.champsblancstest.geek-tonic.dev\/fr\/#\/schema\/logo\/image\/"}}]}},"_links":{"self":[{"href":"https:\/\/www.champsblancstest.geek-tonic.dev\/es\/wp-json\/wp\/v2\/pages\/10628","targetHints":{"allow":["GET"]}}],"collection":[{"href":"https:\/\/www.champsblancstest.geek-tonic.dev\/es\/wp-json\/wp\/v2\/pages"}],"about":[{"href":"https:\/\/www.champsblancstest.geek-tonic.dev\/es\/wp-json\/wp\/v2\/types\/page"}],"author":[{"embeddable":true,"href":"https:\/\/www.champsblancstest.geek-tonic.dev\/es\/wp-json\/wp\/v2\/users\/1"}],"replies":[{"embeddable":true,"href":"https:\/\/www.champsblancstest.geek-tonic.dev\/es\/wp-json\/wp\/v2\/comments?post=10628"}],"version-history":[{"count":2,"href":"https:\/\/www.champsblancstest.geek-tonic.dev\/es\/wp-json\/wp\/v2\/pages\/10628\/revisions"}],"predecessor-version":[{"id":15225,"href":"https:\/\/www.champsblancstest.geek-tonic.dev\/es\/wp-json\/wp\/v2\/pages\/10628\/revisions\/15225"}],"wp:featuredmedia":[{"embeddable":true,"href":"https:\/\/www.champsblancstest.geek-tonic.dev\/es\/wp-json\/wp\/v2\/media\/8339"}],"wp:attachment":[{"href":"https:\/\/www.champsblancstest.geek-tonic.dev\/es\/wp-json\/wp\/v2\/media?parent=10628"}],"wp:term":[{"taxonomy":"sujet","embeddable":true,"href":"https:\/\/www.champsblancstest.geek-tonic.dev\/es\/wp-json\/wp\/v2\/sujet?post=10628"}],"curies":[{"name":"wp","href":"https:\/\/api.w.org\/{rel}","templated":true}]}}