{"id":10642,"date":"2023-10-19T12:09:03","date_gmt":"2023-10-19T10:09:03","guid":{"rendered":"https:\/\/www.champsblancstest.geek-tonic.dev\/agde\/"},"modified":"2023-11-15T15:17:39","modified_gmt":"2023-11-15T14:17:39","slug":"turismo-agde","status":"publish","type":"page","link":"https:\/\/www.champsblancstest.geek-tonic.dev\/es\/herault\/turismo-agde\/","title":{"rendered":"Agde"},"content":{"rendered":"<section id=\"ls-section-block_5eae3631a77bb4a8e4e72c0fd9573b4a\" class=\"ls-section  home-first page-one\" >\n        <div class=\"container container--full\">\n        \n\n<div class=\"wp-block-columns are-vertically-aligned-center is-layout-flex wp-container-core-columns-is-layout-9d6595d7 wp-block-columns-is-layout-flex\">\n<div class=\"wp-block-column is-vertically-aligned-center is-layout-flow wp-block-column-is-layout-flow\" style=\"flex-basis:53%\">\n<figure class=\"wp-block-gallery has-nested-images columns-default is-cropped animated fadeInLeft slow wp-block-gallery-1 is-layout-flex wp-block-gallery-is-layout-flex\">\n<figure class=\"wp-block-image size-full\"><a href=\"https:\/\/www.champsblancstest.geek-tonic.dev\/wp-content\/uploads\/2023\/09\/camping-agde-3-scaled.webp\"><img decoding=\"async\" width=\"2560\" height=\"1707\" data-id=\"9040\" src=\"https:\/\/www.champsblancstest.geek-tonic.dev\/wp-content\/uploads\/2023\/09\/camping-agde-3-scaled.webp\" alt=\"camping agde 3\" class=\"wp-image-9040\" srcset=\"https:\/\/www.champsblancstest.geek-tonic.dev\/wp-content\/uploads\/2023\/09\/camping-agde-3-scaled.webp 2560w, https:\/\/www.champsblancstest.geek-tonic.dev\/wp-content\/uploads\/2023\/09\/camping-agde-3-300x200.webp 300w, https:\/\/www.champsblancstest.geek-tonic.dev\/wp-content\/uploads\/2023\/09\/camping-agde-3-1024x683.webp 1024w, https:\/\/www.champsblancstest.geek-tonic.dev\/wp-content\/uploads\/2023\/09\/camping-agde-3-768x512.webp 768w, https:\/\/www.champsblancstest.geek-tonic.dev\/wp-content\/uploads\/2023\/09\/camping-agde-3-1536x1024.webp 1536w, https:\/\/www.champsblancstest.geek-tonic.dev\/wp-content\/uploads\/2023\/09\/camping-agde-3-2048x1365.webp 2048w\" sizes=\"(max-width: 2560px) 100vw, 2560px\" \/><\/a><\/figure>\n<\/figure>\n<\/div>\n\n\n\n<div class=\"wp-block-column is-vertically-aligned-center is-layout-flow wp-block-column-is-layout-flow\" style=\"flex-basis:47%\">\n<h1 class=\"ls__heading wp-block-heading\">Turismo en Agde<\/h1>\n\n\n\n<p class=\"ls-paragraph\">Fundada hace m\u00e1s de 2.500 a\u00f1os por los foceos, Agde destaca por sus <strong>bellos monumentos<\/strong> construidos en piedra bas\u00e1ltica. Aunque su estaci\u00f3n balnearia, Cap d&#8217;Agde, atrae a la mayor\u00eda de los veraneantes, la ciudad de Agde tiene mucho que ofrecer a los visitantes que desean hacer algo m\u00e1s que holgazanear y ba\u00f1arse en el Mediterr\u00e1neo. Desc\u00fabralo durante su estancia en <strong>Agde<\/strong>.<\/p>\n\n\n\n<p class=\"ls-paragraph\">T\u00f3mese su tiempo para explorarla si se pregunta <a href=\"https:\/\/www.champsblancstest.geek-tonic.dev\/es\/herault\/\">qu\u00e9 hacer en el H\u00e9rault<\/a> durante sus vacaciones, sobre todo porque su <strong>centro hist\u00f3rico<\/strong> est\u00e1 a s\u00f3lo 10 minutos a pie del <a href=\"https:\/\/www.champsblancstest.geek-tonic.dev\/es\/\">camping Agde<\/a> Les Champs Blancs.<\/p>\n<\/div>\n<\/div>\n\n\n    <\/div>\n<\/section>\n\n<section id=\"ls-section-block_9258c494788bbb5688469404e943392b\" class=\"ls-section  home-first page-two\" >\n        <div class=\"container container--full\">\n        \n\n<div class=\"wp-block-columns are-vertically-aligned-center is-layout-flex wp-container-core-columns-is-layout-9d6595d7 wp-block-columns-is-layout-flex\">\n<div class=\"wp-block-column is-vertically-aligned-center is-layout-flow wp-block-column-is-layout-flow\" style=\"flex-basis:47%\">\n<h2 class=\"ls__heading wp-block-heading\">Agde, un patrimonio cultural y natural excepcional<\/h2>\n\n\n\n<p class=\"ls-paragraph\">Basta con recorrer el centro hist\u00f3rico de esta ciudad occitana de apenas 28.000 habitantes para darse cuenta de su <strong>gran inter\u00e9s arquitect\u00f3nico<\/strong>. La ciudad de Agde est\u00e1 salpicada de edificios religiosos muy bien conservados, algunos de ellos declarados monumentos hist\u00f3ricos, como la catedral de Saint-Etienne, la iglesia de Saint-Sever, la iglesia de Saint-Andr\u00e9, la iglesia de Notre-Dame-du-Grau y la capilla de l&#8217;Agenouillade. Descubra la historia de Agde durante su estancia en <strong>Agde turismo<\/strong>. Los muelles del H\u00e9rault son un lugar ideal para pasear en familia despu\u00e9s de una actividad n\u00e1utica, sobre todo al anochecer en los meses de verano.<\/p>\n\n\n\n<p class=\"ls-paragraph\">El patrimonio cultural de Agde incluye tambi\u00e9n residencias construidas entre los siglos XVII y XVIII, entre las que destacan el H\u00f4tel Malaval y el antiguo palacio episcopal. Las plazas est\u00e1n adornadas con <strong>hermosas fuentes<\/strong>: la fuente Napole\u00f3n, la fuente de la Rep\u00fablica y la Belle Agathoise cerca de la Explanada&#8230;<\/p>\n\n\n\n<p class=\"ls-paragraph\">En cuanto a la naturaleza, el Canal du Midi es un lugar id\u00edlico para <strong>buc\u00f3licos paseos a pie o en bicicleta<\/strong> a la sombra de los pl\u00e1tanos. La ciudad alberga numerosos parques y jardines, as\u00ed como una zona protegida, la reserva natural de Bagnas, a orillas del Etang de Thau.<\/p>\n<\/div>\n\n\n\n<div class=\"wp-block-column is-vertically-aligned-center is-layout-flow wp-block-column-is-layout-flow\" style=\"flex-basis:53%\">\n<figure class=\"wp-block-gallery has-nested-images columns-default is-cropped animated fadeInRight slow delay-200ms wp-block-gallery-2 is-layout-flex wp-block-gallery-is-layout-flex\">\n<figure class=\"wp-block-image size-full\"><a href=\"https:\/\/www.champsblancstest.geek-tonic.dev\/wp-content\/uploads\/2023\/09\/camping-agde-2-scaled.webp\"><img decoding=\"async\" width=\"2560\" height=\"1707\" data-id=\"9045\" src=\"https:\/\/www.champsblancstest.geek-tonic.dev\/wp-content\/uploads\/2023\/09\/camping-agde-2-scaled.webp\" alt=\"camping agde 2\" class=\"wp-image-9045\" srcset=\"https:\/\/www.champsblancstest.geek-tonic.dev\/wp-content\/uploads\/2023\/09\/camping-agde-2-scaled.webp 2560w, https:\/\/www.champsblancstest.geek-tonic.dev\/wp-content\/uploads\/2023\/09\/camping-agde-2-300x200.webp 300w, https:\/\/www.champsblancstest.geek-tonic.dev\/wp-content\/uploads\/2023\/09\/camping-agde-2-1024x683.webp 1024w, https:\/\/www.champsblancstest.geek-tonic.dev\/wp-content\/uploads\/2023\/09\/camping-agde-2-768x512.webp 768w, https:\/\/www.champsblancstest.geek-tonic.dev\/wp-content\/uploads\/2023\/09\/camping-agde-2-1536x1024.webp 1536w, https:\/\/www.champsblancstest.geek-tonic.dev\/wp-content\/uploads\/2023\/09\/camping-agde-2-2048x1365.webp 2048w\" sizes=\"(max-width: 2560px) 100vw, 2560px\" \/><\/a><\/figure>\n<\/figure>\n<\/div>\n<\/div>\n\n\n    <\/div>\n<\/section>\n\n<section id=\"ls-section-block_5eae3631a77bb4a8e4e72c0fd9573b4a\" class=\"ls-section  home-first page-one\" >\n        <div class=\"container container--full\">\n        \n\n<div class=\"wp-block-columns are-vertically-aligned-center is-layout-flex wp-container-core-columns-is-layout-9d6595d7 wp-block-columns-is-layout-flex\">\n<div class=\"wp-block-column is-vertically-aligned-center is-layout-flow wp-block-column-is-layout-flow\" style=\"flex-basis:53%\"><p><iframe width=\"100%\" height=\"480\" src=\"https:\/\/www.youtube.com\/embed\/UcFPcEoApC0?si=8tSUVRbnLZq2-ZFC\" title=\"YouTube video player\" frameborder=\"0\" allow=\"accelerometer; autoplay; clipboard-write; encrypted-media; gyroscope; picture-in-picture; web-share\" allowfullscreen><\/iframe><\/p>\n<\/div>\n\n\n\n<div class=\"wp-block-column is-vertically-aligned-center is-layout-flow wp-block-column-is-layout-flow\" style=\"flex-basis:47%\">\n<h2 class=\"ls__heading wp-block-heading\">Las 5 mejores cosas que ver y hacer en Agde<\/h2>\n\n\n\n<ul class=\"ls-list wp-block-list\">\n<li><strong>Visite la catedral de Saint-Etienne<\/strong>: con sus grandes fortificaciones, el monumento m\u00e1s emblem\u00e1tico de Agde combina elementos de edificio religioso y de castillo fortificado. La piedra volc\u00e1nica utilizada en su construcci\u00f3n procede del Monte Saint-Loup.<\/li>\n\n\n\n<li>Hacer un <strong>crucero<\/strong> por el Canal du Midi: varios proveedores de servicios ofrecen cruceros fluviales por el Canal du Midi, declarado Patrimonio de la Humanidad por la UNESCO. A bordo de un barco o una gabarra, atravesar\u00e1 varias esclusas, incluida la famosa esclusa redonda, monumento hist\u00f3rico protegido.<\/li>\n<\/ul>\n\n\n\n<ul class=\"ls-list wp-block-list\">\n<li><strong>Asista a un torneo de justas<\/strong>: Los combates n\u00e1uticos son uno de los elementos centrales de la tradici\u00f3n de Languedoc. Durante los meses de verano se organizan torneos en Agde y las ciudades vecinas.<br>M\u00e1s informaci\u00f3n sobre <a href=\"https:\/\/www.ville-agde.fr\/\" target=\"_blank\" rel=\"noreferrer noopener\">Agde<\/a>.<\/li>\n<\/ul>\n\n\n\n<ul class=\"ls-list wp-block-list\">\n<li><strong>Descubra la reserva de Bagnas<\/strong>: este humedal de 563 hect\u00e1reas, con categor\u00eda de reserva natural nacional, es un refugio para las aves migratorias y otras especies amenazadas. Haga un recorrido por los estanques y ense\u00f1e a sus hijos la fragilidad de los ecosistemas que tienen delante.<\/li>\n<\/ul>\n\n\n\n<ul class=\"ls-list wp-block-list\">\n<li><strong>Visite el museo Jules-Baudou<\/strong>: este museo de bellas artes y tradiciones de la regi\u00f3n del H\u00e9rault se cre\u00f3 en 1932 en una casa urbana de estilo renacentista. Contiene varias colecciones de trajes, muebles, cuadros y maquetas de barcos.<\/li>\n<\/ul>\n\n\n\n<p class=\"ls-paragraph\">Descubra los mejores mercados de Agde y sus alrededores.<\/p>\n<\/div>\n<\/div>\n\n\n    <\/div>\n<\/section>\n\n<section id=\"ls-section-block_96ba3bf38b9cc3fe680783c0696f6ab1\" class=\"ls-section  page-four animated fadeInUp slow delay-100ms\" >\n        <div class=\"container container--wide\">\n        \n\n<div id=\"ls-heading ls-titre-div-block_11765eceadd294bbea9bc96d0fd90dd6\" class=\"ls-titre-div aligncenter h2-like\" >\n    Descubre tambi\u00e9n &#8230;<\/div>\n\n\n<div id=\"ls-maillage-block_fde70149b1f45911d619fc115b7651d8\" class=\"ls-maillage cta-style-normal\" data-rows=\"3\">\n    <div class=\"wp-block-columns\"><div class=\"wp-block-column\"><div class=\"ls-cta\">\n\n<a href=\"https:\/\/www.champsblancstest.geek-tonic.dev\/es\/herault\/marseillan\/\" target=\"\" rel=\"noopener\" class=\"ls-cta__link\">\n\n\t<div class=\"ls-cta__image\"><img decoding=\"async\" src=\"https:\/\/www.champsblancstest.geek-tonic.dev\/wp-content\/uploads\/2023\/09\/camping-marseillan-1-768x512.webp\" alt=\"camping marseillan 1\"><\/div>\n\t<div class=\"ls-cta__title\">\n\t\t<span class=\"champs-blancs-coin-droit\"><\/span>\n\t\tMarseillan\t\t<span class=\"champs-blancs-arrow-down\"><\/span>\n\t<\/div>\n\n\t\n<\/a><\/div><\/div><div class=\"wp-block-column\"><div class=\"ls-cta\">\n\n<a href=\"https:\/\/www.champsblancstest.geek-tonic.dev\/es\/herault\/sete\/\" target=\"\" rel=\"noopener\" class=\"ls-cta__link\">\n\n\t<div class=\"ls-cta__image\"><img decoding=\"async\" src=\"https:\/\/www.champsblancstest.geek-tonic.dev\/wp-content\/uploads\/2023\/09\/camping-sete8-768x409.webp\" alt=\"camping s\u00e8te8\"><\/div>\n\t<div class=\"ls-cta__title\">\n\t\t<span class=\"champs-blancs-coin-droit\"><\/span>\n\t\tS\u00e8te\t\t<span class=\"champs-blancs-arrow-down\"><\/span>\n\t<\/div>\n\n\t\n<\/a><\/div><\/div><div class=\"wp-block-column\"><div class=\"ls-cta\">\n\n<a href=\"https:\/\/www.champsblancstest.geek-tonic.dev\/es\/herault\/turismo-cap-agde\/\" target=\"\" rel=\"noopener\" class=\"ls-cta__link\">\n\n\t<div class=\"ls-cta__image\"><img decoding=\"async\" src=\"https:\/\/www.champsblancstest.geek-tonic.dev\/wp-content\/uploads\/2023\/09\/camping-cap-agde-1-768x576.webp\" alt=\"camping cap agde 1\"><\/div>\n\t<div class=\"ls-cta__title\">\n\t\t<span class=\"champs-blancs-coin-droit\"><\/span>\n\t\tCap d&#8217;Agde\t\t<span class=\"champs-blancs-arrow-down\"><\/span>\n\t<\/div>\n\n\t\n<\/a><\/div><\/div><\/div><\/div>\n\n    <\/div>\n<\/section>","protected":false},"excerpt":{"rendered":"","protected":false},"author":1,"featured_media":9039,"parent":10661,"menu_order":0,"comment_status":"closed","ping_status":"closed","template":"","meta":{"_acf_changed":false,"footnotes":""},"sujet":[],"class_list":["post-10642","page","type-page","status-publish","has-post-thumbnail","hentry"],"acf":[],"yoast_head":"<!-- This site is optimized with the Yoast SEO plugin v22.6 - https:\/\/yoast.com\/wordpress\/plugins\/seo\/ -->\n<title>Agde turismo | Actividades, visitas y lugares de inter\u00e9s en Agde<\/title>\n<meta name=\"description\" content=\"\u00bfDesea hacer turismo en Agde durante sus vacaciones? Descubra las mejores actividades, las visitas m\u00e1s bonitas y los lugares de inter\u00e9s imprescindibles\" \/>\n<meta name=\"robots\" content=\"noindex, follow, max-snippet:-1, max-image-preview:large, max-video-preview:-1\" \/>\n<meta property=\"og:locale\" content=\"es_ES\" \/>\n<meta property=\"og:type\" content=\"article\" \/>\n<meta property=\"og:title\" content=\"Agde turismo | Actividades, visitas y lugares de inter\u00e9s en Agde\" \/>\n<meta property=\"og:description\" content=\"\u00bfDesea hacer turismo en Agde durante sus vacaciones? Descubra las mejores actividades, las visitas m\u00e1s bonitas y los lugares de inter\u00e9s imprescindibles\" \/>\n<meta property=\"og:url\" content=\"https:\/\/www.champsblancstest.geek-tonic.dev\/fr\/herault\/agde\/\" \/>\n<meta property=\"og:site_name\" content=\"Les Champs Blancs\" \/>\n<meta property=\"article:modified_time\" content=\"2023-11-15T14:17:39+00:00\" \/>\n<meta property=\"og:image\" content=\"https:\/\/www.champsblancstest.geek-tonic.dev\/wp-content\/uploads\/2023\/09\/camping-agde-4-scaled.webp\" \/>\n\t<meta property=\"og:image:width\" content=\"2048\" \/>\n\t<meta property=\"og:image:height\" content=\"1360\" \/>\n\t<meta property=\"og:image:type\" content=\"image\/webp\" \/>\n<meta name=\"twitter:card\" content=\"summary_large_image\" \/>\n<script type=\"application\/ld+json\" class=\"yoast-schema-graph\">{\"@context\":\"https:\/\/schema.org\",\"@graph\":[{\"@type\":\"WebPage\",\"@id\":\"https:\/\/www.champsblancstest.geek-tonic.dev\/fr\/herault\/agde\/\",\"url\":\"https:\/\/www.champsblancstest.geek-tonic.dev\/fr\/herault\/agde\/\",\"name\":\"Agde turismo | Actividades, visitas y lugares de inter\u00e9s en Agde\",\"isPartOf\":{\"@id\":\"https:\/\/www.champsblancstest.geek-tonic.dev\/fr\/#website\"},\"primaryImageOfPage\":{\"@id\":\"https:\/\/www.champsblancstest.geek-tonic.dev\/fr\/herault\/agde\/#primaryimage\"},\"image\":{\"@id\":\"https:\/\/www.champsblancstest.geek-tonic.dev\/fr\/herault\/agde\/#primaryimage\"},\"thumbnailUrl\":\"https:\/\/www.champsblancstest.geek-tonic.dev\/wp-content\/uploads\/2023\/09\/camping-agde-4-scaled.webp\",\"datePublished\":\"2023-10-19T10:09:03+00:00\",\"dateModified\":\"2023-11-15T14:17:39+00:00\",\"description\":\"\u00bfDesea hacer turismo en Agde durante sus vacaciones? Descubra las mejores actividades, las visitas m\u00e1s bonitas y los lugares de inter\u00e9s imprescindibles\",\"breadcrumb\":{\"@id\":\"https:\/\/www.champsblancstest.geek-tonic.dev\/fr\/herault\/agde\/#breadcrumb\"},\"inLanguage\":\"es\",\"potentialAction\":[{\"@type\":\"ReadAction\",\"target\":[\"https:\/\/www.champsblancstest.geek-tonic.dev\/fr\/herault\/agde\/\"]}]},{\"@type\":\"ImageObject\",\"inLanguage\":\"es\",\"@id\":\"https:\/\/www.champsblancstest.geek-tonic.dev\/fr\/herault\/agde\/#primaryimage\",\"url\":\"https:\/\/www.champsblancstest.geek-tonic.dev\/wp-content\/uploads\/2023\/09\/camping-agde-4-scaled.webp\",\"contentUrl\":\"https:\/\/www.champsblancstest.geek-tonic.dev\/wp-content\/uploads\/2023\/09\/camping-agde-4-scaled.webp\",\"width\":2048,\"height\":1360,\"caption\":\"camping agde 4\"},{\"@type\":\"BreadcrumbList\",\"@id\":\"https:\/\/www.champsblancstest.geek-tonic.dev\/fr\/herault\/agde\/#breadcrumb\",\"itemListElement\":[{\"@type\":\"ListItem\",\"position\":1,\"name\":\"Acampar Cap d'Agde\",\"item\":\"https:\/\/www.champsblancstest.geek-tonic.dev\/fr\/\"},{\"@type\":\"ListItem\",\"position\":2,\"name\":\"Descubrir Herault\",\"item\":\"https:\/\/www.champsblancstest.geek-tonic.dev\/fr\/herault\/\"},{\"@type\":\"ListItem\",\"position\":3,\"name\":\"Agde\"}]},{\"@type\":\"WebSite\",\"@id\":\"https:\/\/www.champsblancstest.geek-tonic.dev\/fr\/#website\",\"url\":\"https:\/\/www.champsblancstest.geek-tonic.dev\/fr\/\",\"name\":\"Les Champs Blancs\",\"description\":\"\",\"publisher\":{\"@id\":\"https:\/\/www.champsblancstest.geek-tonic.dev\/fr\/#organization\"},\"potentialAction\":[{\"@type\":\"SearchAction\",\"target\":{\"@type\":\"EntryPoint\",\"urlTemplate\":\"https:\/\/www.champsblancstest.geek-tonic.dev\/fr\/?s={search_term_string}\"},\"query-input\":\"required name=search_term_string\"}],\"inLanguage\":\"es\"},{\"@type\":\"Organization\",\"@id\":\"https:\/\/www.champsblancstest.geek-tonic.dev\/fr\/#organization\",\"name\":\"Les Champs Blancs\",\"url\":\"https:\/\/www.champsblancstest.geek-tonic.dev\/fr\/\",\"logo\":{\"@type\":\"ImageObject\",\"inLanguage\":\"es\",\"@id\":\"https:\/\/www.champsblancstest.geek-tonic.dev\/fr\/#\/schema\/logo\/image\/\",\"url\":\"https:\/\/www.champsblancstest.geek-tonic.dev\/wp-content\/uploads\/2023\/07\/logo-blanc-camping-les-champs-blancs.webp\",\"contentUrl\":\"https:\/\/www.champsblancstest.geek-tonic.dev\/wp-content\/uploads\/2023\/07\/logo-blanc-camping-les-champs-blancs.webp\",\"width\":821,\"height\":657,\"caption\":\"Les Champs Blancs\"},\"image\":{\"@id\":\"https:\/\/www.champsblancstest.geek-tonic.dev\/fr\/#\/schema\/logo\/image\/\"}}]}<\/script>\n<!-- \/ Yoast SEO plugin. -->","yoast_head_json":{"title":"Agde turismo | Actividades, visitas y lugares de inter\u00e9s en Agde","description":"\u00bfDesea hacer turismo en Agde durante sus vacaciones? Descubra las mejores actividades, las visitas m\u00e1s bonitas y los lugares de inter\u00e9s imprescindibles","robots":{"index":"noindex","follow":"follow","max-snippet":"max-snippet:-1","max-image-preview":"max-image-preview:large","max-video-preview":"max-video-preview:-1"},"og_locale":"es_ES","og_type":"article","og_title":"Agde turismo | Actividades, visitas y lugares de inter\u00e9s en Agde","og_description":"\u00bfDesea hacer turismo en Agde durante sus vacaciones? Descubra las mejores actividades, las visitas m\u00e1s bonitas y los lugares de inter\u00e9s imprescindibles","og_url":"https:\/\/www.champsblancstest.geek-tonic.dev\/fr\/herault\/agde\/","og_site_name":"Les Champs Blancs","article_modified_time":"2023-11-15T14:17:39+00:00","og_image":[{"width":2048,"height":1360,"url":"https:\/\/www.champsblancstest.geek-tonic.dev\/wp-content\/uploads\/2023\/09\/camping-agde-4-scaled.webp","type":"image\/webp"}],"twitter_card":"summary_large_image","schema":{"@context":"https:\/\/schema.org","@graph":[{"@type":"WebPage","@id":"https:\/\/www.champsblancstest.geek-tonic.dev\/fr\/herault\/agde\/","url":"https:\/\/www.champsblancstest.geek-tonic.dev\/fr\/herault\/agde\/","name":"Agde turismo | Actividades, visitas y lugares de inter\u00e9s en Agde","isPartOf":{"@id":"https:\/\/www.champsblancstest.geek-tonic.dev\/fr\/#website"},"primaryImageOfPage":{"@id":"https:\/\/www.champsblancstest.geek-tonic.dev\/fr\/herault\/agde\/#primaryimage"},"image":{"@id":"https:\/\/www.champsblancstest.geek-tonic.dev\/fr\/herault\/agde\/#primaryimage"},"thumbnailUrl":"https:\/\/www.champsblancstest.geek-tonic.dev\/wp-content\/uploads\/2023\/09\/camping-agde-4-scaled.webp","datePublished":"2023-10-19T10:09:03+00:00","dateModified":"2023-11-15T14:17:39+00:00","description":"\u00bfDesea hacer turismo en Agde durante sus vacaciones? Descubra las mejores actividades, las visitas m\u00e1s bonitas y los lugares de inter\u00e9s imprescindibles","breadcrumb":{"@id":"https:\/\/www.champsblancstest.geek-tonic.dev\/fr\/herault\/agde\/#breadcrumb"},"inLanguage":"es","potentialAction":[{"@type":"ReadAction","target":["https:\/\/www.champsblancstest.geek-tonic.dev\/fr\/herault\/agde\/"]}]},{"@type":"ImageObject","inLanguage":"es","@id":"https:\/\/www.champsblancstest.geek-tonic.dev\/fr\/herault\/agde\/#primaryimage","url":"https:\/\/www.champsblancstest.geek-tonic.dev\/wp-content\/uploads\/2023\/09\/camping-agde-4-scaled.webp","contentUrl":"https:\/\/www.champsblancstest.geek-tonic.dev\/wp-content\/uploads\/2023\/09\/camping-agde-4-scaled.webp","width":2048,"height":1360,"caption":"camping agde 4"},{"@type":"BreadcrumbList","@id":"https:\/\/www.champsblancstest.geek-tonic.dev\/fr\/herault\/agde\/#breadcrumb","itemListElement":[{"@type":"ListItem","position":1,"name":"Acampar Cap d'Agde","item":"https:\/\/www.champsblancstest.geek-tonic.dev\/fr\/"},{"@type":"ListItem","position":2,"name":"Descubrir Herault","item":"https:\/\/www.champsblancstest.geek-tonic.dev\/fr\/herault\/"},{"@type":"ListItem","position":3,"name":"Agde"}]},{"@type":"WebSite","@id":"https:\/\/www.champsblancstest.geek-tonic.dev\/fr\/#website","url":"https:\/\/www.champsblancstest.geek-tonic.dev\/fr\/","name":"Les Champs Blancs","description":"","publisher":{"@id":"https:\/\/www.champsblancstest.geek-tonic.dev\/fr\/#organization"},"potentialAction":[{"@type":"SearchAction","target":{"@type":"EntryPoint","urlTemplate":"https:\/\/www.champsblancstest.geek-tonic.dev\/fr\/?s={search_term_string}"},"query-input":"required name=search_term_string"}],"inLanguage":"es"},{"@type":"Organization","@id":"https:\/\/www.champsblancstest.geek-tonic.dev\/fr\/#organization","name":"Les Champs Blancs","url":"https:\/\/www.champsblancstest.geek-tonic.dev\/fr\/","logo":{"@type":"ImageObject","inLanguage":"es","@id":"https:\/\/www.champsblancstest.geek-tonic.dev\/fr\/#\/schema\/logo\/image\/","url":"https:\/\/www.champsblancstest.geek-tonic.dev\/wp-content\/uploads\/2023\/07\/logo-blanc-camping-les-champs-blancs.webp","contentUrl":"https:\/\/www.champsblancstest.geek-tonic.dev\/wp-content\/uploads\/2023\/07\/logo-blanc-camping-les-champs-blancs.webp","width":821,"height":657,"caption":"Les Champs Blancs"},"image":{"@id":"https:\/\/www.champsblancstest.geek-tonic.dev\/fr\/#\/schema\/logo\/image\/"}}]}},"_links":{"self":[{"href":"https:\/\/www.champsblancstest.geek-tonic.dev\/es\/wp-json\/wp\/v2\/pages\/10642","targetHints":{"allow":["GET"]}}],"collection":[{"href":"https:\/\/www.champsblancstest.geek-tonic.dev\/es\/wp-json\/wp\/v2\/pages"}],"about":[{"href":"https:\/\/www.champsblancstest.geek-tonic.dev\/es\/wp-json\/wp\/v2\/types\/page"}],"author":[{"embeddable":true,"href":"https:\/\/www.champsblancstest.geek-tonic.dev\/es\/wp-json\/wp\/v2\/users\/1"}],"replies":[{"embeddable":true,"href":"https:\/\/www.champsblancstest.geek-tonic.dev\/es\/wp-json\/wp\/v2\/comments?post=10642"}],"version-history":[{"count":7,"href":"https:\/\/www.champsblancstest.geek-tonic.dev\/es\/wp-json\/wp\/v2\/pages\/10642\/revisions"}],"predecessor-version":[{"id":15672,"href":"https:\/\/www.champsblancstest.geek-tonic.dev\/es\/wp-json\/wp\/v2\/pages\/10642\/revisions\/15672"}],"up":[{"embeddable":true,"href":"https:\/\/www.champsblancstest.geek-tonic.dev\/es\/wp-json\/wp\/v2\/pages\/10661"}],"wp:featuredmedia":[{"embeddable":true,"href":"https:\/\/www.champsblancstest.geek-tonic.dev\/es\/wp-json\/wp\/v2\/media\/9039"}],"wp:attachment":[{"href":"https:\/\/www.champsblancstest.geek-tonic.dev\/es\/wp-json\/wp\/v2\/media?parent=10642"}],"wp:term":[{"taxonomy":"sujet","embeddable":true,"href":"https:\/\/www.champsblancstest.geek-tonic.dev\/es\/wp-json\/wp\/v2\/sujet?post=10642"}],"curies":[{"name":"wp","href":"https:\/\/api.w.org\/{rel}","templated":true}]}}