{"id":10654,"date":"2023-10-19T12:09:05","date_gmt":"2023-10-19T10:09:05","guid":{"rendered":"https:\/\/www.champsblancstest.geek-tonic.dev\/beziers\/"},"modified":"2023-10-30T10:26:38","modified_gmt":"2023-10-30T09:26:38","slug":"beziers","status":"publish","type":"page","link":"https:\/\/www.champsblancstest.geek-tonic.dev\/es\/herault\/beziers\/","title":{"rendered":"B\u00e9ziers"},"content":{"rendered":"<section id=\"ls-section-block_db32e0ab17699bd5646590c3c7fd451d\" class=\"ls-section  home-first page-one\" >\n        <div class=\"container container--full\">\n        \n\n<div class=\"wp-block-columns are-vertically-aligned-center is-layout-flex wp-container-core-columns-is-layout-9d6595d7 wp-block-columns-is-layout-flex\">\n<div class=\"wp-block-column is-vertically-aligned-center is-layout-flow wp-block-column-is-layout-flow\" style=\"flex-basis:53%\"><p><iframe width=\"100%\" height=\"480\" src=\"https:\/\/www.youtube.com\/embed\/3l42EmbX8CU\" title=\"B\u00e9ziers, France\" frameborder=\"0\" allow=\"accelerometer; autoplay; clipboard-write; encrypted-media; gyroscope; picture-in-picture; web-share\" allowfullscreen><\/iframe><\/p>\n<\/div>\n\n\n\n<div class=\"wp-block-column is-vertically-aligned-center is-layout-flow wp-block-column-is-layout-flow\" style=\"flex-basis:47%\">\n<h1 class=\"ls__heading wp-block-heading\">Turismo B\u00e9ziers<\/h1>\n\n\n\n<p class=\"ls-paragraph\">A <strong>s\u00f3lo 30 minutos del centro de B\u00e9ziers<\/strong>, en la regi\u00f3n de Languedoc-Rosell\u00f3n (Occitania), no lejos de Valras, no se pierda la visita a la que a menudo se denomina la Sevilla francesa por la importancia de su plaza de toros de B\u00e9ziers.<br\/><br\/>Situado a menos de 25 km de la ciudad, <a href=\"https:\/\/www.champsblancstest.geek-tonic.dev\/es\/beziers-camping\/\">el camping B\u00e9ziers<\/a> es el lugar perfecto para disfrutar de sus vacaciones.<br\/><br\/><strong>Los aficionados al ciclismo<\/strong> tambi\u00e9n pueden llegar en bicicleta en una hora y media por las carreteras m\u00e1s peque\u00f1as.<\/p>\n<\/div>\n<\/div>\n\n\n    <\/div>\n<\/section><section id=\"ls-section-block_7e3dc201bb9dfab7a00c04227df75dae\" class=\"ls-section  home-sixth page-three has-background-image has-parallax-child\" >\n    <div class=\"ls-section__background-image opacity-100\"><img decoding=\"async\" src=\"https:\/\/www.champsblancstest.geek-tonic.dev\/wp-content\/uploads\/2023\/09\/camping-vers-beziers-scaled.webp\" alt=\"camping hacia beziers\"><\/div>    <div class=\"container container--wide\">\n        \n\n<div class=\"wp-block-columns are-vertically-aligned-center is-layout-flex wp-container-core-columns-is-layout-9d6595d7 wp-block-columns-is-layout-flex\">\n<div class=\"wp-block-column is-vertically-aligned-center wp-block-column__text animated fadeInUp delay-100ms slow is-layout-flow wp-block-column-is-layout-flow\" style=\"flex-basis:66.66%\">\n<h2 class=\"ls__heading wp-block-heading\">Descubrir B\u00e9ziers<\/h2>\n\n\n\n<p class=\"ls-paragraph\">B\u00e9ziers es una <strong>ciudad de nueve esclusas<\/strong>, atravesada por el Canal du Midi, y cuenta con un incre\u00edble patrimonio arquitect\u00f3nico de visita obligada si <a href=\"https:\/\/www.champsblancstest.geek-tonic.dev\/es\/herault\/\">hace turismo por el H\u00e9rault<\/a>. Alrededor de su suntuosa catedral g\u00f3tica, cuya silueta marca la ciudad desde lejos, el casco antiguo de B\u00e9ziers se construy\u00f3 a orillas del Orb, resguardado tras altas murallas que podr\u00e1 visitar durante su estancia.<\/p>\n\n\n\n<p class=\"ls-paragraph\">Segunda ciudad del <strong>H\u00e9rault despu\u00e9s de Montpellier<\/strong>, <a href=\"https:\/\/www.ville-beziers.fr\/\" target=\"_blank\" rel=\"noreferrer noopener\">B\u00e9ziers<\/a> es famosa no s\u00f3lo por su cultura y sus fiestas, sino tambi\u00e9n por sus vinos. A pocos minutos de las playas del Mediterr\u00e1neo, la ciudad ha sabido conservar el alma de sus barrios y la belleza de sus edificios catalogados: sus elegantes casas de pueblo del siglo XIX, sus callejuelas medievales y su puente viejo, sus arenas de finales del siglo XIX,  <strong>sus Halles Baltard<\/strong>Tambi\u00e9n podr\u00e1 admirar el incre\u00edble puente del canal y los antiguos restos del teatro romano.<\/p>\n\n\n\n<p class=\"ls-paragraph\">Las nueve esclusas de Fonseranes son obras de arte \u00fanicas y espectaculares, declaradas <strong>Patrimonio de la Humanidad por la UNESCO<\/strong>. Son el tercer lugar m\u00e1s visitado de la regi\u00f3n <strong>de Languedoc, junto con el Puente del Gard<\/strong> y la ciudad medieval de <strong>Carcasona<\/strong>. Para llegar a B\u00e9ziers, puede elegir el aeropuerto de B\u00e9ziers. Tambi\u00e9n puede visitar el Palacio de Congresos, no lejos del Ayuntamiento de B\u00e9ziers.<\/p>\n<\/div>\n\n\n\n<div class=\"wp-block-column is-vertically-aligned-center is-layout-flow wp-block-column-is-layout-flow\" style=\"flex-basis:33.33%\">\n<div id=\"ls-heading ls-titre-div-block_b40dc8cfb8df2cef459a2bea70fe1695\" class=\"ls-titre-div h1-like\" >\n    Descubra<br><strong>la ciudad soleada<\/strong><\/div>\n<\/div>\n<\/div>\n\n\n    <\/div>\n<\/section><section id=\"ls-section-block_81cf32f1ffd1b35547e9a75e1ff2ec31\" class=\"ls-section  home-first page-two\" >\n        <div class=\"container container--full\">\n        \n\n<div class=\"wp-block-columns are-vertically-aligned-center is-layout-flex wp-container-core-columns-is-layout-9d6595d7 wp-block-columns-is-layout-flex\">\n<div class=\"wp-block-column is-vertically-aligned-center is-layout-flow wp-block-column-is-layout-flow\" style=\"flex-basis:47%\">\n<h2 class=\"ls__heading wp-block-heading\">Qu\u00e9 hacer en B\u00e9ziers<\/h2>\n\n\n\n<ul class=\"ls-list wp-block-list\">\n<li><strong>Visite el coraz\u00f3n hist\u00f3rico de la ciudad<\/strong>: la catedral, el jard\u00edn de los obispos, las calles comerciales, todo a un paso de su <strong>camping barato en B\u00e9ziers<\/strong>.<\/li>\n\n\n\n<li>Suba a lo alto del campanario central de la <strong>catedral de Saint-Nazaire y Saint-Celse<\/strong>, y disfrute de una incre\u00edble vista de la ciudad, el Orbe y el Canal du Midi.<\/li>\n\n\n\n<li>Contemple el paso de los barcos por las <strong>nueve esclusas de Fonseranes<\/strong> y pasee por el canal.<\/li>\n\n\n\n<li><strong>Pasee por el Plateau des Po\u00e8tes<\/strong>: pulm\u00f3n verde de la ciudad, estas 5 hect\u00e1reas de jardines, inaugurados a finales del siglo XIX, unen el teatro municipal con la estaci\u00f3n de ferrocarril de B\u00e9ziers.<\/li>\n\n\n\n<li><strong>Pasee por las orillas del puente del canal<\/strong>, que permite a los barcos cruzar el Orbe a pocos kil\u00f3metros de su <strong>camping cerca de B\u00e9ziers<\/strong>.<\/li>\n\n\n\n<li>Pasee <strong>por el mercado de flores<\/strong> de las All\u00e9es Paul-Riquet, frente al teatro municipal (viernes).<\/li>\n\n\n\n<li>Pasee por el <strong>antiguo cementerio<\/strong>, el \u00abP\u00e8re Lachaise\u00bb de B\u00e9ziers, con sus excepcionales mausoleos, tranquilas avenidas bordeadas de cipreses, vistas a las monta\u00f1as y la estatua de Notre-Dame-du-Moucadou.<\/li>\n\n\n\n<li><strong>Participe en<\/strong> agosto en la <strong>f\u00e9ria de B\u00e9ziers<\/strong>, con sus bodegas, casitas, pueblo ecuestre, espect\u00e1culos, flamenco y sevillanas. Esta feria es famosa en todo el departamento del H\u00e9rault.<\/li>\n\n\n\n<li><strong>Visite la plaza de toros<\/strong> (todos los mi\u00e9rcoles por la ma\u00f1ana en julio y agosto) para descubrir su historia y sus entresijos.<\/li>\n\n\n\n<li>Descubra los principales lugares de inter\u00e9s de la ciudad en un <strong>trenecito tur\u00edstico<\/strong>: del centro hist\u00f3rico a la plaza de toros, pasando por las esclusas.<\/li>\n<\/ul>\n<\/div>\n\n\n\n<div class=\"wp-block-column is-vertically-aligned-center is-layout-flow wp-block-column-is-layout-flow\" style=\"flex-basis:53%\">\n<figure class=\"wp-block-gallery has-nested-images columns-default is-cropped animated fadeInRight slow delay-200ms wp-block-gallery-1 is-layout-flex wp-block-gallery-is-layout-flex\">\n<figure class=\"wp-block-image size-full\"><a href=\"https:\/\/www.champsblancstest.geek-tonic.dev\/wp-content\/uploads\/2023\/09\/camping-beziers-herault.webp\"><img decoding=\"async\" width=\"1440\" height=\"1920\" data-id=\"8813\" src=\"https:\/\/www.champsblancstest.geek-tonic.dev\/wp-content\/uploads\/2023\/09\/camping-beziers-herault.webp\" alt=\"camping beziers herault\" class=\"wp-image-8813\" srcset=\"https:\/\/www.champsblancstest.geek-tonic.dev\/wp-content\/uploads\/2023\/09\/camping-beziers-herault.webp 1440w, https:\/\/www.champsblancstest.geek-tonic.dev\/wp-content\/uploads\/2023\/09\/camping-beziers-herault-225x300.webp 225w, https:\/\/www.champsblancstest.geek-tonic.dev\/wp-content\/uploads\/2023\/09\/camping-beziers-herault-768x1024.webp 768w, https:\/\/www.champsblancstest.geek-tonic.dev\/wp-content\/uploads\/2023\/09\/camping-beziers-herault-1152x1536.webp 1152w\" sizes=\"(max-width: 1440px) 100vw, 1440px\" \/><\/a><\/figure>\n<\/figure>\n<\/div>\n<\/div>\n\n\n    <\/div>\n<\/section><section id=\"ls-section-block_70e9c2aaa72d4fab2deec191ddd7400b\" class=\"ls-section  page-four animated fadeInUp slow delay-100ms\" >\n        <div class=\"container container--wide\">\n        \n\n<div id=\"ls-heading ls-titre-div-block_21c1687a8e16b008fda824f7790cc453\" class=\"ls-titre-div aligncenter h2-like\" >\n    Tambi\u00e9n en la zona de B\u00e9ziers<\/div>\n\n\n<div id=\"ls-maillage-block_6e7af7c6e8f35aa18dfb4ee2f2655ed8\" class=\"ls-maillage cta-style-normal\" data-rows=\"3\">\n    <div class=\"wp-block-columns\"><div class=\"wp-block-column\"><div class=\"ls-cta\">\n\n<a href=\"https:\/\/www.champsblancstest.geek-tonic.dev\/es\/herault\/pezenas\/\" target=\"\" rel=\"noopener\" class=\"ls-cta__link\">\n\n\t<div class=\"ls-cta__image\"><img decoding=\"async\" src=\"https:\/\/www.champsblancstest.geek-tonic.dev\/wp-content\/uploads\/2019\/06\/camping-Pezenas-Commanderie-Saint-Jean-2.jpg\" alt=\"Campingplatz Pezenas Commanderie Saint Jean\"><\/div>\n\t<div class=\"ls-cta__title\">\n\t\t<span class=\"champs-blancs-coin-droit\"><\/span>\n\t\tP\u00e9zenas\t\t<span class=\"champs-blancs-arrow-down\"><\/span>\n\t<\/div>\n\n\t\n<\/a><\/div><\/div><div class=\"wp-block-column\"><div class=\"ls-cta\">\n\n<a href=\"https:\/\/www.champsblancstest.geek-tonic.dev\/es\/herault\/sete\/\" target=\"\" rel=\"noopener\" class=\"ls-cta__link\">\n\n\t<div class=\"ls-cta__image\"><img decoding=\"async\" src=\"https:\/\/www.champsblancstest.geek-tonic.dev\/wp-content\/uploads\/2023\/09\/camping-sete8-768x409.webp\" alt=\"camping s\u00e8te8\"><\/div>\n\t<div class=\"ls-cta__title\">\n\t\t<span class=\"champs-blancs-coin-droit\"><\/span>\n\t\tS\u00e8te\t\t<span class=\"champs-blancs-arrow-down\"><\/span>\n\t<\/div>\n\n\t\n<\/a><\/div><\/div><div class=\"wp-block-column\"><div class=\"ls-cta\">\n\n<a href=\"https:\/\/www.champsblancstest.geek-tonic.dev\/es\/herault\/montpellier\/\" target=\"\" rel=\"noopener\" class=\"ls-cta__link\">\n\n\t<div class=\"ls-cta__image\"><img decoding=\"async\" src=\"https:\/\/www.champsblancstest.geek-tonic.dev\/wp-content\/uploads\/2023\/09\/camping-montpellier7-768x512.webp\" alt=\"camping montpellier7\"><\/div>\n\t<div class=\"ls-cta__title\">\n\t\t<span class=\"champs-blancs-coin-droit\"><\/span>\n\t\tMontpellier\t\t<span class=\"champs-blancs-arrow-down\"><\/span>\n\t<\/div>\n\n\t\n<\/a><\/div><\/div><\/div><\/div>\n\n    <\/div>\n<\/section>","protected":false},"excerpt":{"rendered":"","protected":false},"author":1,"featured_media":8822,"parent":10661,"menu_order":0,"comment_status":"closed","ping_status":"closed","template":"","meta":{"_acf_changed":false,"footnotes":""},"sujet":[],"class_list":["post-10654","page","type-page","status-publish","has-post-thumbnail","hentry"],"acf":[],"yoast_head":"<!-- This site is optimized with the Yoast SEO plugin v22.6 - https:\/\/yoast.com\/wordpress\/plugins\/seo\/ -->\n<title>B\u00e9ziers Tourisme | Qu\u00e9 ver y hacer en B\u00e9ziers : lugares imprescindibles<\/title>\n<meta name=\"description\" content=\"\u00bfQuiere hacer turismo en B\u00e9ziers? \u00a1Descubre los mejores sitios que ver y cosas que hacer en B\u00e9ziers!\" \/>\n<meta name=\"robots\" content=\"noindex, follow, max-snippet:-1, max-image-preview:large, max-video-preview:-1\" \/>\n<meta property=\"og:locale\" content=\"es_ES\" \/>\n<meta property=\"og:type\" content=\"article\" \/>\n<meta property=\"og:title\" content=\"B\u00e9ziers Tourisme | Qu\u00e9 ver y hacer en B\u00e9ziers : lugares imprescindibles\" \/>\n<meta property=\"og:description\" content=\"\u00bfQuiere hacer turismo en B\u00e9ziers? \u00a1Descubre los mejores sitios que ver y cosas que hacer en B\u00e9ziers!\" \/>\n<meta property=\"og:url\" content=\"https:\/\/www.champsblancstest.geek-tonic.dev\/fr\/herault\/beziers\/\" \/>\n<meta property=\"og:site_name\" content=\"Les Champs Blancs\" \/>\n<meta property=\"article:modified_time\" content=\"2023-10-30T09:26:38+00:00\" \/>\n<meta property=\"og:image\" content=\"https:\/\/www.champsblancstest.geek-tonic.dev\/wp-content\/uploads\/2023\/09\/camping-pres-de-beziers-scaled-e1695632271571.webp\" \/>\n\t<meta property=\"og:image:width\" content=\"2048\" \/>\n\t<meta property=\"og:image:height\" content=\"614\" \/>\n\t<meta property=\"og:image:type\" content=\"image\/webp\" \/>\n<meta name=\"twitter:card\" content=\"summary_large_image\" \/>\n<meta name=\"twitter:label1\" content=\"Tiempo de lectura\" \/>\n\t<meta name=\"twitter:data1\" content=\"3 minutos\" \/>\n<script type=\"application\/ld+json\" class=\"yoast-schema-graph\">{\"@context\":\"https:\/\/schema.org\",\"@graph\":[{\"@type\":\"WebPage\",\"@id\":\"https:\/\/www.champsblancstest.geek-tonic.dev\/fr\/herault\/beziers\/\",\"url\":\"https:\/\/www.champsblancstest.geek-tonic.dev\/fr\/herault\/beziers\/\",\"name\":\"B\u00e9ziers Tourisme | Qu\u00e9 ver y hacer en B\u00e9ziers : lugares imprescindibles\",\"isPartOf\":{\"@id\":\"https:\/\/www.champsblancstest.geek-tonic.dev\/fr\/#website\"},\"primaryImageOfPage\":{\"@id\":\"https:\/\/www.champsblancstest.geek-tonic.dev\/fr\/herault\/beziers\/#primaryimage\"},\"image\":{\"@id\":\"https:\/\/www.champsblancstest.geek-tonic.dev\/fr\/herault\/beziers\/#primaryimage\"},\"thumbnailUrl\":\"https:\/\/www.champsblancstest.geek-tonic.dev\/wp-content\/uploads\/2023\/09\/camping-pres-de-beziers-scaled-e1695632271571.webp\",\"datePublished\":\"2023-10-19T10:09:05+00:00\",\"dateModified\":\"2023-10-30T09:26:38+00:00\",\"description\":\"\u00bfQuiere hacer turismo en B\u00e9ziers? \u00a1Descubre los mejores sitios que ver y cosas que hacer en B\u00e9ziers!\",\"breadcrumb\":{\"@id\":\"https:\/\/www.champsblancstest.geek-tonic.dev\/fr\/herault\/beziers\/#breadcrumb\"},\"inLanguage\":\"es\",\"potentialAction\":[{\"@type\":\"ReadAction\",\"target\":[\"https:\/\/www.champsblancstest.geek-tonic.dev\/fr\/herault\/beziers\/\"]}]},{\"@type\":\"ImageObject\",\"inLanguage\":\"es\",\"@id\":\"https:\/\/www.champsblancstest.geek-tonic.dev\/fr\/herault\/beziers\/#primaryimage\",\"url\":\"https:\/\/www.champsblancstest.geek-tonic.dev\/wp-content\/uploads\/2023\/09\/camping-pres-de-beziers-scaled-e1695632271571.webp\",\"contentUrl\":\"https:\/\/www.champsblancstest.geek-tonic.dev\/wp-content\/uploads\/2023\/09\/camping-pres-de-beziers-scaled-e1695632271571.webp\",\"width\":2048,\"height\":614,\"caption\":\"camping cerca de beziers\"},{\"@type\":\"BreadcrumbList\",\"@id\":\"https:\/\/www.champsblancstest.geek-tonic.dev\/fr\/herault\/beziers\/#breadcrumb\",\"itemListElement\":[{\"@type\":\"ListItem\",\"position\":1,\"name\":\"Acampar Cap d'Agde\",\"item\":\"https:\/\/www.champsblancstest.geek-tonic.dev\/fr\/\"},{\"@type\":\"ListItem\",\"position\":2,\"name\":\"Descubrir Herault\",\"item\":\"https:\/\/www.champsblancstest.geek-tonic.dev\/fr\/herault\/\"},{\"@type\":\"ListItem\",\"position\":3,\"name\":\"Visitar B\u00e9ziers\"}]},{\"@type\":\"WebSite\",\"@id\":\"https:\/\/www.champsblancstest.geek-tonic.dev\/fr\/#website\",\"url\":\"https:\/\/www.champsblancstest.geek-tonic.dev\/fr\/\",\"name\":\"Les Champs Blancs\",\"description\":\"\",\"publisher\":{\"@id\":\"https:\/\/www.champsblancstest.geek-tonic.dev\/fr\/#organization\"},\"potentialAction\":[{\"@type\":\"SearchAction\",\"target\":{\"@type\":\"EntryPoint\",\"urlTemplate\":\"https:\/\/www.champsblancstest.geek-tonic.dev\/fr\/?s={search_term_string}\"},\"query-input\":\"required name=search_term_string\"}],\"inLanguage\":\"es\"},{\"@type\":\"Organization\",\"@id\":\"https:\/\/www.champsblancstest.geek-tonic.dev\/fr\/#organization\",\"name\":\"Les Champs Blancs\",\"url\":\"https:\/\/www.champsblancstest.geek-tonic.dev\/fr\/\",\"logo\":{\"@type\":\"ImageObject\",\"inLanguage\":\"es\",\"@id\":\"https:\/\/www.champsblancstest.geek-tonic.dev\/fr\/#\/schema\/logo\/image\/\",\"url\":\"https:\/\/www.champsblancstest.geek-tonic.dev\/wp-content\/uploads\/2023\/07\/logo-blanc-camping-les-champs-blancs.webp\",\"contentUrl\":\"https:\/\/www.champsblancstest.geek-tonic.dev\/wp-content\/uploads\/2023\/07\/logo-blanc-camping-les-champs-blancs.webp\",\"width\":821,\"height\":657,\"caption\":\"Les Champs Blancs\"},\"image\":{\"@id\":\"https:\/\/www.champsblancstest.geek-tonic.dev\/fr\/#\/schema\/logo\/image\/\"}}]}<\/script>\n<!-- \/ Yoast SEO plugin. -->","yoast_head_json":{"title":"B\u00e9ziers Tourisme | Qu\u00e9 ver y hacer en B\u00e9ziers : lugares imprescindibles","description":"\u00bfQuiere hacer turismo en B\u00e9ziers? \u00a1Descubre los mejores sitios que ver y cosas que hacer en B\u00e9ziers!","robots":{"index":"noindex","follow":"follow","max-snippet":"max-snippet:-1","max-image-preview":"max-image-preview:large","max-video-preview":"max-video-preview:-1"},"og_locale":"es_ES","og_type":"article","og_title":"B\u00e9ziers Tourisme | Qu\u00e9 ver y hacer en B\u00e9ziers : lugares imprescindibles","og_description":"\u00bfQuiere hacer turismo en B\u00e9ziers? \u00a1Descubre los mejores sitios que ver y cosas que hacer en B\u00e9ziers!","og_url":"https:\/\/www.champsblancstest.geek-tonic.dev\/fr\/herault\/beziers\/","og_site_name":"Les Champs Blancs","article_modified_time":"2023-10-30T09:26:38+00:00","og_image":[{"width":2048,"height":614,"url":"https:\/\/www.champsblancstest.geek-tonic.dev\/wp-content\/uploads\/2023\/09\/camping-pres-de-beziers-scaled-e1695632271571.webp","type":"image\/webp"}],"twitter_card":"summary_large_image","twitter_misc":{"Tiempo de lectura":"3 minutos"},"schema":{"@context":"https:\/\/schema.org","@graph":[{"@type":"WebPage","@id":"https:\/\/www.champsblancstest.geek-tonic.dev\/fr\/herault\/beziers\/","url":"https:\/\/www.champsblancstest.geek-tonic.dev\/fr\/herault\/beziers\/","name":"B\u00e9ziers Tourisme | Qu\u00e9 ver y hacer en B\u00e9ziers : lugares imprescindibles","isPartOf":{"@id":"https:\/\/www.champsblancstest.geek-tonic.dev\/fr\/#website"},"primaryImageOfPage":{"@id":"https:\/\/www.champsblancstest.geek-tonic.dev\/fr\/herault\/beziers\/#primaryimage"},"image":{"@id":"https:\/\/www.champsblancstest.geek-tonic.dev\/fr\/herault\/beziers\/#primaryimage"},"thumbnailUrl":"https:\/\/www.champsblancstest.geek-tonic.dev\/wp-content\/uploads\/2023\/09\/camping-pres-de-beziers-scaled-e1695632271571.webp","datePublished":"2023-10-19T10:09:05+00:00","dateModified":"2023-10-30T09:26:38+00:00","description":"\u00bfQuiere hacer turismo en B\u00e9ziers? \u00a1Descubre los mejores sitios que ver y cosas que hacer en B\u00e9ziers!","breadcrumb":{"@id":"https:\/\/www.champsblancstest.geek-tonic.dev\/fr\/herault\/beziers\/#breadcrumb"},"inLanguage":"es","potentialAction":[{"@type":"ReadAction","target":["https:\/\/www.champsblancstest.geek-tonic.dev\/fr\/herault\/beziers\/"]}]},{"@type":"ImageObject","inLanguage":"es","@id":"https:\/\/www.champsblancstest.geek-tonic.dev\/fr\/herault\/beziers\/#primaryimage","url":"https:\/\/www.champsblancstest.geek-tonic.dev\/wp-content\/uploads\/2023\/09\/camping-pres-de-beziers-scaled-e1695632271571.webp","contentUrl":"https:\/\/www.champsblancstest.geek-tonic.dev\/wp-content\/uploads\/2023\/09\/camping-pres-de-beziers-scaled-e1695632271571.webp","width":2048,"height":614,"caption":"camping cerca de beziers"},{"@type":"BreadcrumbList","@id":"https:\/\/www.champsblancstest.geek-tonic.dev\/fr\/herault\/beziers\/#breadcrumb","itemListElement":[{"@type":"ListItem","position":1,"name":"Acampar Cap d'Agde","item":"https:\/\/www.champsblancstest.geek-tonic.dev\/fr\/"},{"@type":"ListItem","position":2,"name":"Descubrir Herault","item":"https:\/\/www.champsblancstest.geek-tonic.dev\/fr\/herault\/"},{"@type":"ListItem","position":3,"name":"Visitar B\u00e9ziers"}]},{"@type":"WebSite","@id":"https:\/\/www.champsblancstest.geek-tonic.dev\/fr\/#website","url":"https:\/\/www.champsblancstest.geek-tonic.dev\/fr\/","name":"Les Champs Blancs","description":"","publisher":{"@id":"https:\/\/www.champsblancstest.geek-tonic.dev\/fr\/#organization"},"potentialAction":[{"@type":"SearchAction","target":{"@type":"EntryPoint","urlTemplate":"https:\/\/www.champsblancstest.geek-tonic.dev\/fr\/?s={search_term_string}"},"query-input":"required name=search_term_string"}],"inLanguage":"es"},{"@type":"Organization","@id":"https:\/\/www.champsblancstest.geek-tonic.dev\/fr\/#organization","name":"Les Champs Blancs","url":"https:\/\/www.champsblancstest.geek-tonic.dev\/fr\/","logo":{"@type":"ImageObject","inLanguage":"es","@id":"https:\/\/www.champsblancstest.geek-tonic.dev\/fr\/#\/schema\/logo\/image\/","url":"https:\/\/www.champsblancstest.geek-tonic.dev\/wp-content\/uploads\/2023\/07\/logo-blanc-camping-les-champs-blancs.webp","contentUrl":"https:\/\/www.champsblancstest.geek-tonic.dev\/wp-content\/uploads\/2023\/07\/logo-blanc-camping-les-champs-blancs.webp","width":821,"height":657,"caption":"Les Champs Blancs"},"image":{"@id":"https:\/\/www.champsblancstest.geek-tonic.dev\/fr\/#\/schema\/logo\/image\/"}}]}},"_links":{"self":[{"href":"https:\/\/www.champsblancstest.geek-tonic.dev\/es\/wp-json\/wp\/v2\/pages\/10654","targetHints":{"allow":["GET"]}}],"collection":[{"href":"https:\/\/www.champsblancstest.geek-tonic.dev\/es\/wp-json\/wp\/v2\/pages"}],"about":[{"href":"https:\/\/www.champsblancstest.geek-tonic.dev\/es\/wp-json\/wp\/v2\/types\/page"}],"author":[{"embeddable":true,"href":"https:\/\/www.champsblancstest.geek-tonic.dev\/es\/wp-json\/wp\/v2\/users\/1"}],"replies":[{"embeddable":true,"href":"https:\/\/www.champsblancstest.geek-tonic.dev\/es\/wp-json\/wp\/v2\/comments?post=10654"}],"version-history":[{"count":2,"href":"https:\/\/www.champsblancstest.geek-tonic.dev\/es\/wp-json\/wp\/v2\/pages\/10654\/revisions"}],"predecessor-version":[{"id":15270,"href":"https:\/\/www.champsblancstest.geek-tonic.dev\/es\/wp-json\/wp\/v2\/pages\/10654\/revisions\/15270"}],"up":[{"embeddable":true,"href":"https:\/\/www.champsblancstest.geek-tonic.dev\/es\/wp-json\/wp\/v2\/pages\/10661"}],"wp:featuredmedia":[{"embeddable":true,"href":"https:\/\/www.champsblancstest.geek-tonic.dev\/es\/wp-json\/wp\/v2\/media\/8822"}],"wp:attachment":[{"href":"https:\/\/www.champsblancstest.geek-tonic.dev\/es\/wp-json\/wp\/v2\/media?parent=10654"}],"wp:term":[{"taxonomy":"sujet","embeddable":true,"href":"https:\/\/www.champsblancstest.geek-tonic.dev\/es\/wp-json\/wp\/v2\/sujet?post=10654"}],"curies":[{"name":"wp","href":"https:\/\/api.w.org\/{rel}","templated":true}]}}