{"id":10666,"date":"2023-10-19T12:09:07","date_gmt":"2023-10-19T10:09:07","guid":{"rendered":"https:\/\/www.champsblancstest.geek-tonic.dev\/marseillan\/"},"modified":"2023-11-22T10:40:54","modified_gmt":"2023-11-22T09:40:54","slug":"marseillan","status":"publish","type":"page","link":"https:\/\/www.champsblancstest.geek-tonic.dev\/es\/herault\/marseillan\/","title":{"rendered":"Marseillan"},"content":{"rendered":"<section id=\"ls-section-block_9ec8567717823b9b5b4c0743cc3cdf39\" class=\"ls-section  home-first page-one\" >\n        <div class=\"container container--full\">\n        \n\n<div class=\"wp-block-columns are-vertically-aligned-center is-layout-flex wp-container-core-columns-is-layout-9d6595d7 wp-block-columns-is-layout-flex\">\n<div class=\"wp-block-column is-vertically-aligned-center is-layout-flow wp-block-column-is-layout-flow\" style=\"flex-basis:53%\">\n<figure class=\"wp-block-gallery has-nested-images columns-default is-cropped animated fadeInLeft slow wp-block-gallery-1 is-layout-flex wp-block-gallery-is-layout-flex\">\n<figure class=\"wp-block-image size-full\"><a href=\"https:\/\/www.champsblancstest.geek-tonic.dev\/wp-content\/uploads\/2023\/09\/camping-marseillan-3.webp\"><img decoding=\"async\" width=\"1669\" height=\"2500\" data-id=\"9093\" src=\"https:\/\/www.champsblancstest.geek-tonic.dev\/wp-content\/uploads\/2023\/09\/camping-marseillan-3.webp\" alt=\"camping marseillan 3\" class=\"wp-image-9093\" srcset=\"https:\/\/www.champsblancstest.geek-tonic.dev\/wp-content\/uploads\/2023\/09\/camping-marseillan-3.webp 1669w, https:\/\/www.champsblancstest.geek-tonic.dev\/wp-content\/uploads\/2023\/09\/camping-marseillan-3-200x300.webp 200w, https:\/\/www.champsblancstest.geek-tonic.dev\/wp-content\/uploads\/2023\/09\/camping-marseillan-3-684x1024.webp 684w, https:\/\/www.champsblancstest.geek-tonic.dev\/wp-content\/uploads\/2023\/09\/camping-marseillan-3-768x1150.webp 768w, https:\/\/www.champsblancstest.geek-tonic.dev\/wp-content\/uploads\/2023\/09\/camping-marseillan-3-1025x1536.webp 1025w, https:\/\/www.champsblancstest.geek-tonic.dev\/wp-content\/uploads\/2023\/09\/camping-marseillan-3-1367x2048.webp 1367w\" sizes=\"(max-width: 1669px) 100vw, 1669px\" \/><\/a><\/figure>\n<\/figure>\n<\/div>\n\n\n\n<div class=\"wp-block-column is-vertically-aligned-center is-layout-flow wp-block-column-is-layout-flow\" style=\"flex-basis:47%\">\n<h1 class=\"ls__heading wp-block-heading\">Turismo en Marseillan<\/h1>\n\n\n\n<p class=\"ls-paragraph\">Si <a href=\"https:\/\/www.champsblancstest.geek-tonic.dev\/es\/herault\/\">hace turismo por la regi\u00f3n de H\u00e9rault<\/a>, Marseillan ser\u00e1 sin duda una de las visitas obligadas durante sus vacaciones de <a href=\"https:\/\/www.champsblancstest.geek-tonic.dev\/es\/\">camping en Cap d&#8217;Agde<\/a> Les Champs Blancs.<\/p>\n\n\n\n<h2 class=\"ls__heading wp-block-heading\">Qu\u00e9 hacer en Marseillan Plage<\/h2>\n\n\n\n<p class=\"ls-paragraph\">Esta estaci\u00f3n del Bajo Languedoc es famosa tanto por su rico patrimonio hist\u00f3rico como por la belleza de sus parajes naturales.<br\/>El destino es conocido por sus <strong>6 km de arena fina<\/strong> y aguas turquesas transparentes.<br\/>Adem\u00e1s de nadar, en Marseillan Plage se ofrecen numerosas <strong>actividades acu\u00e1ticas <\/strong>, como vela, surf de remo, submarinismo y paseos en barco.<br\/>La estaci\u00f3n, con sus atracciones y restaurantes, tambi\u00e9n ofrece <strong>veladas especialmente animadas<\/strong>.<br\/>Las vacaciones tambi\u00e9n son una oportunidad para<strong>pasear por las calles del pueblo<\/strong>. Es una gran oportunidad para conocer a los lugare\u00f1os, descubrir las encantadoras casas antiguas y visitar el puerto, con sus paseos mar\u00edtimos.<br\/>Muchos veraneantes tambi\u00e9n disfrutan de un viaje por el Canal du Midi, que ofrece vistas panor\u00e1micas sobre el <strong>puerto de Marseillan<\/strong>.<br\/>Otras actividades al aire libre incluyen tenis, karting y ciclismo.<\/p>\n<\/div>\n<\/div>\n\n\n    <\/div>\n<\/section><section id=\"ls-section-block_7bcf4a85fe2b1e0b63f44ef36e181822\" class=\"ls-section  home-sixth page-three has-background-image has-parallax-child\" >\n    <div class=\"ls-section__background-image opacity-100\"><img decoding=\"async\" src=\"https:\/\/www.champsblancstest.geek-tonic.dev\/wp-content\/uploads\/2023\/09\/camping-marseillan-5-scaled.webp\" alt=\"camping marseillan 5\"><\/div>    <div class=\"container container--wide\">\n        \n\n<div class=\"wp-block-columns are-vertically-aligned-center is-layout-flex wp-container-core-columns-is-layout-9d6595d7 wp-block-columns-is-layout-flex\">\n<div class=\"wp-block-column is-vertically-aligned-center wp-block-column__text animated fadeInUp delay-100ms slow is-layout-flow wp-block-column-is-layout-flow\" style=\"flex-basis:66.66%\">\n<h2 class=\"ls__heading wp-block-heading\">Visitar Marseillan en H\u00e9rault<\/h2>\n\n\n\n<p class=\"ls-paragraph\">Desde los restos romanos, primeros vestigios de su fundaci\u00f3n en la Antig\u00fcedad, hasta su puerto deportivo y estaci\u00f3n balnearia de Marseillan-Plage, Marseillan tiene muchas caras, tanto tradicionales como modernas. La ciudad se beneficia del dinamismo de la aglomeraci\u00f3n de <a href=\"https:\/\/www.champsblancstest.geek-tonic.dev\/es\/herault\/sete\/\">S\u00e8te<\/a> Agglopole M\u00e9diterran\u00e9e, conservando al mismo tiempo el encanto del viejo mundo que la hace tan especial. Sus diversos espacios naturales y su patrimonio arquitect\u00f3nico ofrecen al visitante una amplia oferta de actividades durante todo el a\u00f1o.<\/p>\n\n\n\n<p class=\"ls-paragraph\">Si le gusta nadar y practicar deportes acu\u00e1ticos, los 4 km de arena fina son el lugar perfecto para pasar unas horas de emoci\u00f3n, refrescarse y evadirse entre el mar y la laguna. Si se aloja en un camping de <a href=\"https:\/\/www.champsblancstest.geek-tonic.dev\/es\/camping-marseillan\/\">Marseillan<\/a> durante el verano, las playas cercanas al puerto (Honneur, Robinson est) est\u00e1n m\u00e1s concurridas.<\/p>\n<\/div>\n\n\n\n<div class=\"wp-block-column is-vertically-aligned-center is-layout-flow wp-block-column-is-layout-flow\" style=\"flex-basis:33.33%\">\n<div id=\"ls-heading ls-titre-div-block_8addf7b439904e9b059c607df565fdb8\" class=\"ls-titre-div h1-like\" >\n    Vela  <br><strong>entre los callejones<\/strong><\/div>\n<\/div>\n<\/div>\n\n\n    <\/div>\n<\/section><section id=\"ls-section-block_5c1d4cdd8a221ad3f32242e365d60382\" class=\"ls-section  home-first page-two\" >\n        <div class=\"container container--full\">\n        \n\n<div class=\"wp-block-columns are-vertically-aligned-center is-layout-flex wp-container-core-columns-is-layout-9d6595d7 wp-block-columns-is-layout-flex\">\n<div class=\"wp-block-column is-vertically-aligned-center is-layout-flow wp-block-column-is-layout-flow\" style=\"flex-basis:47%\">\n<h2 class=\"ls__heading wp-block-heading\">Las 5 mejores cosas que hacer en Marseillan<\/h2>\n\n\n\n<ul class=\"ls-list wp-block-list\">\n<li>Pasee <strong>por el paseo de la Plage d&#8217;Honneur al atardecer<\/strong>: entre el puerto y la Avenue de la M\u00e9diterran\u00e9e se ha acondicionado un hermoso paseo mar\u00edtimo. Es popular entre senderistas, corredores y familias. \u00bfEl momento ideal para descubrirlo? Probablemente al atardecer, cuando nuestra querida estrella se esconde bajo las aguas del Mediterr\u00e1neo.<\/li>\n\n\n\n<li><strong>Paseo en barco por el Canal du Midi y el Etang de Thau<\/strong>: es una de las actividades m\u00e1s populares y apta para todas las edades y capacidades. Visite el puerto para ver los barcos e informarse de las ofertas, precios y horarios de salida.<\/li>\n\n\n\n<li><strong>Admire los barcos del puerto deportivo<\/strong>: gabarras, veleros, catamaranes, botes de remos: el puerto de Marseillan puede albergar hasta 320 embarcaciones. No se abre al mar, sino al Etang de Thau, un detalle que sin duda notar\u00e1.<\/li>\n\n\n\n<li><strong>Alquilar una bicicleta y utilizar los carriles bici<\/strong>: se han trazado varios carriles bici a orillas del Etang de Thau. Alquile una bicicleta por un d\u00eda o medio d\u00eda y disfrute del ciclismo en familia con total seguridad. Un consejo: puede seguir la orilla norte a la ida, detenerse en M\u00e8ze, comer algo en S\u00e8te y regresar por la orilla sur. Las vistas a la vuelta son fabulosas, con el mar a la izquierda y los flamencos rosas poblando el estanque a la derecha.<\/li>\n\n\n\n<li>Deguste <strong>el vermut de la Maison No<\/strong> illy Prat: Situada a orillas del Etang de Thau, la Maison Noilly Prat est\u00e1 especializada desde 1913 en la producci\u00f3n de un vino aromatizado: el vermut. No hace falta ser en\u00f3logo ni amante del vino para disfrutar de la visita y, por supuesto, de la cata.<\/li>\n<\/ul>\n\n\n\n<p class=\"ls-paragraph\">Descubra otros lugares de<a href=\"https:\/\/www.marseillan.com\/\" target=\"_blank\" rel=\"noreferrer noopener\"> inter\u00e9s en Marseillan<\/a>.<\/p>\n<\/div>\n\n\n\n<div class=\"wp-block-column is-vertically-aligned-center is-layout-flow wp-block-column-is-layout-flow\" style=\"flex-basis:53%\">\n<figure class=\"wp-block-gallery has-nested-images columns-default is-cropped animated fadeInRight slow delay-200ms wp-block-gallery-2 is-layout-flex wp-block-gallery-is-layout-flex\">\n<figure class=\"wp-block-image size-full\"><a href=\"https:\/\/www.champsblancstest.geek-tonic.dev\/wp-content\/uploads\/2023\/09\/camping-marseillan-2.webp\"><img decoding=\"async\" width=\"2394\" height=\"1624\" data-id=\"9098\" src=\"https:\/\/www.champsblancstest.geek-tonic.dev\/wp-content\/uploads\/2023\/09\/camping-marseillan-2.webp\" alt=\"camping marseillan 2\" class=\"wp-image-9098\" srcset=\"https:\/\/www.champsblancstest.geek-tonic.dev\/wp-content\/uploads\/2023\/09\/camping-marseillan-2.webp 2394w, https:\/\/www.champsblancstest.geek-tonic.dev\/wp-content\/uploads\/2023\/09\/camping-marseillan-2-300x204.webp 300w, https:\/\/www.champsblancstest.geek-tonic.dev\/wp-content\/uploads\/2023\/09\/camping-marseillan-2-1024x695.webp 1024w, https:\/\/www.champsblancstest.geek-tonic.dev\/wp-content\/uploads\/2023\/09\/camping-marseillan-2-768x521.webp 768w, https:\/\/www.champsblancstest.geek-tonic.dev\/wp-content\/uploads\/2023\/09\/camping-marseillan-2-1536x1042.webp 1536w, https:\/\/www.champsblancstest.geek-tonic.dev\/wp-content\/uploads\/2023\/09\/camping-marseillan-2-2048x1389.webp 2048w\" sizes=\"(max-width: 2394px) 100vw, 2394px\" \/><\/a><\/figure>\n<\/figure>\n<\/div>\n<\/div>\n\n\n    <\/div>\n<\/section><section id=\"ls-section-block_f4c0bece9a37f9da9242572e5edac064\" class=\"ls-section  page-four animated fadeInUp slow delay-100ms\" >\n        <div class=\"container container--wide\">\n        \n\n<div id=\"ls-heading ls-titre-div-block_9ff783865dc66e6ee75556b34899edf4\" class=\"ls-titre-div aligncenter h2-like\" >\n    Descubrir cerca de Marseillan<\/div>\n\n\n<div id=\"ls-maillage-block_61e0bd2eba976cf3dd06aba4fdac983d\" class=\"ls-maillage cta-style-normal\" data-rows=\"3\">\n    <div class=\"wp-block-columns\"><div class=\"wp-block-column\"><div class=\"ls-cta\">\n\n<a href=\"https:\/\/www.champsblancstest.geek-tonic.dev\/es\/herault\/vias\/\" target=\"\" rel=\"noopener\" class=\"ls-cta__link\">\n\n\t<div class=\"ls-cta__image\"><img decoding=\"async\" src=\"https:\/\/www.champsblancstest.geek-tonic.dev\/wp-content\/uploads\/2023\/09\/camping-vias-plage-6-768x512.webp\" alt=\"camping vias plage 6\"><\/div>\n\t<div class=\"ls-cta__title\">\n\t\t<span class=\"champs-blancs-coin-droit\"><\/span>\n\t\tV\u00edas\t\t<span class=\"champs-blancs-arrow-down\"><\/span>\n\t<\/div>\n\n\t\n<\/a><\/div><\/div><div class=\"wp-block-column\"><div class=\"ls-cta\">\n\n<a href=\"https:\/\/www.champsblancstest.geek-tonic.dev\/es\/herault\/turismo-agde\/\" target=\"\" rel=\"noopener\" class=\"ls-cta__link\">\n\n\t<div class=\"ls-cta__image\"><img decoding=\"async\" src=\"https:\/\/www.champsblancstest.geek-tonic.dev\/wp-content\/uploads\/2023\/09\/camping-agde-5-768x512.webp\" alt=\"camping agde 5\"><\/div>\n\t<div class=\"ls-cta__title\">\n\t\t<span class=\"champs-blancs-coin-droit\"><\/span>\n\t\tAgde\t\t<span class=\"champs-blancs-arrow-down\"><\/span>\n\t<\/div>\n\n\t\n<\/a><\/div><\/div><div class=\"wp-block-column\"><div class=\"ls-cta\">\n\n<a href=\"https:\/\/www.champsblancstest.geek-tonic.dev\/es\/herault\/pezenas\/\" target=\"\" rel=\"noopener\" class=\"ls-cta__link\">\n\n\t<div class=\"ls-cta__image\"><img decoding=\"async\" src=\"https:\/\/www.champsblancstest.geek-tonic.dev\/wp-content\/uploads\/2019\/06\/camping-Pezenas-Commanderie-Saint-Jean-2.jpg\" alt=\"Campingplatz Pezenas Commanderie Saint Jean\"><\/div>\n\t<div class=\"ls-cta__title\">\n\t\t<span class=\"champs-blancs-coin-droit\"><\/span>\n\t\tP\u00e9zenas\t\t<span class=\"champs-blancs-arrow-down\"><\/span>\n\t<\/div>\n\n\t\n<\/a><\/div><\/div><\/div><\/div>\n\n    <\/div>\n<\/section>","protected":false},"excerpt":{"rendered":"","protected":false},"author":1,"featured_media":9092,"parent":10661,"menu_order":0,"comment_status":"closed","ping_status":"closed","template":"","meta":{"_acf_changed":false,"footnotes":""},"sujet":[],"class_list":["post-10666","page","type-page","status-publish","has-post-thumbnail","hentry"],"acf":[],"yoast_head":"<!-- This site is optimized with the Yoast SEO plugin v22.6 - https:\/\/yoast.com\/wordpress\/plugins\/seo\/ -->\n<title>Turismo en Marsellan : \u00bfQu\u00e9 ver y hacer en Marseillan?<\/title>\n<meta name=\"description\" content=\"\u00bfQuieres hacer turismo en Marseillan ? \u00a1Descubre los mejores sitios que ver y cosas que hacer en Marseillan !\" \/>\n<meta name=\"robots\" content=\"noindex, follow, max-snippet:-1, max-image-preview:large, max-video-preview:-1\" \/>\n<meta property=\"og:locale\" content=\"es_ES\" \/>\n<meta property=\"og:type\" content=\"article\" \/>\n<meta property=\"og:title\" content=\"Turismo en Marsellan : \u00bfQu\u00e9 ver y hacer en Marseillan?\" \/>\n<meta property=\"og:description\" content=\"\u00bfQuieres hacer turismo en Marseillan ? \u00a1Descubre los mejores sitios que ver y cosas que hacer en Marseillan !\" \/>\n<meta property=\"og:url\" content=\"https:\/\/www.champsblancstest.geek-tonic.dev\/fr\/herault\/marseillan\/\" \/>\n<meta property=\"og:site_name\" content=\"Les Champs Blancs\" \/>\n<meta property=\"article:modified_time\" content=\"2023-11-22T09:40:54+00:00\" \/>\n<meta property=\"og:image\" content=\"https:\/\/www.champsblancstest.geek-tonic.dev\/wp-content\/uploads\/2023\/09\/camping-marseillan-4-scaled.webp\" \/>\n\t<meta property=\"og:image:width\" content=\"2048\" \/>\n\t<meta property=\"og:image:height\" content=\"1363\" \/>\n\t<meta property=\"og:image:type\" content=\"image\/webp\" \/>\n<meta name=\"twitter:card\" content=\"summary_large_image\" \/>\n<meta name=\"twitter:label1\" content=\"Tiempo de lectura\" \/>\n\t<meta name=\"twitter:data1\" content=\"3 minutos\" \/>\n<script type=\"application\/ld+json\" class=\"yoast-schema-graph\">{\"@context\":\"https:\/\/schema.org\",\"@graph\":[{\"@type\":\"WebPage\",\"@id\":\"https:\/\/www.champsblancstest.geek-tonic.dev\/fr\/herault\/marseillan\/\",\"url\":\"https:\/\/www.champsblancstest.geek-tonic.dev\/fr\/herault\/marseillan\/\",\"name\":\"Turismo en Marsellan : \u00bfQu\u00e9 ver y hacer en Marseillan?\",\"isPartOf\":{\"@id\":\"https:\/\/www.champsblancstest.geek-tonic.dev\/fr\/#website\"},\"primaryImageOfPage\":{\"@id\":\"https:\/\/www.champsblancstest.geek-tonic.dev\/fr\/herault\/marseillan\/#primaryimage\"},\"image\":{\"@id\":\"https:\/\/www.champsblancstest.geek-tonic.dev\/fr\/herault\/marseillan\/#primaryimage\"},\"thumbnailUrl\":\"https:\/\/www.champsblancstest.geek-tonic.dev\/wp-content\/uploads\/2023\/09\/camping-marseillan-4-scaled.webp\",\"datePublished\":\"2023-10-19T10:09:07+00:00\",\"dateModified\":\"2023-11-22T09:40:54+00:00\",\"description\":\"\u00bfQuieres hacer turismo en Marseillan ? \u00a1Descubre los mejores sitios que ver y cosas que hacer en Marseillan !\",\"breadcrumb\":{\"@id\":\"https:\/\/www.champsblancstest.geek-tonic.dev\/fr\/herault\/marseillan\/#breadcrumb\"},\"inLanguage\":\"es\",\"potentialAction\":[{\"@type\":\"ReadAction\",\"target\":[\"https:\/\/www.champsblancstest.geek-tonic.dev\/fr\/herault\/marseillan\/\"]}]},{\"@type\":\"ImageObject\",\"inLanguage\":\"es\",\"@id\":\"https:\/\/www.champsblancstest.geek-tonic.dev\/fr\/herault\/marseillan\/#primaryimage\",\"url\":\"https:\/\/www.champsblancstest.geek-tonic.dev\/wp-content\/uploads\/2023\/09\/camping-marseillan-4-scaled.webp\",\"contentUrl\":\"https:\/\/www.champsblancstest.geek-tonic.dev\/wp-content\/uploads\/2023\/09\/camping-marseillan-4-scaled.webp\",\"width\":2048,\"height\":1363,\"caption\":\"camping marseillan 4\"},{\"@type\":\"BreadcrumbList\",\"@id\":\"https:\/\/www.champsblancstest.geek-tonic.dev\/fr\/herault\/marseillan\/#breadcrumb\",\"itemListElement\":[{\"@type\":\"ListItem\",\"position\":1,\"name\":\"Acampar Cap d'Agde\",\"item\":\"https:\/\/www.champsblancstest.geek-tonic.dev\/fr\/\"},{\"@type\":\"ListItem\",\"position\":2,\"name\":\"Descubrir Herault\",\"item\":\"https:\/\/www.champsblancstest.geek-tonic.dev\/fr\/herault\/\"},{\"@type\":\"ListItem\",\"position\":3,\"name\":\"Marseillan\"}]},{\"@type\":\"WebSite\",\"@id\":\"https:\/\/www.champsblancstest.geek-tonic.dev\/fr\/#website\",\"url\":\"https:\/\/www.champsblancstest.geek-tonic.dev\/fr\/\",\"name\":\"Les Champs Blancs\",\"description\":\"\",\"publisher\":{\"@id\":\"https:\/\/www.champsblancstest.geek-tonic.dev\/fr\/#organization\"},\"potentialAction\":[{\"@type\":\"SearchAction\",\"target\":{\"@type\":\"EntryPoint\",\"urlTemplate\":\"https:\/\/www.champsblancstest.geek-tonic.dev\/fr\/?s={search_term_string}\"},\"query-input\":\"required name=search_term_string\"}],\"inLanguage\":\"es\"},{\"@type\":\"Organization\",\"@id\":\"https:\/\/www.champsblancstest.geek-tonic.dev\/fr\/#organization\",\"name\":\"Les Champs Blancs\",\"url\":\"https:\/\/www.champsblancstest.geek-tonic.dev\/fr\/\",\"logo\":{\"@type\":\"ImageObject\",\"inLanguage\":\"es\",\"@id\":\"https:\/\/www.champsblancstest.geek-tonic.dev\/fr\/#\/schema\/logo\/image\/\",\"url\":\"https:\/\/www.champsblancstest.geek-tonic.dev\/wp-content\/uploads\/2023\/07\/logo-blanc-camping-les-champs-blancs.webp\",\"contentUrl\":\"https:\/\/www.champsblancstest.geek-tonic.dev\/wp-content\/uploads\/2023\/07\/logo-blanc-camping-les-champs-blancs.webp\",\"width\":821,\"height\":657,\"caption\":\"Les Champs Blancs\"},\"image\":{\"@id\":\"https:\/\/www.champsblancstest.geek-tonic.dev\/fr\/#\/schema\/logo\/image\/\"}}]}<\/script>\n<!-- \/ Yoast SEO plugin. -->","yoast_head_json":{"title":"Turismo en Marsellan : \u00bfQu\u00e9 ver y hacer en Marseillan?","description":"\u00bfQuieres hacer turismo en Marseillan ? \u00a1Descubre los mejores sitios que ver y cosas que hacer en Marseillan !","robots":{"index":"noindex","follow":"follow","max-snippet":"max-snippet:-1","max-image-preview":"max-image-preview:large","max-video-preview":"max-video-preview:-1"},"og_locale":"es_ES","og_type":"article","og_title":"Turismo en Marsellan : \u00bfQu\u00e9 ver y hacer en Marseillan?","og_description":"\u00bfQuieres hacer turismo en Marseillan ? \u00a1Descubre los mejores sitios que ver y cosas que hacer en Marseillan !","og_url":"https:\/\/www.champsblancstest.geek-tonic.dev\/fr\/herault\/marseillan\/","og_site_name":"Les Champs Blancs","article_modified_time":"2023-11-22T09:40:54+00:00","og_image":[{"width":2048,"height":1363,"url":"https:\/\/www.champsblancstest.geek-tonic.dev\/wp-content\/uploads\/2023\/09\/camping-marseillan-4-scaled.webp","type":"image\/webp"}],"twitter_card":"summary_large_image","twitter_misc":{"Tiempo de lectura":"3 minutos"},"schema":{"@context":"https:\/\/schema.org","@graph":[{"@type":"WebPage","@id":"https:\/\/www.champsblancstest.geek-tonic.dev\/fr\/herault\/marseillan\/","url":"https:\/\/www.champsblancstest.geek-tonic.dev\/fr\/herault\/marseillan\/","name":"Turismo en Marsellan : \u00bfQu\u00e9 ver y hacer en Marseillan?","isPartOf":{"@id":"https:\/\/www.champsblancstest.geek-tonic.dev\/fr\/#website"},"primaryImageOfPage":{"@id":"https:\/\/www.champsblancstest.geek-tonic.dev\/fr\/herault\/marseillan\/#primaryimage"},"image":{"@id":"https:\/\/www.champsblancstest.geek-tonic.dev\/fr\/herault\/marseillan\/#primaryimage"},"thumbnailUrl":"https:\/\/www.champsblancstest.geek-tonic.dev\/wp-content\/uploads\/2023\/09\/camping-marseillan-4-scaled.webp","datePublished":"2023-10-19T10:09:07+00:00","dateModified":"2023-11-22T09:40:54+00:00","description":"\u00bfQuieres hacer turismo en Marseillan ? \u00a1Descubre los mejores sitios que ver y cosas que hacer en Marseillan !","breadcrumb":{"@id":"https:\/\/www.champsblancstest.geek-tonic.dev\/fr\/herault\/marseillan\/#breadcrumb"},"inLanguage":"es","potentialAction":[{"@type":"ReadAction","target":["https:\/\/www.champsblancstest.geek-tonic.dev\/fr\/herault\/marseillan\/"]}]},{"@type":"ImageObject","inLanguage":"es","@id":"https:\/\/www.champsblancstest.geek-tonic.dev\/fr\/herault\/marseillan\/#primaryimage","url":"https:\/\/www.champsblancstest.geek-tonic.dev\/wp-content\/uploads\/2023\/09\/camping-marseillan-4-scaled.webp","contentUrl":"https:\/\/www.champsblancstest.geek-tonic.dev\/wp-content\/uploads\/2023\/09\/camping-marseillan-4-scaled.webp","width":2048,"height":1363,"caption":"camping marseillan 4"},{"@type":"BreadcrumbList","@id":"https:\/\/www.champsblancstest.geek-tonic.dev\/fr\/herault\/marseillan\/#breadcrumb","itemListElement":[{"@type":"ListItem","position":1,"name":"Acampar Cap d'Agde","item":"https:\/\/www.champsblancstest.geek-tonic.dev\/fr\/"},{"@type":"ListItem","position":2,"name":"Descubrir Herault","item":"https:\/\/www.champsblancstest.geek-tonic.dev\/fr\/herault\/"},{"@type":"ListItem","position":3,"name":"Marseillan"}]},{"@type":"WebSite","@id":"https:\/\/www.champsblancstest.geek-tonic.dev\/fr\/#website","url":"https:\/\/www.champsblancstest.geek-tonic.dev\/fr\/","name":"Les Champs Blancs","description":"","publisher":{"@id":"https:\/\/www.champsblancstest.geek-tonic.dev\/fr\/#organization"},"potentialAction":[{"@type":"SearchAction","target":{"@type":"EntryPoint","urlTemplate":"https:\/\/www.champsblancstest.geek-tonic.dev\/fr\/?s={search_term_string}"},"query-input":"required name=search_term_string"}],"inLanguage":"es"},{"@type":"Organization","@id":"https:\/\/www.champsblancstest.geek-tonic.dev\/fr\/#organization","name":"Les Champs Blancs","url":"https:\/\/www.champsblancstest.geek-tonic.dev\/fr\/","logo":{"@type":"ImageObject","inLanguage":"es","@id":"https:\/\/www.champsblancstest.geek-tonic.dev\/fr\/#\/schema\/logo\/image\/","url":"https:\/\/www.champsblancstest.geek-tonic.dev\/wp-content\/uploads\/2023\/07\/logo-blanc-camping-les-champs-blancs.webp","contentUrl":"https:\/\/www.champsblancstest.geek-tonic.dev\/wp-content\/uploads\/2023\/07\/logo-blanc-camping-les-champs-blancs.webp","width":821,"height":657,"caption":"Les Champs Blancs"},"image":{"@id":"https:\/\/www.champsblancstest.geek-tonic.dev\/fr\/#\/schema\/logo\/image\/"}}]}},"_links":{"self":[{"href":"https:\/\/www.champsblancstest.geek-tonic.dev\/es\/wp-json\/wp\/v2\/pages\/10666","targetHints":{"allow":["GET"]}}],"collection":[{"href":"https:\/\/www.champsblancstest.geek-tonic.dev\/es\/wp-json\/wp\/v2\/pages"}],"about":[{"href":"https:\/\/www.champsblancstest.geek-tonic.dev\/es\/wp-json\/wp\/v2\/types\/page"}],"author":[{"embeddable":true,"href":"https:\/\/www.champsblancstest.geek-tonic.dev\/es\/wp-json\/wp\/v2\/users\/1"}],"replies":[{"embeddable":true,"href":"https:\/\/www.champsblancstest.geek-tonic.dev\/es\/wp-json\/wp\/v2\/comments?post=10666"}],"version-history":[{"count":9,"href":"https:\/\/www.champsblancstest.geek-tonic.dev\/es\/wp-json\/wp\/v2\/pages\/10666\/revisions"}],"predecessor-version":[{"id":15734,"href":"https:\/\/www.champsblancstest.geek-tonic.dev\/es\/wp-json\/wp\/v2\/pages\/10666\/revisions\/15734"}],"up":[{"embeddable":true,"href":"https:\/\/www.champsblancstest.geek-tonic.dev\/es\/wp-json\/wp\/v2\/pages\/10661"}],"wp:featuredmedia":[{"embeddable":true,"href":"https:\/\/www.champsblancstest.geek-tonic.dev\/es\/wp-json\/wp\/v2\/media\/9092"}],"wp:attachment":[{"href":"https:\/\/www.champsblancstest.geek-tonic.dev\/es\/wp-json\/wp\/v2\/media?parent=10666"}],"wp:term":[{"taxonomy":"sujet","embeddable":true,"href":"https:\/\/www.champsblancstest.geek-tonic.dev\/es\/wp-json\/wp\/v2\/sujet?post=10666"}],"curies":[{"name":"wp","href":"https:\/\/api.w.org\/{rel}","templated":true}]}}