{"id":10681,"date":"2023-10-19T12:09:09","date_gmt":"2023-10-19T10:09:09","guid":{"rendered":"https:\/\/www.champsblancstest.geek-tonic.dev\/herault\/pezenas\/"},"modified":"2023-10-30T10:40:06","modified_gmt":"2023-10-30T09:40:06","slug":"pezenas","status":"publish","type":"page","link":"https:\/\/www.champsblancstest.geek-tonic.dev\/es\/herault\/pezenas\/","title":{"rendered":"Pezenas"},"content":{"rendered":"<section id=\"ls-section-block_170d75754d52cdac8688ebabd7bb436d\" class=\"ls-section  home-first page-one\" >\n        <div class=\"container container--full\">\n        \n\n<div class=\"wp-block-columns are-vertically-aligned-center is-layout-flex wp-container-core-columns-is-layout-9d6595d7 wp-block-columns-is-layout-flex\">\n<div class=\"wp-block-column is-vertically-aligned-center is-layout-flow wp-block-column-is-layout-flow\" style=\"flex-basis:53%\">\n<figure class=\"wp-block-gallery has-nested-images columns-default is-cropped animated fadeInLeft slow wp-block-gallery-1 is-layout-flex wp-block-gallery-is-layout-flex\">\n<figure class=\"wp-block-image size-full\"><a href=\"https:\/\/www.champsblancstest.geek-tonic.dev\/wp-content\/uploads\/2023\/09\/camping-pezenas-5-scaled.webp\"><img decoding=\"async\" width=\"2560\" height=\"1707\" data-id=\"8902\" src=\"https:\/\/www.champsblancstest.geek-tonic.dev\/wp-content\/uploads\/2023\/09\/camping-pezenas-5-scaled.webp\" alt=\"camping p&#xE9;zenas 5\" class=\"wp-image-8902\" srcset=\"https:\/\/www.champsblancstest.geek-tonic.dev\/wp-content\/uploads\/2023\/09\/camping-pezenas-5-scaled.webp 2560w, https:\/\/www.champsblancstest.geek-tonic.dev\/wp-content\/uploads\/2023\/09\/camping-pezenas-5-300x200.webp 300w, https:\/\/www.champsblancstest.geek-tonic.dev\/wp-content\/uploads\/2023\/09\/camping-pezenas-5-1024x683.webp 1024w, https:\/\/www.champsblancstest.geek-tonic.dev\/wp-content\/uploads\/2023\/09\/camping-pezenas-5-768x512.webp 768w, https:\/\/www.champsblancstest.geek-tonic.dev\/wp-content\/uploads\/2023\/09\/camping-pezenas-5-1536x1024.webp 1536w, https:\/\/www.champsblancstest.geek-tonic.dev\/wp-content\/uploads\/2023\/09\/camping-pezenas-5-2048x1365.webp 2048w\" sizes=\"(max-width: 2560px) 100vw, 2560px\" \/><\/a><\/figure>\n<\/figure>\n<\/div>\n\n\n\n<div class=\"wp-block-column is-vertically-aligned-center is-layout-flow wp-block-column-is-layout-flow\" style=\"flex-basis:47%\">\n<h1 class=\"ls__heading wp-block-heading\">Turismo Pezenas<\/h1>\n\n\n\n<p class=\"ls-paragraph\">No deje de visitar <strong>P\u00e9zenas<\/strong> durante su estancia en el<a href=\"https:\/\/www.champsblancstest.geek-tonic.dev\/es\/\"> camping Cap d&#8217;Agde<\/a> Les Champs Blancs.<\/p>\n\n\n\n<h2 class=\"ls__heading wp-block-heading\">P\u00e9zenas, una ciudad que sedujo a Moli\u00e8re<\/h2>\n\n\n\n<p class=\"ls-paragraph\">P\u00e9zenas fue el lugar de residencia de Moli\u00e8re, y tiene algo de encantador&#8230; Lo entender\u00e1 cuando vea a sus artesanos y su patrimonio arquitect\u00f3nico, que parecen haber escapado al paso del tiempo \u00a1Un <a href=\"https:\/\/www.champsblancstest.geek-tonic.dev\/es\/herault\/\">lugar de inter\u00e9s imprescindible en el H\u00e9rault<\/a>!  <\/p>\n\n\n\n<p class=\"ls-paragraph\">La pasi\u00f3n por el teatro sigue viva en esta ciudad, donde, al igual que Moli\u00e8re, eligieron establecerse los antiguos gobernadores del Languedoc. Visite el famoso teatro, por ejemplo, durante sus <a href=\"https:\/\/www.champsblancstest.geek-tonic.dev\/es\/camping-pezenas\/\">vacaciones de camping en P\u00e9zenas<\/a>.<\/p>\n<\/div>\n<\/div>\n\n\n    <\/div>\n<\/section><section id=\"ls-section-block_10c62efeb38a6759d5f42f6231f17598\" class=\"ls-section  home-first page-two\" >\n        <div class=\"container container--full\">\n        \n\n<div class=\"wp-block-columns are-vertically-aligned-center is-layout-flex wp-container-core-columns-is-layout-9d6595d7 wp-block-columns-is-layout-flex\">\n<div class=\"wp-block-column is-vertically-aligned-center is-layout-flow wp-block-column-is-layout-flow\" style=\"flex-basis:47%\">\n<h2 class=\"ls__heading wp-block-heading\">  Las 5 mejores cosas que ver y hacer en P\u00e9zenas<\/h2>\n\n\n\n<ul class=\"ls-list wp-block-list\">\n<li><strong>Descubra los 30 lugares hist\u00f3ricos catalogados<\/strong>: los amantes del patrimonio no se quedar\u00e1n fuera en Pisc\u00e9n. Palacetes privados, puertas monumentales, la iglesia de Sainte-Ursule, un sendero de esculturas dedicado a Boby Lapointe: su programa de visitas no tardar\u00e1 en llenarse, y todo a pocos kil\u00f3metros de su <strong>camping de P\u00e9zenas<\/strong>.<\/li>\n\n\n\n<li><strong>Admire el \u00f3rgano de la colegiata de Saint-Jean<\/strong>: este bello edificio, construido en 1735, cuenta con c\u00fapulas en las naves laterales, una capilla norte y un \u00f3rgano similar a los de la iglesia de Saint-Roch de Par\u00eds.<\/li>\n\n\n\n<li>Asista <strong>a una representaci\u00f3n teatral<\/strong>: fundado en 1803, el teatro P\u00e9zenas rinde un homenaje especial a este arte y a uno de sus maestros, Moli\u00e8re. Inf\u00f3rmese antes de su visita para pasar un momento \u00fanico en esta meca cultural francesa.<\/li>\n\n\n\n<li><strong>Visite el Mus\u00e9e Vulliod Saint-Germain<\/strong>: le recomendamos este centro cultural si desea conocer mejor la historia de la ciudad. Ocupa una mansi\u00f3n privada del siglo XVI. Una sala del museo est\u00e1 enteramente dedicada a Moli\u00e8re.<\/li>\n\n\n\n<li>Pasee <strong>por los jardines de la finca Grange des Pr\u00e9s<\/strong>: esta antigua casa de campo de los gobernadores de Languedoc posee un jard\u00edn a la italiana con elegantes terrazas que dominan la llanura del H\u00e9rault. Recorra el sendero que atraviesa el parque, admire la fachada del castillo, recargue las pilas en este remanso de paz y d\u00edgase a s\u00ed mismo que hizo bien en reservar un alquiler de mobil home o chalet en un camping cerca de P\u00e9zenas.<\/li>\n<\/ul>\n\n\n\n<p class=\"ls-paragraph\">M\u00e1s informaci\u00f3n sobre <a href=\"https:\/\/www.capdagde.com\/otca-ville\/pezenas\/\" target=\"_blank\" rel=\"noreferrer noopener\">P\u00e9zenas<\/a><\/p>\n<\/div>\n\n\n\n<div class=\"wp-block-column is-vertically-aligned-center is-layout-flow wp-block-column-is-layout-flow\" style=\"flex-basis:53%\">\n<figure class=\"wp-block-gallery has-nested-images columns-default is-cropped animated fadeInRight slow delay-200ms wp-block-gallery-2 is-layout-flex wp-block-gallery-is-layout-flex\">\n<figure class=\"wp-block-image size-full\"><a href=\"https:\/\/www.champsblancstest.geek-tonic.dev\/wp-content\/uploads\/2023\/09\/camping-pezenas-10-scaled.webp\"><img decoding=\"async\" width=\"2560\" height=\"1550\" data-id=\"8927\" src=\"https:\/\/www.champsblancstest.geek-tonic.dev\/wp-content\/uploads\/2023\/09\/camping-pezenas-10-scaled.webp\" alt=\"camping p&#xE9;zenas 10\" class=\"wp-image-8927\" srcset=\"https:\/\/www.champsblancstest.geek-tonic.dev\/wp-content\/uploads\/2023\/09\/camping-pezenas-10-scaled.webp 2560w, https:\/\/www.champsblancstest.geek-tonic.dev\/wp-content\/uploads\/2023\/09\/camping-pezenas-10-300x182.webp 300w, https:\/\/www.champsblancstest.geek-tonic.dev\/wp-content\/uploads\/2023\/09\/camping-pezenas-10-1024x620.webp 1024w, https:\/\/www.champsblancstest.geek-tonic.dev\/wp-content\/uploads\/2023\/09\/camping-pezenas-10-768x465.webp 768w, https:\/\/www.champsblancstest.geek-tonic.dev\/wp-content\/uploads\/2023\/09\/camping-pezenas-10-1536x930.webp 1536w, https:\/\/www.champsblancstest.geek-tonic.dev\/wp-content\/uploads\/2023\/09\/camping-pezenas-10-2048x1240.webp 2048w\" sizes=\"(max-width: 2560px) 100vw, 2560px\" \/><\/a><\/figure>\n<\/figure>\n<\/div>\n<\/div>\n\n\n    <\/div>\n<\/section><section id=\"ls-section-block_fcef0ad834190c155f6af319ac2ba23b\" class=\"ls-section  page-four animated fadeInUp slow delay-100ms\" >\n        <div class=\"container container--wide\">\n        \n\n<div id=\"ls-heading ls-titre-div-block_e4d7642a60dd56ba38bd80e6b4574acd\" class=\"ls-titre-div aligncenter h2-like\" >\n    M\u00e1s informaci\u00f3n sobre P\u00e9zenas<\/div>\n\n\n<div id=\"ls-maillage-block_4eab87725e29cdf105509b04d0b0abb4\" class=\"ls-maillage cta-style-normal\" data-rows=\"3\">\n    <div class=\"wp-block-columns\"><div class=\"wp-block-column\"><div class=\"ls-cta\">\n\n<a href=\"https:\/\/www.champsblancstest.geek-tonic.dev\/es\/herault\/beziers\/\" target=\"\" rel=\"noopener\" class=\"ls-cta__link\">\n\n\t<div class=\"ls-cta__image\"><img decoding=\"async\" src=\"https:\/\/www.champsblancstest.geek-tonic.dev\/wp-content\/uploads\/2023\/09\/camping-proche-de-beziers-768x512.webp\" alt=\"camping cerca de beziers\"><\/div>\n\t<div class=\"ls-cta__title\">\n\t\t<span class=\"champs-blancs-coin-droit\"><\/span>\n\t\tB\u00e9ziers\t\t<span class=\"champs-blancs-arrow-down\"><\/span>\n\t<\/div>\n\n\t\n<\/a><\/div><\/div><div class=\"wp-block-column\"><div class=\"ls-cta\">\n\n<a href=\"https:\/\/www.champsblancstest.geek-tonic.dev\/es\/herault\/marseillan\/\" target=\"\" rel=\"noopener\" class=\"ls-cta__link\">\n\n\t<div class=\"ls-cta__image\"><img decoding=\"async\" src=\"https:\/\/www.champsblancstest.geek-tonic.dev\/wp-content\/uploads\/2023\/09\/camping-marseillan-1-768x512.webp\" alt=\"camping marseillan 1\"><\/div>\n\t<div class=\"ls-cta__title\">\n\t\t<span class=\"champs-blancs-coin-droit\"><\/span>\n\t\tMarseillan\t\t<span class=\"champs-blancs-arrow-down\"><\/span>\n\t<\/div>\n\n\t\n<\/a><\/div><\/div><div class=\"wp-block-column\"><div class=\"ls-cta\">\n\n<a href=\"https:\/\/www.champsblancstest.geek-tonic.dev\/es\/herault\/montpellier\/\" target=\"\" rel=\"noopener\" class=\"ls-cta__link\">\n\n\t<div class=\"ls-cta__image\"><img decoding=\"async\" src=\"https:\/\/www.champsblancstest.geek-tonic.dev\/wp-content\/uploads\/2023\/09\/camping-montpellier7-768x512.webp\" alt=\"camping montpellier7\"><\/div>\n\t<div class=\"ls-cta__title\">\n\t\t<span class=\"champs-blancs-coin-droit\"><\/span>\n\t\tMontpellier\t\t<span class=\"champs-blancs-arrow-down\"><\/span>\n\t<\/div>\n\n\t\n<\/a><\/div><\/div><\/div><\/div>\n\n    <\/div>\n<\/section>","protected":false},"excerpt":{"rendered":"","protected":false},"author":1,"featured_media":8936,"parent":10661,"menu_order":0,"comment_status":"closed","ping_status":"closed","template":"","meta":{"_acf_changed":false,"footnotes":""},"sujet":[],"class_list":["post-10681","page","type-page","status-publish","has-post-thumbnail","hentry"],"acf":[],"yoast_head":"<!-- This site is optimized with the Yoast SEO plugin v22.6 - https:\/\/yoast.com\/wordpress\/plugins\/seo\/ -->\n<title>Turismo y actividades en P\u00e9zenas : \u00bfQu\u00e9 ver y hacer en P\u00e9zenas ?<\/title>\n<meta name=\"description\" content=\"\u00bfQuieres hacer turismo en P\u00e9zenas? \u00a1Descubre los mejores sitios que ver y cosas que hacer en P\u00e9zenas!\" \/>\n<meta name=\"robots\" content=\"noindex, follow, max-snippet:-1, max-image-preview:large, max-video-preview:-1\" \/>\n<meta property=\"og:locale\" content=\"es_ES\" \/>\n<meta property=\"og:type\" content=\"article\" \/>\n<meta property=\"og:title\" content=\"Turismo y actividades en P\u00e9zenas : \u00bfQu\u00e9 ver y hacer en P\u00e9zenas ?\" \/>\n<meta property=\"og:description\" content=\"\u00bfQuieres hacer turismo en P\u00e9zenas? \u00a1Descubre los mejores sitios que ver y cosas que hacer en P\u00e9zenas!\" \/>\n<meta property=\"og:url\" content=\"https:\/\/www.champsblancstest.geek-tonic.dev\/fr\/herault\/pezenas\/\" \/>\n<meta property=\"og:site_name\" content=\"Les Champs Blancs\" \/>\n<meta property=\"article:modified_time\" content=\"2023-10-30T09:40:06+00:00\" \/>\n<meta property=\"og:image\" content=\"https:\/\/www.champsblancstest.geek-tonic.dev\/wp-content\/uploads\/2023\/09\/camping-pezenas-1-scaled.webp\" \/>\n\t<meta property=\"og:image:width\" content=\"2048\" \/>\n\t<meta property=\"og:image:height\" content=\"1366\" \/>\n\t<meta property=\"og:image:type\" content=\"image\/webp\" \/>\n<meta name=\"twitter:card\" content=\"summary_large_image\" \/>\n<meta name=\"twitter:label1\" content=\"Tiempo de lectura\" \/>\n\t<meta name=\"twitter:data1\" content=\"2 minutos\" \/>\n<script type=\"application\/ld+json\" class=\"yoast-schema-graph\">{\"@context\":\"https:\/\/schema.org\",\"@graph\":[{\"@type\":\"WebPage\",\"@id\":\"https:\/\/www.champsblancstest.geek-tonic.dev\/fr\/herault\/pezenas\/\",\"url\":\"https:\/\/www.champsblancstest.geek-tonic.dev\/fr\/herault\/pezenas\/\",\"name\":\"Turismo y actividades en P\u00e9zenas : \u00bfQu\u00e9 ver y hacer en P\u00e9zenas ?\",\"isPartOf\":{\"@id\":\"https:\/\/www.champsblancstest.geek-tonic.dev\/fr\/#website\"},\"primaryImageOfPage\":{\"@id\":\"https:\/\/www.champsblancstest.geek-tonic.dev\/fr\/herault\/pezenas\/#primaryimage\"},\"image\":{\"@id\":\"https:\/\/www.champsblancstest.geek-tonic.dev\/fr\/herault\/pezenas\/#primaryimage\"},\"thumbnailUrl\":\"https:\/\/www.champsblancstest.geek-tonic.dev\/wp-content\/uploads\/2023\/09\/camping-pezenas-1-scaled.webp\",\"datePublished\":\"2023-10-19T10:09:09+00:00\",\"dateModified\":\"2023-10-30T09:40:06+00:00\",\"description\":\"\u00bfQuieres hacer turismo en P\u00e9zenas? \u00a1Descubre los mejores sitios que ver y cosas que hacer en P\u00e9zenas!\",\"breadcrumb\":{\"@id\":\"https:\/\/www.champsblancstest.geek-tonic.dev\/fr\/herault\/pezenas\/#breadcrumb\"},\"inLanguage\":\"es\",\"potentialAction\":[{\"@type\":\"ReadAction\",\"target\":[\"https:\/\/www.champsblancstest.geek-tonic.dev\/fr\/herault\/pezenas\/\"]}]},{\"@type\":\"ImageObject\",\"inLanguage\":\"es\",\"@id\":\"https:\/\/www.champsblancstest.geek-tonic.dev\/fr\/herault\/pezenas\/#primaryimage\",\"url\":\"https:\/\/www.champsblancstest.geek-tonic.dev\/wp-content\/uploads\/2023\/09\/camping-pezenas-1-scaled.webp\",\"contentUrl\":\"https:\/\/www.champsblancstest.geek-tonic.dev\/wp-content\/uploads\/2023\/09\/camping-pezenas-1-scaled.webp\",\"width\":2048,\"height\":1366,\"caption\":\"camping p\u00e9zenas 1\"},{\"@type\":\"BreadcrumbList\",\"@id\":\"https:\/\/www.champsblancstest.geek-tonic.dev\/fr\/herault\/pezenas\/#breadcrumb\",\"itemListElement\":[{\"@type\":\"ListItem\",\"position\":1,\"name\":\"Acampar Cap d'Agde\",\"item\":\"https:\/\/www.champsblancstest.geek-tonic.dev\/fr\/\"},{\"@type\":\"ListItem\",\"position\":2,\"name\":\"Descubrir Herault\",\"item\":\"https:\/\/www.champsblancstest.geek-tonic.dev\/fr\/herault\/\"},{\"@type\":\"ListItem\",\"position\":3,\"name\":\"Pezenas\"}]},{\"@type\":\"WebSite\",\"@id\":\"https:\/\/www.champsblancstest.geek-tonic.dev\/fr\/#website\",\"url\":\"https:\/\/www.champsblancstest.geek-tonic.dev\/fr\/\",\"name\":\"Les Champs Blancs\",\"description\":\"\",\"publisher\":{\"@id\":\"https:\/\/www.champsblancstest.geek-tonic.dev\/fr\/#organization\"},\"potentialAction\":[{\"@type\":\"SearchAction\",\"target\":{\"@type\":\"EntryPoint\",\"urlTemplate\":\"https:\/\/www.champsblancstest.geek-tonic.dev\/fr\/?s={search_term_string}\"},\"query-input\":\"required name=search_term_string\"}],\"inLanguage\":\"es\"},{\"@type\":\"Organization\",\"@id\":\"https:\/\/www.champsblancstest.geek-tonic.dev\/fr\/#organization\",\"name\":\"Les Champs Blancs\",\"url\":\"https:\/\/www.champsblancstest.geek-tonic.dev\/fr\/\",\"logo\":{\"@type\":\"ImageObject\",\"inLanguage\":\"es\",\"@id\":\"https:\/\/www.champsblancstest.geek-tonic.dev\/fr\/#\/schema\/logo\/image\/\",\"url\":\"https:\/\/www.champsblancstest.geek-tonic.dev\/wp-content\/uploads\/2023\/07\/logo-blanc-camping-les-champs-blancs.webp\",\"contentUrl\":\"https:\/\/www.champsblancstest.geek-tonic.dev\/wp-content\/uploads\/2023\/07\/logo-blanc-camping-les-champs-blancs.webp\",\"width\":821,\"height\":657,\"caption\":\"Les Champs Blancs\"},\"image\":{\"@id\":\"https:\/\/www.champsblancstest.geek-tonic.dev\/fr\/#\/schema\/logo\/image\/\"}}]}<\/script>\n<!-- \/ Yoast SEO plugin. -->","yoast_head_json":{"title":"Turismo y actividades en P\u00e9zenas : \u00bfQu\u00e9 ver y hacer en P\u00e9zenas ?","description":"\u00bfQuieres hacer turismo en P\u00e9zenas? \u00a1Descubre los mejores sitios que ver y cosas que hacer en P\u00e9zenas!","robots":{"index":"noindex","follow":"follow","max-snippet":"max-snippet:-1","max-image-preview":"max-image-preview:large","max-video-preview":"max-video-preview:-1"},"og_locale":"es_ES","og_type":"article","og_title":"Turismo y actividades en P\u00e9zenas : \u00bfQu\u00e9 ver y hacer en P\u00e9zenas ?","og_description":"\u00bfQuieres hacer turismo en P\u00e9zenas? \u00a1Descubre los mejores sitios que ver y cosas que hacer en P\u00e9zenas!","og_url":"https:\/\/www.champsblancstest.geek-tonic.dev\/fr\/herault\/pezenas\/","og_site_name":"Les Champs Blancs","article_modified_time":"2023-10-30T09:40:06+00:00","og_image":[{"width":2048,"height":1366,"url":"https:\/\/www.champsblancstest.geek-tonic.dev\/wp-content\/uploads\/2023\/09\/camping-pezenas-1-scaled.webp","type":"image\/webp"}],"twitter_card":"summary_large_image","twitter_misc":{"Tiempo de lectura":"2 minutos"},"schema":{"@context":"https:\/\/schema.org","@graph":[{"@type":"WebPage","@id":"https:\/\/www.champsblancstest.geek-tonic.dev\/fr\/herault\/pezenas\/","url":"https:\/\/www.champsblancstest.geek-tonic.dev\/fr\/herault\/pezenas\/","name":"Turismo y actividades en P\u00e9zenas : \u00bfQu\u00e9 ver y hacer en P\u00e9zenas ?","isPartOf":{"@id":"https:\/\/www.champsblancstest.geek-tonic.dev\/fr\/#website"},"primaryImageOfPage":{"@id":"https:\/\/www.champsblancstest.geek-tonic.dev\/fr\/herault\/pezenas\/#primaryimage"},"image":{"@id":"https:\/\/www.champsblancstest.geek-tonic.dev\/fr\/herault\/pezenas\/#primaryimage"},"thumbnailUrl":"https:\/\/www.champsblancstest.geek-tonic.dev\/wp-content\/uploads\/2023\/09\/camping-pezenas-1-scaled.webp","datePublished":"2023-10-19T10:09:09+00:00","dateModified":"2023-10-30T09:40:06+00:00","description":"\u00bfQuieres hacer turismo en P\u00e9zenas? \u00a1Descubre los mejores sitios que ver y cosas que hacer en P\u00e9zenas!","breadcrumb":{"@id":"https:\/\/www.champsblancstest.geek-tonic.dev\/fr\/herault\/pezenas\/#breadcrumb"},"inLanguage":"es","potentialAction":[{"@type":"ReadAction","target":["https:\/\/www.champsblancstest.geek-tonic.dev\/fr\/herault\/pezenas\/"]}]},{"@type":"ImageObject","inLanguage":"es","@id":"https:\/\/www.champsblancstest.geek-tonic.dev\/fr\/herault\/pezenas\/#primaryimage","url":"https:\/\/www.champsblancstest.geek-tonic.dev\/wp-content\/uploads\/2023\/09\/camping-pezenas-1-scaled.webp","contentUrl":"https:\/\/www.champsblancstest.geek-tonic.dev\/wp-content\/uploads\/2023\/09\/camping-pezenas-1-scaled.webp","width":2048,"height":1366,"caption":"camping p\u00e9zenas 1"},{"@type":"BreadcrumbList","@id":"https:\/\/www.champsblancstest.geek-tonic.dev\/fr\/herault\/pezenas\/#breadcrumb","itemListElement":[{"@type":"ListItem","position":1,"name":"Acampar Cap d'Agde","item":"https:\/\/www.champsblancstest.geek-tonic.dev\/fr\/"},{"@type":"ListItem","position":2,"name":"Descubrir Herault","item":"https:\/\/www.champsblancstest.geek-tonic.dev\/fr\/herault\/"},{"@type":"ListItem","position":3,"name":"Pezenas"}]},{"@type":"WebSite","@id":"https:\/\/www.champsblancstest.geek-tonic.dev\/fr\/#website","url":"https:\/\/www.champsblancstest.geek-tonic.dev\/fr\/","name":"Les Champs Blancs","description":"","publisher":{"@id":"https:\/\/www.champsblancstest.geek-tonic.dev\/fr\/#organization"},"potentialAction":[{"@type":"SearchAction","target":{"@type":"EntryPoint","urlTemplate":"https:\/\/www.champsblancstest.geek-tonic.dev\/fr\/?s={search_term_string}"},"query-input":"required name=search_term_string"}],"inLanguage":"es"},{"@type":"Organization","@id":"https:\/\/www.champsblancstest.geek-tonic.dev\/fr\/#organization","name":"Les Champs Blancs","url":"https:\/\/www.champsblancstest.geek-tonic.dev\/fr\/","logo":{"@type":"ImageObject","inLanguage":"es","@id":"https:\/\/www.champsblancstest.geek-tonic.dev\/fr\/#\/schema\/logo\/image\/","url":"https:\/\/www.champsblancstest.geek-tonic.dev\/wp-content\/uploads\/2023\/07\/logo-blanc-camping-les-champs-blancs.webp","contentUrl":"https:\/\/www.champsblancstest.geek-tonic.dev\/wp-content\/uploads\/2023\/07\/logo-blanc-camping-les-champs-blancs.webp","width":821,"height":657,"caption":"Les Champs Blancs"},"image":{"@id":"https:\/\/www.champsblancstest.geek-tonic.dev\/fr\/#\/schema\/logo\/image\/"}}]}},"_links":{"self":[{"href":"https:\/\/www.champsblancstest.geek-tonic.dev\/es\/wp-json\/wp\/v2\/pages\/10681","targetHints":{"allow":["GET"]}}],"collection":[{"href":"https:\/\/www.champsblancstest.geek-tonic.dev\/es\/wp-json\/wp\/v2\/pages"}],"about":[{"href":"https:\/\/www.champsblancstest.geek-tonic.dev\/es\/wp-json\/wp\/v2\/types\/page"}],"author":[{"embeddable":true,"href":"https:\/\/www.champsblancstest.geek-tonic.dev\/es\/wp-json\/wp\/v2\/users\/1"}],"replies":[{"embeddable":true,"href":"https:\/\/www.champsblancstest.geek-tonic.dev\/es\/wp-json\/wp\/v2\/comments?post=10681"}],"version-history":[{"count":6,"href":"https:\/\/www.champsblancstest.geek-tonic.dev\/es\/wp-json\/wp\/v2\/pages\/10681\/revisions"}],"predecessor-version":[{"id":15595,"href":"https:\/\/www.champsblancstest.geek-tonic.dev\/es\/wp-json\/wp\/v2\/pages\/10681\/revisions\/15595"}],"up":[{"embeddable":true,"href":"https:\/\/www.champsblancstest.geek-tonic.dev\/es\/wp-json\/wp\/v2\/pages\/10661"}],"wp:featuredmedia":[{"embeddable":true,"href":"https:\/\/www.champsblancstest.geek-tonic.dev\/es\/wp-json\/wp\/v2\/media\/8936"}],"wp:attachment":[{"href":"https:\/\/www.champsblancstest.geek-tonic.dev\/es\/wp-json\/wp\/v2\/media?parent=10681"}],"wp:term":[{"taxonomy":"sujet","embeddable":true,"href":"https:\/\/www.champsblancstest.geek-tonic.dev\/es\/wp-json\/wp\/v2\/sujet?post=10681"}],"curies":[{"name":"wp","href":"https:\/\/api.w.org\/{rel}","templated":true}]}}