{"id":10683,"date":"2023-10-19T12:09:09","date_gmt":"2023-10-19T10:09:09","guid":{"rendered":"https:\/\/www.champsblancstest.geek-tonic.dev\/caravaning-premium-agde\/"},"modified":"2023-10-25T14:19:02","modified_gmt":"2023-10-25T12:19:02","slug":"caravaning-premium-agde","status":"publish","type":"page","link":"https:\/\/www.champsblancstest.geek-tonic.dev\/es\/caravaning-premium-agde\/","title":{"rendered":"Parcelas Premium"},"content":{"rendered":"<section id=\"ls-section-block_a225dac49e1d7b7cfb3026a12089d947\" class=\"ls-section  m-t-4 has-background has-color-3-background-color\" >\n        <div class=\"container \">\n        \n\n<h1 class=\"ls__heading wp-block-heading has-text-align-center h1-hebergements m-b-3\">Camping con sanitarios privados <strong>en parcela en Agde<\/strong><\/h1>\n\n\n\n<div class=\"wp-block-columns ls-ctv-wrapper is-layout-flex wp-container-core-columns-is-layout-9d6595d7 wp-block-columns-is-layout-flex\">\n<div class=\"wp-block-column is-layout-flow wp-block-column-is-layout-flow\">\n<script>\n    window.ctoutvert = {\n\t\tid: 2482, \n\t\tlang: 'auto', \n\t\turl: 'https:\/\/bookingpremium.secureholiday.net\/widgets\/'\n    };\n\n    (function (w, d, s, ctv, r, js, fjs) {\n        r=new XMLHttpRequest();r.open('GET',w[ctv].url+'js\/src.json');\n        r.responseType='json';r.json=true;r.send();\n        r.onload=function(){w[ctv].src=r.responseType=='json'?r.response:JSON.parse(r.response);\n        js.src=w[ctv].src[0];fjs.parentNode.insertBefore(js, fjs);}\n        js=d.createElement(s),fjs=d.getElementsByTagName(s)[0];\n        js.id='ctvwidget';js.async=1;\n    }(window, document, 'script', 'ctoutvert'));\n<\/script>\n<ctv-availability data-product-id=\"11726\" data-background-color=\"#f1fafe\"><\/ctv-availability>\n<\/div>\n<\/div>\n\n\n\n<p class=\"ls-paragraph has-text-align-center\"><em>\u00bb Fotos no contractuales<\/em><\/p>\n\n\n    <\/div>\n<\/section><section id=\"ls-section-block_7fb37ec5a4a01a1d918efb2334f4bd79\" class=\"ls-section  home-first page-one\" >\n        <div class=\"container container--full\">\n        \n\n<div class=\"wp-block-columns are-vertically-aligned-center is-layout-flex wp-container-core-columns-is-layout-9d6595d7 wp-block-columns-is-layout-flex\">\n<div class=\"wp-block-column is-vertically-aligned-center is-layout-flow wp-block-column-is-layout-flow\" style=\"flex-basis:53%\">\n<figure class=\"wp-block-gallery has-nested-images columns-default is-cropped animated fadeInLeft slow wp-block-gallery-1 is-layout-flex wp-block-gallery-is-layout-flex\">\n<figure class=\"wp-block-image size-full\"><a href=\"https:\/\/www.champsblancstest.geek-tonic.dev\/wp-content\/uploads\/2023\/09\/sanitaires-prives-camping-adge-scaled.webp\"><img decoding=\"async\" width=\"2560\" height=\"1708\" data-id=\"8385\" src=\"https:\/\/www.champsblancstest.geek-tonic.dev\/wp-content\/uploads\/2023\/09\/sanitaires-prives-camping-adge-scaled.webp\" alt=\"instalaciones sanitarias privadas camping adge\" class=\"wp-image-8385\" srcset=\"https:\/\/www.champsblancstest.geek-tonic.dev\/wp-content\/uploads\/2023\/09\/sanitaires-prives-camping-adge-scaled.webp 2560w, https:\/\/www.champsblancstest.geek-tonic.dev\/wp-content\/uploads\/2023\/09\/sanitaires-prives-camping-adge-300x200.webp 300w, https:\/\/www.champsblancstest.geek-tonic.dev\/wp-content\/uploads\/2023\/09\/sanitaires-prives-camping-adge-1024x683.webp 1024w, https:\/\/www.champsblancstest.geek-tonic.dev\/wp-content\/uploads\/2023\/09\/sanitaires-prives-camping-adge-768x513.webp 768w, https:\/\/www.champsblancstest.geek-tonic.dev\/wp-content\/uploads\/2023\/09\/sanitaires-prives-camping-adge-1536x1025.webp 1536w, https:\/\/www.champsblancstest.geek-tonic.dev\/wp-content\/uploads\/2023\/09\/sanitaires-prives-camping-adge-2048x1367.webp 2048w\" sizes=\"(max-width: 2560px) 100vw, 2560px\" \/><\/a><\/figure>\n<\/figure>\n<\/div>\n\n\n\n<div class=\"wp-block-column is-vertically-aligned-center is-layout-flow wp-block-column-is-layout-flow\" style=\"flex-basis:47%\">\n<p class=\"ls-paragraph\">\u00bfPlanea alojarse en una <a href=\"https:\/\/www.champsblancstest.geek-tonic.dev\/es\/caravaning-cabo-de-agde\/\">tienda de campa\u00f1a en Cap d&#8217;Agde<\/a>? Descubra tambi\u00e9n nuestro camping <strong>con instalaciones sanitarias privadas en la parcela<\/strong>. Imag\u00ednese su estancia en una tienda de campa\u00f1a, con instalaciones sanitarias privadas (ducha, inodoro, lavabo) para una mayor comodidad, \u00a1y para que pueda disfrutar realmente de sus vacaciones!<br\/><br\/>\u00bfSue\u00f1an sus hijos con ser aventureros en una tienda de campa\u00f1a? Por qu\u00e9 no, pero estar\u00e1s a\u00f1adiendo un toque de comodidad a sus deseos. \u00bfLa soluci\u00f3n? Una <strong>parcela premium<\/strong> en el <a href=\"https:\/\/www.champsblancstest.geek-tonic.dev\/es\/\">camping resort<\/a> Les Champs Blancs <a href=\"https:\/\/www.champsblancstest.geek-tonic.dev\/es\/\">en Agde<\/a>, H\u00e9rault.<\/p>\n<\/div>\n<\/div>\n\n\n    <\/div>\n<\/section><section id=\"ls-section-block_800fdfba0ed1e9aeafb53acedd83641d\" class=\"ls-section  home-first page-two\" >\n        <div class=\"container container--full\">\n        \n\n<div class=\"wp-block-columns are-vertically-aligned-center is-layout-flex wp-container-core-columns-is-layout-9d6595d7 wp-block-columns-is-layout-flex\">\n<div class=\"wp-block-column is-vertically-aligned-center is-layout-flow wp-block-column-is-layout-flow\" style=\"flex-basis:47%\">\n<h2 class=\"ls__heading wp-block-heading\">Parcelas con instalaciones sanitarias privadas<\/h2>\n\n\n\n<p class=\"ls-paragraph\">Nuestro lujoso camping de 5 estrellas, a <strong>s\u00f3lo 3 minutos en coche de las playas de Agde y Vias-Plage<\/strong>, le invita a montar su tienda o a aparcar su <strong>autocaravana<\/strong> o <strong>caravana<\/strong> en una parcela equipada con sanitarios privados.<\/p>\n\n\n\n<p class=\"ls-paragraph\">\u00bfLe desanima la idea de tener que caminar unas decenas de metros en mitad de la noche para llegar a los aseos? Nuestras <strong>parcelas con instalaciones sanitarias<\/strong> privadas resolver\u00e1n todos sus problemas. En tu parcela tendr\u00e1s :<\/p>\n\n\n\n<ul class=\"ls-list wp-block-list\">\n<li>su propio bloque sanitario con <strong>duchas<\/strong><\/li>\n\n\n\n<li><strong>aseos<\/strong> separados<\/li>\n\n\n\n<li>un <strong>lavabo y un fregadero<\/strong> exteriores para lavarse despu\u00e9s de comer con la familia, los amigos o los dos solos.<\/li>\n<\/ul>\n\n\n\n<p class=\"ls-paragraph\">Nuestras <strong>parcelas de gama alta para 1 a 6 personas<\/strong> incluyen conexiones el\u00e9ctricas (10A) para una mayor comodidad durante su estancia. Su intimidad estar\u00e1 protegida en todo momento gracias a los setos floridos que delimitan cada parcela.<\/p>\n<\/div>\n\n\n\n<div class=\"wp-block-column is-vertically-aligned-center is-layout-flow wp-block-column-is-layout-flow\" style=\"flex-basis:53%\">\n<figure class=\"wp-block-gallery has-nested-images columns-default is-cropped animated fadeInRight slow delay-200ms wp-block-gallery-2 is-layout-flex wp-block-gallery-is-layout-flex\">\n<figure class=\"wp-block-image size-full\"><a href=\"https:\/\/www.champsblancstest.geek-tonic.dev\/wp-content\/uploads\/2023\/09\/emplacement-premium-sanitaire-prive-recent-interieur.webp\"><img decoding=\"async\" width=\"2558\" height=\"1920\" data-id=\"8390\" src=\"https:\/\/www.champsblancstest.geek-tonic.dev\/wp-content\/uploads\/2023\/09\/emplacement-premium-sanitaire-prive-recent-interieur.webp\" alt=\"ubicaci&#xF3;n privilegiada reciente ba&#xF1;o privado interior\" class=\"wp-image-8390\" srcset=\"https:\/\/www.champsblancstest.geek-tonic.dev\/wp-content\/uploads\/2023\/09\/emplacement-premium-sanitaire-prive-recent-interieur.webp 2558w, https:\/\/www.champsblancstest.geek-tonic.dev\/wp-content\/uploads\/2023\/09\/emplacement-premium-sanitaire-prive-recent-interieur-300x225.webp 300w, https:\/\/www.champsblancstest.geek-tonic.dev\/wp-content\/uploads\/2023\/09\/emplacement-premium-sanitaire-prive-recent-interieur-1024x769.webp 1024w, https:\/\/www.champsblancstest.geek-tonic.dev\/wp-content\/uploads\/2023\/09\/emplacement-premium-sanitaire-prive-recent-interieur-768x576.webp 768w, https:\/\/www.champsblancstest.geek-tonic.dev\/wp-content\/uploads\/2023\/09\/emplacement-premium-sanitaire-prive-recent-interieur-1536x1153.webp 1536w, https:\/\/www.champsblancstest.geek-tonic.dev\/wp-content\/uploads\/2023\/09\/emplacement-premium-sanitaire-prive-recent-interieur-2048x1537.webp 2048w\" sizes=\"(max-width: 2558px) 100vw, 2558px\" \/><\/a><\/figure>\n<\/figure>\n<\/div>\n<\/div>\n\n\n    <\/div>\n<\/section><section id=\"ls-section-block_69e941d4d2c351530a91ce9987168a9e\" class=\"ls-section  home-sixth page-three has-background-image has-parallax-child\" >\n    <div class=\"ls-section__background-image opacity-100\"><img decoding=\"async\" src=\"https:\/\/www.champsblancstest.geek-tonic.dev\/wp-content\/uploads\/2023\/09\/emplacement-sanitaire-prives-camping-scaled.webp\" alt=\"camping en emplazamiento sanitario privado\"><\/div>    <div class=\"container container--wide\">\n        \n\n<div class=\"wp-block-columns are-vertically-aligned-center is-layout-flex wp-container-core-columns-is-layout-9d6595d7 wp-block-columns-is-layout-flex\">\n<div class=\"wp-block-column is-vertically-aligned-center wp-block-column__text animated fadeInUp delay-100ms slow is-layout-flow wp-block-column-is-layout-flow\" style=\"flex-basis:66.66%\">\n<h2 class=\"ls__heading wp-block-heading\">Camping con instalaciones sanitarias individuales en Cap d&#8217;Agde<\/h2>\n\n\n\n<p class=\"ls-paragraph\">La parcela desnuda con instalaciones sanitarias privadas es un concepto innovador para unas vacaciones cerca de la naturaleza y <strong>una excelente alternativa para los campistas<\/strong> que desean mantener su intimidad e independencia. Hay <strong>muchas cosas que hacer<\/strong> en los alrededores del camping: deportes acu\u00e1ticos, parques tem\u00e1ticos, visitas a museos, etc.<br\/><br\/>Siempre, claro est\u00e1, que las horas que pase en el espacio acu\u00e1tico con piscinas climatizadas y nuestros espect\u00e1culos nocturnos le dejen libre para explorar la costa de Languedoc.<br\/><br\/>\u00bfEst\u00e1 a punto de reservar su parcela con instalaciones sanitarias privadas? Consulte nuestras ofertas especiales y <a href=\"https:\/\/www.champsblancstest.geek-tonic.dev\/es\/camping-barato-agde\/\">ofertas<\/a> en lanzamientos. Para una estancia a\u00fan m\u00e1s econ\u00f3mica en Cap d&#8217;Agde, <a href=\"https:\/\/www.champsblancstest.geek-tonic.dev\/es\/camping-acsi\/\">nuestro camping acepta la tarjeta ACSI<\/a>. \u00bfTodav\u00eda duda si alquilar una parcela con sanitarios individuales? Consulte las opiniones de los veraneantes.<\/p>\n<\/div>\n\n\n\n<div class=\"wp-block-column is-vertically-aligned-center is-layout-flow wp-block-column-is-layout-flow\" style=\"flex-basis:33.33%\">\n<div id=\"ls-heading ls-titre-div-block_8452cb3a59bb1408becf307f3dfb7813\" class=\"ls-titre-div h1-like\" >\n    Campamento en<br><strong>  a orillas del agua<\/strong><\/div>\n<\/div>\n<\/div>\n\n\n    <\/div>\n<\/section><section id=\"ls-section-block_b79802569fee90400b4072c37d81bff5\" class=\"ls-section  page-four animated fadeInUp slow delay-100ms\" >\n        <div class=\"container container--wide\">\n        \n\n<div id=\"ls-heading ls-titre-div-block_26bd4ffbea03587723ec29662a0b7afd\" class=\"ls-titre-div aligncenter h2-like\" >\n    Vea nuestros diferentes tipos de alquileres y parcelas<\/div>\n\n\n<div id=\"ls-maillage-block_4df8c308b9b18730cf18510c06e1fa7f\" class=\"ls-maillage cta-style-normal\" data-rows=\"5\">\n    <div class=\"wp-block-columns\"><div class=\"wp-block-column\"><div class=\"ls-cta\">\n\n<a href=\"https:\/\/www.champsblancstest.geek-tonic.dev\/es\/alquiler-mobil-home-premium-cap-agde\/\" target=\"\" rel=\"noopener\" class=\"ls-cta__link\">\n\n\t<div class=\"ls-cta__image\"><img decoding=\"async\" src=\"https:\/\/www.champsblancstest.geek-tonic.dev\/wp-content\/uploads\/2023\/09\/mobil-home-luxe-agde-768x451.webp\" alt=\"mobil home luxe agde\"><\/div>\n\t<div class=\"ls-cta__title\">\n\t\t<span class=\"champs-blancs-coin-droit\"><\/span>\n\t\tCasa m\u00f3vil Premium\t\t<span class=\"champs-blancs-arrow-down\"><\/span>\n\t<\/div>\n\n\t\n<\/a><\/div><\/div><div class=\"wp-block-column\"><div class=\"ls-cta\">\n\n<a href=\"https:\/\/www.champsblancstest.geek-tonic.dev\/es\/alquiler-chalet-cap-agde\/\" target=\"\" rel=\"noopener\" class=\"ls-cta__link\">\n\n\t<div class=\"ls-cta__image\"><img decoding=\"async\" src=\"https:\/\/www.champsblancstest.geek-tonic.dev\/wp-content\/uploads\/2023\/09\/location-chalet-cap-agde-768x512.webp\" alt=\"alquiler chalet cap agde\"><\/div>\n\t<div class=\"ls-cta__title\">\n\t\t<span class=\"champs-blancs-coin-droit\"><\/span>\n\t\tLos chal\u00e9s\t\t<span class=\"champs-blancs-arrow-down\"><\/span>\n\t<\/div>\n\n\t\n<\/a><\/div><\/div><div class=\"wp-block-column\"><div class=\"ls-cta\">\n\n<a href=\"https:\/\/www.champsblancstest.geek-tonic.dev\/es\/caravaning-cabo-de-agde\/\" target=\"\" rel=\"noopener\" class=\"ls-cta__link\">\n\n\t<div class=\"ls-cta__image\"><img decoding=\"async\" src=\"https:\/\/www.champsblancstest.geek-tonic.dev\/wp-content\/uploads\/2023\/09\/camping-caravaning-cap-agde-768x512.webp\" alt=\"camping caravaning cap agde\"><\/div>\n\t<div class=\"ls-cta__title\">\n\t\t<span class=\"champs-blancs-coin-droit\"><\/span>\n\t\tParcelas est\u00e1ndar\t\t<span class=\"champs-blancs-arrow-down\"><\/span>\n\t<\/div>\n\n\t\n<\/a><\/div><\/div><div class=\"wp-block-column\"><div class=\"ls-cta\">\n\n<a href=\"https:\/\/www.champsblancstest.geek-tonic.dev\/es\/camping-barato-agde\/\" target=\"\" rel=\"noopener\" class=\"ls-cta__link\">\n\n\t<div class=\"ls-cta__image\"><img decoding=\"async\" src=\"https:\/\/www.champsblancstest.geek-tonic.dev\/wp-content\/uploads\/2023\/09\/camping-pas-cher-bord-de-mer-768x1152.webp\" alt=\"camping barato junto al mar\"><\/div>\n\t<div class=\"ls-cta__title\">\n\t\t<span class=\"champs-blancs-coin-droit\"><\/span>\n\t\tTarifas\t\t<span class=\"champs-blancs-arrow-down\"><\/span>\n\t<\/div>\n\n\t\n<\/a><\/div><\/div><div class=\"wp-block-column\"><div class=\"ls-cta\">\n\n<a href=\"https:\/\/www.champsblancstest.geek-tonic.dev\/es\/alquiler-mobil-home-cap-agde\/\" target=\"\" rel=\"noopener\" class=\"ls-cta__link\">\n\n\t<div class=\"ls-cta__image\"><img decoding=\"async\" src=\"https:\/\/www.champsblancstest.geek-tonic.dev\/wp-content\/uploads\/2023\/09\/location-vacances-cap-agde-768x463.webp\" alt=\"alquileres de vacaciones cap agde\"><\/div>\n\t<div class=\"ls-cta__title\">\n\t\t<span class=\"champs-blancs-coin-droit\"><\/span>\n\t\tCasas m\u00f3viles\t\t<span class=\"champs-blancs-arrow-down\"><\/span>\n\t<\/div>\n\n\t\n<\/a><\/div><\/div><\/div><\/div>\n\n    <\/div>\n<\/section>","protected":false},"excerpt":{"rendered":"","protected":false},"author":1,"featured_media":8429,"parent":0,"menu_order":0,"comment_status":"closed","ping_status":"closed","template":"","meta":{"_acf_changed":false,"footnotes":""},"sujet":[],"class_list":["post-10683","page","type-page","status-publish","has-post-thumbnail","hentry"],"acf":[],"yoast_head":"<!-- This site is optimized with the Yoast SEO plugin v22.6 - https:\/\/yoast.com\/wordpress\/plugins\/seo\/ -->\n<title>Camping con sanitarios privados en parcela en H\u00e9rault : Parcela de lujo en Agde<\/title>\n<meta name=\"description\" content=\"\u00bfSue\u00f1a con un camping con sanitarios privados en una parcela en Agde? Descubra las parcelas con instalaciones sanitarias de nuestro camping de 5 estrellas.\" \/>\n<meta name=\"robots\" content=\"noindex, follow, max-snippet:-1, max-image-preview:large, max-video-preview:-1\" \/>\n<meta property=\"og:locale\" content=\"es_ES\" \/>\n<meta property=\"og:type\" content=\"article\" \/>\n<meta property=\"og:title\" content=\"Camping con sanitarios privados en parcela en H\u00e9rault : Parcela de lujo en Agde\" \/>\n<meta property=\"og:description\" content=\"\u00bfSue\u00f1a con un camping con sanitarios privados en una parcela en Agde? Descubra las parcelas con instalaciones sanitarias de nuestro camping de 5 estrellas.\" \/>\n<meta property=\"og:url\" content=\"https:\/\/www.champsblancstest.geek-tonic.dev\/fr\/caravaning-premium-agde\/\" \/>\n<meta property=\"og:site_name\" content=\"Les Champs Blancs\" \/>\n<meta property=\"article:modified_time\" content=\"2023-10-25T12:19:02+00:00\" \/>\n<meta property=\"og:image\" content=\"https:\/\/www.champsblancstest.geek-tonic.dev\/wp-content\/uploads\/2023\/09\/camping-agde-champs-blancs-Emplacement-sanitaire.jpg\" \/>\n\t<meta property=\"og:image:width\" content=\"1600\" \/>\n\t<meta property=\"og:image:height\" content=\"400\" \/>\n\t<meta property=\"og:image:type\" content=\"image\/jpeg\" \/>\n<meta name=\"twitter:card\" content=\"summary_large_image\" \/>\n<meta name=\"twitter:label1\" content=\"Tiempo de lectura\" \/>\n\t<meta name=\"twitter:data1\" content=\"2 minutos\" \/>\n<script type=\"application\/ld+json\" class=\"yoast-schema-graph\">{\"@context\":\"https:\/\/schema.org\",\"@graph\":[{\"@type\":\"WebPage\",\"@id\":\"https:\/\/www.champsblancstest.geek-tonic.dev\/fr\/caravaning-premium-agde\/\",\"url\":\"https:\/\/www.champsblancstest.geek-tonic.dev\/fr\/caravaning-premium-agde\/\",\"name\":\"Camping con sanitarios privados en parcela en H\u00e9rault : Parcela de lujo en Agde\",\"isPartOf\":{\"@id\":\"https:\/\/www.champsblancstest.geek-tonic.dev\/fr\/#website\"},\"primaryImageOfPage\":{\"@id\":\"https:\/\/www.champsblancstest.geek-tonic.dev\/fr\/caravaning-premium-agde\/#primaryimage\"},\"image\":{\"@id\":\"https:\/\/www.champsblancstest.geek-tonic.dev\/fr\/caravaning-premium-agde\/#primaryimage\"},\"thumbnailUrl\":\"https:\/\/www.champsblancstest.geek-tonic.dev\/wp-content\/uploads\/2023\/09\/camping-agde-champs-blancs-Emplacement-sanitaire.jpg\",\"datePublished\":\"2023-10-19T10:09:09+00:00\",\"dateModified\":\"2023-10-25T12:19:02+00:00\",\"description\":\"\u00bfSue\u00f1a con un camping con sanitarios privados en una parcela en Agde? Descubra las parcelas con instalaciones sanitarias de nuestro camping de 5 estrellas.\",\"breadcrumb\":{\"@id\":\"https:\/\/www.champsblancstest.geek-tonic.dev\/fr\/caravaning-premium-agde\/#breadcrumb\"},\"inLanguage\":\"es\",\"potentialAction\":[{\"@type\":\"ReadAction\",\"target\":[\"https:\/\/www.champsblancstest.geek-tonic.dev\/fr\/caravaning-premium-agde\/\"]}]},{\"@type\":\"ImageObject\",\"inLanguage\":\"es\",\"@id\":\"https:\/\/www.champsblancstest.geek-tonic.dev\/fr\/caravaning-premium-agde\/#primaryimage\",\"url\":\"https:\/\/www.champsblancstest.geek-tonic.dev\/wp-content\/uploads\/2023\/09\/camping-agde-champs-blancs-Emplacement-sanitaire.jpg\",\"contentUrl\":\"https:\/\/www.champsblancstest.geek-tonic.dev\/wp-content\/uploads\/2023\/09\/camping-agde-champs-blancs-Emplacement-sanitaire.jpg\",\"width\":1600,\"height\":400,\"caption\":\"camping agde champs blancs Parcela sanitaria\"},{\"@type\":\"BreadcrumbList\",\"@id\":\"https:\/\/www.champsblancstest.geek-tonic.dev\/fr\/caravaning-premium-agde\/#breadcrumb\",\"itemListElement\":[{\"@type\":\"ListItem\",\"position\":1,\"name\":\"Acampar Cap d'Agde\",\"item\":\"https:\/\/www.champsblancstest.geek-tonic.dev\/fr\/\"},{\"@type\":\"ListItem\",\"position\":2,\"name\":\"Camping sanitario privado\"}]},{\"@type\":\"WebSite\",\"@id\":\"https:\/\/www.champsblancstest.geek-tonic.dev\/fr\/#website\",\"url\":\"https:\/\/www.champsblancstest.geek-tonic.dev\/fr\/\",\"name\":\"Les Champs Blancs\",\"description\":\"\",\"publisher\":{\"@id\":\"https:\/\/www.champsblancstest.geek-tonic.dev\/fr\/#organization\"},\"potentialAction\":[{\"@type\":\"SearchAction\",\"target\":{\"@type\":\"EntryPoint\",\"urlTemplate\":\"https:\/\/www.champsblancstest.geek-tonic.dev\/fr\/?s={search_term_string}\"},\"query-input\":\"required name=search_term_string\"}],\"inLanguage\":\"es\"},{\"@type\":\"Organization\",\"@id\":\"https:\/\/www.champsblancstest.geek-tonic.dev\/fr\/#organization\",\"name\":\"Les Champs Blancs\",\"url\":\"https:\/\/www.champsblancstest.geek-tonic.dev\/fr\/\",\"logo\":{\"@type\":\"ImageObject\",\"inLanguage\":\"es\",\"@id\":\"https:\/\/www.champsblancstest.geek-tonic.dev\/fr\/#\/schema\/logo\/image\/\",\"url\":\"https:\/\/www.champsblancstest.geek-tonic.dev\/wp-content\/uploads\/2023\/07\/logo-blanc-camping-les-champs-blancs.webp\",\"contentUrl\":\"https:\/\/www.champsblancstest.geek-tonic.dev\/wp-content\/uploads\/2023\/07\/logo-blanc-camping-les-champs-blancs.webp\",\"width\":821,\"height\":657,\"caption\":\"Les Champs Blancs\"},\"image\":{\"@id\":\"https:\/\/www.champsblancstest.geek-tonic.dev\/fr\/#\/schema\/logo\/image\/\"}}]}<\/script>\n<!-- \/ Yoast SEO plugin. -->","yoast_head_json":{"title":"Camping con sanitarios privados en parcela en H\u00e9rault : Parcela de lujo en Agde","description":"\u00bfSue\u00f1a con un camping con sanitarios privados en una parcela en Agde? Descubra las parcelas con instalaciones sanitarias de nuestro camping de 5 estrellas.","robots":{"index":"noindex","follow":"follow","max-snippet":"max-snippet:-1","max-image-preview":"max-image-preview:large","max-video-preview":"max-video-preview:-1"},"og_locale":"es_ES","og_type":"article","og_title":"Camping con sanitarios privados en parcela en H\u00e9rault : Parcela de lujo en Agde","og_description":"\u00bfSue\u00f1a con un camping con sanitarios privados en una parcela en Agde? Descubra las parcelas con instalaciones sanitarias de nuestro camping de 5 estrellas.","og_url":"https:\/\/www.champsblancstest.geek-tonic.dev\/fr\/caravaning-premium-agde\/","og_site_name":"Les Champs Blancs","article_modified_time":"2023-10-25T12:19:02+00:00","og_image":[{"width":1600,"height":400,"url":"https:\/\/www.champsblancstest.geek-tonic.dev\/wp-content\/uploads\/2023\/09\/camping-agde-champs-blancs-Emplacement-sanitaire.jpg","type":"image\/jpeg"}],"twitter_card":"summary_large_image","twitter_misc":{"Tiempo de lectura":"2 minutos"},"schema":{"@context":"https:\/\/schema.org","@graph":[{"@type":"WebPage","@id":"https:\/\/www.champsblancstest.geek-tonic.dev\/fr\/caravaning-premium-agde\/","url":"https:\/\/www.champsblancstest.geek-tonic.dev\/fr\/caravaning-premium-agde\/","name":"Camping con sanitarios privados en parcela en H\u00e9rault : Parcela de lujo en Agde","isPartOf":{"@id":"https:\/\/www.champsblancstest.geek-tonic.dev\/fr\/#website"},"primaryImageOfPage":{"@id":"https:\/\/www.champsblancstest.geek-tonic.dev\/fr\/caravaning-premium-agde\/#primaryimage"},"image":{"@id":"https:\/\/www.champsblancstest.geek-tonic.dev\/fr\/caravaning-premium-agde\/#primaryimage"},"thumbnailUrl":"https:\/\/www.champsblancstest.geek-tonic.dev\/wp-content\/uploads\/2023\/09\/camping-agde-champs-blancs-Emplacement-sanitaire.jpg","datePublished":"2023-10-19T10:09:09+00:00","dateModified":"2023-10-25T12:19:02+00:00","description":"\u00bfSue\u00f1a con un camping con sanitarios privados en una parcela en Agde? Descubra las parcelas con instalaciones sanitarias de nuestro camping de 5 estrellas.","breadcrumb":{"@id":"https:\/\/www.champsblancstest.geek-tonic.dev\/fr\/caravaning-premium-agde\/#breadcrumb"},"inLanguage":"es","potentialAction":[{"@type":"ReadAction","target":["https:\/\/www.champsblancstest.geek-tonic.dev\/fr\/caravaning-premium-agde\/"]}]},{"@type":"ImageObject","inLanguage":"es","@id":"https:\/\/www.champsblancstest.geek-tonic.dev\/fr\/caravaning-premium-agde\/#primaryimage","url":"https:\/\/www.champsblancstest.geek-tonic.dev\/wp-content\/uploads\/2023\/09\/camping-agde-champs-blancs-Emplacement-sanitaire.jpg","contentUrl":"https:\/\/www.champsblancstest.geek-tonic.dev\/wp-content\/uploads\/2023\/09\/camping-agde-champs-blancs-Emplacement-sanitaire.jpg","width":1600,"height":400,"caption":"camping agde champs blancs Parcela sanitaria"},{"@type":"BreadcrumbList","@id":"https:\/\/www.champsblancstest.geek-tonic.dev\/fr\/caravaning-premium-agde\/#breadcrumb","itemListElement":[{"@type":"ListItem","position":1,"name":"Acampar Cap d'Agde","item":"https:\/\/www.champsblancstest.geek-tonic.dev\/fr\/"},{"@type":"ListItem","position":2,"name":"Camping sanitario privado"}]},{"@type":"WebSite","@id":"https:\/\/www.champsblancstest.geek-tonic.dev\/fr\/#website","url":"https:\/\/www.champsblancstest.geek-tonic.dev\/fr\/","name":"Les Champs Blancs","description":"","publisher":{"@id":"https:\/\/www.champsblancstest.geek-tonic.dev\/fr\/#organization"},"potentialAction":[{"@type":"SearchAction","target":{"@type":"EntryPoint","urlTemplate":"https:\/\/www.champsblancstest.geek-tonic.dev\/fr\/?s={search_term_string}"},"query-input":"required name=search_term_string"}],"inLanguage":"es"},{"@type":"Organization","@id":"https:\/\/www.champsblancstest.geek-tonic.dev\/fr\/#organization","name":"Les Champs Blancs","url":"https:\/\/www.champsblancstest.geek-tonic.dev\/fr\/","logo":{"@type":"ImageObject","inLanguage":"es","@id":"https:\/\/www.champsblancstest.geek-tonic.dev\/fr\/#\/schema\/logo\/image\/","url":"https:\/\/www.champsblancstest.geek-tonic.dev\/wp-content\/uploads\/2023\/07\/logo-blanc-camping-les-champs-blancs.webp","contentUrl":"https:\/\/www.champsblancstest.geek-tonic.dev\/wp-content\/uploads\/2023\/07\/logo-blanc-camping-les-champs-blancs.webp","width":821,"height":657,"caption":"Les Champs Blancs"},"image":{"@id":"https:\/\/www.champsblancstest.geek-tonic.dev\/fr\/#\/schema\/logo\/image\/"}}]}},"_links":{"self":[{"href":"https:\/\/www.champsblancstest.geek-tonic.dev\/es\/wp-json\/wp\/v2\/pages\/10683","targetHints":{"allow":["GET"]}}],"collection":[{"href":"https:\/\/www.champsblancstest.geek-tonic.dev\/es\/wp-json\/wp\/v2\/pages"}],"about":[{"href":"https:\/\/www.champsblancstest.geek-tonic.dev\/es\/wp-json\/wp\/v2\/types\/page"}],"author":[{"embeddable":true,"href":"https:\/\/www.champsblancstest.geek-tonic.dev\/es\/wp-json\/wp\/v2\/users\/1"}],"replies":[{"embeddable":true,"href":"https:\/\/www.champsblancstest.geek-tonic.dev\/es\/wp-json\/wp\/v2\/comments?post=10683"}],"version-history":[{"count":3,"href":"https:\/\/www.champsblancstest.geek-tonic.dev\/es\/wp-json\/wp\/v2\/pages\/10683\/revisions"}],"predecessor-version":[{"id":11364,"href":"https:\/\/www.champsblancstest.geek-tonic.dev\/es\/wp-json\/wp\/v2\/pages\/10683\/revisions\/11364"}],"wp:featuredmedia":[{"embeddable":true,"href":"https:\/\/www.champsblancstest.geek-tonic.dev\/es\/wp-json\/wp\/v2\/media\/8429"}],"wp:attachment":[{"href":"https:\/\/www.champsblancstest.geek-tonic.dev\/es\/wp-json\/wp\/v2\/media?parent=10683"}],"wp:term":[{"taxonomy":"sujet","embeddable":true,"href":"https:\/\/www.champsblancstest.geek-tonic.dev\/es\/wp-json\/wp\/v2\/sujet?post=10683"}],"curies":[{"name":"wp","href":"https:\/\/api.w.org\/{rel}","templated":true}]}}