{"id":10718,"date":"2023-10-19T12:09:21","date_gmt":"2023-10-19T10:09:21","guid":{"rendered":"https:\/\/www.champsblancstest.geek-tonic.dev\/herault\/cap-d-agde\/"},"modified":"2023-11-15T15:24:50","modified_gmt":"2023-11-15T14:24:50","slug":"turismo-cap-agde","status":"publish","type":"page","link":"https:\/\/www.champsblancstest.geek-tonic.dev\/es\/herault\/turismo-cap-agde\/","title":{"rendered":"Cap d&#8217;Agde"},"content":{"rendered":"<section id=\"ls-section-block_dc3240cf09b4f29ad48979866ccf1de0\" class=\"ls-section  home-first page-one\" >\n        <div class=\"container container--full\">\n        \n\n<div class=\"wp-block-columns are-vertically-aligned-center is-layout-flex wp-container-core-columns-is-layout-9d6595d7 wp-block-columns-is-layout-flex\">\n<div class=\"wp-block-column is-vertically-aligned-center is-layout-flow wp-block-column-is-layout-flow\" style=\"flex-basis:53%\">\n<figure class=\"wp-block-gallery has-nested-images columns-default is-cropped animated fadeInLeft slow wp-block-gallery-1 is-layout-flex wp-block-gallery-is-layout-flex\">\n<figure class=\"wp-block-image size-full\"><a href=\"https:\/\/www.champsblancstest.geek-tonic.dev\/wp-content\/uploads\/2023\/10\/camping-plage-brescou-cap-agde-8.webp\"><img decoding=\"async\" width=\"1920\" height=\"1080\" data-id=\"10470\" src=\"https:\/\/www.champsblancstest.geek-tonic.dev\/wp-content\/uploads\/2023\/10\/camping-plage-brescou-cap-agde-8.webp\" alt=\"camping plage brescou cap agde\" class=\"wp-image-10470\" srcset=\"https:\/\/www.champsblancstest.geek-tonic.dev\/wp-content\/uploads\/2023\/10\/camping-plage-brescou-cap-agde-8.webp 1920w, https:\/\/www.champsblancstest.geek-tonic.dev\/wp-content\/uploads\/2023\/10\/camping-plage-brescou-cap-agde-8-300x169.webp 300w, https:\/\/www.champsblancstest.geek-tonic.dev\/wp-content\/uploads\/2023\/10\/camping-plage-brescou-cap-agde-8-1024x576.webp 1024w, https:\/\/www.champsblancstest.geek-tonic.dev\/wp-content\/uploads\/2023\/10\/camping-plage-brescou-cap-agde-8-768x432.webp 768w, https:\/\/www.champsblancstest.geek-tonic.dev\/wp-content\/uploads\/2023\/10\/camping-plage-brescou-cap-agde-8-1536x864.webp 1536w\" sizes=\"(max-width: 1920px) 100vw, 1920px\" \/><\/a><\/figure>\n<\/figure>\n<\/div>\n\n\n\n<div class=\"wp-block-column is-vertically-aligned-center is-layout-flow wp-block-column-is-layout-flow\" style=\"flex-basis:47%\">\n<h1 class=\"ls__heading wp-block-heading\">Turismo en Cap d&#8217;Agde<\/h1>\n\n\n\n<p class=\"ls-paragraph\">Situado a <strong>4 kil\u00f3metros<\/strong> de la legendaria estaci\u00f3n balnearia de <a href=\"https:\/\/www.champsblancstest.geek-tonic.dev\/es\/herault\/\">H\u00e9rault<\/a> Cap d&#8217;Agde tiene todos los ingredientes para alegrar unas vacaciones: hermosas playas de arena para deleite de ba\u00f1istas y aficionados a los deportes n\u00e1uticos, instalaciones de ocio de gran calidad, un abanico de actividades para grandes y peque\u00f1os, un bello patrimonio y carriles bici para que las familias recorran libremente el paseo mar\u00edtimo y el interior durante su estancia.  <strong>Turismo en Cap d&#8217;Agde<\/strong>. Desde el <a href=\"https:\/\/www.champsblancstest.geek-tonic.dev\/es\/\">camping Cap d&#8217;Agde<\/a>, podr\u00e1 pasear por el r\u00edo H\u00e9rault y el <strong>Canal du Midi<\/strong>.<\/p>\n<\/div>\n<\/div>\n\n\n    <\/div>\n<\/section>\n\n<section id=\"ls-section-block_5872f198078ee70aa4bf1b158902b665\" class=\"ls-section  home-first page-two\" >\n        <div class=\"container container--full\">\n        \n\n<div class=\"wp-block-columns are-vertically-aligned-center is-layout-flex wp-container-core-columns-is-layout-9d6595d7 wp-block-columns-is-layout-flex\">\n<div class=\"wp-block-column is-vertically-aligned-center is-layout-flow wp-block-column-is-layout-flow\" style=\"flex-basis:47%\">\n<h2 class=\"ls__heading wp-block-heading\">  Las playas de Cap d&#8217;Agde<\/h2>\n\n\n\n<p class=\"ls-paragraph\">Con sus 14 km de <a href=\"https:\/\/www.champsblancstest.geek-tonic.dev\/es\/camping-junto-al-mar-cap-agde\/\">playas cercanas al camping<\/a> y su suave clima mediterr\u00e1neo, Cap d&#8217;Agde es <strong>una atractiva estaci\u00f3n balnearia<\/strong>. Desde la playa de la Baie de l&#8217;Amiti\u00e9 hasta la <a href=\"https:\/\/www.champsblancstest.geek-tonic.dev\/fr\/articles\/le-naturisme-au-cap-dagde\/\">playa naturista<\/a> y la playa de arena negra de la Grande Conque, el municipio alberga 9 playas divididas por el antiguo puerto. No olvide visitarlas todas cuando visite <strong>Cap d&#8217;Agde turismo<\/strong>.<\/p>\n\n\n\n<p class=\"ls-paragraph\">Al oeste del puerto, en direcci\u00f3n a Le Grau d&#8217;Agde, encontrar\u00e1 <strong>3 playas de arena<\/strong> fina: Richelieu (la m\u00e1s grande, muy frecuentada por familias), Rochelongue y Baie de l&#8217;Amiti\u00e9. Todos est\u00e1n bien equipados (aparcamientos, restaurantes, puestos de vigilancia, duchas, vestuarios) y comunicados por senderos muy agradables.<\/p>\n\n\n\n<p class=\"ls-paragraph\">En el lado este, hacia Marseillan, encontrar\u00e1 La Plagette, La Grande Conque, La Plage des Falaises, La Plage du M\u00f4le, La Plage de la Roquille y La Plage Naturiste. El Grande Conque, el m\u00e1s original, est\u00e1 protegido por altos acantilados volc\u00e1nicos. Si busca una cala discreta y alejada de las aglomeraciones veraniegas, <strong>la playa de Les Falaises<\/strong> es el lugar ideal.<\/p>\n<\/div>\n\n\n\n<div class=\"wp-block-column is-vertically-aligned-center is-layout-flow wp-block-column-is-layout-flow\" style=\"flex-basis:53%\">\n<figure class=\"wp-block-gallery has-nested-images columns-default is-cropped animated fadeInRight slow delay-200ms wp-block-gallery-2 is-layout-flex wp-block-gallery-is-layout-flex\">\n<figure class=\"wp-block-image size-full\"><a href=\"https:\/\/www.champsblancstest.geek-tonic.dev\/wp-content\/uploads\/2023\/09\/camping-cap-agde-4.webp\"><img decoding=\"async\" width=\"2560\" height=\"1920\" data-id=\"8992\" src=\"https:\/\/www.champsblancstest.geek-tonic.dev\/wp-content\/uploads\/2023\/09\/camping-cap-agde-4.webp\" alt=\"camping cap agde 4\" class=\"wp-image-8992\" srcset=\"https:\/\/www.champsblancstest.geek-tonic.dev\/wp-content\/uploads\/2023\/09\/camping-cap-agde-4.webp 2560w, https:\/\/www.champsblancstest.geek-tonic.dev\/wp-content\/uploads\/2023\/09\/camping-cap-agde-4-300x225.webp 300w, https:\/\/www.champsblancstest.geek-tonic.dev\/wp-content\/uploads\/2023\/09\/camping-cap-agde-4-1024x768.webp 1024w, https:\/\/www.champsblancstest.geek-tonic.dev\/wp-content\/uploads\/2023\/09\/camping-cap-agde-4-768x576.webp 768w, https:\/\/www.champsblancstest.geek-tonic.dev\/wp-content\/uploads\/2023\/09\/camping-cap-agde-4-1536x1152.webp 1536w, https:\/\/www.champsblancstest.geek-tonic.dev\/wp-content\/uploads\/2023\/09\/camping-cap-agde-4-2048x1536.webp 2048w\" sizes=\"(max-width: 2560px) 100vw, 2560px\" \/><\/a><\/figure>\n<\/figure>\n<\/div>\n<\/div>\n\n\n    <\/div>\n<\/section>\n\n<section id=\"ls-section-block_dc3240cf09b4f29ad48979866ccf1de0\" class=\"ls-section  home-first page-one\" >\n        <div class=\"container container--full\">\n        \n\n<div class=\"wp-block-columns are-vertically-aligned-center is-layout-flex wp-container-core-columns-is-layout-9d6595d7 wp-block-columns-is-layout-flex\">\n<div class=\"wp-block-column is-vertically-aligned-center is-layout-flow wp-block-column-is-layout-flow\" style=\"flex-basis:53%\">\n<figure class=\"wp-block-gallery has-nested-images columns-default is-cropped animated fadeInLeft slow wp-block-gallery-3 is-layout-flex wp-block-gallery-is-layout-flex\">\n<figure class=\"wp-block-image size-full\"><a href=\"https:\/\/www.champsblancstest.geek-tonic.dev\/wp-content\/uploads\/2023\/10\/camping-plage-brescou-cap-agde-13.webp\"><img decoding=\"async\" width=\"1920\" height=\"1080\" data-id=\"10495\" src=\"https:\/\/www.champsblancstest.geek-tonic.dev\/wp-content\/uploads\/2023\/10\/camping-plage-brescou-cap-agde-13.webp\" alt=\"camping plage brescou cap agde\" class=\"wp-image-10495\" srcset=\"https:\/\/www.champsblancstest.geek-tonic.dev\/wp-content\/uploads\/2023\/10\/camping-plage-brescou-cap-agde-13.webp 1920w, https:\/\/www.champsblancstest.geek-tonic.dev\/wp-content\/uploads\/2023\/10\/camping-plage-brescou-cap-agde-13-300x169.webp 300w, https:\/\/www.champsblancstest.geek-tonic.dev\/wp-content\/uploads\/2023\/10\/camping-plage-brescou-cap-agde-13-1024x576.webp 1024w, https:\/\/www.champsblancstest.geek-tonic.dev\/wp-content\/uploads\/2023\/10\/camping-plage-brescou-cap-agde-13-768x432.webp 768w, https:\/\/www.champsblancstest.geek-tonic.dev\/wp-content\/uploads\/2023\/10\/camping-plage-brescou-cap-agde-13-1536x864.webp 1536w\" sizes=\"(max-width: 1920px) 100vw, 1920px\" \/><\/a><\/figure>\n<\/figure>\n<\/div>\n\n\n\n<div class=\"wp-block-column is-vertically-aligned-center is-layout-flow wp-block-column-is-layout-flow\" style=\"flex-basis:47%\">\n<h2 class=\"ls__heading wp-block-heading\">5 actividades imprescindibles en Cap d&#8217;Agde<\/h2>\n\n\n\n<ul class=\"ls-list wp-block-list\">\n<li><strong>Deportes n\u00e1uticos: <\/strong>las playas de Cap d&#8217;Agde albergan varios centros de deportes n\u00e1uticos. Desde alquiler de kayaks a clases de windsurf, podr\u00e1 disfrutar de diversos deportes acu\u00e1ticos: stand-up paddle, vela, submarinismo, esqu\u00ed acu\u00e1tico, moto acu\u00e1tica, pesca y paseos mar\u00edtimos&#8230;  paseos mar\u00edtimos  para ver los acantilados volc\u00e1nicos y acercarse a los  Fuerte de Brescou visible desde el puerto cuando  <strong>visita a Cap d&#8217;Agde<\/strong>.<br><\/li>\n\n\n\n<li><strong>Pase un d\u00eda en Aqualand<\/strong>: La estaci\u00f3n cuenta con una zona de juegos en la costa mediterr\u00e1nea, la \u00cele aux Loisirs, con varios parques tem\u00e1ticos, entre ellos uno de los principales parques acu\u00e1ticos del sur de Francia: Aqualand. Las 14 atracciones para grandes y peque\u00f1os alternan emociones para aventureros como el Black Hole y el Boomerang, con zonas pensadas para los m\u00e1s peque\u00f1os como Children Paradise. Como en todos los parques Aqualand, las atracciones se dividen en varias categor\u00edas: \u00abFamilia\u00bb, \u00abSensaciones\u00bb e \u00abInfantil\u00bb. Encontrar\u00e1s todas las instalaciones necesarias para pasar un gran d\u00eda en familia (tienda, bar-restaurante, vestuarios, aparcamiento, solarium, etc.).<br><\/li>\n\n\n\n<li><strong>Coge el trenecito :  <\/strong>Si busca una alternativa original a recorrer el centro de la ciudad y la costa en bicicleta, s\u00fabase a bordo del  Peque\u00f1o tren de Cap d&#8217;Agde  \u00a1! La encantadora locomotora de vapor ofrece a los pasajeros tres rutas con varios horarios de salida al d\u00eda: Cap d&#8217;Agde Ouest, Cap d&#8217;Agde Est y la subida al Mont Saint-Loup, sin duda la m\u00e1s impresionante con sus vistas despejadas sobre el Etang de Thau, la Camarga y el Mediterr\u00e1neo.<br><\/li>\n\n\n\n<li><strong>Ir <\/strong>al Luna Park <strong>y probar suerte en el golf: <\/strong>el parque tem\u00e1tico Luna Park, el casino y el campo de golf internacional de 27 hoyos tambi\u00e9n figuran entre los principales lugares de ocio de Cap d&#8217;Agde.<\/li>\n<\/ul>\n\n\n\n<p class=\"ls-paragraph\">M\u00e1s <a href=\"https:\/\/www.capdagde.com\/\" target=\"_blank\" rel=\"noreferrer noopener\">informaci\u00f3n tur\u00edstica sobre Cap d&#8217;Agde<\/a>.<\/p>\n<\/div>\n<\/div>\n\n\n    <\/div>\n<\/section>\n\n<section id=\"ls-section-block_c2f03c744128dcd8a6b0b987ca22a053\" class=\"ls-section  page-four animated fadeInUp slow delay-100ms\" >\n        <div class=\"container container--wide\">\n        \n\n<div id=\"ls-heading ls-titre-div-block_ccd7e34db994ac0d221fdd9580836957\" class=\"ls-titre-div aligncenter h2-like\" >\n    Tambi\u00e9n est\u00e1 cerca de Cap d&#8217;Agde<\/div>\n\n\n<div id=\"ls-maillage-block_30c57315f08c740e87915996f55abb32\" class=\"ls-maillage cta-style-normal\" data-rows=\"3\">\n    <div class=\"wp-block-columns\"><div class=\"wp-block-column\"><div class=\"ls-cta\">\n\n<a href=\"https:\/\/www.champsblancstest.geek-tonic.dev\/es\/herault\/vias\/\" target=\"\" rel=\"noopener\" class=\"ls-cta__link\">\n\n\t<div class=\"ls-cta__image\"><img decoding=\"async\" src=\"https:\/\/www.champsblancstest.geek-tonic.dev\/wp-content\/uploads\/2023\/09\/camping-vias-plage-6-768x512.webp\" alt=\"camping vias plage 6\"><\/div>\n\t<div class=\"ls-cta__title\">\n\t\t<span class=\"champs-blancs-coin-droit\"><\/span>\n\t\tV\u00edas\t\t<span class=\"champs-blancs-arrow-down\"><\/span>\n\t<\/div>\n\n\t\n<\/a><\/div><\/div><div class=\"wp-block-column\"><div class=\"ls-cta\">\n\n<a href=\"https:\/\/www.champsblancstest.geek-tonic.dev\/es\/herault\/turismo-agde\/\" target=\"\" rel=\"noopener\" class=\"ls-cta__link\">\n\n\t<div class=\"ls-cta__image\"><img decoding=\"async\" src=\"https:\/\/www.champsblancstest.geek-tonic.dev\/wp-content\/uploads\/2023\/09\/camping-agde-5-768x512.webp\" alt=\"camping agde 5\"><\/div>\n\t<div class=\"ls-cta__title\">\n\t\t<span class=\"champs-blancs-coin-droit\"><\/span>\n\t\tAgde\t\t<span class=\"champs-blancs-arrow-down\"><\/span>\n\t<\/div>\n\n\t\n<\/a><\/div><\/div><div class=\"wp-block-column\"><div class=\"ls-cta\">\n\n<a href=\"https:\/\/www.champsblancstest.geek-tonic.dev\/es\/herault\/marseillan\/\" target=\"\" rel=\"noopener\" class=\"ls-cta__link\">\n\n\t<div class=\"ls-cta__image\"><img decoding=\"async\" src=\"https:\/\/www.champsblancstest.geek-tonic.dev\/wp-content\/uploads\/2023\/09\/camping-marseillan-1-768x512.webp\" alt=\"camping marseillan 1\"><\/div>\n\t<div class=\"ls-cta__title\">\n\t\t<span class=\"champs-blancs-coin-droit\"><\/span>\n\t\tMarseillan\t\t<span class=\"champs-blancs-arrow-down\"><\/span>\n\t<\/div>\n\n\t\n<\/a><\/div><\/div><\/div><\/div>\n\n    <\/div>\n<\/section>","protected":false},"excerpt":{"rendered":"","protected":false},"author":1,"featured_media":9022,"parent":10661,"menu_order":0,"comment_status":"closed","ping_status":"closed","template":"","meta":{"_acf_changed":false,"footnotes":""},"sujet":[],"class_list":["post-10718","page","type-page","status-publish","has-post-thumbnail","hentry"],"acf":[],"yoast_head":"<!-- This site is optimized with the Yoast SEO plugin v22.6 - https:\/\/yoast.com\/wordpress\/plugins\/seo\/ -->\n<title>Cap d&#039;Agde turismo | Actividades, visitas y lugares de inter\u00e9s en Cap d&#039;Agde<\/title>\n<meta name=\"description\" content=\"\u00bfDesea hacer turismo en Cap d&#039;Agde durante sus vacaciones? \u00a1Descubra las mejores actividades, visitas y lugares de inter\u00e9s!\" \/>\n<meta name=\"robots\" content=\"noindex, follow, max-snippet:-1, max-image-preview:large, max-video-preview:-1\" \/>\n<meta property=\"og:locale\" content=\"es_ES\" \/>\n<meta property=\"og:type\" content=\"article\" \/>\n<meta property=\"og:title\" content=\"Cap d&#039;Agde turismo | Actividades, visitas y lugares de inter\u00e9s en Cap d&#039;Agde\" \/>\n<meta property=\"og:description\" content=\"\u00bfDesea hacer turismo en Cap d&#039;Agde durante sus vacaciones? \u00a1Descubra las mejores actividades, visitas y lugares de inter\u00e9s!\" \/>\n<meta property=\"og:url\" content=\"https:\/\/www.champsblancstest.geek-tonic.dev\/fr\/herault\/cap-d-agde\/\" \/>\n<meta property=\"og:site_name\" content=\"Les Champs Blancs\" \/>\n<meta property=\"article:modified_time\" content=\"2023-11-15T14:24:50+00:00\" \/>\n<meta property=\"og:image\" content=\"https:\/\/www.champsblancstest.geek-tonic.dev\/wp-content\/uploads\/2023\/09\/camping-cap-agde-2.webp\" \/>\n\t<meta property=\"og:image:width\" content=\"2048\" \/>\n\t<meta property=\"og:image:height\" content=\"1536\" \/>\n\t<meta property=\"og:image:type\" content=\"image\/webp\" \/>\n<meta name=\"twitter:card\" content=\"summary_large_image\" \/>\n<script type=\"application\/ld+json\" class=\"yoast-schema-graph\">{\"@context\":\"https:\/\/schema.org\",\"@graph\":[{\"@type\":\"WebPage\",\"@id\":\"https:\/\/www.champsblancstest.geek-tonic.dev\/fr\/herault\/cap-d-agde\/\",\"url\":\"https:\/\/www.champsblancstest.geek-tonic.dev\/fr\/herault\/cap-d-agde\/\",\"name\":\"Cap d'Agde turismo | Actividades, visitas y lugares de inter\u00e9s en Cap d'Agde\",\"isPartOf\":{\"@id\":\"https:\/\/www.champsblancstest.geek-tonic.dev\/fr\/#website\"},\"primaryImageOfPage\":{\"@id\":\"https:\/\/www.champsblancstest.geek-tonic.dev\/fr\/herault\/cap-d-agde\/#primaryimage\"},\"image\":{\"@id\":\"https:\/\/www.champsblancstest.geek-tonic.dev\/fr\/herault\/cap-d-agde\/#primaryimage\"},\"thumbnailUrl\":\"https:\/\/www.champsblancstest.geek-tonic.dev\/wp-content\/uploads\/2023\/09\/camping-cap-agde-2.webp\",\"datePublished\":\"2023-10-19T10:09:21+00:00\",\"dateModified\":\"2023-11-15T14:24:50+00:00\",\"description\":\"\u00bfDesea hacer turismo en Cap d'Agde durante sus vacaciones? \u00a1Descubra las mejores actividades, visitas y lugares de inter\u00e9s!\",\"breadcrumb\":{\"@id\":\"https:\/\/www.champsblancstest.geek-tonic.dev\/fr\/herault\/cap-d-agde\/#breadcrumb\"},\"inLanguage\":\"es\",\"potentialAction\":[{\"@type\":\"ReadAction\",\"target\":[\"https:\/\/www.champsblancstest.geek-tonic.dev\/fr\/herault\/cap-d-agde\/\"]}]},{\"@type\":\"ImageObject\",\"inLanguage\":\"es\",\"@id\":\"https:\/\/www.champsblancstest.geek-tonic.dev\/fr\/herault\/cap-d-agde\/#primaryimage\",\"url\":\"https:\/\/www.champsblancstest.geek-tonic.dev\/wp-content\/uploads\/2023\/09\/camping-cap-agde-2.webp\",\"contentUrl\":\"https:\/\/www.champsblancstest.geek-tonic.dev\/wp-content\/uploads\/2023\/09\/camping-cap-agde-2.webp\",\"width\":2048,\"height\":1536,\"caption\":\"camping cap agde 2\"},{\"@type\":\"BreadcrumbList\",\"@id\":\"https:\/\/www.champsblancstest.geek-tonic.dev\/fr\/herault\/cap-d-agde\/#breadcrumb\",\"itemListElement\":[{\"@type\":\"ListItem\",\"position\":1,\"name\":\"Acampar Cap d'Agde\",\"item\":\"https:\/\/www.champsblancstest.geek-tonic.dev\/fr\/\"},{\"@type\":\"ListItem\",\"position\":2,\"name\":\"Descubrir Herault\",\"item\":\"https:\/\/www.champsblancstest.geek-tonic.dev\/fr\/herault\/\"},{\"@type\":\"ListItem\",\"position\":3,\"name\":\"Cap d'Agde\"}]},{\"@type\":\"WebSite\",\"@id\":\"https:\/\/www.champsblancstest.geek-tonic.dev\/fr\/#website\",\"url\":\"https:\/\/www.champsblancstest.geek-tonic.dev\/fr\/\",\"name\":\"Les Champs Blancs\",\"description\":\"\",\"publisher\":{\"@id\":\"https:\/\/www.champsblancstest.geek-tonic.dev\/fr\/#organization\"},\"potentialAction\":[{\"@type\":\"SearchAction\",\"target\":{\"@type\":\"EntryPoint\",\"urlTemplate\":\"https:\/\/www.champsblancstest.geek-tonic.dev\/fr\/?s={search_term_string}\"},\"query-input\":\"required name=search_term_string\"}],\"inLanguage\":\"es\"},{\"@type\":\"Organization\",\"@id\":\"https:\/\/www.champsblancstest.geek-tonic.dev\/fr\/#organization\",\"name\":\"Les Champs Blancs\",\"url\":\"https:\/\/www.champsblancstest.geek-tonic.dev\/fr\/\",\"logo\":{\"@type\":\"ImageObject\",\"inLanguage\":\"es\",\"@id\":\"https:\/\/www.champsblancstest.geek-tonic.dev\/fr\/#\/schema\/logo\/image\/\",\"url\":\"https:\/\/www.champsblancstest.geek-tonic.dev\/wp-content\/uploads\/2023\/07\/logo-blanc-camping-les-champs-blancs.webp\",\"contentUrl\":\"https:\/\/www.champsblancstest.geek-tonic.dev\/wp-content\/uploads\/2023\/07\/logo-blanc-camping-les-champs-blancs.webp\",\"width\":821,\"height\":657,\"caption\":\"Les Champs Blancs\"},\"image\":{\"@id\":\"https:\/\/www.champsblancstest.geek-tonic.dev\/fr\/#\/schema\/logo\/image\/\"}}]}<\/script>\n<!-- \/ Yoast SEO plugin. -->","yoast_head_json":{"title":"Cap d'Agde turismo | Actividades, visitas y lugares de inter\u00e9s en Cap d'Agde","description":"\u00bfDesea hacer turismo en Cap d'Agde durante sus vacaciones? \u00a1Descubra las mejores actividades, visitas y lugares de inter\u00e9s!","robots":{"index":"noindex","follow":"follow","max-snippet":"max-snippet:-1","max-image-preview":"max-image-preview:large","max-video-preview":"max-video-preview:-1"},"og_locale":"es_ES","og_type":"article","og_title":"Cap d'Agde turismo | Actividades, visitas y lugares de inter\u00e9s en Cap d'Agde","og_description":"\u00bfDesea hacer turismo en Cap d'Agde durante sus vacaciones? \u00a1Descubra las mejores actividades, visitas y lugares de inter\u00e9s!","og_url":"https:\/\/www.champsblancstest.geek-tonic.dev\/fr\/herault\/cap-d-agde\/","og_site_name":"Les Champs Blancs","article_modified_time":"2023-11-15T14:24:50+00:00","og_image":[{"width":2048,"height":1536,"url":"https:\/\/www.champsblancstest.geek-tonic.dev\/wp-content\/uploads\/2023\/09\/camping-cap-agde-2.webp","type":"image\/webp"}],"twitter_card":"summary_large_image","schema":{"@context":"https:\/\/schema.org","@graph":[{"@type":"WebPage","@id":"https:\/\/www.champsblancstest.geek-tonic.dev\/fr\/herault\/cap-d-agde\/","url":"https:\/\/www.champsblancstest.geek-tonic.dev\/fr\/herault\/cap-d-agde\/","name":"Cap d'Agde turismo | Actividades, visitas y lugares de inter\u00e9s en Cap d'Agde","isPartOf":{"@id":"https:\/\/www.champsblancstest.geek-tonic.dev\/fr\/#website"},"primaryImageOfPage":{"@id":"https:\/\/www.champsblancstest.geek-tonic.dev\/fr\/herault\/cap-d-agde\/#primaryimage"},"image":{"@id":"https:\/\/www.champsblancstest.geek-tonic.dev\/fr\/herault\/cap-d-agde\/#primaryimage"},"thumbnailUrl":"https:\/\/www.champsblancstest.geek-tonic.dev\/wp-content\/uploads\/2023\/09\/camping-cap-agde-2.webp","datePublished":"2023-10-19T10:09:21+00:00","dateModified":"2023-11-15T14:24:50+00:00","description":"\u00bfDesea hacer turismo en Cap d'Agde durante sus vacaciones? \u00a1Descubra las mejores actividades, visitas y lugares de inter\u00e9s!","breadcrumb":{"@id":"https:\/\/www.champsblancstest.geek-tonic.dev\/fr\/herault\/cap-d-agde\/#breadcrumb"},"inLanguage":"es","potentialAction":[{"@type":"ReadAction","target":["https:\/\/www.champsblancstest.geek-tonic.dev\/fr\/herault\/cap-d-agde\/"]}]},{"@type":"ImageObject","inLanguage":"es","@id":"https:\/\/www.champsblancstest.geek-tonic.dev\/fr\/herault\/cap-d-agde\/#primaryimage","url":"https:\/\/www.champsblancstest.geek-tonic.dev\/wp-content\/uploads\/2023\/09\/camping-cap-agde-2.webp","contentUrl":"https:\/\/www.champsblancstest.geek-tonic.dev\/wp-content\/uploads\/2023\/09\/camping-cap-agde-2.webp","width":2048,"height":1536,"caption":"camping cap agde 2"},{"@type":"BreadcrumbList","@id":"https:\/\/www.champsblancstest.geek-tonic.dev\/fr\/herault\/cap-d-agde\/#breadcrumb","itemListElement":[{"@type":"ListItem","position":1,"name":"Acampar Cap d'Agde","item":"https:\/\/www.champsblancstest.geek-tonic.dev\/fr\/"},{"@type":"ListItem","position":2,"name":"Descubrir Herault","item":"https:\/\/www.champsblancstest.geek-tonic.dev\/fr\/herault\/"},{"@type":"ListItem","position":3,"name":"Cap d'Agde"}]},{"@type":"WebSite","@id":"https:\/\/www.champsblancstest.geek-tonic.dev\/fr\/#website","url":"https:\/\/www.champsblancstest.geek-tonic.dev\/fr\/","name":"Les Champs Blancs","description":"","publisher":{"@id":"https:\/\/www.champsblancstest.geek-tonic.dev\/fr\/#organization"},"potentialAction":[{"@type":"SearchAction","target":{"@type":"EntryPoint","urlTemplate":"https:\/\/www.champsblancstest.geek-tonic.dev\/fr\/?s={search_term_string}"},"query-input":"required name=search_term_string"}],"inLanguage":"es"},{"@type":"Organization","@id":"https:\/\/www.champsblancstest.geek-tonic.dev\/fr\/#organization","name":"Les Champs Blancs","url":"https:\/\/www.champsblancstest.geek-tonic.dev\/fr\/","logo":{"@type":"ImageObject","inLanguage":"es","@id":"https:\/\/www.champsblancstest.geek-tonic.dev\/fr\/#\/schema\/logo\/image\/","url":"https:\/\/www.champsblancstest.geek-tonic.dev\/wp-content\/uploads\/2023\/07\/logo-blanc-camping-les-champs-blancs.webp","contentUrl":"https:\/\/www.champsblancstest.geek-tonic.dev\/wp-content\/uploads\/2023\/07\/logo-blanc-camping-les-champs-blancs.webp","width":821,"height":657,"caption":"Les Champs Blancs"},"image":{"@id":"https:\/\/www.champsblancstest.geek-tonic.dev\/fr\/#\/schema\/logo\/image\/"}}]}},"_links":{"self":[{"href":"https:\/\/www.champsblancstest.geek-tonic.dev\/es\/wp-json\/wp\/v2\/pages\/10718","targetHints":{"allow":["GET"]}}],"collection":[{"href":"https:\/\/www.champsblancstest.geek-tonic.dev\/es\/wp-json\/wp\/v2\/pages"}],"about":[{"href":"https:\/\/www.champsblancstest.geek-tonic.dev\/es\/wp-json\/wp\/v2\/types\/page"}],"author":[{"embeddable":true,"href":"https:\/\/www.champsblancstest.geek-tonic.dev\/es\/wp-json\/wp\/v2\/users\/1"}],"replies":[{"embeddable":true,"href":"https:\/\/www.champsblancstest.geek-tonic.dev\/es\/wp-json\/wp\/v2\/comments?post=10718"}],"version-history":[{"count":8,"href":"https:\/\/www.champsblancstest.geek-tonic.dev\/es\/wp-json\/wp\/v2\/pages\/10718\/revisions"}],"predecessor-version":[{"id":15728,"href":"https:\/\/www.champsblancstest.geek-tonic.dev\/es\/wp-json\/wp\/v2\/pages\/10718\/revisions\/15728"}],"up":[{"embeddable":true,"href":"https:\/\/www.champsblancstest.geek-tonic.dev\/es\/wp-json\/wp\/v2\/pages\/10661"}],"wp:featuredmedia":[{"embeddable":true,"href":"https:\/\/www.champsblancstest.geek-tonic.dev\/es\/wp-json\/wp\/v2\/media\/9022"}],"wp:attachment":[{"href":"https:\/\/www.champsblancstest.geek-tonic.dev\/es\/wp-json\/wp\/v2\/media?parent=10718"}],"wp:term":[{"taxonomy":"sujet","embeddable":true,"href":"https:\/\/www.champsblancstest.geek-tonic.dev\/es\/wp-json\/wp\/v2\/sujet?post=10718"}],"curies":[{"name":"wp","href":"https:\/\/api.w.org\/{rel}","templated":true}]}}