{"id":10785,"date":"2023-10-19T12:10:08","date_gmt":"2023-10-19T10:10:08","guid":{"rendered":"https:\/\/www.champsblancstest.geek-tonic.dev\/camping-acsi\/"},"modified":"2023-10-25T14:21:06","modified_gmt":"2023-10-25T12:21:06","slug":"camping-acsi","status":"publish","type":"page","link":"https:\/\/www.champsblancstest.geek-tonic.dev\/es\/camping-acsi\/","title":{"rendered":"Camping ACSI en Agde"},"content":{"rendered":"<section id=\"ls-section-block_bdcac59e52d96c6c03352b8dc853d24e\" class=\"ls-section  home-first page-one\" >\n        <div class=\"container container--full\">\n        \n\n<div class=\"wp-block-columns are-vertically-aligned-center is-layout-flex wp-container-core-columns-is-layout-9d6595d7 wp-block-columns-is-layout-flex\">\n<div class=\"wp-block-column is-vertically-aligned-center is-layout-flow wp-block-column-is-layout-flow\" style=\"flex-basis:53%\">\n<figure class=\"wp-block-gallery has-nested-images columns-default is-cropped animated fadeInLeft slow wp-block-gallery-1 is-layout-flex wp-block-gallery-is-layout-flex\">\n<figure class=\"wp-block-image size-full\"><a href=\"https:\/\/www.champsblancstest.geek-tonic.dev\/wp-content\/uploads\/2023\/10\/camping-resort-les-champs-blancs151.webp\"><img decoding=\"async\" width=\"1280\" height=\"1707\" data-id=\"9938\" src=\"https:\/\/www.champsblancstest.geek-tonic.dev\/wp-content\/uploads\/2023\/10\/camping-resort-les-champs-blancs151-edited.webp\" alt=\"camping resort les champs blancs 151\" class=\"wp-image-9938\" srcset=\"https:\/\/www.champsblancstest.geek-tonic.dev\/wp-content\/uploads\/2023\/10\/camping-resort-les-champs-blancs151-edited.webp 1280w, https:\/\/www.champsblancstest.geek-tonic.dev\/wp-content\/uploads\/2023\/10\/camping-resort-les-champs-blancs151-edited-225x300.webp 225w, https:\/\/www.champsblancstest.geek-tonic.dev\/wp-content\/uploads\/2023\/10\/camping-resort-les-champs-blancs151-edited-768x1024.webp 768w, https:\/\/www.champsblancstest.geek-tonic.dev\/wp-content\/uploads\/2023\/10\/camping-resort-les-champs-blancs151-edited-1152x1536.webp 1152w\" sizes=\"(max-width: 1280px) 100vw, 1280px\" \/><\/a><\/figure>\n<\/figure>\n<\/div>\n\n\n\n<div class=\"wp-block-column is-vertically-aligned-center is-layout-flow wp-block-column-is-layout-flow\" style=\"flex-basis:47%\">\n<h1 class=\"ls__heading wp-block-heading\">Camping ACSI <strong>en Cap d&#8217;Agde<\/strong><\/h1>\n\n\n\n<p class=\"ls-paragraph\"><a href=\"https:\/\/www.champsblancstest.geek-tonic.dev\/es\/\">El camping 5 estrellas Les Champs Blancs<\/a> es acogedor tanto en temporada alta como baja, gracias a sus numerosas instalaciones y a su ubicaci\u00f3n ideal cerca de las playas. Los veraneantes con <strong>tarjeta ACSI<\/strong> pueden beneficiarse <a href=\"https:\/\/www.champsblancstest.geek-tonic.dev\/es\/camping-barato-agde\/\">de ofertas especiales en Les Champs Blancs<\/a>: \u00a1reserve ahora en nuestro camping familiar de Cap d&#8217;Agde!<\/p>\n<\/div>\n<\/div>\n\n\n    <\/div>\n<\/section><section id=\"ls-section-block_0d227f1a79012be2909c8014b12b18cc\" class=\"ls-section  home-first page-two\" >\n        <div class=\"container container--full\">\n        \n\n<div class=\"wp-block-columns are-vertically-aligned-center is-layout-flex wp-container-core-columns-is-layout-9d6595d7 wp-block-columns-is-layout-flex\">\n<div class=\"wp-block-column is-vertically-aligned-center is-layout-flow wp-block-column-is-layout-flow\" style=\"flex-basis:47%\">\n<h2 class=\"ls__heading wp-block-heading\">\u00bfQu\u00e9 es un camping ACSI?<\/h2>\n\n\n\n<p class=\"ls-paragraph\"><strong>ACSI<\/strong>, especialista europeo en campings, publica anualmente una prestigiosa gu\u00eda de los campings m\u00e1s bonitos junto al mar y en plena naturaleza.  La <strong>CampingCard ACSI<\/strong> tambi\u00e9n es ofrecida por la gu\u00eda: se trata de una tarjeta de descuento para la temporada baja, que le permite beneficiarse de descuentos de hasta el 60% en vacaciones de camping, a trav\u00e9s de <strong>5 tarifas ACSI muy ventajosas<\/strong> (fijadas en funci\u00f3n de la gama del camping).  <strong>Con la tarjeta ACSI<\/strong>, hasta 3 ni\u00f1os menores de 6 a\u00f1os pueden alojarse gratis en una amplia selecci\u00f3n de campings de Francia y Europa. La tarjeta cuesta 12,95 euros: es v\u00e1lida durante un a\u00f1o para dos adultos, y el coste puede amortizarse desde la primera estancia. La CampingCard puede utilizarse en los campings que figuran en <strong>la gu\u00eda de ACSI<\/strong> y que han sido seleccionados por la calidad de sus servicios. La lista de campings afiliados est\u00e1 disponible en la gu\u00eda en papel, en el sitio web de ACSI y en la aplicaci\u00f3n m\u00f3vil. <strong>Un camping ACSI<\/strong> garantiza a los veraneantes una acogida especial fuera de temporada, con la mayor\u00eda de las instalaciones de ocio disponibles.<\/p>\n<\/div>\n\n\n\n<div class=\"wp-block-column is-vertically-aligned-center is-layout-flow wp-block-column-is-layout-flow\" style=\"flex-basis:53%\">\n<figure class=\"wp-block-gallery aligncenter has-nested-images columns-default is-cropped animated fadeInRight slow delay-200ms wp-block-gallery-2 is-layout-flex wp-block-gallery-is-layout-flex\"><div class=\"wp-block-image\">\n<figure class=\"aligncenter size-full\"><a href=\"https:\/\/www.champsblancstest.geek-tonic.dev\/wp-content\/uploads\/2023\/10\/camping-les-champs-blancs14-scaled.webp\"><img decoding=\"async\" width=\"2560\" height=\"1380\" data-id=\"9914\" src=\"https:\/\/www.champsblancstest.geek-tonic.dev\/wp-content\/uploads\/2023\/10\/camping-les-champs-blancs14-scaled.webp\" alt=\"camping les champs blancs14\" class=\"wp-image-9914\" style=\"object-fit:contain\" srcset=\"https:\/\/www.champsblancstest.geek-tonic.dev\/wp-content\/uploads\/2023\/10\/camping-les-champs-blancs14-scaled.webp 2560w, https:\/\/www.champsblancstest.geek-tonic.dev\/wp-content\/uploads\/2023\/10\/camping-les-champs-blancs14-300x162.webp 300w, https:\/\/www.champsblancstest.geek-tonic.dev\/wp-content\/uploads\/2023\/10\/camping-les-champs-blancs14-1024x552.webp 1024w, https:\/\/www.champsblancstest.geek-tonic.dev\/wp-content\/uploads\/2023\/10\/camping-les-champs-blancs14-768x414.webp 768w, https:\/\/www.champsblancstest.geek-tonic.dev\/wp-content\/uploads\/2023\/10\/camping-les-champs-blancs14-1536x828.webp 1536w, https:\/\/www.champsblancstest.geek-tonic.dev\/wp-content\/uploads\/2023\/10\/camping-les-champs-blancs14-2048x1104.webp 2048w\" sizes=\"(max-width: 2560px) 100vw, 2560px\" \/><\/a><\/figure>\n<\/div><\/figure>\n<\/div>\n<\/div>\n\n\n    <\/div>\n<\/section><section id=\"ls-section-block_bd755abb59c489db8580169c37c05598\" class=\"ls-section  home-sixth page-three has-background-image has-parallax-child\" >\n    <div class=\"ls-section__background-image opacity-100\"><img decoding=\"async\" src=\"https:\/\/www.champsblancstest.geek-tonic.dev\/wp-content\/uploads\/2023\/10\/camping-les-champs-blancs34.webp\" alt=\"camping les champs blancs34\"><\/div>    <div class=\"container container--wide\">\n        \n\n<div class=\"wp-block-columns are-vertically-aligned-center is-layout-flex wp-container-core-columns-is-layout-9d6595d7 wp-block-columns-is-layout-flex\">\n<div class=\"wp-block-column is-vertically-aligned-center wp-block-column__text animated fadeInUp delay-100ms slow is-layout-flow wp-block-column-is-layout-flow\" style=\"flex-basis:66.66%\">\n<h2 class=\"ls__heading wp-block-heading\">\u00bfC\u00f3mo puedo obtener una tarjeta ACSI?<\/h2>\n\n\n\n<p class=\"ls-paragraph\"><strong>La tarjeta ACSI<\/strong> puede solicitarse en l\u00ednea con unos pocos clics:<\/p>\n\n\n\n<ol class=\"ls-list wp-block-list\">\n<li>Visite <a href=\"https:\/\/www.campingcard.es\/informacion-adicional\/comprar-la-campingcard-acsi\/?_gl=1*4cp4aq*_ga*MTI2NzUzNzkyMi4xNjk3NzE1NDk2*_ga_HNZ05CMN66*MTY5ODIxNjc0OC4yLjEuMTY5ODIxODg0MS41Ny4wLjA.&amp;_ga=2.16387059.414358331.1698216749-1267537922.1697715496\" rel=\"noreferrer noopener\" target=\"_blank\">el sitio CampingCard.fr<\/a><\/li>\n\n\n\n<li>Haga clic en el bot\u00f3n \u00abSolicitar CampingCard ACSI\u00bb.<\/li>\n\n\n\n<li>Elige la f\u00f3rmula con la gu\u00eda del autocaravanista cl\u00e1sico o la gu\u00eda del autocaravanista<\/li>\n\n\n\n<li>Seleccione el idioma de su gu\u00eda<\/li>\n\n\n\n<li>A\u00f1adir a la cesta<\/li>\n\n\n\n<li>Si lo desea, tambi\u00e9n puede a\u00f1adir la aplicaci\u00f3n para m\u00f3viles por 5,49 euros.<\/li>\n\n\n\n<li>Pagar en l\u00ednea<\/li>\n\n\n\n<li>Cuando reciba su pedido, rellene su tarjeta y f\u00edrmela.<\/li>\n<\/ol>\n\n\n\n<p class=\"ls-paragraph\"><strong>La tarjeta ACSI<\/strong> debe presentarse a la llegada a un camping miembro y a la salida al pagar la estancia.<\/p>\n<\/div>\n\n\n\n<div class=\"wp-block-column is-vertically-aligned-center is-layout-flow wp-block-column-is-layout-flow\" style=\"flex-basis:33.33%\">\n<div id=\"ls-heading ls-titre-div-block_bf56fe172b3a306bb70ba57ad6e070b8\" class=\"ls-titre-div h1-like\" >\n    Ventajas<br><strong>para sus vacaciones<\/strong><\/div>\n<\/div>\n<\/div>\n\n\n    <\/div>\n<\/section><section id=\"ls-section-block_bdcac59e52d96c6c03352b8dc853d24e\" class=\"ls-section  home-first page-one\" >\n        <div class=\"container container--full\">\n        \n\n<div class=\"wp-block-columns are-vertically-aligned-center is-layout-flex wp-container-core-columns-is-layout-9d6595d7 wp-block-columns-is-layout-flex\">\n<div class=\"wp-block-column is-vertically-aligned-center is-layout-flow wp-block-column-is-layout-flow\" style=\"flex-basis:53%\">\n<figure class=\"wp-block-gallery has-nested-images columns-default is-cropped animated fadeInLeft slow wp-block-gallery-3 is-layout-flex wp-block-gallery-is-layout-flex\">\n<figure class=\"wp-block-image size-full\"><a href=\"https:\/\/www.champsblancstest.geek-tonic.dev\/wp-content\/uploads\/2023\/10\/6393047d45d1f.jpeg\"><img decoding=\"async\" width=\"500\" height=\"280\" data-id=\"9908\" src=\"https:\/\/www.champsblancstest.geek-tonic.dev\/wp-content\/uploads\/2023\/10\/6393047d45d1f.jpeg\" alt=\"Tarjeta de camping ACSI\" class=\"wp-image-9908\" srcset=\"https:\/\/www.champsblancstest.geek-tonic.dev\/wp-content\/uploads\/2023\/10\/6393047d45d1f.jpeg 500w, https:\/\/www.champsblancstest.geek-tonic.dev\/wp-content\/uploads\/2023\/10\/6393047d45d1f-300x168.jpeg 300w\" sizes=\"(max-width: 500px) 100vw, 500px\" \/><\/a><\/figure>\n<\/figure>\n<\/div>\n\n\n\n<div class=\"wp-block-column is-vertically-aligned-center is-layout-flow wp-block-column-is-layout-flow\" style=\"flex-basis:47%\">\n<h2 class=\"ls__heading wp-block-heading\">Descuentos ACSI en el camping les Champs Blancs en Agde<\/h2>\n\n\n\n<p class=\"ls-paragraph\"><a href=\"https:\/\/www.champsblancstest.geek-tonic.dev\/es\/caravaning-cabo-de-agde\/\">Reserve una parcela para dos personas<\/a> en el camping de 5 estrellas Champs Blancs por <a href=\"https:\/\/www.champsblancstest.geek-tonic.dev\/es\/caravaning-cabo-de-agde\/\">s\u00f3lo 22 euros la noche<\/a> con <strong>su tarjeta ACSI<\/strong>. Este magn\u00edfico precio incluye una parcela para un veh\u00edculo y una tienda o caravana, electricidad, IVA y dos adultos.  <strong>La tarjeta AC<\/strong> SI se acepta desde principios de abril hasta el 30 de junio, y despu\u00e9s desde el 28 de agosto hasta mediados de octubre: una oferta muy amplia para que pueda beneficiarse de los <strong>descuentos ACSI<\/strong> incluso en verano.<\/p>\n<\/div>\n<\/div>\n\n\n    <\/div>\n<\/section><section id=\"ls-section-block_c3d266a6e75b69c3db62ff78f7197741\" class=\"ls-section  page-four animated fadeInUp slow delay-100ms\" >\n        <div class=\"container container--wide\">\n        \n\n<div id=\"ls-heading ls-titre-div-block_ad37be372a7ef15d68058110bb808985\" class=\"ls-titre-div aligncenter h2-like\" >\n    Descubra nuestro camping<\/div>\n\n\n<div id=\"ls-maillage-block_bee7a44edec3ed72110f29b1eca52004\" class=\"ls-maillage cta-style-normal\" data-rows=\"3\">\n    <div class=\"wp-block-columns\"><div class=\"wp-block-column\"><div class=\"ls-cta\">\n\n<a href=\"https:\/\/www.champsblancstest.geek-tonic.dev\/es\/camping-parque-acuatico-cabo-de-agde\/\" target=\"\" rel=\"noopener\" class=\"ls-cta__link\">\n\n\t<div class=\"ls-cta__image\"><img decoding=\"async\" src=\"https:\/\/www.champsblancstest.geek-tonic.dev\/wp-content\/uploads\/2023\/10\/camping-avec-parc-aquatique-agde-1-768x1152.webp\" alt=\"camping con parque acu\u00e1tico agde\"><\/div>\n\t<div class=\"ls-cta__title\">\n\t\t<span class=\"champs-blancs-coin-droit\"><\/span>\n\t\tLa piscina\t\t<span class=\"champs-blancs-arrow-down\"><\/span>\n\t<\/div>\n\n\t\n<\/a><\/div><\/div><div class=\"wp-block-column\"><div class=\"ls-cta\">\n\n<a href=\"https:\/\/www.champsblancstest.geek-tonic.dev\/es\/restaurante-agde\/\" target=\"\" rel=\"noopener\" class=\"ls-cta__link\">\n\n\t<div class=\"ls-cta__image\"><img decoding=\"async\" src=\"https:\/\/www.champsblancstest.geek-tonic.dev\/wp-content\/uploads\/2023\/09\/restaurant-cap-agde-768x513.webp\" alt=\"restaurante cap agde\"><\/div>\n\t<div class=\"ls-cta__title\">\n\t\t<span class=\"champs-blancs-coin-droit\"><\/span>\n\t\tCatering\t\t<span class=\"champs-blancs-arrow-down\"><\/span>\n\t<\/div>\n\n\t\n<\/a><\/div><\/div><div class=\"wp-block-column\"><div class=\"ls-cta\">\n\n<a href=\"https:\/\/www.champsblancstest.geek-tonic.dev\/es\/camping-junto-al-mar-cap-agde\/\" target=\"\" rel=\"noopener\" class=\"ls-cta__link\">\n\n\t<div class=\"ls-cta__image\"><img decoding=\"async\" src=\"https:\/\/www.champsblancstest.geek-tonic.dev\/wp-content\/uploads\/2023\/09\/camping-mer-plage-agde6-1-768x356.webp\" alt=\"camping mer plage agde6\"><\/div>\n\t<div class=\"ls-cta__title\">\n\t\t<span class=\"champs-blancs-coin-droit\"><\/span>\n\t\tOrilla del mar\t\t<span class=\"champs-blancs-arrow-down\"><\/span>\n\t<\/div>\n\n\t\n<\/a><\/div><\/div><\/div><\/div>\n\n    <\/div>\n<\/section>","protected":false},"excerpt":{"rendered":"","protected":false},"author":1,"featured_media":9928,"parent":0,"menu_order":0,"comment_status":"closed","ping_status":"closed","template":"","meta":{"_acf_changed":false,"footnotes":""},"sujet":[],"class_list":["post-10785","page","type-page","status-publish","has-post-thumbnail","hentry"],"acf":[],"yoast_head":"<!-- This site is optimized with the Yoast SEO plugin v22.6 - https:\/\/yoast.com\/wordpress\/plugins\/seo\/ -->\n<title>Camping ACSI en Cap d&#039;Agde: a partir de 16 euros por noche con la tarjeta acsi<\/title>\n<meta name=\"robots\" content=\"noindex, follow, max-snippet:-1, max-image-preview:large, max-video-preview:-1\" \/>\n<meta property=\"og:locale\" content=\"es_ES\" \/>\n<meta property=\"og:type\" content=\"article\" \/>\n<meta property=\"og:title\" content=\"Camping ACSI en Cap d&#039;Agde: a partir de 16 euros por noche con la tarjeta acsi\" \/>\n<meta property=\"og:url\" content=\"https:\/\/www.champsblancstest.geek-tonic.dev\/fr\/camping-acsi\/\" \/>\n<meta property=\"og:site_name\" content=\"Les Champs Blancs\" \/>\n<meta property=\"article:modified_time\" content=\"2023-10-25T12:21:06+00:00\" \/>\n<meta property=\"og:image\" content=\"https:\/\/www.champsblancstest.geek-tonic.dev\/wp-content\/uploads\/2023\/10\/camping-resort-les-champs-blancs11-scaled-e1696338886591.webp\" \/>\n\t<meta property=\"og:image:width\" content=\"2048\" \/>\n\t<meta property=\"og:image:height\" content=\"1017\" \/>\n\t<meta property=\"og:image:type\" content=\"image\/webp\" \/>\n<meta name=\"twitter:card\" content=\"summary_large_image\" \/>\n<meta name=\"twitter:label1\" content=\"Tiempo de lectura\" \/>\n\t<meta name=\"twitter:data1\" content=\"2 minutos\" \/>\n<script type=\"application\/ld+json\" class=\"yoast-schema-graph\">{\"@context\":\"https:\/\/schema.org\",\"@graph\":[{\"@type\":\"WebPage\",\"@id\":\"https:\/\/www.champsblancstest.geek-tonic.dev\/fr\/camping-acsi\/\",\"url\":\"https:\/\/www.champsblancstest.geek-tonic.dev\/fr\/camping-acsi\/\",\"name\":\"Camping ACSI en Cap d'Agde: a partir de 16 euros por noche con la tarjeta acsi\",\"isPartOf\":{\"@id\":\"https:\/\/www.champsblancstest.geek-tonic.dev\/fr\/#website\"},\"primaryImageOfPage\":{\"@id\":\"https:\/\/www.champsblancstest.geek-tonic.dev\/fr\/camping-acsi\/#primaryimage\"},\"image\":{\"@id\":\"https:\/\/www.champsblancstest.geek-tonic.dev\/fr\/camping-acsi\/#primaryimage\"},\"thumbnailUrl\":\"https:\/\/www.champsblancstest.geek-tonic.dev\/wp-content\/uploads\/2023\/10\/camping-resort-les-champs-blancs11-scaled-e1696338886591.webp\",\"datePublished\":\"2023-10-19T10:10:08+00:00\",\"dateModified\":\"2023-10-25T12:21:06+00:00\",\"breadcrumb\":{\"@id\":\"https:\/\/www.champsblancstest.geek-tonic.dev\/fr\/camping-acsi\/#breadcrumb\"},\"inLanguage\":\"es\",\"potentialAction\":[{\"@type\":\"ReadAction\",\"target\":[\"https:\/\/www.champsblancstest.geek-tonic.dev\/fr\/camping-acsi\/\"]}]},{\"@type\":\"ImageObject\",\"inLanguage\":\"es\",\"@id\":\"https:\/\/www.champsblancstest.geek-tonic.dev\/fr\/camping-acsi\/#primaryimage\",\"url\":\"https:\/\/www.champsblancstest.geek-tonic.dev\/wp-content\/uploads\/2023\/10\/camping-resort-les-champs-blancs11-scaled-e1696338886591.webp\",\"contentUrl\":\"https:\/\/www.champsblancstest.geek-tonic.dev\/wp-content\/uploads\/2023\/10\/camping-resort-les-champs-blancs11-scaled-e1696338886591.webp\",\"width\":2048,\"height\":1017,\"caption\":\"camping resort les champs blancs11\"},{\"@type\":\"BreadcrumbList\",\"@id\":\"https:\/\/www.champsblancstest.geek-tonic.dev\/fr\/camping-acsi\/#breadcrumb\",\"itemListElement\":[{\"@type\":\"ListItem\",\"position\":1,\"name\":\"Acampar Cap d'Agde\",\"item\":\"https:\/\/www.champsblancstest.geek-tonic.dev\/fr\/\"},{\"@type\":\"ListItem\",\"position\":2,\"name\":\"Camping ACSI en Agde\"}]},{\"@type\":\"WebSite\",\"@id\":\"https:\/\/www.champsblancstest.geek-tonic.dev\/fr\/#website\",\"url\":\"https:\/\/www.champsblancstest.geek-tonic.dev\/fr\/\",\"name\":\"Les Champs Blancs\",\"description\":\"\",\"publisher\":{\"@id\":\"https:\/\/www.champsblancstest.geek-tonic.dev\/fr\/#organization\"},\"potentialAction\":[{\"@type\":\"SearchAction\",\"target\":{\"@type\":\"EntryPoint\",\"urlTemplate\":\"https:\/\/www.champsblancstest.geek-tonic.dev\/fr\/?s={search_term_string}\"},\"query-input\":\"required name=search_term_string\"}],\"inLanguage\":\"es\"},{\"@type\":\"Organization\",\"@id\":\"https:\/\/www.champsblancstest.geek-tonic.dev\/fr\/#organization\",\"name\":\"Les Champs Blancs\",\"url\":\"https:\/\/www.champsblancstest.geek-tonic.dev\/fr\/\",\"logo\":{\"@type\":\"ImageObject\",\"inLanguage\":\"es\",\"@id\":\"https:\/\/www.champsblancstest.geek-tonic.dev\/fr\/#\/schema\/logo\/image\/\",\"url\":\"https:\/\/www.champsblancstest.geek-tonic.dev\/wp-content\/uploads\/2023\/07\/logo-blanc-camping-les-champs-blancs.webp\",\"contentUrl\":\"https:\/\/www.champsblancstest.geek-tonic.dev\/wp-content\/uploads\/2023\/07\/logo-blanc-camping-les-champs-blancs.webp\",\"width\":821,\"height\":657,\"caption\":\"Les Champs Blancs\"},\"image\":{\"@id\":\"https:\/\/www.champsblancstest.geek-tonic.dev\/fr\/#\/schema\/logo\/image\/\"}}]}<\/script>\n<!-- \/ Yoast SEO plugin. -->","yoast_head_json":{"title":"Camping ACSI en Cap d'Agde: a partir de 16 euros por noche con la tarjeta acsi","robots":{"index":"noindex","follow":"follow","max-snippet":"max-snippet:-1","max-image-preview":"max-image-preview:large","max-video-preview":"max-video-preview:-1"},"og_locale":"es_ES","og_type":"article","og_title":"Camping ACSI en Cap d'Agde: a partir de 16 euros por noche con la tarjeta acsi","og_url":"https:\/\/www.champsblancstest.geek-tonic.dev\/fr\/camping-acsi\/","og_site_name":"Les Champs Blancs","article_modified_time":"2023-10-25T12:21:06+00:00","og_image":[{"width":2048,"height":1017,"url":"https:\/\/www.champsblancstest.geek-tonic.dev\/wp-content\/uploads\/2023\/10\/camping-resort-les-champs-blancs11-scaled-e1696338886591.webp","type":"image\/webp"}],"twitter_card":"summary_large_image","twitter_misc":{"Tiempo de lectura":"2 minutos"},"schema":{"@context":"https:\/\/schema.org","@graph":[{"@type":"WebPage","@id":"https:\/\/www.champsblancstest.geek-tonic.dev\/fr\/camping-acsi\/","url":"https:\/\/www.champsblancstest.geek-tonic.dev\/fr\/camping-acsi\/","name":"Camping ACSI en Cap d'Agde: a partir de 16 euros por noche con la tarjeta acsi","isPartOf":{"@id":"https:\/\/www.champsblancstest.geek-tonic.dev\/fr\/#website"},"primaryImageOfPage":{"@id":"https:\/\/www.champsblancstest.geek-tonic.dev\/fr\/camping-acsi\/#primaryimage"},"image":{"@id":"https:\/\/www.champsblancstest.geek-tonic.dev\/fr\/camping-acsi\/#primaryimage"},"thumbnailUrl":"https:\/\/www.champsblancstest.geek-tonic.dev\/wp-content\/uploads\/2023\/10\/camping-resort-les-champs-blancs11-scaled-e1696338886591.webp","datePublished":"2023-10-19T10:10:08+00:00","dateModified":"2023-10-25T12:21:06+00:00","breadcrumb":{"@id":"https:\/\/www.champsblancstest.geek-tonic.dev\/fr\/camping-acsi\/#breadcrumb"},"inLanguage":"es","potentialAction":[{"@type":"ReadAction","target":["https:\/\/www.champsblancstest.geek-tonic.dev\/fr\/camping-acsi\/"]}]},{"@type":"ImageObject","inLanguage":"es","@id":"https:\/\/www.champsblancstest.geek-tonic.dev\/fr\/camping-acsi\/#primaryimage","url":"https:\/\/www.champsblancstest.geek-tonic.dev\/wp-content\/uploads\/2023\/10\/camping-resort-les-champs-blancs11-scaled-e1696338886591.webp","contentUrl":"https:\/\/www.champsblancstest.geek-tonic.dev\/wp-content\/uploads\/2023\/10\/camping-resort-les-champs-blancs11-scaled-e1696338886591.webp","width":2048,"height":1017,"caption":"camping resort les champs blancs11"},{"@type":"BreadcrumbList","@id":"https:\/\/www.champsblancstest.geek-tonic.dev\/fr\/camping-acsi\/#breadcrumb","itemListElement":[{"@type":"ListItem","position":1,"name":"Acampar Cap d'Agde","item":"https:\/\/www.champsblancstest.geek-tonic.dev\/fr\/"},{"@type":"ListItem","position":2,"name":"Camping ACSI en Agde"}]},{"@type":"WebSite","@id":"https:\/\/www.champsblancstest.geek-tonic.dev\/fr\/#website","url":"https:\/\/www.champsblancstest.geek-tonic.dev\/fr\/","name":"Les Champs Blancs","description":"","publisher":{"@id":"https:\/\/www.champsblancstest.geek-tonic.dev\/fr\/#organization"},"potentialAction":[{"@type":"SearchAction","target":{"@type":"EntryPoint","urlTemplate":"https:\/\/www.champsblancstest.geek-tonic.dev\/fr\/?s={search_term_string}"},"query-input":"required name=search_term_string"}],"inLanguage":"es"},{"@type":"Organization","@id":"https:\/\/www.champsblancstest.geek-tonic.dev\/fr\/#organization","name":"Les Champs Blancs","url":"https:\/\/www.champsblancstest.geek-tonic.dev\/fr\/","logo":{"@type":"ImageObject","inLanguage":"es","@id":"https:\/\/www.champsblancstest.geek-tonic.dev\/fr\/#\/schema\/logo\/image\/","url":"https:\/\/www.champsblancstest.geek-tonic.dev\/wp-content\/uploads\/2023\/07\/logo-blanc-camping-les-champs-blancs.webp","contentUrl":"https:\/\/www.champsblancstest.geek-tonic.dev\/wp-content\/uploads\/2023\/07\/logo-blanc-camping-les-champs-blancs.webp","width":821,"height":657,"caption":"Les Champs Blancs"},"image":{"@id":"https:\/\/www.champsblancstest.geek-tonic.dev\/fr\/#\/schema\/logo\/image\/"}}]}},"_links":{"self":[{"href":"https:\/\/www.champsblancstest.geek-tonic.dev\/es\/wp-json\/wp\/v2\/pages\/10785","targetHints":{"allow":["GET"]}}],"collection":[{"href":"https:\/\/www.champsblancstest.geek-tonic.dev\/es\/wp-json\/wp\/v2\/pages"}],"about":[{"href":"https:\/\/www.champsblancstest.geek-tonic.dev\/es\/wp-json\/wp\/v2\/types\/page"}],"author":[{"embeddable":true,"href":"https:\/\/www.champsblancstest.geek-tonic.dev\/es\/wp-json\/wp\/v2\/users\/1"}],"replies":[{"embeddable":true,"href":"https:\/\/www.champsblancstest.geek-tonic.dev\/es\/wp-json\/wp\/v2\/comments?post=10785"}],"version-history":[{"count":3,"href":"https:\/\/www.champsblancstest.geek-tonic.dev\/es\/wp-json\/wp\/v2\/pages\/10785\/revisions"}],"predecessor-version":[{"id":11358,"href":"https:\/\/www.champsblancstest.geek-tonic.dev\/es\/wp-json\/wp\/v2\/pages\/10785\/revisions\/11358"}],"wp:featuredmedia":[{"embeddable":true,"href":"https:\/\/www.champsblancstest.geek-tonic.dev\/es\/wp-json\/wp\/v2\/media\/9928"}],"wp:attachment":[{"href":"https:\/\/www.champsblancstest.geek-tonic.dev\/es\/wp-json\/wp\/v2\/media?parent=10785"}],"wp:term":[{"taxonomy":"sujet","embeddable":true,"href":"https:\/\/www.champsblancstest.geek-tonic.dev\/es\/wp-json\/wp\/v2\/sujet?post=10785"}],"curies":[{"name":"wp","href":"https:\/\/api.w.org\/{rel}","templated":true}]}}