{"id":10789,"date":"2023-10-19T12:10:10","date_gmt":"2023-10-19T10:10:10","guid":{"rendered":"https:\/\/www.champsblancstest.geek-tonic.dev\/camping-pezenas\/"},"modified":"2023-10-30T10:39:28","modified_gmt":"2023-10-30T09:39:28","slug":"camping-pezenas","status":"publish","type":"page","link":"https:\/\/www.champsblancstest.geek-tonic.dev\/es\/camping-pezenas\/","title":{"rendered":"Camping Pezenas"},"content":{"rendered":"<section id=\"ls-section-block_77ea1866209b07392beff868b259ff8d\" class=\"ls-section  home-first page-one\" >\n        <div class=\"container container--full\">\n        \n\n<div class=\"wp-block-columns are-vertically-aligned-center is-layout-flex wp-container-core-columns-is-layout-9d6595d7 wp-block-columns-is-layout-flex\">\n<div class=\"wp-block-column is-vertically-aligned-center is-layout-flow wp-block-column-is-layout-flow\" style=\"flex-basis:53%\"><p><iframe src=\"https:\/\/www.google.com\/maps\/embed?pb=!1m28!1m12!1m3!1d185594.48786146817!2d3.2855548649423563!3d43.37882488163821!2m3!1f0!2f0!3f0!3m2!1i1024!2i768!4f13.1!4m13!3e6!4m5!1s0x12b13cea04838195%3A0xd4a1875e59ac8a70!2sCamping%20Resort%20Les%20Champs%20Blancs%2C%20Route%20de%20Rochelongue%2C%20Agde!3m2!1d43.2964036!2d3.4768657!4m5!1s0x12b14028bb727833%3A0x7af0f271d51ac9bb!2zUMOpemVuYXM!3m2!1d43.461531!2d3.423193!5e0!3m2!1sfr!2sfr!4v1696241346055!5m2!1sfr!2sfr\" width=\"100%\" height=\"450\" style=\"border:0;\" allowfullscreen=\"\" loading=\"lazy\" referrerpolicy=\"no-referrer-when-downgrade\"><\/iframe><\/p>\n<\/div>\n\n\n\n<div class=\"wp-block-column is-vertically-aligned-center is-layout-flow wp-block-column-is-layout-flow\" style=\"flex-basis:47%\">\n<h1 class=\"ls__heading wp-block-heading\">Camping 5 estrellas Pezenas<\/h1>\n\n\n\n<p class=\"ls-paragraph\">Encontrar un <strong>camping en Pezenas<\/strong>, en H\u00e9rault, que ofrezca un alojamiento de lujo totalmente equipado a bajo precio puede parecer misi\u00f3n imposible. El <a href=\"https:\/\/www.champsblancstest.geek-tonic.dev\/es\/\">camping de Cap d&#8217;Agde<\/a>, a menos de 30 minutos en coche de P\u00e9zenas, le ofrece la posibilidad de pasar unas vacaciones de ensue\u00f1o junto al Mediterr\u00e1neo a un precio asequible, y de pasar una agradable jornada en uno de los encantadores pueblos del interior occitano.<\/p>\n<\/div>\n<\/div>\n\n\n    <\/div>\n<\/section><section id=\"ls-section-block_88124c63fc9e395b3210e13287ad6041\" class=\"ls-section  home-first page-two\" >\n        <div class=\"container container--full\">\n        \n\n<div class=\"wp-block-columns are-vertically-aligned-center is-layout-flex wp-container-core-columns-is-layout-9d6595d7 wp-block-columns-is-layout-flex\">\n<div class=\"wp-block-column is-vertically-aligned-center is-layout-flow wp-block-column-is-layout-flow\" style=\"flex-basis:47%\">\n<h2 class=\"ls__heading wp-block-heading\">Alquiler de mobil home en P\u00e9zenas, H\u00e9rault<\/h2>\n\n\n\n<p class=\"ls-paragraph\">A s\u00f3lo veinte kil\u00f3metros de P\u00e9zenas, el <strong>camping Pezenas<\/strong> Les Champs Blancs le ofrece una c\u00e1lida acogida y una amplia gama de alojamientos para que su estancia sea lo m\u00e1s agradable posible. Situadas en amplias parcelas verdes, las <strong>casas m\u00f3viles de alquiler en Pezenas<\/strong> son recientes y pueden alojar de 4 a 8 personas. Dispone de una plaza de aparcamiento contigua.<\/p>\n\n\n\n<p class=\"ls-paragraph\">Elija la propiedad de alquiler que se adapte a sus necesidades: <a href=\"https:\/\/www.champsblancstest.geek-tonic.dev\/es\/alquiler-chalet-cap-agde\/\">chalet<\/a>, <a href=\"https:\/\/www.champsblancstest.geek-tonic.dev\/es\/alquiler-mobil-home-cap-agde\/\">casa m\u00f3vil<\/a> con o sin aire acondicionado, est\u00e1ndar, confort, lujo premium o spa. Cada uno de ellos dispone de una cocina americana equipada con todo lo necesario para preparar sus comidas de vacaciones, de 2 a 4 dormitorios, un cuarto de ducha y WC, y una zona de estar abierta a una agradable terraza s\u00f3lo para usted. Disfrutar\u00e1 de intimidad gracias a los setos que delimitan las <a href=\"https:\/\/www.champsblancstest.geek-tonic.dev\/es\/caravaning-cabo-de-agde\/\">parcelas<\/a>, ideales para disfrutar al m\u00e1ximo del aire libre en su terraza privada, completa con un peque\u00f1o <a href=\"https:\/\/www.champsblancstest.geek-tonic.dev\/es\/camping-con-jacuzzi-privado\/\">jacuzzi para las casas m\u00f3viles<\/a> con spa.<br\/>Disfrute de unas vacaciones id\u00edlicas en una c\u00f3moda casa m\u00f3vil y descubra las riquezas y la belleza de la regi\u00f3n de Occitanie.<\/p>\n\n\n\n<p class=\"ls-paragraph\">Para sus vacaciones en familia, opte por una casa m\u00f3vil cerca de la piscina climatizada, o por una de las parcelas de camping a dos pasos de las playas de arena, donde podr\u00e1 aparcar su caravana o autocaravana.<\/p>\n<\/div>\n\n\n\n<div class=\"wp-block-column is-vertically-aligned-center is-layout-flow wp-block-column-is-layout-flow\" style=\"flex-basis:53%\">\n<figure class=\"wp-block-gallery has-nested-images columns-default is-cropped animated fadeInRight slow delay-200ms wp-block-gallery-1 is-layout-flex wp-block-gallery-is-layout-flex\">\n<figure class=\"wp-block-image size-full\"><a href=\"https:\/\/www.champsblancstest.geek-tonic.dev\/wp-content\/uploads\/2023\/10\/camping-resort-les-champs-blancs87-scaled.webp\"><img decoding=\"async\" width=\"2560\" height=\"1531\" data-id=\"9677\" src=\"https:\/\/www.champsblancstest.geek-tonic.dev\/wp-content\/uploads\/2023\/10\/camping-resort-les-champs-blancs87-scaled.webp\" alt=\"camping resort les champs blancs87\" class=\"wp-image-9677\" srcset=\"https:\/\/www.champsblancstest.geek-tonic.dev\/wp-content\/uploads\/2023\/10\/camping-resort-les-champs-blancs87-scaled.webp 2560w, https:\/\/www.champsblancstest.geek-tonic.dev\/wp-content\/uploads\/2023\/10\/camping-resort-les-champs-blancs87-300x179.webp 300w, https:\/\/www.champsblancstest.geek-tonic.dev\/wp-content\/uploads\/2023\/10\/camping-resort-les-champs-blancs87-1024x612.webp 1024w, https:\/\/www.champsblancstest.geek-tonic.dev\/wp-content\/uploads\/2023\/10\/camping-resort-les-champs-blancs87-768x459.webp 768w, https:\/\/www.champsblancstest.geek-tonic.dev\/wp-content\/uploads\/2023\/10\/camping-resort-les-champs-blancs87-1536x918.webp 1536w, https:\/\/www.champsblancstest.geek-tonic.dev\/wp-content\/uploads\/2023\/10\/camping-resort-les-champs-blancs87-2048x1225.webp 2048w\" sizes=\"(max-width: 2560px) 100vw, 2560px\" \/><\/a><\/figure>\n<\/figure>\n<\/div>\n<\/div>\n\n\n    <\/div>\n<\/section><section id=\"ls-section-block_70f5b4540756ee12642e5e7bc4d59a60\" class=\"ls-section  home-sixth page-three has-background-image has-parallax-child\" >\n    <div class=\"ls-section__background-image opacity-100\"><img decoding=\"async\" src=\"https:\/\/www.champsblancstest.geek-tonic.dev\/wp-content\/uploads\/2023\/10\/camping-resort-les-champs-blancs110-scaled.webp\" alt=\"camping resort les champs blancs110\"><\/div>    <div class=\"container container--wide\">\n        \n\n<div class=\"wp-block-columns are-vertically-aligned-center is-layout-flex wp-container-core-columns-is-layout-9d6595d7 wp-block-columns-is-layout-flex\">\n<div class=\"wp-block-column is-vertically-aligned-center wp-block-column__text animated fadeInUp delay-100ms slow is-layout-flow wp-block-column-is-layout-flow\" style=\"flex-basis:66.66%\">\n<h2 class=\"ls__heading wp-block-heading\">Camping P\u00e9zenas con piscina<\/h2>\n\n\n\n<p class=\"ls-paragraph\">\u00bfEst\u00e1 buscando un camping en Pezenas con piscina?<br\/>Disfrute del parque acu\u00e1tico de 3.000 m\u00b2 del <strong>camping<\/strong> Les Champs Blancs en un ambiente agradable. En un entorno propicio a la evasi\u00f3n, con palmeras, piscinas armoniosas y un dise\u00f1o que recuerda las lagunas azul turquesa de las islas, aproveche al m\u00e1ximo sus vacaciones cerca de P\u00e9zenas. Hay dos piscinas donde se puede nadar, participar en actividades de aquafitness, relajarse y divertirse.<\/p>\n\n\n\n<p class=\"ls-paragraph\">Abierto desde el amanecer hasta el anochecer, puede ir en cualquier momento de la semana, tanto si le apetece ba\u00f1arse, divertirse o simplemente holgazanear junto al agua. Nadar, lanzarse por los dos enormes toboganes de la piscina con los amigos, jugar un partido de waterpolo o voleibol en el agua: sea cual sea su actividad acu\u00e1tica del momento, podr\u00e1 disfrutar de las piscinas climatizadas a la temperatura adecuada.<\/p>\n\n\n\n<p class=\"ls-paragraph\">El <strong>parque acu\u00e1tico del camping cerca de P\u00e9zenas<\/strong> es apto para todas las edades. Podr\u00e1 relajarse en una tumbona a la sombra de una sombrilla, tomando un c\u00f3ctel mientras sus hijos se deslizan por el tobog\u00e1n hasta la piscina infantil reservada a los m\u00e1s peque\u00f1os.<\/p>\n<\/div>\n\n\n\n<div class=\"wp-block-column is-vertically-aligned-center is-layout-flow wp-block-column-is-layout-flow\" style=\"flex-basis:33.33%\">\n<div id=\"ls-heading ls-titre-div-block_27d140f65495a23552d154d8ecb2e1ed\" class=\"ls-titre-div h1-like\" >\n    Cree<br><strong>tu aventura<\/strong><\/div>\n<\/div>\n<\/div>\n\n\n    <\/div>\n<\/section><section id=\"ls-section-block_77ea1866209b07392beff868b259ff8d\" class=\"ls-section  home-first page-one\" >\n        <div class=\"container container--full\">\n        \n\n<div class=\"wp-block-columns are-vertically-aligned-center is-layout-flex wp-container-core-columns-is-layout-9d6595d7 wp-block-columns-is-layout-flex\">\n<div class=\"wp-block-column is-vertically-aligned-center is-layout-flow wp-block-column-is-layout-flow\" style=\"flex-basis:53%\"><p><iframe width=\"100%\" height=\"600\" src=\"https:\/\/www.youtube.com\/embed\/cXYlTKjIU-4?si=Dj_b6rirwni-bWXd\" title=\"YouTube video player\" frameborder=\"0\" allow=\"accelerometer; autoplay; clipboard-write; encrypted-media; gyroscope; picture-in-picture; web-share\" allowfullscreen><\/iframe><\/p>\n<\/div>\n\n\n\n<div class=\"wp-block-column is-vertically-aligned-center is-layout-flow wp-block-column-is-layout-flow\" style=\"flex-basis:47%\">\n<h2 class=\"ls__heading wp-block-heading\">Vacaciones en Pezenas<\/h2>\n\n\n\n<p class=\"ls-paragraph\">Aproveche sus vacaciones de <strong>camping en Pezenas, en H\u00e9rault<\/strong>, para asistir a una representaci\u00f3n teatral en la que fue la ciudad natal de Moli\u00e8re, y descubrir los numerosos lugares de inter\u00e9s catalogados como monumentos hist\u00f3ricos.<br\/>No se pierda el museo Vulliod Saint Germain y el Domaine de la Grange des Pr\u00e9s. Pasee por las callejuelas del pueblo y eche un vistazo a las tiendas y artesanos locales para disfrutar de una deliciosa escapada en el coraz\u00f3n de la regi\u00f3n de H\u00e9rault.<br\/>Hemos preparado una p\u00e1gina dedicada a las <a href=\"https:\/\/www.champsblancstest.geek-tonic.dev\/es\/herault\/pezenas\/\">visitas tur\u00edsticas en Pezenas<\/a>, en el departamento de H\u00e9rault.<\/p>\n<\/div>\n<\/div>\n\n\n    <\/div>\n<\/section><section id=\"ls-section-block_1334523605fc84361216c1086cca3e79\" class=\"ls-section  page-four animated fadeInUp slow delay-100ms\" >\n        <div class=\"container container--wide\">\n        \n<div id=\"ls-maillage-block_1158d3b4710aa215a008b46159553bec\" class=\"ls-maillage is-slider cta-style-normal\" data-rows=\"4\">\n    <div class=\"wp-block-columns\"><div class=\"wp-block-column\"><div class=\"ls-cta\">\n\n<a href=\"https:\/\/www.champsblancstest.geek-tonic.dev\/es\/camping-grau-agde\/\" target=\"\" rel=\"noopener\" class=\"ls-cta__link\">\n\n\t<div class=\"ls-cta__image\"><img decoding=\"async\" src=\"https:\/\/www.champsblancstest.geek-tonic.dev\/wp-content\/uploads\/2023\/10\/camping-grau-d-agde-768x519.webp\" alt=\"camping grau d'agde\"><\/div>\n\t<div class=\"ls-cta__title\">\n\t\t<span class=\"champs-blancs-coin-droit\"><\/span>\n\t\tGrau d&#8217;Agde\t\t<span class=\"champs-blancs-arrow-down\"><\/span>\n\t<\/div>\n\n\t\n<\/a><\/div><\/div><div class=\"wp-block-column\"><div class=\"ls-cta\">\n\n<a href=\"https:\/\/www.champsblancstest.geek-tonic.dev\/es\/camping-sete\/\" target=\"\" rel=\"noopener\" class=\"ls-cta__link\">\n\n\t<div class=\"ls-cta__image\"><img decoding=\"async\" src=\"https:\/\/www.champsblancstest.geek-tonic.dev\/wp-content\/uploads\/2023\/09\/camping-sete7-768x518.webp\" alt=\"camping s\u00e8te7\"><\/div>\n\t<div class=\"ls-cta__title\">\n\t\t<span class=\"champs-blancs-coin-droit\"><\/span>\n\t\tS\u00e8te\t\t<span class=\"champs-blancs-arrow-down\"><\/span>\n\t<\/div>\n\n\t\n<\/a><\/div><\/div><div class=\"wp-block-column\"><div class=\"ls-cta\">\n\n<a href=\"https:\/\/www.champsblancstest.geek-tonic.dev\/es\/camping-marseillan\/\" target=\"\" rel=\"noopener\" class=\"ls-cta__link\">\n\n\t<div class=\"ls-cta__image\"><img decoding=\"async\" src=\"https:\/\/www.champsblancstest.geek-tonic.dev\/wp-content\/uploads\/2023\/10\/camping-proche-marseillan-plage-768x368.webp\" alt=\"camping cerca de marseillan plage\"><\/div>\n\t<div class=\"ls-cta__title\">\n\t\t<span class=\"champs-blancs-coin-droit\"><\/span>\n\t\tMarseillan\t\t<span class=\"champs-blancs-arrow-down\"><\/span>\n\t<\/div>\n\n\t\n<\/a><\/div><\/div><div class=\"wp-block-column\"><div class=\"ls-cta\">\n\n<a href=\"https:\/\/www.champsblancstest.geek-tonic.dev\/es\/camping-vias\/\" target=\"\" rel=\"noopener\" class=\"ls-cta__link\">\n\n\t<div class=\"ls-cta__image\"><img decoding=\"async\" src=\"https:\/\/www.champsblancstest.geek-tonic.dev\/wp-content\/uploads\/2023\/09\/camping-vias-plage-6-768x512.webp\" alt=\"camping vias plage 6\"><\/div>\n\t<div class=\"ls-cta__title\">\n\t\t<span class=\"champs-blancs-coin-droit\"><\/span>\n\t\tV\u00edas\t\t<span class=\"champs-blancs-arrow-down\"><\/span>\n\t<\/div>\n\n\t\n<\/a><\/div><\/div><div class=\"wp-block-column\"><div class=\"ls-cta\">\n\n<a href=\"https:\/\/www.champsblancstest.geek-tonic.dev\/es\/camping-herault\/\" target=\"\" rel=\"noopener\" class=\"ls-cta__link\">\n\n\t<div class=\"ls-cta__image\"><img decoding=\"async\" src=\"https:\/\/www.champsblancstest.geek-tonic.dev\/wp-content\/uploads\/2023\/09\/camping-herault-4-768x514.webp\" alt=\"camping herault 4\"><\/div>\n\t<div class=\"ls-cta__title\">\n\t\t<span class=\"champs-blancs-coin-droit\"><\/span>\n\t\tH\u00e9rault\t\t<span class=\"champs-blancs-arrow-down\"><\/span>\n\t<\/div>\n\n\t\n<\/a><\/div><\/div><div class=\"wp-block-column\"><div class=\"ls-cta\">\n\n<a href=\"https:\/\/www.champsblancstest.geek-tonic.dev\/es\/camping-la-tamarissiere\/\" target=\"\" rel=\"noopener\" class=\"ls-cta__link\">\n\n\t<div class=\"ls-cta__image\"><img decoding=\"async\" src=\"https:\/\/www.champsblancstest.geek-tonic.dev\/wp-content\/uploads\/2023\/10\/camping-Tamarissiere-3-768x281.webp\" alt=\"camping Tamarissiere 3\"><\/div>\n\t<div class=\"ls-cta__title\">\n\t\t<span class=\"champs-blancs-coin-droit\"><\/span>\n\t\tLa Tamarissi\u00e8re\t\t<span class=\"champs-blancs-arrow-down\"><\/span>\n\t<\/div>\n\n\t\n<\/a><\/div><\/div><\/div><\/div>\n\n    <\/div>\n<\/section>","protected":false},"excerpt":{"rendered":"","protected":false},"author":1,"featured_media":8901,"parent":0,"menu_order":0,"comment_status":"closed","ping_status":"closed","template":"","meta":{"_acf_changed":false,"footnotes":""},"sujet":[],"class_list":["post-10789","page","type-page","status-publish","has-post-thumbnail","hentry"],"acf":[],"yoast_head":"<!-- This site is optimized with the Yoast SEO plugin v22.6 - https:\/\/yoast.com\/wordpress\/plugins\/seo\/ -->\n<title>Camping Pezenas | Camping con piscina y alquiler de mobil home Pezenas<\/title>\n<meta name=\"description\" content=\"\u00bfBusca un camping en P\u00e9zenas? \u00a1Descubra el camping 5* Les Champs Blancs con su parque acu\u00e1tico de 3000 m\u00b2 en el coraz\u00f3n del H\u00e9rault!\" \/>\n<meta name=\"robots\" content=\"noindex, follow, max-snippet:-1, max-image-preview:large, max-video-preview:-1\" \/>\n<meta property=\"og:locale\" content=\"es_ES\" \/>\n<meta property=\"og:type\" content=\"article\" \/>\n<meta property=\"og:title\" content=\"Camping Pezenas | Camping con piscina y alquiler de mobil home Pezenas\" \/>\n<meta property=\"og:description\" content=\"\u00bfBusca un camping en P\u00e9zenas? \u00a1Descubra el camping 5* Les Champs Blancs con su parque acu\u00e1tico de 3000 m\u00b2 en el coraz\u00f3n del H\u00e9rault!\" \/>\n<meta property=\"og:url\" content=\"https:\/\/www.champsblancstest.geek-tonic.dev\/fr\/camping-pezenas\/\" \/>\n<meta property=\"og:site_name\" content=\"Les Champs Blancs\" \/>\n<meta property=\"article:modified_time\" content=\"2023-10-30T09:39:28+00:00\" \/>\n<meta property=\"og:image\" content=\"https:\/\/www.champsblancstest.geek-tonic.dev\/wp-content\/uploads\/2023\/09\/camping-pezenas-4-scaled.webp\" \/>\n\t<meta property=\"og:image:width\" content=\"2048\" \/>\n\t<meta property=\"og:image:height\" content=\"1360\" \/>\n\t<meta property=\"og:image:type\" content=\"image\/webp\" \/>\n<meta name=\"twitter:card\" content=\"summary_large_image\" \/>\n<meta name=\"twitter:label1\" content=\"Tiempo de lectura\" \/>\n\t<meta name=\"twitter:data1\" content=\"3 minutos\" \/>\n<script type=\"application\/ld+json\" class=\"yoast-schema-graph\">{\"@context\":\"https:\/\/schema.org\",\"@graph\":[{\"@type\":\"WebPage\",\"@id\":\"https:\/\/www.champsblancstest.geek-tonic.dev\/fr\/camping-pezenas\/\",\"url\":\"https:\/\/www.champsblancstest.geek-tonic.dev\/fr\/camping-pezenas\/\",\"name\":\"Camping Pezenas | Camping con piscina y alquiler de mobil home Pezenas\",\"isPartOf\":{\"@id\":\"https:\/\/www.champsblancstest.geek-tonic.dev\/fr\/#website\"},\"primaryImageOfPage\":{\"@id\":\"https:\/\/www.champsblancstest.geek-tonic.dev\/fr\/camping-pezenas\/#primaryimage\"},\"image\":{\"@id\":\"https:\/\/www.champsblancstest.geek-tonic.dev\/fr\/camping-pezenas\/#primaryimage\"},\"thumbnailUrl\":\"https:\/\/www.champsblancstest.geek-tonic.dev\/wp-content\/uploads\/2023\/09\/camping-pezenas-4-scaled.webp\",\"datePublished\":\"2023-10-19T10:10:10+00:00\",\"dateModified\":\"2023-10-30T09:39:28+00:00\",\"description\":\"\u00bfBusca un camping en P\u00e9zenas? \u00a1Descubra el camping 5* Les Champs Blancs con su parque acu\u00e1tico de 3000 m\u00b2 en el coraz\u00f3n del H\u00e9rault!\",\"breadcrumb\":{\"@id\":\"https:\/\/www.champsblancstest.geek-tonic.dev\/fr\/camping-pezenas\/#breadcrumb\"},\"inLanguage\":\"es\",\"potentialAction\":[{\"@type\":\"ReadAction\",\"target\":[\"https:\/\/www.champsblancstest.geek-tonic.dev\/fr\/camping-pezenas\/\"]}]},{\"@type\":\"ImageObject\",\"inLanguage\":\"es\",\"@id\":\"https:\/\/www.champsblancstest.geek-tonic.dev\/fr\/camping-pezenas\/#primaryimage\",\"url\":\"https:\/\/www.champsblancstest.geek-tonic.dev\/wp-content\/uploads\/2023\/09\/camping-pezenas-4-scaled.webp\",\"contentUrl\":\"https:\/\/www.champsblancstest.geek-tonic.dev\/wp-content\/uploads\/2023\/09\/camping-pezenas-4-scaled.webp\",\"width\":2048,\"height\":1360,\"caption\":\"camping p\u00e9zenas 4\"},{\"@type\":\"BreadcrumbList\",\"@id\":\"https:\/\/www.champsblancstest.geek-tonic.dev\/fr\/camping-pezenas\/#breadcrumb\",\"itemListElement\":[{\"@type\":\"ListItem\",\"position\":1,\"name\":\"Acampar Cap d'Agde\",\"item\":\"https:\/\/www.champsblancstest.geek-tonic.dev\/fr\/\"},{\"@type\":\"ListItem\",\"position\":2,\"name\":\"Camping Pezenas\"}]},{\"@type\":\"WebSite\",\"@id\":\"https:\/\/www.champsblancstest.geek-tonic.dev\/fr\/#website\",\"url\":\"https:\/\/www.champsblancstest.geek-tonic.dev\/fr\/\",\"name\":\"Les Champs Blancs\",\"description\":\"\",\"publisher\":{\"@id\":\"https:\/\/www.champsblancstest.geek-tonic.dev\/fr\/#organization\"},\"potentialAction\":[{\"@type\":\"SearchAction\",\"target\":{\"@type\":\"EntryPoint\",\"urlTemplate\":\"https:\/\/www.champsblancstest.geek-tonic.dev\/fr\/?s={search_term_string}\"},\"query-input\":\"required name=search_term_string\"}],\"inLanguage\":\"es\"},{\"@type\":\"Organization\",\"@id\":\"https:\/\/www.champsblancstest.geek-tonic.dev\/fr\/#organization\",\"name\":\"Les Champs Blancs\",\"url\":\"https:\/\/www.champsblancstest.geek-tonic.dev\/fr\/\",\"logo\":{\"@type\":\"ImageObject\",\"inLanguage\":\"es\",\"@id\":\"https:\/\/www.champsblancstest.geek-tonic.dev\/fr\/#\/schema\/logo\/image\/\",\"url\":\"https:\/\/www.champsblancstest.geek-tonic.dev\/wp-content\/uploads\/2023\/07\/logo-blanc-camping-les-champs-blancs.webp\",\"contentUrl\":\"https:\/\/www.champsblancstest.geek-tonic.dev\/wp-content\/uploads\/2023\/07\/logo-blanc-camping-les-champs-blancs.webp\",\"width\":821,\"height\":657,\"caption\":\"Les Champs Blancs\"},\"image\":{\"@id\":\"https:\/\/www.champsblancstest.geek-tonic.dev\/fr\/#\/schema\/logo\/image\/\"}}]}<\/script>\n<!-- \/ Yoast SEO plugin. -->","yoast_head_json":{"title":"Camping Pezenas | Camping con piscina y alquiler de mobil home Pezenas","description":"\u00bfBusca un camping en P\u00e9zenas? \u00a1Descubra el camping 5* Les Champs Blancs con su parque acu\u00e1tico de 3000 m\u00b2 en el coraz\u00f3n del H\u00e9rault!","robots":{"index":"noindex","follow":"follow","max-snippet":"max-snippet:-1","max-image-preview":"max-image-preview:large","max-video-preview":"max-video-preview:-1"},"og_locale":"es_ES","og_type":"article","og_title":"Camping Pezenas | Camping con piscina y alquiler de mobil home Pezenas","og_description":"\u00bfBusca un camping en P\u00e9zenas? \u00a1Descubra el camping 5* Les Champs Blancs con su parque acu\u00e1tico de 3000 m\u00b2 en el coraz\u00f3n del H\u00e9rault!","og_url":"https:\/\/www.champsblancstest.geek-tonic.dev\/fr\/camping-pezenas\/","og_site_name":"Les Champs Blancs","article_modified_time":"2023-10-30T09:39:28+00:00","og_image":[{"width":2048,"height":1360,"url":"https:\/\/www.champsblancstest.geek-tonic.dev\/wp-content\/uploads\/2023\/09\/camping-pezenas-4-scaled.webp","type":"image\/webp"}],"twitter_card":"summary_large_image","twitter_misc":{"Tiempo de lectura":"3 minutos"},"schema":{"@context":"https:\/\/schema.org","@graph":[{"@type":"WebPage","@id":"https:\/\/www.champsblancstest.geek-tonic.dev\/fr\/camping-pezenas\/","url":"https:\/\/www.champsblancstest.geek-tonic.dev\/fr\/camping-pezenas\/","name":"Camping Pezenas | Camping con piscina y alquiler de mobil home Pezenas","isPartOf":{"@id":"https:\/\/www.champsblancstest.geek-tonic.dev\/fr\/#website"},"primaryImageOfPage":{"@id":"https:\/\/www.champsblancstest.geek-tonic.dev\/fr\/camping-pezenas\/#primaryimage"},"image":{"@id":"https:\/\/www.champsblancstest.geek-tonic.dev\/fr\/camping-pezenas\/#primaryimage"},"thumbnailUrl":"https:\/\/www.champsblancstest.geek-tonic.dev\/wp-content\/uploads\/2023\/09\/camping-pezenas-4-scaled.webp","datePublished":"2023-10-19T10:10:10+00:00","dateModified":"2023-10-30T09:39:28+00:00","description":"\u00bfBusca un camping en P\u00e9zenas? \u00a1Descubra el camping 5* Les Champs Blancs con su parque acu\u00e1tico de 3000 m\u00b2 en el coraz\u00f3n del H\u00e9rault!","breadcrumb":{"@id":"https:\/\/www.champsblancstest.geek-tonic.dev\/fr\/camping-pezenas\/#breadcrumb"},"inLanguage":"es","potentialAction":[{"@type":"ReadAction","target":["https:\/\/www.champsblancstest.geek-tonic.dev\/fr\/camping-pezenas\/"]}]},{"@type":"ImageObject","inLanguage":"es","@id":"https:\/\/www.champsblancstest.geek-tonic.dev\/fr\/camping-pezenas\/#primaryimage","url":"https:\/\/www.champsblancstest.geek-tonic.dev\/wp-content\/uploads\/2023\/09\/camping-pezenas-4-scaled.webp","contentUrl":"https:\/\/www.champsblancstest.geek-tonic.dev\/wp-content\/uploads\/2023\/09\/camping-pezenas-4-scaled.webp","width":2048,"height":1360,"caption":"camping p\u00e9zenas 4"},{"@type":"BreadcrumbList","@id":"https:\/\/www.champsblancstest.geek-tonic.dev\/fr\/camping-pezenas\/#breadcrumb","itemListElement":[{"@type":"ListItem","position":1,"name":"Acampar Cap d'Agde","item":"https:\/\/www.champsblancstest.geek-tonic.dev\/fr\/"},{"@type":"ListItem","position":2,"name":"Camping Pezenas"}]},{"@type":"WebSite","@id":"https:\/\/www.champsblancstest.geek-tonic.dev\/fr\/#website","url":"https:\/\/www.champsblancstest.geek-tonic.dev\/fr\/","name":"Les Champs Blancs","description":"","publisher":{"@id":"https:\/\/www.champsblancstest.geek-tonic.dev\/fr\/#organization"},"potentialAction":[{"@type":"SearchAction","target":{"@type":"EntryPoint","urlTemplate":"https:\/\/www.champsblancstest.geek-tonic.dev\/fr\/?s={search_term_string}"},"query-input":"required name=search_term_string"}],"inLanguage":"es"},{"@type":"Organization","@id":"https:\/\/www.champsblancstest.geek-tonic.dev\/fr\/#organization","name":"Les Champs Blancs","url":"https:\/\/www.champsblancstest.geek-tonic.dev\/fr\/","logo":{"@type":"ImageObject","inLanguage":"es","@id":"https:\/\/www.champsblancstest.geek-tonic.dev\/fr\/#\/schema\/logo\/image\/","url":"https:\/\/www.champsblancstest.geek-tonic.dev\/wp-content\/uploads\/2023\/07\/logo-blanc-camping-les-champs-blancs.webp","contentUrl":"https:\/\/www.champsblancstest.geek-tonic.dev\/wp-content\/uploads\/2023\/07\/logo-blanc-camping-les-champs-blancs.webp","width":821,"height":657,"caption":"Les Champs Blancs"},"image":{"@id":"https:\/\/www.champsblancstest.geek-tonic.dev\/fr\/#\/schema\/logo\/image\/"}}]}},"_links":{"self":[{"href":"https:\/\/www.champsblancstest.geek-tonic.dev\/es\/wp-json\/wp\/v2\/pages\/10789","targetHints":{"allow":["GET"]}}],"collection":[{"href":"https:\/\/www.champsblancstest.geek-tonic.dev\/es\/wp-json\/wp\/v2\/pages"}],"about":[{"href":"https:\/\/www.champsblancstest.geek-tonic.dev\/es\/wp-json\/wp\/v2\/types\/page"}],"author":[{"embeddable":true,"href":"https:\/\/www.champsblancstest.geek-tonic.dev\/es\/wp-json\/wp\/v2\/users\/1"}],"replies":[{"embeddable":true,"href":"https:\/\/www.champsblancstest.geek-tonic.dev\/es\/wp-json\/wp\/v2\/comments?post=10789"}],"version-history":[{"count":4,"href":"https:\/\/www.champsblancstest.geek-tonic.dev\/es\/wp-json\/wp\/v2\/pages\/10789\/revisions"}],"predecessor-version":[{"id":15610,"href":"https:\/\/www.champsblancstest.geek-tonic.dev\/es\/wp-json\/wp\/v2\/pages\/10789\/revisions\/15610"}],"wp:featuredmedia":[{"embeddable":true,"href":"https:\/\/www.champsblancstest.geek-tonic.dev\/es\/wp-json\/wp\/v2\/media\/8901"}],"wp:attachment":[{"href":"https:\/\/www.champsblancstest.geek-tonic.dev\/es\/wp-json\/wp\/v2\/media?parent=10789"}],"wp:term":[{"taxonomy":"sujet","embeddable":true,"href":"https:\/\/www.champsblancstest.geek-tonic.dev\/es\/wp-json\/wp\/v2\/sujet?post=10789"}],"curies":[{"name":"wp","href":"https:\/\/api.w.org\/{rel}","templated":true}]}}