{"id":10806,"date":"2023-10-19T12:10:15","date_gmt":"2023-10-19T10:10:15","guid":{"rendered":"https:\/\/www.champsblancstest.geek-tonic.dev\/camping-club-resort\/"},"modified":"2023-10-25T14:21:09","modified_gmt":"2023-10-25T12:21:09","slug":"camping-club-resort","status":"publish","type":"page","link":"https:\/\/www.champsblancstest.geek-tonic.dev\/es\/camping-club-resort\/","title":{"rendered":"Camping club en Agde"},"content":{"rendered":"<section id=\"ls-section-block_f77d723e27d118dc8c1cae59846da217\" class=\"ls-section  home-first page-one\" >\n        <div class=\"container container--full\">\n        \n\n<div class=\"wp-block-columns are-vertically-aligned-center is-layout-flex wp-container-core-columns-is-layout-9d6595d7 wp-block-columns-is-layout-flex\">\n<div class=\"wp-block-column is-vertically-aligned-center is-layout-flow wp-block-column-is-layout-flow\" style=\"flex-basis:53%\">\n<figure class=\"wp-block-gallery has-nested-images columns-default is-cropped animated fadeInLeft slow wp-block-gallery-1 is-layout-flex wp-block-gallery-is-layout-flex\">\n<figure class=\"wp-block-image size-full\"><a href=\"https:\/\/www.champsblancstest.geek-tonic.dev\/wp-content\/uploads\/2023\/10\/camping-resort-les-champs-blancs155.webp\"><img decoding=\"async\" width=\"1280\" height=\"1920\" data-id=\"9945\" src=\"https:\/\/www.champsblancstest.geek-tonic.dev\/wp-content\/uploads\/2023\/10\/camping-resort-les-champs-blancs155.webp\" alt=\"camping resort agde\" class=\"wp-image-9945\" srcset=\"https:\/\/www.champsblancstest.geek-tonic.dev\/wp-content\/uploads\/2023\/10\/camping-resort-les-champs-blancs155.webp 1280w, https:\/\/www.champsblancstest.geek-tonic.dev\/wp-content\/uploads\/2023\/10\/camping-resort-les-champs-blancs155-200x300.webp 200w, https:\/\/www.champsblancstest.geek-tonic.dev\/wp-content\/uploads\/2023\/10\/camping-resort-les-champs-blancs155-683x1024.webp 683w, https:\/\/www.champsblancstest.geek-tonic.dev\/wp-content\/uploads\/2023\/10\/camping-resort-les-champs-blancs155-768x1152.webp 768w, https:\/\/www.champsblancstest.geek-tonic.dev\/wp-content\/uploads\/2023\/10\/camping-resort-les-champs-blancs155-1024x1536.webp 1024w\" sizes=\"(max-width: 1280px) 100vw, 1280px\" \/><\/a><\/figure>\n<\/figure>\n<\/div>\n\n\n\n<div class=\"wp-block-column is-vertically-aligned-center is-layout-flow wp-block-column-is-layout-flow\" style=\"flex-basis:47%\">\n<h1 class=\"ls__heading wp-block-heading\">Camping Club en Agde<\/h1>\n\n\n\n<p class=\"ls-paragraph\">Les Champs Blancs es  <a href=\"https:\/\/www.champsblancstest.geek-tonic.dev\/es\/\">un club de camping de 5 estrellas en Cap d&#8217;Agde.  <\/a>De tama\u00f1o familiar, ofrece todos los servicios que espera cuando reserva un club de vacaciones con sus hijos: instalaciones de relajaci\u00f3n y ocio, parque acu\u00e1tico, animaci\u00f3n: \u00a1reserve su parcela para reponer fuerzas junto al mar en el H\u00e9rault!<\/p>\n<\/div>\n<\/div>\n\n\n    <\/div>\n<\/section><section id=\"ls-section-block_ad414e9f7c43b6cb161c5038968a2e33\" class=\"ls-section  home-first page-two\" >\n        <div class=\"container container--full\">\n        \n\n<div class=\"wp-block-columns are-vertically-aligned-center is-layout-flex wp-container-core-columns-is-layout-9d6595d7 wp-block-columns-is-layout-flex\">\n<div class=\"wp-block-column is-vertically-aligned-center is-layout-flow wp-block-column-is-layout-flow\" style=\"flex-basis:47%\">\n<h2 class=\"ls__heading wp-block-heading\">\u00bfQu\u00e9 es un camping club o un camping resort?<\/h2>\n\n\n\n<p class=\"ls-paragraph\"><strong>Un camping club<\/strong> se diferencia de un camping tradicional en la calidad y el n\u00famero de sus instalaciones de ocio, servicios y entretenimiento. M\u00e1s que un simple alojamiento, <strong>el camping club<\/strong> ofrece aut\u00e9nticos paquetes de vacaciones con actividades incluidas en el precio. El t\u00e9rmino <strong>\u00abresort<\/strong> \u00bb tambi\u00e9n se utiliza para describir las ciudades de vacaciones con esta noci\u00f3n de inclusividad: actividades y alojamiento se incluyen en un \u00fanico servicio. En el mundo del turismo, el t\u00e9rmino <strong>complejo tur\u00edstico<\/strong> suele referirse a las reservas individuales sin intermediarios m\u00faltiples de un paquete vacacional con todo incluido. En un club de pueblo, el \u00abtodo incluido\u00bb tambi\u00e9n es de rigor: no s\u00f3lo est\u00e1 reservando pernoctaciones, sino que est\u00e1 contratando un ambiente, supervisi\u00f3n, servicios especiales, catering, acceso ilimitado a instalaciones deportivas, de ocio y bienestar, entretenimiento para todas las edades e incluso equipos dedicados a cuidar de sus hijos.<\/p>\n<\/div>\n\n\n\n<div class=\"wp-block-column is-vertically-aligned-center is-layout-flow wp-block-column-is-layout-flow\" style=\"flex-basis:53%\">\n<figure class=\"wp-block-gallery has-nested-images columns-default is-cropped animated fadeInRight slow delay-200ms wp-block-gallery-2 is-layout-flex wp-block-gallery-is-layout-flex\">\n<figure class=\"wp-block-image size-full\"><a href=\"https:\/\/www.champsblancstest.geek-tonic.dev\/wp-content\/uploads\/2023\/10\/camping-resort-les-champs-blancs161-scaled.webp\"><img decoding=\"async\" width=\"2560\" height=\"1585\" data-id=\"9951\" src=\"https:\/\/www.champsblancstest.geek-tonic.dev\/wp-content\/uploads\/2023\/10\/camping-resort-les-champs-blancs161-scaled.webp\" alt=\"camping de gama alta cap agde&#10;\" class=\"wp-image-9951\" srcset=\"https:\/\/www.champsblancstest.geek-tonic.dev\/wp-content\/uploads\/2023\/10\/camping-resort-les-champs-blancs161-scaled.webp 2560w, https:\/\/www.champsblancstest.geek-tonic.dev\/wp-content\/uploads\/2023\/10\/camping-resort-les-champs-blancs161-300x186.webp 300w, https:\/\/www.champsblancstest.geek-tonic.dev\/wp-content\/uploads\/2023\/10\/camping-resort-les-champs-blancs161-1024x634.webp 1024w, https:\/\/www.champsblancstest.geek-tonic.dev\/wp-content\/uploads\/2023\/10\/camping-resort-les-champs-blancs161-768x476.webp 768w, https:\/\/www.champsblancstest.geek-tonic.dev\/wp-content\/uploads\/2023\/10\/camping-resort-les-champs-blancs161-1536x951.webp 1536w, https:\/\/www.champsblancstest.geek-tonic.dev\/wp-content\/uploads\/2023\/10\/camping-resort-les-champs-blancs161-2048x1268.webp 2048w\" sizes=\"(max-width: 2560px) 100vw, 2560px\" \/><\/a><\/figure>\n<\/figure>\n<\/div>\n<\/div>\n\n\n    <\/div>\n<\/section><section id=\"ls-section-block_bc17d0358fb496decc180fb727c4707a\" class=\"ls-section  home-sixth page-three has-background-image has-parallax-child\" >\n    <div class=\"ls-section__background-image opacity-100\"><img decoding=\"async\" src=\"https:\/\/www.champsblancstest.geek-tonic.dev\/wp-content\/uploads\/2023\/10\/camping-club-herault-scaled.webp\" alt=\"camping club herault\"><\/div>    <div class=\"container container--wide\">\n        \n\n<div class=\"wp-block-columns are-vertically-aligned-center is-layout-flex wp-container-core-columns-is-layout-9d6595d7 wp-block-columns-is-layout-flex\">\n<div class=\"wp-block-column is-vertically-aligned-center wp-block-column__text animated fadeInUp delay-100ms slow is-layout-flow wp-block-column-is-layout-flow\" style=\"flex-basis:66.66%\">\n<h2 class=\"ls__heading wp-block-heading\">\u00bfPor qu\u00e9 alojarse en un camping club en Cap d&#8217;Agde?<\/h2>\n\n\n\n<p class=\"ls-paragraph\">Destino vacacional ideal para todas las edades, Cap d&#8217;Agde ofrece a los veraneantes una oferta <a href=\"https:\/\/www.capdagde.com\/en\/activities\/?locale=en_GB\" target=\"_blank\" rel=\"noreferrer noopener\">de ocio para todos los gustos<\/a>: puede dedicar toda una estancia a excursiones por la naturaleza y visitas culturales, o pasar el tiempo en la playa o en los parques de atracciones. Es el destino ideal para <strong>unas vacaciones de camping<\/strong>: \u00bfbusca relajarse y tomarse un respiro tras un a\u00f1o dif\u00edcil? Reserve su parcela y descubra el programa Todos los d\u00edas, <strong>el club del camping<\/strong> le propone <a href=\"https:\/\/www.champsblancstest.geek-tonic.dev\/es\/camping-animaciones-cap-agde\/\" target=\"_blank\" rel=\"noreferrer noopener\">animaciones originales<\/a>, le sorprende con veladas tem\u00e1ticas y espect\u00e1culos familiares, y le da acceso ilimitado a su parque acu\u00e1tico y a sus campos deportivos. \u00bfQu\u00e9 mejor manera de aprovechar al m\u00e1ximo sus vacaciones en el Mediterr\u00e1neo?<\/p>\n<\/div>\n\n\n\n<div class=\"wp-block-column is-vertically-aligned-center is-layout-flow wp-block-column-is-layout-flow\" style=\"flex-basis:33.33%\">\n<div id=\"ls-heading ls-titre-div-block_45eb3972449cb5d8635048f020d16552\" class=\"ls-titre-div h1-like\" >\n    Pies<br><strong>en la arena<\/strong><\/div>\n<\/div>\n<\/div>\n\n\n    <\/div>\n<\/section><section id=\"ls-section-block_f77d723e27d118dc8c1cae59846da217\" class=\"ls-section  home-first page-one\" >\n        <div class=\"container container--full\">\n        \n\n<div class=\"wp-block-columns are-vertically-aligned-center is-layout-flex wp-container-core-columns-is-layout-9d6595d7 wp-block-columns-is-layout-flex\">\n<div class=\"wp-block-column is-vertically-aligned-center is-layout-flow wp-block-column-is-layout-flow\" style=\"flex-basis:53%\">\n<figure class=\"wp-block-gallery has-nested-images columns-default is-cropped animated fadeInLeft slow wp-block-gallery-3 is-layout-flex wp-block-gallery-is-layout-flex\">\n<figure class=\"wp-block-image size-full\"><a href=\"https:\/\/www.champsblancstest.geek-tonic.dev\/wp-content\/uploads\/2023\/10\/camping-les-champs-blancs27.webp\"><img decoding=\"async\" width=\"2560\" height=\"1920\" data-id=\"9961\" src=\"https:\/\/www.champsblancstest.geek-tonic.dev\/wp-content\/uploads\/2023\/10\/camping-les-champs-blancs27.webp\" alt=\"camping club resort les champs blancs  \" class=\"wp-image-9961\" srcset=\"https:\/\/www.champsblancstest.geek-tonic.dev\/wp-content\/uploads\/2023\/10\/camping-les-champs-blancs27.webp 2560w, https:\/\/www.champsblancstest.geek-tonic.dev\/wp-content\/uploads\/2023\/10\/camping-les-champs-blancs27-300x225.webp 300w, https:\/\/www.champsblancstest.geek-tonic.dev\/wp-content\/uploads\/2023\/10\/camping-les-champs-blancs27-1024x768.webp 1024w, https:\/\/www.champsblancstest.geek-tonic.dev\/wp-content\/uploads\/2023\/10\/camping-les-champs-blancs27-768x576.webp 768w, https:\/\/www.champsblancstest.geek-tonic.dev\/wp-content\/uploads\/2023\/10\/camping-les-champs-blancs27-1536x1152.webp 1536w, https:\/\/www.champsblancstest.geek-tonic.dev\/wp-content\/uploads\/2023\/10\/camping-les-champs-blancs27-2048x1536.webp 2048w\" sizes=\"(max-width: 2560px) 100vw, 2560px\" \/><\/a><\/figure>\n<\/figure>\n<\/div>\n\n\n\n<div class=\"wp-block-column is-vertically-aligned-center is-layout-flow wp-block-column-is-layout-flow\" style=\"flex-basis:47%\">\n<h2 class=\"ls__heading wp-block-heading\">Las ventajas de nuestro camping resort Les Champs Blancs en Agde<\/h2>\n\n\n\n<p class=\"ls-paragraph\"><strong>El club de camping Champs Blancs<\/strong> es :<\/p>\n\n\n\n<ul class=\"ls-list wp-block-list\">\n<li>Un camping a escala humana para promover servicios personalizados<\/li>\n\n\n\n<li>Una completa oferta gastron\u00f3mica con dos restaurantes, as\u00ed como aperitivos y pizzas<\/li>\n\n\n\n<li><a href=\"https:\/\/www.champsblancstest.geek-tonic.dev\/es\/camping-parque-acuatico-cabo-de-agde\/\">Un excepcional parque acu\u00e1tico<\/a> climatizado con toboganes gigantes y m\u00faltiples piscinas<\/li>\n\n\n\n<li>Playas a menos de 2 km, accesibles en bicicleta por carriles bici<\/li>\n\n\n\n<li>Amplia oferta de alojamientos, <a href=\"https:\/\/www.champsblancstest.geek-tonic.dev\/es\/alquiler-mobil-home-cap-agde\/\">casas m\u00f3viles<\/a>, chal\u00e9s y parcelas para acampada tradicional<\/li>\n\n\n\n<li><strong>Un miniclub para ni\u00f1os<\/strong> y un club para adultos con una amplia gama de actividades diurnas<\/li>\n\n\n\n<li>Espect\u00e1culos variados y de calidad y muchas sorpresas para toda la familia<\/li>\n<\/ul>\n<\/div>\n<\/div>\n\n\n    <\/div>\n<\/section><section id=\"ls-section-block_85a640bf6159c182c8171bf5242f59c5\" class=\"ls-section  page-four animated fadeInUp slow delay-100ms\" >\n        <div class=\"container container--wide\">\n        \n\n<div id=\"ls-heading ls-titre-div-block_b7ab6443c00aedd2f18d0b596831963a\" class=\"ls-titre-div aligncenter h2-like\" >\n    Descubra el camping<\/div>\n\n\n<div id=\"ls-maillage-block_d78cf1a0bcd2e5d5e49278106d6744f3\" class=\"ls-maillage cta-style-normal\" data-rows=\"3\">\n    <div class=\"wp-block-columns\"><div class=\"wp-block-column\"><div class=\"ls-cta\">\n\n<a href=\"https:\/\/www.champsblancstest.geek-tonic.dev\/es\/camping-animaciones-cap-agde\/\" target=\"\" rel=\"noopener\" class=\"ls-cta__link\">\n\n\t<div class=\"ls-cta__image\"><img decoding=\"async\" src=\"https:\/\/www.champsblancstest.geek-tonic.dev\/wp-content\/uploads\/2023\/09\/club-enfant-camping-agde-768x474.webp\" alt=\"club enfant camping agde\"><\/div>\n\t<div class=\"ls-cta__title\">\n\t\t<span class=\"champs-blancs-coin-droit\"><\/span>\n\t\tEntretenimiento y espect\u00e1culos\t\t<span class=\"champs-blancs-arrow-down\"><\/span>\n\t<\/div>\n\n\t\n<\/a><\/div><\/div><div class=\"wp-block-column\"><div class=\"ls-cta\">\n\n<a href=\"https:\/\/www.champsblancstest.geek-tonic.dev\/es\/alquiler-chalet-cap-agde\/\" target=\"\" rel=\"noopener\" class=\"ls-cta__link\">\n\n\t<div class=\"ls-cta__image\"><img decoding=\"async\" src=\"https:\/\/www.champsblancstest.geek-tonic.dev\/wp-content\/uploads\/2023\/09\/location-chalet-cap-agde-768x512.webp\" alt=\"alquiler chalet cap agde\"><\/div>\n\t<div class=\"ls-cta__title\">\n\t\t<span class=\"champs-blancs-coin-droit\"><\/span>\n\t\tLos chal\u00e9s\t\t<span class=\"champs-blancs-arrow-down\"><\/span>\n\t<\/div>\n\n\t\n<\/a><\/div><\/div><div class=\"wp-block-column\"><div class=\"ls-cta\">\n\n<a href=\"https:\/\/www.champsblancstest.geek-tonic.dev\/es\/caravaning-premium-agde\/\" target=\"\" rel=\"noopener\" class=\"ls-cta__link\">\n\n\t<div class=\"ls-cta__image\"><img decoding=\"async\" src=\"https:\/\/www.champsblancstest.geek-tonic.dev\/wp-content\/uploads\/2023\/09\/sanitaire-prive-emplacement-camping-agde.webp\" alt=\"emplazamiento sanitario privado camping agde\"><\/div>\n\t<div class=\"ls-cta__title\">\n\t\t<span class=\"champs-blancs-coin-droit\"><\/span>\n\t\tParcelas Premium\t\t<span class=\"champs-blancs-arrow-down\"><\/span>\n\t<\/div>\n\n\t\n<\/a><\/div><\/div><\/div><\/div>\n\n    <\/div>\n<\/section>","protected":false},"excerpt":{"rendered":"","protected":false},"author":1,"featured_media":9972,"parent":0,"menu_order":0,"comment_status":"closed","ping_status":"closed","template":"","meta":{"_acf_changed":false,"footnotes":""},"sujet":[],"class_list":["post-10806","page","type-page","status-publish","has-post-thumbnail","hentry"],"acf":[],"yoast_head":"<!-- This site is optimized with the Yoast SEO plugin v22.6 - https:\/\/yoast.com\/wordpress\/plugins\/seo\/ -->\n<title>Camping club 5 estrellas en Cap d&#039;Agde | Camping resort Agde<\/title>\n<meta name=\"robots\" content=\"noindex, follow, max-snippet:-1, max-image-preview:large, max-video-preview:-1\" \/>\n<meta property=\"og:locale\" content=\"es_ES\" \/>\n<meta property=\"og:type\" content=\"article\" \/>\n<meta property=\"og:title\" content=\"Camping club 5 estrellas en Cap d&#039;Agde | Camping resort Agde\" \/>\n<meta property=\"og:url\" content=\"https:\/\/www.champsblancstest.geek-tonic.dev\/fr\/camping-club-resort\/\" \/>\n<meta property=\"og:site_name\" content=\"Les Champs Blancs\" \/>\n<meta property=\"article:modified_time\" content=\"2023-10-25T12:21:09+00:00\" \/>\n<meta property=\"og:image\" content=\"https:\/\/www.champsblancstest.geek-tonic.dev\/wp-content\/uploads\/2023\/10\/camping-les-champs-blancs48.webp\" \/>\n\t<meta property=\"og:image:width\" content=\"2048\" \/>\n\t<meta property=\"og:image:height\" content=\"1536\" \/>\n\t<meta property=\"og:image:type\" content=\"image\/webp\" \/>\n<meta name=\"twitter:card\" content=\"summary_large_image\" \/>\n<meta name=\"twitter:label1\" content=\"Tiempo de lectura\" \/>\n\t<meta name=\"twitter:data1\" content=\"2 minutos\" \/>\n<script type=\"application\/ld+json\" class=\"yoast-schema-graph\">{\"@context\":\"https:\/\/schema.org\",\"@graph\":[{\"@type\":\"WebPage\",\"@id\":\"https:\/\/www.champsblancstest.geek-tonic.dev\/fr\/camping-club-resort\/\",\"url\":\"https:\/\/www.champsblancstest.geek-tonic.dev\/fr\/camping-club-resort\/\",\"name\":\"Camping club 5 estrellas en Cap d'Agde | Camping resort Agde\",\"isPartOf\":{\"@id\":\"https:\/\/www.champsblancstest.geek-tonic.dev\/fr\/#website\"},\"primaryImageOfPage\":{\"@id\":\"https:\/\/www.champsblancstest.geek-tonic.dev\/fr\/camping-club-resort\/#primaryimage\"},\"image\":{\"@id\":\"https:\/\/www.champsblancstest.geek-tonic.dev\/fr\/camping-club-resort\/#primaryimage\"},\"thumbnailUrl\":\"https:\/\/www.champsblancstest.geek-tonic.dev\/wp-content\/uploads\/2023\/10\/camping-les-champs-blancs48.webp\",\"datePublished\":\"2023-10-19T10:10:15+00:00\",\"dateModified\":\"2023-10-25T12:21:09+00:00\",\"breadcrumb\":{\"@id\":\"https:\/\/www.champsblancstest.geek-tonic.dev\/fr\/camping-club-resort\/#breadcrumb\"},\"inLanguage\":\"es\",\"potentialAction\":[{\"@type\":\"ReadAction\",\"target\":[\"https:\/\/www.champsblancstest.geek-tonic.dev\/fr\/camping-club-resort\/\"]}]},{\"@type\":\"ImageObject\",\"inLanguage\":\"es\",\"@id\":\"https:\/\/www.champsblancstest.geek-tonic.dev\/fr\/camping-club-resort\/#primaryimage\",\"url\":\"https:\/\/www.champsblancstest.geek-tonic.dev\/wp-content\/uploads\/2023\/10\/camping-les-champs-blancs48.webp\",\"contentUrl\":\"https:\/\/www.champsblancstest.geek-tonic.dev\/wp-content\/uploads\/2023\/10\/camping-les-champs-blancs48.webp\",\"width\":2048,\"height\":1536,\"caption\":\"camping les champs blancs48\"},{\"@type\":\"BreadcrumbList\",\"@id\":\"https:\/\/www.champsblancstest.geek-tonic.dev\/fr\/camping-club-resort\/#breadcrumb\",\"itemListElement\":[{\"@type\":\"ListItem\",\"position\":1,\"name\":\"Acampar Cap d'Agde\",\"item\":\"https:\/\/www.champsblancstest.geek-tonic.dev\/fr\/\"},{\"@type\":\"ListItem\",\"position\":2,\"name\":\"Camping club en Agde\"}]},{\"@type\":\"WebSite\",\"@id\":\"https:\/\/www.champsblancstest.geek-tonic.dev\/fr\/#website\",\"url\":\"https:\/\/www.champsblancstest.geek-tonic.dev\/fr\/\",\"name\":\"Les Champs Blancs\",\"description\":\"\",\"publisher\":{\"@id\":\"https:\/\/www.champsblancstest.geek-tonic.dev\/fr\/#organization\"},\"potentialAction\":[{\"@type\":\"SearchAction\",\"target\":{\"@type\":\"EntryPoint\",\"urlTemplate\":\"https:\/\/www.champsblancstest.geek-tonic.dev\/fr\/?s={search_term_string}\"},\"query-input\":\"required name=search_term_string\"}],\"inLanguage\":\"es\"},{\"@type\":\"Organization\",\"@id\":\"https:\/\/www.champsblancstest.geek-tonic.dev\/fr\/#organization\",\"name\":\"Les Champs Blancs\",\"url\":\"https:\/\/www.champsblancstest.geek-tonic.dev\/fr\/\",\"logo\":{\"@type\":\"ImageObject\",\"inLanguage\":\"es\",\"@id\":\"https:\/\/www.champsblancstest.geek-tonic.dev\/fr\/#\/schema\/logo\/image\/\",\"url\":\"https:\/\/www.champsblancstest.geek-tonic.dev\/wp-content\/uploads\/2023\/07\/logo-blanc-camping-les-champs-blancs.webp\",\"contentUrl\":\"https:\/\/www.champsblancstest.geek-tonic.dev\/wp-content\/uploads\/2023\/07\/logo-blanc-camping-les-champs-blancs.webp\",\"width\":821,\"height\":657,\"caption\":\"Les Champs Blancs\"},\"image\":{\"@id\":\"https:\/\/www.champsblancstest.geek-tonic.dev\/fr\/#\/schema\/logo\/image\/\"}}]}<\/script>\n<!-- \/ Yoast SEO plugin. -->","yoast_head_json":{"title":"Camping club 5 estrellas en Cap d'Agde | Camping resort Agde","robots":{"index":"noindex","follow":"follow","max-snippet":"max-snippet:-1","max-image-preview":"max-image-preview:large","max-video-preview":"max-video-preview:-1"},"og_locale":"es_ES","og_type":"article","og_title":"Camping club 5 estrellas en Cap d'Agde | Camping resort Agde","og_url":"https:\/\/www.champsblancstest.geek-tonic.dev\/fr\/camping-club-resort\/","og_site_name":"Les Champs Blancs","article_modified_time":"2023-10-25T12:21:09+00:00","og_image":[{"width":2048,"height":1536,"url":"https:\/\/www.champsblancstest.geek-tonic.dev\/wp-content\/uploads\/2023\/10\/camping-les-champs-blancs48.webp","type":"image\/webp"}],"twitter_card":"summary_large_image","twitter_misc":{"Tiempo de lectura":"2 minutos"},"schema":{"@context":"https:\/\/schema.org","@graph":[{"@type":"WebPage","@id":"https:\/\/www.champsblancstest.geek-tonic.dev\/fr\/camping-club-resort\/","url":"https:\/\/www.champsblancstest.geek-tonic.dev\/fr\/camping-club-resort\/","name":"Camping club 5 estrellas en Cap d'Agde | Camping resort Agde","isPartOf":{"@id":"https:\/\/www.champsblancstest.geek-tonic.dev\/fr\/#website"},"primaryImageOfPage":{"@id":"https:\/\/www.champsblancstest.geek-tonic.dev\/fr\/camping-club-resort\/#primaryimage"},"image":{"@id":"https:\/\/www.champsblancstest.geek-tonic.dev\/fr\/camping-club-resort\/#primaryimage"},"thumbnailUrl":"https:\/\/www.champsblancstest.geek-tonic.dev\/wp-content\/uploads\/2023\/10\/camping-les-champs-blancs48.webp","datePublished":"2023-10-19T10:10:15+00:00","dateModified":"2023-10-25T12:21:09+00:00","breadcrumb":{"@id":"https:\/\/www.champsblancstest.geek-tonic.dev\/fr\/camping-club-resort\/#breadcrumb"},"inLanguage":"es","potentialAction":[{"@type":"ReadAction","target":["https:\/\/www.champsblancstest.geek-tonic.dev\/fr\/camping-club-resort\/"]}]},{"@type":"ImageObject","inLanguage":"es","@id":"https:\/\/www.champsblancstest.geek-tonic.dev\/fr\/camping-club-resort\/#primaryimage","url":"https:\/\/www.champsblancstest.geek-tonic.dev\/wp-content\/uploads\/2023\/10\/camping-les-champs-blancs48.webp","contentUrl":"https:\/\/www.champsblancstest.geek-tonic.dev\/wp-content\/uploads\/2023\/10\/camping-les-champs-blancs48.webp","width":2048,"height":1536,"caption":"camping les champs blancs48"},{"@type":"BreadcrumbList","@id":"https:\/\/www.champsblancstest.geek-tonic.dev\/fr\/camping-club-resort\/#breadcrumb","itemListElement":[{"@type":"ListItem","position":1,"name":"Acampar Cap d'Agde","item":"https:\/\/www.champsblancstest.geek-tonic.dev\/fr\/"},{"@type":"ListItem","position":2,"name":"Camping club en Agde"}]},{"@type":"WebSite","@id":"https:\/\/www.champsblancstest.geek-tonic.dev\/fr\/#website","url":"https:\/\/www.champsblancstest.geek-tonic.dev\/fr\/","name":"Les Champs Blancs","description":"","publisher":{"@id":"https:\/\/www.champsblancstest.geek-tonic.dev\/fr\/#organization"},"potentialAction":[{"@type":"SearchAction","target":{"@type":"EntryPoint","urlTemplate":"https:\/\/www.champsblancstest.geek-tonic.dev\/fr\/?s={search_term_string}"},"query-input":"required name=search_term_string"}],"inLanguage":"es"},{"@type":"Organization","@id":"https:\/\/www.champsblancstest.geek-tonic.dev\/fr\/#organization","name":"Les Champs Blancs","url":"https:\/\/www.champsblancstest.geek-tonic.dev\/fr\/","logo":{"@type":"ImageObject","inLanguage":"es","@id":"https:\/\/www.champsblancstest.geek-tonic.dev\/fr\/#\/schema\/logo\/image\/","url":"https:\/\/www.champsblancstest.geek-tonic.dev\/wp-content\/uploads\/2023\/07\/logo-blanc-camping-les-champs-blancs.webp","contentUrl":"https:\/\/www.champsblancstest.geek-tonic.dev\/wp-content\/uploads\/2023\/07\/logo-blanc-camping-les-champs-blancs.webp","width":821,"height":657,"caption":"Les Champs Blancs"},"image":{"@id":"https:\/\/www.champsblancstest.geek-tonic.dev\/fr\/#\/schema\/logo\/image\/"}}]}},"_links":{"self":[{"href":"https:\/\/www.champsblancstest.geek-tonic.dev\/es\/wp-json\/wp\/v2\/pages\/10806","targetHints":{"allow":["GET"]}}],"collection":[{"href":"https:\/\/www.champsblancstest.geek-tonic.dev\/es\/wp-json\/wp\/v2\/pages"}],"about":[{"href":"https:\/\/www.champsblancstest.geek-tonic.dev\/es\/wp-json\/wp\/v2\/types\/page"}],"author":[{"embeddable":true,"href":"https:\/\/www.champsblancstest.geek-tonic.dev\/es\/wp-json\/wp\/v2\/users\/1"}],"replies":[{"embeddable":true,"href":"https:\/\/www.champsblancstest.geek-tonic.dev\/es\/wp-json\/wp\/v2\/comments?post=10806"}],"version-history":[{"count":4,"href":"https:\/\/www.champsblancstest.geek-tonic.dev\/es\/wp-json\/wp\/v2\/pages\/10806\/revisions"}],"predecessor-version":[{"id":15336,"href":"https:\/\/www.champsblancstest.geek-tonic.dev\/es\/wp-json\/wp\/v2\/pages\/10806\/revisions\/15336"}],"wp:featuredmedia":[{"embeddable":true,"href":"https:\/\/www.champsblancstest.geek-tonic.dev\/es\/wp-json\/wp\/v2\/media\/9972"}],"wp:attachment":[{"href":"https:\/\/www.champsblancstest.geek-tonic.dev\/es\/wp-json\/wp\/v2\/media?parent=10806"}],"wp:term":[{"taxonomy":"sujet","embeddable":true,"href":"https:\/\/www.champsblancstest.geek-tonic.dev\/es\/wp-json\/wp\/v2\/sujet?post=10806"}],"curies":[{"name":"wp","href":"https:\/\/api.w.org\/{rel}","templated":true}]}}