{"id":11106,"date":"2023-10-24T16:15:53","date_gmt":"2023-10-24T14:15:53","guid":{"rendered":"https:\/\/www.champsblancstest.geek-tonic.dev\/nota-maxima\/"},"modified":"2023-11-28T11:18:24","modified_gmt":"2023-11-28T10:18:24","slug":"nota-maxima","status":"publish","type":"page","link":"https:\/\/www.champsblancstest.geek-tonic.dev\/es\/nota-maxima\/","title":{"rendered":"Informaci\u00f3n jur\u00eddica"},"content":{"rendered":"\n<div class=\"wp-block-group\" style=\"margin-top:var(--wp--preset--spacing--80);margin-bottom:var(--wp--preset--spacing--80);padding-top:var(--wp--preset--spacing--60);padding-bottom:var(--wp--preset--spacing--60)\"><div class=\"wp-block-group__inner-container is-layout-constrained wp-container-core-group-is-layout-e025d9cf wp-block-group-is-layout-constrained\">\n<h1 class=\"ls__heading wp-block-heading alignwide has-text-align-center has-link-color-color has-text-color has-x-large-font-size\" style=\"margin-top:var(--wp--preset--spacing--60);margin-right:var(--wp--preset--spacing--60);margin-bottom:var(--wp--preset--spacing--60);margin-left:var(--wp--preset--spacing--60);padding-top:var(--wp--preset--spacing--60);padding-right:var(--wp--preset--spacing--60);padding-bottom:var(--wp--preset--spacing--60);padding-left:var(--wp--preset--spacing--60);text-transform:capitalize\">Informaci\u00f3n jur\u00eddica<\/h1>\n\n\n\n<p class=\"ls-paragraph has-text-align-center\">Consulte a continuaci\u00f3n los avisos legales del sitio web de nuestro camping.<\/p>\n\n\n\n<h2 class=\"ls__heading wp-block-heading has-text-align-center\">EDITOR DEL SITIO WEB<\/h2>\n\n\n\n<p class=\"ls-paragraph has-text-align-center\"><strong>Empresa<\/strong>: Camping Resort les Champs Blancs *****  <br\/>Representado por el Sr. Rapha\u00ebl Jullien en su calidad de Director General.<br\/>N\u00famero SIRET: 344 735 014 00013<br\/>N\u00daMERO DE SIRENA: 344 735 014<br\/>Tel : +33 (0)4 67 94 23 42<br\/>Direcci\u00f3n: 76 Route de Rochelongue 34300 Agde<br\/>Correo electr\u00f3nico : contact@champsblancstest.geek-tonic.dev<br\/><\/p>\n\n\n\n<h2 class=\"ls__heading wp-block-heading has-text-align-center\">PRODUCCI\u00d3N<\/h2>\n\n\n\n<p class=\"ls-paragraph has-text-align-center\"><strong>GEEK TONIC<\/strong>, representada por el Sr. Yohan Darmayan en calidad de Gerente<br\/>Domicilio social: 50 Avenue du Lac Marion 64200 Biarritz<br\/>Tel\u00e9fono: 05 32 74 11 52<br\/>Correo electr\u00f3nico: support@geek-tonic.com<br\/>P\u00e1gina web: <a href=\"https:\/\/www.geek-tonic.com\/\" target=\"_blank\" rel=\"noreferrer noopener\">www.geek-tonic.com<\/a><br\/>SIRET: 89746755100015<br\/>APE : 6201Z<\/p>\n\n\n\n<h2 class=\"ls__heading wp-block-heading has-text-align-center\">DERECHOS DE AUTOR Y COPYRIGHT<\/h2>\n\n\n\n<p class=\"ls-paragraph has-text-align-center\">Todo el contenido de este sitio est\u00e1 sujeto a derechos de autor y de propiedad intelectual seg\u00fan la legislaci\u00f3n francesa.<br\/>Queda prohibida cualquier reproducci\u00f3n (incluidas fotos, iconos y documentos descargables) sin el consentimiento previo de GEEK TONIC.<br\/>Queda prohibida la reproducci\u00f3n en un soporte electr\u00f3nico de la totalidad o parte del sitio en papel o formato electr\u00f3nico.<br\/>GEEK TONIC no asume responsabilidad alguna por el contenido del sitio web.<br\/>GEEK TONIC declina asimismo toda responsabilidad por los enlaces externos que apunten a este sitio.<\/p>\n\n\n\n<h2 class=\"ls__heading wp-block-heading has-text-align-center\">DATOS PERSONALES E INFORMACI\u00d3N NOMINATIVA<\/h2>\n\n\n\n<p class=\"ls-paragraph has-text-align-center\">Tiene derecho a acceder, modificar, rectificar y suprimir los datos que le conciernen de conformidad con el art\u00edculo 34 de la Ley francesa de protecci\u00f3n de datos (Loi \u00abInformatique et Libert\u00e9s\u00bb) n\u00ba 78-17 de 6 de enero de 1978, modificada el 6 de agosto de 2018.<br\/>Para ejercer su derecho de acceso, basta con enviar una solicitud por escrito al editor del sitio.<\/p>\n\n\n\n<h2 class=\"ls__heading wp-block-heading has-text-align-center\">LEGISLACI\u00d3N<\/h2>\n\n\n\n<p class=\"ls-paragraph has-text-align-center\">De conformidad con la ley de 11 de marzo de 1957 (art. 41) y el c\u00f3digo de la propiedad intelectual de 1 de julio de 1992, est\u00e1 prohibida la reproducci\u00f3n total o parcial del sitio sin autorizaci\u00f3n previa del editor del sitio.<br\/>Los logotipos, elementos visuales, fotos, v\u00eddeos, cuadros gr\u00e1ficos y textos son propiedad de sus respectivos due\u00f1os.<br\/>Este sitio puede, sin su conocimiento, haber sido vinculado a otros sitios a trav\u00e9s de enlaces hipermedia. El editor del sitio no acepta responsabilidad alguna por la informaci\u00f3n presentada en estos otros sitios.<br\/>Los internautas reconocen que el uso de este sitio se rige por la legislaci\u00f3n francesa.<\/p>\n<\/div><\/div>\n","protected":false},"excerpt":{"rendered":"<p>Informaci\u00f3n jur\u00eddica Consulte a continuaci\u00f3n los avisos legales del sitio web de nuestro camping. EDITOR DEL SITIO WEB Empresa: Camping Resort les Champs Blancs ***** Representado por el Sr. Rapha\u00ebl Jullien en su calidad de Director General.N\u00famero SIRET: 344 735 014 00013N\u00daMERO DE SIRENA: 344 735 014Tel : +33 (0)4 67 94 23 42Direcci\u00f3n: 76 [&hellip;]<\/p>\n","protected":false},"author":1,"featured_media":0,"parent":0,"menu_order":0,"comment_status":"closed","ping_status":"closed","template":"","meta":{"_acf_changed":false,"footnotes":""},"sujet":[],"class_list":["post-11106","page","type-page","status-publish","hentry"],"acf":[],"yoast_head":"<!-- This site is optimized with the Yoast SEO plugin v22.6 - https:\/\/yoast.com\/wordpress\/plugins\/seo\/ -->\n<title>Informaci\u00f3n jur\u00eddica - Les Champs Blancs<\/title>\n<meta name=\"robots\" content=\"noindex, follow\" \/>\n<meta property=\"og:locale\" content=\"es_ES\" \/>\n<meta property=\"og:type\" content=\"article\" \/>\n<meta property=\"og:title\" content=\"Informaci\u00f3n jur\u00eddica - Les Champs Blancs\" \/>\n<meta property=\"og:description\" content=\"Informaci\u00f3n jur\u00eddica Consulte a continuaci\u00f3n los avisos legales del sitio web de nuestro camping. EDITOR DEL SITIO WEB Empresa: Camping Resort les Champs Blancs ***** Representado por el Sr. Rapha\u00ebl Jullien en su calidad de Director General.N\u00famero SIRET: 344 735 014 00013N\u00daMERO DE SIRENA: 344 735 014Tel : +33 (0)4 67 94 23 42Direcci\u00f3n: 76 [&hellip;]\" \/>\n<meta property=\"og:url\" content=\"https:\/\/www.champsblancstest.geek-tonic.dev\/fr\/mentions-legales\/\" \/>\n<meta property=\"og:site_name\" content=\"Les Champs Blancs\" \/>\n<meta property=\"article:modified_time\" content=\"2023-11-28T10:18:24+00:00\" \/>\n<meta name=\"twitter:card\" content=\"summary_large_image\" \/>\n<meta name=\"twitter:label1\" content=\"Tiempo de lectura\" \/>\n\t<meta name=\"twitter:data1\" content=\"2 minutos\" \/>\n<script type=\"application\/ld+json\" class=\"yoast-schema-graph\">{\"@context\":\"https:\/\/schema.org\",\"@graph\":[{\"@type\":\"WebPage\",\"@id\":\"https:\/\/www.champsblancstest.geek-tonic.dev\/fr\/mentions-legales\/\",\"url\":\"https:\/\/www.champsblancstest.geek-tonic.dev\/fr\/mentions-legales\/\",\"name\":\"Informaci\u00f3n jur\u00eddica - Les Champs Blancs\",\"isPartOf\":{\"@id\":\"https:\/\/www.champsblancstest.geek-tonic.dev\/fr\/#website\"},\"datePublished\":\"2023-10-24T14:15:53+00:00\",\"dateModified\":\"2023-11-28T10:18:24+00:00\",\"breadcrumb\":{\"@id\":\"https:\/\/www.champsblancstest.geek-tonic.dev\/fr\/mentions-legales\/#breadcrumb\"},\"inLanguage\":\"es\",\"potentialAction\":[{\"@type\":\"ReadAction\",\"target\":[\"https:\/\/www.champsblancstest.geek-tonic.dev\/fr\/mentions-legales\/\"]}]},{\"@type\":\"BreadcrumbList\",\"@id\":\"https:\/\/www.champsblancstest.geek-tonic.dev\/fr\/mentions-legales\/#breadcrumb\",\"itemListElement\":[{\"@type\":\"ListItem\",\"position\":1,\"name\":\"Acampar Cap d'Agde\",\"item\":\"https:\/\/www.champsblancstest.geek-tonic.dev\/fr\/\"},{\"@type\":\"ListItem\",\"position\":2,\"name\":\"Informaci\u00f3n jur\u00eddica\"}]},{\"@type\":\"WebSite\",\"@id\":\"https:\/\/www.champsblancstest.geek-tonic.dev\/fr\/#website\",\"url\":\"https:\/\/www.champsblancstest.geek-tonic.dev\/fr\/\",\"name\":\"Les Champs Blancs\",\"description\":\"\",\"publisher\":{\"@id\":\"https:\/\/www.champsblancstest.geek-tonic.dev\/fr\/#organization\"},\"potentialAction\":[{\"@type\":\"SearchAction\",\"target\":{\"@type\":\"EntryPoint\",\"urlTemplate\":\"https:\/\/www.champsblancstest.geek-tonic.dev\/fr\/?s={search_term_string}\"},\"query-input\":\"required name=search_term_string\"}],\"inLanguage\":\"es\"},{\"@type\":\"Organization\",\"@id\":\"https:\/\/www.champsblancstest.geek-tonic.dev\/fr\/#organization\",\"name\":\"Les Champs Blancs\",\"url\":\"https:\/\/www.champsblancstest.geek-tonic.dev\/fr\/\",\"logo\":{\"@type\":\"ImageObject\",\"inLanguage\":\"es\",\"@id\":\"https:\/\/www.champsblancstest.geek-tonic.dev\/fr\/#\/schema\/logo\/image\/\",\"url\":\"https:\/\/www.champsblancstest.geek-tonic.dev\/wp-content\/uploads\/2023\/07\/logo-blanc-camping-les-champs-blancs.webp\",\"contentUrl\":\"https:\/\/www.champsblancstest.geek-tonic.dev\/wp-content\/uploads\/2023\/07\/logo-blanc-camping-les-champs-blancs.webp\",\"width\":821,\"height\":657,\"caption\":\"Les Champs Blancs\"},\"image\":{\"@id\":\"https:\/\/www.champsblancstest.geek-tonic.dev\/fr\/#\/schema\/logo\/image\/\"}}]}<\/script>\n<!-- \/ Yoast SEO plugin. -->","yoast_head_json":{"title":"Informaci\u00f3n jur\u00eddica - Les Champs Blancs","robots":{"index":"noindex","follow":"follow"},"og_locale":"es_ES","og_type":"article","og_title":"Informaci\u00f3n jur\u00eddica - Les Champs Blancs","og_description":"Informaci\u00f3n jur\u00eddica Consulte a continuaci\u00f3n los avisos legales del sitio web de nuestro camping. EDITOR DEL SITIO WEB Empresa: Camping Resort les Champs Blancs ***** Representado por el Sr. Rapha\u00ebl Jullien en su calidad de Director General.N\u00famero SIRET: 344 735 014 00013N\u00daMERO DE SIRENA: 344 735 014Tel : +33 (0)4 67 94 23 42Direcci\u00f3n: 76 [&hellip;]","og_url":"https:\/\/www.champsblancstest.geek-tonic.dev\/fr\/mentions-legales\/","og_site_name":"Les Champs Blancs","article_modified_time":"2023-11-28T10:18:24+00:00","twitter_card":"summary_large_image","twitter_misc":{"Tiempo de lectura":"2 minutos"},"schema":{"@context":"https:\/\/schema.org","@graph":[{"@type":"WebPage","@id":"https:\/\/www.champsblancstest.geek-tonic.dev\/fr\/mentions-legales\/","url":"https:\/\/www.champsblancstest.geek-tonic.dev\/fr\/mentions-legales\/","name":"Informaci\u00f3n jur\u00eddica - Les Champs Blancs","isPartOf":{"@id":"https:\/\/www.champsblancstest.geek-tonic.dev\/fr\/#website"},"datePublished":"2023-10-24T14:15:53+00:00","dateModified":"2023-11-28T10:18:24+00:00","breadcrumb":{"@id":"https:\/\/www.champsblancstest.geek-tonic.dev\/fr\/mentions-legales\/#breadcrumb"},"inLanguage":"es","potentialAction":[{"@type":"ReadAction","target":["https:\/\/www.champsblancstest.geek-tonic.dev\/fr\/mentions-legales\/"]}]},{"@type":"BreadcrumbList","@id":"https:\/\/www.champsblancstest.geek-tonic.dev\/fr\/mentions-legales\/#breadcrumb","itemListElement":[{"@type":"ListItem","position":1,"name":"Acampar Cap d'Agde","item":"https:\/\/www.champsblancstest.geek-tonic.dev\/fr\/"},{"@type":"ListItem","position":2,"name":"Informaci\u00f3n jur\u00eddica"}]},{"@type":"WebSite","@id":"https:\/\/www.champsblancstest.geek-tonic.dev\/fr\/#website","url":"https:\/\/www.champsblancstest.geek-tonic.dev\/fr\/","name":"Les Champs Blancs","description":"","publisher":{"@id":"https:\/\/www.champsblancstest.geek-tonic.dev\/fr\/#organization"},"potentialAction":[{"@type":"SearchAction","target":{"@type":"EntryPoint","urlTemplate":"https:\/\/www.champsblancstest.geek-tonic.dev\/fr\/?s={search_term_string}"},"query-input":"required name=search_term_string"}],"inLanguage":"es"},{"@type":"Organization","@id":"https:\/\/www.champsblancstest.geek-tonic.dev\/fr\/#organization","name":"Les Champs Blancs","url":"https:\/\/www.champsblancstest.geek-tonic.dev\/fr\/","logo":{"@type":"ImageObject","inLanguage":"es","@id":"https:\/\/www.champsblancstest.geek-tonic.dev\/fr\/#\/schema\/logo\/image\/","url":"https:\/\/www.champsblancstest.geek-tonic.dev\/wp-content\/uploads\/2023\/07\/logo-blanc-camping-les-champs-blancs.webp","contentUrl":"https:\/\/www.champsblancstest.geek-tonic.dev\/wp-content\/uploads\/2023\/07\/logo-blanc-camping-les-champs-blancs.webp","width":821,"height":657,"caption":"Les Champs Blancs"},"image":{"@id":"https:\/\/www.champsblancstest.geek-tonic.dev\/fr\/#\/schema\/logo\/image\/"}}]}},"_links":{"self":[{"href":"https:\/\/www.champsblancstest.geek-tonic.dev\/es\/wp-json\/wp\/v2\/pages\/11106","targetHints":{"allow":["GET"]}}],"collection":[{"href":"https:\/\/www.champsblancstest.geek-tonic.dev\/es\/wp-json\/wp\/v2\/pages"}],"about":[{"href":"https:\/\/www.champsblancstest.geek-tonic.dev\/es\/wp-json\/wp\/v2\/types\/page"}],"author":[{"embeddable":true,"href":"https:\/\/www.champsblancstest.geek-tonic.dev\/es\/wp-json\/wp\/v2\/users\/1"}],"replies":[{"embeddable":true,"href":"https:\/\/www.champsblancstest.geek-tonic.dev\/es\/wp-json\/wp\/v2\/comments?post=11106"}],"version-history":[{"count":2,"href":"https:\/\/www.champsblancstest.geek-tonic.dev\/es\/wp-json\/wp\/v2\/pages\/11106\/revisions"}],"predecessor-version":[{"id":15772,"href":"https:\/\/www.champsblancstest.geek-tonic.dev\/es\/wp-json\/wp\/v2\/pages\/11106\/revisions\/15772"}],"wp:attachment":[{"href":"https:\/\/www.champsblancstest.geek-tonic.dev\/es\/wp-json\/wp\/v2\/media?parent=11106"}],"wp:term":[{"taxonomy":"sujet","embeddable":true,"href":"https:\/\/www.champsblancstest.geek-tonic.dev\/es\/wp-json\/wp\/v2\/sujet?post=11106"}],"curies":[{"name":"wp","href":"https:\/\/api.w.org\/{rel}","templated":true}]}}