{"id":11112,"date":"2023-10-24T16:15:55","date_gmt":"2023-10-24T14:15:55","guid":{"rendered":"https:\/\/www.champsblancstest.geek-tonic.dev\/petit-camping\/"},"modified":"2023-10-26T16:40:48","modified_gmt":"2023-10-26T14:40:48","slug":"pequeno-camping","status":"publish","type":"page","link":"https:\/\/www.champsblancstest.geek-tonic.dev\/es\/pequeno-camping\/","title":{"rendered":"Peque\u00f1o camping"},"content":{"rendered":"<section id=\"ls-section-block_88dadce3f499457c32171996357dc527\" class=\"ls-section  home-first page-one\" >\n        <div class=\"container container--full\">\n        \n\n<div class=\"wp-block-columns are-vertically-aligned-center is-layout-flex wp-container-core-columns-is-layout-9d6595d7 wp-block-columns-is-layout-flex\">\n<div class=\"wp-block-column is-vertically-aligned-center is-layout-flow wp-block-column-is-layout-flow\" style=\"flex-basis:53%\">\n<figure class=\"wp-block-gallery has-nested-images columns-default is-cropped animated fadeInLeft slow wp-block-gallery-1 is-layout-flex wp-block-gallery-is-layout-flex\">\n<figure class=\"wp-block-image size-full\"><a href=\"https:\/\/www.champsblancstest.geek-tonic.dev\/wp-content\/uploads\/2023\/09\/camping-piscines-cap-agde-herault-scaled.webp\"><img decoding=\"async\" width=\"2560\" height=\"1843\" data-id=\"9269\" src=\"https:\/\/www.champsblancstest.geek-tonic.dev\/wp-content\/uploads\/2023\/09\/camping-piscines-cap-agde-herault-scaled.webp\" alt=\"camping piscinas cap agde herault\" class=\"wp-image-9269\" srcset=\"https:\/\/www.champsblancstest.geek-tonic.dev\/wp-content\/uploads\/2023\/09\/camping-piscines-cap-agde-herault-scaled.webp 2560w, https:\/\/www.champsblancstest.geek-tonic.dev\/wp-content\/uploads\/2023\/09\/camping-piscines-cap-agde-herault-300x216.webp 300w, https:\/\/www.champsblancstest.geek-tonic.dev\/wp-content\/uploads\/2023\/09\/camping-piscines-cap-agde-herault-1024x737.webp 1024w, https:\/\/www.champsblancstest.geek-tonic.dev\/wp-content\/uploads\/2023\/09\/camping-piscines-cap-agde-herault-768x553.webp 768w, https:\/\/www.champsblancstest.geek-tonic.dev\/wp-content\/uploads\/2023\/09\/camping-piscines-cap-agde-herault-1536x1106.webp 1536w, https:\/\/www.champsblancstest.geek-tonic.dev\/wp-content\/uploads\/2023\/09\/camping-piscines-cap-agde-herault-2048x1474.webp 2048w\" sizes=\"(max-width: 2560px) 100vw, 2560px\" \/><\/a><\/figure>\n<\/figure>\n<\/div>\n\n\n\n<div class=\"wp-block-column is-vertically-aligned-center is-layout-flow wp-block-column-is-layout-flow\" style=\"flex-basis:47%\">\n<h1 class=\"ls__heading wp-block-heading\">Vacaciones en un peque\u00f1o camping en Cap d&#8217;Agde<\/h1>\n\n\n\n<p class=\"ls-paragraph\">\u00bfDesea relajarse y desconectar en sus pr\u00f3ximas vacaciones? Reserve su parcela o mobil home en <a href=\"https:\/\/www.champsblancstest.geek-tonic.dev\/es\/\">un camping familiar en Cap d&#8217;Agde<\/a>, idealmente situado cerca de las playas y dotado de un bonito parque acu\u00e1tico.<\/p>\n<\/div>\n<\/div>\n\n\n    <\/div>\n<\/section><section id=\"ls-section-block_f48c117d9ba42dc0db1904a5f0eca755\" class=\"ls-section  home-first page-two\" >\n        <div class=\"container container--full\">\n        \n\n<div class=\"wp-block-columns are-vertically-aligned-center is-layout-flex wp-container-core-columns-is-layout-9d6595d7 wp-block-columns-is-layout-flex\">\n<div class=\"wp-block-column is-vertically-aligned-center is-layout-flow wp-block-column-is-layout-flow\" style=\"flex-basis:47%\">\n<h2 class=\"ls__heading wp-block-heading\">LES CHAMPS BLANCS, UN PEQUE\u00d1O CAMPING EN AGDE<\/h2>\n\n\n\n<p class=\"ls-paragraph\"><strong>El peque\u00f1o camping Les champs blancs<\/strong> le acoge en Cap d&#8217;Agde en un ambiente familiar para unas vacaciones rejuvenecedoras en el Mediterr\u00e1neo. \u00bfLe gustan los campings tradicionales, los chal\u00e9s con encanto o las casas m\u00f3viles contempor\u00e1neas? Les Champs Blancs ofrece una amplia gama de alojamientos en una finca de tama\u00f1o humano, situada alrededor de <a href=\"https:\/\/www.champsblancstest.geek-tonic.dev\/es\/camping-parque-acuatico-cabo-de-agde\/\">un hermoso parque acu\u00e1tico con piscinas climatizadas y toboganes<\/a>. A pocos minutos en bicicleta de las playas y lugares tur\u00edsticos de Cap d&#8217;Agde, disfrute del encanto de <strong>un peque\u00f1o camping<\/strong> con una c\u00e1lida bienvenida. Veladas acogedoras, servicios privilegiados y un ambiente agradable har\u00e1n de sus vacaciones en Cap d&#8217;Agde una escapada revitalizante. Ideal para unas vacaciones en familia en el H\u00e9rault, <strong>el peque\u00f1o camping Champs blancs<\/strong> tambi\u00e9n tiene muchas sorpresas para sus hijos, como un magn\u00edfico miniclub y numerosas actividades en las que podr\u00e1n hacer nuevos amigos.<\/p>\n<\/div>\n\n\n\n<div class=\"wp-block-column is-vertically-aligned-center is-layout-flow wp-block-column-is-layout-flow\" style=\"flex-basis:53%\">\n<figure class=\"wp-block-gallery has-nested-images columns-default is-cropped animated fadeInRight slow delay-200ms wp-block-gallery-2 is-layout-flex wp-block-gallery-is-layout-flex\">\n<figure class=\"wp-block-image size-large\"><a href=\"https:\/\/www.champsblancstest.geek-tonic.dev\/wp-content\/uploads\/2023\/09\/petit-camping-avec-parc-aquatique-scaled.webp\"><img decoding=\"async\" width=\"1024\" height=\"683\" data-id=\"9409\" src=\"https:\/\/www.champsblancstest.geek-tonic.dev\/wp-content\/uploads\/2023\/09\/petit-camping-avec-parc-aquatique-1024x683.webp\" alt=\"peque&#xF1;o camping con parque acu&#xE1;tico\" class=\"wp-image-9409\" srcset=\"https:\/\/www.champsblancstest.geek-tonic.dev\/wp-content\/uploads\/2023\/09\/petit-camping-avec-parc-aquatique-1024x683.webp 1024w, https:\/\/www.champsblancstest.geek-tonic.dev\/wp-content\/uploads\/2023\/09\/petit-camping-avec-parc-aquatique-300x200.webp 300w, https:\/\/www.champsblancstest.geek-tonic.dev\/wp-content\/uploads\/2023\/09\/petit-camping-avec-parc-aquatique-768x512.webp 768w, https:\/\/www.champsblancstest.geek-tonic.dev\/wp-content\/uploads\/2023\/09\/petit-camping-avec-parc-aquatique-1536x1024.webp 1536w, https:\/\/www.champsblancstest.geek-tonic.dev\/wp-content\/uploads\/2023\/09\/petit-camping-avec-parc-aquatique-2048x1365.webp 2048w\" sizes=\"(max-width: 1024px) 100vw, 1024px\" \/><\/a><\/figure>\n<\/figure>\n<\/div>\n<\/div>\n\n\n    <\/div>\n<\/section><section id=\"ls-section-block_88bc8b89a9e12a3ee877835881a7129a\" class=\"ls-section  home-sixth page-three has-background-image has-parallax-child\" >\n    <div class=\"ls-section__background-image opacity-100\"><img decoding=\"async\" src=\"https:\/\/www.champsblancstest.geek-tonic.dev\/wp-content\/uploads\/2023\/09\/location-mobil-home-petit-camping-scaled.webp\" alt=\"alquiler de mobil home camping peque\u00f1o\"><\/div>    <div class=\"container container--wide\">\n        \n\n<div class=\"wp-block-columns are-vertically-aligned-center is-layout-flex wp-container-core-columns-is-layout-9d6595d7 wp-block-columns-is-layout-flex\">\n<div class=\"wp-block-column is-vertically-aligned-center wp-block-column__text animated fadeInUp delay-100ms slow is-layout-flow wp-block-column-is-layout-flow\" style=\"flex-basis:66.66%\">\n<h2 class=\"ls__heading wp-block-heading\">ALQUILE UNA MOBIL HOME EN NUESTRO CAMPING CONFIDENCIAL EN CAP D&#8217;AGDE<\/h2>\n\n\n\n<p class=\"ls-paragraph\">Para sus pr\u00f3ximas vacaciones junto al mar, \u00bfpor qu\u00e9 no alquilar una casa m\u00f3vil en el <strong>peque\u00f1o camping Champs blancs de Cap d&#8217;Agde<\/strong>? Este establecimiento familiar le ofrece unas vacaciones de 5 estrellas a pocos minutos de las playas, en el alojamiento de alquiler que elija: desde  <a href=\"https:\/\/www.champsblancstest.geek-tonic.dev\/es\/alquiler-mobil-home-cap-agde\/\">casas m\u00f3viles est\u00e1ndar<\/a>Se trata de casas m\u00f3viles climatizadas o Premium con 2 o 3 dormitorios para 4 a 6 personas, casas m\u00f3viles de lujo con jacuzzi privado y casas m\u00f3viles XXL para 8 personas, as\u00ed como chal\u00e9s de madera cl\u00e1sicos o climatizados. Les champs blancs es <strong>un peque\u00f1o camping<\/strong> que ofrece alojamiento a medida para todos los veraneantes. D\u00faos y parejas, familias peque\u00f1as y grandes, grupos de amigos, viajeros con poco presupuesto y turistas de lujo: hay una propiedad de alquiler para todos los gustos en este agradable establecimiento familiar.<\/p>\n<\/div>\n\n\n\n<div class=\"wp-block-column is-vertically-aligned-center is-layout-flow wp-block-column-is-layout-flow\" style=\"flex-basis:33.33%\">\n<div id=\"ls-heading ls-titre-div-block_d1676c62db509659a3033cb50813b416\" class=\"ls-titre-div h1-like\" >\n    Sus vacaciones<br><strong>  con su familia<\/strong><\/div>\n<\/div>\n<\/div>\n\n\n    <\/div>\n<\/section><section id=\"ls-section-block_88dadce3f499457c32171996357dc527\" class=\"ls-section  home-first page-one\" >\n        <div class=\"container container--full\">\n        \n\n<div class=\"wp-block-columns are-vertically-aligned-center is-layout-flex wp-container-core-columns-is-layout-9d6595d7 wp-block-columns-is-layout-flex\">\n<div class=\"wp-block-column is-vertically-aligned-center is-layout-flow wp-block-column-is-layout-flow\" style=\"flex-basis:53%\">\n<figure class=\"wp-block-gallery has-nested-images columns-default is-cropped animated fadeInLeft slow wp-block-gallery-3 is-layout-flex wp-block-gallery-is-layout-flex\">\n<figure class=\"wp-block-image size-large\"><a href=\"https:\/\/www.champsblancstest.geek-tonic.dev\/wp-content\/uploads\/2023\/09\/petit-camping-agde-scaled.webp\"><img decoding=\"async\" width=\"1024\" height=\"545\" data-id=\"9394\" src=\"https:\/\/www.champsblancstest.geek-tonic.dev\/wp-content\/uploads\/2023\/09\/petit-camping-agde-1024x545.webp\" alt=\"petit camping agde\" class=\"wp-image-9394\" srcset=\"https:\/\/www.champsblancstest.geek-tonic.dev\/wp-content\/uploads\/2023\/09\/petit-camping-agde-1024x545.webp 1024w, https:\/\/www.champsblancstest.geek-tonic.dev\/wp-content\/uploads\/2023\/09\/petit-camping-agde-300x160.webp 300w, https:\/\/www.champsblancstest.geek-tonic.dev\/wp-content\/uploads\/2023\/09\/petit-camping-agde-768x408.webp 768w, https:\/\/www.champsblancstest.geek-tonic.dev\/wp-content\/uploads\/2023\/09\/petit-camping-agde-1536x817.webp 1536w, https:\/\/www.champsblancstest.geek-tonic.dev\/wp-content\/uploads\/2023\/09\/petit-camping-agde-2048x1089.webp 2048w\" sizes=\"(max-width: 1024px) 100vw, 1024px\" \/><\/a><\/figure>\n<\/figure>\n<\/div>\n\n\n\n<div class=\"wp-block-column is-vertically-aligned-center is-layout-flow wp-block-column-is-layout-flow\" style=\"flex-basis:47%\">\n<h2 class=\"ls__heading wp-block-heading\">PARCELAS PARA CARAVANAS DISPONIBLES EN NUESTRO CAMPING FAMILIAR EN AGDE<\/h2>\n\n\n\n<p class=\"ls-paragraph\">\u00bfLe gusta el camping tradicional y busca <strong>un camping club confidencial<\/strong> para sus vacaciones en Cap d&#8217;Agde, m\u00e1s acogedor que las grandes ciudades de vacaciones de la estaci\u00f3n? <strong>El peque\u00f1o camping de 5 estrellas Champs blancs<\/strong> le seducir\u00e1 con sus parcelas a media sombra en un entorno tranquilo y verde. Disfrutar\u00e1 de unas relajantes vacaciones en total intimidad gracias a los hermosos setos que delimitan cada parcela, convirti\u00e9ndolas en peque\u00f1os jardines privados. Ya sea en tienda, caravana o autocaravana, <strong>nuestro peque\u00f1o camping de Cap d&#8217;Agde<\/strong> le dar\u00e1 la sensaci\u00f3n de unas vacaciones en plena naturaleza. \u00bfLe gusta el encanto del camping pero tambi\u00e9n aprecia lo mejor en comodidad? <a href=\"https:\/\/www.champsblancstest.geek-tonic.dev\/es\/caravaning-premium-agde\/\">Nuestras parcelas Premium disponen de sanitarios <\/a> privados: ideales para unas vacaciones ecol\u00f3gicas en las condiciones m\u00e1s agradables.<\/p>\n<\/div>\n<\/div>\n\n\n    <\/div>\n<\/section><section id=\"ls-section-block_f7b3366afe15b443d98b381368ed21c1\" class=\"ls-section  page-four animated fadeInUp slow delay-100ms\" >\n        <div class=\"container container--wide\">\n        \n\n<div id=\"ls-heading ls-titre-div-block_0c811586c639c7d1dfed8ce418af2b5c\" class=\"ls-titre-div aligncenter h2-like\" >\n    Descubra nuestros otros servicios<\/div>\n\n\n<div id=\"ls-maillage-block_7e6b15a1a202843d48000dd178f599d0\" class=\"ls-maillage cta-style-normal\" data-rows=\"3\">\n    <div class=\"wp-block-columns\"><div class=\"wp-block-column\"><div class=\"ls-cta\">\n\n<a href=\"https:\/\/www.champsblancstest.geek-tonic.dev\/es\/camping-junto-al-mar-cap-agde\/\" target=\"\" rel=\"noopener\" class=\"ls-cta__link\">\n\n\t<div class=\"ls-cta__image\"><img decoding=\"async\" src=\"https:\/\/www.champsblancstest.geek-tonic.dev\/wp-content\/uploads\/2023\/09\/camping-mer-plage-agde6-1-768x356.webp\" alt=\"camping mer plage agde6\"><\/div>\n\t<div class=\"ls-cta__title\">\n\t\t<span class=\"champs-blancs-coin-droit\"><\/span>\n\t\tOrilla del mar\t\t<span class=\"champs-blancs-arrow-down\"><\/span>\n\t<\/div>\n\n\t\n<\/a><\/div><\/div><div class=\"wp-block-column\"><div class=\"ls-cta\">\n\n<a href=\"https:\/\/www.champsblancstest.geek-tonic.dev\/es\/caravaning-premium-agde\/\" target=\"\" rel=\"noopener\" class=\"ls-cta__link\">\n\n\t<div class=\"ls-cta__image\"><img decoding=\"async\" src=\"https:\/\/www.champsblancstest.geek-tonic.dev\/wp-content\/uploads\/2023\/09\/sanitaire-prive-emplacement-camping-agde.webp\" alt=\"emplazamiento sanitario privado camping agde\"><\/div>\n\t<div class=\"ls-cta__title\">\n\t\t<span class=\"champs-blancs-coin-droit\"><\/span>\n\t\tParcelas Premium\t\t<span class=\"champs-blancs-arrow-down\"><\/span>\n\t<\/div>\n\n\t\n<\/a><\/div><\/div><div class=\"wp-block-column\"><div class=\"ls-cta\">\n\n<a href=\"https:\/\/www.champsblancstest.geek-tonic.dev\/es\/alquiler-mobil-home-cap-agde\/\" target=\"\" rel=\"noopener\" class=\"ls-cta__link\">\n\n\t<div class=\"ls-cta__image\"><img decoding=\"async\" src=\"https:\/\/www.champsblancstest.geek-tonic.dev\/wp-content\/uploads\/2023\/09\/location-vacances-cap-agde-768x463.webp\" alt=\"alquileres de vacaciones cap agde\"><\/div>\n\t<div class=\"ls-cta__title\">\n\t\t<span class=\"champs-blancs-coin-droit\"><\/span>\n\t\tCasas m\u00f3viles\t\t<span class=\"champs-blancs-arrow-down\"><\/span>\n\t<\/div>\n\n\t\n<\/a><\/div><\/div><\/div><\/div>\n\n    <\/div>\n<\/section>","protected":false},"excerpt":{"rendered":"","protected":false},"author":1,"featured_media":9430,"parent":0,"menu_order":0,"comment_status":"closed","ping_status":"closed","template":"","meta":{"_acf_changed":false,"footnotes":""},"sujet":[],"class_list":["post-11112","page","type-page","status-publish","has-post-thumbnail","hentry"],"acf":[],"yoast_head":"<!-- This site is optimized with the Yoast SEO plugin v22.6 - https:\/\/yoast.com\/wordpress\/plugins\/seo\/ -->\n<title>Peque\u00f1o camping en Cap d&#039;Agde: estancia confidencial en un peque\u00f1o camping en Agde<\/title>\n<meta name=\"robots\" content=\"noindex, follow, max-snippet:-1, max-image-preview:large, max-video-preview:-1\" \/>\n<meta property=\"og:locale\" content=\"es_ES\" \/>\n<meta property=\"og:type\" content=\"article\" \/>\n<meta property=\"og:title\" content=\"Peque\u00f1o camping en Cap d&#039;Agde: estancia confidencial en un peque\u00f1o camping en Agde\" \/>\n<meta property=\"og:url\" content=\"https:\/\/www.champsblancstest.geek-tonic.dev\/fr\/petit-camping\/\" \/>\n<meta property=\"og:site_name\" content=\"Les Champs Blancs\" \/>\n<meta property=\"article:modified_time\" content=\"2023-10-26T14:40:48+00:00\" \/>\n<meta property=\"og:image\" content=\"https:\/\/www.champsblancstest.geek-tonic.dev\/wp-content\/uploads\/2023\/09\/petit-camping-familial-herault.webp\" \/>\n\t<meta property=\"og:image:width\" content=\"2048\" \/>\n\t<meta property=\"og:image:height\" content=\"1536\" \/>\n\t<meta property=\"og:image:type\" content=\"image\/webp\" \/>\n<meta name=\"twitter:card\" content=\"summary_large_image\" \/>\n<meta name=\"twitter:label1\" content=\"Tiempo de lectura\" \/>\n\t<meta name=\"twitter:data1\" content=\"3 minutos\" \/>\n<script type=\"application\/ld+json\" class=\"yoast-schema-graph\">{\"@context\":\"https:\/\/schema.org\",\"@graph\":[{\"@type\":\"WebPage\",\"@id\":\"https:\/\/www.champsblancstest.geek-tonic.dev\/fr\/petit-camping\/\",\"url\":\"https:\/\/www.champsblancstest.geek-tonic.dev\/fr\/petit-camping\/\",\"name\":\"Peque\u00f1o camping en Cap d'Agde: estancia confidencial en un peque\u00f1o camping en Agde\",\"isPartOf\":{\"@id\":\"https:\/\/www.champsblancstest.geek-tonic.dev\/fr\/#website\"},\"primaryImageOfPage\":{\"@id\":\"https:\/\/www.champsblancstest.geek-tonic.dev\/fr\/petit-camping\/#primaryimage\"},\"image\":{\"@id\":\"https:\/\/www.champsblancstest.geek-tonic.dev\/fr\/petit-camping\/#primaryimage\"},\"thumbnailUrl\":\"https:\/\/www.champsblancstest.geek-tonic.dev\/wp-content\/uploads\/2023\/09\/petit-camping-familial-herault.webp\",\"datePublished\":\"2023-10-24T14:15:55+00:00\",\"dateModified\":\"2023-10-26T14:40:48+00:00\",\"breadcrumb\":{\"@id\":\"https:\/\/www.champsblancstest.geek-tonic.dev\/fr\/petit-camping\/#breadcrumb\"},\"inLanguage\":\"es\",\"potentialAction\":[{\"@type\":\"ReadAction\",\"target\":[\"https:\/\/www.champsblancstest.geek-tonic.dev\/fr\/petit-camping\/\"]}]},{\"@type\":\"ImageObject\",\"inLanguage\":\"es\",\"@id\":\"https:\/\/www.champsblancstest.geek-tonic.dev\/fr\/petit-camping\/#primaryimage\",\"url\":\"https:\/\/www.champsblancstest.geek-tonic.dev\/wp-content\/uploads\/2023\/09\/petit-camping-familial-herault.webp\",\"contentUrl\":\"https:\/\/www.champsblancstest.geek-tonic.dev\/wp-content\/uploads\/2023\/09\/petit-camping-familial-herault.webp\",\"width\":2048,\"height\":1536,\"caption\":\"peque\u00f1o camping familiar h\u00e9rault\"},{\"@type\":\"BreadcrumbList\",\"@id\":\"https:\/\/www.champsblancstest.geek-tonic.dev\/fr\/petit-camping\/#breadcrumb\",\"itemListElement\":[{\"@type\":\"ListItem\",\"position\":1,\"name\":\"Acampar Cap d'Agde\",\"item\":\"https:\/\/www.champsblancstest.geek-tonic.dev\/fr\/\"},{\"@type\":\"ListItem\",\"position\":2,\"name\":\"Peque\u00f1o camping en Cap d'Agde\"}]},{\"@type\":\"WebSite\",\"@id\":\"https:\/\/www.champsblancstest.geek-tonic.dev\/fr\/#website\",\"url\":\"https:\/\/www.champsblancstest.geek-tonic.dev\/fr\/\",\"name\":\"Les Champs Blancs\",\"description\":\"\",\"publisher\":{\"@id\":\"https:\/\/www.champsblancstest.geek-tonic.dev\/fr\/#organization\"},\"potentialAction\":[{\"@type\":\"SearchAction\",\"target\":{\"@type\":\"EntryPoint\",\"urlTemplate\":\"https:\/\/www.champsblancstest.geek-tonic.dev\/fr\/?s={search_term_string}\"},\"query-input\":\"required name=search_term_string\"}],\"inLanguage\":\"es\"},{\"@type\":\"Organization\",\"@id\":\"https:\/\/www.champsblancstest.geek-tonic.dev\/fr\/#organization\",\"name\":\"Les Champs Blancs\",\"url\":\"https:\/\/www.champsblancstest.geek-tonic.dev\/fr\/\",\"logo\":{\"@type\":\"ImageObject\",\"inLanguage\":\"es\",\"@id\":\"https:\/\/www.champsblancstest.geek-tonic.dev\/fr\/#\/schema\/logo\/image\/\",\"url\":\"https:\/\/www.champsblancstest.geek-tonic.dev\/wp-content\/uploads\/2023\/07\/logo-blanc-camping-les-champs-blancs.webp\",\"contentUrl\":\"https:\/\/www.champsblancstest.geek-tonic.dev\/wp-content\/uploads\/2023\/07\/logo-blanc-camping-les-champs-blancs.webp\",\"width\":821,\"height\":657,\"caption\":\"Les Champs Blancs\"},\"image\":{\"@id\":\"https:\/\/www.champsblancstest.geek-tonic.dev\/fr\/#\/schema\/logo\/image\/\"}}]}<\/script>\n<!-- \/ Yoast SEO plugin. -->","yoast_head_json":{"title":"Peque\u00f1o camping en Cap d'Agde: estancia confidencial en un peque\u00f1o camping en Agde","robots":{"index":"noindex","follow":"follow","max-snippet":"max-snippet:-1","max-image-preview":"max-image-preview:large","max-video-preview":"max-video-preview:-1"},"og_locale":"es_ES","og_type":"article","og_title":"Peque\u00f1o camping en Cap d'Agde: estancia confidencial en un peque\u00f1o camping en Agde","og_url":"https:\/\/www.champsblancstest.geek-tonic.dev\/fr\/petit-camping\/","og_site_name":"Les Champs Blancs","article_modified_time":"2023-10-26T14:40:48+00:00","og_image":[{"width":2048,"height":1536,"url":"https:\/\/www.champsblancstest.geek-tonic.dev\/wp-content\/uploads\/2023\/09\/petit-camping-familial-herault.webp","type":"image\/webp"}],"twitter_card":"summary_large_image","twitter_misc":{"Tiempo de lectura":"3 minutos"},"schema":{"@context":"https:\/\/schema.org","@graph":[{"@type":"WebPage","@id":"https:\/\/www.champsblancstest.geek-tonic.dev\/fr\/petit-camping\/","url":"https:\/\/www.champsblancstest.geek-tonic.dev\/fr\/petit-camping\/","name":"Peque\u00f1o camping en Cap d'Agde: estancia confidencial en un peque\u00f1o camping en Agde","isPartOf":{"@id":"https:\/\/www.champsblancstest.geek-tonic.dev\/fr\/#website"},"primaryImageOfPage":{"@id":"https:\/\/www.champsblancstest.geek-tonic.dev\/fr\/petit-camping\/#primaryimage"},"image":{"@id":"https:\/\/www.champsblancstest.geek-tonic.dev\/fr\/petit-camping\/#primaryimage"},"thumbnailUrl":"https:\/\/www.champsblancstest.geek-tonic.dev\/wp-content\/uploads\/2023\/09\/petit-camping-familial-herault.webp","datePublished":"2023-10-24T14:15:55+00:00","dateModified":"2023-10-26T14:40:48+00:00","breadcrumb":{"@id":"https:\/\/www.champsblancstest.geek-tonic.dev\/fr\/petit-camping\/#breadcrumb"},"inLanguage":"es","potentialAction":[{"@type":"ReadAction","target":["https:\/\/www.champsblancstest.geek-tonic.dev\/fr\/petit-camping\/"]}]},{"@type":"ImageObject","inLanguage":"es","@id":"https:\/\/www.champsblancstest.geek-tonic.dev\/fr\/petit-camping\/#primaryimage","url":"https:\/\/www.champsblancstest.geek-tonic.dev\/wp-content\/uploads\/2023\/09\/petit-camping-familial-herault.webp","contentUrl":"https:\/\/www.champsblancstest.geek-tonic.dev\/wp-content\/uploads\/2023\/09\/petit-camping-familial-herault.webp","width":2048,"height":1536,"caption":"peque\u00f1o camping familiar h\u00e9rault"},{"@type":"BreadcrumbList","@id":"https:\/\/www.champsblancstest.geek-tonic.dev\/fr\/petit-camping\/#breadcrumb","itemListElement":[{"@type":"ListItem","position":1,"name":"Acampar Cap d'Agde","item":"https:\/\/www.champsblancstest.geek-tonic.dev\/fr\/"},{"@type":"ListItem","position":2,"name":"Peque\u00f1o camping en Cap d'Agde"}]},{"@type":"WebSite","@id":"https:\/\/www.champsblancstest.geek-tonic.dev\/fr\/#website","url":"https:\/\/www.champsblancstest.geek-tonic.dev\/fr\/","name":"Les Champs Blancs","description":"","publisher":{"@id":"https:\/\/www.champsblancstest.geek-tonic.dev\/fr\/#organization"},"potentialAction":[{"@type":"SearchAction","target":{"@type":"EntryPoint","urlTemplate":"https:\/\/www.champsblancstest.geek-tonic.dev\/fr\/?s={search_term_string}"},"query-input":"required name=search_term_string"}],"inLanguage":"es"},{"@type":"Organization","@id":"https:\/\/www.champsblancstest.geek-tonic.dev\/fr\/#organization","name":"Les Champs Blancs","url":"https:\/\/www.champsblancstest.geek-tonic.dev\/fr\/","logo":{"@type":"ImageObject","inLanguage":"es","@id":"https:\/\/www.champsblancstest.geek-tonic.dev\/fr\/#\/schema\/logo\/image\/","url":"https:\/\/www.champsblancstest.geek-tonic.dev\/wp-content\/uploads\/2023\/07\/logo-blanc-camping-les-champs-blancs.webp","contentUrl":"https:\/\/www.champsblancstest.geek-tonic.dev\/wp-content\/uploads\/2023\/07\/logo-blanc-camping-les-champs-blancs.webp","width":821,"height":657,"caption":"Les Champs Blancs"},"image":{"@id":"https:\/\/www.champsblancstest.geek-tonic.dev\/fr\/#\/schema\/logo\/image\/"}}]}},"_links":{"self":[{"href":"https:\/\/www.champsblancstest.geek-tonic.dev\/es\/wp-json\/wp\/v2\/pages\/11112","targetHints":{"allow":["GET"]}}],"collection":[{"href":"https:\/\/www.champsblancstest.geek-tonic.dev\/es\/wp-json\/wp\/v2\/pages"}],"about":[{"href":"https:\/\/www.champsblancstest.geek-tonic.dev\/es\/wp-json\/wp\/v2\/types\/page"}],"author":[{"embeddable":true,"href":"https:\/\/www.champsblancstest.geek-tonic.dev\/es\/wp-json\/wp\/v2\/users\/1"}],"replies":[{"embeddable":true,"href":"https:\/\/www.champsblancstest.geek-tonic.dev\/es\/wp-json\/wp\/v2\/comments?post=11112"}],"version-history":[{"count":1,"href":"https:\/\/www.champsblancstest.geek-tonic.dev\/es\/wp-json\/wp\/v2\/pages\/11112\/revisions"}],"predecessor-version":[{"id":11113,"href":"https:\/\/www.champsblancstest.geek-tonic.dev\/es\/wp-json\/wp\/v2\/pages\/11112\/revisions\/11113"}],"wp:featuredmedia":[{"embeddable":true,"href":"https:\/\/www.champsblancstest.geek-tonic.dev\/es\/wp-json\/wp\/v2\/media\/9430"}],"wp:attachment":[{"href":"https:\/\/www.champsblancstest.geek-tonic.dev\/es\/wp-json\/wp\/v2\/media?parent=11112"}],"wp:term":[{"taxonomy":"sujet","embeddable":true,"href":"https:\/\/www.champsblancstest.geek-tonic.dev\/es\/wp-json\/wp\/v2\/sujet?post=11112"}],"curies":[{"name":"wp","href":"https:\/\/api.w.org\/{rel}","templated":true}]}}