{"id":195,"date":"2023-07-17T10:54:16","date_gmt":"2023-07-17T08:54:16","guid":{"rendered":"https:\/\/www.champsblancstest.geek-tonic.dev\/?page_id=195"},"modified":"2023-10-30T11:47:25","modified_gmt":"2023-10-30T10:47:25","slug":"restaurant-agde","status":"publish","type":"page","link":"https:\/\/www.champsblancstest.geek-tonic.dev\/fr\/restaurant-agde\/","title":{"rendered":"Restauration"},"content":{"rendered":"<section id=\"ls-section-block_e2d4fea8baae9e0f33cb92501923f5a4\" class=\"ls-section  home-first page-one\" >\n        <div class=\"container container--full\">\n        \n\n<div class=\"wp-block-columns are-vertically-aligned-center is-layout-flex wp-container-core-columns-is-layout-9d6595d7 wp-block-columns-is-layout-flex\">\n<div class=\"wp-block-column is-vertically-aligned-center is-layout-flow wp-block-column-is-layout-flow\" style=\"flex-basis:53%\">\n<figure class=\"wp-block-gallery has-nested-images columns-default is-cropped animated fadeInLeft slow wp-block-gallery-1 is-layout-flex wp-block-gallery-is-layout-flex\">\n<figure class=\"wp-block-image size-full\"><a href=\"https:\/\/www.champsblancstest.geek-tonic.dev\/wp-content\/uploads\/2023\/09\/jardin-restaurant-doligny-scaled.webp\"><img decoding=\"async\" width=\"2560\" height=\"1707\" data-id=\"8538\" src=\"https:\/\/www.champsblancstest.geek-tonic.dev\/wp-content\/uploads\/2023\/09\/jardin-restaurant-doligny-scaled.webp\" alt=\"jardin restaurant doligny\" class=\"wp-image-8538\" srcset=\"https:\/\/www.champsblancstest.geek-tonic.dev\/wp-content\/uploads\/2023\/09\/jardin-restaurant-doligny-scaled.webp 2560w, https:\/\/www.champsblancstest.geek-tonic.dev\/wp-content\/uploads\/2023\/09\/jardin-restaurant-doligny-300x200.webp 300w, https:\/\/www.champsblancstest.geek-tonic.dev\/wp-content\/uploads\/2023\/09\/jardin-restaurant-doligny-1024x683.webp 1024w, https:\/\/www.champsblancstest.geek-tonic.dev\/wp-content\/uploads\/2023\/09\/jardin-restaurant-doligny-768x512.webp 768w, https:\/\/www.champsblancstest.geek-tonic.dev\/wp-content\/uploads\/2023\/09\/jardin-restaurant-doligny-1536x1024.webp 1536w, https:\/\/www.champsblancstest.geek-tonic.dev\/wp-content\/uploads\/2023\/09\/jardin-restaurant-doligny-2048x1365.webp 2048w\" sizes=\"(max-width: 2560px) 100vw, 2560px\" \/><\/a><\/figure>\n<\/figure>\n<\/div>\n\n\n\n<div class=\"wp-block-column is-vertically-aligned-center is-layout-flow wp-block-column-is-layout-flow\" style=\"flex-basis:47%\">\n<h1 class=\"ls__heading wp-block-heading\">Restaurants au cap d&rsquo;Agde<\/h1>\n\n\n\n<p class=\"ls-paragraph\"><strong>Le Doligny<\/strong> est une parenth\u00e8se gustative dans un jardin tropical. Il a \u00e9t\u00e9 baptis\u00e9 ainsi en souvenir du nom de sc\u00e8ne de la cr\u00e9atrice du camping qui \u00e9tait contorsionniste dans les cirques internationaux. Ce <strong>restaurant \u00e0 Agde<\/strong> est situ\u00e9 au c\u0153ur d\u2019un jardin tropical et propose une <strong>carte traditionnelle<\/strong>, des menus entr\u00e9e, plat, dessert, et des suggestions. Chaque jour, le chef de cuisine, avec son \u00e9quipe, met les petits plats dans les grands et concocte selon son humeur, deux entr\u00e9es, deux plats et deux desserts.<\/p>\n\n\n\n<p class=\"ls-paragraph\">Le Lounge du restaurant vous permet \u00e9galement de savourer simplement un dessert ou un cocktail dans le <strong>jardin tropical. <\/strong>Consultez sur place les<strong> jours et horaires d\u2019ouverture. <\/strong>Fermeture un jour par semaine en saison.  <br><em>Horaires et jours d&rsquo;ouverture des commerces variables selon la saison<\/em><\/p>\n<\/div>\n<\/div>\n\n\n    <\/div>\n<\/section>\n\n<section id=\"pooltime\" class=\"ls-section  home-first page-two\" >\n        <div class=\"container container--full\">\n        \n\n<div class=\"wp-block-columns are-vertically-aligned-center is-layout-flex wp-container-core-columns-is-layout-9d6595d7 wp-block-columns-is-layout-flex\">\n<div class=\"wp-block-column is-vertically-aligned-center is-layout-flow wp-block-column-is-layout-flow\" style=\"flex-basis:47%\">\n<h2 class=\"ls__heading wp-block-heading\">Le restaurant le Pool Time<\/h2>\n\n\n\n<p class=\"ls-paragraph\"><strong>D\u00e9jeuner avec vue !<\/strong><br>Le Pool Time est un<strong> restaurant au cap d\u2019Agde <\/strong>qui vous accueille tous les midis pour un d\u00e9jeuner sur la terrasse face \u00e0 la piscine.<\/p>\n\n\n\n<p class=\"ls-paragraph\">Venez d\u00e9guster une s\u00e9lection de plats et de suggestions pr\u00e9par\u00e9s selon les envies du chef. <\/p>\n\n\n\n<p class=\"ls-paragraph\"><strong>Siroter un cocktail original au bar.<\/strong><\/p>\n\n\n\n<p class=\"ls-paragraph\">Enfin, pour profiter d\u2019un caf\u00e9 ou siroter un cocktail \u00e9labor\u00e9 par les barmans, direction le bar du <a href=\"https:\/\/www.champsblancstest.geek-tonic.dev\/fr\/\">camping des champs blancs<\/a> <strong>ouvert 7 jours sur 7<\/strong>, de 8h \u00e0 minuit en saison.<\/p>\n\n\n\n<p class=\"ls-paragraph\">Les \u00e9quipes vous proposeront <strong>de grands classiques <\/strong>: du Mojito \u00e0 la Caipirinha en passant par la Pina Colada ou la fameuse Tequila Sunrise.<\/p>\n\n\n\n<p class=\"ls-paragraph\">Consultez sur place les jours et horaires d\u2019ouverture. Fermeture un jour par semaine en hors saison. <\/p>\n\n\n\n<p class=\"ls-paragraph\"><em>Horaires et jours d&rsquo;ouverture des commerces variables selon la saison<\/em><\/p>\n<\/div>\n\n\n\n<div class=\"wp-block-column is-vertically-aligned-center is-layout-flow wp-block-column-is-layout-flow\" style=\"flex-basis:53%\">\n<figure class=\"wp-block-gallery has-nested-images columns-default is-cropped animated fadeInRight slow delay-200ms wp-block-gallery-2 is-layout-flex wp-block-gallery-is-layout-flex\">\n<figure class=\"wp-block-image size-full\"><a href=\"https:\/\/www.champsblancstest.geek-tonic.dev\/wp-content\/uploads\/2023\/10\/restaurant-le-pool-time-agde.jpg\"><img decoding=\"async\" width=\"1440\" height=\"961\" data-id=\"10171\" src=\"https:\/\/www.champsblancstest.geek-tonic.dev\/wp-content\/uploads\/2023\/10\/restaurant-le-pool-time-agde.jpg\" alt=\"restaurant le pool time agde\" class=\"wp-image-10171\" srcset=\"https:\/\/www.champsblancstest.geek-tonic.dev\/wp-content\/uploads\/2023\/10\/restaurant-le-pool-time-agde.jpg 1440w, https:\/\/www.champsblancstest.geek-tonic.dev\/wp-content\/uploads\/2023\/10\/restaurant-le-pool-time-agde-300x200.jpg 300w, https:\/\/www.champsblancstest.geek-tonic.dev\/wp-content\/uploads\/2023\/10\/restaurant-le-pool-time-agde-1024x683.jpg 1024w, https:\/\/www.champsblancstest.geek-tonic.dev\/wp-content\/uploads\/2023\/10\/restaurant-le-pool-time-agde-768x513.jpg 768w\" sizes=\"(max-width: 1440px) 100vw, 1440px\" \/><\/a><\/figure>\n<\/figure>\n<\/div>\n<\/div>\n\n\n    <\/div>\n<\/section>\n\n<section id=\"ls-section-block_67c400c5886282d89f7f50c5c3205498\" class=\"ls-section  home-sixth page-three has-background-image has-parallax-child\" >\n    <div class=\"ls-section__background-image opacity-100\"><img decoding=\"async\" src=\"https:\/\/www.champsblancstest.geek-tonic.dev\/wp-content\/uploads\/2023\/09\/restaurant-cap-agde-scaled.webp\" alt=\"restaurant cap agde\"><\/div>    <div class=\"container container--wide\">\n        \n\n<div class=\"wp-block-columns are-vertically-aligned-center is-layout-flex wp-container-core-columns-is-layout-9d6595d7 wp-block-columns-is-layout-flex\">\n<div class=\"wp-block-column is-vertically-aligned-center wp-block-column__text animated fadeInUp delay-100ms slow is-layout-flow wp-block-column-is-layout-flow\" style=\"flex-basis:66.66%\">\n<h2 class=\"ls__heading wp-block-heading\">L\u2019offre gourmande : snack &#8211; Glacier &#8211; \u00e9picerie &#8211; pizzeria<\/h2>\n\n\n\n<p class=\"ls-paragraph\">Vacances riment avec gourmandise.<\/p>\n\n\n\n<p class=\"ls-paragraph\">D\u00e8s 8h00 et toute la journ\u00e9e, la <strong>Boulangerie du Camping<\/strong> vous r\u00e9gale avec ses pains et viennoiseries cuits sur place. Dans votre locatif ou sur la terrasse du Pool Time face \u00e0 la piscine, le petit d\u00e9jeuner vous mettra en bonne forme pour attaquer les s\u00e9ances sportives !<\/p>\n\n\n\n<p class=\"ls-paragraph\">Avec un large choix de <strong>parfums<\/strong> et de <strong>glaces<\/strong> impulsion, vous craquerez forc\u00e9ment pour un instant fra\u00eecheur sous la terrasse abrit\u00e9e du bar. Le soir, vous pourrez d\u00e9guster une pizza pr\u00e9par\u00e9e et cuite par nos \u00e9quipes de cuisine. Selon votre go\u00fbt, nos <strong>pizzas r\u00e9galeront toute la famille<\/strong> !<\/p>\n\n\n\n<p class=\"ls-paragraph\">L\u2019\u00e9picerie Vival vous accueille \u00e9galement <strong>de 8h00 \u00e0 22h00 en saison<\/strong> et vous propose une offre compl\u00e8te pour vos besoins quotidiens.<br><br><em>Horaires et jours d&rsquo;ouverture des commerces variables selon la saison<\/em><\/p>\n<\/div>\n\n\n\n<div class=\"wp-block-column is-vertically-aligned-center is-layout-flow wp-block-column-is-layout-flow\" style=\"flex-basis:33.33%\">\n<div id=\"ls-heading ls-titre-div-block_3672ffc8a25d1b9c59758048a7521ccc\" class=\"ls-titre-div h1-like\" >\n    Place \u00e0 <br \/><strong>la gourmandise<\/strong><\/div>\n<\/div>\n<\/div>\n\n\n    <\/div>\n<\/section>\n\n<section id=\"ls-section-block_74c5fed05445fe59176484b57efc8313\" class=\"ls-section  page-four animated fadeInUp slow delay-100ms\" >\n        <div class=\"container container--wide\">\n        \n\n<div id=\"ls-heading ls-titre-div-block_988b6d13ffaa1a259b5508f4115c75b2\" class=\"ls-titre-div aligncenter h2-like\" >\n    D\u00e9couvrez notre parc aquatique, nos animations et nos services<\/div>\n\n\n<div id=\"ls-maillage-block_32bb4168c82efdd38580a4d9830b0ac8\" class=\"ls-maillage cta-style-normal\" data-rows=\"3\">\n    <div class=\"wp-block-columns\"><div class=\"wp-block-column\"><div class=\"ls-cta\">\n\n<a href=\"https:\/\/www.champsblancstest.geek-tonic.dev\/fr\/camping-parc-aquatique-cap-agde\/\" target=\"\" rel=\"noopener\" class=\"ls-cta__link\">\n\n\t<div class=\"ls-cta__image\"><img decoding=\"async\" src=\"https:\/\/www.champsblancstest.geek-tonic.dev\/wp-content\/uploads\/2023\/10\/camping-avec-parc-aquatique-agde-1-768x1152.webp\" alt=\"camping avec parc aquatique agde\"><\/div>\n\t<div class=\"ls-cta__title\">\n\t\t<span class=\"champs-blancs-coin-droit\"><\/span>\n\t\tLa piscine\t\t<span class=\"champs-blancs-arrow-down\"><\/span>\n\t<\/div>\n\n\t\n<\/a><\/div><\/div><div class=\"wp-block-column\"><div class=\"ls-cta\">\n\n<a href=\"https:\/\/www.champsblancstest.geek-tonic.dev\/fr\/camping-animations-cap-agde\/\" target=\"\" rel=\"noopener\" class=\"ls-cta__link\">\n\n\t<div class=\"ls-cta__image\"><img decoding=\"async\" src=\"https:\/\/www.champsblancstest.geek-tonic.dev\/wp-content\/uploads\/2023\/09\/club-enfant-camping-agde-768x474.webp\" alt=\"club enfant camping agde\"><\/div>\n\t<div class=\"ls-cta__title\">\n\t\t<span class=\"champs-blancs-coin-droit\"><\/span>\n\t\tAnimations et spectacles\t\t<span class=\"champs-blancs-arrow-down\"><\/span>\n\t<\/div>\n\n\t\n<\/a><\/div><\/div><div class=\"wp-block-column\"><div class=\"ls-cta\">\n\n<a href=\"https:\/\/www.champsblancstest.geek-tonic.dev\/fr\/services-camping\/\" target=\"\" rel=\"noopener\" class=\"ls-cta__link\">\n\n\t<div class=\"ls-cta__image\"><img decoding=\"async\" src=\"https:\/\/www.champsblancstest.geek-tonic.dev\/wp-content\/uploads\/2023\/09\/camping-services-5-etoiles-768x1024.webp\" alt=\"camping services 5 etoiles\"><\/div>\n\t<div class=\"ls-cta__title\">\n\t\t<span class=\"champs-blancs-coin-droit\"><\/span>\n\t\tNos Services\t\t<span class=\"champs-blancs-arrow-down\"><\/span>\n\t<\/div>\n\n\t\n<\/a><\/div><\/div><\/div><\/div>\n\n    <\/div>\n<\/section>","protected":false},"excerpt":{"rendered":"","protected":false},"author":1,"featured_media":8543,"parent":0,"menu_order":0,"comment_status":"closed","ping_status":"closed","template":"","meta":{"_acf_changed":false,"footnotes":""},"sujet":[],"class_list":["post-195","page","type-page","status-publish","has-post-thumbnail","hentry"],"acf":[],"yoast_head":"<!-- This site is optimized with the Yoast SEO plugin v22.6 - https:\/\/yoast.com\/wordpress\/plugins\/seo\/ -->\n<title>Restaurant Cap d&#039;Agde | Resto Agde | Pizza, Snack bar<\/title>\n<meta name=\"description\" content=\"\u00c0 la recherche d&#039;un bon restaurant au cap d&#039;Agde ? D\u00e9couvrez nos 2 restaurants \u00e0 Agde avec pizza, snack, cr\u00eapes, et bien plus encore !\" \/>\n<meta name=\"robots\" content=\"noindex, follow, max-snippet:-1, max-image-preview:large, max-video-preview:-1\" \/>\n<meta property=\"og:locale\" content=\"fr_FR\" \/>\n<meta property=\"og:type\" content=\"article\" \/>\n<meta property=\"og:title\" content=\"Restaurant Cap d&#039;Agde | Resto Agde | Pizza, Snack bar\" \/>\n<meta property=\"og:description\" content=\"\u00c0 la recherche d&#039;un bon restaurant au cap d&#039;Agde ? D\u00e9couvrez nos 2 restaurants \u00e0 Agde avec pizza, snack, cr\u00eapes, et bien plus encore !\" \/>\n<meta property=\"og:url\" content=\"https:\/\/www.champsblancstest.geek-tonic.dev\/fr\/restaurant-agde\/\" \/>\n<meta property=\"og:site_name\" content=\"Les Champs Blancs\" \/>\n<meta property=\"article:modified_time\" content=\"2023-10-30T10:47:25+00:00\" \/>\n<meta property=\"og:image\" content=\"https:\/\/www.champsblancstest.geek-tonic.dev\/wp-content\/uploads\/2023\/09\/restaurant-le-doligny-cap-agde-scaled.webp\" \/>\n\t<meta property=\"og:image:width\" content=\"2560\" \/>\n\t<meta property=\"og:image:height\" content=\"1707\" \/>\n\t<meta property=\"og:image:type\" content=\"image\/webp\" \/>\n<meta name=\"twitter:card\" content=\"summary_large_image\" \/>\n<script type=\"application\/ld+json\" class=\"yoast-schema-graph\">{\"@context\":\"https:\/\/schema.org\",\"@graph\":[{\"@type\":\"WebPage\",\"@id\":\"https:\/\/www.champsblancstest.geek-tonic.dev\/fr\/restaurant-agde\/\",\"url\":\"https:\/\/www.champsblancstest.geek-tonic.dev\/fr\/restaurant-agde\/\",\"name\":\"Restaurant Cap d'Agde | Resto Agde | Pizza, Snack bar\",\"isPartOf\":{\"@id\":\"https:\/\/www.champsblancstest.geek-tonic.dev\/fr\/#website\"},\"primaryImageOfPage\":{\"@id\":\"https:\/\/www.champsblancstest.geek-tonic.dev\/fr\/restaurant-agde\/#primaryimage\"},\"image\":{\"@id\":\"https:\/\/www.champsblancstest.geek-tonic.dev\/fr\/restaurant-agde\/#primaryimage\"},\"thumbnailUrl\":\"https:\/\/www.champsblancstest.geek-tonic.dev\/wp-content\/uploads\/2023\/09\/restaurant-le-doligny-cap-agde-scaled.webp\",\"datePublished\":\"2023-07-17T08:54:16+00:00\",\"dateModified\":\"2023-10-30T10:47:25+00:00\",\"description\":\"\u00c0 la recherche d'un bon restaurant au cap d'Agde ? D\u00e9couvrez nos 2 restaurants \u00e0 Agde avec pizza, snack, cr\u00eapes, et bien plus encore !\",\"breadcrumb\":{\"@id\":\"https:\/\/www.champsblancstest.geek-tonic.dev\/fr\/restaurant-agde\/#breadcrumb\"},\"inLanguage\":\"fr-FR\",\"potentialAction\":[{\"@type\":\"ReadAction\",\"target\":[\"https:\/\/www.champsblancstest.geek-tonic.dev\/fr\/restaurant-agde\/\"]}]},{\"@type\":\"ImageObject\",\"inLanguage\":\"fr-FR\",\"@id\":\"https:\/\/www.champsblancstest.geek-tonic.dev\/fr\/restaurant-agde\/#primaryimage\",\"url\":\"https:\/\/www.champsblancstest.geek-tonic.dev\/wp-content\/uploads\/2023\/09\/restaurant-le-doligny-cap-agde-scaled.webp\",\"contentUrl\":\"https:\/\/www.champsblancstest.geek-tonic.dev\/wp-content\/uploads\/2023\/09\/restaurant-le-doligny-cap-agde-scaled.webp\",\"width\":2560,\"height\":1707,\"caption\":\"restaurant le doligny cap agde\"},{\"@type\":\"BreadcrumbList\",\"@id\":\"https:\/\/www.champsblancstest.geek-tonic.dev\/fr\/restaurant-agde\/#breadcrumb\",\"itemListElement\":[{\"@type\":\"ListItem\",\"position\":1,\"name\":\"Camping Cap d\u2019Agde\",\"item\":\"https:\/\/www.champsblancstest.geek-tonic.dev\/fr\/\"},{\"@type\":\"ListItem\",\"position\":2,\"name\":\"Restaurant Agde\"}]},{\"@type\":\"WebSite\",\"@id\":\"https:\/\/www.champsblancstest.geek-tonic.dev\/fr\/#website\",\"url\":\"https:\/\/www.champsblancstest.geek-tonic.dev\/fr\/\",\"name\":\"Les Champs Blancs\",\"description\":\"\",\"publisher\":{\"@id\":\"https:\/\/www.champsblancstest.geek-tonic.dev\/fr\/#organization\"},\"potentialAction\":[{\"@type\":\"SearchAction\",\"target\":{\"@type\":\"EntryPoint\",\"urlTemplate\":\"https:\/\/www.champsblancstest.geek-tonic.dev\/fr\/?s={search_term_string}\"},\"query-input\":\"required name=search_term_string\"}],\"inLanguage\":\"fr-FR\"},{\"@type\":\"Organization\",\"@id\":\"https:\/\/www.champsblancstest.geek-tonic.dev\/fr\/#organization\",\"name\":\"Les Champs Blancs\",\"url\":\"https:\/\/www.champsblancstest.geek-tonic.dev\/fr\/\",\"logo\":{\"@type\":\"ImageObject\",\"inLanguage\":\"fr-FR\",\"@id\":\"https:\/\/www.champsblancstest.geek-tonic.dev\/fr\/#\/schema\/logo\/image\/\",\"url\":\"https:\/\/www.champsblancstest.geek-tonic.dev\/wp-content\/uploads\/2023\/07\/logo-blanc-camping-les-champs-blancs.webp\",\"contentUrl\":\"https:\/\/www.champsblancstest.geek-tonic.dev\/wp-content\/uploads\/2023\/07\/logo-blanc-camping-les-champs-blancs.webp\",\"width\":821,\"height\":657,\"caption\":\"Les Champs Blancs\"},\"image\":{\"@id\":\"https:\/\/www.champsblancstest.geek-tonic.dev\/fr\/#\/schema\/logo\/image\/\"}}]}<\/script>\n<!-- \/ Yoast SEO plugin. -->","yoast_head_json":{"title":"Restaurant Cap d'Agde | Resto Agde | Pizza, Snack bar","description":"\u00c0 la recherche d'un bon restaurant au cap d'Agde ? D\u00e9couvrez nos 2 restaurants \u00e0 Agde avec pizza, snack, cr\u00eapes, et bien plus encore !","robots":{"index":"noindex","follow":"follow","max-snippet":"max-snippet:-1","max-image-preview":"max-image-preview:large","max-video-preview":"max-video-preview:-1"},"og_locale":"fr_FR","og_type":"article","og_title":"Restaurant Cap d'Agde | Resto Agde | Pizza, Snack bar","og_description":"\u00c0 la recherche d'un bon restaurant au cap d'Agde ? D\u00e9couvrez nos 2 restaurants \u00e0 Agde avec pizza, snack, cr\u00eapes, et bien plus encore !","og_url":"https:\/\/www.champsblancstest.geek-tonic.dev\/fr\/restaurant-agde\/","og_site_name":"Les Champs Blancs","article_modified_time":"2023-10-30T10:47:25+00:00","og_image":[{"width":2560,"height":1707,"url":"https:\/\/www.champsblancstest.geek-tonic.dev\/wp-content\/uploads\/2023\/09\/restaurant-le-doligny-cap-agde-scaled.webp","type":"image\/webp"}],"twitter_card":"summary_large_image","schema":{"@context":"https:\/\/schema.org","@graph":[{"@type":"WebPage","@id":"https:\/\/www.champsblancstest.geek-tonic.dev\/fr\/restaurant-agde\/","url":"https:\/\/www.champsblancstest.geek-tonic.dev\/fr\/restaurant-agde\/","name":"Restaurant Cap d'Agde | Resto Agde | Pizza, Snack bar","isPartOf":{"@id":"https:\/\/www.champsblancstest.geek-tonic.dev\/fr\/#website"},"primaryImageOfPage":{"@id":"https:\/\/www.champsblancstest.geek-tonic.dev\/fr\/restaurant-agde\/#primaryimage"},"image":{"@id":"https:\/\/www.champsblancstest.geek-tonic.dev\/fr\/restaurant-agde\/#primaryimage"},"thumbnailUrl":"https:\/\/www.champsblancstest.geek-tonic.dev\/wp-content\/uploads\/2023\/09\/restaurant-le-doligny-cap-agde-scaled.webp","datePublished":"2023-07-17T08:54:16+00:00","dateModified":"2023-10-30T10:47:25+00:00","description":"\u00c0 la recherche d'un bon restaurant au cap d'Agde ? D\u00e9couvrez nos 2 restaurants \u00e0 Agde avec pizza, snack, cr\u00eapes, et bien plus encore !","breadcrumb":{"@id":"https:\/\/www.champsblancstest.geek-tonic.dev\/fr\/restaurant-agde\/#breadcrumb"},"inLanguage":"fr-FR","potentialAction":[{"@type":"ReadAction","target":["https:\/\/www.champsblancstest.geek-tonic.dev\/fr\/restaurant-agde\/"]}]},{"@type":"ImageObject","inLanguage":"fr-FR","@id":"https:\/\/www.champsblancstest.geek-tonic.dev\/fr\/restaurant-agde\/#primaryimage","url":"https:\/\/www.champsblancstest.geek-tonic.dev\/wp-content\/uploads\/2023\/09\/restaurant-le-doligny-cap-agde-scaled.webp","contentUrl":"https:\/\/www.champsblancstest.geek-tonic.dev\/wp-content\/uploads\/2023\/09\/restaurant-le-doligny-cap-agde-scaled.webp","width":2560,"height":1707,"caption":"restaurant le doligny cap agde"},{"@type":"BreadcrumbList","@id":"https:\/\/www.champsblancstest.geek-tonic.dev\/fr\/restaurant-agde\/#breadcrumb","itemListElement":[{"@type":"ListItem","position":1,"name":"Camping Cap d\u2019Agde","item":"https:\/\/www.champsblancstest.geek-tonic.dev\/fr\/"},{"@type":"ListItem","position":2,"name":"Restaurant Agde"}]},{"@type":"WebSite","@id":"https:\/\/www.champsblancstest.geek-tonic.dev\/fr\/#website","url":"https:\/\/www.champsblancstest.geek-tonic.dev\/fr\/","name":"Les Champs Blancs","description":"","publisher":{"@id":"https:\/\/www.champsblancstest.geek-tonic.dev\/fr\/#organization"},"potentialAction":[{"@type":"SearchAction","target":{"@type":"EntryPoint","urlTemplate":"https:\/\/www.champsblancstest.geek-tonic.dev\/fr\/?s={search_term_string}"},"query-input":"required name=search_term_string"}],"inLanguage":"fr-FR"},{"@type":"Organization","@id":"https:\/\/www.champsblancstest.geek-tonic.dev\/fr\/#organization","name":"Les Champs Blancs","url":"https:\/\/www.champsblancstest.geek-tonic.dev\/fr\/","logo":{"@type":"ImageObject","inLanguage":"fr-FR","@id":"https:\/\/www.champsblancstest.geek-tonic.dev\/fr\/#\/schema\/logo\/image\/","url":"https:\/\/www.champsblancstest.geek-tonic.dev\/wp-content\/uploads\/2023\/07\/logo-blanc-camping-les-champs-blancs.webp","contentUrl":"https:\/\/www.champsblancstest.geek-tonic.dev\/wp-content\/uploads\/2023\/07\/logo-blanc-camping-les-champs-blancs.webp","width":821,"height":657,"caption":"Les Champs Blancs"},"image":{"@id":"https:\/\/www.champsblancstest.geek-tonic.dev\/fr\/#\/schema\/logo\/image\/"}}]}},"_links":{"self":[{"href":"https:\/\/www.champsblancstest.geek-tonic.dev\/fr\/wp-json\/wp\/v2\/pages\/195","targetHints":{"allow":["GET"]}}],"collection":[{"href":"https:\/\/www.champsblancstest.geek-tonic.dev\/fr\/wp-json\/wp\/v2\/pages"}],"about":[{"href":"https:\/\/www.champsblancstest.geek-tonic.dev\/fr\/wp-json\/wp\/v2\/types\/page"}],"author":[{"embeddable":true,"href":"https:\/\/www.champsblancstest.geek-tonic.dev\/fr\/wp-json\/wp\/v2\/users\/1"}],"replies":[{"embeddable":true,"href":"https:\/\/www.champsblancstest.geek-tonic.dev\/fr\/wp-json\/wp\/v2\/comments?post=195"}],"version-history":[{"count":27,"href":"https:\/\/www.champsblancstest.geek-tonic.dev\/fr\/wp-json\/wp\/v2\/pages\/195\/revisions"}],"predecessor-version":[{"id":10520,"href":"https:\/\/www.champsblancstest.geek-tonic.dev\/fr\/wp-json\/wp\/v2\/pages\/195\/revisions\/10520"}],"wp:featuredmedia":[{"embeddable":true,"href":"https:\/\/www.champsblancstest.geek-tonic.dev\/fr\/wp-json\/wp\/v2\/media\/8543"}],"wp:attachment":[{"href":"https:\/\/www.champsblancstest.geek-tonic.dev\/fr\/wp-json\/wp\/v2\/media?parent=195"}],"wp:term":[{"taxonomy":"sujet","embeddable":true,"href":"https:\/\/www.champsblancstest.geek-tonic.dev\/fr\/wp-json\/wp\/v2\/sujet?post=195"}],"curies":[{"name":"wp","href":"https:\/\/api.w.org\/{rel}","templated":true}]}}