{"id":207,"date":"2023-07-17T10:55:32","date_gmt":"2023-07-17T08:55:32","guid":{"rendered":"https:\/\/www.champsblancstest.geek-tonic.dev\/?page_id=207"},"modified":"2023-10-13T20:32:05","modified_gmt":"2023-10-13T18:32:05","slug":"caravaning-cap-agde","status":"publish","type":"page","link":"https:\/\/www.champsblancstest.geek-tonic.dev\/fr\/caravaning-cap-agde\/","title":{"rendered":"Emplacements Standard"},"content":{"rendered":"<section id=\"ls-section-block_741fd023ef7dd93c27bc5fb219638c48\" class=\"ls-section  m-t-4 has-background has-color-3-background-color\" >\n        <div class=\"container \">\n        \n\n<div class=\"wp-block-columns ls-ctv-wrapper is-layout-flex wp-container-core-columns-is-layout-9d6595d7 wp-block-columns-is-layout-flex\">\n<div class=\"wp-block-column is-vertically-aligned-center is-layout-flow wp-block-column-is-layout-flow\">\n<h1 class=\"ls__heading wp-block-heading has-text-align-center h1-hebergements m-b-3\">Location emplacement de camping au Cap d&rsquo;Agde<\/h1>\n\n\n\n<script>\n    window.ctoutvert = {\n\t\tid: 2482, \n\t\tlang: 'auto', \n\t\turl: 'https:\/\/bookingpremium.secureholiday.net\/widgets\/'\n    };\n\n    (function (w, d, s, ctv, r, js, fjs) {\n        r=new XMLHttpRequest();r.open('GET',w[ctv].url+'js\/src.json');\n        r.responseType='json';r.json=true;r.send();\n        r.onload=function(){w[ctv].src=r.responseType=='json'?r.response:JSON.parse(r.response);\n        js.src=w[ctv].src[0];fjs.parentNode.insertBefore(js, fjs);}\n        js=d.createElement(s),fjs=d.getElementsByTagName(s)[0];\n        js.id='ctvwidget';js.async=1;\n    }(window, document, 'script', 'ctoutvert'));\n<\/script>\n<ctv-availability data-product-id=\"11725\" data-background-color=\"#f1fafe\" ><\/ctv-availability>\n<\/div>\n<\/div>\n\n\n\n<p class=\"ls-paragraph has-text-align-center\"><em>\u00ab\u00a0Photos non contractuelles\u00a0\u00bb<\/em><\/p>\n\n\n    <\/div>\n<\/section>\n\n<section id=\"ls-section-block_15ae03c54c5373955cf917f749178bb6\" class=\"ls-section  home-first page-one\" >\n        <div class=\"container container--full\">\n        \n\n<div class=\"wp-block-columns are-vertically-aligned-center is-layout-flex wp-container-core-columns-is-layout-9d6595d7 wp-block-columns-is-layout-flex\">\n<div class=\"wp-block-column is-vertically-aligned-center is-layout-flow wp-block-column-is-layout-flow\" style=\"flex-basis:53%\">\n<figure class=\"wp-block-gallery has-nested-images columns-default is-cropped animated fadeInLeft slow wp-block-gallery-1 is-layout-flex wp-block-gallery-is-layout-flex\">\n<figure class=\"wp-block-image size-full\"><a href=\"https:\/\/www.champsblancstest.geek-tonic.dev\/wp-content\/uploads\/2023\/09\/emplacement-camping-tente-agde-scaled.webp\"><img decoding=\"async\" width=\"2560\" height=\"1707\" data-id=\"8310\" src=\"https:\/\/www.champsblancstest.geek-tonic.dev\/wp-content\/uploads\/2023\/09\/emplacement-camping-tente-agde-scaled.webp\" alt=\"emplacement camping tente agde\" class=\"wp-image-8310\" srcset=\"https:\/\/www.champsblancstest.geek-tonic.dev\/wp-content\/uploads\/2023\/09\/emplacement-camping-tente-agde-scaled.webp 2560w, https:\/\/www.champsblancstest.geek-tonic.dev\/wp-content\/uploads\/2023\/09\/emplacement-camping-tente-agde-300x200.webp 300w, https:\/\/www.champsblancstest.geek-tonic.dev\/wp-content\/uploads\/2023\/09\/emplacement-camping-tente-agde-1024x683.webp 1024w, https:\/\/www.champsblancstest.geek-tonic.dev\/wp-content\/uploads\/2023\/09\/emplacement-camping-tente-agde-768x512.webp 768w, https:\/\/www.champsblancstest.geek-tonic.dev\/wp-content\/uploads\/2023\/09\/emplacement-camping-tente-agde-1536x1024.webp 1536w, https:\/\/www.champsblancstest.geek-tonic.dev\/wp-content\/uploads\/2023\/09\/emplacement-camping-tente-agde-2048x1365.webp 2048w\" sizes=\"(max-width: 2560px) 100vw, 2560px\" \/><\/a><\/figure>\n<\/figure>\n<\/div>\n\n\n\n<div class=\"wp-block-column is-vertically-aligned-center is-layout-flow wp-block-column-is-layout-flow\" style=\"flex-basis:47%\">\n<h2 class=\"ls__heading wp-block-heading\">Les avantages de l&#8217;emplacement de camping \u00e0 Agde <\/h2>\n\n\n\n<p class=\"ls-paragraph\">Vous recherchez une location d\u2019<strong>emplacement tente au Cap d\u2019Agde<\/strong> ? Ou bien d\u2019un emplacement caravaning dans le sud de la France ?<\/p>\n\n\n\n<p class=\"ls-paragraph\">Bien que l\u2019engouement pour les h\u00e9bergements de luxe soit r\u00e9el, le <strong>camping traditionnel<\/strong> pr\u00e9sente plusieurs avantages :<\/p>\n\n\n\n<ul class=\"ls-list wp-block-list\">\n<li>des prix imbattables<\/li>\n\n\n\n<li>un contact direct avec l\u2019environnement<\/li>\n\n\n\n<li>le r\u00e9confort d\u2019un caf\u00e9 sur sa chaise pliable au r\u00e9veil<\/li>\n\n\n\n<li>un pique-nique improvis\u00e9 sur son terrain priv\u00e9<\/li>\n\n\n\n<li>le charme d\u2019une toile de tente<\/li>\n\n\n\n<li>la libert\u00e9 et la polyvalence d\u2019une caravane ou d\u2019un camping-car\u2026<\/li>\n<\/ul>\n<\/div>\n<\/div>\n\n\n    <\/div>\n<\/section>\n\n<section id=\"ls-section-block_a84235a83e4275fe45bcd0aa4597b64b\" class=\"ls-section  home-first page-two\" >\n        <div class=\"container container--full\">\n        \n\n<div class=\"wp-block-columns are-vertically-aligned-center is-layout-flex wp-container-core-columns-is-layout-9d6595d7 wp-block-columns-is-layout-flex\">\n<div class=\"wp-block-column is-vertically-aligned-center is-layout-flow wp-block-column-is-layout-flow\" style=\"flex-basis:47%\">\n<h2 class=\"ls__heading wp-block-heading\">Emplacements pour tentes au Cap d&rsquo;Agde<\/h2>\n\n\n\n<p class=\"ls-paragraph\">Que diriez-vous de passer un s\u00e9jour en emplacement tente \u00e0 Agde en H\u00e9rault ?<br><br>Pour les puristes, le camping situ\u00e9 au Cap d\u2019Agde en H\u00e9rault propose plus de <strong>150 emplacements spacieux et semi-ombrag\u00e9s<\/strong> pour <strong>tentes<\/strong>, <strong>caravanes<\/strong> et <strong>camping-cars<\/strong> pouvant accueillir 1 \u00e0 6 personnes et 1 v\u00e9hicule. Toutes nos parcelles ont un acc\u00e8s \u00e0 l\u2019\u00e9lectricit\u00e9 (prises 10A) et \u00e0 une borne d\u2019eau. Ils sont am\u00e9nag\u00e9s dans une zone tranquille et verdoyante de l\u2019\u00e9tablissement, \u00e0 proximit\u00e9 des blocs sanitaires r\u00e9cemment r\u00e9nov\u00e9s et des installations du camping.<br><br>Vous recherchez un emplacement haut de gamme ? D\u00e9couvrez alors nos <a href=\"https:\/\/www.champsblancstest.geek-tonic.dev\/fr\/caravaning-premium-agde\/\">emplacements avec sanitaires privatifs<\/a> pour encore plus de confort.<\/p>\n\n\n\n<p class=\"ls-paragraph\">Pour vous permettre de rester en permanence en harmonie avec la nature tout en pr\u00e9servant votre intimit\u00e9, nous avons bord\u00e9 chaque emplacement de <strong>haies naturelles<\/strong> (fleurs, laurier rose). Ces barri\u00e8res v\u00e9g\u00e9tales vous garantiront des moments intimes sur votre parcelle sans rompre avec la nature.<\/p>\n<\/div>\n\n\n\n<div class=\"wp-block-column is-vertically-aligned-center is-layout-flow wp-block-column-is-layout-flow\" style=\"flex-basis:53%\">\n<figure class=\"wp-block-gallery has-nested-images columns-default is-cropped animated fadeInRight slow delay-200ms wp-block-gallery-2 is-layout-flex wp-block-gallery-is-layout-flex\">\n<figure class=\"wp-block-image size-full\"><a href=\"https:\/\/www.champsblancstest.geek-tonic.dev\/wp-content\/uploads\/2023\/09\/emplacement-camping-car-herault-scaled.webp\"><img decoding=\"async\" width=\"2560\" height=\"1707\" data-id=\"8330\" src=\"https:\/\/www.champsblancstest.geek-tonic.dev\/wp-content\/uploads\/2023\/09\/emplacement-camping-car-herault-scaled.webp\" alt=\"emplacement camping car herault\" class=\"wp-image-8330\" srcset=\"https:\/\/www.champsblancstest.geek-tonic.dev\/wp-content\/uploads\/2023\/09\/emplacement-camping-car-herault-scaled.webp 2560w, https:\/\/www.champsblancstest.geek-tonic.dev\/wp-content\/uploads\/2023\/09\/emplacement-camping-car-herault-300x200.webp 300w, https:\/\/www.champsblancstest.geek-tonic.dev\/wp-content\/uploads\/2023\/09\/emplacement-camping-car-herault-1024x683.webp 1024w, https:\/\/www.champsblancstest.geek-tonic.dev\/wp-content\/uploads\/2023\/09\/emplacement-camping-car-herault-768x512.webp 768w, https:\/\/www.champsblancstest.geek-tonic.dev\/wp-content\/uploads\/2023\/09\/emplacement-camping-car-herault-1536x1024.webp 1536w, https:\/\/www.champsblancstest.geek-tonic.dev\/wp-content\/uploads\/2023\/09\/emplacement-camping-car-herault-2048x1365.webp 2048w\" sizes=\"(max-width: 2560px) 100vw, 2560px\" \/><\/a><\/figure>\n<\/figure>\n<\/div>\n<\/div>\n\n\n    <\/div>\n<\/section>\n\n<section id=\"ls-section-block_15ae03c54c5373955cf917f749178bb6\" class=\"ls-section  home-first page-one\" >\n        <div class=\"container container--full\">\n        \n\n<div class=\"wp-block-columns are-vertically-aligned-center is-layout-flex wp-container-core-columns-is-layout-9d6595d7 wp-block-columns-is-layout-flex\">\n<div class=\"wp-block-column is-vertically-aligned-center is-layout-flow wp-block-column-is-layout-flow\" style=\"flex-basis:53%\">\n<figure class=\"wp-block-gallery has-nested-images columns-default is-cropped animated fadeInLeft slow wp-block-gallery-3 is-layout-flex wp-block-gallery-is-layout-flex\">\n<figure class=\"wp-block-image size-full\"><a href=\"https:\/\/www.champsblancstest.geek-tonic.dev\/wp-content\/uploads\/2023\/09\/camping-emplacement-location-scaled.webp\"><img decoding=\"async\" width=\"2560\" height=\"1443\" data-id=\"8315\" src=\"https:\/\/www.champsblancstest.geek-tonic.dev\/wp-content\/uploads\/2023\/09\/camping-emplacement-location-scaled.webp\" alt=\"camping emplacement location\" class=\"wp-image-8315\" srcset=\"https:\/\/www.champsblancstest.geek-tonic.dev\/wp-content\/uploads\/2023\/09\/camping-emplacement-location-scaled.webp 2560w, https:\/\/www.champsblancstest.geek-tonic.dev\/wp-content\/uploads\/2023\/09\/camping-emplacement-location-300x169.webp 300w, https:\/\/www.champsblancstest.geek-tonic.dev\/wp-content\/uploads\/2023\/09\/camping-emplacement-location-1024x577.webp 1024w, https:\/\/www.champsblancstest.geek-tonic.dev\/wp-content\/uploads\/2023\/09\/camping-emplacement-location-768x433.webp 768w, https:\/\/www.champsblancstest.geek-tonic.dev\/wp-content\/uploads\/2023\/09\/camping-emplacement-location-1536x866.webp 1536w, https:\/\/www.champsblancstest.geek-tonic.dev\/wp-content\/uploads\/2023\/09\/camping-emplacement-location-2048x1154.webp 2048w\" sizes=\"(max-width: 2560px) 100vw, 2560px\" \/><\/a><\/figure>\n<\/figure>\n<\/div>\n\n\n\n<div class=\"wp-block-column is-vertically-aligned-center is-layout-flow wp-block-column-is-layout-flow\" style=\"flex-basis:47%\">\n<h2 class=\"ls__heading wp-block-heading\">Des installations pens\u00e9es pour votre emplacement nu <\/h2>\n\n\n\n<p class=\"ls-paragraph\">Les branchements \u00e9lectriques contribuent grandement <strong>au confort de nos h\u00f4tes<\/strong>. Ils leur offrent un minimum de confort. Vous pourrez ainsi brancher votre frigo, recharger votre t\u00e9l\u00e9phone portable et autres appareils \u00e9lectroniques (ordinateurs, tablettes), et utiliser votre cafeti\u00e8re \u00e9lectrique qui vous accompagne toujours sur votre lieu de vacances.<\/p>\n\n\n\n<p class=\"ls-paragraph\">Les prix de nos emplacements peuvent varier sensiblement en fonction de la saison. Consultez<a href=\"https:\/\/www.champsblancstest.geek-tonic.dev\/fr\/camping-pas-cher-agde\/\"> nos tarifs<\/a> et n\u2019h\u00e9sitez pas \u00e0 nous contacter si vous souhaitez nous poser des questions sur nos terrains, nos installations, nos services, nos offres sp\u00e9ciales et le r\u00e8glement int\u00e9rieur du camping. Notre \u00e9quipe se fera un plaisir de vous aider \u00e0 planifier vos <strong>vacances en bord de mer en Occitanie<\/strong>, tout pr\u00e8s de la M\u00e9diterran\u00e9e et des plages de sable fin du Cap d\u2019Agde.<\/p>\n<\/div>\n<\/div>\n\n\n    <\/div>\n<\/section>\n\n<section id=\"ls-section-block_bf4bf44434189e42f4cbc119944219c4\" class=\"ls-section  page-four animated fadeInUp slow delay-100ms\" >\n        <div class=\"container container--wide\">\n        \n\n<div id=\"ls-heading ls-titre-div-block_dffc8a408d8ff08b94b689f4c92046b7\" class=\"ls-titre-div aligncenter h2-like\" >\n    D\u00e9couvrir les h\u00e9bergements<\/div>\n\n\n<div id=\"ls-maillage-block_5759f464b923327a91213de6e21bf8f3\" class=\"ls-maillage cta-style-normal\" data-rows=\"5\">\n    <div class=\"wp-block-columns\"><div class=\"wp-block-column\"><div class=\"ls-cta\">\n\n<a href=\"https:\/\/www.champsblancstest.geek-tonic.dev\/fr\/caravaning-premium-agde\/\" target=\"\" rel=\"noopener\" class=\"ls-cta__link\">\n\n\t<div class=\"ls-cta__image\"><img decoding=\"async\" src=\"https:\/\/www.champsblancstest.geek-tonic.dev\/wp-content\/uploads\/2023\/09\/sanitaire-prive-emplacement-camping-agde.webp\" alt=\"sanitaire prive emplacement camping agde\"><\/div>\n\t<div class=\"ls-cta__title\">\n\t\t<span class=\"champs-blancs-coin-droit\"><\/span>\n\t\tEmplacements Premium\t\t<span class=\"champs-blancs-arrow-down\"><\/span>\n\t<\/div>\n\n\t\n<\/a><\/div><\/div><div class=\"wp-block-column\"><div class=\"ls-cta\">\n\n<a href=\"https:\/\/www.champsblancstest.geek-tonic.dev\/fr\/location-chalet-cap-agde\/\" target=\"\" rel=\"noopener\" class=\"ls-cta__link\">\n\n\t<div class=\"ls-cta__image\"><img decoding=\"async\" src=\"https:\/\/www.champsblancstest.geek-tonic.dev\/wp-content\/uploads\/2023\/09\/location-chalet-cap-agde-768x512.webp\" alt=\"location chalet cap agde\"><\/div>\n\t<div class=\"ls-cta__title\">\n\t\t<span class=\"champs-blancs-coin-droit\"><\/span>\n\t\tLes Chalets\t\t<span class=\"champs-blancs-arrow-down\"><\/span>\n\t<\/div>\n\n\t\n<\/a><\/div><\/div><div class=\"wp-block-column\"><div class=\"ls-cta\">\n\n<a href=\"https:\/\/www.champsblancstest.geek-tonic.dev\/fr\/location-mobil-home-cap-agde\/\" target=\"\" rel=\"noopener\" class=\"ls-cta__link\">\n\n\t<div class=\"ls-cta__image\"><img decoding=\"async\" src=\"https:\/\/www.champsblancstest.geek-tonic.dev\/wp-content\/uploads\/2023\/09\/location-vacances-cap-agde-768x463.webp\" alt=\"location vacances cap agde\"><\/div>\n\t<div class=\"ls-cta__title\">\n\t\t<span class=\"champs-blancs-coin-droit\"><\/span>\n\t\tMobil Home\t\t<span class=\"champs-blancs-arrow-down\"><\/span>\n\t<\/div>\n\n\t\n<\/a><\/div><\/div><div class=\"wp-block-column\"><div class=\"ls-cta\">\n\n<a href=\"https:\/\/www.champsblancstest.geek-tonic.dev\/fr\/location-mobil-home-premium-cap-agde\/\" target=\"\" rel=\"noopener\" class=\"ls-cta__link\">\n\n\t<div class=\"ls-cta__image\"><img decoding=\"async\" src=\"https:\/\/www.champsblancstest.geek-tonic.dev\/wp-content\/uploads\/2023\/09\/mobil-home-luxe-agde-768x451.webp\" alt=\"mobil home luxe agde\"><\/div>\n\t<div class=\"ls-cta__title\">\n\t\t<span class=\"champs-blancs-coin-droit\"><\/span>\n\t\tMobil-home Premium\t\t<span class=\"champs-blancs-arrow-down\"><\/span>\n\t<\/div>\n\n\t\n<\/a><\/div><\/div><div class=\"wp-block-column\"><div class=\"ls-cta\">\n\n<a href=\"https:\/\/www.champsblancstest.geek-tonic.dev\/fr\/camping-pas-cher-agde\/\" target=\"\" rel=\"noopener\" class=\"ls-cta__link\">\n\n\t<div class=\"ls-cta__image\"><img decoding=\"async\" src=\"https:\/\/www.champsblancstest.geek-tonic.dev\/wp-content\/uploads\/2023\/09\/camping-pas-cher-bord-de-mer-768x1152.webp\" alt=\"camping pas cher bord de mer\"><\/div>\n\t<div class=\"ls-cta__title\">\n\t\t<span class=\"champs-blancs-coin-droit\"><\/span>\n\t\tTarifs\t\t<span class=\"champs-blancs-arrow-down\"><\/span>\n\t<\/div>\n\n\t\n<\/a><\/div><\/div><\/div><\/div>\n\n    <\/div>\n<\/section>","protected":false},"excerpt":{"rendered":"","protected":false},"author":1,"featured_media":8335,"parent":0,"menu_order":0,"comment_status":"closed","ping_status":"closed","template":"","meta":{"_acf_changed":false,"footnotes":""},"sujet":[],"class_list":["post-207","page","type-page","status-publish","has-post-thumbnail","hentry"],"acf":[],"yoast_head":"<!-- This site is optimized with the Yoast SEO plugin v22.6 - https:\/\/yoast.com\/wordpress\/plugins\/seo\/ -->\n<title>Emplacement tente Cap d&#039;Agde | Louez emplacement camping-caravaning<\/title>\n<meta name=\"description\" content=\"\u00c0 la recherche d\u2019un emplacement nu au Cap d\u2019Agde ? Notre camping 5 \u00e9toiles vous propose des emplacements avec un bloc sanitaire \u00e0 proximit\u00e9\" \/>\n<meta name=\"robots\" content=\"noindex, follow, max-snippet:-1, max-image-preview:large, max-video-preview:-1\" \/>\n<meta property=\"og:locale\" content=\"fr_FR\" \/>\n<meta property=\"og:type\" content=\"article\" \/>\n<meta property=\"og:title\" content=\"Emplacement tente Cap d&#039;Agde | Louez emplacement camping-caravaning\" \/>\n<meta property=\"og:description\" content=\"\u00c0 la recherche d\u2019un emplacement nu au Cap d\u2019Agde ? Notre camping 5 \u00e9toiles vous propose des emplacements avec un bloc sanitaire \u00e0 proximit\u00e9\" \/>\n<meta property=\"og:url\" content=\"https:\/\/www.champsblancstest.geek-tonic.dev\/fr\/caravaning-cap-agde\/\" \/>\n<meta property=\"og:site_name\" content=\"Les Champs Blancs\" \/>\n<meta property=\"article:modified_time\" content=\"2023-10-13T18:32:05+00:00\" \/>\n<meta property=\"og:image\" content=\"https:\/\/www.champsblancstest.geek-tonic.dev\/wp-content\/uploads\/2023\/09\/emplacements-camping-bezier-scaled.webp\" \/>\n\t<meta property=\"og:image:width\" content=\"2560\" \/>\n\t<meta property=\"og:image:height\" content=\"1239\" \/>\n\t<meta property=\"og:image:type\" content=\"image\/webp\" \/>\n<meta name=\"twitter:card\" content=\"summary_large_image\" \/>\n<meta name=\"twitter:label1\" content=\"Dur\u00e9e de lecture estim\u00e9e\" \/>\n\t<meta name=\"twitter:data1\" content=\"3 minutes\" \/>\n<script type=\"application\/ld+json\" class=\"yoast-schema-graph\">{\"@context\":\"https:\/\/schema.org\",\"@graph\":[{\"@type\":\"WebPage\",\"@id\":\"https:\/\/www.champsblancstest.geek-tonic.dev\/fr\/caravaning-cap-agde\/\",\"url\":\"https:\/\/www.champsblancstest.geek-tonic.dev\/fr\/caravaning-cap-agde\/\",\"name\":\"Emplacement tente Cap d'Agde | Louez emplacement camping-caravaning\",\"isPartOf\":{\"@id\":\"https:\/\/www.champsblancstest.geek-tonic.dev\/fr\/#website\"},\"primaryImageOfPage\":{\"@id\":\"https:\/\/www.champsblancstest.geek-tonic.dev\/fr\/caravaning-cap-agde\/#primaryimage\"},\"image\":{\"@id\":\"https:\/\/www.champsblancstest.geek-tonic.dev\/fr\/caravaning-cap-agde\/#primaryimage\"},\"thumbnailUrl\":\"https:\/\/www.champsblancstest.geek-tonic.dev\/wp-content\/uploads\/2023\/09\/emplacements-camping-bezier-scaled.webp\",\"datePublished\":\"2023-07-17T08:55:32+00:00\",\"dateModified\":\"2023-10-13T18:32:05+00:00\",\"description\":\"\u00c0 la recherche d\u2019un emplacement nu au Cap d\u2019Agde ? Notre camping 5 \u00e9toiles vous propose des emplacements avec un bloc sanitaire \u00e0 proximit\u00e9\",\"breadcrumb\":{\"@id\":\"https:\/\/www.champsblancstest.geek-tonic.dev\/fr\/caravaning-cap-agde\/#breadcrumb\"},\"inLanguage\":\"fr-FR\",\"potentialAction\":[{\"@type\":\"ReadAction\",\"target\":[\"https:\/\/www.champsblancstest.geek-tonic.dev\/fr\/caravaning-cap-agde\/\"]}]},{\"@type\":\"ImageObject\",\"inLanguage\":\"fr-FR\",\"@id\":\"https:\/\/www.champsblancstest.geek-tonic.dev\/fr\/caravaning-cap-agde\/#primaryimage\",\"url\":\"https:\/\/www.champsblancstest.geek-tonic.dev\/wp-content\/uploads\/2023\/09\/emplacements-camping-bezier-scaled.webp\",\"contentUrl\":\"https:\/\/www.champsblancstest.geek-tonic.dev\/wp-content\/uploads\/2023\/09\/emplacements-camping-bezier-scaled.webp\",\"width\":2560,\"height\":1239,\"caption\":\"emplacements camping bezier\"},{\"@type\":\"BreadcrumbList\",\"@id\":\"https:\/\/www.champsblancstest.geek-tonic.dev\/fr\/caravaning-cap-agde\/#breadcrumb\",\"itemListElement\":[{\"@type\":\"ListItem\",\"position\":1,\"name\":\"Camping Cap d\u2019Agde\",\"item\":\"https:\/\/www.champsblancstest.geek-tonic.dev\/fr\/\"},{\"@type\":\"ListItem\",\"position\":2,\"name\":\"Emplacement caravaning cap Agde\"}]},{\"@type\":\"WebSite\",\"@id\":\"https:\/\/www.champsblancstest.geek-tonic.dev\/fr\/#website\",\"url\":\"https:\/\/www.champsblancstest.geek-tonic.dev\/fr\/\",\"name\":\"Les Champs Blancs\",\"description\":\"\",\"publisher\":{\"@id\":\"https:\/\/www.champsblancstest.geek-tonic.dev\/fr\/#organization\"},\"potentialAction\":[{\"@type\":\"SearchAction\",\"target\":{\"@type\":\"EntryPoint\",\"urlTemplate\":\"https:\/\/www.champsblancstest.geek-tonic.dev\/fr\/?s={search_term_string}\"},\"query-input\":\"required name=search_term_string\"}],\"inLanguage\":\"fr-FR\"},{\"@type\":\"Organization\",\"@id\":\"https:\/\/www.champsblancstest.geek-tonic.dev\/fr\/#organization\",\"name\":\"Les Champs Blancs\",\"url\":\"https:\/\/www.champsblancstest.geek-tonic.dev\/fr\/\",\"logo\":{\"@type\":\"ImageObject\",\"inLanguage\":\"fr-FR\",\"@id\":\"https:\/\/www.champsblancstest.geek-tonic.dev\/fr\/#\/schema\/logo\/image\/\",\"url\":\"https:\/\/www.champsblancstest.geek-tonic.dev\/wp-content\/uploads\/2023\/07\/logo-blanc-camping-les-champs-blancs.webp\",\"contentUrl\":\"https:\/\/www.champsblancstest.geek-tonic.dev\/wp-content\/uploads\/2023\/07\/logo-blanc-camping-les-champs-blancs.webp\",\"width\":821,\"height\":657,\"caption\":\"Les Champs Blancs\"},\"image\":{\"@id\":\"https:\/\/www.champsblancstest.geek-tonic.dev\/fr\/#\/schema\/logo\/image\/\"}}]}<\/script>\n<!-- \/ Yoast SEO plugin. -->","yoast_head_json":{"title":"Emplacement tente Cap d'Agde | Louez emplacement camping-caravaning","description":"\u00c0 la recherche d\u2019un emplacement nu au Cap d\u2019Agde ? Notre camping 5 \u00e9toiles vous propose des emplacements avec un bloc sanitaire \u00e0 proximit\u00e9","robots":{"index":"noindex","follow":"follow","max-snippet":"max-snippet:-1","max-image-preview":"max-image-preview:large","max-video-preview":"max-video-preview:-1"},"og_locale":"fr_FR","og_type":"article","og_title":"Emplacement tente Cap d'Agde | Louez emplacement camping-caravaning","og_description":"\u00c0 la recherche d\u2019un emplacement nu au Cap d\u2019Agde ? Notre camping 5 \u00e9toiles vous propose des emplacements avec un bloc sanitaire \u00e0 proximit\u00e9","og_url":"https:\/\/www.champsblancstest.geek-tonic.dev\/fr\/caravaning-cap-agde\/","og_site_name":"Les Champs Blancs","article_modified_time":"2023-10-13T18:32:05+00:00","og_image":[{"width":2560,"height":1239,"url":"https:\/\/www.champsblancstest.geek-tonic.dev\/wp-content\/uploads\/2023\/09\/emplacements-camping-bezier-scaled.webp","type":"image\/webp"}],"twitter_card":"summary_large_image","twitter_misc":{"Dur\u00e9e de lecture estim\u00e9e":"3 minutes"},"schema":{"@context":"https:\/\/schema.org","@graph":[{"@type":"WebPage","@id":"https:\/\/www.champsblancstest.geek-tonic.dev\/fr\/caravaning-cap-agde\/","url":"https:\/\/www.champsblancstest.geek-tonic.dev\/fr\/caravaning-cap-agde\/","name":"Emplacement tente Cap d'Agde | Louez emplacement camping-caravaning","isPartOf":{"@id":"https:\/\/www.champsblancstest.geek-tonic.dev\/fr\/#website"},"primaryImageOfPage":{"@id":"https:\/\/www.champsblancstest.geek-tonic.dev\/fr\/caravaning-cap-agde\/#primaryimage"},"image":{"@id":"https:\/\/www.champsblancstest.geek-tonic.dev\/fr\/caravaning-cap-agde\/#primaryimage"},"thumbnailUrl":"https:\/\/www.champsblancstest.geek-tonic.dev\/wp-content\/uploads\/2023\/09\/emplacements-camping-bezier-scaled.webp","datePublished":"2023-07-17T08:55:32+00:00","dateModified":"2023-10-13T18:32:05+00:00","description":"\u00c0 la recherche d\u2019un emplacement nu au Cap d\u2019Agde ? Notre camping 5 \u00e9toiles vous propose des emplacements avec un bloc sanitaire \u00e0 proximit\u00e9","breadcrumb":{"@id":"https:\/\/www.champsblancstest.geek-tonic.dev\/fr\/caravaning-cap-agde\/#breadcrumb"},"inLanguage":"fr-FR","potentialAction":[{"@type":"ReadAction","target":["https:\/\/www.champsblancstest.geek-tonic.dev\/fr\/caravaning-cap-agde\/"]}]},{"@type":"ImageObject","inLanguage":"fr-FR","@id":"https:\/\/www.champsblancstest.geek-tonic.dev\/fr\/caravaning-cap-agde\/#primaryimage","url":"https:\/\/www.champsblancstest.geek-tonic.dev\/wp-content\/uploads\/2023\/09\/emplacements-camping-bezier-scaled.webp","contentUrl":"https:\/\/www.champsblancstest.geek-tonic.dev\/wp-content\/uploads\/2023\/09\/emplacements-camping-bezier-scaled.webp","width":2560,"height":1239,"caption":"emplacements camping bezier"},{"@type":"BreadcrumbList","@id":"https:\/\/www.champsblancstest.geek-tonic.dev\/fr\/caravaning-cap-agde\/#breadcrumb","itemListElement":[{"@type":"ListItem","position":1,"name":"Camping Cap d\u2019Agde","item":"https:\/\/www.champsblancstest.geek-tonic.dev\/fr\/"},{"@type":"ListItem","position":2,"name":"Emplacement caravaning cap Agde"}]},{"@type":"WebSite","@id":"https:\/\/www.champsblancstest.geek-tonic.dev\/fr\/#website","url":"https:\/\/www.champsblancstest.geek-tonic.dev\/fr\/","name":"Les Champs Blancs","description":"","publisher":{"@id":"https:\/\/www.champsblancstest.geek-tonic.dev\/fr\/#organization"},"potentialAction":[{"@type":"SearchAction","target":{"@type":"EntryPoint","urlTemplate":"https:\/\/www.champsblancstest.geek-tonic.dev\/fr\/?s={search_term_string}"},"query-input":"required name=search_term_string"}],"inLanguage":"fr-FR"},{"@type":"Organization","@id":"https:\/\/www.champsblancstest.geek-tonic.dev\/fr\/#organization","name":"Les Champs Blancs","url":"https:\/\/www.champsblancstest.geek-tonic.dev\/fr\/","logo":{"@type":"ImageObject","inLanguage":"fr-FR","@id":"https:\/\/www.champsblancstest.geek-tonic.dev\/fr\/#\/schema\/logo\/image\/","url":"https:\/\/www.champsblancstest.geek-tonic.dev\/wp-content\/uploads\/2023\/07\/logo-blanc-camping-les-champs-blancs.webp","contentUrl":"https:\/\/www.champsblancstest.geek-tonic.dev\/wp-content\/uploads\/2023\/07\/logo-blanc-camping-les-champs-blancs.webp","width":821,"height":657,"caption":"Les Champs Blancs"},"image":{"@id":"https:\/\/www.champsblancstest.geek-tonic.dev\/fr\/#\/schema\/logo\/image\/"}}]}},"_links":{"self":[{"href":"https:\/\/www.champsblancstest.geek-tonic.dev\/fr\/wp-json\/wp\/v2\/pages\/207","targetHints":{"allow":["GET"]}}],"collection":[{"href":"https:\/\/www.champsblancstest.geek-tonic.dev\/fr\/wp-json\/wp\/v2\/pages"}],"about":[{"href":"https:\/\/www.champsblancstest.geek-tonic.dev\/fr\/wp-json\/wp\/v2\/types\/page"}],"author":[{"embeddable":true,"href":"https:\/\/www.champsblancstest.geek-tonic.dev\/fr\/wp-json\/wp\/v2\/users\/1"}],"replies":[{"embeddable":true,"href":"https:\/\/www.champsblancstest.geek-tonic.dev\/fr\/wp-json\/wp\/v2\/comments?post=207"}],"version-history":[{"count":25,"href":"https:\/\/www.champsblancstest.geek-tonic.dev\/fr\/wp-json\/wp\/v2\/pages\/207\/revisions"}],"predecessor-version":[{"id":10343,"href":"https:\/\/www.champsblancstest.geek-tonic.dev\/fr\/wp-json\/wp\/v2\/pages\/207\/revisions\/10343"}],"wp:featuredmedia":[{"embeddable":true,"href":"https:\/\/www.champsblancstest.geek-tonic.dev\/fr\/wp-json\/wp\/v2\/media\/8335"}],"wp:attachment":[{"href":"https:\/\/www.champsblancstest.geek-tonic.dev\/fr\/wp-json\/wp\/v2\/media?parent=207"}],"wp:term":[{"taxonomy":"sujet","embeddable":true,"href":"https:\/\/www.champsblancstest.geek-tonic.dev\/fr\/wp-json\/wp\/v2\/sujet?post=207"}],"curies":[{"name":"wp","href":"https:\/\/api.w.org\/{rel}","templated":true}]}}