{"id":209,"date":"2023-07-17T10:55:47","date_gmt":"2023-07-17T08:55:47","guid":{"rendered":"https:\/\/www.champsblancstest.geek-tonic.dev\/?page_id=209"},"modified":"2023-10-13T20:31:47","modified_gmt":"2023-10-13T18:31:47","slug":"caravaning-premium-agde","status":"publish","type":"page","link":"https:\/\/www.champsblancstest.geek-tonic.dev\/fr\/caravaning-premium-agde\/","title":{"rendered":"Emplacements Premium"},"content":{"rendered":"<section id=\"ls-section-block_9e6cbbd616d9b1358deef42389468a9a\" class=\"ls-section  m-t-4 has-background has-color-3-background-color\" >\n        <div class=\"container \">\n        \n\n<h1 class=\"ls__heading wp-block-heading has-text-align-center h1-hebergements m-b-3\">Camping avec sanitaire priv\u00e9 <strong>sur emplacement \u00e0 Agde<\/strong><\/h1>\n\n\n\n<div class=\"wp-block-columns ls-ctv-wrapper is-layout-flex wp-container-core-columns-is-layout-9d6595d7 wp-block-columns-is-layout-flex\">\n<div class=\"wp-block-column is-layout-flow wp-block-column-is-layout-flow\">\n<script>\n    window.ctoutvert = {\n\t\tid: 2482, \n\t\tlang: 'auto', \n\t\turl: 'https:\/\/bookingpremium.secureholiday.net\/widgets\/'\n    };\n\n    (function (w, d, s, ctv, r, js, fjs) {\n        r=new XMLHttpRequest();r.open('GET',w[ctv].url+'js\/src.json');\n        r.responseType='json';r.json=true;r.send();\n        r.onload=function(){w[ctv].src=r.responseType=='json'?r.response:JSON.parse(r.response);\n        js.src=w[ctv].src[0];fjs.parentNode.insertBefore(js, fjs);}\n        js=d.createElement(s),fjs=d.getElementsByTagName(s)[0];\n        js.id='ctvwidget';js.async=1;\n    }(window, document, 'script', 'ctoutvert'));\n<\/script>\n<ctv-availability data-product-id=\"11726\" data-background-color=\"#f1fafe\" ><\/ctv-availability>\n<\/div>\n<\/div>\n\n\n\n<p class=\"ls-paragraph has-text-align-center\"><em>\u00ab\u00a0Photos non contractuelles\u00a0\u00bb<\/em><\/p>\n\n\n    <\/div>\n<\/section>\n\n<section id=\"ls-section-block_27cbfb59c799d00fb3f0cdd0ecf5338c\" class=\"ls-section  home-first page-one\" >\n        <div class=\"container container--full\">\n        \n\n<div class=\"wp-block-columns are-vertically-aligned-center is-layout-flex wp-container-core-columns-is-layout-9d6595d7 wp-block-columns-is-layout-flex\">\n<div class=\"wp-block-column is-vertically-aligned-center is-layout-flow wp-block-column-is-layout-flow\" style=\"flex-basis:53%\">\n<figure class=\"wp-block-gallery has-nested-images columns-default is-cropped animated fadeInLeft slow wp-block-gallery-1 is-layout-flex wp-block-gallery-is-layout-flex\">\n<figure class=\"wp-block-image size-full\"><a href=\"https:\/\/www.champsblancstest.geek-tonic.dev\/wp-content\/uploads\/2023\/09\/sanitaires-prives-camping-adge-scaled.webp\"><img decoding=\"async\" width=\"2560\" height=\"1708\" data-id=\"8385\" src=\"https:\/\/www.champsblancstest.geek-tonic.dev\/wp-content\/uploads\/2023\/09\/sanitaires-prives-camping-adge-scaled.webp\" alt=\"sanitaires priv\u00e9s camping adge\" class=\"wp-image-8385\" srcset=\"https:\/\/www.champsblancstest.geek-tonic.dev\/wp-content\/uploads\/2023\/09\/sanitaires-prives-camping-adge-scaled.webp 2560w, https:\/\/www.champsblancstest.geek-tonic.dev\/wp-content\/uploads\/2023\/09\/sanitaires-prives-camping-adge-300x200.webp 300w, https:\/\/www.champsblancstest.geek-tonic.dev\/wp-content\/uploads\/2023\/09\/sanitaires-prives-camping-adge-1024x683.webp 1024w, https:\/\/www.champsblancstest.geek-tonic.dev\/wp-content\/uploads\/2023\/09\/sanitaires-prives-camping-adge-768x513.webp 768w, https:\/\/www.champsblancstest.geek-tonic.dev\/wp-content\/uploads\/2023\/09\/sanitaires-prives-camping-adge-1536x1025.webp 1536w, https:\/\/www.champsblancstest.geek-tonic.dev\/wp-content\/uploads\/2023\/09\/sanitaires-prives-camping-adge-2048x1367.webp 2048w\" sizes=\"(max-width: 2560px) 100vw, 2560px\" \/><\/a><\/figure>\n<\/figure>\n<\/div>\n\n\n\n<div class=\"wp-block-column is-vertically-aligned-center is-layout-flow wp-block-column-is-layout-flow\" style=\"flex-basis:47%\">\n<p class=\"ls-paragraph\">Vous envisagez de s\u00e9journer dans un <a href=\"https:\/\/www.champsblancstest.geek-tonic.dev\/fr\/caravaning-cap-agde\/\">emplacement tente au Cap d\u2019Agde<\/a> ? D\u00e9couvrez \u00e9galement notre <strong>camping avec un sanitaire priv\u00e9 sur emplacement<\/strong>. Imaginez votre s\u00e9jour en tente, avec sanitaire priv\u00e9 (douche, wc, lavabo) pour encore plus de confort et profitez vraiment de vos vacances !<br><br>Vos enfants r\u00eavent de jouer les aventuriers dans une toile de tente ? Pourquoi pas, mais vous ajouterez bien une touche de confort \u00e0 leurs envies. La solution ? Un <strong>emplacement premium<\/strong> au <a href=\"https:\/\/www.champsblancstest.geek-tonic.dev\/fr\/\">camping resort \u00e0 Agde<\/a> Les Champs Blancs en H\u00e9rault.<\/p>\n<\/div>\n<\/div>\n\n\n    <\/div>\n<\/section>\n\n<section id=\"ls-section-block_06dd6b69fe461534ccb1374376dbfbd6\" class=\"ls-section  home-first page-two\" >\n        <div class=\"container container--full\">\n        \n\n<div class=\"wp-block-columns are-vertically-aligned-center is-layout-flex wp-container-core-columns-is-layout-9d6595d7 wp-block-columns-is-layout-flex\">\n<div class=\"wp-block-column is-vertically-aligned-center is-layout-flow wp-block-column-is-layout-flow\" style=\"flex-basis:47%\">\n<h2 class=\"ls__heading wp-block-heading\">Des emplacements avec sanitaires priv\u00e9s<\/h2>\n\n\n\n<p class=\"ls-paragraph\">Notre camping luxe 5 \u00e9toiles situ\u00e9 <strong>\u00e0 3 minutes en voiture des plages d\u2019Agde et de Vias-Plage<\/strong> vous invite \u00e0 planter votre toile de tente, \u00e0 garer votre <strong>camping-car<\/strong> ou votre <strong>caravane<\/strong> dans un emplacement \u00e9quip\u00e9 d\u2019un sanitaire privatif.<\/p>\n\n\n\n<p class=\"ls-paragraph\">L\u2019id\u00e9e de devoir parcourir quelques dizaines de m\u00e8tres en pleine nuit pour rejoindre les sanitaires vous rebute ? Nos <strong>emplacements avec sanitaires priv\u00e9s<\/strong> r\u00e9soudront tous vos probl\u00e8mes. Sur votre emplacement vous disposerez&nbsp; :<\/p>\n\n\n\n<ul class=\"ls-list wp-block-list\">\n<li>de votre propre bloc sanitaire avec <strong>douches<\/strong><\/li>\n\n\n\n<li>de <strong>toilettes<\/strong> ind\u00e9pendantes<\/li>\n\n\n\n<li>d\u2019un <strong>lavabo et \u00e9vier<\/strong> ext\u00e9rieur pour faire votre vaisselle apr\u00e8s vos repas en famille, \u00e0 deux ou entre amis.<\/li>\n<\/ul>\n\n\n\n<p class=\"ls-paragraph\">Nos <strong>parcelles haut de gamme pour 1 \u00e0 6 personnes<\/strong> incluent des branchements \u00e9lectriques (10A) pour un meilleur confort durant votre s\u00e9jour. Votre intimit\u00e9 sera en permanence prot\u00e9g\u00e9e gr\u00e2ce aux haies fleuries qui d\u00e9limitent chaque terrain.<\/p>\n<\/div>\n\n\n\n<div class=\"wp-block-column is-vertically-aligned-center is-layout-flow wp-block-column-is-layout-flow\" style=\"flex-basis:53%\">\n<figure class=\"wp-block-gallery has-nested-images columns-default is-cropped animated fadeInRight slow delay-200ms wp-block-gallery-2 is-layout-flex wp-block-gallery-is-layout-flex\">\n<figure class=\"wp-block-image size-full\"><a href=\"https:\/\/www.champsblancstest.geek-tonic.dev\/wp-content\/uploads\/2023\/09\/emplacement-premium-sanitaire-prive-recent-interieur.webp\"><img decoding=\"async\" width=\"2558\" height=\"1920\" data-id=\"8390\" src=\"https:\/\/www.champsblancstest.geek-tonic.dev\/wp-content\/uploads\/2023\/09\/emplacement-premium-sanitaire-prive-recent-interieur.webp\" alt=\"emplacement premium sanitaire priv\u00e9 r\u00e9cent int\u00e9rieur\" class=\"wp-image-8390\" srcset=\"https:\/\/www.champsblancstest.geek-tonic.dev\/wp-content\/uploads\/2023\/09\/emplacement-premium-sanitaire-prive-recent-interieur.webp 2558w, https:\/\/www.champsblancstest.geek-tonic.dev\/wp-content\/uploads\/2023\/09\/emplacement-premium-sanitaire-prive-recent-interieur-300x225.webp 300w, https:\/\/www.champsblancstest.geek-tonic.dev\/wp-content\/uploads\/2023\/09\/emplacement-premium-sanitaire-prive-recent-interieur-1024x769.webp 1024w, https:\/\/www.champsblancstest.geek-tonic.dev\/wp-content\/uploads\/2023\/09\/emplacement-premium-sanitaire-prive-recent-interieur-768x576.webp 768w, https:\/\/www.champsblancstest.geek-tonic.dev\/wp-content\/uploads\/2023\/09\/emplacement-premium-sanitaire-prive-recent-interieur-1536x1153.webp 1536w, https:\/\/www.champsblancstest.geek-tonic.dev\/wp-content\/uploads\/2023\/09\/emplacement-premium-sanitaire-prive-recent-interieur-2048x1537.webp 2048w\" sizes=\"(max-width: 2558px) 100vw, 2558px\" \/><\/a><\/figure>\n<\/figure>\n<\/div>\n<\/div>\n\n\n    <\/div>\n<\/section>\n\n<section id=\"ls-section-block_6fe6ad4beddccf2ca788f5670cb8a379\" class=\"ls-section  home-sixth page-three has-background-image has-parallax-child\" >\n    <div class=\"ls-section__background-image opacity-100\"><img decoding=\"async\" src=\"https:\/\/www.champsblancstest.geek-tonic.dev\/wp-content\/uploads\/2023\/09\/emplacement-sanitaire-prives-camping-scaled.webp\" alt=\"emplacement sanitaire priv\u00e9s camping\"><\/div>    <div class=\"container container--wide\">\n        \n\n<div class=\"wp-block-columns are-vertically-aligned-center is-layout-flex wp-container-core-columns-is-layout-9d6595d7 wp-block-columns-is-layout-flex\">\n<div class=\"wp-block-column is-vertically-aligned-center wp-block-column__text animated fadeInUp delay-100ms slow is-layout-flow wp-block-column-is-layout-flow\" style=\"flex-basis:66.66%\">\n<h2 class=\"ls__heading wp-block-heading\">Camping avec sanitaire individuel au Cap d&rsquo;Agde<\/h2>\n\n\n\n<p class=\"ls-paragraph\">L\u2019emplacement nu avec sanitaire privatif est un concept innovant pour des vacances au plus pr\u00e8s de la nature et constitue <strong>une excellente alternative pour les campeurs<\/strong> qui d\u00e9sirent pr\u00e9server leur intimit\u00e9 et leur ind\u00e9pendance. Vous pourrez pratiquer <strong>de nombreuses activit\u00e9s<\/strong> autour du camping : sports nautiques, parcs d\u2019attractions, visites de mus\u00e9es\u2026<br><br>\u00c0 condition, bien s\u00fbr, que vos heures pass\u00e9es dans l\u2019espace aquatique avec piscines chauff\u00e9es et nos soir\u00e9es spectacles vous laissent du temps libre pour explorer la c\u00f4te languedocienne.<br><br>Vous \u00eates sur le point de r\u00e9server votre emplacement avec sanitaire privatif ? Consultez nos bons plans et <a href=\"https:\/\/www.champsblancstest.geek-tonic.dev\/fr\/camping-pas-cher-agde\/\">offres promotionnelles<\/a> sur les emplacements. Notez \u00e9galement pour s\u00e9journer encore moins cher au Cap d\u2019Agde que <a href=\"https:\/\/www.champsblancstest.geek-tonic.dev\/fr\/camping-acsi\/\">notre camping accepte la carte ACSI<\/a> ! Vous h\u00e9sitez encore pour location de votre emplacement avec sanitaire individuel ? Consulter les avis des clients vacanciers.<\/p>\n<\/div>\n\n\n\n<div class=\"wp-block-column is-vertically-aligned-center is-layout-flow wp-block-column-is-layout-flow\" style=\"flex-basis:33.33%\">\n<div id=\"ls-heading ls-titre-div-block_45ccbd02c0a280e4fa4e9f671d875375\" class=\"ls-titre-div h1-like\" >\n    Campez<br \/><strong> au bord de l&rsquo;eau<\/strong><\/div>\n<\/div>\n<\/div>\n\n\n    <\/div>\n<\/section>\n\n<section id=\"ls-section-block_62af5cd0a950310536c8a0a4efce2fe6\" class=\"ls-section  page-four animated fadeInUp slow delay-100ms\" >\n        <div class=\"container container--wide\">\n        \n\n<div id=\"ls-heading ls-titre-div-block_aa741c513ff3e284c2a68db954d041dd\" class=\"ls-titre-div aligncenter h2-like\" >\n    \u00c0 voir nos diff\u00e9rents types de locations et emplacements<\/div>\n\n\n<div id=\"ls-maillage-block_9dd04f0bca1e9e7f335f71352eb2abbf\" class=\"ls-maillage cta-style-normal\" data-rows=\"5\">\n    <div class=\"wp-block-columns\"><div class=\"wp-block-column\"><div class=\"ls-cta\">\n\n<a href=\"https:\/\/www.champsblancstest.geek-tonic.dev\/fr\/location-mobil-home-cap-agde\/\" target=\"\" rel=\"noopener\" class=\"ls-cta__link\">\n\n\t<div class=\"ls-cta__image\"><img decoding=\"async\" src=\"https:\/\/www.champsblancstest.geek-tonic.dev\/wp-content\/uploads\/2023\/09\/location-vacances-cap-agde-768x463.webp\" alt=\"location vacances cap agde\"><\/div>\n\t<div class=\"ls-cta__title\">\n\t\t<span class=\"champs-blancs-coin-droit\"><\/span>\n\t\tMobil Home\t\t<span class=\"champs-blancs-arrow-down\"><\/span>\n\t<\/div>\n\n\t\n<\/a><\/div><\/div><div class=\"wp-block-column\"><div class=\"ls-cta\">\n\n<a href=\"https:\/\/www.champsblancstest.geek-tonic.dev\/fr\/location-mobil-home-premium-cap-agde\/\" target=\"\" rel=\"noopener\" class=\"ls-cta__link\">\n\n\t<div class=\"ls-cta__image\"><img decoding=\"async\" src=\"https:\/\/www.champsblancstest.geek-tonic.dev\/wp-content\/uploads\/2023\/09\/mobil-home-luxe-agde-768x451.webp\" alt=\"mobil home luxe agde\"><\/div>\n\t<div class=\"ls-cta__title\">\n\t\t<span class=\"champs-blancs-coin-droit\"><\/span>\n\t\tMobil-home Premium\t\t<span class=\"champs-blancs-arrow-down\"><\/span>\n\t<\/div>\n\n\t\n<\/a><\/div><\/div><div class=\"wp-block-column\"><div class=\"ls-cta\">\n\n<a href=\"https:\/\/www.champsblancstest.geek-tonic.dev\/fr\/location-chalet-cap-agde\/\" target=\"\" rel=\"noopener\" class=\"ls-cta__link\">\n\n\t<div class=\"ls-cta__image\"><img decoding=\"async\" src=\"https:\/\/www.champsblancstest.geek-tonic.dev\/wp-content\/uploads\/2023\/09\/location-chalet-cap-agde-768x512.webp\" alt=\"location chalet cap agde\"><\/div>\n\t<div class=\"ls-cta__title\">\n\t\t<span class=\"champs-blancs-coin-droit\"><\/span>\n\t\tLes Chalets\t\t<span class=\"champs-blancs-arrow-down\"><\/span>\n\t<\/div>\n\n\t\n<\/a><\/div><\/div><div class=\"wp-block-column\"><div class=\"ls-cta\">\n\n<a href=\"https:\/\/www.champsblancstest.geek-tonic.dev\/fr\/caravaning-cap-agde\/\" target=\"\" rel=\"noopener\" class=\"ls-cta__link\">\n\n\t<div class=\"ls-cta__image\"><img decoding=\"async\" src=\"https:\/\/www.champsblancstest.geek-tonic.dev\/wp-content\/uploads\/2023\/09\/camping-caravaning-cap-agde-768x512.webp\" alt=\"camping caravaning cap agde\"><\/div>\n\t<div class=\"ls-cta__title\">\n\t\t<span class=\"champs-blancs-coin-droit\"><\/span>\n\t\tEmplacements Standard\t\t<span class=\"champs-blancs-arrow-down\"><\/span>\n\t<\/div>\n\n\t\n<\/a><\/div><\/div><div class=\"wp-block-column\"><div class=\"ls-cta\">\n\n<a href=\"https:\/\/www.champsblancstest.geek-tonic.dev\/fr\/camping-pas-cher-agde\/\" target=\"\" rel=\"noopener\" class=\"ls-cta__link\">\n\n\t<div class=\"ls-cta__image\"><img decoding=\"async\" src=\"https:\/\/www.champsblancstest.geek-tonic.dev\/wp-content\/uploads\/2023\/09\/camping-pas-cher-bord-de-mer-768x1152.webp\" alt=\"camping pas cher bord de mer\"><\/div>\n\t<div class=\"ls-cta__title\">\n\t\t<span class=\"champs-blancs-coin-droit\"><\/span>\n\t\tTarifs\t\t<span class=\"champs-blancs-arrow-down\"><\/span>\n\t<\/div>\n\n\t\n<\/a><\/div><\/div><\/div><\/div>\n\n    <\/div>\n<\/section>","protected":false},"excerpt":{"rendered":"","protected":false},"author":1,"featured_media":8425,"parent":0,"menu_order":0,"comment_status":"closed","ping_status":"closed","template":"","meta":{"_acf_changed":false,"footnotes":""},"sujet":[],"class_list":["post-209","page","type-page","status-publish","has-post-thumbnail","hentry"],"acf":[],"yoast_head":"<!-- This site is optimized with the Yoast SEO plugin v22.6 - https:\/\/yoast.com\/wordpress\/plugins\/seo\/ -->\n<title>Camping avec sanitaire priv\u00e9 sur emplacement dans l&#039;H\u00e9rault : Emplacement de luxe \u00e0 Agde<\/title>\n<meta name=\"description\" content=\"Un camping avec sanitaire priv\u00e9 sur emplacement \u00e0 Agde vous fait r\u00eaver ? D\u00e9couvrez les emplacements avec sanitaire de notre camping 5 \u00e9toiles !\" \/>\n<meta name=\"robots\" content=\"noindex, follow, max-snippet:-1, max-image-preview:large, max-video-preview:-1\" \/>\n<meta property=\"og:locale\" content=\"fr_FR\" \/>\n<meta property=\"og:type\" content=\"article\" \/>\n<meta property=\"og:title\" content=\"Camping avec sanitaire priv\u00e9 sur emplacement dans l&#039;H\u00e9rault : Emplacement de luxe \u00e0 Agde\" \/>\n<meta property=\"og:description\" content=\"Un camping avec sanitaire priv\u00e9 sur emplacement \u00e0 Agde vous fait r\u00eaver ? D\u00e9couvrez les emplacements avec sanitaire de notre camping 5 \u00e9toiles !\" \/>\n<meta property=\"og:url\" content=\"https:\/\/www.champsblancstest.geek-tonic.dev\/fr\/caravaning-premium-agde\/\" \/>\n<meta property=\"og:site_name\" content=\"Les Champs Blancs\" \/>\n<meta property=\"article:modified_time\" content=\"2023-10-13T18:31:47+00:00\" \/>\n<meta property=\"og:image\" content=\"https:\/\/www.champsblancstest.geek-tonic.dev\/wp-content\/uploads\/2023\/09\/camping-agde-champs-blancs-Emplacement-sanitaire.jpg\" \/>\n\t<meta property=\"og:image:width\" content=\"1600\" \/>\n\t<meta property=\"og:image:height\" content=\"400\" \/>\n\t<meta property=\"og:image:type\" content=\"image\/jpeg\" \/>\n<meta name=\"twitter:card\" content=\"summary_large_image\" \/>\n<meta name=\"twitter:label1\" content=\"Dur\u00e9e de lecture estim\u00e9e\" \/>\n\t<meta name=\"twitter:data1\" content=\"3 minutes\" \/>\n<script type=\"application\/ld+json\" class=\"yoast-schema-graph\">{\"@context\":\"https:\/\/schema.org\",\"@graph\":[{\"@type\":\"WebPage\",\"@id\":\"https:\/\/www.champsblancstest.geek-tonic.dev\/fr\/caravaning-premium-agde\/\",\"url\":\"https:\/\/www.champsblancstest.geek-tonic.dev\/fr\/caravaning-premium-agde\/\",\"name\":\"Camping avec sanitaire priv\u00e9 sur emplacement dans l'H\u00e9rault : Emplacement de luxe \u00e0 Agde\",\"isPartOf\":{\"@id\":\"https:\/\/www.champsblancstest.geek-tonic.dev\/fr\/#website\"},\"primaryImageOfPage\":{\"@id\":\"https:\/\/www.champsblancstest.geek-tonic.dev\/fr\/caravaning-premium-agde\/#primaryimage\"},\"image\":{\"@id\":\"https:\/\/www.champsblancstest.geek-tonic.dev\/fr\/caravaning-premium-agde\/#primaryimage\"},\"thumbnailUrl\":\"https:\/\/www.champsblancstest.geek-tonic.dev\/wp-content\/uploads\/2023\/09\/camping-agde-champs-blancs-Emplacement-sanitaire.jpg\",\"datePublished\":\"2023-07-17T08:55:47+00:00\",\"dateModified\":\"2023-10-13T18:31:47+00:00\",\"description\":\"Un camping avec sanitaire priv\u00e9 sur emplacement \u00e0 Agde vous fait r\u00eaver ? D\u00e9couvrez les emplacements avec sanitaire de notre camping 5 \u00e9toiles !\",\"breadcrumb\":{\"@id\":\"https:\/\/www.champsblancstest.geek-tonic.dev\/fr\/caravaning-premium-agde\/#breadcrumb\"},\"inLanguage\":\"fr-FR\",\"potentialAction\":[{\"@type\":\"ReadAction\",\"target\":[\"https:\/\/www.champsblancstest.geek-tonic.dev\/fr\/caravaning-premium-agde\/\"]}]},{\"@type\":\"ImageObject\",\"inLanguage\":\"fr-FR\",\"@id\":\"https:\/\/www.champsblancstest.geek-tonic.dev\/fr\/caravaning-premium-agde\/#primaryimage\",\"url\":\"https:\/\/www.champsblancstest.geek-tonic.dev\/wp-content\/uploads\/2023\/09\/camping-agde-champs-blancs-Emplacement-sanitaire.jpg\",\"contentUrl\":\"https:\/\/www.champsblancstest.geek-tonic.dev\/wp-content\/uploads\/2023\/09\/camping-agde-champs-blancs-Emplacement-sanitaire.jpg\",\"width\":1600,\"height\":400,\"caption\":\"camping agde champs blancs Emplacement sanitaire\"},{\"@type\":\"BreadcrumbList\",\"@id\":\"https:\/\/www.champsblancstest.geek-tonic.dev\/fr\/caravaning-premium-agde\/#breadcrumb\",\"itemListElement\":[{\"@type\":\"ListItem\",\"position\":1,\"name\":\"Camping Cap d\u2019Agde\",\"item\":\"https:\/\/www.champsblancstest.geek-tonic.dev\/fr\/\"},{\"@type\":\"ListItem\",\"position\":2,\"name\":\"Camping sanitaire priv\u00e9\"}]},{\"@type\":\"WebSite\",\"@id\":\"https:\/\/www.champsblancstest.geek-tonic.dev\/fr\/#website\",\"url\":\"https:\/\/www.champsblancstest.geek-tonic.dev\/fr\/\",\"name\":\"Les Champs Blancs\",\"description\":\"\",\"publisher\":{\"@id\":\"https:\/\/www.champsblancstest.geek-tonic.dev\/fr\/#organization\"},\"potentialAction\":[{\"@type\":\"SearchAction\",\"target\":{\"@type\":\"EntryPoint\",\"urlTemplate\":\"https:\/\/www.champsblancstest.geek-tonic.dev\/fr\/?s={search_term_string}\"},\"query-input\":\"required name=search_term_string\"}],\"inLanguage\":\"fr-FR\"},{\"@type\":\"Organization\",\"@id\":\"https:\/\/www.champsblancstest.geek-tonic.dev\/fr\/#organization\",\"name\":\"Les Champs Blancs\",\"url\":\"https:\/\/www.champsblancstest.geek-tonic.dev\/fr\/\",\"logo\":{\"@type\":\"ImageObject\",\"inLanguage\":\"fr-FR\",\"@id\":\"https:\/\/www.champsblancstest.geek-tonic.dev\/fr\/#\/schema\/logo\/image\/\",\"url\":\"https:\/\/www.champsblancstest.geek-tonic.dev\/wp-content\/uploads\/2023\/07\/logo-blanc-camping-les-champs-blancs.webp\",\"contentUrl\":\"https:\/\/www.champsblancstest.geek-tonic.dev\/wp-content\/uploads\/2023\/07\/logo-blanc-camping-les-champs-blancs.webp\",\"width\":821,\"height\":657,\"caption\":\"Les Champs Blancs\"},\"image\":{\"@id\":\"https:\/\/www.champsblancstest.geek-tonic.dev\/fr\/#\/schema\/logo\/image\/\"}}]}<\/script>\n<!-- \/ Yoast SEO plugin. -->","yoast_head_json":{"title":"Camping avec sanitaire priv\u00e9 sur emplacement dans l'H\u00e9rault : Emplacement de luxe \u00e0 Agde","description":"Un camping avec sanitaire priv\u00e9 sur emplacement \u00e0 Agde vous fait r\u00eaver ? D\u00e9couvrez les emplacements avec sanitaire de notre camping 5 \u00e9toiles !","robots":{"index":"noindex","follow":"follow","max-snippet":"max-snippet:-1","max-image-preview":"max-image-preview:large","max-video-preview":"max-video-preview:-1"},"og_locale":"fr_FR","og_type":"article","og_title":"Camping avec sanitaire priv\u00e9 sur emplacement dans l'H\u00e9rault : Emplacement de luxe \u00e0 Agde","og_description":"Un camping avec sanitaire priv\u00e9 sur emplacement \u00e0 Agde vous fait r\u00eaver ? D\u00e9couvrez les emplacements avec sanitaire de notre camping 5 \u00e9toiles !","og_url":"https:\/\/www.champsblancstest.geek-tonic.dev\/fr\/caravaning-premium-agde\/","og_site_name":"Les Champs Blancs","article_modified_time":"2023-10-13T18:31:47+00:00","og_image":[{"width":1600,"height":400,"url":"https:\/\/www.champsblancstest.geek-tonic.dev\/wp-content\/uploads\/2023\/09\/camping-agde-champs-blancs-Emplacement-sanitaire.jpg","type":"image\/jpeg"}],"twitter_card":"summary_large_image","twitter_misc":{"Dur\u00e9e de lecture estim\u00e9e":"3 minutes"},"schema":{"@context":"https:\/\/schema.org","@graph":[{"@type":"WebPage","@id":"https:\/\/www.champsblancstest.geek-tonic.dev\/fr\/caravaning-premium-agde\/","url":"https:\/\/www.champsblancstest.geek-tonic.dev\/fr\/caravaning-premium-agde\/","name":"Camping avec sanitaire priv\u00e9 sur emplacement dans l'H\u00e9rault : Emplacement de luxe \u00e0 Agde","isPartOf":{"@id":"https:\/\/www.champsblancstest.geek-tonic.dev\/fr\/#website"},"primaryImageOfPage":{"@id":"https:\/\/www.champsblancstest.geek-tonic.dev\/fr\/caravaning-premium-agde\/#primaryimage"},"image":{"@id":"https:\/\/www.champsblancstest.geek-tonic.dev\/fr\/caravaning-premium-agde\/#primaryimage"},"thumbnailUrl":"https:\/\/www.champsblancstest.geek-tonic.dev\/wp-content\/uploads\/2023\/09\/camping-agde-champs-blancs-Emplacement-sanitaire.jpg","datePublished":"2023-07-17T08:55:47+00:00","dateModified":"2023-10-13T18:31:47+00:00","description":"Un camping avec sanitaire priv\u00e9 sur emplacement \u00e0 Agde vous fait r\u00eaver ? D\u00e9couvrez les emplacements avec sanitaire de notre camping 5 \u00e9toiles !","breadcrumb":{"@id":"https:\/\/www.champsblancstest.geek-tonic.dev\/fr\/caravaning-premium-agde\/#breadcrumb"},"inLanguage":"fr-FR","potentialAction":[{"@type":"ReadAction","target":["https:\/\/www.champsblancstest.geek-tonic.dev\/fr\/caravaning-premium-agde\/"]}]},{"@type":"ImageObject","inLanguage":"fr-FR","@id":"https:\/\/www.champsblancstest.geek-tonic.dev\/fr\/caravaning-premium-agde\/#primaryimage","url":"https:\/\/www.champsblancstest.geek-tonic.dev\/wp-content\/uploads\/2023\/09\/camping-agde-champs-blancs-Emplacement-sanitaire.jpg","contentUrl":"https:\/\/www.champsblancstest.geek-tonic.dev\/wp-content\/uploads\/2023\/09\/camping-agde-champs-blancs-Emplacement-sanitaire.jpg","width":1600,"height":400,"caption":"camping agde champs blancs Emplacement sanitaire"},{"@type":"BreadcrumbList","@id":"https:\/\/www.champsblancstest.geek-tonic.dev\/fr\/caravaning-premium-agde\/#breadcrumb","itemListElement":[{"@type":"ListItem","position":1,"name":"Camping Cap d\u2019Agde","item":"https:\/\/www.champsblancstest.geek-tonic.dev\/fr\/"},{"@type":"ListItem","position":2,"name":"Camping sanitaire priv\u00e9"}]},{"@type":"WebSite","@id":"https:\/\/www.champsblancstest.geek-tonic.dev\/fr\/#website","url":"https:\/\/www.champsblancstest.geek-tonic.dev\/fr\/","name":"Les Champs Blancs","description":"","publisher":{"@id":"https:\/\/www.champsblancstest.geek-tonic.dev\/fr\/#organization"},"potentialAction":[{"@type":"SearchAction","target":{"@type":"EntryPoint","urlTemplate":"https:\/\/www.champsblancstest.geek-tonic.dev\/fr\/?s={search_term_string}"},"query-input":"required name=search_term_string"}],"inLanguage":"fr-FR"},{"@type":"Organization","@id":"https:\/\/www.champsblancstest.geek-tonic.dev\/fr\/#organization","name":"Les Champs Blancs","url":"https:\/\/www.champsblancstest.geek-tonic.dev\/fr\/","logo":{"@type":"ImageObject","inLanguage":"fr-FR","@id":"https:\/\/www.champsblancstest.geek-tonic.dev\/fr\/#\/schema\/logo\/image\/","url":"https:\/\/www.champsblancstest.geek-tonic.dev\/wp-content\/uploads\/2023\/07\/logo-blanc-camping-les-champs-blancs.webp","contentUrl":"https:\/\/www.champsblancstest.geek-tonic.dev\/wp-content\/uploads\/2023\/07\/logo-blanc-camping-les-champs-blancs.webp","width":821,"height":657,"caption":"Les Champs Blancs"},"image":{"@id":"https:\/\/www.champsblancstest.geek-tonic.dev\/fr\/#\/schema\/logo\/image\/"}}]}},"_links":{"self":[{"href":"https:\/\/www.champsblancstest.geek-tonic.dev\/fr\/wp-json\/wp\/v2\/pages\/209","targetHints":{"allow":["GET"]}}],"collection":[{"href":"https:\/\/www.champsblancstest.geek-tonic.dev\/fr\/wp-json\/wp\/v2\/pages"}],"about":[{"href":"https:\/\/www.champsblancstest.geek-tonic.dev\/fr\/wp-json\/wp\/v2\/types\/page"}],"author":[{"embeddable":true,"href":"https:\/\/www.champsblancstest.geek-tonic.dev\/fr\/wp-json\/wp\/v2\/users\/1"}],"replies":[{"embeddable":true,"href":"https:\/\/www.champsblancstest.geek-tonic.dev\/fr\/wp-json\/wp\/v2\/comments?post=209"}],"version-history":[{"count":25,"href":"https:\/\/www.champsblancstest.geek-tonic.dev\/fr\/wp-json\/wp\/v2\/pages\/209\/revisions"}],"predecessor-version":[{"id":10342,"href":"https:\/\/www.champsblancstest.geek-tonic.dev\/fr\/wp-json\/wp\/v2\/pages\/209\/revisions\/10342"}],"wp:featuredmedia":[{"embeddable":true,"href":"https:\/\/www.champsblancstest.geek-tonic.dev\/fr\/wp-json\/wp\/v2\/media\/8425"}],"wp:attachment":[{"href":"https:\/\/www.champsblancstest.geek-tonic.dev\/fr\/wp-json\/wp\/v2\/media?parent=209"}],"wp:term":[{"taxonomy":"sujet","embeddable":true,"href":"https:\/\/www.champsblancstest.geek-tonic.dev\/fr\/wp-json\/wp\/v2\/sujet?post=209"}],"curies":[{"name":"wp","href":"https:\/\/api.w.org\/{rel}","templated":true}]}}