{"id":215,"date":"2023-07-17T10:56:18","date_gmt":"2023-07-17T08:56:18","guid":{"rendered":"https:\/\/www.champsblancstest.geek-tonic.dev\/?page_id=215"},"modified":"2023-10-30T10:26:32","modified_gmt":"2023-10-30T09:26:32","slug":"agde","status":"publish","type":"page","link":"https:\/\/www.champsblancstest.geek-tonic.dev\/fr\/herault\/agde\/","title":{"rendered":"Agde"},"content":{"rendered":"<section id=\"ls-section-block_06dc7a163b3cdaf01536a800c278daaa\" class=\"ls-section  home-first page-one\" >\n        <div class=\"container container--full\">\n        \n\n<div class=\"wp-block-columns are-vertically-aligned-center is-layout-flex wp-container-core-columns-is-layout-9d6595d7 wp-block-columns-is-layout-flex\">\n<div class=\"wp-block-column is-vertically-aligned-center is-layout-flow wp-block-column-is-layout-flow\" style=\"flex-basis:53%\">\n<figure class=\"wp-block-gallery has-nested-images columns-default is-cropped animated fadeInLeft slow wp-block-gallery-1 is-layout-flex wp-block-gallery-is-layout-flex\">\n<figure class=\"wp-block-image size-full\"><a href=\"https:\/\/www.champsblancstest.geek-tonic.dev\/wp-content\/uploads\/2023\/09\/camping-agde-3-scaled.webp\"><img decoding=\"async\" width=\"2560\" height=\"1707\" data-id=\"9040\" src=\"https:\/\/www.champsblancstest.geek-tonic.dev\/wp-content\/uploads\/2023\/09\/camping-agde-3-scaled.webp\" alt=\"camping agde 3\" class=\"wp-image-9040\" srcset=\"https:\/\/www.champsblancstest.geek-tonic.dev\/wp-content\/uploads\/2023\/09\/camping-agde-3-scaled.webp 2560w, https:\/\/www.champsblancstest.geek-tonic.dev\/wp-content\/uploads\/2023\/09\/camping-agde-3-300x200.webp 300w, https:\/\/www.champsblancstest.geek-tonic.dev\/wp-content\/uploads\/2023\/09\/camping-agde-3-1024x683.webp 1024w, https:\/\/www.champsblancstest.geek-tonic.dev\/wp-content\/uploads\/2023\/09\/camping-agde-3-768x512.webp 768w, https:\/\/www.champsblancstest.geek-tonic.dev\/wp-content\/uploads\/2023\/09\/camping-agde-3-1536x1024.webp 1536w, https:\/\/www.champsblancstest.geek-tonic.dev\/wp-content\/uploads\/2023\/09\/camping-agde-3-2048x1365.webp 2048w\" sizes=\"(max-width: 2560px) 100vw, 2560px\" \/><\/a><\/figure>\n<\/figure>\n<\/div>\n\n\n\n<div class=\"wp-block-column is-vertically-aligned-center is-layout-flow wp-block-column-is-layout-flow\" style=\"flex-basis:47%\">\n<h1 class=\"ls__heading wp-block-heading\">Tourisme \u00e0 Agde<\/h1>\n\n\n\n<p class=\"ls-paragraph\">Fond\u00e9e il y a plus de 2 500 ans par les Phoc\u00e9ens, Agde se distingue par ses <strong>beaux monuments<\/strong> construits en pierre basaltique. Bien que sa station baln\u00e9aire, Cap d\u2019Agde, attire la plupart des vacanciers, la cit\u00e9 agathoise a beaucoup \u00e0 offrir au visiteur qui ne veut pas se limiter au farniente et \u00e0 la baignade en M\u00e9diterran\u00e9e, d\u00e9couvrez cela lors de votre s\u00e9jour <strong>tourisme Agde<\/strong>.<\/p>\n\n\n\n<p class=\"ls-paragraph\">Prenez le temps de l\u2019explorer si vous vous demandez <a href=\"https:\/\/www.champsblancstest.geek-tonic.dev\/fr\/herault\/\">que faire en H\u00e9rault<\/a> pendant vos vacances, d\u2019autant plus que son <strong>centre historique<\/strong> se situe \u00e0 seulement 10 minutes \u00e0 pied du <a href=\"https:\/\/www.champsblancstest.geek-tonic.dev\/fr\/\">camping Agde<\/a> Les Champs Blancs.<\/p>\n<\/div>\n<\/div>\n\n\n    <\/div>\n<\/section>\n\n<section id=\"ls-section-block_77b7a7f8314e57e8570c546b9865ab89\" class=\"ls-section  home-first page-two\" >\n        <div class=\"container container--full\">\n        \n\n<div class=\"wp-block-columns are-vertically-aligned-center is-layout-flex wp-container-core-columns-is-layout-9d6595d7 wp-block-columns-is-layout-flex\">\n<div class=\"wp-block-column is-vertically-aligned-center is-layout-flow wp-block-column-is-layout-flow\" style=\"flex-basis:47%\">\n<h2 class=\"ls__heading wp-block-heading\">Agde, un patrimoine culturel et naturel remarquable<\/h2>\n\n\n\n<p class=\"ls-paragraph\">Il suffit de sillonner le c\u0153ur historique de cette ville occitane d\u2019\u00e0 peine 28 000 habitants pour comprendre qu\u2019elle pr\u00e9sente <strong>un grand int\u00e9r\u00eat architectural<\/strong>. La cit\u00e9 d\u2019Agde est jalonn\u00e9e d\u2019\u00e9difices religieux tr\u00e8s bien conserv\u00e9s dont certains sont class\u00e9s monuments historiques comme la cath\u00e9drale Saint-Etienne, l\u2019\u00e9glise Saint-Sever, l\u2019\u00e9glise Saint-Andr\u00e9, l\u2019\u00e9glise Notre-Dame-du-Grau et la chapelle de l\u2019Agenouillade. Apprenez en plus sur l\u2019histoire d\u2019Agde lors de votre s\u00e9jour <strong>Agde tourisme<\/strong>. Les quais de l\u2019H\u00e9rault sont tr\u00e8s agr\u00e9ables pour une balade en famille apr\u00e8s une activit\u00e9 nautique, surtout \u00e0 la nuit tomb\u00e9e en p\u00e9riode estivale.<\/p>\n\n\n\n<p class=\"ls-paragraph\">L\u2019h\u00e9ritage culturel d\u2019Agde comprend \u00e9galement des demeures \u00e9difi\u00e9es entre les XVII et XVIIIe si\u00e8cles, notamment l\u2019h\u00f4tel Malaval et l\u2019ancien palais \u00e9piscopal. Les places sont orn\u00e9es <strong>de tr\u00e8s belles fontaines<\/strong> : fontaine Napol\u00e9on, fontaine de la R\u00e9publique et Belle Agathoise pr\u00e8s de l\u2019Esplanade\u2026<\/p>\n\n\n\n<p class=\"ls-paragraph\">C\u00f4t\u00e9 nature, le <a href=\"https:\/\/www.champsblancstest.geek-tonic.dev\/fr\/articles\/decouvrir-le-canal-du-midi\/\">canal du Midi<\/a> est un lieu idyllique pour des <strong>promenades bucoliques \u00e0 pied ou en v\u00e9lo<\/strong> \u00e0 l\u2019ombre des platanes. La ville abrite plusieurs parcs et jardins ainsi qu\u2019un espace prot\u00e9g\u00e9, la r\u00e9serve naturelle du Bagnas au bord de l\u2019\u00e9tang de Thau.<\/p>\n<\/div>\n\n\n\n<div class=\"wp-block-column is-vertically-aligned-center is-layout-flow wp-block-column-is-layout-flow\" style=\"flex-basis:53%\">\n<figure class=\"wp-block-gallery has-nested-images columns-default is-cropped animated fadeInRight slow delay-200ms wp-block-gallery-2 is-layout-flex wp-block-gallery-is-layout-flex\">\n<figure class=\"wp-block-image size-full\"><a href=\"https:\/\/www.champsblancstest.geek-tonic.dev\/wp-content\/uploads\/2023\/09\/camping-agde-2-scaled.webp\"><img decoding=\"async\" width=\"2560\" height=\"1707\" data-id=\"9045\" src=\"https:\/\/www.champsblancstest.geek-tonic.dev\/wp-content\/uploads\/2023\/09\/camping-agde-2-scaled.webp\" alt=\"camping agde 2\" class=\"wp-image-9045\" srcset=\"https:\/\/www.champsblancstest.geek-tonic.dev\/wp-content\/uploads\/2023\/09\/camping-agde-2-scaled.webp 2560w, https:\/\/www.champsblancstest.geek-tonic.dev\/wp-content\/uploads\/2023\/09\/camping-agde-2-300x200.webp 300w, https:\/\/www.champsblancstest.geek-tonic.dev\/wp-content\/uploads\/2023\/09\/camping-agde-2-1024x683.webp 1024w, https:\/\/www.champsblancstest.geek-tonic.dev\/wp-content\/uploads\/2023\/09\/camping-agde-2-768x512.webp 768w, https:\/\/www.champsblancstest.geek-tonic.dev\/wp-content\/uploads\/2023\/09\/camping-agde-2-1536x1024.webp 1536w, https:\/\/www.champsblancstest.geek-tonic.dev\/wp-content\/uploads\/2023\/09\/camping-agde-2-2048x1365.webp 2048w\" sizes=\"(max-width: 2560px) 100vw, 2560px\" \/><\/a><\/figure>\n<\/figure>\n<\/div>\n<\/div>\n\n\n    <\/div>\n<\/section>\n\n<section id=\"ls-section-block_06dc7a163b3cdaf01536a800c278daaa\" class=\"ls-section  home-first page-one\" >\n        <div class=\"container container--full\">\n        \n\n<div class=\"wp-block-columns are-vertically-aligned-center is-layout-flex wp-container-core-columns-is-layout-9d6595d7 wp-block-columns-is-layout-flex\">\n<div class=\"wp-block-column is-vertically-aligned-center is-layout-flow wp-block-column-is-layout-flow\" style=\"flex-basis:53%\"><p><iframe width=\"100%\" height=\"480\" src=\"https:\/\/www.youtube.com\/embed\/UcFPcEoApC0?si=8tSUVRbnLZq2-ZFC\" title=\"YouTube video player\" frameborder=\"0\" allow=\"accelerometer; autoplay; clipboard-write; encrypted-media; gyroscope; picture-in-picture; web-share\" allowfullscreen><\/iframe><\/p>\n<\/div>\n\n\n\n<div class=\"wp-block-column is-vertically-aligned-center is-layout-flow wp-block-column-is-layout-flow\" style=\"flex-basis:47%\">\n<h2 class=\"ls__heading wp-block-heading\">Top 5 des choses \u00e0 voir ou \u00e0 faire \u00e0 Agde<\/h2>\n\n\n\n<ul class=\"ls-list wp-block-list\">\n<li><strong>Visiter la cath\u00e9drale Saint-Etienne<\/strong> : Avec ses grandes fortifications, le monument le plus embl\u00e9matique d\u2019Agde r\u00e9unit des \u00e9l\u00e9ments d\u2019\u00e9difice religieux et de ch\u00e2teau-fort. La pierre volcanique utilis\u00e9e pour sa construction provient du mont Saint-Loup.<\/li>\n\n\n\n<li><strong>Partir en croisi\u00e8re sur le canal du Midi<\/strong> : Plusieurs prestataires proposent des promenades fluviales sur le canal du Midi, inscrit au patrimoine mondial de l\u2019Unesco. A bord d\u2019un bateau ou d\u2019une p\u00e9niche, vous franchirez plusieurs \u00e9cluses dont la c\u00e9l\u00e8bre \u00e9cluse ronde, class\u00e9e monument historique.<\/li>\n<\/ul>\n\n\n\n<ul class=\"ls-list wp-block-list\">\n<li><strong>Assister \u00e0 un tournoi de joutes<\/strong> : Les combats nautiques sont un des \u00e9l\u00e9ments centraux de la tradition languedocienne. Des tournois sont organis\u00e9s pendant les beaux jours \u00e0 Agde et dans les communes voisines.<br>En savoir plus sur la <a href=\"https:\/\/www.ville-agde.fr\/\" target=\"_blank\" rel=\"noreferrer noopener\">ville d\u2019Agde<\/a>.<\/li>\n<\/ul>\n\n\n\n<ul class=\"ls-list wp-block-list\">\n<li><strong>D\u00e9couvrir la r\u00e9serve du Bagnas<\/strong> : Cette zone humide de 563 hectares, qui b\u00e9n\u00e9ficie du statut de r\u00e9serve naturelle nationale, est le refuge d\u2019oiseaux migrateurs et d\u2019autres esp\u00e8ces menac\u00e9es. Faites le tour des \u00e9tangs et sensibilisez vos enfants sur la fragilit\u00e9 des \u00e9cosyst\u00e8mes qui se trouvent face \u00e0 eux.<\/li>\n<\/ul>\n\n\n\n<ul class=\"ls-list wp-block-list\">\n<li><strong>Visiter le mus\u00e9e Jules-Baudou<\/strong> : Ce mus\u00e9e des Beaux-Arts et des traditions h\u00e9raultaises a \u00e9t\u00e9 install\u00e9 en 1932 dans un h\u00f4tel particulier de style Renaissance. Il renferme plusieurs collections de costumes, de meubles, de tableaux et de maquettes de bateaux.<\/li>\n<\/ul>\n\n\n\n<p class=\"ls-paragraph\">D\u00e9couvrez les <a href=\"https:\/\/www.champsblancstest.geek-tonic.dev\/fr\/articles\/top-5-des-marches-du-cap-dagde\/\">meilleurs march\u00e9s d\u2019Agde et ses alentours.<\/a><\/p>\n<\/div>\n<\/div>\n\n\n    <\/div>\n<\/section>\n\n<section id=\"ls-section-block_28333e1d9d93de3b7c3c7a9095e8d8be\" class=\"ls-section  page-four animated fadeInUp slow delay-100ms\" >\n        <div class=\"container container--wide\">\n        \n\n<div id=\"ls-heading ls-titre-div-block_09b6b34ab1a2efa1d4529b15b9fae579\" class=\"ls-titre-div aligncenter h2-like\" >\n    D\u00e9couvrez \u00e9galement \u2026<\/div>\n\n\n<div id=\"ls-maillage-block_fa16e2e36257a50db73f05105b842809\" class=\"ls-maillage cta-style-normal\" data-rows=\"3\">\n    <div class=\"wp-block-columns\"><div class=\"wp-block-column\"><div class=\"ls-cta\">\n\n<a href=\"https:\/\/www.champsblancstest.geek-tonic.dev\/herault\/cap-d-agde\/\" target=\"\" rel=\"noopener\" class=\"ls-cta__link\">\n\n\t<div class=\"ls-cta__image\"><img decoding=\"async\" src=\"https:\/\/www.champsblancstest.geek-tonic.dev\/wp-content\/uploads\/2023\/09\/camping-cap-agde-1-768x576.webp\" alt=\"camping cap agde 1\"><\/div>\n\t<div class=\"ls-cta__title\">\n\t\t<span class=\"champs-blancs-coin-droit\"><\/span>\n\t\tCap d&rsquo;Agde\t\t<span class=\"champs-blancs-arrow-down\"><\/span>\n\t<\/div>\n\n\t\n<\/a><\/div><\/div><div class=\"wp-block-column\"><div class=\"ls-cta\">\n\n<a href=\"https:\/\/www.champsblancstest.geek-tonic.dev\/herault\/sete\/\" target=\"\" rel=\"noopener\" class=\"ls-cta__link\">\n\n\t<div class=\"ls-cta__image\"><img decoding=\"async\" src=\"https:\/\/www.champsblancstest.geek-tonic.dev\/wp-content\/uploads\/2023\/09\/camping-sete8-768x409.webp\" alt=\"camping s\u00e8te8\"><\/div>\n\t<div class=\"ls-cta__title\">\n\t\t<span class=\"champs-blancs-coin-droit\"><\/span>\n\t\tS\u00e8te\t\t<span class=\"champs-blancs-arrow-down\"><\/span>\n\t<\/div>\n\n\t\n<\/a><\/div><\/div><div class=\"wp-block-column\"><div class=\"ls-cta\">\n\n<a href=\"https:\/\/www.champsblancstest.geek-tonic.dev\/herault\/marseillan\/\" target=\"\" rel=\"noopener\" class=\"ls-cta__link\">\n\n\t<div class=\"ls-cta__image\"><img decoding=\"async\" src=\"https:\/\/www.champsblancstest.geek-tonic.dev\/wp-content\/uploads\/2023\/09\/camping-marseillan-1-768x512.webp\" alt=\"camping marseillan 1\"><\/div>\n\t<div class=\"ls-cta__title\">\n\t\t<span class=\"champs-blancs-coin-droit\"><\/span>\n\t\tMarseillan\t\t<span class=\"champs-blancs-arrow-down\"><\/span>\n\t<\/div>\n\n\t\n<\/a><\/div><\/div><\/div><\/div>\n\n    <\/div>\n<\/section>","protected":false},"excerpt":{"rendered":"","protected":false},"author":1,"featured_media":9035,"parent":213,"menu_order":0,"comment_status":"closed","ping_status":"closed","template":"","meta":{"_acf_changed":false,"footnotes":""},"sujet":[],"class_list":["post-215","page","type-page","status-publish","has-post-thumbnail","hentry"],"acf":[],"yoast_head":"<!-- This site is optimized with the Yoast SEO plugin v22.6 - https:\/\/yoast.com\/wordpress\/plugins\/seo\/ -->\n<title>Agde tourisme | Activit\u00e9s, visites et lieux d&#039;int\u00e9r\u00eat \u00e0 Agde<\/title>\n<meta name=\"description\" content=\"Envie de faire du tourisme \u00e0 Agde pendant vos vacances ? D\u00e9couvrez les meilleures activit\u00e9s, les plus belles visites et les lieux d&#039;int\u00e9r\u00eat incontournables\" \/>\n<meta name=\"robots\" content=\"noindex, follow, max-snippet:-1, max-image-preview:large, max-video-preview:-1\" \/>\n<meta property=\"og:locale\" content=\"fr_FR\" \/>\n<meta property=\"og:type\" content=\"article\" \/>\n<meta property=\"og:title\" content=\"Agde tourisme | Activit\u00e9s, visites et lieux d&#039;int\u00e9r\u00eat \u00e0 Agde\" \/>\n<meta property=\"og:description\" content=\"Envie de faire du tourisme \u00e0 Agde pendant vos vacances ? D\u00e9couvrez les meilleures activit\u00e9s, les plus belles visites et les lieux d&#039;int\u00e9r\u00eat incontournables\" \/>\n<meta property=\"og:url\" content=\"https:\/\/www.champsblancstest.geek-tonic.dev\/fr\/herault\/agde\/\" \/>\n<meta property=\"og:site_name\" content=\"Les Champs Blancs\" \/>\n<meta property=\"article:modified_time\" content=\"2023-10-30T09:26:32+00:00\" \/>\n<meta property=\"og:image\" content=\"https:\/\/www.champsblancstest.geek-tonic.dev\/wp-content\/uploads\/2023\/09\/camping-agde-4-scaled.webp\" \/>\n\t<meta property=\"og:image:width\" content=\"2560\" \/>\n\t<meta property=\"og:image:height\" content=\"1700\" \/>\n\t<meta property=\"og:image:type\" content=\"image\/webp\" \/>\n<meta name=\"twitter:card\" content=\"summary_large_image\" \/>\n<meta name=\"twitter:label1\" content=\"Dur\u00e9e de lecture estim\u00e9e\" \/>\n\t<meta name=\"twitter:data1\" content=\"4 minutes\" \/>\n<script type=\"application\/ld+json\" class=\"yoast-schema-graph\">{\"@context\":\"https:\/\/schema.org\",\"@graph\":[{\"@type\":\"WebPage\",\"@id\":\"https:\/\/www.champsblancstest.geek-tonic.dev\/fr\/herault\/agde\/\",\"url\":\"https:\/\/www.champsblancstest.geek-tonic.dev\/fr\/herault\/agde\/\",\"name\":\"Agde tourisme | Activit\u00e9s, visites et lieux d'int\u00e9r\u00eat \u00e0 Agde\",\"isPartOf\":{\"@id\":\"https:\/\/www.champsblancstest.geek-tonic.dev\/fr\/#website\"},\"primaryImageOfPage\":{\"@id\":\"https:\/\/www.champsblancstest.geek-tonic.dev\/fr\/herault\/agde\/#primaryimage\"},\"image\":{\"@id\":\"https:\/\/www.champsblancstest.geek-tonic.dev\/fr\/herault\/agde\/#primaryimage\"},\"thumbnailUrl\":\"https:\/\/www.champsblancstest.geek-tonic.dev\/wp-content\/uploads\/2023\/09\/camping-agde-4-scaled.webp\",\"datePublished\":\"2023-07-17T08:56:18+00:00\",\"dateModified\":\"2023-10-30T09:26:32+00:00\",\"description\":\"Envie de faire du tourisme \u00e0 Agde pendant vos vacances ? D\u00e9couvrez les meilleures activit\u00e9s, les plus belles visites et les lieux d'int\u00e9r\u00eat incontournables\",\"breadcrumb\":{\"@id\":\"https:\/\/www.champsblancstest.geek-tonic.dev\/fr\/herault\/agde\/#breadcrumb\"},\"inLanguage\":\"fr-FR\",\"potentialAction\":[{\"@type\":\"ReadAction\",\"target\":[\"https:\/\/www.champsblancstest.geek-tonic.dev\/fr\/herault\/agde\/\"]}]},{\"@type\":\"ImageObject\",\"inLanguage\":\"fr-FR\",\"@id\":\"https:\/\/www.champsblancstest.geek-tonic.dev\/fr\/herault\/agde\/#primaryimage\",\"url\":\"https:\/\/www.champsblancstest.geek-tonic.dev\/wp-content\/uploads\/2023\/09\/camping-agde-4-scaled.webp\",\"contentUrl\":\"https:\/\/www.champsblancstest.geek-tonic.dev\/wp-content\/uploads\/2023\/09\/camping-agde-4-scaled.webp\",\"width\":2560,\"height\":1700,\"caption\":\"camping agde 4\"},{\"@type\":\"BreadcrumbList\",\"@id\":\"https:\/\/www.champsblancstest.geek-tonic.dev\/fr\/herault\/agde\/#breadcrumb\",\"itemListElement\":[{\"@type\":\"ListItem\",\"position\":1,\"name\":\"Camping Cap d\u2019Agde\",\"item\":\"https:\/\/www.champsblancstest.geek-tonic.dev\/fr\/\"},{\"@type\":\"ListItem\",\"position\":2,\"name\":\"D\u00e9couvrir l'Herault\",\"item\":\"https:\/\/www.champsblancstest.geek-tonic.dev\/fr\/herault\/\"},{\"@type\":\"ListItem\",\"position\":3,\"name\":\"Agde\"}]},{\"@type\":\"WebSite\",\"@id\":\"https:\/\/www.champsblancstest.geek-tonic.dev\/fr\/#website\",\"url\":\"https:\/\/www.champsblancstest.geek-tonic.dev\/fr\/\",\"name\":\"Les Champs Blancs\",\"description\":\"\",\"publisher\":{\"@id\":\"https:\/\/www.champsblancstest.geek-tonic.dev\/fr\/#organization\"},\"potentialAction\":[{\"@type\":\"SearchAction\",\"target\":{\"@type\":\"EntryPoint\",\"urlTemplate\":\"https:\/\/www.champsblancstest.geek-tonic.dev\/fr\/?s={search_term_string}\"},\"query-input\":\"required name=search_term_string\"}],\"inLanguage\":\"fr-FR\"},{\"@type\":\"Organization\",\"@id\":\"https:\/\/www.champsblancstest.geek-tonic.dev\/fr\/#organization\",\"name\":\"Les Champs Blancs\",\"url\":\"https:\/\/www.champsblancstest.geek-tonic.dev\/fr\/\",\"logo\":{\"@type\":\"ImageObject\",\"inLanguage\":\"fr-FR\",\"@id\":\"https:\/\/www.champsblancstest.geek-tonic.dev\/fr\/#\/schema\/logo\/image\/\",\"url\":\"https:\/\/www.champsblancstest.geek-tonic.dev\/wp-content\/uploads\/2023\/07\/logo-blanc-camping-les-champs-blancs.webp\",\"contentUrl\":\"https:\/\/www.champsblancstest.geek-tonic.dev\/wp-content\/uploads\/2023\/07\/logo-blanc-camping-les-champs-blancs.webp\",\"width\":821,\"height\":657,\"caption\":\"Les Champs Blancs\"},\"image\":{\"@id\":\"https:\/\/www.champsblancstest.geek-tonic.dev\/fr\/#\/schema\/logo\/image\/\"}}]}<\/script>\n<!-- \/ Yoast SEO plugin. -->","yoast_head_json":{"title":"Agde tourisme | Activit\u00e9s, visites et lieux d'int\u00e9r\u00eat \u00e0 Agde","description":"Envie de faire du tourisme \u00e0 Agde pendant vos vacances ? D\u00e9couvrez les meilleures activit\u00e9s, les plus belles visites et les lieux d'int\u00e9r\u00eat incontournables","robots":{"index":"noindex","follow":"follow","max-snippet":"max-snippet:-1","max-image-preview":"max-image-preview:large","max-video-preview":"max-video-preview:-1"},"og_locale":"fr_FR","og_type":"article","og_title":"Agde tourisme | Activit\u00e9s, visites et lieux d'int\u00e9r\u00eat \u00e0 Agde","og_description":"Envie de faire du tourisme \u00e0 Agde pendant vos vacances ? D\u00e9couvrez les meilleures activit\u00e9s, les plus belles visites et les lieux d'int\u00e9r\u00eat incontournables","og_url":"https:\/\/www.champsblancstest.geek-tonic.dev\/fr\/herault\/agde\/","og_site_name":"Les Champs Blancs","article_modified_time":"2023-10-30T09:26:32+00:00","og_image":[{"width":2560,"height":1700,"url":"https:\/\/www.champsblancstest.geek-tonic.dev\/wp-content\/uploads\/2023\/09\/camping-agde-4-scaled.webp","type":"image\/webp"}],"twitter_card":"summary_large_image","twitter_misc":{"Dur\u00e9e de lecture estim\u00e9e":"4 minutes"},"schema":{"@context":"https:\/\/schema.org","@graph":[{"@type":"WebPage","@id":"https:\/\/www.champsblancstest.geek-tonic.dev\/fr\/herault\/agde\/","url":"https:\/\/www.champsblancstest.geek-tonic.dev\/fr\/herault\/agde\/","name":"Agde tourisme | Activit\u00e9s, visites et lieux d'int\u00e9r\u00eat \u00e0 Agde","isPartOf":{"@id":"https:\/\/www.champsblancstest.geek-tonic.dev\/fr\/#website"},"primaryImageOfPage":{"@id":"https:\/\/www.champsblancstest.geek-tonic.dev\/fr\/herault\/agde\/#primaryimage"},"image":{"@id":"https:\/\/www.champsblancstest.geek-tonic.dev\/fr\/herault\/agde\/#primaryimage"},"thumbnailUrl":"https:\/\/www.champsblancstest.geek-tonic.dev\/wp-content\/uploads\/2023\/09\/camping-agde-4-scaled.webp","datePublished":"2023-07-17T08:56:18+00:00","dateModified":"2023-10-30T09:26:32+00:00","description":"Envie de faire du tourisme \u00e0 Agde pendant vos vacances ? D\u00e9couvrez les meilleures activit\u00e9s, les plus belles visites et les lieux d'int\u00e9r\u00eat incontournables","breadcrumb":{"@id":"https:\/\/www.champsblancstest.geek-tonic.dev\/fr\/herault\/agde\/#breadcrumb"},"inLanguage":"fr-FR","potentialAction":[{"@type":"ReadAction","target":["https:\/\/www.champsblancstest.geek-tonic.dev\/fr\/herault\/agde\/"]}]},{"@type":"ImageObject","inLanguage":"fr-FR","@id":"https:\/\/www.champsblancstest.geek-tonic.dev\/fr\/herault\/agde\/#primaryimage","url":"https:\/\/www.champsblancstest.geek-tonic.dev\/wp-content\/uploads\/2023\/09\/camping-agde-4-scaled.webp","contentUrl":"https:\/\/www.champsblancstest.geek-tonic.dev\/wp-content\/uploads\/2023\/09\/camping-agde-4-scaled.webp","width":2560,"height":1700,"caption":"camping agde 4"},{"@type":"BreadcrumbList","@id":"https:\/\/www.champsblancstest.geek-tonic.dev\/fr\/herault\/agde\/#breadcrumb","itemListElement":[{"@type":"ListItem","position":1,"name":"Camping Cap d\u2019Agde","item":"https:\/\/www.champsblancstest.geek-tonic.dev\/fr\/"},{"@type":"ListItem","position":2,"name":"D\u00e9couvrir l'Herault","item":"https:\/\/www.champsblancstest.geek-tonic.dev\/fr\/herault\/"},{"@type":"ListItem","position":3,"name":"Agde"}]},{"@type":"WebSite","@id":"https:\/\/www.champsblancstest.geek-tonic.dev\/fr\/#website","url":"https:\/\/www.champsblancstest.geek-tonic.dev\/fr\/","name":"Les Champs Blancs","description":"","publisher":{"@id":"https:\/\/www.champsblancstest.geek-tonic.dev\/fr\/#organization"},"potentialAction":[{"@type":"SearchAction","target":{"@type":"EntryPoint","urlTemplate":"https:\/\/www.champsblancstest.geek-tonic.dev\/fr\/?s={search_term_string}"},"query-input":"required name=search_term_string"}],"inLanguage":"fr-FR"},{"@type":"Organization","@id":"https:\/\/www.champsblancstest.geek-tonic.dev\/fr\/#organization","name":"Les Champs Blancs","url":"https:\/\/www.champsblancstest.geek-tonic.dev\/fr\/","logo":{"@type":"ImageObject","inLanguage":"fr-FR","@id":"https:\/\/www.champsblancstest.geek-tonic.dev\/fr\/#\/schema\/logo\/image\/","url":"https:\/\/www.champsblancstest.geek-tonic.dev\/wp-content\/uploads\/2023\/07\/logo-blanc-camping-les-champs-blancs.webp","contentUrl":"https:\/\/www.champsblancstest.geek-tonic.dev\/wp-content\/uploads\/2023\/07\/logo-blanc-camping-les-champs-blancs.webp","width":821,"height":657,"caption":"Les Champs Blancs"},"image":{"@id":"https:\/\/www.champsblancstest.geek-tonic.dev\/fr\/#\/schema\/logo\/image\/"}}]}},"_links":{"self":[{"href":"https:\/\/www.champsblancstest.geek-tonic.dev\/fr\/wp-json\/wp\/v2\/pages\/215","targetHints":{"allow":["GET"]}}],"collection":[{"href":"https:\/\/www.champsblancstest.geek-tonic.dev\/fr\/wp-json\/wp\/v2\/pages"}],"about":[{"href":"https:\/\/www.champsblancstest.geek-tonic.dev\/fr\/wp-json\/wp\/v2\/types\/page"}],"author":[{"embeddable":true,"href":"https:\/\/www.champsblancstest.geek-tonic.dev\/fr\/wp-json\/wp\/v2\/users\/1"}],"replies":[{"embeddable":true,"href":"https:\/\/www.champsblancstest.geek-tonic.dev\/fr\/wp-json\/wp\/v2\/comments?post=215"}],"version-history":[{"count":25,"href":"https:\/\/www.champsblancstest.geek-tonic.dev\/fr\/wp-json\/wp\/v2\/pages\/215\/revisions"}],"predecessor-version":[{"id":10135,"href":"https:\/\/www.champsblancstest.geek-tonic.dev\/fr\/wp-json\/wp\/v2\/pages\/215\/revisions\/10135"}],"up":[{"embeddable":true,"href":"https:\/\/www.champsblancstest.geek-tonic.dev\/fr\/wp-json\/wp\/v2\/pages\/213"}],"wp:featuredmedia":[{"embeddable":true,"href":"https:\/\/www.champsblancstest.geek-tonic.dev\/fr\/wp-json\/wp\/v2\/media\/9035"}],"wp:attachment":[{"href":"https:\/\/www.champsblancstest.geek-tonic.dev\/fr\/wp-json\/wp\/v2\/media?parent=215"}],"wp:term":[{"taxonomy":"sujet","embeddable":true,"href":"https:\/\/www.champsblancstest.geek-tonic.dev\/fr\/wp-json\/wp\/v2\/sujet?post=215"}],"curies":[{"name":"wp","href":"https:\/\/api.w.org\/{rel}","templated":true}]}}