{"id":217,"date":"2023-07-17T10:56:28","date_gmt":"2023-07-17T08:56:28","guid":{"rendered":"https:\/\/www.champsblancstest.geek-tonic.dev\/?page_id=217"},"modified":"2023-10-30T10:26:59","modified_gmt":"2023-10-30T09:26:59","slug":"vias","status":"publish","type":"page","link":"https:\/\/www.champsblancstest.geek-tonic.dev\/fr\/herault\/vias\/","title":{"rendered":"Vias"},"content":{"rendered":"<section id=\"ls-section-block_f9de62df60390da0e982bd67632e1423\" class=\"ls-section  home-first page-one\" >\n        <div class=\"container container--full\">\n        \n\n<div class=\"wp-block-columns are-vertically-aligned-center is-layout-flex wp-container-core-columns-is-layout-9d6595d7 wp-block-columns-is-layout-flex\">\n<div class=\"wp-block-column is-vertically-aligned-center is-layout-flow wp-block-column-is-layout-flow\" style=\"flex-basis:53%\">\n<figure class=\"wp-block-gallery has-nested-images columns-default is-cropped animated fadeInLeft slow wp-block-gallery-1 is-layout-flex wp-block-gallery-is-layout-flex\">\n<figure class=\"wp-block-image size-full\"><a href=\"https:\/\/www.champsblancstest.geek-tonic.dev\/wp-content\/uploads\/2023\/09\/camping-vias-plage-2-scaled.webp\"><img decoding=\"async\" width=\"1440\" height=\"1920\" data-id=\"8983\" src=\"https:\/\/www.champsblancstest.geek-tonic.dev\/wp-content\/uploads\/2023\/09\/camping-vias-plage-2-edited.webp\" alt=\"camping vias plage 2\" class=\"wp-image-8983\" srcset=\"https:\/\/www.champsblancstest.geek-tonic.dev\/wp-content\/uploads\/2023\/09\/camping-vias-plage-2-edited.webp 1440w, https:\/\/www.champsblancstest.geek-tonic.dev\/wp-content\/uploads\/2023\/09\/camping-vias-plage-2-edited-225x300.webp 225w, https:\/\/www.champsblancstest.geek-tonic.dev\/wp-content\/uploads\/2023\/09\/camping-vias-plage-2-edited-768x1024.webp 768w, https:\/\/www.champsblancstest.geek-tonic.dev\/wp-content\/uploads\/2023\/09\/camping-vias-plage-2-edited-1152x1536.webp 1152w\" sizes=\"(max-width: 1440px) 100vw, 1440px\" \/><\/a><\/figure>\n<\/figure>\n<\/div>\n\n\n\n<div class=\"wp-block-column is-vertically-aligned-center is-layout-flow wp-block-column-is-layout-flow\" style=\"flex-basis:47%\">\n<h1 class=\"ls__heading wp-block-heading\">&nbsp;Tourisme Vias<\/h1>\n\n\n\n<p class=\"ls-paragraph\">Profitez de vos vacances <a href=\"https:\/\/www.champsblancstest.geek-tonic.dev\/fr\/camping-vias\/\">camping Vias 5 \u00e9toiles<\/a> pour visiter l\u2019H\u00e9rault.<\/p>\n\n\n\n<h2 class=\"ls__heading wp-block-heading\">Les plages de Vias<\/h2>\n\n\n\n<p class=\"ls-paragraph\">La <a href=\"https:\/\/www.champsblancstest.geek-tonic.dev\/fr\/herault\/\">visite touristique de l\u2019H\u00e9rault<\/a> commence par la ville c\u00f4ti\u00e8re de Vias.<br><br>Parmi les plus beaux lieux \u00e0 visiter pendant votre s\u00e9jour en camping Vias, il y a \u00e9videmment les plages ! Le littoral Viassois est d\u00e9limit\u00e9 \u00e0 l\u2019est par l\u2019embouchure de l\u2019H\u00e9rault, \u00e0 l\u2019ouest par les plages de Portiragnes, et compte pas moins de 9 plages qui s\u2019\u00e9tendent sur un total de 5 km :<\/p>\n\n\n\n<ul class=\"ls-list wp-block-list\">\n<li><strong>Plage de la Tamarissi\u00e8re :<\/strong> tr\u00e8s sauvage, elle vous conviendra parfaitement si vous \u00eates \u00e0 la recherche d\u2019un endroit tranquille pour vous pr\u00e9lasser sous le soleil occitan face \u00e0 la M\u00e9diterran\u00e9e.<\/li>\n\n\n\n<li><strong>Plages du Clot, de la Farinette et du Libron :<\/strong> de vastes \u00e9tendues de sable fin abrit\u00e9es par des dunes, les plages les plus fr\u00e9quent\u00e9es et les mieux \u00e9quip\u00e9es de Vias-Plage (parking, douches, poste de secours). Celle de la Farinette est accessible aux personnes \u00e0 mobilit\u00e9 r\u00e9duite.<\/li>\n\n\n\n<li><strong>Plage du Trou de Ragout<\/strong><\/li>\n\n\n\n<li><strong>Plage Sainte-Genevi\u00e8ve<\/strong><\/li>\n\n\n\n<li><strong>Plage du Petit Mousse<\/strong><\/li>\n\n\n\n<li><strong>Plage de la Dune<\/strong><\/li>\n\n\n\n<li><strong>Plage de la M\u00e9diterran\u00e9e :<\/strong> la v\u00e9g\u00e9tation et l\u2019absence d\u2019infrastructures est un plus si vous aimez l\u2019authenticit\u00e9.<\/li>\n<\/ul>\n<\/div>\n<\/div>\n\n\n    <\/div>\n<\/section>\n\n<section id=\"ls-section-block_2d4958a46fa8db51462274b8e5a67180\" class=\"ls-section  home-first page-two\" >\n        <div class=\"container container--full\">\n        \n\n<div class=\"wp-block-columns are-vertically-aligned-center is-layout-flex wp-container-core-columns-is-layout-9d6595d7 wp-block-columns-is-layout-flex\">\n<div class=\"wp-block-column is-vertically-aligned-center is-layout-flow wp-block-column-is-layout-flow\" style=\"flex-basis:47%\">\n<h2 class=\"ls__heading wp-block-heading\">Que faire \u00e0 Vias ?<\/h2>\n\n\n\n<ul class=\"ls-list wp-block-list\">\n<li><strong>Faire son bapt\u00eame de jet-ski : <\/strong>Certes, nous pourrions citer plusieurs sports nautiques comme le kayak, le stand up paddle, la voile, la planche \u00e0 voile ou la bou\u00e9e tract\u00e9e. Si vous souhaitez emporter avec vous un souvenir ind\u00e9l\u00e9bile de votre s\u00e9jour en M\u00e9diterran\u00e9e, nous vous recommandons une sortie en jet-ski avec Playa Watersports.<br>Cette base nautique implant\u00e9e dans la station baln\u00e9aire, \u00e0 Vias-Plage, loue des motos aquatiques avec ou sans permis aux plus de 16 ans. Du bapt\u00eame avec pilote \u00e0 la randonn\u00e9e en mer full gaz pour les passionn\u00e9s de vitesse, choisissez la formule qui vous convient pour vivre des \u00e9motions intenses pendant vos vacances en <strong>camping Vias pas cher<\/strong>.<\/li>\n\n\n\n<li><strong>Tester son sang-froid lors d\u2019une partie d\u2019escape room : <\/strong>Ouvert aux plus de 12 ans, Darkside Vias vous accueille pour une heure de r\u00e9solution d\u2019\u00e9nigmes afin de remplir la mission qui vous a \u00e9t\u00e9 assign\u00e9e. En famille ou entre amis (groupes de 3 \u00e0 6 personnes), vous entrerez dans la peau d\u2019un baron russe qui assiste, impuissant, \u00e0 la d\u00e9couverte de cadavres dans ses usines.<br>Le succ\u00e8s de cet escape room r\u00e9side dans son d\u00e9cor et ses effets sonores r\u00e9alistes, son intrigue, ses rebondissements et le degr\u00e9 de difficult\u00e9 adapt\u00e9 au public. Une belle fa\u00e7on de voir \u00e0 quel point les membres de votre tribu sont unis\u2026<br><a href=\"https:\/\/www.capdagde.com\/otca-ville\/vias\/\" target=\"_blank\" rel=\"noreferrer noopener\">En savoir plus sur Vias<\/a> et les alentours.<\/li>\n<\/ul>\n<\/div>\n\n\n\n<div class=\"wp-block-column is-vertically-aligned-center is-layout-flow wp-block-column-is-layout-flow\" style=\"flex-basis:53%\">\n<figure class=\"wp-block-gallery has-nested-images columns-default is-cropped animated fadeInLeft slow wp-block-gallery-2 is-layout-flex wp-block-gallery-is-layout-flex\">\n<figure class=\"wp-block-image size-full\"><a href=\"https:\/\/www.champsblancstest.geek-tonic.dev\/wp-content\/uploads\/2023\/09\/camping-vias-plage-3-scaled.webp\"><img decoding=\"async\" width=\"2560\" height=\"1707\" data-id=\"8948\" src=\"https:\/\/www.champsblancstest.geek-tonic.dev\/wp-content\/uploads\/2023\/09\/camping-vias-plage-3-scaled.webp\" alt=\"camping vias plage 3\" class=\"wp-image-8948\" srcset=\"https:\/\/www.champsblancstest.geek-tonic.dev\/wp-content\/uploads\/2023\/09\/camping-vias-plage-3-scaled.webp 2560w, https:\/\/www.champsblancstest.geek-tonic.dev\/wp-content\/uploads\/2023\/09\/camping-vias-plage-3-300x200.webp 300w, https:\/\/www.champsblancstest.geek-tonic.dev\/wp-content\/uploads\/2023\/09\/camping-vias-plage-3-1024x683.webp 1024w, https:\/\/www.champsblancstest.geek-tonic.dev\/wp-content\/uploads\/2023\/09\/camping-vias-plage-3-768x512.webp 768w, https:\/\/www.champsblancstest.geek-tonic.dev\/wp-content\/uploads\/2023\/09\/camping-vias-plage-3-1536x1024.webp 1536w, https:\/\/www.champsblancstest.geek-tonic.dev\/wp-content\/uploads\/2023\/09\/camping-vias-plage-3-2048x1365.webp 2048w\" sizes=\"(max-width: 2560px) 100vw, 2560px\" \/><\/a><\/figure>\n<\/figure>\n<\/div>\n<\/div>\n\n\n    <\/div>\n<\/section>\n\n<section id=\"ls-section-block_f9de62df60390da0e982bd67632e1423\" class=\"ls-section  home-first page-one\" >\n        <div class=\"container container--full\">\n        \n\n<div class=\"wp-block-columns are-vertically-aligned-center is-layout-flex wp-container-core-columns-is-layout-9d6595d7 wp-block-columns-is-layout-flex\">\n<div class=\"wp-block-column is-vertically-aligned-center is-layout-flow wp-block-column-is-layout-flow\" style=\"flex-basis:53%\">\n<figure class=\"wp-block-gallery has-nested-images columns-default is-cropped animated fadeInLeft slow wp-block-gallery-3 is-layout-flex wp-block-gallery-is-layout-flex\">\n<figure class=\"wp-block-image size-full\"><a href=\"https:\/\/www.champsblancstest.geek-tonic.dev\/wp-content\/uploads\/2023\/09\/camping-vias-plage-5-scaled.webp\"><img decoding=\"async\" width=\"2560\" height=\"1707\" data-id=\"8958\" src=\"https:\/\/www.champsblancstest.geek-tonic.dev\/wp-content\/uploads\/2023\/09\/camping-vias-plage-5-scaled.webp\" alt=\"camping vias plage 5\" class=\"wp-image-8958\" srcset=\"https:\/\/www.champsblancstest.geek-tonic.dev\/wp-content\/uploads\/2023\/09\/camping-vias-plage-5-scaled.webp 2560w, https:\/\/www.champsblancstest.geek-tonic.dev\/wp-content\/uploads\/2023\/09\/camping-vias-plage-5-300x200.webp 300w, https:\/\/www.champsblancstest.geek-tonic.dev\/wp-content\/uploads\/2023\/09\/camping-vias-plage-5-1024x683.webp 1024w, https:\/\/www.champsblancstest.geek-tonic.dev\/wp-content\/uploads\/2023\/09\/camping-vias-plage-5-768x512.webp 768w, https:\/\/www.champsblancstest.geek-tonic.dev\/wp-content\/uploads\/2023\/09\/camping-vias-plage-5-1536x1024.webp 1536w, https:\/\/www.champsblancstest.geek-tonic.dev\/wp-content\/uploads\/2023\/09\/camping-vias-plage-5-2048x1365.webp 2048w\" sizes=\"(max-width: 2560px) 100vw, 2560px\" \/><\/a><\/figure>\n<\/figure>\n<\/div>\n\n\n\n<div class=\"wp-block-column is-vertically-aligned-center is-layout-flow wp-block-column-is-layout-flow\" style=\"flex-basis:47%\">\n<ul class=\"ls-list wp-block-list\">\n<li><strong>Longer le canal du Midi et se perdre dans les vignobles en v\u00e9lo : <\/strong>L\u2019offre pour v\u00e9t\u00e9tistes est tr\u00e8s g\u00e9n\u00e9reuse \u00e0 Vias. La commune compte une vingtaine de circuits VTT dans des environnements tr\u00e8s diff\u00e9rents. Certains itin\u00e9raires bordent le littoral, d\u2019autres suivent le cours du <a href=\"https:\/\/www.champsblancstest.geek-tonic.dev\/fr\/articles\/profitez-dune-balade-a-velo-sur-le-canal-du-midi\/\">canal du Midi<\/a> et traversent les vignobles pour rejoindre les communes voisines comme Montagnac et Florensac.<\/li>\n\n\n\n<li><a href=\"https:\/\/www.champsblancstest.geek-tonic.dev\/fr\/articles\/les-marches-de-vias\/\">Fl\u00e2ner dans les march\u00e9s<\/a><strong> : <\/strong>D\u2019avril \u00e0 septembre, la place du 11 novembre est anim\u00e9e par le march\u00e9 chaque mercredi et samedi matin. Le reste de l\u2019ann\u00e9e, le march\u00e9 traditionnel ne se tient qu\u2019une fois par semaine, le samedi.<br>En haute saison (juillet-ao\u00fbt), vous aurez aussi l\u2019occasion de d\u00e9couvrir le march\u00e9 nocturne, tr\u00e8s appr\u00e9ci\u00e9 des vacanciers en raison de son ambiance conviviale et de la vari\u00e9t\u00e9 des stands. Bijoux, accessoires, v\u00eatements, produits sucr\u00e9s ou sal\u00e9s de la r\u00e9gion : le march\u00e9 nocturne est une excuse parfaite pour une halte gourmande avant d\u2019acheter ses souvenirs de vacances dans l\u2019H\u00e9rault.<\/li>\n\n\n\n<li><strong>S\u2019offrir une escapade vigneronne : <\/strong>Que diriez-vous de passer de la mer et des volcans aux vignobles et \u00e0 la d\u00e9gustation de grands crus ? L\u2019\u0153notourisme est tr\u00e8s en vogue \u00e0 Vias et dans le Languedoc.<br>Partez \u00e0 la d\u00e9couverte des grands domaines (Bosc, Preignes le Neuf, Preignes le Vieux, M\u00e9deilhan, Saint-Pierre) et surtout, ne partez pas sans avoir go\u00fbt\u00e9 les meilleurs vins de la r\u00e9gion !<\/li>\n<\/ul>\n<\/div>\n<\/div>\n\n\n    <\/div>\n<\/section>\n\n<section id=\"ls-section-block_dacf3de42ff7cf471ef1fffd3bbffd7c\" class=\"ls-section  page-four animated fadeInUp slow delay-100ms\" >\n        <div class=\"container container--wide\">\n        \n\n<div id=\"ls-heading ls-titre-div-block_c606871ed25b7f2d16deb69bf7ed486d\" class=\"ls-titre-div aligncenter h2-like\" >\n    \u00c0 d\u00e9couvrir proche de Vias<\/div>\n\n\n<div id=\"ls-maillage-block_88c9c2bc216f9a7bcb5de36c41dfe165\" class=\"ls-maillage cta-style-normal\" data-rows=\"3\">\n    <div class=\"wp-block-columns\"><div class=\"wp-block-column\"><div class=\"ls-cta\">\n\n<a href=\"https:\/\/www.champsblancstest.geek-tonic.dev\/herault\/agde\/\" target=\"\" rel=\"noopener\" class=\"ls-cta__link\">\n\n\t<div class=\"ls-cta__image\"><img decoding=\"async\" src=\"https:\/\/www.champsblancstest.geek-tonic.dev\/wp-content\/uploads\/2023\/09\/camping-agde-5-768x512.webp\" alt=\"camping agde 5\"><\/div>\n\t<div class=\"ls-cta__title\">\n\t\t<span class=\"champs-blancs-coin-droit\"><\/span>\n\t\tAgde\t\t<span class=\"champs-blancs-arrow-down\"><\/span>\n\t<\/div>\n\n\t\n<\/a><\/div><\/div><div class=\"wp-block-column\"><div class=\"ls-cta\">\n\n<a href=\"https:\/\/www.champsblancstest.geek-tonic.dev\/herault\/cap-d-agde\/\" target=\"\" rel=\"noopener\" class=\"ls-cta__link\">\n\n\t<div class=\"ls-cta__image\"><img decoding=\"async\" src=\"https:\/\/www.champsblancstest.geek-tonic.dev\/wp-content\/uploads\/2023\/09\/camping-cap-agde-1-768x576.webp\" alt=\"camping cap agde 1\"><\/div>\n\t<div class=\"ls-cta__title\">\n\t\t<span class=\"champs-blancs-coin-droit\"><\/span>\n\t\tCap d&rsquo;Agde\t\t<span class=\"champs-blancs-arrow-down\"><\/span>\n\t<\/div>\n\n\t\n<\/a><\/div><\/div><div class=\"wp-block-column\"><div class=\"ls-cta\">\n\n<a href=\"https:\/\/www.champsblancstest.geek-tonic.dev\/herault\/marseillan\/\" target=\"\" rel=\"noopener\" class=\"ls-cta__link\">\n\n\t<div class=\"ls-cta__image\"><img decoding=\"async\" src=\"https:\/\/www.champsblancstest.geek-tonic.dev\/wp-content\/uploads\/2023\/09\/camping-marseillan-1-768x512.webp\" alt=\"camping marseillan 1\"><\/div>\n\t<div class=\"ls-cta__title\">\n\t\t<span class=\"champs-blancs-coin-droit\"><\/span>\n\t\tMarseillan\t\t<span class=\"champs-blancs-arrow-down\"><\/span>\n\t<\/div>\n\n\t\n<\/a><\/div><\/div><\/div><\/div>\n\n    <\/div>\n<\/section>","protected":false},"excerpt":{"rendered":"","protected":false},"author":1,"featured_media":8953,"parent":213,"menu_order":0,"comment_status":"closed","ping_status":"closed","template":"","meta":{"_acf_changed":false,"footnotes":""},"sujet":[],"class_list":["post-217","page","type-page","status-publish","has-post-thumbnail","hentry"],"acf":[],"yoast_head":"<!-- This site is optimized with the Yoast SEO plugin v22.6 - https:\/\/yoast.com\/wordpress\/plugins\/seo\/ -->\n<title>Vias tourisme et activit\u00e9s : Que voir, Que faire \u00e0 Vias ?<\/title>\n<meta name=\"description\" content=\"Envie de faire du tourisme \u00e0 Vias ? D\u00e9couvrez les plus beaux lieux d&#039;int\u00e9r\u00eat \u00e0 voir et les meilleures activit\u00e9s \u00e0 faire \u00e0 Vias !\" \/>\n<meta name=\"robots\" content=\"noindex, follow, max-snippet:-1, max-image-preview:large, max-video-preview:-1\" \/>\n<meta property=\"og:locale\" content=\"fr_FR\" \/>\n<meta property=\"og:type\" content=\"article\" \/>\n<meta property=\"og:title\" content=\"Vias tourisme et activit\u00e9s : Que voir, Que faire \u00e0 Vias ?\" \/>\n<meta property=\"og:description\" content=\"Envie de faire du tourisme \u00e0 Vias ? D\u00e9couvrez les plus beaux lieux d&#039;int\u00e9r\u00eat \u00e0 voir et les meilleures activit\u00e9s \u00e0 faire \u00e0 Vias !\" \/>\n<meta property=\"og:url\" content=\"https:\/\/www.champsblancstest.geek-tonic.dev\/fr\/herault\/vias\/\" \/>\n<meta property=\"og:site_name\" content=\"Les Champs Blancs\" \/>\n<meta property=\"article:modified_time\" content=\"2023-10-30T09:26:59+00:00\" \/>\n<meta property=\"og:image\" content=\"https:\/\/www.champsblancstest.geek-tonic.dev\/wp-content\/uploads\/2023\/09\/camping-vias-plage-4-scaled.webp\" \/>\n\t<meta property=\"og:image:width\" content=\"2560\" \/>\n\t<meta property=\"og:image:height\" content=\"1097\" \/>\n\t<meta property=\"og:image:type\" content=\"image\/webp\" \/>\n<meta name=\"twitter:card\" content=\"summary_large_image\" \/>\n<meta name=\"twitter:label1\" content=\"Dur\u00e9e de lecture estim\u00e9e\" \/>\n\t<meta name=\"twitter:data1\" content=\"4 minutes\" \/>\n<script type=\"application\/ld+json\" class=\"yoast-schema-graph\">{\"@context\":\"https:\/\/schema.org\",\"@graph\":[{\"@type\":\"WebPage\",\"@id\":\"https:\/\/www.champsblancstest.geek-tonic.dev\/fr\/herault\/vias\/\",\"url\":\"https:\/\/www.champsblancstest.geek-tonic.dev\/fr\/herault\/vias\/\",\"name\":\"Vias tourisme et activit\u00e9s : Que voir, Que faire \u00e0 Vias ?\",\"isPartOf\":{\"@id\":\"https:\/\/www.champsblancstest.geek-tonic.dev\/fr\/#website\"},\"primaryImageOfPage\":{\"@id\":\"https:\/\/www.champsblancstest.geek-tonic.dev\/fr\/herault\/vias\/#primaryimage\"},\"image\":{\"@id\":\"https:\/\/www.champsblancstest.geek-tonic.dev\/fr\/herault\/vias\/#primaryimage\"},\"thumbnailUrl\":\"https:\/\/www.champsblancstest.geek-tonic.dev\/wp-content\/uploads\/2023\/09\/camping-vias-plage-4-scaled.webp\",\"datePublished\":\"2023-07-17T08:56:28+00:00\",\"dateModified\":\"2023-10-30T09:26:59+00:00\",\"description\":\"Envie de faire du tourisme \u00e0 Vias ? D\u00e9couvrez les plus beaux lieux d'int\u00e9r\u00eat \u00e0 voir et les meilleures activit\u00e9s \u00e0 faire \u00e0 Vias !\",\"breadcrumb\":{\"@id\":\"https:\/\/www.champsblancstest.geek-tonic.dev\/fr\/herault\/vias\/#breadcrumb\"},\"inLanguage\":\"fr-FR\",\"potentialAction\":[{\"@type\":\"ReadAction\",\"target\":[\"https:\/\/www.champsblancstest.geek-tonic.dev\/fr\/herault\/vias\/\"]}]},{\"@type\":\"ImageObject\",\"inLanguage\":\"fr-FR\",\"@id\":\"https:\/\/www.champsblancstest.geek-tonic.dev\/fr\/herault\/vias\/#primaryimage\",\"url\":\"https:\/\/www.champsblancstest.geek-tonic.dev\/wp-content\/uploads\/2023\/09\/camping-vias-plage-4-scaled.webp\",\"contentUrl\":\"https:\/\/www.champsblancstest.geek-tonic.dev\/wp-content\/uploads\/2023\/09\/camping-vias-plage-4-scaled.webp\",\"width\":2560,\"height\":1097,\"caption\":\"camping vias plage 4\"},{\"@type\":\"BreadcrumbList\",\"@id\":\"https:\/\/www.champsblancstest.geek-tonic.dev\/fr\/herault\/vias\/#breadcrumb\",\"itemListElement\":[{\"@type\":\"ListItem\",\"position\":1,\"name\":\"Camping Cap d\u2019Agde\",\"item\":\"https:\/\/www.champsblancstest.geek-tonic.dev\/fr\/\"},{\"@type\":\"ListItem\",\"position\":2,\"name\":\"D\u00e9couvrir l'Herault\",\"item\":\"https:\/\/www.champsblancstest.geek-tonic.dev\/fr\/herault\/\"},{\"@type\":\"ListItem\",\"position\":3,\"name\":\"Visiter Vias\"}]},{\"@type\":\"WebSite\",\"@id\":\"https:\/\/www.champsblancstest.geek-tonic.dev\/fr\/#website\",\"url\":\"https:\/\/www.champsblancstest.geek-tonic.dev\/fr\/\",\"name\":\"Les Champs Blancs\",\"description\":\"\",\"publisher\":{\"@id\":\"https:\/\/www.champsblancstest.geek-tonic.dev\/fr\/#organization\"},\"potentialAction\":[{\"@type\":\"SearchAction\",\"target\":{\"@type\":\"EntryPoint\",\"urlTemplate\":\"https:\/\/www.champsblancstest.geek-tonic.dev\/fr\/?s={search_term_string}\"},\"query-input\":\"required name=search_term_string\"}],\"inLanguage\":\"fr-FR\"},{\"@type\":\"Organization\",\"@id\":\"https:\/\/www.champsblancstest.geek-tonic.dev\/fr\/#organization\",\"name\":\"Les Champs Blancs\",\"url\":\"https:\/\/www.champsblancstest.geek-tonic.dev\/fr\/\",\"logo\":{\"@type\":\"ImageObject\",\"inLanguage\":\"fr-FR\",\"@id\":\"https:\/\/www.champsblancstest.geek-tonic.dev\/fr\/#\/schema\/logo\/image\/\",\"url\":\"https:\/\/www.champsblancstest.geek-tonic.dev\/wp-content\/uploads\/2023\/07\/logo-blanc-camping-les-champs-blancs.webp\",\"contentUrl\":\"https:\/\/www.champsblancstest.geek-tonic.dev\/wp-content\/uploads\/2023\/07\/logo-blanc-camping-les-champs-blancs.webp\",\"width\":821,\"height\":657,\"caption\":\"Les Champs Blancs\"},\"image\":{\"@id\":\"https:\/\/www.champsblancstest.geek-tonic.dev\/fr\/#\/schema\/logo\/image\/\"}}]}<\/script>\n<!-- \/ Yoast SEO plugin. -->","yoast_head_json":{"title":"Vias tourisme et activit\u00e9s : Que voir, Que faire \u00e0 Vias ?","description":"Envie de faire du tourisme \u00e0 Vias ? D\u00e9couvrez les plus beaux lieux d'int\u00e9r\u00eat \u00e0 voir et les meilleures activit\u00e9s \u00e0 faire \u00e0 Vias !","robots":{"index":"noindex","follow":"follow","max-snippet":"max-snippet:-1","max-image-preview":"max-image-preview:large","max-video-preview":"max-video-preview:-1"},"og_locale":"fr_FR","og_type":"article","og_title":"Vias tourisme et activit\u00e9s : Que voir, Que faire \u00e0 Vias ?","og_description":"Envie de faire du tourisme \u00e0 Vias ? D\u00e9couvrez les plus beaux lieux d'int\u00e9r\u00eat \u00e0 voir et les meilleures activit\u00e9s \u00e0 faire \u00e0 Vias !","og_url":"https:\/\/www.champsblancstest.geek-tonic.dev\/fr\/herault\/vias\/","og_site_name":"Les Champs Blancs","article_modified_time":"2023-10-30T09:26:59+00:00","og_image":[{"width":2560,"height":1097,"url":"https:\/\/www.champsblancstest.geek-tonic.dev\/wp-content\/uploads\/2023\/09\/camping-vias-plage-4-scaled.webp","type":"image\/webp"}],"twitter_card":"summary_large_image","twitter_misc":{"Dur\u00e9e de lecture estim\u00e9e":"4 minutes"},"schema":{"@context":"https:\/\/schema.org","@graph":[{"@type":"WebPage","@id":"https:\/\/www.champsblancstest.geek-tonic.dev\/fr\/herault\/vias\/","url":"https:\/\/www.champsblancstest.geek-tonic.dev\/fr\/herault\/vias\/","name":"Vias tourisme et activit\u00e9s : Que voir, Que faire \u00e0 Vias ?","isPartOf":{"@id":"https:\/\/www.champsblancstest.geek-tonic.dev\/fr\/#website"},"primaryImageOfPage":{"@id":"https:\/\/www.champsblancstest.geek-tonic.dev\/fr\/herault\/vias\/#primaryimage"},"image":{"@id":"https:\/\/www.champsblancstest.geek-tonic.dev\/fr\/herault\/vias\/#primaryimage"},"thumbnailUrl":"https:\/\/www.champsblancstest.geek-tonic.dev\/wp-content\/uploads\/2023\/09\/camping-vias-plage-4-scaled.webp","datePublished":"2023-07-17T08:56:28+00:00","dateModified":"2023-10-30T09:26:59+00:00","description":"Envie de faire du tourisme \u00e0 Vias ? D\u00e9couvrez les plus beaux lieux d'int\u00e9r\u00eat \u00e0 voir et les meilleures activit\u00e9s \u00e0 faire \u00e0 Vias !","breadcrumb":{"@id":"https:\/\/www.champsblancstest.geek-tonic.dev\/fr\/herault\/vias\/#breadcrumb"},"inLanguage":"fr-FR","potentialAction":[{"@type":"ReadAction","target":["https:\/\/www.champsblancstest.geek-tonic.dev\/fr\/herault\/vias\/"]}]},{"@type":"ImageObject","inLanguage":"fr-FR","@id":"https:\/\/www.champsblancstest.geek-tonic.dev\/fr\/herault\/vias\/#primaryimage","url":"https:\/\/www.champsblancstest.geek-tonic.dev\/wp-content\/uploads\/2023\/09\/camping-vias-plage-4-scaled.webp","contentUrl":"https:\/\/www.champsblancstest.geek-tonic.dev\/wp-content\/uploads\/2023\/09\/camping-vias-plage-4-scaled.webp","width":2560,"height":1097,"caption":"camping vias plage 4"},{"@type":"BreadcrumbList","@id":"https:\/\/www.champsblancstest.geek-tonic.dev\/fr\/herault\/vias\/#breadcrumb","itemListElement":[{"@type":"ListItem","position":1,"name":"Camping Cap d\u2019Agde","item":"https:\/\/www.champsblancstest.geek-tonic.dev\/fr\/"},{"@type":"ListItem","position":2,"name":"D\u00e9couvrir l'Herault","item":"https:\/\/www.champsblancstest.geek-tonic.dev\/fr\/herault\/"},{"@type":"ListItem","position":3,"name":"Visiter Vias"}]},{"@type":"WebSite","@id":"https:\/\/www.champsblancstest.geek-tonic.dev\/fr\/#website","url":"https:\/\/www.champsblancstest.geek-tonic.dev\/fr\/","name":"Les Champs Blancs","description":"","publisher":{"@id":"https:\/\/www.champsblancstest.geek-tonic.dev\/fr\/#organization"},"potentialAction":[{"@type":"SearchAction","target":{"@type":"EntryPoint","urlTemplate":"https:\/\/www.champsblancstest.geek-tonic.dev\/fr\/?s={search_term_string}"},"query-input":"required name=search_term_string"}],"inLanguage":"fr-FR"},{"@type":"Organization","@id":"https:\/\/www.champsblancstest.geek-tonic.dev\/fr\/#organization","name":"Les Champs Blancs","url":"https:\/\/www.champsblancstest.geek-tonic.dev\/fr\/","logo":{"@type":"ImageObject","inLanguage":"fr-FR","@id":"https:\/\/www.champsblancstest.geek-tonic.dev\/fr\/#\/schema\/logo\/image\/","url":"https:\/\/www.champsblancstest.geek-tonic.dev\/wp-content\/uploads\/2023\/07\/logo-blanc-camping-les-champs-blancs.webp","contentUrl":"https:\/\/www.champsblancstest.geek-tonic.dev\/wp-content\/uploads\/2023\/07\/logo-blanc-camping-les-champs-blancs.webp","width":821,"height":657,"caption":"Les Champs Blancs"},"image":{"@id":"https:\/\/www.champsblancstest.geek-tonic.dev\/fr\/#\/schema\/logo\/image\/"}}]}},"_links":{"self":[{"href":"https:\/\/www.champsblancstest.geek-tonic.dev\/fr\/wp-json\/wp\/v2\/pages\/217","targetHints":{"allow":["GET"]}}],"collection":[{"href":"https:\/\/www.champsblancstest.geek-tonic.dev\/fr\/wp-json\/wp\/v2\/pages"}],"about":[{"href":"https:\/\/www.champsblancstest.geek-tonic.dev\/fr\/wp-json\/wp\/v2\/types\/page"}],"author":[{"embeddable":true,"href":"https:\/\/www.champsblancstest.geek-tonic.dev\/fr\/wp-json\/wp\/v2\/users\/1"}],"replies":[{"embeddable":true,"href":"https:\/\/www.champsblancstest.geek-tonic.dev\/fr\/wp-json\/wp\/v2\/comments?post=217"}],"version-history":[{"count":23,"href":"https:\/\/www.champsblancstest.geek-tonic.dev\/fr\/wp-json\/wp\/v2\/pages\/217\/revisions"}],"predecessor-version":[{"id":9997,"href":"https:\/\/www.champsblancstest.geek-tonic.dev\/fr\/wp-json\/wp\/v2\/pages\/217\/revisions\/9997"}],"up":[{"embeddable":true,"href":"https:\/\/www.champsblancstest.geek-tonic.dev\/fr\/wp-json\/wp\/v2\/pages\/213"}],"wp:featuredmedia":[{"embeddable":true,"href":"https:\/\/www.champsblancstest.geek-tonic.dev\/fr\/wp-json\/wp\/v2\/media\/8953"}],"wp:attachment":[{"href":"https:\/\/www.champsblancstest.geek-tonic.dev\/fr\/wp-json\/wp\/v2\/media?parent=217"}],"wp:term":[{"taxonomy":"sujet","embeddable":true,"href":"https:\/\/www.champsblancstest.geek-tonic.dev\/fr\/wp-json\/wp\/v2\/sujet?post=217"}],"curies":[{"name":"wp","href":"https:\/\/api.w.org\/{rel}","templated":true}]}}