{"id":219,"date":"2023-07-17T10:56:38","date_gmt":"2023-07-17T08:56:38","guid":{"rendered":"https:\/\/www.champsblancstest.geek-tonic.dev\/?page_id=219"},"modified":"2023-10-30T10:38:09","modified_gmt":"2023-10-30T09:38:09","slug":"pezenas","status":"publish","type":"page","link":"https:\/\/www.champsblancstest.geek-tonic.dev\/fr\/herault\/pezenas\/","title":{"rendered":"Pezenas"},"content":{"rendered":"<section id=\"ls-section-block_7ca778ae50c645d229c99a35337ec8ef\" class=\"ls-section  home-first page-one\" >\n        <div class=\"container container--full\">\n        \n\n<div class=\"wp-block-columns are-vertically-aligned-center is-layout-flex wp-container-core-columns-is-layout-9d6595d7 wp-block-columns-is-layout-flex\">\n<div class=\"wp-block-column is-vertically-aligned-center is-layout-flow wp-block-column-is-layout-flow\" style=\"flex-basis:53%\">\n<figure class=\"wp-block-gallery has-nested-images columns-default is-cropped animated fadeInLeft slow wp-block-gallery-1 is-layout-flex wp-block-gallery-is-layout-flex\">\n<figure class=\"wp-block-image size-full\"><a href=\"https:\/\/www.champsblancstest.geek-tonic.dev\/wp-content\/uploads\/2023\/09\/camping-pezenas-5-scaled.webp\"><img decoding=\"async\" width=\"2560\" height=\"1707\" data-id=\"8902\" src=\"https:\/\/www.champsblancstest.geek-tonic.dev\/wp-content\/uploads\/2023\/09\/camping-pezenas-5-scaled.webp\" alt=\"camping p\u00e9zenas 5\" class=\"wp-image-8902\" srcset=\"https:\/\/www.champsblancstest.geek-tonic.dev\/wp-content\/uploads\/2023\/09\/camping-pezenas-5-scaled.webp 2560w, https:\/\/www.champsblancstest.geek-tonic.dev\/wp-content\/uploads\/2023\/09\/camping-pezenas-5-300x200.webp 300w, https:\/\/www.champsblancstest.geek-tonic.dev\/wp-content\/uploads\/2023\/09\/camping-pezenas-5-1024x683.webp 1024w, https:\/\/www.champsblancstest.geek-tonic.dev\/wp-content\/uploads\/2023\/09\/camping-pezenas-5-768x512.webp 768w, https:\/\/www.champsblancstest.geek-tonic.dev\/wp-content\/uploads\/2023\/09\/camping-pezenas-5-1536x1024.webp 1536w, https:\/\/www.champsblancstest.geek-tonic.dev\/wp-content\/uploads\/2023\/09\/camping-pezenas-5-2048x1365.webp 2048w\" sizes=\"(max-width: 2560px) 100vw, 2560px\" \/><\/a><\/figure>\n<\/figure>\n<\/div>\n\n\n\n<div class=\"wp-block-column is-vertically-aligned-center is-layout-flow wp-block-column-is-layout-flow\" style=\"flex-basis:47%\">\n<h1 class=\"ls__heading wp-block-heading\">Tourisme Pezenas<\/h1>\n\n\n\n<p class=\"ls-paragraph\">Ne ratez pas la <strong>visite de P\u00e9zenas<\/strong> pendant votre s\u00e9jour au<a href=\"https:\/\/www.champsblancstest.geek-tonic.dev\/fr\/\"> camping Cap d\u2019Agde<\/a> Les Champs Blancs !<\/p>\n\n\n\n<h2 class=\"ls__heading wp-block-heading\">P\u00e9zenas, une ville qui a su s\u00e9duire Moli\u00e8re<\/h2>\n\n\n\n<p class=\"ls-paragraph\">Lieu de s\u00e9jour de Moli\u00e8re, P\u00e9zenas a quelque chose d\u2019envo\u00fbtant\u2026 Vous le comprendrez \u00e0 la vue de ses artisans et de son patrimoine architectural qui semblent avoir \u00e9chapp\u00e9 au passage du temps, un <a href=\"https:\/\/www.champsblancstest.geek-tonic.dev\/fr\/herault\/\">lieu d&rsquo;int\u00e9r\u00eat incontournable de l&rsquo;H\u00e9rault<\/a> ! <\/p>\n\n\n\n<p class=\"ls-paragraph\">La passion du th\u00e9\u00e2tre est encore aujourd\u2019hui bel et bien r\u00e9elle dans cette cit\u00e9 o\u00f9, comme Moli\u00e8re, les anciens gouverneurs du Languedoc ont choisi de s\u2019\u00e9tablir. Rendez-vous par exemple \u00e0 l\u2019illustre th\u00e9\u00e2tre durant votre s\u00e9jour en <a href=\"https:\/\/www.champsblancstest.geek-tonic.dev\/fr\/camping-pezenas\/\">camping \u00e0 P\u00e9zenas<\/a>.<\/p>\n<\/div>\n<\/div>\n\n\n    <\/div>\n<\/section>\n\n<section id=\"ls-section-block_cda01dc3cfbec17a4b40e9c869577e56\" class=\"ls-section  home-first page-two\" >\n        <div class=\"container container--full\">\n        \n\n<div class=\"wp-block-columns are-vertically-aligned-center is-layout-flex wp-container-core-columns-is-layout-9d6595d7 wp-block-columns-is-layout-flex\">\n<div class=\"wp-block-column is-vertically-aligned-center is-layout-flow wp-block-column-is-layout-flow\" style=\"flex-basis:47%\">\n<h2 class=\"ls__heading wp-block-heading\">&nbsp;Les 5 choses \u00e0 voir ou \u00e0 faire absolument \u00e0 P\u00e9zenas<\/h2>\n\n\n\n<ul class=\"ls-list wp-block-list\">\n<li><strong>D\u00e9couvrir les 30 sites class\u00e9s monuments historiques<\/strong> : Les amoureux du patrimoine ne seront pas en reste dans la cit\u00e9 pisc\u00e9noise. H\u00f4tels particuliers, portes monumentales, \u00e9glise Sainte-Ursule, parcours de sculptures consacr\u00e9es \u00e0 Boby Lapointe : votre programme de visites sera vite rempli et tout \u00e7a \u00e0 quelques kilom\u00e8tres de votre <strong>camping P\u00e9zenas<\/strong>.<\/li>\n\n\n\n<li><strong>Admirer l\u2019orgue de la coll\u00e9giale Saint-Jean<\/strong> : Ce bel \u00e9difice construit en 1735 se distingue par ses coupoles qui ornent les bas-c\u00f4t\u00e9s, sa chapelle nord et son orgue qui s\u2019apparente \u00e0 ceux de l\u2019\u00e9glise Saint-Roch \u00e0 Paris.<\/li>\n\n\n\n<li><strong>Assister \u00e0 une repr\u00e9sentation au th\u00e9\u00e2tre<\/strong> : Fond\u00e9 en 1803, le th\u00e9\u00e2tre de P\u00e9zenas rend lors de chaque repr\u00e9sentation un hommage sp\u00e9cial \u00e0 cet art et \u00e0 l\u2019un de ses ma\u00eetres, Moli\u00e8re. Renseignez-vous sur les programmations avant votre visite, afin de passer un moment unique dans ce haut lieu de la culture fran\u00e7aise.<\/li>\n\n\n\n<li><strong>Visiter le mus\u00e9e Vulliod Saint-Germain<\/strong> : Cet espace culturel est conseill\u00e9 si vous souhaitez en savoir plus sur l\u2019histoire de la ville. Il est install\u00e9 dans un h\u00f4tel particulier datant du XVIe si\u00e8cle. Une salle du mus\u00e9e est enti\u00e8rement d\u00e9di\u00e9e \u00e0 Moli\u00e8re.<\/li>\n\n\n\n<li><strong>Se promener dans les jardins du domaine de la Grange des Pr\u00e9s<\/strong> : Cette ancienne maison de campagne des gouverneurs du Languedoc poss\u00e8de un jardin \u00e0 l\u2019italienne avec d\u2019\u00e9l\u00e9gantes terrasses donnant sur la plaine de l\u2019H\u00e9rault. Empruntez le chemin qui traverse le parc, admirez la fa\u00e7ade du ch\u00e2teau, ressourcez-vous dans ce havre de paix et dites-vous que vous avez eu raison de r\u00e9server une location de mobil-home ou de chalet dans un camping pr\u00e8s de P\u00e9zenas.<\/li>\n<\/ul>\n\n\n\n<p class=\"ls-paragraph\">En savoir plus sur <a href=\"https:\/\/www.capdagde.com\/otca-ville\/pezenas\/\" target=\"_blank\" rel=\"noreferrer noopener\">P\u00e9zenas<\/a><\/p>\n<\/div>\n\n\n\n<div class=\"wp-block-column is-vertically-aligned-center is-layout-flow wp-block-column-is-layout-flow\" style=\"flex-basis:53%\">\n<figure class=\"wp-block-gallery has-nested-images columns-default is-cropped animated fadeInRight slow delay-200ms wp-block-gallery-2 is-layout-flex wp-block-gallery-is-layout-flex\">\n<figure class=\"wp-block-image size-full\"><a href=\"https:\/\/www.champsblancstest.geek-tonic.dev\/wp-content\/uploads\/2023\/09\/camping-pezenas-10-scaled.webp\"><img decoding=\"async\" width=\"2560\" height=\"1550\" data-id=\"8927\" src=\"https:\/\/www.champsblancstest.geek-tonic.dev\/wp-content\/uploads\/2023\/09\/camping-pezenas-10-scaled.webp\" alt=\"camping p\u00e9zenas 10\" class=\"wp-image-8927\" srcset=\"https:\/\/www.champsblancstest.geek-tonic.dev\/wp-content\/uploads\/2023\/09\/camping-pezenas-10-scaled.webp 2560w, https:\/\/www.champsblancstest.geek-tonic.dev\/wp-content\/uploads\/2023\/09\/camping-pezenas-10-300x182.webp 300w, https:\/\/www.champsblancstest.geek-tonic.dev\/wp-content\/uploads\/2023\/09\/camping-pezenas-10-1024x620.webp 1024w, https:\/\/www.champsblancstest.geek-tonic.dev\/wp-content\/uploads\/2023\/09\/camping-pezenas-10-768x465.webp 768w, https:\/\/www.champsblancstest.geek-tonic.dev\/wp-content\/uploads\/2023\/09\/camping-pezenas-10-1536x930.webp 1536w, https:\/\/www.champsblancstest.geek-tonic.dev\/wp-content\/uploads\/2023\/09\/camping-pezenas-10-2048x1240.webp 2048w\" sizes=\"(max-width: 2560px) 100vw, 2560px\" \/><\/a><\/figure>\n<\/figure>\n<\/div>\n<\/div>\n\n\n    <\/div>\n<\/section>\n\n<section id=\"ls-section-block_bfa10e62b0593e6236352464dd2e6308\" class=\"ls-section  page-four animated fadeInUp slow delay-100ms\" >\n        <div class=\"container container--wide\">\n        \n\n<div id=\"ls-heading ls-titre-div-block_372edbf163f58de105471062312ec30f\" class=\"ls-titre-div aligncenter h2-like\" >\n    D\u00e9couvrez \u00e0 proximit\u00e9 de P\u00e9zenas<\/div>\n\n\n<div id=\"ls-maillage-block_73c09df9c01aca46abab1b6ff8b26408\" class=\"ls-maillage cta-style-normal\" data-rows=\"3\">\n    <div class=\"wp-block-columns\"><div class=\"wp-block-column\"><div class=\"ls-cta\">\n\n<a href=\"https:\/\/www.champsblancstest.geek-tonic.dev\/herault\/marseillan\/\" target=\"\" rel=\"noopener\" class=\"ls-cta__link\">\n\n\t<div class=\"ls-cta__image\"><img decoding=\"async\" src=\"https:\/\/www.champsblancstest.geek-tonic.dev\/wp-content\/uploads\/2023\/09\/camping-marseillan-1-768x512.webp\" alt=\"camping marseillan 1\"><\/div>\n\t<div class=\"ls-cta__title\">\n\t\t<span class=\"champs-blancs-coin-droit\"><\/span>\n\t\tMarseillan\t\t<span class=\"champs-blancs-arrow-down\"><\/span>\n\t<\/div>\n\n\t\n<\/a><\/div><\/div><div class=\"wp-block-column\"><div class=\"ls-cta\">\n\n<a href=\"https:\/\/www.champsblancstest.geek-tonic.dev\/herault\/montpellier\/\" target=\"\" rel=\"noopener\" class=\"ls-cta__link\">\n\n\t<div class=\"ls-cta__image\"><img decoding=\"async\" src=\"https:\/\/www.champsblancstest.geek-tonic.dev\/wp-content\/uploads\/2023\/09\/camping-montpellier7-768x512.webp\" alt=\"camping montpellier7\"><\/div>\n\t<div class=\"ls-cta__title\">\n\t\t<span class=\"champs-blancs-coin-droit\"><\/span>\n\t\tMontpellier\t\t<span class=\"champs-blancs-arrow-down\"><\/span>\n\t<\/div>\n\n\t\n<\/a><\/div><\/div><div class=\"wp-block-column\"><div class=\"ls-cta\">\n\n<a href=\"https:\/\/www.champsblancstest.geek-tonic.dev\/herault\/beziers\/\" target=\"\" rel=\"noopener\" class=\"ls-cta__link\">\n\n\t<div class=\"ls-cta__image\"><img decoding=\"async\" src=\"https:\/\/www.champsblancstest.geek-tonic.dev\/wp-content\/uploads\/2023\/09\/camping-proche-de-beziers-768x512.webp\" alt=\"camping proche de beziers\"><\/div>\n\t<div class=\"ls-cta__title\">\n\t\t<span class=\"champs-blancs-coin-droit\"><\/span>\n\t\tB\u00e9ziers\t\t<span class=\"champs-blancs-arrow-down\"><\/span>\n\t<\/div>\n\n\t\n<\/a><\/div><\/div><\/div><\/div>\n\n    <\/div>\n<\/section>","protected":false},"excerpt":{"rendered":"","protected":false},"author":1,"featured_media":8932,"parent":213,"menu_order":0,"comment_status":"closed","ping_status":"closed","template":"","meta":{"_acf_changed":false,"footnotes":""},"sujet":[],"class_list":["post-219","page","type-page","status-publish","has-post-thumbnail","hentry"],"acf":[],"yoast_head":"<!-- This site is optimized with the Yoast SEO plugin v22.6 - https:\/\/yoast.com\/wordpress\/plugins\/seo\/ -->\n<title>P\u00e9zenas tourisme et activit\u00e9s : Que voir, que faire \u00e0 P\u00e9zenas ?<\/title>\n<meta name=\"description\" content=\"Envie de faire du tourisme \u00e0 P\u00e9zenas ? D\u00e9couvrez les plus beaux lieux d&#039;int\u00e9r\u00eat \u00e0 voir et les meilleures activit\u00e9s \u00e0 faire \u00e0 P\u00e9zenas !\" \/>\n<meta name=\"robots\" content=\"noindex, follow, max-snippet:-1, max-image-preview:large, max-video-preview:-1\" \/>\n<meta property=\"og:locale\" content=\"fr_FR\" \/>\n<meta property=\"og:type\" content=\"article\" \/>\n<meta property=\"og:title\" content=\"P\u00e9zenas tourisme et activit\u00e9s : Que voir, que faire \u00e0 P\u00e9zenas ?\" \/>\n<meta property=\"og:description\" content=\"Envie de faire du tourisme \u00e0 P\u00e9zenas ? D\u00e9couvrez les plus beaux lieux d&#039;int\u00e9r\u00eat \u00e0 voir et les meilleures activit\u00e9s \u00e0 faire \u00e0 P\u00e9zenas !\" \/>\n<meta property=\"og:url\" content=\"https:\/\/www.champsblancstest.geek-tonic.dev\/fr\/herault\/pezenas\/\" \/>\n<meta property=\"og:site_name\" content=\"Les Champs Blancs\" \/>\n<meta property=\"article:modified_time\" content=\"2023-10-30T09:38:09+00:00\" \/>\n<meta property=\"og:image\" content=\"https:\/\/www.champsblancstest.geek-tonic.dev\/wp-content\/uploads\/2023\/09\/camping-pezenas-1-scaled.webp\" \/>\n\t<meta property=\"og:image:width\" content=\"2560\" \/>\n\t<meta property=\"og:image:height\" content=\"1707\" \/>\n\t<meta property=\"og:image:type\" content=\"image\/webp\" \/>\n<meta name=\"twitter:card\" content=\"summary_large_image\" \/>\n<meta name=\"twitter:label1\" content=\"Dur\u00e9e de lecture estim\u00e9e\" \/>\n\t<meta name=\"twitter:data1\" content=\"3 minutes\" \/>\n<script type=\"application\/ld+json\" class=\"yoast-schema-graph\">{\"@context\":\"https:\/\/schema.org\",\"@graph\":[{\"@type\":\"WebPage\",\"@id\":\"https:\/\/www.champsblancstest.geek-tonic.dev\/fr\/herault\/pezenas\/\",\"url\":\"https:\/\/www.champsblancstest.geek-tonic.dev\/fr\/herault\/pezenas\/\",\"name\":\"P\u00e9zenas tourisme et activit\u00e9s : Que voir, que faire \u00e0 P\u00e9zenas ?\",\"isPartOf\":{\"@id\":\"https:\/\/www.champsblancstest.geek-tonic.dev\/fr\/#website\"},\"primaryImageOfPage\":{\"@id\":\"https:\/\/www.champsblancstest.geek-tonic.dev\/fr\/herault\/pezenas\/#primaryimage\"},\"image\":{\"@id\":\"https:\/\/www.champsblancstest.geek-tonic.dev\/fr\/herault\/pezenas\/#primaryimage\"},\"thumbnailUrl\":\"https:\/\/www.champsblancstest.geek-tonic.dev\/wp-content\/uploads\/2023\/09\/camping-pezenas-1-scaled.webp\",\"datePublished\":\"2023-07-17T08:56:38+00:00\",\"dateModified\":\"2023-10-30T09:38:09+00:00\",\"description\":\"Envie de faire du tourisme \u00e0 P\u00e9zenas ? D\u00e9couvrez les plus beaux lieux d'int\u00e9r\u00eat \u00e0 voir et les meilleures activit\u00e9s \u00e0 faire \u00e0 P\u00e9zenas !\",\"breadcrumb\":{\"@id\":\"https:\/\/www.champsblancstest.geek-tonic.dev\/fr\/herault\/pezenas\/#breadcrumb\"},\"inLanguage\":\"fr-FR\",\"potentialAction\":[{\"@type\":\"ReadAction\",\"target\":[\"https:\/\/www.champsblancstest.geek-tonic.dev\/fr\/herault\/pezenas\/\"]}]},{\"@type\":\"ImageObject\",\"inLanguage\":\"fr-FR\",\"@id\":\"https:\/\/www.champsblancstest.geek-tonic.dev\/fr\/herault\/pezenas\/#primaryimage\",\"url\":\"https:\/\/www.champsblancstest.geek-tonic.dev\/wp-content\/uploads\/2023\/09\/camping-pezenas-1-scaled.webp\",\"contentUrl\":\"https:\/\/www.champsblancstest.geek-tonic.dev\/wp-content\/uploads\/2023\/09\/camping-pezenas-1-scaled.webp\",\"width\":2560,\"height\":1707,\"caption\":\"camping p\u00e9zenas 1\"},{\"@type\":\"BreadcrumbList\",\"@id\":\"https:\/\/www.champsblancstest.geek-tonic.dev\/fr\/herault\/pezenas\/#breadcrumb\",\"itemListElement\":[{\"@type\":\"ListItem\",\"position\":1,\"name\":\"Camping Cap d\u2019Agde\",\"item\":\"https:\/\/www.champsblancstest.geek-tonic.dev\/fr\/\"},{\"@type\":\"ListItem\",\"position\":2,\"name\":\"D\u00e9couvrir l'Herault\",\"item\":\"https:\/\/www.champsblancstest.geek-tonic.dev\/fr\/herault\/\"},{\"@type\":\"ListItem\",\"position\":3,\"name\":\"Pezenas\"}]},{\"@type\":\"WebSite\",\"@id\":\"https:\/\/www.champsblancstest.geek-tonic.dev\/fr\/#website\",\"url\":\"https:\/\/www.champsblancstest.geek-tonic.dev\/fr\/\",\"name\":\"Les Champs Blancs\",\"description\":\"\",\"publisher\":{\"@id\":\"https:\/\/www.champsblancstest.geek-tonic.dev\/fr\/#organization\"},\"potentialAction\":[{\"@type\":\"SearchAction\",\"target\":{\"@type\":\"EntryPoint\",\"urlTemplate\":\"https:\/\/www.champsblancstest.geek-tonic.dev\/fr\/?s={search_term_string}\"},\"query-input\":\"required name=search_term_string\"}],\"inLanguage\":\"fr-FR\"},{\"@type\":\"Organization\",\"@id\":\"https:\/\/www.champsblancstest.geek-tonic.dev\/fr\/#organization\",\"name\":\"Les Champs Blancs\",\"url\":\"https:\/\/www.champsblancstest.geek-tonic.dev\/fr\/\",\"logo\":{\"@type\":\"ImageObject\",\"inLanguage\":\"fr-FR\",\"@id\":\"https:\/\/www.champsblancstest.geek-tonic.dev\/fr\/#\/schema\/logo\/image\/\",\"url\":\"https:\/\/www.champsblancstest.geek-tonic.dev\/wp-content\/uploads\/2023\/07\/logo-blanc-camping-les-champs-blancs.webp\",\"contentUrl\":\"https:\/\/www.champsblancstest.geek-tonic.dev\/wp-content\/uploads\/2023\/07\/logo-blanc-camping-les-champs-blancs.webp\",\"width\":821,\"height\":657,\"caption\":\"Les Champs Blancs\"},\"image\":{\"@id\":\"https:\/\/www.champsblancstest.geek-tonic.dev\/fr\/#\/schema\/logo\/image\/\"}}]}<\/script>\n<!-- \/ Yoast SEO plugin. -->","yoast_head_json":{"title":"P\u00e9zenas tourisme et activit\u00e9s : Que voir, que faire \u00e0 P\u00e9zenas ?","description":"Envie de faire du tourisme \u00e0 P\u00e9zenas ? D\u00e9couvrez les plus beaux lieux d'int\u00e9r\u00eat \u00e0 voir et les meilleures activit\u00e9s \u00e0 faire \u00e0 P\u00e9zenas !","robots":{"index":"noindex","follow":"follow","max-snippet":"max-snippet:-1","max-image-preview":"max-image-preview:large","max-video-preview":"max-video-preview:-1"},"og_locale":"fr_FR","og_type":"article","og_title":"P\u00e9zenas tourisme et activit\u00e9s : Que voir, que faire \u00e0 P\u00e9zenas ?","og_description":"Envie de faire du tourisme \u00e0 P\u00e9zenas ? D\u00e9couvrez les plus beaux lieux d'int\u00e9r\u00eat \u00e0 voir et les meilleures activit\u00e9s \u00e0 faire \u00e0 P\u00e9zenas !","og_url":"https:\/\/www.champsblancstest.geek-tonic.dev\/fr\/herault\/pezenas\/","og_site_name":"Les Champs Blancs","article_modified_time":"2023-10-30T09:38:09+00:00","og_image":[{"width":2560,"height":1707,"url":"https:\/\/www.champsblancstest.geek-tonic.dev\/wp-content\/uploads\/2023\/09\/camping-pezenas-1-scaled.webp","type":"image\/webp"}],"twitter_card":"summary_large_image","twitter_misc":{"Dur\u00e9e de lecture estim\u00e9e":"3 minutes"},"schema":{"@context":"https:\/\/schema.org","@graph":[{"@type":"WebPage","@id":"https:\/\/www.champsblancstest.geek-tonic.dev\/fr\/herault\/pezenas\/","url":"https:\/\/www.champsblancstest.geek-tonic.dev\/fr\/herault\/pezenas\/","name":"P\u00e9zenas tourisme et activit\u00e9s : Que voir, que faire \u00e0 P\u00e9zenas ?","isPartOf":{"@id":"https:\/\/www.champsblancstest.geek-tonic.dev\/fr\/#website"},"primaryImageOfPage":{"@id":"https:\/\/www.champsblancstest.geek-tonic.dev\/fr\/herault\/pezenas\/#primaryimage"},"image":{"@id":"https:\/\/www.champsblancstest.geek-tonic.dev\/fr\/herault\/pezenas\/#primaryimage"},"thumbnailUrl":"https:\/\/www.champsblancstest.geek-tonic.dev\/wp-content\/uploads\/2023\/09\/camping-pezenas-1-scaled.webp","datePublished":"2023-07-17T08:56:38+00:00","dateModified":"2023-10-30T09:38:09+00:00","description":"Envie de faire du tourisme \u00e0 P\u00e9zenas ? D\u00e9couvrez les plus beaux lieux d'int\u00e9r\u00eat \u00e0 voir et les meilleures activit\u00e9s \u00e0 faire \u00e0 P\u00e9zenas !","breadcrumb":{"@id":"https:\/\/www.champsblancstest.geek-tonic.dev\/fr\/herault\/pezenas\/#breadcrumb"},"inLanguage":"fr-FR","potentialAction":[{"@type":"ReadAction","target":["https:\/\/www.champsblancstest.geek-tonic.dev\/fr\/herault\/pezenas\/"]}]},{"@type":"ImageObject","inLanguage":"fr-FR","@id":"https:\/\/www.champsblancstest.geek-tonic.dev\/fr\/herault\/pezenas\/#primaryimage","url":"https:\/\/www.champsblancstest.geek-tonic.dev\/wp-content\/uploads\/2023\/09\/camping-pezenas-1-scaled.webp","contentUrl":"https:\/\/www.champsblancstest.geek-tonic.dev\/wp-content\/uploads\/2023\/09\/camping-pezenas-1-scaled.webp","width":2560,"height":1707,"caption":"camping p\u00e9zenas 1"},{"@type":"BreadcrumbList","@id":"https:\/\/www.champsblancstest.geek-tonic.dev\/fr\/herault\/pezenas\/#breadcrumb","itemListElement":[{"@type":"ListItem","position":1,"name":"Camping Cap d\u2019Agde","item":"https:\/\/www.champsblancstest.geek-tonic.dev\/fr\/"},{"@type":"ListItem","position":2,"name":"D\u00e9couvrir l'Herault","item":"https:\/\/www.champsblancstest.geek-tonic.dev\/fr\/herault\/"},{"@type":"ListItem","position":3,"name":"Pezenas"}]},{"@type":"WebSite","@id":"https:\/\/www.champsblancstest.geek-tonic.dev\/fr\/#website","url":"https:\/\/www.champsblancstest.geek-tonic.dev\/fr\/","name":"Les Champs Blancs","description":"","publisher":{"@id":"https:\/\/www.champsblancstest.geek-tonic.dev\/fr\/#organization"},"potentialAction":[{"@type":"SearchAction","target":{"@type":"EntryPoint","urlTemplate":"https:\/\/www.champsblancstest.geek-tonic.dev\/fr\/?s={search_term_string}"},"query-input":"required name=search_term_string"}],"inLanguage":"fr-FR"},{"@type":"Organization","@id":"https:\/\/www.champsblancstest.geek-tonic.dev\/fr\/#organization","name":"Les Champs Blancs","url":"https:\/\/www.champsblancstest.geek-tonic.dev\/fr\/","logo":{"@type":"ImageObject","inLanguage":"fr-FR","@id":"https:\/\/www.champsblancstest.geek-tonic.dev\/fr\/#\/schema\/logo\/image\/","url":"https:\/\/www.champsblancstest.geek-tonic.dev\/wp-content\/uploads\/2023\/07\/logo-blanc-camping-les-champs-blancs.webp","contentUrl":"https:\/\/www.champsblancstest.geek-tonic.dev\/wp-content\/uploads\/2023\/07\/logo-blanc-camping-les-champs-blancs.webp","width":821,"height":657,"caption":"Les Champs Blancs"},"image":{"@id":"https:\/\/www.champsblancstest.geek-tonic.dev\/fr\/#\/schema\/logo\/image\/"}}]}},"_links":{"self":[{"href":"https:\/\/www.champsblancstest.geek-tonic.dev\/fr\/wp-json\/wp\/v2\/pages\/219","targetHints":{"allow":["GET"]}}],"collection":[{"href":"https:\/\/www.champsblancstest.geek-tonic.dev\/fr\/wp-json\/wp\/v2\/pages"}],"about":[{"href":"https:\/\/www.champsblancstest.geek-tonic.dev\/fr\/wp-json\/wp\/v2\/types\/page"}],"author":[{"embeddable":true,"href":"https:\/\/www.champsblancstest.geek-tonic.dev\/fr\/wp-json\/wp\/v2\/users\/1"}],"replies":[{"embeddable":true,"href":"https:\/\/www.champsblancstest.geek-tonic.dev\/fr\/wp-json\/wp\/v2\/comments?post=219"}],"version-history":[{"count":23,"href":"https:\/\/www.champsblancstest.geek-tonic.dev\/fr\/wp-json\/wp\/v2\/pages\/219\/revisions"}],"predecessor-version":[{"id":15602,"href":"https:\/\/www.champsblancstest.geek-tonic.dev\/fr\/wp-json\/wp\/v2\/pages\/219\/revisions\/15602"}],"up":[{"embeddable":true,"href":"https:\/\/www.champsblancstest.geek-tonic.dev\/fr\/wp-json\/wp\/v2\/pages\/213"}],"wp:featuredmedia":[{"embeddable":true,"href":"https:\/\/www.champsblancstest.geek-tonic.dev\/fr\/wp-json\/wp\/v2\/media\/8932"}],"wp:attachment":[{"href":"https:\/\/www.champsblancstest.geek-tonic.dev\/fr\/wp-json\/wp\/v2\/media?parent=219"}],"wp:term":[{"taxonomy":"sujet","embeddable":true,"href":"https:\/\/www.champsblancstest.geek-tonic.dev\/fr\/wp-json\/wp\/v2\/sujet?post=219"}],"curies":[{"name":"wp","href":"https:\/\/api.w.org\/{rel}","templated":true}]}}