{"id":221,"date":"2023-07-17T10:56:48","date_gmt":"2023-07-17T08:56:48","guid":{"rendered":"https:\/\/www.champsblancstest.geek-tonic.dev\/?page_id=221"},"modified":"2023-11-07T15:49:56","modified_gmt":"2023-11-07T14:49:56","slug":"marseillan","status":"publish","type":"page","link":"https:\/\/www.champsblancstest.geek-tonic.dev\/fr\/herault\/marseillan\/","title":{"rendered":"Marseillan"},"content":{"rendered":"<section id=\"ls-section-block_4cfc51ced1ff4af20045046fc1bfb9ed\" class=\"ls-section  home-first page-one\" >\n        <div class=\"container container--full\">\n        \n\n<div class=\"wp-block-columns are-vertically-aligned-center is-layout-flex wp-container-core-columns-is-layout-9d6595d7 wp-block-columns-is-layout-flex\">\n<div class=\"wp-block-column is-vertically-aligned-center is-layout-flow wp-block-column-is-layout-flow\" style=\"flex-basis:53%\">\n<figure class=\"wp-block-gallery has-nested-images columns-default is-cropped animated fadeInLeft slow wp-block-gallery-1 is-layout-flex wp-block-gallery-is-layout-flex\">\n<figure class=\"wp-block-image size-full\"><a href=\"https:\/\/www.champsblancstest.geek-tonic.dev\/wp-content\/uploads\/2023\/09\/camping-marseillan-3.webp\"><img decoding=\"async\" width=\"1669\" height=\"2500\" data-id=\"9093\" src=\"https:\/\/www.champsblancstest.geek-tonic.dev\/wp-content\/uploads\/2023\/09\/camping-marseillan-3.webp\" alt=\"camping marseillan 3\" class=\"wp-image-9093\" srcset=\"https:\/\/www.champsblancstest.geek-tonic.dev\/wp-content\/uploads\/2023\/09\/camping-marseillan-3.webp 1669w, https:\/\/www.champsblancstest.geek-tonic.dev\/wp-content\/uploads\/2023\/09\/camping-marseillan-3-200x300.webp 200w, https:\/\/www.champsblancstest.geek-tonic.dev\/wp-content\/uploads\/2023\/09\/camping-marseillan-3-684x1024.webp 684w, https:\/\/www.champsblancstest.geek-tonic.dev\/wp-content\/uploads\/2023\/09\/camping-marseillan-3-768x1150.webp 768w, https:\/\/www.champsblancstest.geek-tonic.dev\/wp-content\/uploads\/2023\/09\/camping-marseillan-3-1025x1536.webp 1025w, https:\/\/www.champsblancstest.geek-tonic.dev\/wp-content\/uploads\/2023\/09\/camping-marseillan-3-1367x2048.webp 1367w\" sizes=\"(max-width: 1669px) 100vw, 1669px\" \/><\/a><\/figure>\n<\/figure>\n<\/div>\n\n\n\n<div class=\"wp-block-column is-vertically-aligned-center is-layout-flow wp-block-column-is-layout-flow\" style=\"flex-basis:47%\">\n<h1 class=\"ls__heading wp-block-heading\">Marseillan tourisme<\/h1>\n\n\n\n<p class=\"ls-paragraph\">Si vous faites du <a href=\"https:\/\/www.champsblancstest.geek-tonic.dev\/fr\/herault\/\">tourisme en H\u00e9rault<\/a>, Marseillan sera sans doute l\u2019une des visites incontournables de votre s\u00e9jour <a href=\"https:\/\/www.champsblancstest.geek-tonic.dev\/fr\/\">camping au Cap d\u2019Agde<\/a> Les Champs Blancs !<\/p>\n\n\n\n<h2 class=\"ls__heading wp-block-heading\">Que faire \u00e0 Marseillan Plage ?<\/h2>\n\n\n\n<p class=\"ls-paragraph\">Cette station du Bas-Languedoc s\u2019appr\u00e9cie autant pour la richesse de son patrimoine historique que par la beaut\u00e9 de ses sites naturels.<br>La destination est bien connue notamment pour ses <strong>6 km de sable fin<\/strong> et son eau turquoise et transparente.<br>En plus de la baignade, plusieurs <strong>activit\u00e9s nautiques <\/strong>attendent les vacanciers \u00e0 Marseillan Plage, dont la voile, le stand-up paddle, la plong\u00e9e sous-marine ou encore la promenade en bateau.<br>La station, avec ses attractions et restaurants, offrent en outre <strong>des soir\u00e9es particuli\u00e8rement anim\u00e9es.<\/strong><br>Le s\u00e9jour est aussi l\u2019occasion d\u2019<strong>arpenter les rues du village.<\/strong> C\u2019est une belle occasion de rencontrer ses habitants, de d\u00e9couvrir ses charmantes maisons anciennes ou encore de visiter le port dont les quais sont propices aux promenades.<br>De nombreux vacanciers profitent aussi d\u2019une travers\u00e9e sur le Canal du Midi, une escapade offrant une vue panoramique sur le <strong>port de Marseillan<\/strong>.<br>On peut \u00e9galement parler de diff\u00e9rentes activit\u00e9s de plein air comme le tennis, le karting ou les promenades \u00e0 v\u00e9lo.<\/p>\n<\/div>\n<\/div>\n\n\n    <\/div>\n<\/section>\n\n<section id=\"ls-section-block_b35eabfad38063c9c95647ddd6a08ac6\" class=\"ls-section  home-sixth page-three has-background-image has-parallax-child\" >\n    <div class=\"ls-section__background-image opacity-100\"><img decoding=\"async\" src=\"https:\/\/www.champsblancstest.geek-tonic.dev\/wp-content\/uploads\/2023\/09\/camping-marseillan-5-scaled.webp\" alt=\"camping marseillan 5\"><\/div>    <div class=\"container container--wide\">\n        \n\n<div class=\"wp-block-columns are-vertically-aligned-center is-layout-flex wp-container-core-columns-is-layout-9d6595d7 wp-block-columns-is-layout-flex\">\n<div class=\"wp-block-column is-vertically-aligned-center wp-block-column__text animated fadeInUp delay-100ms slow is-layout-flow wp-block-column-is-layout-flow\" style=\"flex-basis:66.66%\">\n<h2 class=\"ls__heading wp-block-heading\">Visiter Marseillan en H\u00e9rault<\/h2>\n\n\n\n<p class=\"ls-paragraph\">Des vestiges romains, premi\u00e8res traces de sa fondation pendant l\u2019Antiquit\u00e9, \u00e0 son port de plaisance et \u00e0 sa cit\u00e9 baln\u00e9aire Marseillan-Plage, Marseillan poss\u00e8de plusieurs visages tourn\u00e9s vers la tradition et la modernit\u00e9. La ville b\u00e9n\u00e9ficie du dynamisme de la communaut\u00e9 d\u2019agglom\u00e9ration <a href=\"https:\/\/www.champsblancstest.geek-tonic.dev\/fr\/herault\/sete\/\">S\u00e8te<\/a> Agglopole M\u00e9diterran\u00e9e, tout en conservant son charme d\u2019antan qui la rend si singuli\u00e8re. Ses diff\u00e9rents espaces naturels et son patrimoine architectural offrent aux visiteurs un large choix d\u2019activit\u00e9s \u00e0 r\u00e9aliser toute l\u2019ann\u00e9e.<\/p>\n\n\n\n<p class=\"ls-paragraph\">Si vous aimez la baignade et les sports nautiques, les 4 km de sable fin vous accueillent pour quelques heures de sensations fortes, de rafra\u00eechissement et d\u2019\u00e9vasion entre mer et lagune. Si vous s\u00e9journez en <a href=\"https:\/\/www.champsblancstest.geek-tonic.dev\/fr\/camping-marseillan\/\">camping Marseillan<\/a> durant l\u2019\u00e9t\u00e9, les plages proches du port (Honneur, Robinson est) sont plus anim\u00e9es.<\/p>\n<\/div>\n\n\n\n<div class=\"wp-block-column is-vertically-aligned-center is-layout-flow wp-block-column-is-layout-flow\" style=\"flex-basis:33.33%\">\n<div id=\"ls-heading ls-titre-div-block_2add7a2195fa6e16e3af37024d5f6b25\" class=\"ls-titre-div h1-like\" >\n    Voguer <br \/><strong>entre les ruelles<\/strong><\/div>\n<\/div>\n<\/div>\n\n\n    <\/div>\n<\/section>\n\n<section id=\"ls-section-block_01e59616f182f01530a78bcb3d66d1c1\" class=\"ls-section  home-first page-two\" >\n        <div class=\"container container--full\">\n        \n\n<div class=\"wp-block-columns are-vertically-aligned-center is-layout-flex wp-container-core-columns-is-layout-9d6595d7 wp-block-columns-is-layout-flex\">\n<div class=\"wp-block-column is-vertically-aligned-center is-layout-flow wp-block-column-is-layout-flow\" style=\"flex-basis:47%\">\n<h2 class=\"ls__heading wp-block-heading\">Top 5 des activit\u00e9s \u00e0 faire \u00e0 Marseillan<\/h2>\n\n\n\n<ul class=\"ls-list wp-block-list\">\n<li><strong>Marcher sur la promenade de la plage d\u2019Honneur au cr\u00e9puscule<\/strong> : Entre le port et l\u2019avenue de la M\u00e9diterran\u00e9e, une belle promenade a \u00e9t\u00e9 am\u00e9nag\u00e9e. Elle est tr\u00e8s fr\u00e9quent\u00e9e par les marcheurs, les coureurs et les familles. Le moment id\u00e9al pour la d\u00e9couvrir ? Probablement au coucher du soleil, lorsque notre ch\u00e8re \u00e9toile se cache sous les eaux de la M\u00e9diterran\u00e9e.<\/li>\n\n\n\n<li><strong>Faire une promenade en bateau sur le canal du Midi et l\u2019\u00e9tang de Thau<\/strong> : Il s\u2019agit d\u2019une des activit\u00e9s les plus populaires qui pla\u00eet \u00e0 tous les \u00e2ges et \u00e0 tous les publics. Rendez-vous sur le port pour voir les embarcations et conna\u00eetre les formules propos\u00e9es, les tarifs et les heures de d\u00e9part.<\/li>\n\n\n\n<li><strong>Admirer les bateaux sur le port de plaisance<\/strong> : P\u00e9niches, voiliers, catamarans, barques : le port de Marseillan peut accueillir jusqu\u2019\u00e0 320 bateaux. Il ne s\u2019ouvre pas sur la mer, mais sur l\u2019\u00e9tang de Thau, un d\u00e9tail qui ne vous \u00e9chappera certainement pas.<\/li>\n\n\n\n<li><strong>Louer un v\u00e9lo et emprunter les pistes cyclables<\/strong> : Plusieurs pistes cyclables ont \u00e9t\u00e9 am\u00e9nag\u00e9es sur les rives de l\u2019\u00e9tang de Thau. Louez un v\u00e9lo pour une journ\u00e9e ou une demi-journ\u00e9e et vivez les joies du cyclotourisme en famille en toute s\u00e9curit\u00e9. Une astuce : vous pouvez longer la rive nord \u00e0 l\u2019aller en faisant une halte \u00e0 M\u00e8ze, vous restaurer \u00e0 S\u00e8te et revenir par la rive sud. Les vues au retour sont fabuleuses, avec la mer \u00e0 gauche et les flamants roses qui peuplent l\u2019\u00e9tang \u00e0 droite.<\/li>\n\n\n\n<li><strong>Go\u00fbter le vermouth de la Maison Noilly Prat<\/strong> : Install\u00e9e au bord de l\u2019\u00e9tang de Thau, la Maison Noilly Prat est depuis 1913 sp\u00e9cialis\u00e9e dans la fabrication d\u2019un vin aromatis\u00e9 : le vermouth. Nul besoin d\u2019\u00eatre \u0153nologue ou amateur de vin pour appr\u00e9cier la visite et, bien entendu, la d\u00e9gustation.<\/li>\n<\/ul>\n\n\n\n<p class=\"ls-paragraph\">D\u00e9couvrez les autres<a href=\"https:\/\/www.marseillan.com\/\" target=\"_blank\" rel=\"noreferrer noopener\"> centres d\u2019int\u00e9r\u00eats de Marseillan<\/a>.<\/p>\n<\/div>\n\n\n\n<div class=\"wp-block-column is-vertically-aligned-center is-layout-flow wp-block-column-is-layout-flow\" style=\"flex-basis:53%\">\n<figure class=\"wp-block-gallery has-nested-images columns-default is-cropped animated fadeInRight slow delay-200ms wp-block-gallery-2 is-layout-flex wp-block-gallery-is-layout-flex\">\n<figure class=\"wp-block-image size-full\"><a href=\"https:\/\/www.champsblancstest.geek-tonic.dev\/wp-content\/uploads\/2023\/09\/camping-marseillan-2.webp\"><img decoding=\"async\" width=\"2394\" height=\"1624\" data-id=\"9098\" src=\"https:\/\/www.champsblancstest.geek-tonic.dev\/wp-content\/uploads\/2023\/09\/camping-marseillan-2.webp\" alt=\"camping marseillan 2\" class=\"wp-image-9098\" srcset=\"https:\/\/www.champsblancstest.geek-tonic.dev\/wp-content\/uploads\/2023\/09\/camping-marseillan-2.webp 2394w, https:\/\/www.champsblancstest.geek-tonic.dev\/wp-content\/uploads\/2023\/09\/camping-marseillan-2-300x204.webp 300w, https:\/\/www.champsblancstest.geek-tonic.dev\/wp-content\/uploads\/2023\/09\/camping-marseillan-2-1024x695.webp 1024w, https:\/\/www.champsblancstest.geek-tonic.dev\/wp-content\/uploads\/2023\/09\/camping-marseillan-2-768x521.webp 768w, https:\/\/www.champsblancstest.geek-tonic.dev\/wp-content\/uploads\/2023\/09\/camping-marseillan-2-1536x1042.webp 1536w, https:\/\/www.champsblancstest.geek-tonic.dev\/wp-content\/uploads\/2023\/09\/camping-marseillan-2-2048x1389.webp 2048w\" sizes=\"(max-width: 2394px) 100vw, 2394px\" \/><\/a><\/figure>\n<\/figure>\n<\/div>\n<\/div>\n\n\n    <\/div>\n<\/section>\n\n<section id=\"ls-section-block_9ecdf7d1ffbe0c2bd38498ad70ee1473\" class=\"ls-section  page-four animated fadeInUp slow delay-100ms\" >\n        <div class=\"container container--wide\">\n        \n\n<div id=\"ls-heading ls-titre-div-block_3ab57652d435c9072b7875c899bd83e3\" class=\"ls-titre-div aligncenter h2-like\" >\n    D\u00e9couvrez \u00e0 proximit\u00e9 de Marseillan<\/div>\n\n\n<div id=\"ls-maillage-block_372ce2ad124f5d89b778efd902344da9\" class=\"ls-maillage cta-style-normal\" data-rows=\"3\">\n    <div class=\"wp-block-columns\"><div class=\"wp-block-column\"><div class=\"ls-cta\">\n\n<a href=\"https:\/\/www.champsblancstest.geek-tonic.dev\/herault\/vias\/\" target=\"\" rel=\"noopener\" class=\"ls-cta__link\">\n\n\t<div class=\"ls-cta__image\"><img decoding=\"async\" src=\"https:\/\/www.champsblancstest.geek-tonic.dev\/wp-content\/uploads\/2023\/09\/camping-vias-plage-6-768x512.webp\" alt=\"camping vias plage 6\"><\/div>\n\t<div class=\"ls-cta__title\">\n\t\t<span class=\"champs-blancs-coin-droit\"><\/span>\n\t\tVias\t\t<span class=\"champs-blancs-arrow-down\"><\/span>\n\t<\/div>\n\n\t\n<\/a><\/div><\/div><div class=\"wp-block-column\"><div class=\"ls-cta\">\n\n<a href=\"https:\/\/www.champsblancstest.geek-tonic.dev\/herault\/pezenas\/\" target=\"\" rel=\"noopener\" class=\"ls-cta__link\">\n\n\t<div class=\"ls-cta__image\"><img decoding=\"async\" src=\"https:\/\/www.champsblancstest.geek-tonic.dev\/wp-content\/uploads\/2019\/06\/camping-Pezenas-Commanderie-Saint-Jean-2.jpg\" alt=\"Campingplatz Pezenas Commanderie Saint Jean\"><\/div>\n\t<div class=\"ls-cta__title\">\n\t\t<span class=\"champs-blancs-coin-droit\"><\/span>\n\t\tP\u00e9zenas\t\t<span class=\"champs-blancs-arrow-down\"><\/span>\n\t<\/div>\n\n\t\n<\/a><\/div><\/div><div class=\"wp-block-column\"><div class=\"ls-cta\">\n\n<a href=\"https:\/\/www.champsblancstest.geek-tonic.dev\/herault\/agde\/\" target=\"\" rel=\"noopener\" class=\"ls-cta__link\">\n\n\t<div class=\"ls-cta__image\"><img decoding=\"async\" src=\"https:\/\/www.champsblancstest.geek-tonic.dev\/wp-content\/uploads\/2023\/09\/camping-agde-5-768x512.webp\" alt=\"camping agde 5\"><\/div>\n\t<div class=\"ls-cta__title\">\n\t\t<span class=\"champs-blancs-coin-droit\"><\/span>\n\t\tAgde\t\t<span class=\"champs-blancs-arrow-down\"><\/span>\n\t<\/div>\n\n\t\n<\/a><\/div><\/div><\/div><\/div>\n\n    <\/div>\n<\/section>","protected":false},"excerpt":{"rendered":"","protected":false},"author":1,"featured_media":9088,"parent":213,"menu_order":0,"comment_status":"closed","ping_status":"closed","template":"","meta":{"_acf_changed":false,"footnotes":""},"sujet":[],"class_list":["post-221","page","type-page","status-publish","has-post-thumbnail","hentry"],"acf":[],"yoast_head":"<!-- This site is optimized with the Yoast SEO plugin v22.6 - https:\/\/yoast.com\/wordpress\/plugins\/seo\/ -->\n<title>Marseillan tourisme : Que voir, que faire \u00e0 Marseillan ?<\/title>\n<meta name=\"description\" content=\"Envie de faire du tourisme \u00e0 Marseillan ? D\u00e9couvrez les plus beaux lieux d&#039;int\u00e9r\u00eat \u00e0 voir et les meilleures activit\u00e9s \u00e0 faire \u00e0 Marseillan !\" \/>\n<meta name=\"robots\" content=\"noindex, follow, max-snippet:-1, max-image-preview:large, max-video-preview:-1\" \/>\n<meta property=\"og:locale\" content=\"fr_FR\" \/>\n<meta property=\"og:type\" content=\"article\" \/>\n<meta property=\"og:title\" content=\"Marseillan tourisme : Que voir, que faire \u00e0 Marseillan ?\" \/>\n<meta property=\"og:description\" content=\"Envie de faire du tourisme \u00e0 Marseillan ? D\u00e9couvrez les plus beaux lieux d&#039;int\u00e9r\u00eat \u00e0 voir et les meilleures activit\u00e9s \u00e0 faire \u00e0 Marseillan !\" \/>\n<meta property=\"og:url\" content=\"https:\/\/www.champsblancstest.geek-tonic.dev\/fr\/herault\/marseillan\/\" \/>\n<meta property=\"og:site_name\" content=\"Les Champs Blancs\" \/>\n<meta property=\"article:modified_time\" content=\"2023-11-07T14:49:56+00:00\" \/>\n<meta property=\"og:image\" content=\"https:\/\/www.champsblancstest.geek-tonic.dev\/wp-content\/uploads\/2023\/09\/camping-marseillan-4-scaled.webp\" \/>\n\t<meta property=\"og:image:width\" content=\"2560\" \/>\n\t<meta property=\"og:image:height\" content=\"1704\" \/>\n\t<meta property=\"og:image:type\" content=\"image\/webp\" \/>\n<meta name=\"twitter:card\" content=\"summary_large_image\" \/>\n<meta name=\"twitter:label1\" content=\"Dur\u00e9e de lecture estim\u00e9e\" \/>\n\t<meta name=\"twitter:data1\" content=\"4 minutes\" \/>\n<script type=\"application\/ld+json\" class=\"yoast-schema-graph\">{\"@context\":\"https:\/\/schema.org\",\"@graph\":[{\"@type\":\"WebPage\",\"@id\":\"https:\/\/www.champsblancstest.geek-tonic.dev\/fr\/herault\/marseillan\/\",\"url\":\"https:\/\/www.champsblancstest.geek-tonic.dev\/fr\/herault\/marseillan\/\",\"name\":\"Marseillan tourisme : Que voir, que faire \u00e0 Marseillan ?\",\"isPartOf\":{\"@id\":\"https:\/\/www.champsblancstest.geek-tonic.dev\/fr\/#website\"},\"primaryImageOfPage\":{\"@id\":\"https:\/\/www.champsblancstest.geek-tonic.dev\/fr\/herault\/marseillan\/#primaryimage\"},\"image\":{\"@id\":\"https:\/\/www.champsblancstest.geek-tonic.dev\/fr\/herault\/marseillan\/#primaryimage\"},\"thumbnailUrl\":\"https:\/\/www.champsblancstest.geek-tonic.dev\/wp-content\/uploads\/2023\/09\/camping-marseillan-4-scaled.webp\",\"datePublished\":\"2023-07-17T08:56:48+00:00\",\"dateModified\":\"2023-11-07T14:49:56+00:00\",\"description\":\"Envie de faire du tourisme \u00e0 Marseillan ? D\u00e9couvrez les plus beaux lieux d'int\u00e9r\u00eat \u00e0 voir et les meilleures activit\u00e9s \u00e0 faire \u00e0 Marseillan !\",\"breadcrumb\":{\"@id\":\"https:\/\/www.champsblancstest.geek-tonic.dev\/fr\/herault\/marseillan\/#breadcrumb\"},\"inLanguage\":\"fr-FR\",\"potentialAction\":[{\"@type\":\"ReadAction\",\"target\":[\"https:\/\/www.champsblancstest.geek-tonic.dev\/fr\/herault\/marseillan\/\"]}]},{\"@type\":\"ImageObject\",\"inLanguage\":\"fr-FR\",\"@id\":\"https:\/\/www.champsblancstest.geek-tonic.dev\/fr\/herault\/marseillan\/#primaryimage\",\"url\":\"https:\/\/www.champsblancstest.geek-tonic.dev\/wp-content\/uploads\/2023\/09\/camping-marseillan-4-scaled.webp\",\"contentUrl\":\"https:\/\/www.champsblancstest.geek-tonic.dev\/wp-content\/uploads\/2023\/09\/camping-marseillan-4-scaled.webp\",\"width\":2560,\"height\":1704,\"caption\":\"camping marseillan 4\"},{\"@type\":\"BreadcrumbList\",\"@id\":\"https:\/\/www.champsblancstest.geek-tonic.dev\/fr\/herault\/marseillan\/#breadcrumb\",\"itemListElement\":[{\"@type\":\"ListItem\",\"position\":1,\"name\":\"Camping Cap d\u2019Agde\",\"item\":\"https:\/\/www.champsblancstest.geek-tonic.dev\/fr\/\"},{\"@type\":\"ListItem\",\"position\":2,\"name\":\"D\u00e9couvrir l'Herault\",\"item\":\"https:\/\/www.champsblancstest.geek-tonic.dev\/fr\/herault\/\"},{\"@type\":\"ListItem\",\"position\":3,\"name\":\"Marseillan\"}]},{\"@type\":\"WebSite\",\"@id\":\"https:\/\/www.champsblancstest.geek-tonic.dev\/fr\/#website\",\"url\":\"https:\/\/www.champsblancstest.geek-tonic.dev\/fr\/\",\"name\":\"Les Champs Blancs\",\"description\":\"\",\"publisher\":{\"@id\":\"https:\/\/www.champsblancstest.geek-tonic.dev\/fr\/#organization\"},\"potentialAction\":[{\"@type\":\"SearchAction\",\"target\":{\"@type\":\"EntryPoint\",\"urlTemplate\":\"https:\/\/www.champsblancstest.geek-tonic.dev\/fr\/?s={search_term_string}\"},\"query-input\":\"required name=search_term_string\"}],\"inLanguage\":\"fr-FR\"},{\"@type\":\"Organization\",\"@id\":\"https:\/\/www.champsblancstest.geek-tonic.dev\/fr\/#organization\",\"name\":\"Les Champs Blancs\",\"url\":\"https:\/\/www.champsblancstest.geek-tonic.dev\/fr\/\",\"logo\":{\"@type\":\"ImageObject\",\"inLanguage\":\"fr-FR\",\"@id\":\"https:\/\/www.champsblancstest.geek-tonic.dev\/fr\/#\/schema\/logo\/image\/\",\"url\":\"https:\/\/www.champsblancstest.geek-tonic.dev\/wp-content\/uploads\/2023\/07\/logo-blanc-camping-les-champs-blancs.webp\",\"contentUrl\":\"https:\/\/www.champsblancstest.geek-tonic.dev\/wp-content\/uploads\/2023\/07\/logo-blanc-camping-les-champs-blancs.webp\",\"width\":821,\"height\":657,\"caption\":\"Les Champs Blancs\"},\"image\":{\"@id\":\"https:\/\/www.champsblancstest.geek-tonic.dev\/fr\/#\/schema\/logo\/image\/\"}}]}<\/script>\n<!-- \/ Yoast SEO plugin. -->","yoast_head_json":{"title":"Marseillan tourisme : Que voir, que faire \u00e0 Marseillan ?","description":"Envie de faire du tourisme \u00e0 Marseillan ? D\u00e9couvrez les plus beaux lieux d'int\u00e9r\u00eat \u00e0 voir et les meilleures activit\u00e9s \u00e0 faire \u00e0 Marseillan !","robots":{"index":"noindex","follow":"follow","max-snippet":"max-snippet:-1","max-image-preview":"max-image-preview:large","max-video-preview":"max-video-preview:-1"},"og_locale":"fr_FR","og_type":"article","og_title":"Marseillan tourisme : Que voir, que faire \u00e0 Marseillan ?","og_description":"Envie de faire du tourisme \u00e0 Marseillan ? D\u00e9couvrez les plus beaux lieux d'int\u00e9r\u00eat \u00e0 voir et les meilleures activit\u00e9s \u00e0 faire \u00e0 Marseillan !","og_url":"https:\/\/www.champsblancstest.geek-tonic.dev\/fr\/herault\/marseillan\/","og_site_name":"Les Champs Blancs","article_modified_time":"2023-11-07T14:49:56+00:00","og_image":[{"width":2560,"height":1704,"url":"https:\/\/www.champsblancstest.geek-tonic.dev\/wp-content\/uploads\/2023\/09\/camping-marseillan-4-scaled.webp","type":"image\/webp"}],"twitter_card":"summary_large_image","twitter_misc":{"Dur\u00e9e de lecture estim\u00e9e":"4 minutes"},"schema":{"@context":"https:\/\/schema.org","@graph":[{"@type":"WebPage","@id":"https:\/\/www.champsblancstest.geek-tonic.dev\/fr\/herault\/marseillan\/","url":"https:\/\/www.champsblancstest.geek-tonic.dev\/fr\/herault\/marseillan\/","name":"Marseillan tourisme : Que voir, que faire \u00e0 Marseillan ?","isPartOf":{"@id":"https:\/\/www.champsblancstest.geek-tonic.dev\/fr\/#website"},"primaryImageOfPage":{"@id":"https:\/\/www.champsblancstest.geek-tonic.dev\/fr\/herault\/marseillan\/#primaryimage"},"image":{"@id":"https:\/\/www.champsblancstest.geek-tonic.dev\/fr\/herault\/marseillan\/#primaryimage"},"thumbnailUrl":"https:\/\/www.champsblancstest.geek-tonic.dev\/wp-content\/uploads\/2023\/09\/camping-marseillan-4-scaled.webp","datePublished":"2023-07-17T08:56:48+00:00","dateModified":"2023-11-07T14:49:56+00:00","description":"Envie de faire du tourisme \u00e0 Marseillan ? D\u00e9couvrez les plus beaux lieux d'int\u00e9r\u00eat \u00e0 voir et les meilleures activit\u00e9s \u00e0 faire \u00e0 Marseillan !","breadcrumb":{"@id":"https:\/\/www.champsblancstest.geek-tonic.dev\/fr\/herault\/marseillan\/#breadcrumb"},"inLanguage":"fr-FR","potentialAction":[{"@type":"ReadAction","target":["https:\/\/www.champsblancstest.geek-tonic.dev\/fr\/herault\/marseillan\/"]}]},{"@type":"ImageObject","inLanguage":"fr-FR","@id":"https:\/\/www.champsblancstest.geek-tonic.dev\/fr\/herault\/marseillan\/#primaryimage","url":"https:\/\/www.champsblancstest.geek-tonic.dev\/wp-content\/uploads\/2023\/09\/camping-marseillan-4-scaled.webp","contentUrl":"https:\/\/www.champsblancstest.geek-tonic.dev\/wp-content\/uploads\/2023\/09\/camping-marseillan-4-scaled.webp","width":2560,"height":1704,"caption":"camping marseillan 4"},{"@type":"BreadcrumbList","@id":"https:\/\/www.champsblancstest.geek-tonic.dev\/fr\/herault\/marseillan\/#breadcrumb","itemListElement":[{"@type":"ListItem","position":1,"name":"Camping Cap d\u2019Agde","item":"https:\/\/www.champsblancstest.geek-tonic.dev\/fr\/"},{"@type":"ListItem","position":2,"name":"D\u00e9couvrir l'Herault","item":"https:\/\/www.champsblancstest.geek-tonic.dev\/fr\/herault\/"},{"@type":"ListItem","position":3,"name":"Marseillan"}]},{"@type":"WebSite","@id":"https:\/\/www.champsblancstest.geek-tonic.dev\/fr\/#website","url":"https:\/\/www.champsblancstest.geek-tonic.dev\/fr\/","name":"Les Champs Blancs","description":"","publisher":{"@id":"https:\/\/www.champsblancstest.geek-tonic.dev\/fr\/#organization"},"potentialAction":[{"@type":"SearchAction","target":{"@type":"EntryPoint","urlTemplate":"https:\/\/www.champsblancstest.geek-tonic.dev\/fr\/?s={search_term_string}"},"query-input":"required name=search_term_string"}],"inLanguage":"fr-FR"},{"@type":"Organization","@id":"https:\/\/www.champsblancstest.geek-tonic.dev\/fr\/#organization","name":"Les Champs Blancs","url":"https:\/\/www.champsblancstest.geek-tonic.dev\/fr\/","logo":{"@type":"ImageObject","inLanguage":"fr-FR","@id":"https:\/\/www.champsblancstest.geek-tonic.dev\/fr\/#\/schema\/logo\/image\/","url":"https:\/\/www.champsblancstest.geek-tonic.dev\/wp-content\/uploads\/2023\/07\/logo-blanc-camping-les-champs-blancs.webp","contentUrl":"https:\/\/www.champsblancstest.geek-tonic.dev\/wp-content\/uploads\/2023\/07\/logo-blanc-camping-les-champs-blancs.webp","width":821,"height":657,"caption":"Les Champs Blancs"},"image":{"@id":"https:\/\/www.champsblancstest.geek-tonic.dev\/fr\/#\/schema\/logo\/image\/"}}]}},"_links":{"self":[{"href":"https:\/\/www.champsblancstest.geek-tonic.dev\/fr\/wp-json\/wp\/v2\/pages\/221","targetHints":{"allow":["GET"]}}],"collection":[{"href":"https:\/\/www.champsblancstest.geek-tonic.dev\/fr\/wp-json\/wp\/v2\/pages"}],"about":[{"href":"https:\/\/www.champsblancstest.geek-tonic.dev\/fr\/wp-json\/wp\/v2\/types\/page"}],"author":[{"embeddable":true,"href":"https:\/\/www.champsblancstest.geek-tonic.dev\/fr\/wp-json\/wp\/v2\/users\/1"}],"replies":[{"embeddable":true,"href":"https:\/\/www.champsblancstest.geek-tonic.dev\/fr\/wp-json\/wp\/v2\/comments?post=221"}],"version-history":[{"count":13,"href":"https:\/\/www.champsblancstest.geek-tonic.dev\/fr\/wp-json\/wp\/v2\/pages\/221\/revisions"}],"predecessor-version":[{"id":15684,"href":"https:\/\/www.champsblancstest.geek-tonic.dev\/fr\/wp-json\/wp\/v2\/pages\/221\/revisions\/15684"}],"up":[{"embeddable":true,"href":"https:\/\/www.champsblancstest.geek-tonic.dev\/fr\/wp-json\/wp\/v2\/pages\/213"}],"wp:featuredmedia":[{"embeddable":true,"href":"https:\/\/www.champsblancstest.geek-tonic.dev\/fr\/wp-json\/wp\/v2\/media\/9088"}],"wp:attachment":[{"href":"https:\/\/www.champsblancstest.geek-tonic.dev\/fr\/wp-json\/wp\/v2\/media?parent=221"}],"wp:term":[{"taxonomy":"sujet","embeddable":true,"href":"https:\/\/www.champsblancstest.geek-tonic.dev\/fr\/wp-json\/wp\/v2\/sujet?post=221"}],"curies":[{"name":"wp","href":"https:\/\/api.w.org\/{rel}","templated":true}]}}