{"id":223,"date":"2023-07-17T10:56:59","date_gmt":"2023-07-17T08:56:59","guid":{"rendered":"https:\/\/www.champsblancstest.geek-tonic.dev\/?page_id=223"},"modified":"2023-10-30T10:26:37","modified_gmt":"2023-10-30T09:26:37","slug":"beziers","status":"publish","type":"page","link":"https:\/\/www.champsblancstest.geek-tonic.dev\/fr\/herault\/beziers\/","title":{"rendered":"B\u00e9ziers"},"content":{"rendered":"<section id=\"ls-section-block_407f8857cd1174a343afe8f51a94029b\" class=\"ls-section  home-first page-one\" >\n        <div class=\"container container--full\">\n        \n\n<div class=\"wp-block-columns are-vertically-aligned-center is-layout-flex wp-container-core-columns-is-layout-9d6595d7 wp-block-columns-is-layout-flex\">\n<div class=\"wp-block-column is-vertically-aligned-center is-layout-flow wp-block-column-is-layout-flow\" style=\"flex-basis:53%\"><p><iframe width=\"100%\" height=\"480\" src=\"https:\/\/www.youtube.com\/embed\/3l42EmbX8CU\" title=\"B\u00e9ziers, France\" frameborder=\"0\" allow=\"accelerometer; autoplay; clipboard-write; encrypted-media; gyroscope; picture-in-picture; web-share\" allowfullscreen><\/iframe><\/p>\n<\/div>\n\n\n\n<div class=\"wp-block-column is-vertically-aligned-center is-layout-flow wp-block-column-is-layout-flow\" style=\"flex-basis:47%\">\n<h1 class=\"ls__heading wp-block-heading\">Tourisme B\u00e9ziers<\/h1>\n\n\n\n<p class=\"ls-paragraph\">En s\u00e9journant \u00e0 <strong>30 minutes \u00e0 peine du centre-ville de B\u00e9ziers<\/strong> en r\u00e9gion Languedoc Roussillon (en Occitanie), non loin de Valras, ne manquez pas de visiter celle qui est souvent surnomm\u00e9e la S\u00e9ville fran\u00e7aise pour l\u2019importance de ses ar\u00e8nes de B\u00e9ziers.<br><br>Situ\u00e9 \u00e0 moins de 25km de la ville, le <a href=\"https:\/\/www.champsblancstest.geek-tonic.dev\/fr\/beziers-camping\/\">camping B\u00e9ziers<\/a> vous permettra de profiter pleinement de vos vacances.<br><br>Les <strong>amateurs de cyclisme<\/strong> peuvent aussi la rejoindre en 1h30 \u00e0 v\u00e9lo par les petites routes !<\/p>\n<\/div>\n<\/div>\n\n\n    <\/div>\n<\/section>\n\n<section id=\"ls-section-block_9718fa9d0c184d97257e1f879b188d29\" class=\"ls-section  home-sixth page-three has-background-image has-parallax-child\" >\n    <div class=\"ls-section__background-image opacity-100\"><img decoding=\"async\" src=\"https:\/\/www.champsblancstest.geek-tonic.dev\/wp-content\/uploads\/2023\/09\/camping-vers-beziers-scaled.webp\" alt=\"camping vers beziers\"><\/div>    <div class=\"container container--wide\">\n        \n\n<div class=\"wp-block-columns are-vertically-aligned-center is-layout-flex wp-container-core-columns-is-layout-9d6595d7 wp-block-columns-is-layout-flex\">\n<div class=\"wp-block-column is-vertically-aligned-center wp-block-column__text animated fadeInUp delay-100ms slow is-layout-flow wp-block-column-is-layout-flow\" style=\"flex-basis:66.66%\">\n<h2 class=\"ls__heading wp-block-heading\">D\u00e9couvrez B\u00e9ziers<\/h2>\n\n\n\n<p class=\"ls-paragraph\"><strong>Ville aux neuf \u00e9cluses<\/strong>, travers\u00e9e par le Canal du Midi, B\u00e9ziers est riche d\u2019un incroyable patrimoine architectural \u00e0 d\u00e9couvrir absolument si vous faites du <a href=\"https:\/\/www.champsblancstest.geek-tonic.dev\/fr\/herault\/\">tourisme dans l\u2019H\u00e9rault<\/a>. Autour de sa somptueuse cath\u00e9drale gothique dont la silhouette signale la ville de loin, le vieux B\u00e9ziers s\u2019est construit sur la berge de l\u2019Orb, \u00e0 l\u2019abri derri\u00e8re de hauts remparts \u00e0 visiter lors de votre s\u00e9jour.<\/p>\n\n\n\n<p class=\"ls-paragraph\">Seconde ville de <strong>l\u2019H\u00e9rault apr\u00e8s Montpellier<\/strong>, <a href=\"https:\/\/www.ville-beziers.fr\/\" target=\"_blank\" rel=\"noreferrer noopener\">B\u00e9ziers<\/a> est r\u00e9put\u00e9e pour sa culture et ses f\u00e9rias, mais aussi pour ses vins. \u00c0 quelques minutes de plages de la M\u00e9diterran\u00e9e, la cit\u00e9 a su pr\u00e9server l\u2019\u00e2me de ses quartiers et la beaut\u00e9 de ses \u00e9difices class\u00e9s : ses \u00e9l\u00e9gants h\u00f4tels particuliers du 19e si\u00e8cle, ses venelles m\u00e9di\u00e9vales et son pont-vieux, ses ar\u00e8nes de la toute fin du 19e si\u00e8cle, <strong>ses halles Baltard<\/strong>, son incroyable pont canal ou encore les vestiges antiques de son th\u00e9\u00e2tre romain.<\/p>\n\n\n\n<p class=\"ls-paragraph\">Ouvrages d\u2019art uniques et spectaculaires, les neuf \u00e9cluses de Fonseranes sont class\u00e9es au <strong>patrimoine mondial de l\u2019Unesco<\/strong>. Elles constituent le troisi\u00e8me site le plus visit\u00e9 du <strong>Languedoc avec le Pont du Gard<\/strong> et la cit\u00e9 m\u00e9di\u00e9vale de <strong>Carcassonne<\/strong>. Pour venir \u00e0 B\u00e9ziers vous pourrez choisir l\u2019a\u00e9roport de B\u00e9ziers. Vous pourrez \u00e9galement visiter le palais des congr\u00e8s non loin de la mairie de B\u00e9ziers.<\/p>\n<\/div>\n\n\n\n<div class=\"wp-block-column is-vertically-aligned-center is-layout-flow wp-block-column-is-layout-flow\" style=\"flex-basis:33.33%\">\n<div id=\"ls-heading ls-titre-div-block_15e275aa299ce8095d4f0a2cc30ac3da\" class=\"ls-titre-div h1-like\" >\n    D\u00e9couvrez<br \/><strong>la ville ensoleill\u00e9e<\/strong><\/div>\n<\/div>\n<\/div>\n\n\n    <\/div>\n<\/section>\n\n<section id=\"ls-section-block_eccd6c3041fce78464c7709753cdb6d9\" class=\"ls-section  home-first page-two\" >\n        <div class=\"container container--full\">\n        \n\n<div class=\"wp-block-columns are-vertically-aligned-center is-layout-flex wp-container-core-columns-is-layout-9d6595d7 wp-block-columns-is-layout-flex\">\n<div class=\"wp-block-column is-vertically-aligned-center is-layout-flow wp-block-column-is-layout-flow\" style=\"flex-basis:47%\">\n<h2 class=\"ls__heading wp-block-heading\">Que faire \u00e0 B\u00e9ziers ?<\/h2>\n\n\n\n<ul class=\"ls-list wp-block-list\">\n<li><strong>Visiter le c\u0153ur historique de la ville<\/strong> : la cath\u00e9drale, le jardin des \u00e9v\u00eaques, les ruelles commer\u00e7antes tout \u00e7a tout proche de votre <strong>camping B\u00e9ziers pas che<\/strong>r.<\/li>\n\n\n\n<li>Monter en haut du clocher central de la <strong>cath\u00e9drale Saint-Nazaire et Saint-Cels<\/strong>e, et profiter d\u2019une vue incroyable sur la cit\u00e9, l\u2019Orb et le Canal du Midi.<\/li>\n\n\n\n<li>Admirer le passage des bateaux dans les <strong>neuf \u00e9cluses de Fonseranes<\/strong> et se balader le long du canal.<\/li>\n\n\n\n<li><strong>Se promener sur le plateau des po\u00e8tes<\/strong> : poumon vert de la ville, ces 5 hectares de jardin inaugur\u00e9s \u00e0 la fin du 19e si\u00e8cle relient le th\u00e9\u00e2tre municipal \u00e0 la gare de B\u00e9ziers<\/li>\n\n\n\n<li><strong>Longer les berges du pont canal<\/strong>, qui permet aux navires d\u2019enjamber le cours de l\u2019Orb \u00e0 seulement quelques kilom\u00e8tres de votre <strong>camping pr\u00e8s de B\u00e9ziers<\/strong>.<\/li>\n\n\n\n<li><strong>Fl\u00e2ner sur le march\u00e9 aux fleurs<\/strong> des all\u00e9es Paul-Riquet, face au th\u00e9\u00e2tre municipal (les vendredis).<\/li>\n\n\n\n<li><strong>Se promener au cimeti\u00e8re vieux<\/strong>, le \u00ab P\u00e8re Lachaise \u00bb de B\u00e9ziers, entre les mausol\u00e9es exceptionnels, les calmes all\u00e9es bord\u00e9es de cypr\u00e8s, la vue sur les montagnes et la statue de Notre-Dame-du-Moucadou.<\/li>\n\n\n\n<li><strong>Participer \u00e0 la f\u00e9ria de B\u00e9ziers<\/strong> au mois d\u2019ao\u00fbt, entre bodegas, casitas, village \u00e9questre, spectacles, flamenco et S\u00e9villane. Cette feria est reconnue dans tout le d\u00e9partement de l\u2019H\u00e9rault.<\/li>\n\n\n\n<li><strong>Visiter les ar\u00e8nes<\/strong> (tous les mercredis matin en juillet et en ao\u00fbt) pour d\u00e9couvrir leur histoire et leurs coulisses.<\/li>\n\n\n\n<li>D\u00e9couvrir les sites majeurs de la ville en <strong>petit train touristique<\/strong> : du c\u0153ur historique aux ar\u00e8nes en passant par les \u00e9cluses.<\/li>\n<\/ul>\n<\/div>\n\n\n\n<div class=\"wp-block-column is-vertically-aligned-center is-layout-flow wp-block-column-is-layout-flow\" style=\"flex-basis:53%\">\n<figure class=\"wp-block-gallery has-nested-images columns-default is-cropped animated fadeInRight slow delay-200ms wp-block-gallery-1 is-layout-flex wp-block-gallery-is-layout-flex\">\n<figure class=\"wp-block-image size-full\"><a href=\"https:\/\/www.champsblancstest.geek-tonic.dev\/wp-content\/uploads\/2023\/09\/camping-beziers-herault.webp\"><img decoding=\"async\" width=\"1440\" height=\"1920\" data-id=\"8813\" src=\"https:\/\/www.champsblancstest.geek-tonic.dev\/wp-content\/uploads\/2023\/09\/camping-beziers-herault.webp\" alt=\"camping beziers herault\" class=\"wp-image-8813\" srcset=\"https:\/\/www.champsblancstest.geek-tonic.dev\/wp-content\/uploads\/2023\/09\/camping-beziers-herault.webp 1440w, https:\/\/www.champsblancstest.geek-tonic.dev\/wp-content\/uploads\/2023\/09\/camping-beziers-herault-225x300.webp 225w, https:\/\/www.champsblancstest.geek-tonic.dev\/wp-content\/uploads\/2023\/09\/camping-beziers-herault-768x1024.webp 768w, https:\/\/www.champsblancstest.geek-tonic.dev\/wp-content\/uploads\/2023\/09\/camping-beziers-herault-1152x1536.webp 1152w\" sizes=\"(max-width: 1440px) 100vw, 1440px\" \/><\/a><\/figure>\n<\/figure>\n<\/div>\n<\/div>\n\n\n    <\/div>\n<\/section>\n\n<section id=\"ls-section-block_405e7ad2e322c8b0c4cee730c8d92dbe\" class=\"ls-section  page-four animated fadeInUp slow delay-100ms\" >\n        <div class=\"container container--wide\">\n        \n\n<div id=\"ls-heading ls-titre-div-block_62f799a139e9384d50fe100cabb5cfa1\" class=\"ls-titre-div aligncenter h2-like\" >\n    D\u00e9couvrez \u00e9galement aux alentours de B\u00e9ziers<\/div>\n\n\n<div id=\"ls-maillage-block_05340a3c5fb6314facfd809cbaff9673\" class=\"ls-maillage cta-style-normal\" data-rows=\"3\">\n    <div class=\"wp-block-columns\"><div class=\"wp-block-column\"><div class=\"ls-cta\">\n\n<a href=\"https:\/\/www.champsblancstest.geek-tonic.dev\/herault\/montpellier\/\" target=\"\" rel=\"noopener\" class=\"ls-cta__link\">\n\n\t<div class=\"ls-cta__image\"><img decoding=\"async\" src=\"https:\/\/www.champsblancstest.geek-tonic.dev\/wp-content\/uploads\/2023\/09\/camping-montpellier7-768x512.webp\" alt=\"camping montpellier7\"><\/div>\n\t<div class=\"ls-cta__title\">\n\t\t<span class=\"champs-blancs-coin-droit\"><\/span>\n\t\tMontpellier\t\t<span class=\"champs-blancs-arrow-down\"><\/span>\n\t<\/div>\n\n\t\n<\/a><\/div><\/div><div class=\"wp-block-column\"><div class=\"ls-cta\">\n\n<a href=\"https:\/\/www.champsblancstest.geek-tonic.dev\/herault\/sete\/\" target=\"\" rel=\"noopener\" class=\"ls-cta__link\">\n\n\t<div class=\"ls-cta__image\"><img decoding=\"async\" src=\"https:\/\/www.champsblancstest.geek-tonic.dev\/wp-content\/uploads\/2023\/09\/camping-sete8-768x409.webp\" alt=\"camping s\u00e8te8\"><\/div>\n\t<div class=\"ls-cta__title\">\n\t\t<span class=\"champs-blancs-coin-droit\"><\/span>\n\t\tS\u00e8te\t\t<span class=\"champs-blancs-arrow-down\"><\/span>\n\t<\/div>\n\n\t\n<\/a><\/div><\/div><div class=\"wp-block-column\"><div class=\"ls-cta\">\n\n<a href=\"https:\/\/www.champsblancstest.geek-tonic.dev\/herault\/pezenas\/\" target=\"\" rel=\"noopener\" class=\"ls-cta__link\">\n\n\t<div class=\"ls-cta__image\"><img decoding=\"async\" src=\"https:\/\/www.champsblancstest.geek-tonic.dev\/wp-content\/uploads\/2019\/06\/camping-Pezenas-Commanderie-Saint-Jean-2.jpg\" alt=\"Campingplatz Pezenas Commanderie Saint Jean\"><\/div>\n\t<div class=\"ls-cta__title\">\n\t\t<span class=\"champs-blancs-coin-droit\"><\/span>\n\t\tP\u00e9zenas\t\t<span class=\"champs-blancs-arrow-down\"><\/span>\n\t<\/div>\n\n\t\n<\/a><\/div><\/div><\/div><\/div>\n\n    <\/div>\n<\/section>","protected":false},"excerpt":{"rendered":"","protected":false},"author":1,"featured_media":8818,"parent":213,"menu_order":0,"comment_status":"closed","ping_status":"closed","template":"","meta":{"_acf_changed":false,"footnotes":""},"sujet":[],"class_list":["post-223","page","type-page","status-publish","has-post-thumbnail","hentry"],"acf":[],"yoast_head":"<!-- This site is optimized with the Yoast SEO plugin v22.6 - https:\/\/yoast.com\/wordpress\/plugins\/seo\/ -->\n<title>B\u00e9ziers Tourisme | Que voir, que faire \u00e0 B\u00e9ziers : les incontournables<\/title>\n<meta name=\"description\" content=\"Envie de faire du tourisme \u00e0 B\u00e9ziers ? D\u00e9couvrez les plus beaux lieux d&#039;int\u00e9r\u00eat \u00e0 voir et les meilleures activit\u00e9s \u00e0 faire \u00e0 B\u00e9ziers !\" \/>\n<meta name=\"robots\" content=\"noindex, follow, max-snippet:-1, max-image-preview:large, max-video-preview:-1\" \/>\n<meta property=\"og:locale\" content=\"fr_FR\" \/>\n<meta property=\"og:type\" content=\"article\" \/>\n<meta property=\"og:title\" content=\"B\u00e9ziers Tourisme | Que voir, que faire \u00e0 B\u00e9ziers : les incontournables\" \/>\n<meta property=\"og:description\" content=\"Envie de faire du tourisme \u00e0 B\u00e9ziers ? D\u00e9couvrez les plus beaux lieux d&#039;int\u00e9r\u00eat \u00e0 voir et les meilleures activit\u00e9s \u00e0 faire \u00e0 B\u00e9ziers !\" \/>\n<meta property=\"og:url\" content=\"https:\/\/www.champsblancstest.geek-tonic.dev\/fr\/herault\/beziers\/\" \/>\n<meta property=\"og:site_name\" content=\"Les Champs Blancs\" \/>\n<meta property=\"article:modified_time\" content=\"2023-10-30T09:26:37+00:00\" \/>\n<meta property=\"og:image\" content=\"https:\/\/www.champsblancstest.geek-tonic.dev\/wp-content\/uploads\/2023\/09\/camping-pres-de-beziers-scaled-e1695632271571.webp\" \/>\n\t<meta property=\"og:image:width\" content=\"2560\" \/>\n\t<meta property=\"og:image:height\" content=\"768\" \/>\n\t<meta property=\"og:image:type\" content=\"image\/webp\" \/>\n<meta name=\"twitter:card\" content=\"summary_large_image\" \/>\n<meta name=\"twitter:label1\" content=\"Dur\u00e9e de lecture estim\u00e9e\" \/>\n\t<meta name=\"twitter:data1\" content=\"3 minutes\" \/>\n<script type=\"application\/ld+json\" class=\"yoast-schema-graph\">{\"@context\":\"https:\/\/schema.org\",\"@graph\":[{\"@type\":\"WebPage\",\"@id\":\"https:\/\/www.champsblancstest.geek-tonic.dev\/fr\/herault\/beziers\/\",\"url\":\"https:\/\/www.champsblancstest.geek-tonic.dev\/fr\/herault\/beziers\/\",\"name\":\"B\u00e9ziers Tourisme | Que voir, que faire \u00e0 B\u00e9ziers : les incontournables\",\"isPartOf\":{\"@id\":\"https:\/\/www.champsblancstest.geek-tonic.dev\/fr\/#website\"},\"primaryImageOfPage\":{\"@id\":\"https:\/\/www.champsblancstest.geek-tonic.dev\/fr\/herault\/beziers\/#primaryimage\"},\"image\":{\"@id\":\"https:\/\/www.champsblancstest.geek-tonic.dev\/fr\/herault\/beziers\/#primaryimage\"},\"thumbnailUrl\":\"https:\/\/www.champsblancstest.geek-tonic.dev\/wp-content\/uploads\/2023\/09\/camping-pres-de-beziers-scaled-e1695632271571.webp\",\"datePublished\":\"2023-07-17T08:56:59+00:00\",\"dateModified\":\"2023-10-30T09:26:37+00:00\",\"description\":\"Envie de faire du tourisme \u00e0 B\u00e9ziers ? D\u00e9couvrez les plus beaux lieux d'int\u00e9r\u00eat \u00e0 voir et les meilleures activit\u00e9s \u00e0 faire \u00e0 B\u00e9ziers !\",\"breadcrumb\":{\"@id\":\"https:\/\/www.champsblancstest.geek-tonic.dev\/fr\/herault\/beziers\/#breadcrumb\"},\"inLanguage\":\"fr-FR\",\"potentialAction\":[{\"@type\":\"ReadAction\",\"target\":[\"https:\/\/www.champsblancstest.geek-tonic.dev\/fr\/herault\/beziers\/\"]}]},{\"@type\":\"ImageObject\",\"inLanguage\":\"fr-FR\",\"@id\":\"https:\/\/www.champsblancstest.geek-tonic.dev\/fr\/herault\/beziers\/#primaryimage\",\"url\":\"https:\/\/www.champsblancstest.geek-tonic.dev\/wp-content\/uploads\/2023\/09\/camping-pres-de-beziers-scaled-e1695632271571.webp\",\"contentUrl\":\"https:\/\/www.champsblancstest.geek-tonic.dev\/wp-content\/uploads\/2023\/09\/camping-pres-de-beziers-scaled-e1695632271571.webp\",\"width\":2560,\"height\":768,\"caption\":\"camping pres de beziers\"},{\"@type\":\"BreadcrumbList\",\"@id\":\"https:\/\/www.champsblancstest.geek-tonic.dev\/fr\/herault\/beziers\/#breadcrumb\",\"itemListElement\":[{\"@type\":\"ListItem\",\"position\":1,\"name\":\"Camping Cap d\u2019Agde\",\"item\":\"https:\/\/www.champsblancstest.geek-tonic.dev\/fr\/\"},{\"@type\":\"ListItem\",\"position\":2,\"name\":\"D\u00e9couvrir l'Herault\",\"item\":\"https:\/\/www.champsblancstest.geek-tonic.dev\/fr\/herault\/\"},{\"@type\":\"ListItem\",\"position\":3,\"name\":\"Visite B\u00e9ziers\"}]},{\"@type\":\"WebSite\",\"@id\":\"https:\/\/www.champsblancstest.geek-tonic.dev\/fr\/#website\",\"url\":\"https:\/\/www.champsblancstest.geek-tonic.dev\/fr\/\",\"name\":\"Les Champs Blancs\",\"description\":\"\",\"publisher\":{\"@id\":\"https:\/\/www.champsblancstest.geek-tonic.dev\/fr\/#organization\"},\"potentialAction\":[{\"@type\":\"SearchAction\",\"target\":{\"@type\":\"EntryPoint\",\"urlTemplate\":\"https:\/\/www.champsblancstest.geek-tonic.dev\/fr\/?s={search_term_string}\"},\"query-input\":\"required name=search_term_string\"}],\"inLanguage\":\"fr-FR\"},{\"@type\":\"Organization\",\"@id\":\"https:\/\/www.champsblancstest.geek-tonic.dev\/fr\/#organization\",\"name\":\"Les Champs Blancs\",\"url\":\"https:\/\/www.champsblancstest.geek-tonic.dev\/fr\/\",\"logo\":{\"@type\":\"ImageObject\",\"inLanguage\":\"fr-FR\",\"@id\":\"https:\/\/www.champsblancstest.geek-tonic.dev\/fr\/#\/schema\/logo\/image\/\",\"url\":\"https:\/\/www.champsblancstest.geek-tonic.dev\/wp-content\/uploads\/2023\/07\/logo-blanc-camping-les-champs-blancs.webp\",\"contentUrl\":\"https:\/\/www.champsblancstest.geek-tonic.dev\/wp-content\/uploads\/2023\/07\/logo-blanc-camping-les-champs-blancs.webp\",\"width\":821,\"height\":657,\"caption\":\"Les Champs Blancs\"},\"image\":{\"@id\":\"https:\/\/www.champsblancstest.geek-tonic.dev\/fr\/#\/schema\/logo\/image\/\"}}]}<\/script>\n<!-- \/ Yoast SEO plugin. -->","yoast_head_json":{"title":"B\u00e9ziers Tourisme | Que voir, que faire \u00e0 B\u00e9ziers : les incontournables","description":"Envie de faire du tourisme \u00e0 B\u00e9ziers ? D\u00e9couvrez les plus beaux lieux d'int\u00e9r\u00eat \u00e0 voir et les meilleures activit\u00e9s \u00e0 faire \u00e0 B\u00e9ziers !","robots":{"index":"noindex","follow":"follow","max-snippet":"max-snippet:-1","max-image-preview":"max-image-preview:large","max-video-preview":"max-video-preview:-1"},"og_locale":"fr_FR","og_type":"article","og_title":"B\u00e9ziers Tourisme | Que voir, que faire \u00e0 B\u00e9ziers : les incontournables","og_description":"Envie de faire du tourisme \u00e0 B\u00e9ziers ? D\u00e9couvrez les plus beaux lieux d'int\u00e9r\u00eat \u00e0 voir et les meilleures activit\u00e9s \u00e0 faire \u00e0 B\u00e9ziers !","og_url":"https:\/\/www.champsblancstest.geek-tonic.dev\/fr\/herault\/beziers\/","og_site_name":"Les Champs Blancs","article_modified_time":"2023-10-30T09:26:37+00:00","og_image":[{"width":2560,"height":768,"url":"https:\/\/www.champsblancstest.geek-tonic.dev\/wp-content\/uploads\/2023\/09\/camping-pres-de-beziers-scaled-e1695632271571.webp","type":"image\/webp"}],"twitter_card":"summary_large_image","twitter_misc":{"Dur\u00e9e de lecture estim\u00e9e":"3 minutes"},"schema":{"@context":"https:\/\/schema.org","@graph":[{"@type":"WebPage","@id":"https:\/\/www.champsblancstest.geek-tonic.dev\/fr\/herault\/beziers\/","url":"https:\/\/www.champsblancstest.geek-tonic.dev\/fr\/herault\/beziers\/","name":"B\u00e9ziers Tourisme | Que voir, que faire \u00e0 B\u00e9ziers : les incontournables","isPartOf":{"@id":"https:\/\/www.champsblancstest.geek-tonic.dev\/fr\/#website"},"primaryImageOfPage":{"@id":"https:\/\/www.champsblancstest.geek-tonic.dev\/fr\/herault\/beziers\/#primaryimage"},"image":{"@id":"https:\/\/www.champsblancstest.geek-tonic.dev\/fr\/herault\/beziers\/#primaryimage"},"thumbnailUrl":"https:\/\/www.champsblancstest.geek-tonic.dev\/wp-content\/uploads\/2023\/09\/camping-pres-de-beziers-scaled-e1695632271571.webp","datePublished":"2023-07-17T08:56:59+00:00","dateModified":"2023-10-30T09:26:37+00:00","description":"Envie de faire du tourisme \u00e0 B\u00e9ziers ? D\u00e9couvrez les plus beaux lieux d'int\u00e9r\u00eat \u00e0 voir et les meilleures activit\u00e9s \u00e0 faire \u00e0 B\u00e9ziers !","breadcrumb":{"@id":"https:\/\/www.champsblancstest.geek-tonic.dev\/fr\/herault\/beziers\/#breadcrumb"},"inLanguage":"fr-FR","potentialAction":[{"@type":"ReadAction","target":["https:\/\/www.champsblancstest.geek-tonic.dev\/fr\/herault\/beziers\/"]}]},{"@type":"ImageObject","inLanguage":"fr-FR","@id":"https:\/\/www.champsblancstest.geek-tonic.dev\/fr\/herault\/beziers\/#primaryimage","url":"https:\/\/www.champsblancstest.geek-tonic.dev\/wp-content\/uploads\/2023\/09\/camping-pres-de-beziers-scaled-e1695632271571.webp","contentUrl":"https:\/\/www.champsblancstest.geek-tonic.dev\/wp-content\/uploads\/2023\/09\/camping-pres-de-beziers-scaled-e1695632271571.webp","width":2560,"height":768,"caption":"camping pres de beziers"},{"@type":"BreadcrumbList","@id":"https:\/\/www.champsblancstest.geek-tonic.dev\/fr\/herault\/beziers\/#breadcrumb","itemListElement":[{"@type":"ListItem","position":1,"name":"Camping Cap d\u2019Agde","item":"https:\/\/www.champsblancstest.geek-tonic.dev\/fr\/"},{"@type":"ListItem","position":2,"name":"D\u00e9couvrir l'Herault","item":"https:\/\/www.champsblancstest.geek-tonic.dev\/fr\/herault\/"},{"@type":"ListItem","position":3,"name":"Visite B\u00e9ziers"}]},{"@type":"WebSite","@id":"https:\/\/www.champsblancstest.geek-tonic.dev\/fr\/#website","url":"https:\/\/www.champsblancstest.geek-tonic.dev\/fr\/","name":"Les Champs Blancs","description":"","publisher":{"@id":"https:\/\/www.champsblancstest.geek-tonic.dev\/fr\/#organization"},"potentialAction":[{"@type":"SearchAction","target":{"@type":"EntryPoint","urlTemplate":"https:\/\/www.champsblancstest.geek-tonic.dev\/fr\/?s={search_term_string}"},"query-input":"required name=search_term_string"}],"inLanguage":"fr-FR"},{"@type":"Organization","@id":"https:\/\/www.champsblancstest.geek-tonic.dev\/fr\/#organization","name":"Les Champs Blancs","url":"https:\/\/www.champsblancstest.geek-tonic.dev\/fr\/","logo":{"@type":"ImageObject","inLanguage":"fr-FR","@id":"https:\/\/www.champsblancstest.geek-tonic.dev\/fr\/#\/schema\/logo\/image\/","url":"https:\/\/www.champsblancstest.geek-tonic.dev\/wp-content\/uploads\/2023\/07\/logo-blanc-camping-les-champs-blancs.webp","contentUrl":"https:\/\/www.champsblancstest.geek-tonic.dev\/wp-content\/uploads\/2023\/07\/logo-blanc-camping-les-champs-blancs.webp","width":821,"height":657,"caption":"Les Champs Blancs"},"image":{"@id":"https:\/\/www.champsblancstest.geek-tonic.dev\/fr\/#\/schema\/logo\/image\/"}}]}},"_links":{"self":[{"href":"https:\/\/www.champsblancstest.geek-tonic.dev\/fr\/wp-json\/wp\/v2\/pages\/223","targetHints":{"allow":["GET"]}}],"collection":[{"href":"https:\/\/www.champsblancstest.geek-tonic.dev\/fr\/wp-json\/wp\/v2\/pages"}],"about":[{"href":"https:\/\/www.champsblancstest.geek-tonic.dev\/fr\/wp-json\/wp\/v2\/types\/page"}],"author":[{"embeddable":true,"href":"https:\/\/www.champsblancstest.geek-tonic.dev\/fr\/wp-json\/wp\/v2\/users\/1"}],"replies":[{"embeddable":true,"href":"https:\/\/www.champsblancstest.geek-tonic.dev\/fr\/wp-json\/wp\/v2\/comments?post=223"}],"version-history":[{"count":16,"href":"https:\/\/www.champsblancstest.geek-tonic.dev\/fr\/wp-json\/wp\/v2\/pages\/223\/revisions"}],"predecessor-version":[{"id":10043,"href":"https:\/\/www.champsblancstest.geek-tonic.dev\/fr\/wp-json\/wp\/v2\/pages\/223\/revisions\/10043"}],"up":[{"embeddable":true,"href":"https:\/\/www.champsblancstest.geek-tonic.dev\/fr\/wp-json\/wp\/v2\/pages\/213"}],"wp:featuredmedia":[{"embeddable":true,"href":"https:\/\/www.champsblancstest.geek-tonic.dev\/fr\/wp-json\/wp\/v2\/media\/8818"}],"wp:attachment":[{"href":"https:\/\/www.champsblancstest.geek-tonic.dev\/fr\/wp-json\/wp\/v2\/media?parent=223"}],"wp:term":[{"taxonomy":"sujet","embeddable":true,"href":"https:\/\/www.champsblancstest.geek-tonic.dev\/fr\/wp-json\/wp\/v2\/sujet?post=223"}],"curies":[{"name":"wp","href":"https:\/\/api.w.org\/{rel}","templated":true}]}}