{"id":241,"date":"2023-07-17T10:58:50","date_gmt":"2023-07-17T08:58:50","guid":{"rendered":"https:\/\/www.champsblancstest.geek-tonic.dev\/?page_id=241"},"modified":"2023-10-30T10:27:02","modified_gmt":"2023-10-30T09:27:02","slug":"camping-la-tamarissiere","status":"publish","type":"page","link":"https:\/\/www.champsblancstest.geek-tonic.dev\/fr\/camping-la-tamarissiere\/","title":{"rendered":"La Tamarissi\u00e8re camping"},"content":{"rendered":"<section id=\"ls-section-block_63a6a5256e291597168ae11e91ba4f41\" class=\"ls-section  home-first page-one\" >\n        <div class=\"container container--full\">\n        \n\n<div class=\"wp-block-columns are-vertically-aligned-center is-layout-flex wp-container-core-columns-is-layout-9d6595d7 wp-block-columns-is-layout-flex\">\n<div class=\"wp-block-column is-vertically-aligned-center is-layout-flow wp-block-column-is-layout-flow\" style=\"flex-basis:53%\">\n<figure class=\"wp-block-gallery has-nested-images columns-default is-cropped animated fadeInLeft slow wp-block-gallery-1 is-layout-flex wp-block-gallery-is-layout-flex\">\n<figure class=\"wp-block-image size-full\"><a href=\"https:\/\/www.champsblancstest.geek-tonic.dev\/wp-content\/uploads\/2023\/10\/camping-Tamarissiere-1-scaled.webp\"><img decoding=\"async\" width=\"2560\" height=\"1714\" data-id=\"9735\" src=\"https:\/\/www.champsblancstest.geek-tonic.dev\/wp-content\/uploads\/2023\/10\/camping-Tamarissiere-1-scaled.webp\" alt=\"camping Tamarissiere 1\" class=\"wp-image-9735\" srcset=\"https:\/\/www.champsblancstest.geek-tonic.dev\/wp-content\/uploads\/2023\/10\/camping-Tamarissiere-1-scaled.webp 2560w, https:\/\/www.champsblancstest.geek-tonic.dev\/wp-content\/uploads\/2023\/10\/camping-Tamarissiere-1-300x201.webp 300w, https:\/\/www.champsblancstest.geek-tonic.dev\/wp-content\/uploads\/2023\/10\/camping-Tamarissiere-1-1024x685.webp 1024w, https:\/\/www.champsblancstest.geek-tonic.dev\/wp-content\/uploads\/2023\/10\/camping-Tamarissiere-1-768x514.webp 768w, https:\/\/www.champsblancstest.geek-tonic.dev\/wp-content\/uploads\/2023\/10\/camping-Tamarissiere-1-1536x1028.webp 1536w, https:\/\/www.champsblancstest.geek-tonic.dev\/wp-content\/uploads\/2023\/10\/camping-Tamarissiere-1-2048x1371.webp 2048w\" sizes=\"(max-width: 2560px) 100vw, 2560px\" \/><\/a><\/figure>\n<\/figure>\n<\/div>\n\n\n\n<div class=\"wp-block-column is-vertically-aligned-center is-layout-flow wp-block-column-is-layout-flow\" style=\"flex-basis:47%\">\n<h1 class=\"ls__heading wp-block-heading\">Camping La Tamarissi\u00e8re<\/h1>\n\n\n\n<p class=\"ls-paragraph\">Envie d\u2019un s\u00e9jour&nbsp;<strong>camping \u00e0 la Tamarissi\u00e8re<\/strong>&nbsp;? Notre&nbsp;<a href=\"https:\/\/www.champsblancstest.geek-tonic.dev\/fr\/\">camping au Cap d\u2019Agde<\/a>&nbsp;vous accueille \u00e0 seulement 4km du quartier de La Tamarissi\u00e8re \u00e0 Agde dans le Languedoc-Roussillon !<\/p>\n\n\n\n<h2 class=\"ls__heading wp-block-heading\"><strong>D\u00e9couvrez le quartier de La Tamarissi\u00e8re<\/strong> pr\u00e8s du camping<\/h2>\n\n\n\n<p class=\"ls-paragraph\">Charmante destination en&nbsp;<strong>bord de mer<\/strong>, le quartier agathois de la Tamarissi\u00e8re est c\u00e9l\u00e8bre pour l\u2019environnement privil\u00e9gi\u00e9 que constitue sa pin\u00e8de deux fois centenaire. Cr\u00e9\u00e9 \u00e0 la fin du 18e si\u00e8cle pour lutter contre l\u2019ensablement \u00e0 l\u2019embouchure du fleuve, le&nbsp;<strong>bois de pins de la Tamarissi\u00e8re<\/strong>&nbsp;est aujourd\u2019hui un cadre privil\u00e9gi\u00e9 pour les promenades, \u00e0 pied, \u00e0 cheval ou \u00e0 v\u00e9lo les pieds dans l\u2019eau, id\u00e9al pour les vacances en famille ou le farniente. Patrimoine naturel exceptionnel et class\u00e9, cette pin\u00e8de qui abrite une faune et une flore riche est parcourue de sentiers balis\u00e9s. Si vous s\u00e9journez en&nbsp;<strong>camping La Tamarissi\u00e8re<\/strong>, vous vous rendrez certainement \u00e0 la plage de sable fin de la Tamarissi\u00e8re qui est aussi pris\u00e9e pour son calme, et qui se situe tout pr\u00e8s de votre mobil home ou de votre camping-car. C\u2019est bien s\u00fbr la plus sauvage d\u2019Agde, bord\u00e9e par la for\u00eat.<\/p>\n<\/div>\n<\/div>\n\n\n    <\/div>\n<\/section>\n\n<section id=\"ls-section-block_f5e2109a0aff3f1d50d9335aa195f446\" class=\"ls-section  home-first page-two\" >\n        <div class=\"container container--full\">\n        \n\n<div class=\"wp-block-columns are-vertically-aligned-center is-layout-flex wp-container-core-columns-is-layout-9d6595d7 wp-block-columns-is-layout-flex\">\n<div class=\"wp-block-column is-vertically-aligned-center is-layout-flow wp-block-column-is-layout-flow\" style=\"flex-basis:47%\">\n<h2 class=\"ls__heading wp-block-heading\">\u00c0 voir en camping \u00e0 la Tamarissi\u00e8re<\/h2>\n\n\n\n<p class=\"ls-paragraph\"><strong>Zone strat\u00e9gique<\/strong>&nbsp;du mur de la M\u00e9diterran\u00e9e,&nbsp;<a href=\"https:\/\/www.capdagde.com\/la-tamarissiere\/\" target=\"_blank\" rel=\"noreferrer noopener\">la Tamarissi\u00e8re<\/a> abrite un bunker de la&nbsp;<strong>Seconde guerre mondiale<\/strong>&nbsp;: construit par les Allemands au centre d\u2019un ensemble fortifi\u00e9 comprenant de deux batteries de d\u00e9fense, le bunker 638 \u00e9tait une infirmerie militaire de 100 m2. Sa visite permet de d\u00e9couvrir les sp\u00e9cificit\u00e9s techniques de construction des bunkers allemands.&nbsp;<strong>Une mus\u00e9ographie<\/strong>&nbsp;compl\u00e8te d\u00e9voile \u00e9galement le quotidien des Agathois durant la guerre, et l\u2019organisation de la r\u00e9sistance locale. Seul bunker ouvert \u00e0 la visite en M\u00e9diterran\u00e9e, le bunker 638 ouvre ses portes gratuitement chaque samedi matin, toute l\u2019ann\u00e9e. Dans ce lieu incontournable \u00e0 d\u00e9couvrir pendant vos vacances en&nbsp;<strong>camping La Tamarissi\u00e8re<\/strong>, on d\u00e9couvre 9 pi\u00e8ces qui servaient \u00e0 l\u2019hospitalisation et au traitement des soldats bless\u00e9s durant les attaques.<\/p>\n<\/div>\n\n\n\n<div class=\"wp-block-column is-vertically-aligned-center is-layout-flow wp-block-column-is-layout-flow\" style=\"flex-basis:53%\">\n<figure class=\"wp-block-gallery has-nested-images columns-default is-cropped animated fadeInRight slow delay-200ms wp-block-gallery-2 is-layout-flex wp-block-gallery-is-layout-flex\">\n<figure class=\"wp-block-image size-full\"><a href=\"https:\/\/www.champsblancstest.geek-tonic.dev\/wp-content\/uploads\/2023\/10\/camping-Tamarissiere-2-scaled.webp\"><img decoding=\"async\" width=\"2560\" height=\"1688\" data-id=\"9750\" src=\"https:\/\/www.champsblancstest.geek-tonic.dev\/wp-content\/uploads\/2023\/10\/camping-Tamarissiere-2-scaled.webp\" alt=\"camping Tamarissiere 2\" class=\"wp-image-9750\" srcset=\"https:\/\/www.champsblancstest.geek-tonic.dev\/wp-content\/uploads\/2023\/10\/camping-Tamarissiere-2-scaled.webp 2560w, https:\/\/www.champsblancstest.geek-tonic.dev\/wp-content\/uploads\/2023\/10\/camping-Tamarissiere-2-300x198.webp 300w, https:\/\/www.champsblancstest.geek-tonic.dev\/wp-content\/uploads\/2023\/10\/camping-Tamarissiere-2-1024x675.webp 1024w, https:\/\/www.champsblancstest.geek-tonic.dev\/wp-content\/uploads\/2023\/10\/camping-Tamarissiere-2-768x506.webp 768w, https:\/\/www.champsblancstest.geek-tonic.dev\/wp-content\/uploads\/2023\/10\/camping-Tamarissiere-2-1536x1013.webp 1536w, https:\/\/www.champsblancstest.geek-tonic.dev\/wp-content\/uploads\/2023\/10\/camping-Tamarissiere-2-2048x1350.webp 2048w\" sizes=\"(max-width: 2560px) 100vw, 2560px\" \/><\/a><\/figure>\n<\/figure>\n<\/div>\n<\/div>\n\n\n    <\/div>\n<\/section>\n\n<section id=\"ls-section-block_63a6a5256e291597168ae11e91ba4f41\" class=\"ls-section  home-first page-one\" >\n        <div class=\"container container--full\">\n        \n\n<div class=\"wp-block-columns are-vertically-aligned-center is-layout-flex wp-container-core-columns-is-layout-9d6595d7 wp-block-columns-is-layout-flex\">\n<div class=\"wp-block-column is-vertically-aligned-center is-layout-flow wp-block-column-is-layout-flow\" style=\"flex-basis:53%\"><p><iframe src=\"https:\/\/www.google.com\/maps\/embed?pb=!1m28!1m12!1m3!1d23229.36441422334!2d3.440540181402644!3d43.300220484663434!2m3!1f0!2f0!3f0!3m2!1i1024!2i768!4f13.1!4m13!3e0!4m5!1s0x12b13cea04838195%3A0xd4a1875e59ac8a70!2sCamping%20Resort%20Les%20Champs%20Blancs%2C%20Route%20de%20Rochelongue%2C%20Agde!3m2!1d43.2964036!2d3.4768657!4m5!1s0x12b13d3c1755e0b7%3A0x4a0f41b6cc4e99a8!2sLa%20Tamarissi%C3%A8re%2C%20Agde!3m2!1d43.2972427!2d3.4431935!5e0!3m2!1sfr!2sfr!4v1696239250787!5m2!1sfr!2sfr\" width=\"100%\" height=\"450\" style=\"border:0;\" allowfullscreen=\"\" loading=\"lazy\" referrerpolicy=\"no-referrer-when-downgrade\"><\/iframe><\/p>\n<\/div>\n\n\n\n<div class=\"wp-block-column is-vertically-aligned-center is-layout-flow wp-block-column-is-layout-flow\" style=\"flex-basis:47%\">\n<h2 class=\"ls__heading wp-block-heading\">Se rendre \u00e0 La Tamarissi\u00e8re du camping<\/h2>\n\n\n\n<p class=\"ls-paragraph\">De l\u2019autre c\u00f4t\u00e9 du fleuve, face au Grau d\u2019Agde,&nbsp;<strong>la Tamarissi\u00e8re<\/strong>&nbsp;se rejoint facilement depuis le camping Les champs Blancs en empruntant le pont sur l\u2019H\u00e9rault, puis en longeant la rive droite vers le sud. Moins de&nbsp;<strong>10 minutes suffisent en voiture<\/strong>. \u00c0 v\u00e9lo, il est possible de passer le pont au niveau de la vieille-ville d\u2019Agde, ou d\u2019emprunter le bateau-passeur qui relie le port du&nbsp;<strong>Grau d\u2019Agde<\/strong>&nbsp;\u00e0 la Tamarissi\u00e8re : l\u2019occasion de joindre l\u2019utile \u00e0 l\u2019agr\u00e9able pendant vos vacances sur le littoral !<\/p>\n\n\n\n<p class=\"ls-paragraph\">Profitez \u00e9galement de notre espace aquatique avec acc\u00e8s direct \u00e0 l\u2019aire de jeux pour enfants !<\/p>\n<\/div>\n<\/div>\n\n\n    <\/div>\n<\/section>\n\n<section id=\"ls-section-block_d6e0191482cadc1765ce529596ad447a\" class=\"ls-section  page-four animated fadeInUp slow delay-100ms\" >\n        <div class=\"container container--wide\">\n        \n<div id=\"ls-maillage-block_2c6f2e1dc11a1065c1ef5b2c4a28606e\" class=\"ls-maillage is-slider cta-style-normal\" data-rows=\"4\">\n    <div class=\"wp-block-columns\"><div class=\"wp-block-column\"><div class=\"ls-cta\">\n\n<a href=\"https:\/\/www.champsblancstest.geek-tonic.dev\/fr\/camping-herault\/\" target=\"\" rel=\"noopener\" class=\"ls-cta__link\">\n\n\t<div class=\"ls-cta__image\"><img decoding=\"async\" src=\"https:\/\/www.champsblancstest.geek-tonic.dev\/wp-content\/uploads\/2023\/09\/camping-herault-4-768x514.webp\" alt=\"camping herault 4\"><\/div>\n\t<div class=\"ls-cta__title\">\n\t\t<span class=\"champs-blancs-coin-droit\"><\/span>\n\t\tH\u00e9rault\t\t<span class=\"champs-blancs-arrow-down\"><\/span>\n\t<\/div>\n\n\t\n<\/a><\/div><\/div><div class=\"wp-block-column\"><div class=\"ls-cta\">\n\n<a href=\"https:\/\/www.champsblancstest.geek-tonic.dev\/fr\/camping-grau-agde\/\" target=\"\" rel=\"noopener\" class=\"ls-cta__link\">\n\n\t<div class=\"ls-cta__image\"><img decoding=\"async\" src=\"https:\/\/www.champsblancstest.geek-tonic.dev\/wp-content\/uploads\/2023\/10\/camping-grau-d-agde-768x519.webp\" alt=\"camping grau d'agde\"><\/div>\n\t<div class=\"ls-cta__title\">\n\t\t<span class=\"champs-blancs-coin-droit\"><\/span>\n\t\tGrau d&rsquo;Agde\t\t<span class=\"champs-blancs-arrow-down\"><\/span>\n\t<\/div>\n\n\t\n<\/a><\/div><\/div><div class=\"wp-block-column\"><div class=\"ls-cta\">\n\n<a href=\"https:\/\/www.champsblancstest.geek-tonic.dev\/fr\/camping-vias\/\" target=\"\" rel=\"noopener\" class=\"ls-cta__link\">\n\n\t<div class=\"ls-cta__image\"><img decoding=\"async\" src=\"https:\/\/www.champsblancstest.geek-tonic.dev\/wp-content\/uploads\/2023\/09\/camping-vias-plage-6-768x512.webp\" alt=\"camping vias plage 6\"><\/div>\n\t<div class=\"ls-cta__title\">\n\t\t<span class=\"champs-blancs-coin-droit\"><\/span>\n\t\tVias\t\t<span class=\"champs-blancs-arrow-down\"><\/span>\n\t<\/div>\n\n\t\n<\/a><\/div><\/div><div class=\"wp-block-column\"><div class=\"ls-cta\">\n\n<a href=\"https:\/\/www.champsblancstest.geek-tonic.dev\/fr\/camping-pezenas\/\" target=\"\" rel=\"noopener\" class=\"ls-cta__link\">\n\n\t<div class=\"ls-cta__image\"><img decoding=\"async\" src=\"https:\/\/www.champsblancstest.geek-tonic.dev\/wp-content\/uploads\/2023\/07\/pezenas-camping-resort-les-champs-blancs.webp\" alt=\"Pezenas Camping Resort Les Champs Blancs\"><\/div>\n\t<div class=\"ls-cta__title\">\n\t\t<span class=\"champs-blancs-coin-droit\"><\/span>\n\t\tP\u00e9zenas\t\t<span class=\"champs-blancs-arrow-down\"><\/span>\n\t<\/div>\n\n\t\n<\/a><\/div><\/div><div class=\"wp-block-column\"><div class=\"ls-cta\">\n\n<a href=\"https:\/\/www.champsblancstest.geek-tonic.dev\/fr\/camping-marseillan\/\" target=\"\" rel=\"noopener\" class=\"ls-cta__link\">\n\n\t<div class=\"ls-cta__image\"><img decoding=\"async\" src=\"https:\/\/www.champsblancstest.geek-tonic.dev\/wp-content\/uploads\/2023\/10\/camping-proche-marseillan-plage-768x368.webp\" alt=\"camping proche marseillan plage\"><\/div>\n\t<div class=\"ls-cta__title\">\n\t\t<span class=\"champs-blancs-coin-droit\"><\/span>\n\t\tMarseillan\t\t<span class=\"champs-blancs-arrow-down\"><\/span>\n\t<\/div>\n\n\t\n<\/a><\/div><\/div><div class=\"wp-block-column\"><div class=\"ls-cta\">\n\n<a href=\"https:\/\/www.champsblancstest.geek-tonic.dev\/fr\/camping-sete\/\" target=\"\" rel=\"noopener\" class=\"ls-cta__link\">\n\n\t<div class=\"ls-cta__image\"><img decoding=\"async\" src=\"https:\/\/www.champsblancstest.geek-tonic.dev\/wp-content\/uploads\/2023\/09\/camping-sete7-768x518.webp\" alt=\"camping s\u00e8te7\"><\/div>\n\t<div class=\"ls-cta__title\">\n\t\t<span class=\"champs-blancs-coin-droit\"><\/span>\n\t\tS\u00e8te\t\t<span class=\"champs-blancs-arrow-down\"><\/span>\n\t<\/div>\n\n\t\n<\/a><\/div><\/div><\/div><\/div>\n\n    <\/div>\n<\/section>","protected":false},"excerpt":{"rendered":"","protected":false},"author":1,"featured_media":9745,"parent":0,"menu_order":0,"comment_status":"closed","ping_status":"closed","template":"","meta":{"_acf_changed":false,"footnotes":""},"sujet":[],"class_list":["post-241","page","type-page","status-publish","has-post-thumbnail","hentry"],"acf":[],"yoast_head":"<!-- This site is optimized with the Yoast SEO plugin v22.6 - https:\/\/yoast.com\/wordpress\/plugins\/seo\/ -->\n<title>Camping La Tamarissi\u00e8re | D\u00e9couvrez le quartier de la Tamarissi\u00e8re<\/title>\n<meta name=\"description\" content=\"Envie d&#039;un s\u00e9jour camping \u00e0 la Tamarissi\u00e8re ? D\u00e9couvrez notre camping 4 \u00e9toiles en H\u00e9rault avec ses 3000 m\u00b2 de parc aquatique !\" \/>\n<meta name=\"robots\" content=\"noindex, follow, max-snippet:-1, max-image-preview:large, max-video-preview:-1\" \/>\n<meta property=\"og:locale\" content=\"fr_FR\" \/>\n<meta property=\"og:type\" content=\"article\" \/>\n<meta property=\"og:title\" content=\"Camping La Tamarissi\u00e8re | D\u00e9couvrez le quartier de la Tamarissi\u00e8re\" \/>\n<meta property=\"og:description\" content=\"Envie d&#039;un s\u00e9jour camping \u00e0 la Tamarissi\u00e8re ? D\u00e9couvrez notre camping 4 \u00e9toiles en H\u00e9rault avec ses 3000 m\u00b2 de parc aquatique !\" \/>\n<meta property=\"og:url\" content=\"https:\/\/www.champsblancstest.geek-tonic.dev\/fr\/camping-la-tamarissiere\/\" \/>\n<meta property=\"og:site_name\" content=\"Les Champs Blancs\" \/>\n<meta property=\"article:modified_time\" content=\"2023-10-30T09:27:02+00:00\" \/>\n<meta property=\"og:image\" content=\"https:\/\/www.champsblancstest.geek-tonic.dev\/wp-content\/uploads\/2023\/10\/camping-Tamarissiere-3-scaled.webp\" \/>\n\t<meta property=\"og:image:width\" content=\"2560\" \/>\n\t<meta property=\"og:image:height\" content=\"935\" \/>\n\t<meta property=\"og:image:type\" content=\"image\/webp\" \/>\n<meta name=\"twitter:card\" content=\"summary_large_image\" \/>\n<meta name=\"twitter:label1\" content=\"Dur\u00e9e de lecture estim\u00e9e\" \/>\n\t<meta name=\"twitter:data1\" content=\"3 minutes\" \/>\n<script type=\"application\/ld+json\" class=\"yoast-schema-graph\">{\"@context\":\"https:\/\/schema.org\",\"@graph\":[{\"@type\":\"WebPage\",\"@id\":\"https:\/\/www.champsblancstest.geek-tonic.dev\/fr\/camping-la-tamarissiere\/\",\"url\":\"https:\/\/www.champsblancstest.geek-tonic.dev\/fr\/camping-la-tamarissiere\/\",\"name\":\"Camping La Tamarissi\u00e8re | D\u00e9couvrez le quartier de la Tamarissi\u00e8re\",\"isPartOf\":{\"@id\":\"https:\/\/www.champsblancstest.geek-tonic.dev\/fr\/#website\"},\"primaryImageOfPage\":{\"@id\":\"https:\/\/www.champsblancstest.geek-tonic.dev\/fr\/camping-la-tamarissiere\/#primaryimage\"},\"image\":{\"@id\":\"https:\/\/www.champsblancstest.geek-tonic.dev\/fr\/camping-la-tamarissiere\/#primaryimage\"},\"thumbnailUrl\":\"https:\/\/www.champsblancstest.geek-tonic.dev\/wp-content\/uploads\/2023\/10\/camping-Tamarissiere-3-scaled.webp\",\"datePublished\":\"2023-07-17T08:58:50+00:00\",\"dateModified\":\"2023-10-30T09:27:02+00:00\",\"description\":\"Envie d'un s\u00e9jour camping \u00e0 la Tamarissi\u00e8re ? D\u00e9couvrez notre camping 4 \u00e9toiles en H\u00e9rault avec ses 3000 m\u00b2 de parc aquatique !\",\"breadcrumb\":{\"@id\":\"https:\/\/www.champsblancstest.geek-tonic.dev\/fr\/camping-la-tamarissiere\/#breadcrumb\"},\"inLanguage\":\"fr-FR\",\"potentialAction\":[{\"@type\":\"ReadAction\",\"target\":[\"https:\/\/www.champsblancstest.geek-tonic.dev\/fr\/camping-la-tamarissiere\/\"]}]},{\"@type\":\"ImageObject\",\"inLanguage\":\"fr-FR\",\"@id\":\"https:\/\/www.champsblancstest.geek-tonic.dev\/fr\/camping-la-tamarissiere\/#primaryimage\",\"url\":\"https:\/\/www.champsblancstest.geek-tonic.dev\/wp-content\/uploads\/2023\/10\/camping-Tamarissiere-3-scaled.webp\",\"contentUrl\":\"https:\/\/www.champsblancstest.geek-tonic.dev\/wp-content\/uploads\/2023\/10\/camping-Tamarissiere-3-scaled.webp\",\"width\":2560,\"height\":935,\"caption\":\"camping Tamarissiere 3\"},{\"@type\":\"BreadcrumbList\",\"@id\":\"https:\/\/www.champsblancstest.geek-tonic.dev\/fr\/camping-la-tamarissiere\/#breadcrumb\",\"itemListElement\":[{\"@type\":\"ListItem\",\"position\":1,\"name\":\"Camping Cap d\u2019Agde\",\"item\":\"https:\/\/www.champsblancstest.geek-tonic.dev\/fr\/\"},{\"@type\":\"ListItem\",\"position\":2,\"name\":\"La Tamarissi\u00e8re camping\"}]},{\"@type\":\"WebSite\",\"@id\":\"https:\/\/www.champsblancstest.geek-tonic.dev\/fr\/#website\",\"url\":\"https:\/\/www.champsblancstest.geek-tonic.dev\/fr\/\",\"name\":\"Les Champs Blancs\",\"description\":\"\",\"publisher\":{\"@id\":\"https:\/\/www.champsblancstest.geek-tonic.dev\/fr\/#organization\"},\"potentialAction\":[{\"@type\":\"SearchAction\",\"target\":{\"@type\":\"EntryPoint\",\"urlTemplate\":\"https:\/\/www.champsblancstest.geek-tonic.dev\/fr\/?s={search_term_string}\"},\"query-input\":\"required name=search_term_string\"}],\"inLanguage\":\"fr-FR\"},{\"@type\":\"Organization\",\"@id\":\"https:\/\/www.champsblancstest.geek-tonic.dev\/fr\/#organization\",\"name\":\"Les Champs Blancs\",\"url\":\"https:\/\/www.champsblancstest.geek-tonic.dev\/fr\/\",\"logo\":{\"@type\":\"ImageObject\",\"inLanguage\":\"fr-FR\",\"@id\":\"https:\/\/www.champsblancstest.geek-tonic.dev\/fr\/#\/schema\/logo\/image\/\",\"url\":\"https:\/\/www.champsblancstest.geek-tonic.dev\/wp-content\/uploads\/2023\/07\/logo-blanc-camping-les-champs-blancs.webp\",\"contentUrl\":\"https:\/\/www.champsblancstest.geek-tonic.dev\/wp-content\/uploads\/2023\/07\/logo-blanc-camping-les-champs-blancs.webp\",\"width\":821,\"height\":657,\"caption\":\"Les Champs Blancs\"},\"image\":{\"@id\":\"https:\/\/www.champsblancstest.geek-tonic.dev\/fr\/#\/schema\/logo\/image\/\"}}]}<\/script>\n<!-- \/ Yoast SEO plugin. -->","yoast_head_json":{"title":"Camping La Tamarissi\u00e8re | D\u00e9couvrez le quartier de la Tamarissi\u00e8re","description":"Envie d'un s\u00e9jour camping \u00e0 la Tamarissi\u00e8re ? D\u00e9couvrez notre camping 4 \u00e9toiles en H\u00e9rault avec ses 3000 m\u00b2 de parc aquatique !","robots":{"index":"noindex","follow":"follow","max-snippet":"max-snippet:-1","max-image-preview":"max-image-preview:large","max-video-preview":"max-video-preview:-1"},"og_locale":"fr_FR","og_type":"article","og_title":"Camping La Tamarissi\u00e8re | D\u00e9couvrez le quartier de la Tamarissi\u00e8re","og_description":"Envie d'un s\u00e9jour camping \u00e0 la Tamarissi\u00e8re ? D\u00e9couvrez notre camping 4 \u00e9toiles en H\u00e9rault avec ses 3000 m\u00b2 de parc aquatique !","og_url":"https:\/\/www.champsblancstest.geek-tonic.dev\/fr\/camping-la-tamarissiere\/","og_site_name":"Les Champs Blancs","article_modified_time":"2023-10-30T09:27:02+00:00","og_image":[{"width":2560,"height":935,"url":"https:\/\/www.champsblancstest.geek-tonic.dev\/wp-content\/uploads\/2023\/10\/camping-Tamarissiere-3-scaled.webp","type":"image\/webp"}],"twitter_card":"summary_large_image","twitter_misc":{"Dur\u00e9e de lecture estim\u00e9e":"3 minutes"},"schema":{"@context":"https:\/\/schema.org","@graph":[{"@type":"WebPage","@id":"https:\/\/www.champsblancstest.geek-tonic.dev\/fr\/camping-la-tamarissiere\/","url":"https:\/\/www.champsblancstest.geek-tonic.dev\/fr\/camping-la-tamarissiere\/","name":"Camping La Tamarissi\u00e8re | D\u00e9couvrez le quartier de la Tamarissi\u00e8re","isPartOf":{"@id":"https:\/\/www.champsblancstest.geek-tonic.dev\/fr\/#website"},"primaryImageOfPage":{"@id":"https:\/\/www.champsblancstest.geek-tonic.dev\/fr\/camping-la-tamarissiere\/#primaryimage"},"image":{"@id":"https:\/\/www.champsblancstest.geek-tonic.dev\/fr\/camping-la-tamarissiere\/#primaryimage"},"thumbnailUrl":"https:\/\/www.champsblancstest.geek-tonic.dev\/wp-content\/uploads\/2023\/10\/camping-Tamarissiere-3-scaled.webp","datePublished":"2023-07-17T08:58:50+00:00","dateModified":"2023-10-30T09:27:02+00:00","description":"Envie d'un s\u00e9jour camping \u00e0 la Tamarissi\u00e8re ? D\u00e9couvrez notre camping 4 \u00e9toiles en H\u00e9rault avec ses 3000 m\u00b2 de parc aquatique !","breadcrumb":{"@id":"https:\/\/www.champsblancstest.geek-tonic.dev\/fr\/camping-la-tamarissiere\/#breadcrumb"},"inLanguage":"fr-FR","potentialAction":[{"@type":"ReadAction","target":["https:\/\/www.champsblancstest.geek-tonic.dev\/fr\/camping-la-tamarissiere\/"]}]},{"@type":"ImageObject","inLanguage":"fr-FR","@id":"https:\/\/www.champsblancstest.geek-tonic.dev\/fr\/camping-la-tamarissiere\/#primaryimage","url":"https:\/\/www.champsblancstest.geek-tonic.dev\/wp-content\/uploads\/2023\/10\/camping-Tamarissiere-3-scaled.webp","contentUrl":"https:\/\/www.champsblancstest.geek-tonic.dev\/wp-content\/uploads\/2023\/10\/camping-Tamarissiere-3-scaled.webp","width":2560,"height":935,"caption":"camping Tamarissiere 3"},{"@type":"BreadcrumbList","@id":"https:\/\/www.champsblancstest.geek-tonic.dev\/fr\/camping-la-tamarissiere\/#breadcrumb","itemListElement":[{"@type":"ListItem","position":1,"name":"Camping Cap d\u2019Agde","item":"https:\/\/www.champsblancstest.geek-tonic.dev\/fr\/"},{"@type":"ListItem","position":2,"name":"La Tamarissi\u00e8re camping"}]},{"@type":"WebSite","@id":"https:\/\/www.champsblancstest.geek-tonic.dev\/fr\/#website","url":"https:\/\/www.champsblancstest.geek-tonic.dev\/fr\/","name":"Les Champs Blancs","description":"","publisher":{"@id":"https:\/\/www.champsblancstest.geek-tonic.dev\/fr\/#organization"},"potentialAction":[{"@type":"SearchAction","target":{"@type":"EntryPoint","urlTemplate":"https:\/\/www.champsblancstest.geek-tonic.dev\/fr\/?s={search_term_string}"},"query-input":"required name=search_term_string"}],"inLanguage":"fr-FR"},{"@type":"Organization","@id":"https:\/\/www.champsblancstest.geek-tonic.dev\/fr\/#organization","name":"Les Champs Blancs","url":"https:\/\/www.champsblancstest.geek-tonic.dev\/fr\/","logo":{"@type":"ImageObject","inLanguage":"fr-FR","@id":"https:\/\/www.champsblancstest.geek-tonic.dev\/fr\/#\/schema\/logo\/image\/","url":"https:\/\/www.champsblancstest.geek-tonic.dev\/wp-content\/uploads\/2023\/07\/logo-blanc-camping-les-champs-blancs.webp","contentUrl":"https:\/\/www.champsblancstest.geek-tonic.dev\/wp-content\/uploads\/2023\/07\/logo-blanc-camping-les-champs-blancs.webp","width":821,"height":657,"caption":"Les Champs Blancs"},"image":{"@id":"https:\/\/www.champsblancstest.geek-tonic.dev\/fr\/#\/schema\/logo\/image\/"}}]}},"_links":{"self":[{"href":"https:\/\/www.champsblancstest.geek-tonic.dev\/fr\/wp-json\/wp\/v2\/pages\/241","targetHints":{"allow":["GET"]}}],"collection":[{"href":"https:\/\/www.champsblancstest.geek-tonic.dev\/fr\/wp-json\/wp\/v2\/pages"}],"about":[{"href":"https:\/\/www.champsblancstest.geek-tonic.dev\/fr\/wp-json\/wp\/v2\/types\/page"}],"author":[{"embeddable":true,"href":"https:\/\/www.champsblancstest.geek-tonic.dev\/fr\/wp-json\/wp\/v2\/users\/1"}],"replies":[{"embeddable":true,"href":"https:\/\/www.champsblancstest.geek-tonic.dev\/fr\/wp-json\/wp\/v2\/comments?post=241"}],"version-history":[{"count":16,"href":"https:\/\/www.champsblancstest.geek-tonic.dev\/fr\/wp-json\/wp\/v2\/pages\/241\/revisions"}],"predecessor-version":[{"id":15560,"href":"https:\/\/www.champsblancstest.geek-tonic.dev\/fr\/wp-json\/wp\/v2\/pages\/241\/revisions\/15560"}],"wp:featuredmedia":[{"embeddable":true,"href":"https:\/\/www.champsblancstest.geek-tonic.dev\/fr\/wp-json\/wp\/v2\/media\/9745"}],"wp:attachment":[{"href":"https:\/\/www.champsblancstest.geek-tonic.dev\/fr\/wp-json\/wp\/v2\/media?parent=241"}],"wp:term":[{"taxonomy":"sujet","embeddable":true,"href":"https:\/\/www.champsblancstest.geek-tonic.dev\/fr\/wp-json\/wp\/v2\/sujet?post=241"}],"curies":[{"name":"wp","href":"https:\/\/api.w.org\/{rel}","templated":true}]}}