{"id":247,"date":"2023-07-17T10:59:32","date_gmt":"2023-07-17T08:59:32","guid":{"rendered":"https:\/\/www.champsblancstest.geek-tonic.dev\/?page_id=247"},"modified":"2023-10-30T10:39:26","modified_gmt":"2023-10-30T09:39:26","slug":"camping-pezenas","status":"publish","type":"page","link":"https:\/\/www.champsblancstest.geek-tonic.dev\/fr\/camping-pezenas\/","title":{"rendered":"Pezenas camping"},"content":{"rendered":"<section id=\"ls-section-block_d7729d68a7de10579153ccc2ca3a0777\" class=\"ls-section  home-first page-one\" >\n        <div class=\"container container--full\">\n        \n\n<div class=\"wp-block-columns are-vertically-aligned-center is-layout-flex wp-container-core-columns-is-layout-9d6595d7 wp-block-columns-is-layout-flex\">\n<div class=\"wp-block-column is-vertically-aligned-center is-layout-flow wp-block-column-is-layout-flow\" style=\"flex-basis:53%\"><p><iframe src=\"https:\/\/www.google.com\/maps\/embed?pb=!1m28!1m12!1m3!1d185594.48786146817!2d3.2855548649423563!3d43.37882488163821!2m3!1f0!2f0!3f0!3m2!1i1024!2i768!4f13.1!4m13!3e6!4m5!1s0x12b13cea04838195%3A0xd4a1875e59ac8a70!2sCamping%20Resort%20Les%20Champs%20Blancs%2C%20Route%20de%20Rochelongue%2C%20Agde!3m2!1d43.2964036!2d3.4768657!4m5!1s0x12b14028bb727833%3A0x7af0f271d51ac9bb!2zUMOpemVuYXM!3m2!1d43.461531!2d3.423193!5e0!3m2!1sfr!2sfr!4v1696241346055!5m2!1sfr!2sfr\" width=\"100%\" height=\"450\" style=\"border:0;\" allowfullscreen=\"\" loading=\"lazy\" referrerpolicy=\"no-referrer-when-downgrade\"><\/iframe><\/p>\n<\/div>\n\n\n\n<div class=\"wp-block-column is-vertically-aligned-center is-layout-flow wp-block-column-is-layout-flow\" style=\"flex-basis:47%\">\n<h1 class=\"ls__heading wp-block-heading\">Camping Pezenas 5 \u00e9toiles<\/h1>\n\n\n\n<p class=\"ls-paragraph\">Trouver un&nbsp;<strong>camping a Pezenas<\/strong>&nbsp;dans l\u2019H\u00e9rault qui propose des h\u00e9bergements de luxe tout \u00e9quip\u00e9s \u00e0 faible co\u00fbt peut para\u00eetre mission impossible. Le&nbsp;<a href=\"https:\/\/www.champsblancstest.geek-tonic.dev\/fr\/\">camping situ\u00e9 au Cap d\u2019Agde<\/a>&nbsp;\u00e0 moins de 30 minutes en voiture de P\u00e9zenas vous offre la possibilit\u00e9 de passer des vacances de r\u00eave au bord de la M\u00e9diterran\u00e9e \u00e0 un prix abordable, et de passer une journ\u00e9e agr\u00e9able dans l\u2019un des villages de charme de l\u2019arri\u00e8re-pays occitan.<\/p>\n<\/div>\n<\/div>\n\n\n    <\/div>\n<\/section>\n\n<section id=\"ls-section-block_3da84759674f411dad02acff42b5d249\" class=\"ls-section  home-first page-two\" >\n        <div class=\"container container--full\">\n        \n\n<div class=\"wp-block-columns are-vertically-aligned-center is-layout-flex wp-container-core-columns-is-layout-9d6595d7 wp-block-columns-is-layout-flex\">\n<div class=\"wp-block-column is-vertically-aligned-center is-layout-flow wp-block-column-is-layout-flow\" style=\"flex-basis:47%\">\n<h2 class=\"ls__heading wp-block-heading\">Location mobil-home \u00e0 P\u00e9zenas en H\u00e9rault<\/h2>\n\n\n\n<p class=\"ls-paragraph\">\u00c0 une vingtaine de kilom\u00e8tres seulement de P\u00e9zenas, le&nbsp;<strong>camping Pezenas<\/strong>&nbsp;Les Champs Blancs vous accueille chaleureusement et vous propose une offre diversifi\u00e9e d\u2019h\u00e9bergements, pour que vous passiez le s\u00e9jour le plus agr\u00e9able possible. Situ\u00e9s sur de spacieuses parcelles verdoyantes, les&nbsp;<strong>location mobil home Pezenas<\/strong>&nbsp;sont r\u00e9cents et ont des capacit\u00e9s d\u2019accueil de 4 \u00e0 8 personnes. Vous b\u00e9n\u00e9ficiez d\u2019une place de stationnement attenante \u00e0 votre h\u00e9bergement.<\/p>\n\n\n\n<p class=\"ls-paragraph\">Choisissez le locatif convenant \u00e0 vos envies et besoins :&nbsp;<a href=\"https:\/\/www.champsblancstest.geek-tonic.dev\/fr\/location-chalet-cap-agde\/\">chalet<\/a>,&nbsp;<a href=\"https:\/\/www.champsblancstest.geek-tonic.dev\/fr\/location-mobil-home-cap-agde\/\">mobil-home<\/a>&nbsp;avec ou sans climatisation, standard, confort, premium de luxe ou baln\u00e9o. Chacun d\u2019entre eux est \u00e9quip\u00e9e d\u2019une kitchenette am\u00e9nag\u00e9e du n\u00e9cessaire pour \u00e9laborer ses menus pendant les vacances, de 2 \u00e0 4 chambres, d\u2019une salle d\u2019eau et de WC et d\u2019un coin s\u00e9jour ouvert sur une agr\u00e9able terrasse rien que pour vous. Vous jouissez d\u2019une intimit\u00e9 pr\u00e9serv\u00e9e gr\u00e2ce aux haies d\u00e9limitant les&nbsp;<a href=\"https:\/\/www.champsblancstest.geek-tonic.dev\/fr\/caravaning-cap-agde\/\">emplacements<\/a>, l\u2019id\u00e9al pour profiter pleinement des ext\u00e9rieurs sur votre terrasse priv\u00e9e, agr\u00e9ment\u00e9e d\u2019un petit&nbsp;<a href=\"https:\/\/www.champsblancstest.geek-tonic.dev\/fr\/camping-avec-jacuzzi-privatif\/\">jacuzzi pour les mobil homes<\/a>&nbsp;baln\u00e9o.<br>Vivez des vacances idylliques en mobil-home tout confort pour pouvoir d\u00e9couvrir sans contraintes les richesses et la beaut\u00e9 de l\u2019Occitanie.<\/p>\n\n\n\n<p class=\"ls-paragraph\">Pour vos vacances en famille optez donc pour un mobil homes pr\u00e8s de la piscine chauff\u00e9e, ou pour un des emplacements de camping \u00e0 deux pas des plages de sable fin, pour y d\u00e9poser votre caravane ou camping-car.<\/p>\n<\/div>\n\n\n\n<div class=\"wp-block-column is-vertically-aligned-center is-layout-flow wp-block-column-is-layout-flow\" style=\"flex-basis:53%\">\n<figure class=\"wp-block-gallery has-nested-images columns-default is-cropped animated fadeInRight slow delay-200ms wp-block-gallery-1 is-layout-flex wp-block-gallery-is-layout-flex\">\n<figure class=\"wp-block-image size-full\"><a href=\"https:\/\/www.champsblancstest.geek-tonic.dev\/wp-content\/uploads\/2023\/10\/camping-resort-les-champs-blancs87-scaled.webp\"><img decoding=\"async\" width=\"2560\" height=\"1531\" data-id=\"9677\" src=\"https:\/\/www.champsblancstest.geek-tonic.dev\/wp-content\/uploads\/2023\/10\/camping-resort-les-champs-blancs87-scaled.webp\" alt=\"camping resort les champs blancs87\" class=\"wp-image-9677\" srcset=\"https:\/\/www.champsblancstest.geek-tonic.dev\/wp-content\/uploads\/2023\/10\/camping-resort-les-champs-blancs87-scaled.webp 2560w, https:\/\/www.champsblancstest.geek-tonic.dev\/wp-content\/uploads\/2023\/10\/camping-resort-les-champs-blancs87-300x179.webp 300w, https:\/\/www.champsblancstest.geek-tonic.dev\/wp-content\/uploads\/2023\/10\/camping-resort-les-champs-blancs87-1024x612.webp 1024w, https:\/\/www.champsblancstest.geek-tonic.dev\/wp-content\/uploads\/2023\/10\/camping-resort-les-champs-blancs87-768x459.webp 768w, https:\/\/www.champsblancstest.geek-tonic.dev\/wp-content\/uploads\/2023\/10\/camping-resort-les-champs-blancs87-1536x918.webp 1536w, https:\/\/www.champsblancstest.geek-tonic.dev\/wp-content\/uploads\/2023\/10\/camping-resort-les-champs-blancs87-2048x1225.webp 2048w\" sizes=\"(max-width: 2560px) 100vw, 2560px\" \/><\/a><\/figure>\n<\/figure>\n<\/div>\n<\/div>\n\n\n    <\/div>\n<\/section>\n\n<section id=\"ls-section-block_ba75cc12f42f3fb2535eb62bbb9a715f\" class=\"ls-section  home-sixth page-three has-background-image has-parallax-child\" >\n    <div class=\"ls-section__background-image opacity-100\"><img decoding=\"async\" src=\"https:\/\/www.champsblancstest.geek-tonic.dev\/wp-content\/uploads\/2023\/10\/camping-resort-les-champs-blancs110-scaled.webp\" alt=\"camping resort les champs blancs110\"><\/div>    <div class=\"container container--wide\">\n        \n\n<div class=\"wp-block-columns are-vertically-aligned-center is-layout-flex wp-container-core-columns-is-layout-9d6595d7 wp-block-columns-is-layout-flex\">\n<div class=\"wp-block-column is-vertically-aligned-center wp-block-column__text animated fadeInUp delay-100ms slow is-layout-flow wp-block-column-is-layout-flow\" style=\"flex-basis:66.66%\">\n<h2 class=\"ls__heading wp-block-heading\">Camping P\u00e9zenas avec piscine<\/h2>\n\n\n\n<p class=\"ls-paragraph\">Vous \u00eates \u00e0 la recherche d\u2019un camping Pezenas avec piscine ?<br>C\u2019est dans une ambiance conviviale que vous profiterez du parc aquatique de 3 000 m\u00b2 du&nbsp;<strong>camping Pezenas avec piscine<\/strong>&nbsp;Les Champs Blancs. Dans un d\u00e9cor propice \u00e0 l\u2019\u00e9vasion entre palmiers, bassins harmonieux et design rappelant les lagons bleu turquoise des \u00eeles, vivez pleinement vos vacances pr\u00e8s de P\u00e9zenas. Acc\u00e9dez \u00e0 deux bassins, pour pratiquer des longueurs ou participer \u00e0 des animations d\u2019aqua-fitness et pour vous relaxer et vous amuser.<\/p>\n\n\n\n<p class=\"ls-paragraph\">Ouvert du matin au soir, vous pouvez vous y rendre tout au long de la semaine, que vous ayez une envie de baignade, de distraction ou de farniente au bord de l\u2019eau. Nager, faire la course avec ses amis en d\u00e9valant les deux immenses toboggans de la piscine, disputer une partie de water-polo ou de volley-ball dans l\u2019eau : quelle que soit votre activit\u00e9 aquatique du moment, vous pourrez profiter des bassins chauff\u00e9es \u00e0 la bonne temp\u00e9rature.<\/p>\n\n\n\n<p class=\"ls-paragraph\"><strong>L\u2019espace aquatique du camping \u00e0 c\u00f4t\u00e9 de P\u00e9zenas<\/strong>&nbsp;est adapt\u00e9 \u00e0 tous les \u00e2ges. Vous pouvez vous d\u00e9tendre dans une chaise longue \u00e0 l\u2019ombre d\u2019un parasol en sirotant un cocktail pendant que vos enfants glissent du toboggan dans la pataugeoire r\u00e9serv\u00e9e aux tout-petits.<\/p>\n<\/div>\n\n\n\n<div class=\"wp-block-column is-vertically-aligned-center is-layout-flow wp-block-column-is-layout-flow\" style=\"flex-basis:33.33%\">\n<div id=\"ls-heading ls-titre-div-block_7c3c268579de509274df384c273ac993\" class=\"ls-titre-div h1-like\" >\n    Cr\u00e9ez<br \/><strong>votre aventure<\/strong><\/div>\n<\/div>\n<\/div>\n\n\n    <\/div>\n<\/section>\n\n<section id=\"ls-section-block_d7729d68a7de10579153ccc2ca3a0777\" class=\"ls-section  home-first page-one\" >\n        <div class=\"container container--full\">\n        \n\n<div class=\"wp-block-columns are-vertically-aligned-center is-layout-flex wp-container-core-columns-is-layout-9d6595d7 wp-block-columns-is-layout-flex\">\n<div class=\"wp-block-column is-vertically-aligned-center is-layout-flow wp-block-column-is-layout-flow\" style=\"flex-basis:53%\"><p><iframe width=\"100%\" height=\"600\" src=\"https:\/\/www.youtube.com\/embed\/cXYlTKjIU-4?si=Dj_b6rirwni-bWXd\" title=\"YouTube video player\" frameborder=\"0\" allow=\"accelerometer; autoplay; clipboard-write; encrypted-media; gyroscope; picture-in-picture; web-share\" allowfullscreen><\/iframe><\/p>\n<\/div>\n\n\n\n<div class=\"wp-block-column is-vertically-aligned-center is-layout-flow wp-block-column-is-layout-flow\" style=\"flex-basis:47%\">\n<h2 class=\"ls__heading wp-block-heading\">Vacances \u00e0 Pezenas<\/h2>\n\n\n\n<p class=\"ls-paragraph\">Profitez de vos vacances&nbsp;<strong>camping \u00e0 Pezenas en H\u00e9rault<\/strong>&nbsp;pour assister \u00e0 une repr\u00e9sentation th\u00e9\u00e2trale dans celle qui fut un temps la ville de Moli\u00e8re, et d\u00e9couvrir de nombreux lieux d\u2019int\u00e9r\u00eat class\u00e9s monuments historiques.<br>Parmi les activit\u00e9s \u00e0 Pezenas incontournables, ne ratez le mus\u00e9e Vulliod Saint Germain et le Domaine de la Grange des Pr\u00e9s ! Baladez vous dans les ruelles et laissez vous charmer par les boutiques et les artisans locaux pour une agr\u00e9able escapade au c\u0153ur de l\u2019H\u00e9rault.<br>Nous avons pr\u00e9par\u00e9 pour vous une page d\u00e9di\u00e9e \u00e0 la&nbsp;<a href=\"https:\/\/www.champsblancstest.geek-tonic.dev\/fr\/herault\/pezenas\/\">visite touristique de Pezenas<\/a>, dans le d\u00e9partement de l\u2019H\u00e9rault.<\/p>\n<\/div>\n<\/div>\n\n\n    <\/div>\n<\/section>\n\n<section id=\"ls-section-block_5c5a3dedde38ccc975f283f5120711b9\" class=\"ls-section  page-four animated fadeInUp slow delay-100ms\" >\n        <div class=\"container container--wide\">\n        \n<div id=\"ls-maillage-block_765c367679bd09ffe9f0c206c4d85440\" class=\"ls-maillage is-slider cta-style-normal\" data-rows=\"4\">\n    <div class=\"wp-block-columns\"><div class=\"wp-block-column\"><div class=\"ls-cta\">\n\n<a href=\"https:\/\/www.champsblancstest.geek-tonic.dev\/fr\/camping-herault\/\" target=\"\" rel=\"noopener\" class=\"ls-cta__link\">\n\n\t<div class=\"ls-cta__image\"><img decoding=\"async\" src=\"https:\/\/www.champsblancstest.geek-tonic.dev\/wp-content\/uploads\/2023\/09\/camping-herault-4-768x514.webp\" alt=\"camping herault 4\"><\/div>\n\t<div class=\"ls-cta__title\">\n\t\t<span class=\"champs-blancs-coin-droit\"><\/span>\n\t\tH\u00e9rault\t\t<span class=\"champs-blancs-arrow-down\"><\/span>\n\t<\/div>\n\n\t\n<\/a><\/div><\/div><div class=\"wp-block-column\"><div class=\"ls-cta\">\n\n<a href=\"https:\/\/www.champsblancstest.geek-tonic.dev\/fr\/camping-la-tamarissiere\/\" target=\"\" rel=\"noopener\" class=\"ls-cta__link\">\n\n\t<div class=\"ls-cta__image\"><img decoding=\"async\" src=\"https:\/\/www.champsblancstest.geek-tonic.dev\/wp-content\/uploads\/2023\/10\/camping-Tamarissiere-3-768x281.webp\" alt=\"camping Tamarissiere 3\"><\/div>\n\t<div class=\"ls-cta__title\">\n\t\t<span class=\"champs-blancs-coin-droit\"><\/span>\n\t\tLa Tamarissi\u00e8re\t\t<span class=\"champs-blancs-arrow-down\"><\/span>\n\t<\/div>\n\n\t\n<\/a><\/div><\/div><div class=\"wp-block-column\"><div class=\"ls-cta\">\n\n<a href=\"https:\/\/www.champsblancstest.geek-tonic.dev\/fr\/camping-grau-agde\/\" target=\"\" rel=\"noopener\" class=\"ls-cta__link\">\n\n\t<div class=\"ls-cta__image\"><img decoding=\"async\" src=\"https:\/\/www.champsblancstest.geek-tonic.dev\/wp-content\/uploads\/2023\/10\/camping-grau-d-agde-768x519.webp\" alt=\"camping grau d'agde\"><\/div>\n\t<div class=\"ls-cta__title\">\n\t\t<span class=\"champs-blancs-coin-droit\"><\/span>\n\t\tGrau d&rsquo;Agde\t\t<span class=\"champs-blancs-arrow-down\"><\/span>\n\t<\/div>\n\n\t\n<\/a><\/div><\/div><div class=\"wp-block-column\"><div class=\"ls-cta\">\n\n<a href=\"https:\/\/www.champsblancstest.geek-tonic.dev\/fr\/camping-vias\/\" target=\"\" rel=\"noopener\" class=\"ls-cta__link\">\n\n\t<div class=\"ls-cta__image\"><img decoding=\"async\" src=\"https:\/\/www.champsblancstest.geek-tonic.dev\/wp-content\/uploads\/2023\/09\/camping-vias-plage-6-768x512.webp\" alt=\"camping vias plage 6\"><\/div>\n\t<div class=\"ls-cta__title\">\n\t\t<span class=\"champs-blancs-coin-droit\"><\/span>\n\t\tVias\t\t<span class=\"champs-blancs-arrow-down\"><\/span>\n\t<\/div>\n\n\t\n<\/a><\/div><\/div><div class=\"wp-block-column\"><div class=\"ls-cta\">\n\n<a href=\"https:\/\/www.champsblancstest.geek-tonic.dev\/fr\/camping-marseillan\/\" target=\"\" rel=\"noopener\" class=\"ls-cta__link\">\n\n\t<div class=\"ls-cta__image\"><img decoding=\"async\" src=\"https:\/\/www.champsblancstest.geek-tonic.dev\/wp-content\/uploads\/2023\/10\/camping-proche-marseillan-plage-768x368.webp\" alt=\"camping proche marseillan plage\"><\/div>\n\t<div class=\"ls-cta__title\">\n\t\t<span class=\"champs-blancs-coin-droit\"><\/span>\n\t\tMarseillan\t\t<span class=\"champs-blancs-arrow-down\"><\/span>\n\t<\/div>\n\n\t\n<\/a><\/div><\/div><div class=\"wp-block-column\"><div class=\"ls-cta\">\n\n<a href=\"https:\/\/www.champsblancstest.geek-tonic.dev\/fr\/camping-sete\/\" target=\"\" rel=\"noopener\" class=\"ls-cta__link\">\n\n\t<div class=\"ls-cta__image\"><img decoding=\"async\" src=\"https:\/\/www.champsblancstest.geek-tonic.dev\/wp-content\/uploads\/2023\/09\/camping-sete7-768x518.webp\" alt=\"camping s\u00e8te7\"><\/div>\n\t<div class=\"ls-cta__title\">\n\t\t<span class=\"champs-blancs-coin-droit\"><\/span>\n\t\tS\u00e8te\t\t<span class=\"champs-blancs-arrow-down\"><\/span>\n\t<\/div>\n\n\t\n<\/a><\/div><\/div><\/div><\/div>\n\n    <\/div>\n<\/section>","protected":false},"excerpt":{"rendered":"","protected":false},"author":1,"featured_media":8897,"parent":0,"menu_order":0,"comment_status":"closed","ping_status":"closed","template":"","meta":{"_acf_changed":false,"footnotes":""},"sujet":[],"class_list":["post-247","page","type-page","status-publish","has-post-thumbnail","hentry"],"acf":[],"yoast_head":"<!-- This site is optimized with the Yoast SEO plugin v22.6 - https:\/\/yoast.com\/wordpress\/plugins\/seo\/ -->\n<title>Camping Pezenas | Camping avec piscine et location mobil home Pezenas<\/title>\n<meta name=\"description\" content=\"Envie d&#039;un camping \u00e0 P\u00e9zenas ? D\u00e9couvrez le camping 5* Les Champs Blancs avec ses 3000 m\u00b2 de parc aquatique en plein coeur de l&#039;H\u00e9rault !\" \/>\n<meta name=\"robots\" content=\"noindex, follow, max-snippet:-1, max-image-preview:large, max-video-preview:-1\" \/>\n<meta property=\"og:locale\" content=\"fr_FR\" \/>\n<meta property=\"og:type\" content=\"article\" \/>\n<meta property=\"og:title\" content=\"Camping Pezenas | Camping avec piscine et location mobil home Pezenas\" \/>\n<meta property=\"og:description\" content=\"Envie d&#039;un camping \u00e0 P\u00e9zenas ? D\u00e9couvrez le camping 5* Les Champs Blancs avec ses 3000 m\u00b2 de parc aquatique en plein coeur de l&#039;H\u00e9rault !\" \/>\n<meta property=\"og:url\" content=\"https:\/\/www.champsblancstest.geek-tonic.dev\/fr\/camping-pezenas\/\" \/>\n<meta property=\"og:site_name\" content=\"Les Champs Blancs\" \/>\n<meta property=\"article:modified_time\" content=\"2023-10-30T09:39:26+00:00\" \/>\n<meta property=\"og:image\" content=\"https:\/\/www.champsblancstest.geek-tonic.dev\/wp-content\/uploads\/2023\/09\/camping-pezenas-4-scaled.webp\" \/>\n\t<meta property=\"og:image:width\" content=\"2560\" \/>\n\t<meta property=\"og:image:height\" content=\"1700\" \/>\n\t<meta property=\"og:image:type\" content=\"image\/webp\" \/>\n<meta name=\"twitter:card\" content=\"summary_large_image\" \/>\n<meta name=\"twitter:label1\" content=\"Dur\u00e9e de lecture estim\u00e9e\" \/>\n\t<meta name=\"twitter:data1\" content=\"4 minutes\" \/>\n<script type=\"application\/ld+json\" class=\"yoast-schema-graph\">{\"@context\":\"https:\/\/schema.org\",\"@graph\":[{\"@type\":\"WebPage\",\"@id\":\"https:\/\/www.champsblancstest.geek-tonic.dev\/fr\/camping-pezenas\/\",\"url\":\"https:\/\/www.champsblancstest.geek-tonic.dev\/fr\/camping-pezenas\/\",\"name\":\"Camping Pezenas | Camping avec piscine et location mobil home Pezenas\",\"isPartOf\":{\"@id\":\"https:\/\/www.champsblancstest.geek-tonic.dev\/fr\/#website\"},\"primaryImageOfPage\":{\"@id\":\"https:\/\/www.champsblancstest.geek-tonic.dev\/fr\/camping-pezenas\/#primaryimage\"},\"image\":{\"@id\":\"https:\/\/www.champsblancstest.geek-tonic.dev\/fr\/camping-pezenas\/#primaryimage\"},\"thumbnailUrl\":\"https:\/\/www.champsblancstest.geek-tonic.dev\/wp-content\/uploads\/2023\/09\/camping-pezenas-4-scaled.webp\",\"datePublished\":\"2023-07-17T08:59:32+00:00\",\"dateModified\":\"2023-10-30T09:39:26+00:00\",\"description\":\"Envie d'un camping \u00e0 P\u00e9zenas ? D\u00e9couvrez le camping 5* Les Champs Blancs avec ses 3000 m\u00b2 de parc aquatique en plein coeur de l'H\u00e9rault !\",\"breadcrumb\":{\"@id\":\"https:\/\/www.champsblancstest.geek-tonic.dev\/fr\/camping-pezenas\/#breadcrumb\"},\"inLanguage\":\"fr-FR\",\"potentialAction\":[{\"@type\":\"ReadAction\",\"target\":[\"https:\/\/www.champsblancstest.geek-tonic.dev\/fr\/camping-pezenas\/\"]}]},{\"@type\":\"ImageObject\",\"inLanguage\":\"fr-FR\",\"@id\":\"https:\/\/www.champsblancstest.geek-tonic.dev\/fr\/camping-pezenas\/#primaryimage\",\"url\":\"https:\/\/www.champsblancstest.geek-tonic.dev\/wp-content\/uploads\/2023\/09\/camping-pezenas-4-scaled.webp\",\"contentUrl\":\"https:\/\/www.champsblancstest.geek-tonic.dev\/wp-content\/uploads\/2023\/09\/camping-pezenas-4-scaled.webp\",\"width\":2560,\"height\":1700,\"caption\":\"camping p\u00e9zenas 4\"},{\"@type\":\"BreadcrumbList\",\"@id\":\"https:\/\/www.champsblancstest.geek-tonic.dev\/fr\/camping-pezenas\/#breadcrumb\",\"itemListElement\":[{\"@type\":\"ListItem\",\"position\":1,\"name\":\"Camping Cap d\u2019Agde\",\"item\":\"https:\/\/www.champsblancstest.geek-tonic.dev\/fr\/\"},{\"@type\":\"ListItem\",\"position\":2,\"name\":\"Pezenas camping\"}]},{\"@type\":\"WebSite\",\"@id\":\"https:\/\/www.champsblancstest.geek-tonic.dev\/fr\/#website\",\"url\":\"https:\/\/www.champsblancstest.geek-tonic.dev\/fr\/\",\"name\":\"Les Champs Blancs\",\"description\":\"\",\"publisher\":{\"@id\":\"https:\/\/www.champsblancstest.geek-tonic.dev\/fr\/#organization\"},\"potentialAction\":[{\"@type\":\"SearchAction\",\"target\":{\"@type\":\"EntryPoint\",\"urlTemplate\":\"https:\/\/www.champsblancstest.geek-tonic.dev\/fr\/?s={search_term_string}\"},\"query-input\":\"required name=search_term_string\"}],\"inLanguage\":\"fr-FR\"},{\"@type\":\"Organization\",\"@id\":\"https:\/\/www.champsblancstest.geek-tonic.dev\/fr\/#organization\",\"name\":\"Les Champs Blancs\",\"url\":\"https:\/\/www.champsblancstest.geek-tonic.dev\/fr\/\",\"logo\":{\"@type\":\"ImageObject\",\"inLanguage\":\"fr-FR\",\"@id\":\"https:\/\/www.champsblancstest.geek-tonic.dev\/fr\/#\/schema\/logo\/image\/\",\"url\":\"https:\/\/www.champsblancstest.geek-tonic.dev\/wp-content\/uploads\/2023\/07\/logo-blanc-camping-les-champs-blancs.webp\",\"contentUrl\":\"https:\/\/www.champsblancstest.geek-tonic.dev\/wp-content\/uploads\/2023\/07\/logo-blanc-camping-les-champs-blancs.webp\",\"width\":821,\"height\":657,\"caption\":\"Les Champs Blancs\"},\"image\":{\"@id\":\"https:\/\/www.champsblancstest.geek-tonic.dev\/fr\/#\/schema\/logo\/image\/\"}}]}<\/script>\n<!-- \/ Yoast SEO plugin. -->","yoast_head_json":{"title":"Camping Pezenas | Camping avec piscine et location mobil home Pezenas","description":"Envie d'un camping \u00e0 P\u00e9zenas ? D\u00e9couvrez le camping 5* Les Champs Blancs avec ses 3000 m\u00b2 de parc aquatique en plein coeur de l'H\u00e9rault !","robots":{"index":"noindex","follow":"follow","max-snippet":"max-snippet:-1","max-image-preview":"max-image-preview:large","max-video-preview":"max-video-preview:-1"},"og_locale":"fr_FR","og_type":"article","og_title":"Camping Pezenas | Camping avec piscine et location mobil home Pezenas","og_description":"Envie d'un camping \u00e0 P\u00e9zenas ? D\u00e9couvrez le camping 5* Les Champs Blancs avec ses 3000 m\u00b2 de parc aquatique en plein coeur de l'H\u00e9rault !","og_url":"https:\/\/www.champsblancstest.geek-tonic.dev\/fr\/camping-pezenas\/","og_site_name":"Les Champs Blancs","article_modified_time":"2023-10-30T09:39:26+00:00","og_image":[{"width":2560,"height":1700,"url":"https:\/\/www.champsblancstest.geek-tonic.dev\/wp-content\/uploads\/2023\/09\/camping-pezenas-4-scaled.webp","type":"image\/webp"}],"twitter_card":"summary_large_image","twitter_misc":{"Dur\u00e9e de lecture estim\u00e9e":"4 minutes"},"schema":{"@context":"https:\/\/schema.org","@graph":[{"@type":"WebPage","@id":"https:\/\/www.champsblancstest.geek-tonic.dev\/fr\/camping-pezenas\/","url":"https:\/\/www.champsblancstest.geek-tonic.dev\/fr\/camping-pezenas\/","name":"Camping Pezenas | Camping avec piscine et location mobil home Pezenas","isPartOf":{"@id":"https:\/\/www.champsblancstest.geek-tonic.dev\/fr\/#website"},"primaryImageOfPage":{"@id":"https:\/\/www.champsblancstest.geek-tonic.dev\/fr\/camping-pezenas\/#primaryimage"},"image":{"@id":"https:\/\/www.champsblancstest.geek-tonic.dev\/fr\/camping-pezenas\/#primaryimage"},"thumbnailUrl":"https:\/\/www.champsblancstest.geek-tonic.dev\/wp-content\/uploads\/2023\/09\/camping-pezenas-4-scaled.webp","datePublished":"2023-07-17T08:59:32+00:00","dateModified":"2023-10-30T09:39:26+00:00","description":"Envie d'un camping \u00e0 P\u00e9zenas ? D\u00e9couvrez le camping 5* Les Champs Blancs avec ses 3000 m\u00b2 de parc aquatique en plein coeur de l'H\u00e9rault !","breadcrumb":{"@id":"https:\/\/www.champsblancstest.geek-tonic.dev\/fr\/camping-pezenas\/#breadcrumb"},"inLanguage":"fr-FR","potentialAction":[{"@type":"ReadAction","target":["https:\/\/www.champsblancstest.geek-tonic.dev\/fr\/camping-pezenas\/"]}]},{"@type":"ImageObject","inLanguage":"fr-FR","@id":"https:\/\/www.champsblancstest.geek-tonic.dev\/fr\/camping-pezenas\/#primaryimage","url":"https:\/\/www.champsblancstest.geek-tonic.dev\/wp-content\/uploads\/2023\/09\/camping-pezenas-4-scaled.webp","contentUrl":"https:\/\/www.champsblancstest.geek-tonic.dev\/wp-content\/uploads\/2023\/09\/camping-pezenas-4-scaled.webp","width":2560,"height":1700,"caption":"camping p\u00e9zenas 4"},{"@type":"BreadcrumbList","@id":"https:\/\/www.champsblancstest.geek-tonic.dev\/fr\/camping-pezenas\/#breadcrumb","itemListElement":[{"@type":"ListItem","position":1,"name":"Camping Cap d\u2019Agde","item":"https:\/\/www.champsblancstest.geek-tonic.dev\/fr\/"},{"@type":"ListItem","position":2,"name":"Pezenas camping"}]},{"@type":"WebSite","@id":"https:\/\/www.champsblancstest.geek-tonic.dev\/fr\/#website","url":"https:\/\/www.champsblancstest.geek-tonic.dev\/fr\/","name":"Les Champs Blancs","description":"","publisher":{"@id":"https:\/\/www.champsblancstest.geek-tonic.dev\/fr\/#organization"},"potentialAction":[{"@type":"SearchAction","target":{"@type":"EntryPoint","urlTemplate":"https:\/\/www.champsblancstest.geek-tonic.dev\/fr\/?s={search_term_string}"},"query-input":"required name=search_term_string"}],"inLanguage":"fr-FR"},{"@type":"Organization","@id":"https:\/\/www.champsblancstest.geek-tonic.dev\/fr\/#organization","name":"Les Champs Blancs","url":"https:\/\/www.champsblancstest.geek-tonic.dev\/fr\/","logo":{"@type":"ImageObject","inLanguage":"fr-FR","@id":"https:\/\/www.champsblancstest.geek-tonic.dev\/fr\/#\/schema\/logo\/image\/","url":"https:\/\/www.champsblancstest.geek-tonic.dev\/wp-content\/uploads\/2023\/07\/logo-blanc-camping-les-champs-blancs.webp","contentUrl":"https:\/\/www.champsblancstest.geek-tonic.dev\/wp-content\/uploads\/2023\/07\/logo-blanc-camping-les-champs-blancs.webp","width":821,"height":657,"caption":"Les Champs Blancs"},"image":{"@id":"https:\/\/www.champsblancstest.geek-tonic.dev\/fr\/#\/schema\/logo\/image\/"}}]}},"_links":{"self":[{"href":"https:\/\/www.champsblancstest.geek-tonic.dev\/fr\/wp-json\/wp\/v2\/pages\/247","targetHints":{"allow":["GET"]}}],"collection":[{"href":"https:\/\/www.champsblancstest.geek-tonic.dev\/fr\/wp-json\/wp\/v2\/pages"}],"about":[{"href":"https:\/\/www.champsblancstest.geek-tonic.dev\/fr\/wp-json\/wp\/v2\/types\/page"}],"author":[{"embeddable":true,"href":"https:\/\/www.champsblancstest.geek-tonic.dev\/fr\/wp-json\/wp\/v2\/users\/1"}],"replies":[{"embeddable":true,"href":"https:\/\/www.champsblancstest.geek-tonic.dev\/fr\/wp-json\/wp\/v2\/comments?post=247"}],"version-history":[{"count":17,"href":"https:\/\/www.champsblancstest.geek-tonic.dev\/fr\/wp-json\/wp\/v2\/pages\/247\/revisions"}],"predecessor-version":[{"id":15607,"href":"https:\/\/www.champsblancstest.geek-tonic.dev\/fr\/wp-json\/wp\/v2\/pages\/247\/revisions\/15607"}],"wp:featuredmedia":[{"embeddable":true,"href":"https:\/\/www.champsblancstest.geek-tonic.dev\/fr\/wp-json\/wp\/v2\/media\/8897"}],"wp:attachment":[{"href":"https:\/\/www.champsblancstest.geek-tonic.dev\/fr\/wp-json\/wp\/v2\/media?parent=247"}],"wp:term":[{"taxonomy":"sujet","embeddable":true,"href":"https:\/\/www.champsblancstest.geek-tonic.dev\/fr\/wp-json\/wp\/v2\/sujet?post=247"}],"curies":[{"name":"wp","href":"https:\/\/api.w.org\/{rel}","templated":true}]}}