{"id":249,"date":"2023-07-17T10:59:42","date_gmt":"2023-07-17T08:59:42","guid":{"rendered":"https:\/\/www.champsblancstest.geek-tonic.dev\/?page_id=249"},"modified":"2023-10-10T10:53:21","modified_gmt":"2023-10-10T08:53:21","slug":"camping-acsi","status":"publish","type":"page","link":"https:\/\/www.champsblancstest.geek-tonic.dev\/fr\/camping-acsi\/","title":{"rendered":"Camping ACSI \u00e0 Agde"},"content":{"rendered":"<section id=\"ls-section-block_0a04aca4ec825decf8440c501fce1a7d\" class=\"ls-section  home-first page-one\" >\n        <div class=\"container container--full\">\n        \n\n<div class=\"wp-block-columns are-vertically-aligned-center is-layout-flex wp-container-core-columns-is-layout-9d6595d7 wp-block-columns-is-layout-flex\">\n<div class=\"wp-block-column is-vertically-aligned-center is-layout-flow wp-block-column-is-layout-flow\" style=\"flex-basis:53%\">\n<figure class=\"wp-block-gallery has-nested-images columns-default is-cropped animated fadeInLeft slow wp-block-gallery-1 is-layout-flex wp-block-gallery-is-layout-flex\">\n<figure class=\"wp-block-image size-full\"><a href=\"https:\/\/www.champsblancstest.geek-tonic.dev\/wp-content\/uploads\/2023\/10\/camping-resort-les-champs-blancs151.webp\"><img decoding=\"async\" width=\"1280\" height=\"1707\" data-id=\"9938\" src=\"https:\/\/www.champsblancstest.geek-tonic.dev\/wp-content\/uploads\/2023\/10\/camping-resort-les-champs-blancs151-edited.webp\" alt=\"camping resort les champs blancs 151\" class=\"wp-image-9938\" srcset=\"https:\/\/www.champsblancstest.geek-tonic.dev\/wp-content\/uploads\/2023\/10\/camping-resort-les-champs-blancs151-edited.webp 1280w, https:\/\/www.champsblancstest.geek-tonic.dev\/wp-content\/uploads\/2023\/10\/camping-resort-les-champs-blancs151-edited-225x300.webp 225w, https:\/\/www.champsblancstest.geek-tonic.dev\/wp-content\/uploads\/2023\/10\/camping-resort-les-champs-blancs151-edited-768x1024.webp 768w, https:\/\/www.champsblancstest.geek-tonic.dev\/wp-content\/uploads\/2023\/10\/camping-resort-les-champs-blancs151-edited-1152x1536.webp 1152w\" sizes=\"(max-width: 1280px) 100vw, 1280px\" \/><\/a><\/figure>\n<\/figure>\n<\/div>\n\n\n\n<div class=\"wp-block-column is-vertically-aligned-center is-layout-flow wp-block-column-is-layout-flow\" style=\"flex-basis:47%\">\n<h1 class=\"ls__heading wp-block-heading\">Camping ACSI <strong>au Cap d&rsquo;Agde<\/strong><\/h1>\n\n\n\n<p class=\"ls-paragraph\"><a href=\"https:\/\/www.champsblancstest.geek-tonic.dev\/fr\/\">Le camping 5 \u00e9toiles des Champs Blancs<\/a>\u00a0est accueillant en haute comme en basse saison gr\u00e2ce \u00e0 ses \u00e9quipements nombreux et sa situation id\u00e9ale pr\u00e8s des plages. Les vacanciers qui disposent de\u00a0<strong>la carte ACSI<\/strong>\u00a0peuvent\u00a0<a href=\"https:\/\/www.champsblancstest.geek-tonic.dev\/fr\/camping-pas-cher-agde\/\">profiter d\u2019offres avantageuses aux Champs Blancs<\/a>\u00a0: r\u00e9servez d\u00e8s maintenant dans notre camping familial au Cap d\u2019Agde !<\/p>\n<\/div>\n<\/div>\n\n\n    <\/div>\n<\/section>\n\n<section id=\"ls-section-block_89d969caa5296536b23062f7c4d2ba32\" class=\"ls-section  home-first page-two\" >\n        <div class=\"container container--full\">\n        \n\n<div class=\"wp-block-columns are-vertically-aligned-center is-layout-flex wp-container-core-columns-is-layout-9d6595d7 wp-block-columns-is-layout-flex\">\n<div class=\"wp-block-column is-vertically-aligned-center is-layout-flow wp-block-column-is-layout-flow\" style=\"flex-basis:47%\">\n<h2 class=\"ls__heading wp-block-heading\">Qu&rsquo;est-ce qu&rsquo;un camping ACSI ?<\/h2>\n\n\n\n<p class=\"ls-paragraph\">Sp\u00e9cialiste du camping en Europe,\u00a0<strong>ACSI<\/strong>\u00a0\u00e9dite chaque ann\u00e9e un prestigieux guide des plus beaux campings de bord de mer comme de campagne.\u00a0<strong>La CampingCard ACSI<\/strong>\u00a0est aussi propos\u00e9e par le guide : il s\u2019agit d\u2019une carte de r\u00e9duction pour la basse saison, qui permet de profiter de remises allant jusqu\u2019\u00e0 60 % sur les s\u00e9jours campings, \u00e0 travers\u00a0<strong>5 tarifs ACSI tr\u00e8s avantageux<\/strong>\u00a0(fix\u00e9s selon la gamme du camping). <strong>Avec la carte ACSI<\/strong>, jusqu\u2019\u00e0 3 enfants de moins de 6 ans peuvent s\u00e9journer gratuitement dans un large choix de campings en France et en Europe. La carte est payante et propos\u00e9e au prix de 12,95 euros : elle est valable une ann\u00e9e pour deux adultes, et son tarif peut \u00eatre amorti d\u00e8s le premier s\u00e9jour. La CampingCard est utilisable dans les campings r\u00e9f\u00e9renc\u00e9s par\u00a0<strong>le guide ACSI<\/strong>\u00a0et s\u00e9lectionn\u00e9s pour la qualit\u00e9 de leurs prestations. La liste des campings adh\u00e9rents est disponible dans le guide papier, sur le site internet ACSI ainsi que sur l\u2019application mobile.\u00a0<strong>Un camping ACSI<\/strong>\u00a0garantit aux vacanciers un accueil privil\u00e9gi\u00e9 hors saison, avec la mise \u00e0 disposition de la majorit\u00e9 des installations de loisirs.<\/p>\n<\/div>\n\n\n\n<div class=\"wp-block-column is-vertically-aligned-center is-layout-flow wp-block-column-is-layout-flow\" style=\"flex-basis:53%\">\n<figure class=\"wp-block-gallery aligncenter has-nested-images columns-default is-cropped animated fadeInRight slow delay-200ms wp-block-gallery-2 is-layout-flex wp-block-gallery-is-layout-flex\"><div class=\"wp-block-image\">\n<figure class=\"aligncenter size-full\"><a href=\"https:\/\/www.champsblancstest.geek-tonic.dev\/wp-content\/uploads\/2023\/10\/camping-les-champs-blancs14-scaled.webp\"><img decoding=\"async\" width=\"2560\" height=\"1380\" data-id=\"9914\" src=\"https:\/\/www.champsblancstest.geek-tonic.dev\/wp-content\/uploads\/2023\/10\/camping-les-champs-blancs14-scaled.webp\" alt=\"camping les champs blancs14\" class=\"wp-image-9914\" style=\"object-fit:contain\" srcset=\"https:\/\/www.champsblancstest.geek-tonic.dev\/wp-content\/uploads\/2023\/10\/camping-les-champs-blancs14-scaled.webp 2560w, https:\/\/www.champsblancstest.geek-tonic.dev\/wp-content\/uploads\/2023\/10\/camping-les-champs-blancs14-300x162.webp 300w, https:\/\/www.champsblancstest.geek-tonic.dev\/wp-content\/uploads\/2023\/10\/camping-les-champs-blancs14-1024x552.webp 1024w, https:\/\/www.champsblancstest.geek-tonic.dev\/wp-content\/uploads\/2023\/10\/camping-les-champs-blancs14-768x414.webp 768w, https:\/\/www.champsblancstest.geek-tonic.dev\/wp-content\/uploads\/2023\/10\/camping-les-champs-blancs14-1536x828.webp 1536w, https:\/\/www.champsblancstest.geek-tonic.dev\/wp-content\/uploads\/2023\/10\/camping-les-champs-blancs14-2048x1104.webp 2048w\" sizes=\"(max-width: 2560px) 100vw, 2560px\" \/><\/a><\/figure>\n<\/div><\/figure>\n<\/div>\n<\/div>\n\n\n    <\/div>\n<\/section>\n\n<section id=\"ls-section-block_a3259038263a1c843c5885e65f760533\" class=\"ls-section  home-sixth page-three has-background-image has-parallax-child\" >\n    <div class=\"ls-section__background-image opacity-100\"><img decoding=\"async\" src=\"https:\/\/www.champsblancstest.geek-tonic.dev\/wp-content\/uploads\/2023\/10\/camping-les-champs-blancs34.webp\" alt=\"camping les champs blancs34\"><\/div>    <div class=\"container container--wide\">\n        \n\n<div class=\"wp-block-columns are-vertically-aligned-center is-layout-flex wp-container-core-columns-is-layout-9d6595d7 wp-block-columns-is-layout-flex\">\n<div class=\"wp-block-column is-vertically-aligned-center wp-block-column__text animated fadeInUp delay-100ms slow is-layout-flow wp-block-column-is-layout-flow\" style=\"flex-basis:66.66%\">\n<h2 class=\"ls__heading wp-block-heading\">Comment obtenir la carte ACSI ?<\/h2>\n\n\n\n<p class=\"ls-paragraph\"><strong>La carte ACSI<\/strong>&nbsp;se commande en quelques clics en ligne :<\/p>\n\n\n\n<ol class=\"ls-list wp-block-list\">\n<li>Rendez-vous sur&nbsp;<a href=\"https:\/\/www.campingcard.fr\/information-supplementaire\/commander-la-campingcard-acsi\/\" rel=\"noreferrer noopener\" target=\"_blank\">le site CampingCard.fr<\/a><\/li>\n\n\n\n<li>Cliquez sur le bouton \u00ab Commander la CampingCard ACSI \u00bb<\/li>\n\n\n\n<li>Choisissez la formule avec guide du campeur classique ou guide du camping-cariste<\/li>\n\n\n\n<li>S\u00e9lectionnez la langue d\u2019\u00e9dition de votre guide<\/li>\n\n\n\n<li>Ajoutez au panier<\/li>\n\n\n\n<li>Ajoutez \u00e9galement si vous le souhaitez l\u2019application mobile \u00e0 5,49 euros<\/li>\n\n\n\n<li>R\u00e9glez en ligne<\/li>\n\n\n\n<li>\u00c0 r\u00e9ception de votre commande, remplissez votre carte et signez-la.<\/li>\n<\/ol>\n\n\n\n<p class=\"ls-paragraph\"><strong>La carte ACSI<\/strong>&nbsp;est \u00e0 pr\u00e9senter \u00e0 votre arriv\u00e9e dans un camping adh\u00e9rent, ainsi qu\u2019\u00e0 votre d\u00e9part au moment de r\u00e9gler votre s\u00e9jour.<\/p>\n<\/div>\n\n\n\n<div class=\"wp-block-column is-vertically-aligned-center is-layout-flow wp-block-column-is-layout-flow\" style=\"flex-basis:33.33%\">\n<div id=\"ls-heading ls-titre-div-block_a223392db48a7dc3ae264a2e3d8c175e\" class=\"ls-titre-div h1-like\" >\n    Les avantages<br \/><strong>pour vos vacances<\/strong><\/div>\n<\/div>\n<\/div>\n\n\n    <\/div>\n<\/section>\n\n<section id=\"ls-section-block_0a04aca4ec825decf8440c501fce1a7d\" class=\"ls-section  home-first page-one\" >\n        <div class=\"container container--full\">\n        \n\n<div class=\"wp-block-columns are-vertically-aligned-center is-layout-flex wp-container-core-columns-is-layout-9d6595d7 wp-block-columns-is-layout-flex\">\n<div class=\"wp-block-column is-vertically-aligned-center is-layout-flow wp-block-column-is-layout-flow\" style=\"flex-basis:53%\">\n<figure class=\"wp-block-gallery has-nested-images columns-default is-cropped animated fadeInLeft slow wp-block-gallery-3 is-layout-flex wp-block-gallery-is-layout-flex\">\n<figure class=\"wp-block-image size-full\"><a href=\"https:\/\/www.champsblancstest.geek-tonic.dev\/wp-content\/uploads\/2023\/10\/6393047d45d1f.jpeg\"><img decoding=\"async\" width=\"500\" height=\"280\" data-id=\"9908\" src=\"https:\/\/www.champsblancstest.geek-tonic.dev\/wp-content\/uploads\/2023\/10\/6393047d45d1f.jpeg\" alt=\"carte ACSI camping\" class=\"wp-image-9908\" srcset=\"https:\/\/www.champsblancstest.geek-tonic.dev\/wp-content\/uploads\/2023\/10\/6393047d45d1f.jpeg 500w, https:\/\/www.champsblancstest.geek-tonic.dev\/wp-content\/uploads\/2023\/10\/6393047d45d1f-300x168.jpeg 300w\" sizes=\"(max-width: 500px) 100vw, 500px\" \/><\/a><\/figure>\n<\/figure>\n<\/div>\n\n\n\n<div class=\"wp-block-column is-vertically-aligned-center is-layout-flow wp-block-column-is-layout-flow\" style=\"flex-basis:47%\">\n<h2 class=\"ls__heading wp-block-heading\">Profiter des r\u00e9ductions ACSI au camping les Champs Blancs \u00e0 Agde<\/h2>\n\n\n\n<p class=\"ls-paragraph\"><a href=\"https:\/\/www.champsblancstest.geek-tonic.dev\/fr\/caravaning-cap-agde\/\">R\u00e9servez un emplacement pour deux personnes \u00e0 seulement 22 euros la nuit\u00e9e<\/a>\u00a0au camping 5 \u00e9toiles des Champs Blancs gr\u00e2ce\u00a0<strong>\u00e0 votre carte ACSI<\/strong>\u00a0! Ce tarif tr\u00e8s avantageux comprend l\u2019emplacement pour un v\u00e9hicule et une tente ou une caravane, l\u2019\u00e9lectricit\u00e9, la TVA, et deux personnes adultes.\u00a0<strong>La carte ACSI<\/strong>\u00a0est accept\u00e9e d\u00e8s le d\u00e9but du mois d\u2019avril et jusqu\u2019au30 juin, puis \u00e0 partir du 28 aout jusqu\u2019\u00e0 la mi-octobre : un choix tr\u00e8s large pour vous permettre de profiter\u00a0<strong>des r\u00e9ductions ACSI<\/strong>\u00a0m\u00eame en \u00e9t\u00e9.<\/p>\n<\/div>\n<\/div>\n\n\n    <\/div>\n<\/section>\n\n<section id=\"ls-section-block_c4ea79254e32c1d31cd0df6bc4309ea1\" class=\"ls-section  page-four animated fadeInUp slow delay-100ms\" >\n        <div class=\"container container--wide\">\n        \n\n<div id=\"ls-heading ls-titre-div-block_27fbc5f3eede51f7e5317e9abc8bc18a\" class=\"ls-titre-div aligncenter h2-like\" >\n    D\u00e9couvrez notre camping<\/div>\n\n\n<div id=\"ls-maillage-block_e45cd0e4e770846343a15ace3db2a6e0\" class=\"ls-maillage cta-style-normal\" data-rows=\"3\">\n    <div class=\"wp-block-columns\"><div class=\"wp-block-column\"><div class=\"ls-cta\">\n\n<a href=\"https:\/\/www.champsblancstest.geek-tonic.dev\/fr\/camping-parc-aquatique-cap-agde\/\" target=\"\" rel=\"noopener\" class=\"ls-cta__link\">\n\n\t<div class=\"ls-cta__image\"><img decoding=\"async\" src=\"https:\/\/www.champsblancstest.geek-tonic.dev\/wp-content\/uploads\/2023\/10\/camping-avec-parc-aquatique-agde-1-768x1152.webp\" alt=\"camping avec parc aquatique agde\"><\/div>\n\t<div class=\"ls-cta__title\">\n\t\t<span class=\"champs-blancs-coin-droit\"><\/span>\n\t\tLa piscine\t\t<span class=\"champs-blancs-arrow-down\"><\/span>\n\t<\/div>\n\n\t\n<\/a><\/div><\/div><div class=\"wp-block-column\"><div class=\"ls-cta\">\n\n<a href=\"https:\/\/www.champsblancstest.geek-tonic.dev\/fr\/camping-bord-de-mer-cap-agde\/\" target=\"\" rel=\"noopener\" class=\"ls-cta__link\">\n\n\t<div class=\"ls-cta__image\"><img decoding=\"async\" src=\"https:\/\/www.champsblancstest.geek-tonic.dev\/wp-content\/uploads\/2023\/09\/camping-mer-plage-agde6-1-768x356.webp\" alt=\"camping mer plage agde6\"><\/div>\n\t<div class=\"ls-cta__title\">\n\t\t<span class=\"champs-blancs-coin-droit\"><\/span>\n\t\tBord de mer\t\t<span class=\"champs-blancs-arrow-down\"><\/span>\n\t<\/div>\n\n\t\n<\/a><\/div><\/div><div class=\"wp-block-column\"><div class=\"ls-cta\">\n\n<a href=\"https:\/\/www.champsblancstest.geek-tonic.dev\/fr\/restaurant-agde\/\" target=\"\" rel=\"noopener\" class=\"ls-cta__link\">\n\n\t<div class=\"ls-cta__image\"><img decoding=\"async\" src=\"https:\/\/www.champsblancstest.geek-tonic.dev\/wp-content\/uploads\/2023\/09\/restaurant-cap-agde-768x513.webp\" alt=\"restaurant cap agde\"><\/div>\n\t<div class=\"ls-cta__title\">\n\t\t<span class=\"champs-blancs-coin-droit\"><\/span>\n\t\tRestauration\t\t<span class=\"champs-blancs-arrow-down\"><\/span>\n\t<\/div>\n\n\t\n<\/a><\/div><\/div><\/div><\/div>\n\n    <\/div>\n<\/section>","protected":false},"excerpt":{"rendered":"","protected":false},"author":1,"featured_media":9924,"parent":0,"menu_order":0,"comment_status":"closed","ping_status":"closed","template":"","meta":{"_acf_changed":false,"footnotes":""},"sujet":[],"class_list":["post-249","page","type-page","status-publish","has-post-thumbnail","hentry"],"acf":[],"yoast_head":"<!-- This site is optimized with the Yoast SEO plugin v22.6 - https:\/\/yoast.com\/wordpress\/plugins\/seo\/ -->\n<title>Camping ACSI au Cap d&#039;Agde : d\u00e8s 16\u20ac la nuit\u00e9e avec la carte acsi<\/title>\n<meta name=\"robots\" content=\"noindex, follow, max-snippet:-1, max-image-preview:large, max-video-preview:-1\" \/>\n<meta property=\"og:locale\" content=\"fr_FR\" \/>\n<meta property=\"og:type\" content=\"article\" \/>\n<meta property=\"og:title\" content=\"Camping ACSI au Cap d&#039;Agde : d\u00e8s 16\u20ac la nuit\u00e9e avec la carte acsi\" \/>\n<meta property=\"og:url\" content=\"https:\/\/www.champsblancstest.geek-tonic.dev\/fr\/camping-acsi\/\" \/>\n<meta property=\"og:site_name\" content=\"Les Champs Blancs\" \/>\n<meta property=\"article:modified_time\" content=\"2023-10-10T08:53:21+00:00\" \/>\n<meta property=\"og:image\" content=\"https:\/\/www.champsblancstest.geek-tonic.dev\/wp-content\/uploads\/2023\/10\/camping-resort-les-champs-blancs11-scaled-e1696338886591.webp\" \/>\n\t<meta property=\"og:image:width\" content=\"2560\" \/>\n\t<meta property=\"og:image:height\" content=\"1271\" \/>\n\t<meta property=\"og:image:type\" content=\"image\/webp\" \/>\n<meta name=\"twitter:card\" content=\"summary_large_image\" \/>\n<meta name=\"twitter:label1\" content=\"Dur\u00e9e de lecture estim\u00e9e\" \/>\n\t<meta name=\"twitter:data1\" content=\"3 minutes\" \/>\n<script type=\"application\/ld+json\" class=\"yoast-schema-graph\">{\"@context\":\"https:\/\/schema.org\",\"@graph\":[{\"@type\":\"WebPage\",\"@id\":\"https:\/\/www.champsblancstest.geek-tonic.dev\/fr\/camping-acsi\/\",\"url\":\"https:\/\/www.champsblancstest.geek-tonic.dev\/fr\/camping-acsi\/\",\"name\":\"Camping ACSI au Cap d'Agde : d\u00e8s 16\u20ac la nuit\u00e9e avec la carte acsi\",\"isPartOf\":{\"@id\":\"https:\/\/www.champsblancstest.geek-tonic.dev\/fr\/#website\"},\"primaryImageOfPage\":{\"@id\":\"https:\/\/www.champsblancstest.geek-tonic.dev\/fr\/camping-acsi\/#primaryimage\"},\"image\":{\"@id\":\"https:\/\/www.champsblancstest.geek-tonic.dev\/fr\/camping-acsi\/#primaryimage\"},\"thumbnailUrl\":\"https:\/\/www.champsblancstest.geek-tonic.dev\/wp-content\/uploads\/2023\/10\/camping-resort-les-champs-blancs11-scaled-e1696338886591.webp\",\"datePublished\":\"2023-07-17T08:59:42+00:00\",\"dateModified\":\"2023-10-10T08:53:21+00:00\",\"breadcrumb\":{\"@id\":\"https:\/\/www.champsblancstest.geek-tonic.dev\/fr\/camping-acsi\/#breadcrumb\"},\"inLanguage\":\"fr-FR\",\"potentialAction\":[{\"@type\":\"ReadAction\",\"target\":[\"https:\/\/www.champsblancstest.geek-tonic.dev\/fr\/camping-acsi\/\"]}]},{\"@type\":\"ImageObject\",\"inLanguage\":\"fr-FR\",\"@id\":\"https:\/\/www.champsblancstest.geek-tonic.dev\/fr\/camping-acsi\/#primaryimage\",\"url\":\"https:\/\/www.champsblancstest.geek-tonic.dev\/wp-content\/uploads\/2023\/10\/camping-resort-les-champs-blancs11-scaled-e1696338886591.webp\",\"contentUrl\":\"https:\/\/www.champsblancstest.geek-tonic.dev\/wp-content\/uploads\/2023\/10\/camping-resort-les-champs-blancs11-scaled-e1696338886591.webp\",\"width\":2560,\"height\":1271,\"caption\":\"camping resort les champs blancs11\"},{\"@type\":\"BreadcrumbList\",\"@id\":\"https:\/\/www.champsblancstest.geek-tonic.dev\/fr\/camping-acsi\/#breadcrumb\",\"itemListElement\":[{\"@type\":\"ListItem\",\"position\":1,\"name\":\"Camping Cap d\u2019Agde\",\"item\":\"https:\/\/www.champsblancstest.geek-tonic.dev\/fr\/\"},{\"@type\":\"ListItem\",\"position\":2,\"name\":\"Camping ACSI \u00e0 Agde\"}]},{\"@type\":\"WebSite\",\"@id\":\"https:\/\/www.champsblancstest.geek-tonic.dev\/fr\/#website\",\"url\":\"https:\/\/www.champsblancstest.geek-tonic.dev\/fr\/\",\"name\":\"Les Champs Blancs\",\"description\":\"\",\"publisher\":{\"@id\":\"https:\/\/www.champsblancstest.geek-tonic.dev\/fr\/#organization\"},\"potentialAction\":[{\"@type\":\"SearchAction\",\"target\":{\"@type\":\"EntryPoint\",\"urlTemplate\":\"https:\/\/www.champsblancstest.geek-tonic.dev\/fr\/?s={search_term_string}\"},\"query-input\":\"required name=search_term_string\"}],\"inLanguage\":\"fr-FR\"},{\"@type\":\"Organization\",\"@id\":\"https:\/\/www.champsblancstest.geek-tonic.dev\/fr\/#organization\",\"name\":\"Les Champs Blancs\",\"url\":\"https:\/\/www.champsblancstest.geek-tonic.dev\/fr\/\",\"logo\":{\"@type\":\"ImageObject\",\"inLanguage\":\"fr-FR\",\"@id\":\"https:\/\/www.champsblancstest.geek-tonic.dev\/fr\/#\/schema\/logo\/image\/\",\"url\":\"https:\/\/www.champsblancstest.geek-tonic.dev\/wp-content\/uploads\/2023\/07\/logo-blanc-camping-les-champs-blancs.webp\",\"contentUrl\":\"https:\/\/www.champsblancstest.geek-tonic.dev\/wp-content\/uploads\/2023\/07\/logo-blanc-camping-les-champs-blancs.webp\",\"width\":821,\"height\":657,\"caption\":\"Les Champs Blancs\"},\"image\":{\"@id\":\"https:\/\/www.champsblancstest.geek-tonic.dev\/fr\/#\/schema\/logo\/image\/\"}}]}<\/script>\n<!-- \/ Yoast SEO plugin. -->","yoast_head_json":{"title":"Camping ACSI au Cap d'Agde : d\u00e8s 16\u20ac la nuit\u00e9e avec la carte acsi","robots":{"index":"noindex","follow":"follow","max-snippet":"max-snippet:-1","max-image-preview":"max-image-preview:large","max-video-preview":"max-video-preview:-1"},"og_locale":"fr_FR","og_type":"article","og_title":"Camping ACSI au Cap d'Agde : d\u00e8s 16\u20ac la nuit\u00e9e avec la carte acsi","og_url":"https:\/\/www.champsblancstest.geek-tonic.dev\/fr\/camping-acsi\/","og_site_name":"Les Champs Blancs","article_modified_time":"2023-10-10T08:53:21+00:00","og_image":[{"width":2560,"height":1271,"url":"https:\/\/www.champsblancstest.geek-tonic.dev\/wp-content\/uploads\/2023\/10\/camping-resort-les-champs-blancs11-scaled-e1696338886591.webp","type":"image\/webp"}],"twitter_card":"summary_large_image","twitter_misc":{"Dur\u00e9e de lecture estim\u00e9e":"3 minutes"},"schema":{"@context":"https:\/\/schema.org","@graph":[{"@type":"WebPage","@id":"https:\/\/www.champsblancstest.geek-tonic.dev\/fr\/camping-acsi\/","url":"https:\/\/www.champsblancstest.geek-tonic.dev\/fr\/camping-acsi\/","name":"Camping ACSI au Cap d'Agde : d\u00e8s 16\u20ac la nuit\u00e9e avec la carte acsi","isPartOf":{"@id":"https:\/\/www.champsblancstest.geek-tonic.dev\/fr\/#website"},"primaryImageOfPage":{"@id":"https:\/\/www.champsblancstest.geek-tonic.dev\/fr\/camping-acsi\/#primaryimage"},"image":{"@id":"https:\/\/www.champsblancstest.geek-tonic.dev\/fr\/camping-acsi\/#primaryimage"},"thumbnailUrl":"https:\/\/www.champsblancstest.geek-tonic.dev\/wp-content\/uploads\/2023\/10\/camping-resort-les-champs-blancs11-scaled-e1696338886591.webp","datePublished":"2023-07-17T08:59:42+00:00","dateModified":"2023-10-10T08:53:21+00:00","breadcrumb":{"@id":"https:\/\/www.champsblancstest.geek-tonic.dev\/fr\/camping-acsi\/#breadcrumb"},"inLanguage":"fr-FR","potentialAction":[{"@type":"ReadAction","target":["https:\/\/www.champsblancstest.geek-tonic.dev\/fr\/camping-acsi\/"]}]},{"@type":"ImageObject","inLanguage":"fr-FR","@id":"https:\/\/www.champsblancstest.geek-tonic.dev\/fr\/camping-acsi\/#primaryimage","url":"https:\/\/www.champsblancstest.geek-tonic.dev\/wp-content\/uploads\/2023\/10\/camping-resort-les-champs-blancs11-scaled-e1696338886591.webp","contentUrl":"https:\/\/www.champsblancstest.geek-tonic.dev\/wp-content\/uploads\/2023\/10\/camping-resort-les-champs-blancs11-scaled-e1696338886591.webp","width":2560,"height":1271,"caption":"camping resort les champs blancs11"},{"@type":"BreadcrumbList","@id":"https:\/\/www.champsblancstest.geek-tonic.dev\/fr\/camping-acsi\/#breadcrumb","itemListElement":[{"@type":"ListItem","position":1,"name":"Camping Cap d\u2019Agde","item":"https:\/\/www.champsblancstest.geek-tonic.dev\/fr\/"},{"@type":"ListItem","position":2,"name":"Camping ACSI \u00e0 Agde"}]},{"@type":"WebSite","@id":"https:\/\/www.champsblancstest.geek-tonic.dev\/fr\/#website","url":"https:\/\/www.champsblancstest.geek-tonic.dev\/fr\/","name":"Les Champs Blancs","description":"","publisher":{"@id":"https:\/\/www.champsblancstest.geek-tonic.dev\/fr\/#organization"},"potentialAction":[{"@type":"SearchAction","target":{"@type":"EntryPoint","urlTemplate":"https:\/\/www.champsblancstest.geek-tonic.dev\/fr\/?s={search_term_string}"},"query-input":"required name=search_term_string"}],"inLanguage":"fr-FR"},{"@type":"Organization","@id":"https:\/\/www.champsblancstest.geek-tonic.dev\/fr\/#organization","name":"Les Champs Blancs","url":"https:\/\/www.champsblancstest.geek-tonic.dev\/fr\/","logo":{"@type":"ImageObject","inLanguage":"fr-FR","@id":"https:\/\/www.champsblancstest.geek-tonic.dev\/fr\/#\/schema\/logo\/image\/","url":"https:\/\/www.champsblancstest.geek-tonic.dev\/wp-content\/uploads\/2023\/07\/logo-blanc-camping-les-champs-blancs.webp","contentUrl":"https:\/\/www.champsblancstest.geek-tonic.dev\/wp-content\/uploads\/2023\/07\/logo-blanc-camping-les-champs-blancs.webp","width":821,"height":657,"caption":"Les Champs Blancs"},"image":{"@id":"https:\/\/www.champsblancstest.geek-tonic.dev\/fr\/#\/schema\/logo\/image\/"}}]}},"_links":{"self":[{"href":"https:\/\/www.champsblancstest.geek-tonic.dev\/fr\/wp-json\/wp\/v2\/pages\/249","targetHints":{"allow":["GET"]}}],"collection":[{"href":"https:\/\/www.champsblancstest.geek-tonic.dev\/fr\/wp-json\/wp\/v2\/pages"}],"about":[{"href":"https:\/\/www.champsblancstest.geek-tonic.dev\/fr\/wp-json\/wp\/v2\/types\/page"}],"author":[{"embeddable":true,"href":"https:\/\/www.champsblancstest.geek-tonic.dev\/fr\/wp-json\/wp\/v2\/users\/1"}],"replies":[{"embeddable":true,"href":"https:\/\/www.champsblancstest.geek-tonic.dev\/fr\/wp-json\/wp\/v2\/comments?post=249"}],"version-history":[{"count":13,"href":"https:\/\/www.champsblancstest.geek-tonic.dev\/fr\/wp-json\/wp\/v2\/pages\/249\/revisions"}],"predecessor-version":[{"id":10222,"href":"https:\/\/www.champsblancstest.geek-tonic.dev\/fr\/wp-json\/wp\/v2\/pages\/249\/revisions\/10222"}],"wp:featuredmedia":[{"embeddable":true,"href":"https:\/\/www.champsblancstest.geek-tonic.dev\/fr\/wp-json\/wp\/v2\/media\/9924"}],"wp:attachment":[{"href":"https:\/\/www.champsblancstest.geek-tonic.dev\/fr\/wp-json\/wp\/v2\/media?parent=249"}],"wp:term":[{"taxonomy":"sujet","embeddable":true,"href":"https:\/\/www.champsblancstest.geek-tonic.dev\/fr\/wp-json\/wp\/v2\/sujet?post=249"}],"curies":[{"name":"wp","href":"https:\/\/api.w.org\/{rel}","templated":true}]}}