{"id":9328,"date":"2023-09-27T13:41:33","date_gmt":"2023-09-27T11:41:33","guid":{"rendered":"https:\/\/www.champsblancstest.geek-tonic.dev\/?page_id=9328"},"modified":"2023-11-28T11:18:10","modified_gmt":"2023-11-28T10:18:10","slug":"mentions-legales","status":"publish","type":"page","link":"https:\/\/www.champsblancstest.geek-tonic.dev\/fr\/mentions-legales\/","title":{"rendered":"Mentions l\u00e9gales"},"content":{"rendered":"\n<div class=\"wp-block-group\" style=\"margin-top:var(--wp--preset--spacing--80);margin-bottom:var(--wp--preset--spacing--80);padding-top:var(--wp--preset--spacing--60);padding-bottom:var(--wp--preset--spacing--60)\"><div class=\"wp-block-group__inner-container is-layout-constrained wp-container-core-group-is-layout-e025d9cf wp-block-group-is-layout-constrained\">\n<h1 class=\"ls__heading wp-block-heading alignwide has-text-align-center has-link-color-color has-text-color has-x-large-font-size\" style=\"margin-top:var(--wp--preset--spacing--60);margin-right:var(--wp--preset--spacing--60);margin-bottom:var(--wp--preset--spacing--60);margin-left:var(--wp--preset--spacing--60);padding-top:var(--wp--preset--spacing--60);padding-right:var(--wp--preset--spacing--60);padding-bottom:var(--wp--preset--spacing--60);padding-left:var(--wp--preset--spacing--60);text-transform:capitalize\">Mentions l\u00e9gales<\/h1>\n\n\n\n<p class=\"ls-paragraph has-text-align-center\">Consultez ci-apr\u00e8s les mentions l\u00e9gales du site internet de&nbsp;notre camping.<\/p>\n\n\n\n<h2 class=\"ls__heading wp-block-heading has-text-align-center\">\u00c9DITEUR DU SITE<\/h2>\n\n\n\n<p class=\"ls-paragraph has-text-align-center\"><strong>Entreprise<\/strong> : Camping Resort les Champs Blancs ***** <br>Repr\u00e9sent\u00e9e par M. Rapha\u00ebl Jullien en sa qualit\u00e9 de G\u00e9rant.<br>Num\u00e9ro de SIRET : 344 735 014 00013<br>SIREN : 344 735 014<br>Tel : +33 (0)4 67 94 23 42<br>Adresse : 76 Route de Rochelongue 34300 Agde<br>Email :&nbsp;contact@champsblancstest.geek-tonic.dev<br><\/p>\n\n\n\n<h2 class=\"ls__heading wp-block-heading has-text-align-center\">R\u00c9ALISATION<\/h2>\n\n\n\n<p class=\"ls-paragraph has-text-align-center\"><strong>GEEK TONIC<\/strong>, Repr\u00e9sent\u00e9e par M. Yohan Darmayan en sa qualit\u00e9 de G\u00e9rant<br>Si\u00e8ge social : 50 Avenue du Lac Marion 64200 Biarritz<br>T\u00e9l : 05 32 74 11 52<br>E-mail : support@geek-tonic.com<br>Site web :&nbsp;<a href=\"https:\/\/www.geek-tonic.com\/\" target=\"_blank\" rel=\"noreferrer noopener\">www.geek-tonic.com<\/a><br>SIRET : 89746755100015<br>APE : 6201Z<\/p>\n\n\n\n<h2 class=\"ls__heading wp-block-heading has-text-align-center\">DROITS D\u2019AUTEUR ET COPYRIGHT<\/h2>\n\n\n\n<p class=\"ls-paragraph has-text-align-center\">L\u2019ensemble du contenu de ce site d\u00e9pend du droit d\u2019auteur ainsi que de la propri\u00e9t\u00e9 intellectuelle de la l\u00e9gislation fran\u00e7aise<br>Toute reproduction (y compris les photos, les ic\u00f4nes et les documents t\u00e9l\u00e9chargeables) est interdite sans accord pr\u00e9alable de GEEK TONIC.<br>La reproduction sur un support \u00e9lectronique de tout ou partie du site sur un format papier ou \u00e9lectronique est prohib\u00e9e.<br>GEEK TONIC d\u00e9cline toute responsabilit\u00e9 concernant le contenu pr\u00e9sent sur le site internet.<br>GEEK TONIC d\u00e9cline \u00e9galement toute responsabilit\u00e9 quant aux liens externes pointant vers le site pr\u00e9sent.<\/p>\n\n\n\n<h2 class=\"ls__heading wp-block-heading has-text-align-center\">DONN\u00c9ES PERSONNELLES ET INFORMATIONS NOMINATIVES<\/h2>\n\n\n\n<p class=\"ls-paragraph has-text-align-center\">Vous disposez d\u2019un droit d\u2019acc\u00e8s, de modification, de rectification et de suppression des donn\u00e9es vous concernant selon l\u2019article 34 de la Loi \u00ab Informatique et Libert\u00e9s \u00bb n\u00b0 78-17 du 6 janvier 1978, modifi\u00e9e le 6 ao\u00fbt 2018.<br>Pour d\u00e9ployer ce droit d\u2019acc\u00e8s, vous pouvez le faire sur simple demande \u00e9crite \u00e0 l\u2019\u00e9diteur du site.<\/p>\n\n\n\n<h2 class=\"ls__heading wp-block-heading has-text-align-center\">L\u00c9GISLATION<\/h2>\n\n\n\n<p class=\"ls-paragraph has-text-align-center\">Selon la loi du 11 mars 1957 (art. 41) et du code de la propri\u00e9t\u00e9 intellectuelle du 1er juillet 1992, Il est interdit de reproduire partiellement ou totalement une partie quel qu\u2019elle soit du site sans autorisation pr\u00e9alable de l\u2019\u00e9diteur du site.<br>Les logos, visuels, photos, vid\u00e9os, chartes graphiques, textes sont la propri\u00e9t\u00e9 de leur d\u00e9tenteur respectif.<br>Ce site peut, \u00e0 son insu, avoir \u00e9t\u00e9 reli\u00e9 \u00e0 d\u2019autres sites par le biais de liens hyperm\u00e9dia. L\u2019\u00e9diteur du site d\u00e9cline toute responsabilit\u00e9 pour les informations pr\u00e9sent\u00e9es sur ces autres sites.<br>L\u2019internaute reconna\u00eet que l\u2019utilisation de ce site est r\u00e9gi par le droit fran\u00e7ais.<\/p>\n<\/div><\/div>\n","protected":false},"excerpt":{"rendered":"<p>Mentions l\u00e9gales Consultez ci-apr\u00e8s les mentions l\u00e9gales du site internet de&nbsp;notre camping. \u00c9DITEUR DU SITE Entreprise : Camping Resort les Champs Blancs ***** Repr\u00e9sent\u00e9e par M. Rapha\u00ebl Jullien en sa qualit\u00e9 de G\u00e9rant.Num\u00e9ro de SIRET : 344 735 014 00013SIREN : 344 735 014Tel : +33 (0)4 67 94 23 42Adresse : 76 Route de [&hellip;]<\/p>\n","protected":false},"author":1,"featured_media":0,"parent":0,"menu_order":0,"comment_status":"closed","ping_status":"closed","template":"","meta":{"_acf_changed":false,"footnotes":""},"sujet":[],"class_list":["post-9328","page","type-page","status-publish","hentry"],"acf":[],"yoast_head":"<!-- This site is optimized with the Yoast SEO plugin v22.6 - https:\/\/yoast.com\/wordpress\/plugins\/seo\/ -->\n<title>Mentions l\u00e9gales - Les Champs Blancs<\/title>\n<meta name=\"robots\" content=\"noindex, follow\" \/>\n<meta property=\"og:locale\" content=\"fr_FR\" \/>\n<meta property=\"og:type\" content=\"article\" \/>\n<meta property=\"og:title\" content=\"Mentions l\u00e9gales - Les Champs Blancs\" \/>\n<meta property=\"og:description\" content=\"Mentions l\u00e9gales Consultez ci-apr\u00e8s les mentions l\u00e9gales du site internet de&nbsp;notre camping. \u00c9DITEUR DU SITE Entreprise : Camping Resort les Champs Blancs ***** Repr\u00e9sent\u00e9e par M. Rapha\u00ebl Jullien en sa qualit\u00e9 de G\u00e9rant.Num\u00e9ro de SIRET : 344 735 014 00013SIREN : 344 735 014Tel : +33 (0)4 67 94 23 42Adresse : 76 Route de [&hellip;]\" \/>\n<meta property=\"og:url\" content=\"https:\/\/www.champsblancstest.geek-tonic.dev\/fr\/mentions-legales\/\" \/>\n<meta property=\"og:site_name\" content=\"Les Champs Blancs\" \/>\n<meta property=\"article:modified_time\" content=\"2023-11-28T10:18:10+00:00\" \/>\n<meta name=\"twitter:card\" content=\"summary_large_image\" \/>\n<meta name=\"twitter:label1\" content=\"Dur\u00e9e de lecture estim\u00e9e\" \/>\n\t<meta name=\"twitter:data1\" content=\"2 minutes\" \/>\n<script type=\"application\/ld+json\" class=\"yoast-schema-graph\">{\"@context\":\"https:\/\/schema.org\",\"@graph\":[{\"@type\":\"WebPage\",\"@id\":\"https:\/\/www.champsblancstest.geek-tonic.dev\/fr\/mentions-legales\/\",\"url\":\"https:\/\/www.champsblancstest.geek-tonic.dev\/fr\/mentions-legales\/\",\"name\":\"Mentions l\u00e9gales - Les Champs Blancs\",\"isPartOf\":{\"@id\":\"https:\/\/www.champsblancstest.geek-tonic.dev\/fr\/#website\"},\"datePublished\":\"2023-09-27T11:41:33+00:00\",\"dateModified\":\"2023-11-28T10:18:10+00:00\",\"breadcrumb\":{\"@id\":\"https:\/\/www.champsblancstest.geek-tonic.dev\/fr\/mentions-legales\/#breadcrumb\"},\"inLanguage\":\"fr-FR\",\"potentialAction\":[{\"@type\":\"ReadAction\",\"target\":[\"https:\/\/www.champsblancstest.geek-tonic.dev\/fr\/mentions-legales\/\"]}]},{\"@type\":\"BreadcrumbList\",\"@id\":\"https:\/\/www.champsblancstest.geek-tonic.dev\/fr\/mentions-legales\/#breadcrumb\",\"itemListElement\":[{\"@type\":\"ListItem\",\"position\":1,\"name\":\"Camping Cap d\u2019Agde\",\"item\":\"https:\/\/www.champsblancstest.geek-tonic.dev\/fr\/\"},{\"@type\":\"ListItem\",\"position\":2,\"name\":\"Mentions l\u00e9gales\"}]},{\"@type\":\"WebSite\",\"@id\":\"https:\/\/www.champsblancstest.geek-tonic.dev\/fr\/#website\",\"url\":\"https:\/\/www.champsblancstest.geek-tonic.dev\/fr\/\",\"name\":\"Les Champs Blancs\",\"description\":\"\",\"publisher\":{\"@id\":\"https:\/\/www.champsblancstest.geek-tonic.dev\/fr\/#organization\"},\"potentialAction\":[{\"@type\":\"SearchAction\",\"target\":{\"@type\":\"EntryPoint\",\"urlTemplate\":\"https:\/\/www.champsblancstest.geek-tonic.dev\/fr\/?s={search_term_string}\"},\"query-input\":\"required name=search_term_string\"}],\"inLanguage\":\"fr-FR\"},{\"@type\":\"Organization\",\"@id\":\"https:\/\/www.champsblancstest.geek-tonic.dev\/fr\/#organization\",\"name\":\"Les Champs Blancs\",\"url\":\"https:\/\/www.champsblancstest.geek-tonic.dev\/fr\/\",\"logo\":{\"@type\":\"ImageObject\",\"inLanguage\":\"fr-FR\",\"@id\":\"https:\/\/www.champsblancstest.geek-tonic.dev\/fr\/#\/schema\/logo\/image\/\",\"url\":\"https:\/\/www.champsblancstest.geek-tonic.dev\/wp-content\/uploads\/2023\/07\/logo-blanc-camping-les-champs-blancs.webp\",\"contentUrl\":\"https:\/\/www.champsblancstest.geek-tonic.dev\/wp-content\/uploads\/2023\/07\/logo-blanc-camping-les-champs-blancs.webp\",\"width\":821,\"height\":657,\"caption\":\"Les Champs Blancs\"},\"image\":{\"@id\":\"https:\/\/www.champsblancstest.geek-tonic.dev\/fr\/#\/schema\/logo\/image\/\"}}]}<\/script>\n<!-- \/ Yoast SEO plugin. -->","yoast_head_json":{"title":"Mentions l\u00e9gales - Les Champs Blancs","robots":{"index":"noindex","follow":"follow"},"og_locale":"fr_FR","og_type":"article","og_title":"Mentions l\u00e9gales - Les Champs Blancs","og_description":"Mentions l\u00e9gales Consultez ci-apr\u00e8s les mentions l\u00e9gales du site internet de&nbsp;notre camping. \u00c9DITEUR DU SITE Entreprise : Camping Resort les Champs Blancs ***** Repr\u00e9sent\u00e9e par M. Rapha\u00ebl Jullien en sa qualit\u00e9 de G\u00e9rant.Num\u00e9ro de SIRET : 344 735 014 00013SIREN : 344 735 014Tel : +33 (0)4 67 94 23 42Adresse : 76 Route de [&hellip;]","og_url":"https:\/\/www.champsblancstest.geek-tonic.dev\/fr\/mentions-legales\/","og_site_name":"Les Champs Blancs","article_modified_time":"2023-11-28T10:18:10+00:00","twitter_card":"summary_large_image","twitter_misc":{"Dur\u00e9e de lecture estim\u00e9e":"2 minutes"},"schema":{"@context":"https:\/\/schema.org","@graph":[{"@type":"WebPage","@id":"https:\/\/www.champsblancstest.geek-tonic.dev\/fr\/mentions-legales\/","url":"https:\/\/www.champsblancstest.geek-tonic.dev\/fr\/mentions-legales\/","name":"Mentions l\u00e9gales - Les Champs Blancs","isPartOf":{"@id":"https:\/\/www.champsblancstest.geek-tonic.dev\/fr\/#website"},"datePublished":"2023-09-27T11:41:33+00:00","dateModified":"2023-11-28T10:18:10+00:00","breadcrumb":{"@id":"https:\/\/www.champsblancstest.geek-tonic.dev\/fr\/mentions-legales\/#breadcrumb"},"inLanguage":"fr-FR","potentialAction":[{"@type":"ReadAction","target":["https:\/\/www.champsblancstest.geek-tonic.dev\/fr\/mentions-legales\/"]}]},{"@type":"BreadcrumbList","@id":"https:\/\/www.champsblancstest.geek-tonic.dev\/fr\/mentions-legales\/#breadcrumb","itemListElement":[{"@type":"ListItem","position":1,"name":"Camping Cap d\u2019Agde","item":"https:\/\/www.champsblancstest.geek-tonic.dev\/fr\/"},{"@type":"ListItem","position":2,"name":"Mentions l\u00e9gales"}]},{"@type":"WebSite","@id":"https:\/\/www.champsblancstest.geek-tonic.dev\/fr\/#website","url":"https:\/\/www.champsblancstest.geek-tonic.dev\/fr\/","name":"Les Champs Blancs","description":"","publisher":{"@id":"https:\/\/www.champsblancstest.geek-tonic.dev\/fr\/#organization"},"potentialAction":[{"@type":"SearchAction","target":{"@type":"EntryPoint","urlTemplate":"https:\/\/www.champsblancstest.geek-tonic.dev\/fr\/?s={search_term_string}"},"query-input":"required name=search_term_string"}],"inLanguage":"fr-FR"},{"@type":"Organization","@id":"https:\/\/www.champsblancstest.geek-tonic.dev\/fr\/#organization","name":"Les Champs Blancs","url":"https:\/\/www.champsblancstest.geek-tonic.dev\/fr\/","logo":{"@type":"ImageObject","inLanguage":"fr-FR","@id":"https:\/\/www.champsblancstest.geek-tonic.dev\/fr\/#\/schema\/logo\/image\/","url":"https:\/\/www.champsblancstest.geek-tonic.dev\/wp-content\/uploads\/2023\/07\/logo-blanc-camping-les-champs-blancs.webp","contentUrl":"https:\/\/www.champsblancstest.geek-tonic.dev\/wp-content\/uploads\/2023\/07\/logo-blanc-camping-les-champs-blancs.webp","width":821,"height":657,"caption":"Les Champs Blancs"},"image":{"@id":"https:\/\/www.champsblancstest.geek-tonic.dev\/fr\/#\/schema\/logo\/image\/"}}]}},"_links":{"self":[{"href":"https:\/\/www.champsblancstest.geek-tonic.dev\/fr\/wp-json\/wp\/v2\/pages\/9328","targetHints":{"allow":["GET"]}}],"collection":[{"href":"https:\/\/www.champsblancstest.geek-tonic.dev\/fr\/wp-json\/wp\/v2\/pages"}],"about":[{"href":"https:\/\/www.champsblancstest.geek-tonic.dev\/fr\/wp-json\/wp\/v2\/types\/page"}],"author":[{"embeddable":true,"href":"https:\/\/www.champsblancstest.geek-tonic.dev\/fr\/wp-json\/wp\/v2\/users\/1"}],"replies":[{"embeddable":true,"href":"https:\/\/www.champsblancstest.geek-tonic.dev\/fr\/wp-json\/wp\/v2\/comments?post=9328"}],"version-history":[{"count":5,"href":"https:\/\/www.champsblancstest.geek-tonic.dev\/fr\/wp-json\/wp\/v2\/pages\/9328\/revisions"}],"predecessor-version":[{"id":15767,"href":"https:\/\/www.champsblancstest.geek-tonic.dev\/fr\/wp-json\/wp\/v2\/pages\/9328\/revisions\/15767"}],"wp:attachment":[{"href":"https:\/\/www.champsblancstest.geek-tonic.dev\/fr\/wp-json\/wp\/v2\/media?parent=9328"}],"wp:term":[{"taxonomy":"sujet","embeddable":true,"href":"https:\/\/www.champsblancstest.geek-tonic.dev\/fr\/wp-json\/wp\/v2\/sujet?post=9328"}],"curies":[{"name":"wp","href":"https:\/\/api.w.org\/{rel}","templated":true}]}}