{"id":10541,"date":"2023-10-19T12:05:55","date_gmt":"2023-10-19T10:05:55","guid":{"rendered":"https:\/\/www.champsblancstest.geek-tonic.dev\/camping-bord-de-mer-cap-agde\/"},"modified":"2023-11-07T14:04:51","modified_gmt":"2023-11-07T13:04:51","slug":"camping-aan-zee-cap-agde","status":"publish","type":"page","link":"https:\/\/www.champsblancstest.geek-tonic.dev\/nl\/camping-aan-zee-cap-agde\/","title":{"rendered":"Seaside"},"content":{"rendered":"<section id=\"ls-section-block_120a606b157ec13f2d72cf68b67d0e04\" class=\"ls-section  home-first page-one\" >\n        <div class=\"container container--full\">\n        \n\n<div class=\"wp-block-columns are-vertically-aligned-center is-layout-flex wp-container-core-columns-is-layout-9d6595d7 wp-block-columns-is-layout-flex\">\n<div class=\"wp-block-column is-vertically-aligned-center is-layout-flow wp-block-column-is-layout-flow\" style=\"flex-basis:53%\">\n<figure class=\"wp-block-gallery has-nested-images columns-default is-cropped animated fadeInLeft slow wp-block-gallery-1 is-layout-flex wp-block-gallery-is-layout-flex\">\n<figure class=\"wp-block-image size-full\"><a href=\"https:\/\/www.champsblancstest.geek-tonic.dev\/wp-content\/uploads\/2023\/10\/camping-plage-brescou-cap-agde-12.webp\"><img decoding=\"async\" width=\"1920\" height=\"1080\" data-id=\"10490\" src=\"https:\/\/www.champsblancstest.geek-tonic.dev\/wp-content\/uploads\/2023\/10\/camping-plage-brescou-cap-agde-12.webp\" alt=\"camping strand brescou cap agde\" class=\"wp-image-10490\" srcset=\"https:\/\/www.champsblancstest.geek-tonic.dev\/wp-content\/uploads\/2023\/10\/camping-plage-brescou-cap-agde-12.webp 1920w, https:\/\/www.champsblancstest.geek-tonic.dev\/wp-content\/uploads\/2023\/10\/camping-plage-brescou-cap-agde-12-300x169.webp 300w, https:\/\/www.champsblancstest.geek-tonic.dev\/wp-content\/uploads\/2023\/10\/camping-plage-brescou-cap-agde-12-1024x576.webp 1024w, https:\/\/www.champsblancstest.geek-tonic.dev\/wp-content\/uploads\/2023\/10\/camping-plage-brescou-cap-agde-12-768x432.webp 768w, https:\/\/www.champsblancstest.geek-tonic.dev\/wp-content\/uploads\/2023\/10\/camping-plage-brescou-cap-agde-12-1536x864.webp 1536w\" sizes=\"(max-width: 1920px) 100vw, 1920px\" \/><\/a><\/figure>\n<\/figure>\n<\/div>\n\n\n\n<div class=\"wp-block-column is-vertically-aligned-center is-layout-flow wp-block-column-is-layout-flow\" style=\"flex-basis:47%\">\n<h1 class=\"ls__heading wp-block-heading\">Camping Cap d&#8217;Agde aan zee<\/h1>\n\n\n\n<p class=\"ls-paragraph\">De <a href=\"https:\/\/www.champsblancstest.geek-tonic.dev\/nl\/\">5-sterrencamping Cap d&#8217;Agde<\/a> Les Champs Blancs ligt in een uitzonderlijke natuurlijke omgeving, op <strong>2 km van de stranden van Cap d&#8217;Agde<\/strong> en op slechts een klein eindje rijden van de stranden van Vias en Marseillan.<\/p>\n\n\n\n<p class=\"ls-paragraph\">Droom je van een vakantie aan zee in de Middellandse Zee en een verblijf in een luxe openluchthotel aan zee? Reserveer vandaag nog je comfortabele staanplaats of huuraccommodatie op <strong>camping Cap d&#8217;Agde<\/strong> Les Champs Blancs aan zee en trakteer je gezin op een unieke ervaring dicht bij de prachtige zandstranden die de Languedoc en H\u00e9rault zo beroemd maken.<\/p>\n<\/div>\n<\/div>\n\n\n    <\/div>\n<\/section><section id=\"ls-section-block_5cb51a1ae6b43724af3a7e2c9281bb81\" class=\"ls-section  home-first page-two\" >\n        <div class=\"container container--full\">\n        \n\n<div class=\"wp-block-columns are-vertically-aligned-center is-layout-flex wp-container-core-columns-is-layout-9d6595d7 wp-block-columns-is-layout-flex\">\n<div class=\"wp-block-column is-vertically-aligned-center is-layout-flow wp-block-column-is-layout-flow\" style=\"flex-basis:47%\">\n<h2 class=\"ls__heading wp-block-heading\">De 5 mooiste stranden van Cap d&#8217;Agde in de buurt van de camping<\/h2>\n\n\n\n<ul class=\"ls-list wp-block-list\">\n<li><strong>Plage de la Farinette, Vias-Plage (9 km van de camping)<\/strong><\/li>\n<\/ul>\n\n\n\n<p class=\"ls-paragraph\">Welkom op het familiestrand bij uitstek in Vias-Plage. La Farinette heeft een gunstige ligging in het centrum van de wijk Viass en dicht bij het stadscentrum. Parkeerplaats, strandvoetbalveld, douches, toiletten, toegang voor gehandicapten, eerstehulppost, avondmarkt in de zomer, bars en restaurants aan de kust: alles wat je nodig hebt om veilig te zwemmen en plezier te maken met het hele gezin op het strand.<\/p>\n\n\n\n<ul class=\"ls-list wp-block-list\">\n<li><strong>Plage de Richelieu, Cap d&#8217;Agde (3.4 km van de camping)<\/strong><\/li>\n<\/ul>\n\n\n\n<p class=\"ls-paragraph\">Dit prachtige, <strong>ongerepte<\/strong> strand van <strong>Cap d&#8217;Agde<\/strong> met fijn zand strekt zich uit over meer dan een kilometer. Het wordt begrensd door de haven en het strand van Rochelongue bij Cap d&#8217;Agde. Het is gemakkelijk bereikbaar met de auto (4 parkeergarages in de buurt), met de fiets en te voet (ongeveer 45 minuten lopen). Het strand van Richelieu heeft nog een groot voordeel: het ligt op een steenworp afstand van het \u00cele des Loisirs (Aqualand, Luna Park) en een kort voetpad brengt je naar <strong>enkele van de mooiste stranden van de H\u00e9rault<\/strong>.<\/p>\n\n\n\n<p class=\"ls-paragraph\">Watersportcentrum met verhuur van waterfietsen en sleepboeien, verhuur van matrassen, douches, toiletten, beachvolleybalveld, restaurants, toegang voor gehandicapten: de faciliteiten voldoen aan de verwachtingen van vakantiegangers en je kunt er tijdens je verblijf allemaal van genieten.  <strong>kamperen aan zee in Cap d&#8217;Agde<\/strong>.<\/p>\n<\/div>\n\n\n\n<div class=\"wp-block-column is-vertically-aligned-center is-layout-flow wp-block-column-is-layout-flow\" style=\"flex-basis:53%\">\n<figure class=\"wp-block-gallery has-nested-images columns-default is-cropped animated fadeInRight slow delay-200ms wp-block-gallery-2 is-layout-flex wp-block-gallery-is-layout-flex\">\n<figure class=\"wp-block-image size-full\"><a href=\"https:\/\/www.champsblancstest.geek-tonic.dev\/wp-content\/uploads\/2023\/10\/camping-plage-brescou-cap-agde-13.webp\"><img decoding=\"async\" width=\"1920\" height=\"1080\" data-id=\"10495\" src=\"https:\/\/www.champsblancstest.geek-tonic.dev\/wp-content\/uploads\/2023\/10\/camping-plage-brescou-cap-agde-13.webp\" alt=\"camping strand brescou cap agde\" class=\"wp-image-10495\" srcset=\"https:\/\/www.champsblancstest.geek-tonic.dev\/wp-content\/uploads\/2023\/10\/camping-plage-brescou-cap-agde-13.webp 1920w, https:\/\/www.champsblancstest.geek-tonic.dev\/wp-content\/uploads\/2023\/10\/camping-plage-brescou-cap-agde-13-300x169.webp 300w, https:\/\/www.champsblancstest.geek-tonic.dev\/wp-content\/uploads\/2023\/10\/camping-plage-brescou-cap-agde-13-1024x576.webp 1024w, https:\/\/www.champsblancstest.geek-tonic.dev\/wp-content\/uploads\/2023\/10\/camping-plage-brescou-cap-agde-13-768x432.webp 768w, https:\/\/www.champsblancstest.geek-tonic.dev\/wp-content\/uploads\/2023\/10\/camping-plage-brescou-cap-agde-13-1536x864.webp 1536w\" sizes=\"(max-width: 1920px) 100vw, 1920px\" \/><\/a><\/figure>\n<\/figure>\n<\/div>\n<\/div>\n\n\n    <\/div>\n<\/section><section id=\"ls-section-block_45286cab6b18e6328564a129dc17fb4a\" class=\"ls-section  home-sixth page-three has-background-image has-parallax-child\" >\n    <div class=\"ls-section__background-image opacity-100\"><img decoding=\"async\" src=\"https:\/\/www.champsblancstest.geek-tonic.dev\/wp-content\/uploads\/2023\/10\/camping-plage-brescou-cap-agde-1.webp\" alt=\"camping strand brescou cap agde\"><\/div>    <div class=\"container container--wide\">\n        \n\n<div class=\"wp-block-columns are-vertically-aligned-center is-layout-flex wp-container-core-columns-is-layout-9d6595d7 wp-block-columns-is-layout-flex\">\n<div class=\"wp-block-column is-vertically-aligned-center wp-block-column__text animated fadeInUp delay-100ms slow is-layout-flow wp-block-column-is-layout-flow\" style=\"flex-basis:66.66%\">\n<ul class=\"ls-list wp-block-list\">\n<li><strong>La Grande Conque, Cap d&#8217;Agde (5.5 km van de camping)<\/strong><\/li>\n<\/ul>\n\n\n\n<p class=\"ls-paragraph\">Maak je geen zorgen, je herkent het snel aan de kleur van het donkergrijze zand, dat naar zwart neigt. Een zwart zandstrand? Nee, je droomt niet: La Grande Conque in Cap d&#8217;Agde ligt aan de voet van basaltrotsen van vulkanische oorsprong. Het is een adembenemend schouwspel dat zeker de moeite waard is tijdens je vakantie aan zee in het Middellandse Zeegebied.<\/p>\n\n\n\n<ul class=\"ls-list wp-block-list\">\n<li><strong>Plage de la Tamarissi\u00e8re, Vias-Plage (6,7 km van de camping)<\/strong><\/li>\n<\/ul>\n\n\n\n<p class=\"ls-paragraph\">In het westen begrensd door het kanaal en in twee\u00ebn gedeeld door de monding van de H\u00e9rault, heeft het Tamarissi\u00e8re strand in Vias een verrassend ongewone configuratie. Het is erg wild, beschut door een dennenbos waar natuurliefhebbers hun hart kunnen ophalen.<\/p>\n\n\n\n<ul class=\"ls-list wp-block-list\">\n<li><strong>Plage d&#8217;Honneur, Marseillan (7.2 km van de camping)<\/strong><\/li>\n<\/ul>\n\n\n\n<p class=\"ls-paragraph\">Gunstig gelegen tussen de haven en de Avenue M\u00e9diterran\u00e9e, is het Plage d&#8217;Honneur in Marseillan toegankelijk voor alle zwemmers en dicht bij het stadscentrum. De promenade langs zee en de aanblik van boten die de haven in- of uitvaren nodigen je uit om te ontsnappen naar een van de mooiste badplaatsen van de H\u00e9rault.<\/p>\n<\/div>\n\n\n\n<div class=\"wp-block-column is-vertically-aligned-center is-layout-flow wp-block-column-is-layout-flow\" style=\"flex-basis:33.33%\">\n<div id=\"ls-heading ls-titre-div-block_409bf230431a1ab5e710d04efbcfc89a\" class=\"ls-titre-div h1-like\" >\n    Adem  <br><strong>zeelucht<\/strong><\/div>\n<\/div>\n<\/div>\n\n\n    <\/div>\n<\/section><section id=\"ls-section-block_120a606b157ec13f2d72cf68b67d0e04\" class=\"ls-section  home-first page-one\" >\n        <div class=\"container container--full\">\n        \n\n<div class=\"wp-block-columns are-vertically-aligned-center is-layout-flex wp-container-core-columns-is-layout-9d6595d7 wp-block-columns-is-layout-flex\">\n<div class=\"wp-block-column is-vertically-aligned-center is-layout-flow wp-block-column-is-layout-flow\" style=\"flex-basis:53%\">\n<figure class=\"wp-block-gallery has-nested-images columns-default is-cropped animated fadeInLeft slow wp-block-gallery-3 is-layout-flex wp-block-gallery-is-layout-flex\">\n<figure class=\"wp-block-image size-full\"><a href=\"https:\/\/www.champsblancstest.geek-tonic.dev\/wp-content\/uploads\/2023\/09\/camping-avec-piscine-et-plage-scaled.webp\"><img decoding=\"async\" width=\"2560\" height=\"1879\" data-id=\"8519\" src=\"https:\/\/www.champsblancstest.geek-tonic.dev\/wp-content\/uploads\/2023\/09\/camping-avec-piscine-et-plage-scaled.webp\" alt=\"camping met zwembad en strand\" class=\"wp-image-8519\" srcset=\"https:\/\/www.champsblancstest.geek-tonic.dev\/wp-content\/uploads\/2023\/09\/camping-avec-piscine-et-plage-scaled.webp 2560w, https:\/\/www.champsblancstest.geek-tonic.dev\/wp-content\/uploads\/2023\/09\/camping-avec-piscine-et-plage-300x220.webp 300w, https:\/\/www.champsblancstest.geek-tonic.dev\/wp-content\/uploads\/2023\/09\/camping-avec-piscine-et-plage-1024x752.webp 1024w, https:\/\/www.champsblancstest.geek-tonic.dev\/wp-content\/uploads\/2023\/09\/camping-avec-piscine-et-plage-768x564.webp 768w, https:\/\/www.champsblancstest.geek-tonic.dev\/wp-content\/uploads\/2023\/09\/camping-avec-piscine-et-plage-1536x1127.webp 1536w, https:\/\/www.champsblancstest.geek-tonic.dev\/wp-content\/uploads\/2023\/09\/camping-avec-piscine-et-plage-2048x1503.webp 2048w\" sizes=\"(max-width: 2560px) 100vw, 2560px\" \/><\/a><\/figure>\n<\/figure>\n<\/div>\n\n\n\n<div class=\"wp-block-column is-vertically-aligned-center is-layout-flow wp-block-column-is-layout-flow\" style=\"flex-basis:47%\">\n<h2 class=\"ls__heading wp-block-heading\">Hoogtepunten van onze kampeervakantie aan zee in Agde<\/h2>\n\n\n\n<p class=\"ls-paragraph\">Het <a href=\"https:\/\/www.champsblancstest.geek-tonic.dev\/nl\/camping-waterpark-agde\/\">waterpark van 3.000 m\u00b2 in Agde<\/a> met verwarmde zwembaden, glijbaan, kikkerbad, balneotherapie en solarium op camping Les Champs Blancs in de H\u00e9rault zal je uren bezighouden. Als je een huuraccommodatie of staanplaats huurt op onze <strong>camping aan zee in Cap d&#8217;Agde<\/strong>, kun je <strong>watersporten<\/strong> voor het hele gezin toevoegen aan je activiteitenprogramma, zoals stand-up paddling, kajakken, zeilen, waterski\u00ebn en jetski\u00ebn.<\/p>\n\n\n\n<p class=\"ls-paragraph\">Verblijven op een camping aan zee in Zuid-Frankrijk betekent genieten van een onvergetelijke ervaring.  <strong>uitzonderlijke zonneschijn<\/strong>  Het hele jaar door kun je naar het strand lopen of fietsen zonder de auto te hoeven pakken, genieten van de sfeer van de avondmarkten in de zomer, wandelen langs de kustlijn en iets drinken op een terras met uitzicht op zee. En dit alles natuurlijk tegen een scherpe prijs in een tophotel in de open lucht met 5-sterrenfaciliteiten en -diensten.<\/p>\n<\/div>\n<\/div>\n\n\n    <\/div>\n<\/section><section id=\"ls-section-block_b5e5cfce2a80e52d781fefd4010139d2\" class=\"ls-section  page-four animated fadeInUp slow delay-100ms\" >\n        <div class=\"container container--wide\">\n        \n\n<div id=\"ls-heading ls-titre-div-block_ca5c3e3f21a3e67339e224376f4a8827\" class=\"ls-titre-div aligncenter h2-like\" >\n    Ontdek de regio, het zwembad en onze restaurants<\/div>\n\n\n<div id=\"ls-maillage-block_9c8d1f4adccb08900cc97ad77da14d9f\" class=\"ls-maillage cta-style-normal\" data-rows=\"3\">\n    <div class=\"wp-block-columns\"><div class=\"wp-block-column\"><div class=\"ls-cta\">\n\n<a href=\"https:\/\/www.champsblancstest.geek-tonic.dev\/nl\/camping-waterpark-agde\/\" target=\"\" rel=\"noopener\" class=\"ls-cta__link\">\n\n\t<div class=\"ls-cta__image\"><img decoding=\"async\" src=\"https:\/\/www.champsblancstest.geek-tonic.dev\/wp-content\/uploads\/2023\/10\/camping-avec-parc-aquatique-agde-1-768x1152.webp\" alt=\"camping met waterpark agde\"><\/div>\n\t<div class=\"ls-cta__title\">\n\t\t<span class=\"champs-blancs-coin-droit\"><\/span>\n\t\tHet zwembad\t\t<span class=\"champs-blancs-arrow-down\"><\/span>\n\t<\/div>\n\n\t\n<\/a><\/div><\/div><div class=\"wp-block-column\"><div class=\"ls-cta\">\n\n<a href=\"https:\/\/www.champsblancstest.geek-tonic.dev\/nl\/restaurant-agde\/\" target=\"\" rel=\"noopener\" class=\"ls-cta__link\">\n\n\t<div class=\"ls-cta__image\"><img decoding=\"async\" src=\"https:\/\/www.champsblancstest.geek-tonic.dev\/wp-content\/uploads\/2023\/09\/restaurant-cap-agde-768x513.webp\" alt=\"restaurant cap agde\"><\/div>\n\t<div class=\"ls-cta__title\">\n\t\t<span class=\"champs-blancs-coin-droit\"><\/span>\n\t\tCatering\t\t<span class=\"champs-blancs-arrow-down\"><\/span>\n\t<\/div>\n\n\t\n<\/a><\/div><\/div><div class=\"wp-block-column\"><div class=\"ls-cta\">\n\n<a href=\"https:\/\/www.champsblancstest.geek-tonic.dev\/nl\/herault\/\" target=\"\" rel=\"noopener\" class=\"ls-cta__link\">\n\n\t<div class=\"ls-cta__image\"><img decoding=\"async\" src=\"https:\/\/www.champsblancstest.geek-tonic.dev\/wp-content\/uploads\/2023\/09\/camping-herault-4-768x514.webp\" alt=\"camping herault 4\"><\/div>\n\t<div class=\"ls-cta__title\">\n\t\t<span class=\"champs-blancs-coin-droit\"><\/span>\n\t\tOmgeving\t\t<span class=\"champs-blancs-arrow-down\"><\/span>\n\t<\/div>\n\n\t\n<\/a><\/div><\/div><\/div><\/div>\n\n    <\/div>\n<\/section>","protected":false},"excerpt":{"rendered":"","protected":false},"author":1,"featured_media":8492,"parent":0,"menu_order":0,"comment_status":"closed","ping_status":"closed","template":"","meta":{"_acf_changed":false,"footnotes":""},"sujet":[],"class_list":["post-10541","page","type-page","status-publish","has-post-thumbnail","hentry"],"acf":[],"yoast_head":"<!-- This site is optimized with the Yoast SEO plugin v22.6 - https:\/\/yoast.com\/wordpress\/plugins\/seo\/ -->\n<title>Camping Cap d&#039;Agde bord de mer | Camping snelle toegang stranden van Agde<\/title>\n<meta name=\"description\" content=\"Op zoek naar een camping aan zee in Cap d&#039;Agde? Verblijf in Les Champs Blancs en geniet van een snelle toegang tot de stranden van Agde!\" \/>\n<meta name=\"robots\" content=\"noindex, follow, max-snippet:-1, max-image-preview:large, max-video-preview:-1\" \/>\n<meta property=\"og:locale\" content=\"nl_NL\" \/>\n<meta property=\"og:type\" content=\"article\" \/>\n<meta property=\"og:title\" content=\"Camping Cap d&#039;Agde bord de mer | Camping snelle toegang stranden van Agde\" \/>\n<meta property=\"og:description\" content=\"Op zoek naar een camping aan zee in Cap d&#039;Agde? Verblijf in Les Champs Blancs en geniet van een snelle toegang tot de stranden van Agde!\" \/>\n<meta property=\"og:url\" content=\"https:\/\/www.champsblancstest.geek-tonic.dev\/fr\/camping-bord-de-mer-cap-agde\/\" \/>\n<meta property=\"og:site_name\" content=\"Les Champs Blancs\" \/>\n<meta property=\"article:modified_time\" content=\"2023-11-07T13:04:51+00:00\" \/>\n<meta property=\"og:image\" content=\"https:\/\/www.champsblancstest.geek-tonic.dev\/wp-content\/uploads\/2023\/09\/camping-mer-plage-agde2-scaled.webp\" \/>\n\t<meta property=\"og:image:width\" content=\"2560\" \/>\n\t<meta property=\"og:image:height\" content=\"1707\" \/>\n\t<meta property=\"og:image:type\" content=\"image\/webp\" \/>\n<meta name=\"twitter:card\" content=\"summary_large_image\" \/>\n<meta name=\"twitter:label1\" content=\"Geschatte leestijd\" \/>\n\t<meta name=\"twitter:data1\" content=\"3 minuten\" \/>\n<script type=\"application\/ld+json\" class=\"yoast-schema-graph\">{\"@context\":\"https:\/\/schema.org\",\"@graph\":[{\"@type\":\"WebPage\",\"@id\":\"https:\/\/www.champsblancstest.geek-tonic.dev\/fr\/camping-bord-de-mer-cap-agde\/\",\"url\":\"https:\/\/www.champsblancstest.geek-tonic.dev\/fr\/camping-bord-de-mer-cap-agde\/\",\"name\":\"Camping Cap d'Agde bord de mer | Camping snelle toegang stranden van Agde\",\"isPartOf\":{\"@id\":\"https:\/\/www.champsblancstest.geek-tonic.dev\/fr\/#website\"},\"primaryImageOfPage\":{\"@id\":\"https:\/\/www.champsblancstest.geek-tonic.dev\/fr\/camping-bord-de-mer-cap-agde\/#primaryimage\"},\"image\":{\"@id\":\"https:\/\/www.champsblancstest.geek-tonic.dev\/fr\/camping-bord-de-mer-cap-agde\/#primaryimage\"},\"thumbnailUrl\":\"https:\/\/www.champsblancstest.geek-tonic.dev\/wp-content\/uploads\/2023\/09\/camping-mer-plage-agde2-scaled.webp\",\"datePublished\":\"2023-10-19T10:05:55+00:00\",\"dateModified\":\"2023-11-07T13:04:51+00:00\",\"description\":\"Op zoek naar een camping aan zee in Cap d'Agde? Verblijf in Les Champs Blancs en geniet van een snelle toegang tot de stranden van Agde!\",\"breadcrumb\":{\"@id\":\"https:\/\/www.champsblancstest.geek-tonic.dev\/fr\/camping-bord-de-mer-cap-agde\/#breadcrumb\"},\"inLanguage\":\"nl-NL\",\"potentialAction\":[{\"@type\":\"ReadAction\",\"target\":[\"https:\/\/www.champsblancstest.geek-tonic.dev\/fr\/camping-bord-de-mer-cap-agde\/\"]}]},{\"@type\":\"ImageObject\",\"inLanguage\":\"nl-NL\",\"@id\":\"https:\/\/www.champsblancstest.geek-tonic.dev\/fr\/camping-bord-de-mer-cap-agde\/#primaryimage\",\"url\":\"https:\/\/www.champsblancstest.geek-tonic.dev\/wp-content\/uploads\/2023\/09\/camping-mer-plage-agde2-scaled.webp\",\"contentUrl\":\"https:\/\/www.champsblancstest.geek-tonic.dev\/wp-content\/uploads\/2023\/09\/camping-mer-plage-agde2-scaled.webp\",\"width\":2560,\"height\":1707,\"caption\":\"camping mer plage agde2\"},{\"@type\":\"BreadcrumbList\",\"@id\":\"https:\/\/www.champsblancstest.geek-tonic.dev\/fr\/camping-bord-de-mer-cap-agde\/#breadcrumb\",\"itemListElement\":[{\"@type\":\"ListItem\",\"position\":1,\"name\":\"Camping Cap d\u2019Agde\",\"item\":\"https:\/\/www.champsblancstest.geek-tonic.dev\/fr\/\"},{\"@type\":\"ListItem\",\"position\":2,\"name\":\"Camping Aan Zee Cap Agde\"}]},{\"@type\":\"WebSite\",\"@id\":\"https:\/\/www.champsblancstest.geek-tonic.dev\/fr\/#website\",\"url\":\"https:\/\/www.champsblancstest.geek-tonic.dev\/fr\/\",\"name\":\"Les Champs Blancs\",\"description\":\"\",\"publisher\":{\"@id\":\"https:\/\/www.champsblancstest.geek-tonic.dev\/fr\/#organization\"},\"potentialAction\":[{\"@type\":\"SearchAction\",\"target\":{\"@type\":\"EntryPoint\",\"urlTemplate\":\"https:\/\/www.champsblancstest.geek-tonic.dev\/fr\/?s={search_term_string}\"},\"query-input\":\"required name=search_term_string\"}],\"inLanguage\":\"nl-NL\"},{\"@type\":\"Organization\",\"@id\":\"https:\/\/www.champsblancstest.geek-tonic.dev\/fr\/#organization\",\"name\":\"Les Champs Blancs\",\"url\":\"https:\/\/www.champsblancstest.geek-tonic.dev\/fr\/\",\"logo\":{\"@type\":\"ImageObject\",\"inLanguage\":\"nl-NL\",\"@id\":\"https:\/\/www.champsblancstest.geek-tonic.dev\/fr\/#\/schema\/logo\/image\/\",\"url\":\"https:\/\/www.champsblancstest.geek-tonic.dev\/wp-content\/uploads\/2023\/07\/logo-blanc-camping-les-champs-blancs.webp\",\"contentUrl\":\"https:\/\/www.champsblancstest.geek-tonic.dev\/wp-content\/uploads\/2023\/07\/logo-blanc-camping-les-champs-blancs.webp\",\"width\":821,\"height\":657,\"caption\":\"Les Champs Blancs\"},\"image\":{\"@id\":\"https:\/\/www.champsblancstest.geek-tonic.dev\/fr\/#\/schema\/logo\/image\/\"}}]}<\/script>\n<!-- \/ Yoast SEO plugin. -->","yoast_head_json":{"title":"Camping Cap d'Agde bord de mer | Camping snelle toegang stranden van Agde","description":"Op zoek naar een camping aan zee in Cap d'Agde? Verblijf in Les Champs Blancs en geniet van een snelle toegang tot de stranden van Agde!","robots":{"index":"noindex","follow":"follow","max-snippet":"max-snippet:-1","max-image-preview":"max-image-preview:large","max-video-preview":"max-video-preview:-1"},"og_locale":"nl_NL","og_type":"article","og_title":"Camping Cap d'Agde bord de mer | Camping snelle toegang stranden van Agde","og_description":"Op zoek naar een camping aan zee in Cap d'Agde? Verblijf in Les Champs Blancs en geniet van een snelle toegang tot de stranden van Agde!","og_url":"https:\/\/www.champsblancstest.geek-tonic.dev\/fr\/camping-bord-de-mer-cap-agde\/","og_site_name":"Les Champs Blancs","article_modified_time":"2023-11-07T13:04:51+00:00","og_image":[{"width":2560,"height":1707,"url":"https:\/\/www.champsblancstest.geek-tonic.dev\/wp-content\/uploads\/2023\/09\/camping-mer-plage-agde2-scaled.webp","type":"image\/webp"}],"twitter_card":"summary_large_image","twitter_misc":{"Geschatte leestijd":"3 minuten"},"schema":{"@context":"https:\/\/schema.org","@graph":[{"@type":"WebPage","@id":"https:\/\/www.champsblancstest.geek-tonic.dev\/fr\/camping-bord-de-mer-cap-agde\/","url":"https:\/\/www.champsblancstest.geek-tonic.dev\/fr\/camping-bord-de-mer-cap-agde\/","name":"Camping Cap d'Agde bord de mer | Camping snelle toegang stranden van Agde","isPartOf":{"@id":"https:\/\/www.champsblancstest.geek-tonic.dev\/fr\/#website"},"primaryImageOfPage":{"@id":"https:\/\/www.champsblancstest.geek-tonic.dev\/fr\/camping-bord-de-mer-cap-agde\/#primaryimage"},"image":{"@id":"https:\/\/www.champsblancstest.geek-tonic.dev\/fr\/camping-bord-de-mer-cap-agde\/#primaryimage"},"thumbnailUrl":"https:\/\/www.champsblancstest.geek-tonic.dev\/wp-content\/uploads\/2023\/09\/camping-mer-plage-agde2-scaled.webp","datePublished":"2023-10-19T10:05:55+00:00","dateModified":"2023-11-07T13:04:51+00:00","description":"Op zoek naar een camping aan zee in Cap d'Agde? Verblijf in Les Champs Blancs en geniet van een snelle toegang tot de stranden van Agde!","breadcrumb":{"@id":"https:\/\/www.champsblancstest.geek-tonic.dev\/fr\/camping-bord-de-mer-cap-agde\/#breadcrumb"},"inLanguage":"nl-NL","potentialAction":[{"@type":"ReadAction","target":["https:\/\/www.champsblancstest.geek-tonic.dev\/fr\/camping-bord-de-mer-cap-agde\/"]}]},{"@type":"ImageObject","inLanguage":"nl-NL","@id":"https:\/\/www.champsblancstest.geek-tonic.dev\/fr\/camping-bord-de-mer-cap-agde\/#primaryimage","url":"https:\/\/www.champsblancstest.geek-tonic.dev\/wp-content\/uploads\/2023\/09\/camping-mer-plage-agde2-scaled.webp","contentUrl":"https:\/\/www.champsblancstest.geek-tonic.dev\/wp-content\/uploads\/2023\/09\/camping-mer-plage-agde2-scaled.webp","width":2560,"height":1707,"caption":"camping mer plage agde2"},{"@type":"BreadcrumbList","@id":"https:\/\/www.champsblancstest.geek-tonic.dev\/fr\/camping-bord-de-mer-cap-agde\/#breadcrumb","itemListElement":[{"@type":"ListItem","position":1,"name":"Camping Cap d\u2019Agde","item":"https:\/\/www.champsblancstest.geek-tonic.dev\/fr\/"},{"@type":"ListItem","position":2,"name":"Camping Aan Zee Cap Agde"}]},{"@type":"WebSite","@id":"https:\/\/www.champsblancstest.geek-tonic.dev\/fr\/#website","url":"https:\/\/www.champsblancstest.geek-tonic.dev\/fr\/","name":"Les Champs Blancs","description":"","publisher":{"@id":"https:\/\/www.champsblancstest.geek-tonic.dev\/fr\/#organization"},"potentialAction":[{"@type":"SearchAction","target":{"@type":"EntryPoint","urlTemplate":"https:\/\/www.champsblancstest.geek-tonic.dev\/fr\/?s={search_term_string}"},"query-input":"required name=search_term_string"}],"inLanguage":"nl-NL"},{"@type":"Organization","@id":"https:\/\/www.champsblancstest.geek-tonic.dev\/fr\/#organization","name":"Les Champs Blancs","url":"https:\/\/www.champsblancstest.geek-tonic.dev\/fr\/","logo":{"@type":"ImageObject","inLanguage":"nl-NL","@id":"https:\/\/www.champsblancstest.geek-tonic.dev\/fr\/#\/schema\/logo\/image\/","url":"https:\/\/www.champsblancstest.geek-tonic.dev\/wp-content\/uploads\/2023\/07\/logo-blanc-camping-les-champs-blancs.webp","contentUrl":"https:\/\/www.champsblancstest.geek-tonic.dev\/wp-content\/uploads\/2023\/07\/logo-blanc-camping-les-champs-blancs.webp","width":821,"height":657,"caption":"Les Champs Blancs"},"image":{"@id":"https:\/\/www.champsblancstest.geek-tonic.dev\/fr\/#\/schema\/logo\/image\/"}}]}},"_links":{"self":[{"href":"https:\/\/www.champsblancstest.geek-tonic.dev\/nl\/wp-json\/wp\/v2\/pages\/10541","targetHints":{"allow":["GET"]}}],"collection":[{"href":"https:\/\/www.champsblancstest.geek-tonic.dev\/nl\/wp-json\/wp\/v2\/pages"}],"about":[{"href":"https:\/\/www.champsblancstest.geek-tonic.dev\/nl\/wp-json\/wp\/v2\/types\/page"}],"author":[{"embeddable":true,"href":"https:\/\/www.champsblancstest.geek-tonic.dev\/nl\/wp-json\/wp\/v2\/users\/1"}],"replies":[{"embeddable":true,"href":"https:\/\/www.champsblancstest.geek-tonic.dev\/nl\/wp-json\/wp\/v2\/comments?post=10541"}],"version-history":[{"count":4,"href":"https:\/\/www.champsblancstest.geek-tonic.dev\/nl\/wp-json\/wp\/v2\/pages\/10541\/revisions"}],"predecessor-version":[{"id":15649,"href":"https:\/\/www.champsblancstest.geek-tonic.dev\/nl\/wp-json\/wp\/v2\/pages\/10541\/revisions\/15649"}],"wp:featuredmedia":[{"embeddable":true,"href":"https:\/\/www.champsblancstest.geek-tonic.dev\/nl\/wp-json\/wp\/v2\/media\/8492"}],"wp:attachment":[{"href":"https:\/\/www.champsblancstest.geek-tonic.dev\/nl\/wp-json\/wp\/v2\/media?parent=10541"}],"wp:term":[{"taxonomy":"sujet","embeddable":true,"href":"https:\/\/www.champsblancstest.geek-tonic.dev\/nl\/wp-json\/wp\/v2\/sujet?post=10541"}],"curies":[{"name":"wp","href":"https:\/\/api.w.org\/{rel}","templated":true}]}}