{"id":10625,"date":"2023-10-19T12:09:01","date_gmt":"2023-10-19T10:09:01","guid":{"rendered":"https:\/\/www.champsblancstest.geek-tonic.dev\/pezenas\/"},"modified":"2023-11-07T15:48:00","modified_gmt":"2023-11-07T14:48:00","slug":"pezenas","status":"publish","type":"page","link":"https:\/\/www.champsblancstest.geek-tonic.dev\/nl\/herault\/pezenas\/","title":{"rendered":"Pezenas"},"content":{"rendered":"<section id=\"ls-section-block_98a49242c41f2986eb74557c40dc5ad5\" class=\"ls-section  home-first page-one\" >\n        <div class=\"container container--full\">\n        \n\n<div class=\"wp-block-columns are-vertically-aligned-center is-layout-flex wp-container-core-columns-is-layout-9d6595d7 wp-block-columns-is-layout-flex\">\n<div class=\"wp-block-column is-vertically-aligned-center is-layout-flow wp-block-column-is-layout-flow\" style=\"flex-basis:53%\">\n<figure class=\"wp-block-gallery has-nested-images columns-default is-cropped animated fadeInLeft slow wp-block-gallery-1 is-layout-flex wp-block-gallery-is-layout-flex\">\n<figure class=\"wp-block-image size-full\"><a href=\"https:\/\/www.champsblancstest.geek-tonic.dev\/wp-content\/uploads\/2023\/09\/camping-pezenas-5-scaled.webp\"><img decoding=\"async\" width=\"2560\" height=\"1707\" data-id=\"8902\" src=\"https:\/\/www.champsblancstest.geek-tonic.dev\/wp-content\/uploads\/2023\/09\/camping-pezenas-5-scaled.webp\" alt=\"camping p\u00e9zenas 5\" class=\"wp-image-8902\" srcset=\"https:\/\/www.champsblancstest.geek-tonic.dev\/wp-content\/uploads\/2023\/09\/camping-pezenas-5-scaled.webp 2560w, https:\/\/www.champsblancstest.geek-tonic.dev\/wp-content\/uploads\/2023\/09\/camping-pezenas-5-300x200.webp 300w, https:\/\/www.champsblancstest.geek-tonic.dev\/wp-content\/uploads\/2023\/09\/camping-pezenas-5-1024x683.webp 1024w, https:\/\/www.champsblancstest.geek-tonic.dev\/wp-content\/uploads\/2023\/09\/camping-pezenas-5-768x512.webp 768w, https:\/\/www.champsblancstest.geek-tonic.dev\/wp-content\/uploads\/2023\/09\/camping-pezenas-5-1536x1024.webp 1536w, https:\/\/www.champsblancstest.geek-tonic.dev\/wp-content\/uploads\/2023\/09\/camping-pezenas-5-2048x1365.webp 2048w\" sizes=\"(max-width: 2560px) 100vw, 2560px\" \/><\/a><\/figure>\n<\/figure>\n<\/div>\n\n\n\n<div class=\"wp-block-column is-vertically-aligned-center is-layout-flow wp-block-column-is-layout-flow\" style=\"flex-basis:47%\">\n<h1 class=\"ls__heading wp-block-heading\">Toerisme Pezenas<\/h1>\n\n\n\n<p class=\"ls-paragraph\">Mis een <strong>bezoek aan P\u00e9zenas<\/strong> niet tijdens uw verblijf op<a href=\"https:\/\/www.champsblancstest.geek-tonic.dev\/nl\/\"> camping Cap d&#8217;Agde<\/a> Les Champs Blancs!<\/p>\n\n\n\n<h2 class=\"ls__heading wp-block-heading\">P\u00e9zenas, een stad die Moli\u00e8re verleidde<\/h2>\n\n\n\n<p class=\"ls-paragraph\">P\u00e9zenas was de woonplaats van Moli\u00e8re, en het heeft iets betoverends&#8230; Je zult het begrijpen als je de ambachtslieden en het architecturale erfgoed ziet, die aan de tijd lijken te zijn ontsnapt. Een <a href=\"https:\/\/www.champsblancstest.geek-tonic.dev\/nl\/herault\/\">bezienswaardigheid die je niet mag missen in de H\u00e9rault<\/a>!  <\/p>\n\n\n\n<p class=\"ls-paragraph\">De passie voor theater leeft nog steeds in deze stad, waar de voormalige gouverneurs van de Languedoc zich net als Moli\u00e8re vestigden. Bezoek bijvoorbeeld het beroemde theater tijdens uw <a href=\"https:\/\/www.champsblancstest.geek-tonic.dev\/nl\/camping-pezenas\/\">kampeervakantie in P\u00e9zenas<\/a>.<\/p>\n<\/div>\n<\/div>\n\n\n    <\/div>\n<\/section>\n\n<section id=\"ls-section-block_74da97dfecbcbd344c549a861eeb2623\" class=\"ls-section  home-first page-two\" >\n        <div class=\"container container--full\">\n        \n\n<div class=\"wp-block-columns are-vertically-aligned-center is-layout-flex wp-container-core-columns-is-layout-9d6595d7 wp-block-columns-is-layout-flex\">\n<div class=\"wp-block-column is-vertically-aligned-center is-layout-flow wp-block-column-is-layout-flow\" style=\"flex-basis:47%\">\n<h2 class=\"ls__heading wp-block-heading\">  Top 5 dingen om te zien en te doen in P\u00e9zenas<\/h2>\n\n\n\n<ul class=\"ls-list wp-block-list\">\n<li><strong>Ontdek de 30 historische bezienswaardigheden die op de monumentenlijst staan<\/strong>: Erfgoedliefhebbers komen in Pisc\u00e9n aan hun trekken. Priv\u00e9 herenhuizen, monumentale poorten, de kerk Sainte-Ursule, een beeldenroute gewijd aan Boby Lapointe: uw bezoekprogramma zal snel vol zijn, en dat allemaal op een paar kilometer van uw <strong>camping in P\u00e9zenas<\/strong>.<\/li>\n\n\n\n<li><strong>Bewonder het orgel in de collegiale kerk Saint-Jean<\/strong>: dit prachtige gebouw uit 1735 heeft koepels op de zijbeuken, een noordkapel en een orgel dat lijkt op dat in de kerk Saint-Roch in Parijs.<\/li>\n\n\n\n<li><strong>Woon een voorstelling bij in het theater<\/strong>: Het theater P\u00e9zenas werd opgericht in 1803 en brengt een speciaal eerbetoon aan deze kunstvorm en aan een van zijn meesters, Moli\u00e8re. Ontdek wat er te doen is voor je bezoek, zodat je een uniek moment kunt doorbrengen in dit Franse culturele mekka.<\/li>\n\n\n\n<li><strong>Bezoek het Mus\u00e9e Vulliod Saint-Germain<\/strong>: dit culturele centrum is een aanrader als je meer wilt weten over de geschiedenis van de stad. Het is gevestigd in een priv\u00e9 herenhuis uit de 16e eeuw. E\u00e9n zaal van het museum is helemaal gewijd aan Moli\u00e8re.<\/li>\n\n\n\n<li><strong>Wandel door de tuinen van het landgoed Grange des Pr\u00e9s<\/strong>: dit voormalige landhuis van de gouverneurs van de Languedoc heeft een tuin in Italiaanse stijl met elegante terrassen die uitkijken over de vlakte van de H\u00e9rault. Neem het pad door het park, bewonder de gevel van het kasteel, doe nieuwe energie op in deze oase van rust en zeg tegen jezelf dat je er goed aan hebt gedaan om een stacaravan of chalet te huren op een camping in de buurt van P\u00e9zenas.<\/li>\n<\/ul>\n\n\n\n<p class=\"ls-paragraph\">Ontdek meer over <a href=\"https:\/\/www.capdagde.com\/otca-ville\/pezenas\/\" target=\"_blank\" rel=\"noreferrer noopener\">P\u00e9zenas<\/a><\/p>\n<\/div>\n\n\n\n<div class=\"wp-block-column is-vertically-aligned-center is-layout-flow wp-block-column-is-layout-flow\" style=\"flex-basis:53%\">\n<figure class=\"wp-block-gallery has-nested-images columns-default is-cropped animated fadeInRight slow delay-200ms wp-block-gallery-2 is-layout-flex wp-block-gallery-is-layout-flex\">\n<figure class=\"wp-block-image size-full\"><a href=\"https:\/\/www.champsblancstest.geek-tonic.dev\/wp-content\/uploads\/2023\/09\/camping-pezenas-10-scaled.webp\"><img decoding=\"async\" width=\"2560\" height=\"1550\" data-id=\"8927\" src=\"https:\/\/www.champsblancstest.geek-tonic.dev\/wp-content\/uploads\/2023\/09\/camping-pezenas-10-scaled.webp\" alt=\"camping p\u00e9zenas 10\" class=\"wp-image-8927\" srcset=\"https:\/\/www.champsblancstest.geek-tonic.dev\/wp-content\/uploads\/2023\/09\/camping-pezenas-10-scaled.webp 2560w, https:\/\/www.champsblancstest.geek-tonic.dev\/wp-content\/uploads\/2023\/09\/camping-pezenas-10-300x182.webp 300w, https:\/\/www.champsblancstest.geek-tonic.dev\/wp-content\/uploads\/2023\/09\/camping-pezenas-10-1024x620.webp 1024w, https:\/\/www.champsblancstest.geek-tonic.dev\/wp-content\/uploads\/2023\/09\/camping-pezenas-10-768x465.webp 768w, https:\/\/www.champsblancstest.geek-tonic.dev\/wp-content\/uploads\/2023\/09\/camping-pezenas-10-1536x930.webp 1536w, https:\/\/www.champsblancstest.geek-tonic.dev\/wp-content\/uploads\/2023\/09\/camping-pezenas-10-2048x1240.webp 2048w\" sizes=\"(max-width: 2560px) 100vw, 2560px\" \/><\/a><\/figure>\n<\/figure>\n<\/div>\n<\/div>\n\n\n    <\/div>\n<\/section>\n\n<section id=\"ls-section-block_a9c7c1706646373c50d3fa82959cc584\" class=\"ls-section  page-four animated fadeInUp slow delay-100ms\" >\n        <div class=\"container container--wide\">\n        \n\n<div id=\"ls-heading ls-titre-div-block_ec5e84d3d5d3644253866b52c9b3b638\" class=\"ls-titre-div aligncenter h2-like\" >\n    Ontdek meer over P\u00e9zenas<\/div>\n\n\n<div id=\"ls-maillage-block_a34a0ac77f66c7212d9215ba97ef405e\" class=\"ls-maillage cta-style-normal\" data-rows=\"3\">\n    <div class=\"wp-block-columns\"><div class=\"wp-block-column\"><div class=\"ls-cta\">\n\n<a href=\"https:\/\/www.champsblancstest.geek-tonic.dev\/nl\/herault\/marseillan\/\" target=\"\" rel=\"noopener\" class=\"ls-cta__link\">\n\n\t<div class=\"ls-cta__image\"><img decoding=\"async\" src=\"https:\/\/www.champsblancstest.geek-tonic.dev\/wp-content\/uploads\/2023\/09\/camping-marseillan-1-768x512.webp\" alt=\"camping marseillan 1\"><\/div>\n\t<div class=\"ls-cta__title\">\n\t\t<span class=\"champs-blancs-coin-droit\"><\/span>\n\t\tMarseillan\t\t<span class=\"champs-blancs-arrow-down\"><\/span>\n\t<\/div>\n\n\t\n<\/a><\/div><\/div><div class=\"wp-block-column\"><div class=\"ls-cta\">\n\n<a href=\"https:\/\/www.champsblancstest.geek-tonic.dev\/nl\/herault\/sete\/\" target=\"\" rel=\"noopener\" class=\"ls-cta__link\">\n\n\t<div class=\"ls-cta__image\"><img decoding=\"async\" src=\"https:\/\/www.champsblancstest.geek-tonic.dev\/wp-content\/uploads\/2023\/09\/camping-sete8-768x409.webp\" alt=\"camping s\u00e8te8\"><\/div>\n\t<div class=\"ls-cta__title\">\n\t\t<span class=\"champs-blancs-coin-droit\"><\/span>\n\t\tS\u00e8te\t\t<span class=\"champs-blancs-arrow-down\"><\/span>\n\t<\/div>\n\n\t\n<\/a><\/div><\/div><div class=\"wp-block-column\"><div class=\"ls-cta\">\n\n<a href=\"https:\/\/www.champsblancstest.geek-tonic.dev\/nl\/herault\/toerisme-cap-agde\/\" target=\"\" rel=\"noopener\" class=\"ls-cta__link\">\n\n\t<div class=\"ls-cta__image\"><img decoding=\"async\" src=\"https:\/\/www.champsblancstest.geek-tonic.dev\/wp-content\/uploads\/2023\/09\/camping-cap-agde-1-768x576.webp\" alt=\"camping cap agde 1\"><\/div>\n\t<div class=\"ls-cta__title\">\n\t\t<span class=\"champs-blancs-coin-droit\"><\/span>\n\t\tCap d&#8217;Agde\t\t<span class=\"champs-blancs-arrow-down\"><\/span>\n\t<\/div>\n\n\t\n<\/a><\/div><\/div><\/div><\/div>\n\n    <\/div>\n<\/section>","protected":false},"excerpt":{"rendered":"","protected":false},"author":1,"featured_media":8933,"parent":10674,"menu_order":0,"comment_status":"closed","ping_status":"closed","template":"","meta":{"_acf_changed":false,"footnotes":""},"sujet":[],"class_list":["post-10625","page","type-page","status-publish","has-post-thumbnail","hentry"],"acf":[],"yoast_head":"<!-- This site is optimized with the Yoast SEO plugin v22.6 - https:\/\/yoast.com\/wordpress\/plugins\/seo\/ -->\n<title>Toerisme en activiteiten in P\u00e9zenas: Wat is er te zien en te doen in P\u00e9zenas?<\/title>\n<meta name=\"description\" content=\"Wil je sightseeing in P\u00e9zenas? Ontdek de beste plekken om te zien en dingen om te doen in P\u00e9zenas!\" \/>\n<meta name=\"robots\" content=\"noindex, follow, max-snippet:-1, max-image-preview:large, max-video-preview:-1\" \/>\n<meta property=\"og:locale\" content=\"nl_NL\" \/>\n<meta property=\"og:type\" content=\"article\" \/>\n<meta property=\"og:title\" content=\"Toerisme en activiteiten in P\u00e9zenas: Wat is er te zien en te doen in P\u00e9zenas?\" \/>\n<meta property=\"og:description\" content=\"Wil je sightseeing in P\u00e9zenas? Ontdek de beste plekken om te zien en dingen om te doen in P\u00e9zenas!\" \/>\n<meta property=\"og:url\" content=\"https:\/\/www.champsblancstest.geek-tonic.dev\/fr\/herault\/pezenas\/\" \/>\n<meta property=\"og:site_name\" content=\"Les Champs Blancs\" \/>\n<meta property=\"article:modified_time\" content=\"2023-11-07T14:48:00+00:00\" \/>\n<meta property=\"og:image\" content=\"https:\/\/www.champsblancstest.geek-tonic.dev\/wp-content\/uploads\/2023\/09\/camping-pezenas-1-scaled.webp\" \/>\n\t<meta property=\"og:image:width\" content=\"2560\" \/>\n\t<meta property=\"og:image:height\" content=\"1707\" \/>\n\t<meta property=\"og:image:type\" content=\"image\/webp\" \/>\n<meta name=\"twitter:card\" content=\"summary_large_image\" \/>\n<meta name=\"twitter:label1\" content=\"Geschatte leestijd\" \/>\n\t<meta name=\"twitter:data1\" content=\"3 minuten\" \/>\n<script type=\"application\/ld+json\" class=\"yoast-schema-graph\">{\"@context\":\"https:\/\/schema.org\",\"@graph\":[{\"@type\":\"WebPage\",\"@id\":\"https:\/\/www.champsblancstest.geek-tonic.dev\/fr\/herault\/pezenas\/\",\"url\":\"https:\/\/www.champsblancstest.geek-tonic.dev\/fr\/herault\/pezenas\/\",\"name\":\"Toerisme en activiteiten in P\u00e9zenas: Wat is er te zien en te doen in P\u00e9zenas?\",\"isPartOf\":{\"@id\":\"https:\/\/www.champsblancstest.geek-tonic.dev\/fr\/#website\"},\"primaryImageOfPage\":{\"@id\":\"https:\/\/www.champsblancstest.geek-tonic.dev\/fr\/herault\/pezenas\/#primaryimage\"},\"image\":{\"@id\":\"https:\/\/www.champsblancstest.geek-tonic.dev\/fr\/herault\/pezenas\/#primaryimage\"},\"thumbnailUrl\":\"https:\/\/www.champsblancstest.geek-tonic.dev\/wp-content\/uploads\/2023\/09\/camping-pezenas-1-scaled.webp\",\"datePublished\":\"2023-10-19T10:09:01+00:00\",\"dateModified\":\"2023-11-07T14:48:00+00:00\",\"description\":\"Wil je sightseeing in P\u00e9zenas? Ontdek de beste plekken om te zien en dingen om te doen in P\u00e9zenas!\",\"breadcrumb\":{\"@id\":\"https:\/\/www.champsblancstest.geek-tonic.dev\/fr\/herault\/pezenas\/#breadcrumb\"},\"inLanguage\":\"nl-NL\",\"potentialAction\":[{\"@type\":\"ReadAction\",\"target\":[\"https:\/\/www.champsblancstest.geek-tonic.dev\/fr\/herault\/pezenas\/\"]}]},{\"@type\":\"ImageObject\",\"inLanguage\":\"nl-NL\",\"@id\":\"https:\/\/www.champsblancstest.geek-tonic.dev\/fr\/herault\/pezenas\/#primaryimage\",\"url\":\"https:\/\/www.champsblancstest.geek-tonic.dev\/wp-content\/uploads\/2023\/09\/camping-pezenas-1-scaled.webp\",\"contentUrl\":\"https:\/\/www.champsblancstest.geek-tonic.dev\/wp-content\/uploads\/2023\/09\/camping-pezenas-1-scaled.webp\",\"width\":2560,\"height\":1707,\"caption\":\"camping p\u00e9zenas 1\"},{\"@type\":\"BreadcrumbList\",\"@id\":\"https:\/\/www.champsblancstest.geek-tonic.dev\/fr\/herault\/pezenas\/#breadcrumb\",\"itemListElement\":[{\"@type\":\"ListItem\",\"position\":1,\"name\":\"Camping Cap d\u2019Agde\",\"item\":\"https:\/\/www.champsblancstest.geek-tonic.dev\/fr\/\"},{\"@type\":\"ListItem\",\"position\":2,\"name\":\"Ontdek Herault\",\"item\":\"https:\/\/www.champsblancstest.geek-tonic.dev\/fr\/herault\/\"},{\"@type\":\"ListItem\",\"position\":3,\"name\":\"Pezenas\"}]},{\"@type\":\"WebSite\",\"@id\":\"https:\/\/www.champsblancstest.geek-tonic.dev\/fr\/#website\",\"url\":\"https:\/\/www.champsblancstest.geek-tonic.dev\/fr\/\",\"name\":\"Les Champs Blancs\",\"description\":\"\",\"publisher\":{\"@id\":\"https:\/\/www.champsblancstest.geek-tonic.dev\/fr\/#organization\"},\"potentialAction\":[{\"@type\":\"SearchAction\",\"target\":{\"@type\":\"EntryPoint\",\"urlTemplate\":\"https:\/\/www.champsblancstest.geek-tonic.dev\/fr\/?s={search_term_string}\"},\"query-input\":\"required name=search_term_string\"}],\"inLanguage\":\"nl-NL\"},{\"@type\":\"Organization\",\"@id\":\"https:\/\/www.champsblancstest.geek-tonic.dev\/fr\/#organization\",\"name\":\"Les Champs Blancs\",\"url\":\"https:\/\/www.champsblancstest.geek-tonic.dev\/fr\/\",\"logo\":{\"@type\":\"ImageObject\",\"inLanguage\":\"nl-NL\",\"@id\":\"https:\/\/www.champsblancstest.geek-tonic.dev\/fr\/#\/schema\/logo\/image\/\",\"url\":\"https:\/\/www.champsblancstest.geek-tonic.dev\/wp-content\/uploads\/2023\/07\/logo-blanc-camping-les-champs-blancs.webp\",\"contentUrl\":\"https:\/\/www.champsblancstest.geek-tonic.dev\/wp-content\/uploads\/2023\/07\/logo-blanc-camping-les-champs-blancs.webp\",\"width\":821,\"height\":657,\"caption\":\"Les Champs Blancs\"},\"image\":{\"@id\":\"https:\/\/www.champsblancstest.geek-tonic.dev\/fr\/#\/schema\/logo\/image\/\"}}]}<\/script>\n<!-- \/ Yoast SEO plugin. -->","yoast_head_json":{"title":"Toerisme en activiteiten in P\u00e9zenas: Wat is er te zien en te doen in P\u00e9zenas?","description":"Wil je sightseeing in P\u00e9zenas? Ontdek de beste plekken om te zien en dingen om te doen in P\u00e9zenas!","robots":{"index":"noindex","follow":"follow","max-snippet":"max-snippet:-1","max-image-preview":"max-image-preview:large","max-video-preview":"max-video-preview:-1"},"og_locale":"nl_NL","og_type":"article","og_title":"Toerisme en activiteiten in P\u00e9zenas: Wat is er te zien en te doen in P\u00e9zenas?","og_description":"Wil je sightseeing in P\u00e9zenas? Ontdek de beste plekken om te zien en dingen om te doen in P\u00e9zenas!","og_url":"https:\/\/www.champsblancstest.geek-tonic.dev\/fr\/herault\/pezenas\/","og_site_name":"Les Champs Blancs","article_modified_time":"2023-11-07T14:48:00+00:00","og_image":[{"width":2560,"height":1707,"url":"https:\/\/www.champsblancstest.geek-tonic.dev\/wp-content\/uploads\/2023\/09\/camping-pezenas-1-scaled.webp","type":"image\/webp"}],"twitter_card":"summary_large_image","twitter_misc":{"Geschatte leestijd":"3 minuten"},"schema":{"@context":"https:\/\/schema.org","@graph":[{"@type":"WebPage","@id":"https:\/\/www.champsblancstest.geek-tonic.dev\/fr\/herault\/pezenas\/","url":"https:\/\/www.champsblancstest.geek-tonic.dev\/fr\/herault\/pezenas\/","name":"Toerisme en activiteiten in P\u00e9zenas: Wat is er te zien en te doen in P\u00e9zenas?","isPartOf":{"@id":"https:\/\/www.champsblancstest.geek-tonic.dev\/fr\/#website"},"primaryImageOfPage":{"@id":"https:\/\/www.champsblancstest.geek-tonic.dev\/fr\/herault\/pezenas\/#primaryimage"},"image":{"@id":"https:\/\/www.champsblancstest.geek-tonic.dev\/fr\/herault\/pezenas\/#primaryimage"},"thumbnailUrl":"https:\/\/www.champsblancstest.geek-tonic.dev\/wp-content\/uploads\/2023\/09\/camping-pezenas-1-scaled.webp","datePublished":"2023-10-19T10:09:01+00:00","dateModified":"2023-11-07T14:48:00+00:00","description":"Wil je sightseeing in P\u00e9zenas? Ontdek de beste plekken om te zien en dingen om te doen in P\u00e9zenas!","breadcrumb":{"@id":"https:\/\/www.champsblancstest.geek-tonic.dev\/fr\/herault\/pezenas\/#breadcrumb"},"inLanguage":"nl-NL","potentialAction":[{"@type":"ReadAction","target":["https:\/\/www.champsblancstest.geek-tonic.dev\/fr\/herault\/pezenas\/"]}]},{"@type":"ImageObject","inLanguage":"nl-NL","@id":"https:\/\/www.champsblancstest.geek-tonic.dev\/fr\/herault\/pezenas\/#primaryimage","url":"https:\/\/www.champsblancstest.geek-tonic.dev\/wp-content\/uploads\/2023\/09\/camping-pezenas-1-scaled.webp","contentUrl":"https:\/\/www.champsblancstest.geek-tonic.dev\/wp-content\/uploads\/2023\/09\/camping-pezenas-1-scaled.webp","width":2560,"height":1707,"caption":"camping p\u00e9zenas 1"},{"@type":"BreadcrumbList","@id":"https:\/\/www.champsblancstest.geek-tonic.dev\/fr\/herault\/pezenas\/#breadcrumb","itemListElement":[{"@type":"ListItem","position":1,"name":"Camping Cap d\u2019Agde","item":"https:\/\/www.champsblancstest.geek-tonic.dev\/fr\/"},{"@type":"ListItem","position":2,"name":"Ontdek Herault","item":"https:\/\/www.champsblancstest.geek-tonic.dev\/fr\/herault\/"},{"@type":"ListItem","position":3,"name":"Pezenas"}]},{"@type":"WebSite","@id":"https:\/\/www.champsblancstest.geek-tonic.dev\/fr\/#website","url":"https:\/\/www.champsblancstest.geek-tonic.dev\/fr\/","name":"Les Champs Blancs","description":"","publisher":{"@id":"https:\/\/www.champsblancstest.geek-tonic.dev\/fr\/#organization"},"potentialAction":[{"@type":"SearchAction","target":{"@type":"EntryPoint","urlTemplate":"https:\/\/www.champsblancstest.geek-tonic.dev\/fr\/?s={search_term_string}"},"query-input":"required name=search_term_string"}],"inLanguage":"nl-NL"},{"@type":"Organization","@id":"https:\/\/www.champsblancstest.geek-tonic.dev\/fr\/#organization","name":"Les Champs Blancs","url":"https:\/\/www.champsblancstest.geek-tonic.dev\/fr\/","logo":{"@type":"ImageObject","inLanguage":"nl-NL","@id":"https:\/\/www.champsblancstest.geek-tonic.dev\/fr\/#\/schema\/logo\/image\/","url":"https:\/\/www.champsblancstest.geek-tonic.dev\/wp-content\/uploads\/2023\/07\/logo-blanc-camping-les-champs-blancs.webp","contentUrl":"https:\/\/www.champsblancstest.geek-tonic.dev\/wp-content\/uploads\/2023\/07\/logo-blanc-camping-les-champs-blancs.webp","width":821,"height":657,"caption":"Les Champs Blancs"},"image":{"@id":"https:\/\/www.champsblancstest.geek-tonic.dev\/fr\/#\/schema\/logo\/image\/"}}]}},"_links":{"self":[{"href":"https:\/\/www.champsblancstest.geek-tonic.dev\/nl\/wp-json\/wp\/v2\/pages\/10625","targetHints":{"allow":["GET"]}}],"collection":[{"href":"https:\/\/www.champsblancstest.geek-tonic.dev\/nl\/wp-json\/wp\/v2\/pages"}],"about":[{"href":"https:\/\/www.champsblancstest.geek-tonic.dev\/nl\/wp-json\/wp\/v2\/types\/page"}],"author":[{"embeddable":true,"href":"https:\/\/www.champsblancstest.geek-tonic.dev\/nl\/wp-json\/wp\/v2\/users\/1"}],"replies":[{"embeddable":true,"href":"https:\/\/www.champsblancstest.geek-tonic.dev\/nl\/wp-json\/wp\/v2\/comments?post=10625"}],"version-history":[{"count":10,"href":"https:\/\/www.champsblancstest.geek-tonic.dev\/nl\/wp-json\/wp\/v2\/pages\/10625\/revisions"}],"predecessor-version":[{"id":15683,"href":"https:\/\/www.champsblancstest.geek-tonic.dev\/nl\/wp-json\/wp\/v2\/pages\/10625\/revisions\/15683"}],"up":[{"embeddable":true,"href":"https:\/\/www.champsblancstest.geek-tonic.dev\/nl\/wp-json\/wp\/v2\/pages\/10674"}],"wp:featuredmedia":[{"embeddable":true,"href":"https:\/\/www.champsblancstest.geek-tonic.dev\/nl\/wp-json\/wp\/v2\/media\/8933"}],"wp:attachment":[{"href":"https:\/\/www.champsblancstest.geek-tonic.dev\/nl\/wp-json\/wp\/v2\/media?parent=10625"}],"wp:term":[{"taxonomy":"sujet","embeddable":true,"href":"https:\/\/www.champsblancstest.geek-tonic.dev\/nl\/wp-json\/wp\/v2\/sujet?post=10625"}],"curies":[{"name":"wp","href":"https:\/\/api.w.org\/{rel}","templated":true}]}}