{"id":10627,"date":"2023-10-19T12:09:01","date_gmt":"2023-10-19T10:09:01","guid":{"rendered":"https:\/\/www.champsblancstest.geek-tonic.dev\/caravaning-premium-agde\/"},"modified":"2023-11-15T15:14:05","modified_gmt":"2023-11-15T14:14:05","slug":"premium-caravaning-agde","status":"publish","type":"page","link":"https:\/\/www.champsblancstest.geek-tonic.dev\/nl\/premium-caravaning-agde\/","title":{"rendered":"Premium staanplaatsen"},"content":{"rendered":"<section id=\"ls-section-block_aa7daff1357fc5f48c450f482e8f9c96\" class=\"ls-section  m-t-4 has-background has-color-3-background-color\" >\n        <div class=\"container \">\n        \n\n<h1 class=\"ls__heading wp-block-heading has-text-align-center h1-hebergements m-b-3\">Camping met priv\u00e9 sanitair <strong>op staanplaats in Agde<\/strong><\/h1>\n\n\n\n<div class=\"wp-block-columns ls-ctv-wrapper is-layout-flex wp-container-core-columns-is-layout-9d6595d7 wp-block-columns-is-layout-flex\">\n<div class=\"wp-block-column is-layout-flow wp-block-column-is-layout-flow\">\n<script>\n    window.ctoutvert = {\n\t\tid: 2482, \n\t\tlang: 'auto', \n\t\turl: 'https:\/\/bookingpremium.secureholiday.net\/widgets\/'\n    };\n\n    (function (w, d, s, ctv, r, js, fjs) {\n        r=new XMLHttpRequest();r.open('GET',w[ctv].url+'js\/src.json');\n        r.responseType='json';r.json=true;r.send();\n        r.onload=function(){w[ctv].src=r.responseType=='json'?r.response:JSON.parse(r.response);\n        js.src=w[ctv].src[0];fjs.parentNode.insertBefore(js, fjs);}\n        js=d.createElement(s),fjs=d.getElementsByTagName(s)[0];\n        js.id='ctvwidget';js.async=1;\n    }(window, document, 'script', 'ctoutvert'));\n<\/script>\n<ctv-availability data-product-id=\"11726\" data-background-color=\"#f1fafe\"><\/ctv-availability>\n<\/div>\n<\/div>\n\n\n\n<p class=\"ls-paragraph has-text-align-center\"><em>&#8220;Niet-contractuele foto&#8217;s<\/em><\/p>\n\n\n    <\/div>\n<\/section><section id=\"ls-section-block_90453dee162a7fe94385fc6ee1737a45\" class=\"ls-section  home-first page-one\" >\n        <div class=\"container container--full\">\n        \n\n<div class=\"wp-block-columns are-vertically-aligned-center is-layout-flex wp-container-core-columns-is-layout-9d6595d7 wp-block-columns-is-layout-flex\">\n<div class=\"wp-block-column is-vertically-aligned-center is-layout-flow wp-block-column-is-layout-flow\" style=\"flex-basis:53%\">\n<figure class=\"wp-block-gallery has-nested-images columns-default is-cropped animated fadeInLeft slow wp-block-gallery-1 is-layout-flex wp-block-gallery-is-layout-flex\">\n<figure class=\"wp-block-image size-full\"><a href=\"https:\/\/www.champsblancstest.geek-tonic.dev\/wp-content\/uploads\/2023\/09\/sanitaires-prives-camping-adge-scaled.webp\"><img decoding=\"async\" width=\"2560\" height=\"1708\" data-id=\"8385\" src=\"https:\/\/www.champsblancstest.geek-tonic.dev\/wp-content\/uploads\/2023\/09\/sanitaires-prives-camping-adge-scaled.webp\" alt=\"priv&#xE9; sanitair camping adge\" class=\"wp-image-8385\" srcset=\"https:\/\/www.champsblancstest.geek-tonic.dev\/wp-content\/uploads\/2023\/09\/sanitaires-prives-camping-adge-scaled.webp 2560w, https:\/\/www.champsblancstest.geek-tonic.dev\/wp-content\/uploads\/2023\/09\/sanitaires-prives-camping-adge-300x200.webp 300w, https:\/\/www.champsblancstest.geek-tonic.dev\/wp-content\/uploads\/2023\/09\/sanitaires-prives-camping-adge-1024x683.webp 1024w, https:\/\/www.champsblancstest.geek-tonic.dev\/wp-content\/uploads\/2023\/09\/sanitaires-prives-camping-adge-768x513.webp 768w, https:\/\/www.champsblancstest.geek-tonic.dev\/wp-content\/uploads\/2023\/09\/sanitaires-prives-camping-adge-1536x1025.webp 1536w, https:\/\/www.champsblancstest.geek-tonic.dev\/wp-content\/uploads\/2023\/09\/sanitaires-prives-camping-adge-2048x1367.webp 2048w\" sizes=\"(max-width: 2560px) 100vw, 2560px\" \/><\/a><\/figure>\n<\/figure>\n<\/div>\n\n\n\n<div class=\"wp-block-column is-vertically-aligned-center is-layout-flow wp-block-column-is-layout-flow\" style=\"flex-basis:47%\">\n<p class=\"ls-paragraph\">Ben je van plan om te verblijven op een <a href=\"https:\/\/www.champsblancstest.geek-tonic.dev\/nl\/caravaning-cap-agde\/\">tentplaats in Cap d&#8217;Agde<\/a>? Ontdek ook onze <strong>camping met priv\u00e9-sanitair op de staanplaats<\/strong>. Stel je voor dat je in een tent verblijft, met priv\u00e9-sanitair (douche, toilet, wastafel) voor nog meer comfort, zodat je echt van je vakantie kunt genieten!<br\/><br\/>Dromen jouw kinderen ervan om avonturiers in een tent te zijn? Waarom niet, maar je voegt een vleugje comfort toe aan hun verlangens. De oplossing? Een <strong>premium kampeerplaats<\/strong> op <a href=\"https:\/\/www.champsblancstest.geek-tonic.dev\/nl\/\">camping<\/a> Les Champs Blancs <a href=\"https:\/\/www.champsblancstest.geek-tonic.dev\/nl\/\">in Agde<\/a>, H\u00e9rault.<\/p>\n<\/div>\n<\/div>\n\n\n    <\/div>\n<\/section><section id=\"ls-section-block_d8b941dff9a6a9fcd8784cfe73245d46\" class=\"ls-section  home-first page-two\" >\n        <div class=\"container container--full\">\n        \n\n<div class=\"wp-block-columns are-vertically-aligned-center is-layout-flex wp-container-core-columns-is-layout-9d6595d7 wp-block-columns-is-layout-flex\">\n<div class=\"wp-block-column is-vertically-aligned-center is-layout-flow wp-block-column-is-layout-flow\" style=\"flex-basis:47%\">\n<h2 class=\"ls__heading wp-block-heading\">Kampeerplaatsen met priv\u00e9 sanitair<\/h2>\n\n\n\n<p class=\"ls-paragraph\">Onze luxe 5-sterrencamping, op <strong>slechts 3 minuten rijden van de stranden van Agde en Vias-Plage<\/strong>, nodigt je uit om je tent op te zetten of je <strong>camper<\/strong> of <strong>caravan<\/strong> te parkeren op een staanplaats met priv\u00e9-sanitair.<\/p>\n\n\n\n<p class=\"ls-paragraph\">Word je afgeschrikt door het idee dat je midden in de nacht enkele tientallen meters moet lopen om bij de toiletten te komen? Onze <strong>kampeerplaatsen met priv\u00e9 sanitair<\/strong> lossen al je problemen op. Op je standplaats heb je :<\/p>\n\n\n\n<ul class=\"ls-list wp-block-list\">\n<li>je eigen sanitairgebouw met <strong>douches<\/strong><\/li>\n\n\n\n<li>aparte <strong>toiletten<\/strong> <\/li>\n\n\n\n<li>een <strong>buitenwasbak en gootsteen<\/strong> om je af te wassen na een maaltijd met familie, vrienden of alleen jullie twee.<\/li>\n<\/ul>\n\n\n\n<p class=\"ls-paragraph\">Onze <strong>kampeerplaatsen uit het topsegment voor 1 tot 6 personen<\/strong> hebben elektrische aansluitingen (10A) voor meer comfort tijdens je verblijf. Je privacy is te allen tijde beschermd dankzij de bloeiende hagen die elk perceel afbakenen.<\/p>\n<\/div>\n\n\n\n<div class=\"wp-block-column is-vertically-aligned-center is-layout-flow wp-block-column-is-layout-flow\" style=\"flex-basis:53%\">\n<figure class=\"wp-block-gallery has-nested-images columns-default is-cropped animated fadeInRight slow delay-200ms wp-block-gallery-2 is-layout-flex wp-block-gallery-is-layout-flex\">\n<figure class=\"wp-block-image size-full\"><a href=\"https:\/\/www.champsblancstest.geek-tonic.dev\/wp-content\/uploads\/2023\/09\/emplacement-premium-sanitaire-prive-recent-interieur.webp\"><img decoding=\"async\" width=\"2558\" height=\"1920\" data-id=\"8390\" src=\"https:\/\/www.champsblancstest.geek-tonic.dev\/wp-content\/uploads\/2023\/09\/emplacement-premium-sanitaire-prive-recent-interieur.webp\" alt=\"toplocatie recente eigen badkamer binnen\" class=\"wp-image-8390\" srcset=\"https:\/\/www.champsblancstest.geek-tonic.dev\/wp-content\/uploads\/2023\/09\/emplacement-premium-sanitaire-prive-recent-interieur.webp 2558w, https:\/\/www.champsblancstest.geek-tonic.dev\/wp-content\/uploads\/2023\/09\/emplacement-premium-sanitaire-prive-recent-interieur-300x225.webp 300w, https:\/\/www.champsblancstest.geek-tonic.dev\/wp-content\/uploads\/2023\/09\/emplacement-premium-sanitaire-prive-recent-interieur-1024x769.webp 1024w, https:\/\/www.champsblancstest.geek-tonic.dev\/wp-content\/uploads\/2023\/09\/emplacement-premium-sanitaire-prive-recent-interieur-768x576.webp 768w, https:\/\/www.champsblancstest.geek-tonic.dev\/wp-content\/uploads\/2023\/09\/emplacement-premium-sanitaire-prive-recent-interieur-1536x1153.webp 1536w, https:\/\/www.champsblancstest.geek-tonic.dev\/wp-content\/uploads\/2023\/09\/emplacement-premium-sanitaire-prive-recent-interieur-2048x1537.webp 2048w\" sizes=\"(max-width: 2558px) 100vw, 2558px\" \/><\/a><\/figure>\n<\/figure>\n<\/div>\n<\/div>\n\n\n    <\/div>\n<\/section><section id=\"ls-section-block_613579b674156710d89b6b97ef240ce3\" class=\"ls-section  home-sixth page-three has-background-image has-parallax-child\" >\n    <div class=\"ls-section__background-image opacity-100\"><img decoding=\"async\" src=\"https:\/\/www.champsblancstest.geek-tonic.dev\/wp-content\/uploads\/2023\/09\/emplacement-sanitaire-prives-camping-scaled.webp\" alt=\"priv\u00e9 sanitair camping\"><\/div>    <div class=\"container container--wide\">\n        \n\n<div class=\"wp-block-columns are-vertically-aligned-center is-layout-flex wp-container-core-columns-is-layout-9d6595d7 wp-block-columns-is-layout-flex\">\n<div class=\"wp-block-column is-vertically-aligned-center wp-block-column__text animated fadeInUp delay-100ms slow is-layout-flow wp-block-column-is-layout-flow\" style=\"flex-basis:66.66%\">\n<h2 class=\"ls__heading wp-block-heading\">Camping met individuele sanitaire voorzieningen in Cap d&#8217;Agde<\/h2>\n\n\n\n<p class=\"ls-paragraph\">De kale kampeerplaats met priv\u00e9 sanitair is een innovatief concept voor een vakantie dicht bij de natuur en <strong>een uitstekend alternatief voor kampeerders<\/strong> die hun privacy en onafhankelijkheid willen behouden. In de omgeving van de camping is <strong>van alles te doen<\/strong>: watersporten, pretparken, museumbezoek, enz.<br\/><br\/>Op voorwaarde natuurlijk dat je uren doorbrengt in het zwemparadijs met verwarmde zwembaden en onze avondshows, zodat je vrij bent om de kust van de Languedoc te verkennen.<br\/><br\/>Sta je op het punt om je kampeerplaats met priv\u00e9 sanitair te reserveren? Bekijk onze speciale aanbiedingen en <a href=\"https:\/\/www.champsblancstest.geek-tonic.dev\/nl\/camping-niet-duur-agde\/\">deals<\/a> op staanplaatsen. Voor een nog voordeliger verblijf in Cap d&#8217;Agde <a href=\"https:\/\/www.champsblancstest.geek-tonic.dev\/nl\/camping-acsi\/\">accepteert onze camping de ACSI-kaart<\/a>! Twijfel je nog over het huren van een kampeerplaats met individueel sanitair? Raadpleeg de meningen van vakantiegangers.<\/p>\n<\/div>\n\n\n\n<div class=\"wp-block-column is-vertically-aligned-center is-layout-flow wp-block-column-is-layout-flow\" style=\"flex-basis:33.33%\">\n<div id=\"ls-heading ls-titre-div-block_27cd6692d6b26da729331e4ce9cf6195\" class=\"ls-titre-div h1-like\" >\n    Kamp bij<br><strong>  aan de waterkant<\/strong><\/div>\n<\/div>\n<\/div>\n\n\n    <\/div>\n<\/section><section id=\"ls-section-block_734c1572a7bb0de96691b68b1fea268a\" class=\"ls-section  page-four animated fadeInUp slow delay-100ms\" >\n        <div class=\"container container--wide\">\n        \n\n<div id=\"ls-heading ls-titre-div-block_4de1660713d4a7254ad66255524dce45\" class=\"ls-titre-div aligncenter h2-like\" >\n    Bekijk onze verschillende soorten huuraccommodaties en staanplaatsen<\/div>\n\n\n<div id=\"ls-maillage-block_53bb0a7db6c573f4c25a6b587370cbfa\" class=\"ls-maillage cta-style-normal\" data-rows=\"5\">\n    <div class=\"wp-block-columns\"><div class=\"wp-block-column\"><div class=\"ls-cta\">\n\n<a href=\"https:\/\/www.champsblancstest.geek-tonic.dev\/nl\/verhuur-stacaravan-premium-cap-agde\/\" target=\"\" rel=\"noopener\" class=\"ls-cta__link\">\n\n\t<div class=\"ls-cta__image\"><img decoding=\"async\" src=\"https:\/\/www.champsblancstest.geek-tonic.dev\/wp-content\/uploads\/2023\/09\/mobil-home-luxe-agde-768x451.webp\" alt=\"mobil home luxe agde\"><\/div>\n\t<div class=\"ls-cta__title\">\n\t\t<span class=\"champs-blancs-coin-droit\"><\/span>\n\t\tPremium stacaravan\t\t<span class=\"champs-blancs-arrow-down\"><\/span>\n\t<\/div>\n\n\t\n<\/a><\/div><\/div><div class=\"wp-block-column\"><div class=\"ls-cta\">\n\n<a href=\"https:\/\/www.champsblancstest.geek-tonic.dev\/nl\/huur-chalet-cap-agde\/\" target=\"\" rel=\"noopener\" class=\"ls-cta__link\">\n\n\t<div class=\"ls-cta__image\"><img decoding=\"async\" src=\"https:\/\/www.champsblancstest.geek-tonic.dev\/wp-content\/uploads\/2023\/09\/location-chalet-cap-agde-768x512.webp\" alt=\"verhuur chalet cap agde\"><\/div>\n\t<div class=\"ls-cta__title\">\n\t\t<span class=\"champs-blancs-coin-droit\"><\/span>\n\t\tDe chalets\t\t<span class=\"champs-blancs-arrow-down\"><\/span>\n\t<\/div>\n\n\t\n<\/a><\/div><\/div><div class=\"wp-block-column\"><div class=\"ls-cta\">\n\n<a href=\"https:\/\/www.champsblancstest.geek-tonic.dev\/nl\/caravaning-cap-agde\/\" target=\"\" rel=\"noopener\" class=\"ls-cta__link\">\n\n\t<div class=\"ls-cta__image\"><img decoding=\"async\" src=\"https:\/\/www.champsblancstest.geek-tonic.dev\/wp-content\/uploads\/2023\/09\/camping-caravaning-cap-agde-768x512.webp\" alt=\"kamperen caravaning cap agde\"><\/div>\n\t<div class=\"ls-cta__title\">\n\t\t<span class=\"champs-blancs-coin-droit\"><\/span>\n\t\tStandaard staanplaatsen\t\t<span class=\"champs-blancs-arrow-down\"><\/span>\n\t<\/div>\n\n\t\n<\/a><\/div><\/div><div class=\"wp-block-column\"><div class=\"ls-cta\">\n\n<a href=\"https:\/\/www.champsblancstest.geek-tonic.dev\/nl\/camping-niet-duur-agde\/\" target=\"\" rel=\"noopener\" class=\"ls-cta__link\">\n\n\t<div class=\"ls-cta__image\"><img decoding=\"async\" src=\"https:\/\/www.champsblancstest.geek-tonic.dev\/wp-content\/uploads\/2023\/09\/camping-pas-cher-bord-de-mer-768x1152.webp\" alt=\"goedkoop kamperen aan zee\"><\/div>\n\t<div class=\"ls-cta__title\">\n\t\t<span class=\"champs-blancs-coin-droit\"><\/span>\n\t\tTarieven\t\t<span class=\"champs-blancs-arrow-down\"><\/span>\n\t<\/div>\n\n\t\n<\/a><\/div><\/div><div class=\"wp-block-column\"><div class=\"ls-cta\">\n\n<a href=\"https:\/\/www.champsblancstest.geek-tonic.dev\/nl\/verhuur-stacaravan-cap-agde\/\" target=\"\" rel=\"noopener\" class=\"ls-cta__link\">\n\n\t<div class=\"ls-cta__image\"><img decoding=\"async\" src=\"https:\/\/www.champsblancstest.geek-tonic.dev\/wp-content\/uploads\/2023\/09\/location-vacances-cap-agde-768x463.webp\" alt=\"vakantiehuizen cap agde\"><\/div>\n\t<div class=\"ls-cta__title\">\n\t\t<span class=\"champs-blancs-coin-droit\"><\/span>\n\t\tStacaravans\t\t<span class=\"champs-blancs-arrow-down\"><\/span>\n\t<\/div>\n\n\t\n<\/a><\/div><\/div><\/div><\/div>\n\n    <\/div>\n<\/section>","protected":false},"excerpt":{"rendered":"","protected":false},"author":1,"featured_media":8426,"parent":0,"menu_order":0,"comment_status":"closed","ping_status":"closed","template":"","meta":{"_acf_changed":false,"footnotes":""},"sujet":[],"class_list":["post-10627","page","type-page","status-publish","has-post-thumbnail","hentry"],"acf":[],"yoast_head":"<!-- This site is optimized with the Yoast SEO plugin v22.6 - https:\/\/yoast.com\/wordpress\/plugins\/seo\/ -->\n<title>Camping met priv\u00e9 sanitair op staanplaats in H\u00e9rault : Luxe staanplaats bij Agde<\/title>\n<meta name=\"description\" content=\"Droom je van een camping met priv\u00e9 sanitair op een kampeerplaats in Agde? Ontdek de kampeerplaatsen met sanitair op onze 5-sterrencamping!\" \/>\n<meta name=\"robots\" content=\"noindex, follow, max-snippet:-1, max-image-preview:large, max-video-preview:-1\" \/>\n<meta property=\"og:locale\" content=\"nl_NL\" \/>\n<meta property=\"og:type\" content=\"article\" \/>\n<meta property=\"og:title\" content=\"Camping met priv\u00e9 sanitair op staanplaats in H\u00e9rault : Luxe staanplaats bij Agde\" \/>\n<meta property=\"og:description\" content=\"Droom je van een camping met priv\u00e9 sanitair op een kampeerplaats in Agde? Ontdek de kampeerplaatsen met sanitair op onze 5-sterrencamping!\" \/>\n<meta property=\"og:url\" content=\"https:\/\/www.champsblancstest.geek-tonic.dev\/fr\/caravaning-premium-agde\/\" \/>\n<meta property=\"og:site_name\" content=\"Les Champs Blancs\" \/>\n<meta property=\"article:modified_time\" content=\"2023-11-15T14:14:05+00:00\" \/>\n<meta property=\"og:image\" content=\"https:\/\/www.champsblancstest.geek-tonic.dev\/wp-content\/uploads\/2023\/09\/camping-agde-champs-blancs-Emplacement-sanitaire.jpg\" \/>\n\t<meta property=\"og:image:width\" content=\"1600\" \/>\n\t<meta property=\"og:image:height\" content=\"400\" \/>\n\t<meta property=\"og:image:type\" content=\"image\/jpeg\" \/>\n<meta name=\"twitter:card\" content=\"summary_large_image\" \/>\n<meta name=\"twitter:label1\" content=\"Geschatte leestijd\" \/>\n\t<meta name=\"twitter:data1\" content=\"3 minuten\" \/>\n<script type=\"application\/ld+json\" class=\"yoast-schema-graph\">{\"@context\":\"https:\/\/schema.org\",\"@graph\":[{\"@type\":\"WebPage\",\"@id\":\"https:\/\/www.champsblancstest.geek-tonic.dev\/fr\/caravaning-premium-agde\/\",\"url\":\"https:\/\/www.champsblancstest.geek-tonic.dev\/fr\/caravaning-premium-agde\/\",\"name\":\"Camping met priv\u00e9 sanitair op staanplaats in H\u00e9rault : Luxe staanplaats bij Agde\",\"isPartOf\":{\"@id\":\"https:\/\/www.champsblancstest.geek-tonic.dev\/fr\/#website\"},\"primaryImageOfPage\":{\"@id\":\"https:\/\/www.champsblancstest.geek-tonic.dev\/fr\/caravaning-premium-agde\/#primaryimage\"},\"image\":{\"@id\":\"https:\/\/www.champsblancstest.geek-tonic.dev\/fr\/caravaning-premium-agde\/#primaryimage\"},\"thumbnailUrl\":\"https:\/\/www.champsblancstest.geek-tonic.dev\/wp-content\/uploads\/2023\/09\/camping-agde-champs-blancs-Emplacement-sanitaire.jpg\",\"datePublished\":\"2023-10-19T10:09:01+00:00\",\"dateModified\":\"2023-11-15T14:14:05+00:00\",\"description\":\"Droom je van een camping met priv\u00e9 sanitair op een kampeerplaats in Agde? Ontdek de kampeerplaatsen met sanitair op onze 5-sterrencamping!\",\"breadcrumb\":{\"@id\":\"https:\/\/www.champsblancstest.geek-tonic.dev\/fr\/caravaning-premium-agde\/#breadcrumb\"},\"inLanguage\":\"nl-NL\",\"potentialAction\":[{\"@type\":\"ReadAction\",\"target\":[\"https:\/\/www.champsblancstest.geek-tonic.dev\/fr\/caravaning-premium-agde\/\"]}]},{\"@type\":\"ImageObject\",\"inLanguage\":\"nl-NL\",\"@id\":\"https:\/\/www.champsblancstest.geek-tonic.dev\/fr\/caravaning-premium-agde\/#primaryimage\",\"url\":\"https:\/\/www.champsblancstest.geek-tonic.dev\/wp-content\/uploads\/2023\/09\/camping-agde-champs-blancs-Emplacement-sanitaire.jpg\",\"contentUrl\":\"https:\/\/www.champsblancstest.geek-tonic.dev\/wp-content\/uploads\/2023\/09\/camping-agde-champs-blancs-Emplacement-sanitaire.jpg\",\"width\":1600,\"height\":400,\"caption\":\"camping agde champs blancs Sanitaire plaats\"},{\"@type\":\"BreadcrumbList\",\"@id\":\"https:\/\/www.champsblancstest.geek-tonic.dev\/fr\/caravaning-premium-agde\/#breadcrumb\",\"itemListElement\":[{\"@type\":\"ListItem\",\"position\":1,\"name\":\"Camping Cap d\u2019Agde\",\"item\":\"https:\/\/www.champsblancstest.geek-tonic.dev\/fr\/\"},{\"@type\":\"ListItem\",\"position\":2,\"name\":\"Priv\u00e9 sanitair camping\"}]},{\"@type\":\"WebSite\",\"@id\":\"https:\/\/www.champsblancstest.geek-tonic.dev\/fr\/#website\",\"url\":\"https:\/\/www.champsblancstest.geek-tonic.dev\/fr\/\",\"name\":\"Les Champs Blancs\",\"description\":\"\",\"publisher\":{\"@id\":\"https:\/\/www.champsblancstest.geek-tonic.dev\/fr\/#organization\"},\"potentialAction\":[{\"@type\":\"SearchAction\",\"target\":{\"@type\":\"EntryPoint\",\"urlTemplate\":\"https:\/\/www.champsblancstest.geek-tonic.dev\/fr\/?s={search_term_string}\"},\"query-input\":\"required name=search_term_string\"}],\"inLanguage\":\"nl-NL\"},{\"@type\":\"Organization\",\"@id\":\"https:\/\/www.champsblancstest.geek-tonic.dev\/fr\/#organization\",\"name\":\"Les Champs Blancs\",\"url\":\"https:\/\/www.champsblancstest.geek-tonic.dev\/fr\/\",\"logo\":{\"@type\":\"ImageObject\",\"inLanguage\":\"nl-NL\",\"@id\":\"https:\/\/www.champsblancstest.geek-tonic.dev\/fr\/#\/schema\/logo\/image\/\",\"url\":\"https:\/\/www.champsblancstest.geek-tonic.dev\/wp-content\/uploads\/2023\/07\/logo-blanc-camping-les-champs-blancs.webp\",\"contentUrl\":\"https:\/\/www.champsblancstest.geek-tonic.dev\/wp-content\/uploads\/2023\/07\/logo-blanc-camping-les-champs-blancs.webp\",\"width\":821,\"height\":657,\"caption\":\"Les Champs Blancs\"},\"image\":{\"@id\":\"https:\/\/www.champsblancstest.geek-tonic.dev\/fr\/#\/schema\/logo\/image\/\"}}]}<\/script>\n<!-- \/ Yoast SEO plugin. -->","yoast_head_json":{"title":"Camping met priv\u00e9 sanitair op staanplaats in H\u00e9rault : Luxe staanplaats bij Agde","description":"Droom je van een camping met priv\u00e9 sanitair op een kampeerplaats in Agde? Ontdek de kampeerplaatsen met sanitair op onze 5-sterrencamping!","robots":{"index":"noindex","follow":"follow","max-snippet":"max-snippet:-1","max-image-preview":"max-image-preview:large","max-video-preview":"max-video-preview:-1"},"og_locale":"nl_NL","og_type":"article","og_title":"Camping met priv\u00e9 sanitair op staanplaats in H\u00e9rault : Luxe staanplaats bij Agde","og_description":"Droom je van een camping met priv\u00e9 sanitair op een kampeerplaats in Agde? Ontdek de kampeerplaatsen met sanitair op onze 5-sterrencamping!","og_url":"https:\/\/www.champsblancstest.geek-tonic.dev\/fr\/caravaning-premium-agde\/","og_site_name":"Les Champs Blancs","article_modified_time":"2023-11-15T14:14:05+00:00","og_image":[{"width":1600,"height":400,"url":"https:\/\/www.champsblancstest.geek-tonic.dev\/wp-content\/uploads\/2023\/09\/camping-agde-champs-blancs-Emplacement-sanitaire.jpg","type":"image\/jpeg"}],"twitter_card":"summary_large_image","twitter_misc":{"Geschatte leestijd":"3 minuten"},"schema":{"@context":"https:\/\/schema.org","@graph":[{"@type":"WebPage","@id":"https:\/\/www.champsblancstest.geek-tonic.dev\/fr\/caravaning-premium-agde\/","url":"https:\/\/www.champsblancstest.geek-tonic.dev\/fr\/caravaning-premium-agde\/","name":"Camping met priv\u00e9 sanitair op staanplaats in H\u00e9rault : Luxe staanplaats bij Agde","isPartOf":{"@id":"https:\/\/www.champsblancstest.geek-tonic.dev\/fr\/#website"},"primaryImageOfPage":{"@id":"https:\/\/www.champsblancstest.geek-tonic.dev\/fr\/caravaning-premium-agde\/#primaryimage"},"image":{"@id":"https:\/\/www.champsblancstest.geek-tonic.dev\/fr\/caravaning-premium-agde\/#primaryimage"},"thumbnailUrl":"https:\/\/www.champsblancstest.geek-tonic.dev\/wp-content\/uploads\/2023\/09\/camping-agde-champs-blancs-Emplacement-sanitaire.jpg","datePublished":"2023-10-19T10:09:01+00:00","dateModified":"2023-11-15T14:14:05+00:00","description":"Droom je van een camping met priv\u00e9 sanitair op een kampeerplaats in Agde? Ontdek de kampeerplaatsen met sanitair op onze 5-sterrencamping!","breadcrumb":{"@id":"https:\/\/www.champsblancstest.geek-tonic.dev\/fr\/caravaning-premium-agde\/#breadcrumb"},"inLanguage":"nl-NL","potentialAction":[{"@type":"ReadAction","target":["https:\/\/www.champsblancstest.geek-tonic.dev\/fr\/caravaning-premium-agde\/"]}]},{"@type":"ImageObject","inLanguage":"nl-NL","@id":"https:\/\/www.champsblancstest.geek-tonic.dev\/fr\/caravaning-premium-agde\/#primaryimage","url":"https:\/\/www.champsblancstest.geek-tonic.dev\/wp-content\/uploads\/2023\/09\/camping-agde-champs-blancs-Emplacement-sanitaire.jpg","contentUrl":"https:\/\/www.champsblancstest.geek-tonic.dev\/wp-content\/uploads\/2023\/09\/camping-agde-champs-blancs-Emplacement-sanitaire.jpg","width":1600,"height":400,"caption":"camping agde champs blancs Sanitaire plaats"},{"@type":"BreadcrumbList","@id":"https:\/\/www.champsblancstest.geek-tonic.dev\/fr\/caravaning-premium-agde\/#breadcrumb","itemListElement":[{"@type":"ListItem","position":1,"name":"Camping Cap d\u2019Agde","item":"https:\/\/www.champsblancstest.geek-tonic.dev\/fr\/"},{"@type":"ListItem","position":2,"name":"Priv\u00e9 sanitair camping"}]},{"@type":"WebSite","@id":"https:\/\/www.champsblancstest.geek-tonic.dev\/fr\/#website","url":"https:\/\/www.champsblancstest.geek-tonic.dev\/fr\/","name":"Les Champs Blancs","description":"","publisher":{"@id":"https:\/\/www.champsblancstest.geek-tonic.dev\/fr\/#organization"},"potentialAction":[{"@type":"SearchAction","target":{"@type":"EntryPoint","urlTemplate":"https:\/\/www.champsblancstest.geek-tonic.dev\/fr\/?s={search_term_string}"},"query-input":"required name=search_term_string"}],"inLanguage":"nl-NL"},{"@type":"Organization","@id":"https:\/\/www.champsblancstest.geek-tonic.dev\/fr\/#organization","name":"Les Champs Blancs","url":"https:\/\/www.champsblancstest.geek-tonic.dev\/fr\/","logo":{"@type":"ImageObject","inLanguage":"nl-NL","@id":"https:\/\/www.champsblancstest.geek-tonic.dev\/fr\/#\/schema\/logo\/image\/","url":"https:\/\/www.champsblancstest.geek-tonic.dev\/wp-content\/uploads\/2023\/07\/logo-blanc-camping-les-champs-blancs.webp","contentUrl":"https:\/\/www.champsblancstest.geek-tonic.dev\/wp-content\/uploads\/2023\/07\/logo-blanc-camping-les-champs-blancs.webp","width":821,"height":657,"caption":"Les Champs Blancs"},"image":{"@id":"https:\/\/www.champsblancstest.geek-tonic.dev\/fr\/#\/schema\/logo\/image\/"}}]}},"_links":{"self":[{"href":"https:\/\/www.champsblancstest.geek-tonic.dev\/nl\/wp-json\/wp\/v2\/pages\/10627","targetHints":{"allow":["GET"]}}],"collection":[{"href":"https:\/\/www.champsblancstest.geek-tonic.dev\/nl\/wp-json\/wp\/v2\/pages"}],"about":[{"href":"https:\/\/www.champsblancstest.geek-tonic.dev\/nl\/wp-json\/wp\/v2\/types\/page"}],"author":[{"embeddable":true,"href":"https:\/\/www.champsblancstest.geek-tonic.dev\/nl\/wp-json\/wp\/v2\/users\/1"}],"replies":[{"embeddable":true,"href":"https:\/\/www.champsblancstest.geek-tonic.dev\/nl\/wp-json\/wp\/v2\/comments?post=10627"}],"version-history":[{"count":3,"href":"https:\/\/www.champsblancstest.geek-tonic.dev\/nl\/wp-json\/wp\/v2\/pages\/10627\/revisions"}],"predecessor-version":[{"id":11101,"href":"https:\/\/www.champsblancstest.geek-tonic.dev\/nl\/wp-json\/wp\/v2\/pages\/10627\/revisions\/11101"}],"wp:featuredmedia":[{"embeddable":true,"href":"https:\/\/www.champsblancstest.geek-tonic.dev\/nl\/wp-json\/wp\/v2\/media\/8426"}],"wp:attachment":[{"href":"https:\/\/www.champsblancstest.geek-tonic.dev\/nl\/wp-json\/wp\/v2\/media?parent=10627"}],"wp:term":[{"taxonomy":"sujet","embeddable":true,"href":"https:\/\/www.champsblancstest.geek-tonic.dev\/nl\/wp-json\/wp\/v2\/sujet?post=10627"}],"curies":[{"name":"wp","href":"https:\/\/api.w.org\/{rel}","templated":true}]}}