{"id":10667,"date":"2023-10-19T12:09:07","date_gmt":"2023-10-19T10:09:07","guid":{"rendered":"https:\/\/www.champsblancstest.geek-tonic.dev\/beziers\/"},"modified":"2023-10-30T10:26:38","modified_gmt":"2023-10-30T09:26:38","slug":"beziers","status":"publish","type":"page","link":"https:\/\/www.champsblancstest.geek-tonic.dev\/nl\/herault\/beziers\/","title":{"rendered":"B\u00e9ziers"},"content":{"rendered":"<section id=\"ls-section-block_82d018d727269ee18b39fae6421dd624\" class=\"ls-section  home-first page-one\" >\n        <div class=\"container container--full\">\n        \n\n<div class=\"wp-block-columns are-vertically-aligned-center is-layout-flex wp-container-core-columns-is-layout-9d6595d7 wp-block-columns-is-layout-flex\">\n<div class=\"wp-block-column is-vertically-aligned-center is-layout-flow wp-block-column-is-layout-flow\" style=\"flex-basis:53%\"><p><iframe width=\"100%\" height=\"480\" src=\"https:\/\/www.youtube.com\/embed\/3l42EmbX8CU\" title=\"B\u00e9ziers, France\" frameborder=\"0\" allow=\"accelerometer; autoplay; clipboard-write; encrypted-media; gyroscope; picture-in-picture; web-share\" allowfullscreen><\/iframe><\/p>\n<\/div>\n\n\n\n<div class=\"wp-block-column is-vertically-aligned-center is-layout-flow wp-block-column-is-layout-flow\" style=\"flex-basis:47%\">\n<h1 class=\"ls__heading wp-block-heading\">Toerisme B\u00e9ziers<\/h1>\n\n\n\n<p class=\"ls-paragraph\">Als je <strong>op slechts 30 minuten van het centrum van B\u00e9ziers<\/strong> in de regio Languedoc Roussillon (Occitanie) verblijft, niet ver van Valras, mag je een bezoek aan wat vaak het Franse Sevilla wordt genoemd niet overslaan vanwege het belang van de arena van B\u00e9ziers.<br\/><br\/><a href=\"https:\/\/www.champsblancstest.geek-tonic.dev\/nl\/beziers-camping\/\">Camping B\u00e9ziers<\/a> ligt op minder dan 25 km van de stad en is de perfecte plek om van je vakantie te genieten.<br\/><br\/><strong>Fietsliefhebbers<\/strong> kunnen het ook in 1 uur bereiken op de kleinere wegen!<\/p>\n<\/div>\n<\/div>\n\n\n    <\/div>\n<\/section><section id=\"ls-section-block_669a59bea0e5eea7e9d3c3f7f161c2d3\" class=\"ls-section  home-sixth page-three has-background-image has-parallax-child\" >\n    <div class=\"ls-section__background-image opacity-100\"><img decoding=\"async\" src=\"https:\/\/www.champsblancstest.geek-tonic.dev\/wp-content\/uploads\/2023\/09\/camping-vers-beziers-scaled.webp\" alt=\"camping richting beziers\"><\/div>    <div class=\"container container--wide\">\n        \n\n<div class=\"wp-block-columns are-vertically-aligned-center is-layout-flex wp-container-core-columns-is-layout-9d6595d7 wp-block-columns-is-layout-flex\">\n<div class=\"wp-block-column is-vertically-aligned-center wp-block-column__text animated fadeInUp delay-100ms slow is-layout-flow wp-block-column-is-layout-flow\" style=\"flex-basis:66.66%\">\n<h2 class=\"ls__heading wp-block-heading\">Ontdek B\u00e9ziers<\/h2>\n\n\n\n<p class=\"ls-paragraph\">B\u00e9ziers is een <strong>stad met negen sluizen<\/strong>, die wordt doorkruist door het Canal du Midi, en beschikt over een ongelooflijk architecturaal erfgoed dat je beslist moet zien als je <a href=\"https:\/\/www.champsblancstest.geek-tonic.dev\/nl\/herault\/\">in de H\u00e9rault bent<\/a>. Rondom de prachtige gotische kathedraal, waarvan het silhouet de stad al van verre markeert, is de oude stad B\u00e9ziers gebouwd op de oevers van de Orb, beschut achter hoge vestingmuren die je tijdens je verblijf kunt bezoeken.<\/p>\n\n\n\n<p class=\"ls-paragraph\"><a href=\"https:\/\/www.ville-beziers.fr\/\" target=\"_blank\" rel=\"noreferrer noopener\">B\u00e9ziers<\/a> is na <strong>Montpellier<\/strong> de grootste stad in de <strong>H\u00e9rault<\/strong> en staat niet alleen bekend om zijn cultuur en f\u00e9rias, maar ook om zijn wijnen. Op slechts een paar minuten van de stranden van de Middellandse Zee heeft de stad de ziel van haar wijken en de schoonheid van haar geklasseerde gebouwen weten te behouden: de elegante 19e-eeuwse herenhuizen, de middeleeuwse steegjes en de oude brug, de arena&#8217;s die dateren uit het einde van de 19e eeuw,  <strong>Zijn Halles Baltard<\/strong>Je kunt ook de ongelooflijke kanaalbrug en de oude overblijfselen van het Romeinse theater bewonderen.<\/p>\n\n\n\n<p class=\"ls-paragraph\">De negen sluizen van Fonseranes zijn unieke en spectaculaire kunstwerken en staan op <strong>de Werelderfgoedlijst van UNESCO<\/strong>. Naast <strong>de Pont du Gard<\/strong> en de middeleeuwse stad <strong>Carcassonne<\/strong> zijn ze de derde meest bezochte bezienswaardigheid in de <strong>Languedoc<\/strong>. Om in B\u00e9ziers te komen, kun je kiezen voor het vliegveld van B\u00e9ziers. Je kunt ook het Palais des Congr\u00e8s bezoeken, niet ver van het stadhuis van B\u00e9ziers.<\/p>\n<\/div>\n\n\n\n<div class=\"wp-block-column is-vertically-aligned-center is-layout-flow wp-block-column-is-layout-flow\" style=\"flex-basis:33.33%\">\n<div id=\"ls-heading ls-titre-div-block_97e3d75200e8203ece7cfc24e55bf3d2\" class=\"ls-titre-div h1-like\" >\n    Ontdek<br><strong>de zonnige stad<\/strong><\/div>\n<\/div>\n<\/div>\n\n\n    <\/div>\n<\/section><section id=\"ls-section-block_c90ee7219d4cc478dda293a4b81a8563\" class=\"ls-section  home-first page-two\" >\n        <div class=\"container container--full\">\n        \n\n<div class=\"wp-block-columns are-vertically-aligned-center is-layout-flex wp-container-core-columns-is-layout-9d6595d7 wp-block-columns-is-layout-flex\">\n<div class=\"wp-block-column is-vertically-aligned-center is-layout-flow wp-block-column-is-layout-flow\" style=\"flex-basis:47%\">\n<h2 class=\"ls__heading wp-block-heading\">Wat te doen in B\u00e9ziers<\/h2>\n\n\n\n<ul class=\"ls-list wp-block-list\">\n<li><strong>Bezoek het historische hart van de stad<\/strong>: de kathedraal, de bisschoppentuin, de winkelstraten, allemaal binnen handbereik van uw <strong>goedkope camping in B\u00e9ziers<\/strong>.<\/li>\n\n\n\n<li>Klim naar de top van de centrale klokkentoren van de <strong>kathedraal van Saint-Nazaire en Saint-Celse<\/strong>en geniet van een ongelooflijk uitzicht over de stad, de Orb en het Canal du Midi.<\/li>\n\n\n\n<li>Bekijk de boten die door de <strong>negen sluizen bij Fonseranes<\/strong> varen en wandel langs het kanaal.<\/li>\n\n\n\n<li>Maak een <strong>wandeling op het Plateau des Po\u00e8tes<\/strong>: de groene long van de stad. Deze 5 hectare grote tuinen, aangelegd aan het eind van de 19e eeuw, verbinden het stadstheater met het treinstation van B\u00e9ziers.<\/li>\n\n\n\n<li><strong>Wandel langs de oevers van de kanaalbrug<\/strong>, waardoor schepen de Orb kunnen oversteken op slechts een paar kilometer van je <strong>camping bij B\u00e9ziers<\/strong>.<\/li>\n\n\n\n<li><strong>Wandel over de bloemenmarkt<\/strong> op de All\u00e9es Paul-Riquet, tegenover het stadstheater (vrijdag).<\/li>\n\n\n\n<li><strong>Wandel over de oude begraafplaats<\/strong>, de &#8220;P\u00e8re Lachaise&#8221; van B\u00e9ziers, met zijn bijzondere mausolea, rustige, met cipressen omzoomde lanen, uitzicht op de bergen en het standbeeld van Notre-Dame-du-Moucadou.<\/li>\n\n\n\n<li>Neem in augustus <strong>deel aan de f\u00e9ria van B\u00e9ziers<\/strong>, met zijn bodega&#8217;s, casitas, ruiterdorp, shows, flamenco en Sevillanas. Deze feria is beroemd in het hele departement H\u00e9rault.<\/li>\n\n\n\n<li><strong>Bezoek de arena<\/strong> (elke woensdagochtend in juli en augustus) om de geschiedenis en het kijkje achter de schermen te ontdekken.<\/li>\n\n\n\n<li>Ontdek de belangrijkste bezienswaardigheden van de stad met een <strong>toeristentreintje<\/strong>: van het historische centrum naar de arena&#8217;s, via de sluizen.<\/li>\n<\/ul>\n<\/div>\n\n\n\n<div class=\"wp-block-column is-vertically-aligned-center is-layout-flow wp-block-column-is-layout-flow\" style=\"flex-basis:53%\">\n<figure class=\"wp-block-gallery has-nested-images columns-default is-cropped animated fadeInRight slow delay-200ms wp-block-gallery-1 is-layout-flex wp-block-gallery-is-layout-flex\">\n<figure class=\"wp-block-image size-full\"><a href=\"https:\/\/www.champsblancstest.geek-tonic.dev\/wp-content\/uploads\/2023\/09\/camping-beziers-herault.webp\"><img decoding=\"async\" width=\"1440\" height=\"1920\" data-id=\"8813\" src=\"https:\/\/www.champsblancstest.geek-tonic.dev\/wp-content\/uploads\/2023\/09\/camping-beziers-herault.webp\" alt=\"camping beziers herault\" class=\"wp-image-8813\" srcset=\"https:\/\/www.champsblancstest.geek-tonic.dev\/wp-content\/uploads\/2023\/09\/camping-beziers-herault.webp 1440w, https:\/\/www.champsblancstest.geek-tonic.dev\/wp-content\/uploads\/2023\/09\/camping-beziers-herault-225x300.webp 225w, https:\/\/www.champsblancstest.geek-tonic.dev\/wp-content\/uploads\/2023\/09\/camping-beziers-herault-768x1024.webp 768w, https:\/\/www.champsblancstest.geek-tonic.dev\/wp-content\/uploads\/2023\/09\/camping-beziers-herault-1152x1536.webp 1152w\" sizes=\"(max-width: 1440px) 100vw, 1440px\" \/><\/a><\/figure>\n<\/figure>\n<\/div>\n<\/div>\n\n\n    <\/div>\n<\/section><section id=\"ls-section-block_bdeb17ca63861e49b5fe72661dd68ebc\" class=\"ls-section  page-four animated fadeInUp slow delay-100ms\" >\n        <div class=\"container container--wide\">\n        \n\n<div id=\"ls-heading ls-titre-div-block_e087647cefb0da6c96df6978d8220fca\" class=\"ls-titre-div aligncenter h2-like\" >\n    Ook in de omgeving van B\u00e9ziers<\/div>\n\n\n<div id=\"ls-maillage-block_a400e8f58374f07e792361645cd6557b\" class=\"ls-maillage cta-style-normal\" data-rows=\"3\">\n    <div class=\"wp-block-columns\"><div class=\"wp-block-column\"><div class=\"ls-cta\">\n\n<a href=\"https:\/\/www.champsblancstest.geek-tonic.dev\/nl\/herault\/pezenas\/\" target=\"\" rel=\"noopener\" class=\"ls-cta__link\">\n\n\t<div class=\"ls-cta__image\"><img decoding=\"async\" src=\"https:\/\/www.champsblancstest.geek-tonic.dev\/wp-content\/uploads\/2019\/06\/camping-Pezenas-Commanderie-Saint-Jean-2.jpg\" alt=\"Camping Camp\u00e9ole Pezenas\"><\/div>\n\t<div class=\"ls-cta__title\">\n\t\t<span class=\"champs-blancs-coin-droit\"><\/span>\n\t\tP\u00e9zenas\t\t<span class=\"champs-blancs-arrow-down\"><\/span>\n\t<\/div>\n\n\t\n<\/a><\/div><\/div><div class=\"wp-block-column\"><div class=\"ls-cta\">\n\n<a href=\"https:\/\/www.champsblancstest.geek-tonic.dev\/nl\/herault\/sete\/\" target=\"\" rel=\"noopener\" class=\"ls-cta__link\">\n\n\t<div class=\"ls-cta__image\"><img decoding=\"async\" src=\"https:\/\/www.champsblancstest.geek-tonic.dev\/wp-content\/uploads\/2023\/09\/camping-sete8-768x409.webp\" alt=\"camping s\u00e8te8\"><\/div>\n\t<div class=\"ls-cta__title\">\n\t\t<span class=\"champs-blancs-coin-droit\"><\/span>\n\t\tS\u00e8te\t\t<span class=\"champs-blancs-arrow-down\"><\/span>\n\t<\/div>\n\n\t\n<\/a><\/div><\/div><div class=\"wp-block-column\"><div class=\"ls-cta\">\n\n<a href=\"https:\/\/www.champsblancstest.geek-tonic.dev\/nl\/herault\/montpellier\/\" target=\"\" rel=\"noopener\" class=\"ls-cta__link\">\n\n\t<div class=\"ls-cta__image\"><img decoding=\"async\" src=\"https:\/\/www.champsblancstest.geek-tonic.dev\/wp-content\/uploads\/2023\/09\/camping-montpellier7-768x512.webp\" alt=\"camping montpellier7\"><\/div>\n\t<div class=\"ls-cta__title\">\n\t\t<span class=\"champs-blancs-coin-droit\"><\/span>\n\t\tMontpellier\t\t<span class=\"champs-blancs-arrow-down\"><\/span>\n\t<\/div>\n\n\t\n<\/a><\/div><\/div><\/div><\/div>\n\n    <\/div>\n<\/section>","protected":false},"excerpt":{"rendered":"","protected":false},"author":1,"featured_media":8819,"parent":10674,"menu_order":0,"comment_status":"closed","ping_status":"closed","template":"","meta":{"_acf_changed":false,"footnotes":""},"sujet":[],"class_list":["post-10667","page","type-page","status-publish","has-post-thumbnail","hentry"],"acf":[],"yoast_head":"<!-- This site is optimized with the Yoast SEO plugin v22.6 - https:\/\/yoast.com\/wordpress\/plugins\/seo\/ -->\n<title>B\u00e9ziers Tourisme | Wat te zien en te doen in B\u00e9ziers: must-sees<\/title>\n<meta name=\"description\" content=\"Wil je bezienswaardigheden bezoeken in B\u00e9ziers? Ontdek de beste bezienswaardigheden en dingen om te doen in B\u00e9ziers!\" \/>\n<meta name=\"robots\" content=\"noindex, follow, max-snippet:-1, max-image-preview:large, max-video-preview:-1\" \/>\n<meta property=\"og:locale\" content=\"nl_NL\" \/>\n<meta property=\"og:type\" content=\"article\" \/>\n<meta property=\"og:title\" content=\"B\u00e9ziers Tourisme | Wat te zien en te doen in B\u00e9ziers: must-sees\" \/>\n<meta property=\"og:description\" content=\"Wil je bezienswaardigheden bezoeken in B\u00e9ziers? Ontdek de beste bezienswaardigheden en dingen om te doen in B\u00e9ziers!\" \/>\n<meta property=\"og:url\" content=\"https:\/\/www.champsblancstest.geek-tonic.dev\/fr\/herault\/beziers\/\" \/>\n<meta property=\"og:site_name\" content=\"Les Champs Blancs\" \/>\n<meta property=\"article:modified_time\" content=\"2023-10-30T09:26:38+00:00\" \/>\n<meta property=\"og:image\" content=\"https:\/\/www.champsblancstest.geek-tonic.dev\/wp-content\/uploads\/2023\/09\/camping-pres-de-beziers-scaled-e1695632271571.webp\" \/>\n\t<meta property=\"og:image:width\" content=\"2560\" \/>\n\t<meta property=\"og:image:height\" content=\"1439\" \/>\n\t<meta property=\"og:image:type\" content=\"image\/webp\" \/>\n<meta name=\"twitter:card\" content=\"summary_large_image\" \/>\n<meta name=\"twitter:label1\" content=\"Geschatte leestijd\" \/>\n\t<meta name=\"twitter:data1\" content=\"3 minuten\" \/>\n<script type=\"application\/ld+json\" class=\"yoast-schema-graph\">{\"@context\":\"https:\/\/schema.org\",\"@graph\":[{\"@type\":\"WebPage\",\"@id\":\"https:\/\/www.champsblancstest.geek-tonic.dev\/fr\/herault\/beziers\/\",\"url\":\"https:\/\/www.champsblancstest.geek-tonic.dev\/fr\/herault\/beziers\/\",\"name\":\"B\u00e9ziers Tourisme | Wat te zien en te doen in B\u00e9ziers: must-sees\",\"isPartOf\":{\"@id\":\"https:\/\/www.champsblancstest.geek-tonic.dev\/fr\/#website\"},\"primaryImageOfPage\":{\"@id\":\"https:\/\/www.champsblancstest.geek-tonic.dev\/fr\/herault\/beziers\/#primaryimage\"},\"image\":{\"@id\":\"https:\/\/www.champsblancstest.geek-tonic.dev\/fr\/herault\/beziers\/#primaryimage\"},\"thumbnailUrl\":\"https:\/\/www.champsblancstest.geek-tonic.dev\/wp-content\/uploads\/2023\/09\/camping-pres-de-beziers-scaled-e1695632271571.webp\",\"datePublished\":\"2023-10-19T10:09:07+00:00\",\"dateModified\":\"2023-10-30T09:26:38+00:00\",\"description\":\"Wil je bezienswaardigheden bezoeken in B\u00e9ziers? Ontdek de beste bezienswaardigheden en dingen om te doen in B\u00e9ziers!\",\"breadcrumb\":{\"@id\":\"https:\/\/www.champsblancstest.geek-tonic.dev\/fr\/herault\/beziers\/#breadcrumb\"},\"inLanguage\":\"nl-NL\",\"potentialAction\":[{\"@type\":\"ReadAction\",\"target\":[\"https:\/\/www.champsblancstest.geek-tonic.dev\/fr\/herault\/beziers\/\"]}]},{\"@type\":\"ImageObject\",\"inLanguage\":\"nl-NL\",\"@id\":\"https:\/\/www.champsblancstest.geek-tonic.dev\/fr\/herault\/beziers\/#primaryimage\",\"url\":\"https:\/\/www.champsblancstest.geek-tonic.dev\/wp-content\/uploads\/2023\/09\/camping-pres-de-beziers-scaled-e1695632271571.webp\",\"contentUrl\":\"https:\/\/www.champsblancstest.geek-tonic.dev\/wp-content\/uploads\/2023\/09\/camping-pres-de-beziers-scaled-e1695632271571.webp\",\"width\":2560,\"height\":1439,\"caption\":\"camping dichtbij beziers\"},{\"@type\":\"BreadcrumbList\",\"@id\":\"https:\/\/www.champsblancstest.geek-tonic.dev\/fr\/herault\/beziers\/#breadcrumb\",\"itemListElement\":[{\"@type\":\"ListItem\",\"position\":1,\"name\":\"Camping Cap d\u2019Agde\",\"item\":\"https:\/\/www.champsblancstest.geek-tonic.dev\/fr\/\"},{\"@type\":\"ListItem\",\"position\":2,\"name\":\"Ontdek Herault\",\"item\":\"https:\/\/www.champsblancstest.geek-tonic.dev\/fr\/herault\/\"},{\"@type\":\"ListItem\",\"position\":3,\"name\":\"Bezoek B\u00e9ziers\"}]},{\"@type\":\"WebSite\",\"@id\":\"https:\/\/www.champsblancstest.geek-tonic.dev\/fr\/#website\",\"url\":\"https:\/\/www.champsblancstest.geek-tonic.dev\/fr\/\",\"name\":\"Les Champs Blancs\",\"description\":\"\",\"publisher\":{\"@id\":\"https:\/\/www.champsblancstest.geek-tonic.dev\/fr\/#organization\"},\"potentialAction\":[{\"@type\":\"SearchAction\",\"target\":{\"@type\":\"EntryPoint\",\"urlTemplate\":\"https:\/\/www.champsblancstest.geek-tonic.dev\/fr\/?s={search_term_string}\"},\"query-input\":\"required name=search_term_string\"}],\"inLanguage\":\"nl-NL\"},{\"@type\":\"Organization\",\"@id\":\"https:\/\/www.champsblancstest.geek-tonic.dev\/fr\/#organization\",\"name\":\"Les Champs Blancs\",\"url\":\"https:\/\/www.champsblancstest.geek-tonic.dev\/fr\/\",\"logo\":{\"@type\":\"ImageObject\",\"inLanguage\":\"nl-NL\",\"@id\":\"https:\/\/www.champsblancstest.geek-tonic.dev\/fr\/#\/schema\/logo\/image\/\",\"url\":\"https:\/\/www.champsblancstest.geek-tonic.dev\/wp-content\/uploads\/2023\/07\/logo-blanc-camping-les-champs-blancs.webp\",\"contentUrl\":\"https:\/\/www.champsblancstest.geek-tonic.dev\/wp-content\/uploads\/2023\/07\/logo-blanc-camping-les-champs-blancs.webp\",\"width\":821,\"height\":657,\"caption\":\"Les Champs Blancs\"},\"image\":{\"@id\":\"https:\/\/www.champsblancstest.geek-tonic.dev\/fr\/#\/schema\/logo\/image\/\"}}]}<\/script>\n<!-- \/ Yoast SEO plugin. -->","yoast_head_json":{"title":"B\u00e9ziers Tourisme | Wat te zien en te doen in B\u00e9ziers: must-sees","description":"Wil je bezienswaardigheden bezoeken in B\u00e9ziers? Ontdek de beste bezienswaardigheden en dingen om te doen in B\u00e9ziers!","robots":{"index":"noindex","follow":"follow","max-snippet":"max-snippet:-1","max-image-preview":"max-image-preview:large","max-video-preview":"max-video-preview:-1"},"og_locale":"nl_NL","og_type":"article","og_title":"B\u00e9ziers Tourisme | Wat te zien en te doen in B\u00e9ziers: must-sees","og_description":"Wil je bezienswaardigheden bezoeken in B\u00e9ziers? Ontdek de beste bezienswaardigheden en dingen om te doen in B\u00e9ziers!","og_url":"https:\/\/www.champsblancstest.geek-tonic.dev\/fr\/herault\/beziers\/","og_site_name":"Les Champs Blancs","article_modified_time":"2023-10-30T09:26:38+00:00","og_image":[{"width":2560,"height":1439,"url":"https:\/\/www.champsblancstest.geek-tonic.dev\/wp-content\/uploads\/2023\/09\/camping-pres-de-beziers-scaled-e1695632271571.webp","type":"image\/webp"}],"twitter_card":"summary_large_image","twitter_misc":{"Geschatte leestijd":"3 minuten"},"schema":{"@context":"https:\/\/schema.org","@graph":[{"@type":"WebPage","@id":"https:\/\/www.champsblancstest.geek-tonic.dev\/fr\/herault\/beziers\/","url":"https:\/\/www.champsblancstest.geek-tonic.dev\/fr\/herault\/beziers\/","name":"B\u00e9ziers Tourisme | Wat te zien en te doen in B\u00e9ziers: must-sees","isPartOf":{"@id":"https:\/\/www.champsblancstest.geek-tonic.dev\/fr\/#website"},"primaryImageOfPage":{"@id":"https:\/\/www.champsblancstest.geek-tonic.dev\/fr\/herault\/beziers\/#primaryimage"},"image":{"@id":"https:\/\/www.champsblancstest.geek-tonic.dev\/fr\/herault\/beziers\/#primaryimage"},"thumbnailUrl":"https:\/\/www.champsblancstest.geek-tonic.dev\/wp-content\/uploads\/2023\/09\/camping-pres-de-beziers-scaled-e1695632271571.webp","datePublished":"2023-10-19T10:09:07+00:00","dateModified":"2023-10-30T09:26:38+00:00","description":"Wil je bezienswaardigheden bezoeken in B\u00e9ziers? Ontdek de beste bezienswaardigheden en dingen om te doen in B\u00e9ziers!","breadcrumb":{"@id":"https:\/\/www.champsblancstest.geek-tonic.dev\/fr\/herault\/beziers\/#breadcrumb"},"inLanguage":"nl-NL","potentialAction":[{"@type":"ReadAction","target":["https:\/\/www.champsblancstest.geek-tonic.dev\/fr\/herault\/beziers\/"]}]},{"@type":"ImageObject","inLanguage":"nl-NL","@id":"https:\/\/www.champsblancstest.geek-tonic.dev\/fr\/herault\/beziers\/#primaryimage","url":"https:\/\/www.champsblancstest.geek-tonic.dev\/wp-content\/uploads\/2023\/09\/camping-pres-de-beziers-scaled-e1695632271571.webp","contentUrl":"https:\/\/www.champsblancstest.geek-tonic.dev\/wp-content\/uploads\/2023\/09\/camping-pres-de-beziers-scaled-e1695632271571.webp","width":2560,"height":1439,"caption":"camping dichtbij beziers"},{"@type":"BreadcrumbList","@id":"https:\/\/www.champsblancstest.geek-tonic.dev\/fr\/herault\/beziers\/#breadcrumb","itemListElement":[{"@type":"ListItem","position":1,"name":"Camping Cap d\u2019Agde","item":"https:\/\/www.champsblancstest.geek-tonic.dev\/fr\/"},{"@type":"ListItem","position":2,"name":"Ontdek Herault","item":"https:\/\/www.champsblancstest.geek-tonic.dev\/fr\/herault\/"},{"@type":"ListItem","position":3,"name":"Bezoek B\u00e9ziers"}]},{"@type":"WebSite","@id":"https:\/\/www.champsblancstest.geek-tonic.dev\/fr\/#website","url":"https:\/\/www.champsblancstest.geek-tonic.dev\/fr\/","name":"Les Champs Blancs","description":"","publisher":{"@id":"https:\/\/www.champsblancstest.geek-tonic.dev\/fr\/#organization"},"potentialAction":[{"@type":"SearchAction","target":{"@type":"EntryPoint","urlTemplate":"https:\/\/www.champsblancstest.geek-tonic.dev\/fr\/?s={search_term_string}"},"query-input":"required name=search_term_string"}],"inLanguage":"nl-NL"},{"@type":"Organization","@id":"https:\/\/www.champsblancstest.geek-tonic.dev\/fr\/#organization","name":"Les Champs Blancs","url":"https:\/\/www.champsblancstest.geek-tonic.dev\/fr\/","logo":{"@type":"ImageObject","inLanguage":"nl-NL","@id":"https:\/\/www.champsblancstest.geek-tonic.dev\/fr\/#\/schema\/logo\/image\/","url":"https:\/\/www.champsblancstest.geek-tonic.dev\/wp-content\/uploads\/2023\/07\/logo-blanc-camping-les-champs-blancs.webp","contentUrl":"https:\/\/www.champsblancstest.geek-tonic.dev\/wp-content\/uploads\/2023\/07\/logo-blanc-camping-les-champs-blancs.webp","width":821,"height":657,"caption":"Les Champs Blancs"},"image":{"@id":"https:\/\/www.champsblancstest.geek-tonic.dev\/fr\/#\/schema\/logo\/image\/"}}]}},"_links":{"self":[{"href":"https:\/\/www.champsblancstest.geek-tonic.dev\/nl\/wp-json\/wp\/v2\/pages\/10667","targetHints":{"allow":["GET"]}}],"collection":[{"href":"https:\/\/www.champsblancstest.geek-tonic.dev\/nl\/wp-json\/wp\/v2\/pages"}],"about":[{"href":"https:\/\/www.champsblancstest.geek-tonic.dev\/nl\/wp-json\/wp\/v2\/types\/page"}],"author":[{"embeddable":true,"href":"https:\/\/www.champsblancstest.geek-tonic.dev\/nl\/wp-json\/wp\/v2\/users\/1"}],"replies":[{"embeddable":true,"href":"https:\/\/www.champsblancstest.geek-tonic.dev\/nl\/wp-json\/wp\/v2\/comments?post=10667"}],"version-history":[{"count":2,"href":"https:\/\/www.champsblancstest.geek-tonic.dev\/nl\/wp-json\/wp\/v2\/pages\/10667\/revisions"}],"predecessor-version":[{"id":15255,"href":"https:\/\/www.champsblancstest.geek-tonic.dev\/nl\/wp-json\/wp\/v2\/pages\/10667\/revisions\/15255"}],"up":[{"embeddable":true,"href":"https:\/\/www.champsblancstest.geek-tonic.dev\/nl\/wp-json\/wp\/v2\/pages\/10674"}],"wp:featuredmedia":[{"embeddable":true,"href":"https:\/\/www.champsblancstest.geek-tonic.dev\/nl\/wp-json\/wp\/v2\/media\/8819"}],"wp:attachment":[{"href":"https:\/\/www.champsblancstest.geek-tonic.dev\/nl\/wp-json\/wp\/v2\/media?parent=10667"}],"wp:term":[{"taxonomy":"sujet","embeddable":true,"href":"https:\/\/www.champsblancstest.geek-tonic.dev\/nl\/wp-json\/wp\/v2\/sujet?post=10667"}],"curies":[{"name":"wp","href":"https:\/\/api.w.org\/{rel}","templated":true}]}}